{"id":6238,"date":"2023-09-14T07:58:33","date_gmt":"2023-09-14T07:58:33","guid":{"rendered":"https:\/\/longchangchemical.com\/?post_type=product&#038;p=6238"},"modified":"2025-04-01T07:07:27","modified_gmt":"2025-04-01T07:07:27","slug":"agesin-dp-d264r-2","status":"publish","type":"product","link":"https:\/\/longchangchemical.com\/de\/product\/agesin-dp-d264r-2\/","title":{"rendered":"CHLUMICRYL\u00ae DP-D264R \/ Hochmolekulare Blockcopolymerl\u00f6sung mit pigmentaffinen Gruppen"},"content":{"rendered":"<p><strong>Produktnummer<\/strong>: DP-D264R<\/p>\n<p><strong>Gleichwertige Alternativen-<\/strong>\u00a0Elementis Disponer 983<\/p>\n<p><strong>Spezifikation<\/strong><\/p>\n<table width=\"100%\" cellspacing=\"0\" cellpadding=\"0\">\n<tbody>\n<tr>\n<td>Zusammensetzung<\/td>\n<td>Block-Copolymer-L\u00f6sung mit hohem M.W. und pigmentaffinen Gruppen<\/td>\n<\/tr>\n<tr>\n<td>Erscheinungsbild<\/td>\n<td>Transparente bis leicht gelblich klare Fl\u00fcssigkeit<\/td>\n<\/tr>\n<tr>\n<td>L\u00f6sungsmittel<\/td>\n<td>Dibasischer Ester<\/td>\n<\/tr>\n<tr>\n<td>Wirkstoff<\/td>\n<td>63%<\/td>\n<\/tr>\n<tr>\n<td>Dichte<\/td>\n<td>1,10-1,14g\/ml(25\u00b11)\u2103<\/td>\n<\/tr>\n<tr>\n<td>Viskosit\u00e4t<\/td>\n<td>\u2265Q(Blasenviskosimeter)(25\u00b10,2)\u2103<\/td>\n<\/tr>\n<tr>\n<td>Flammpunkt<\/td>\n<td>\uff1e100\u2103<\/td>\n<\/tr>\n<\/tbody>\n<\/table>\n<p>Hinweis: Dieses Datenblatt enth\u00e4lt typische Ergebnisse, keine Standardwerte, vorbehaltlich COA.<\/p>\n<p><strong>Anwendungssystem<\/strong><\/p>\n<p>L\u00f6semittelbasiert<\/p>\n<p><strong>Eigenschaften<\/strong><\/p>\n<p>Das Dispergiermittel mit hohem Molekulargewicht wirkt durch die Wechselwirkung zwischen der Pigment-Affinit\u00e4tsgruppe und der Pigmentoberfl\u00e4che sowie den Medien des Polymers mit niedrigem Molekulargewicht.<br \/>\n\u25cf Der Barrierefilm, der durch das niedrige M.W. verursacht wird, reduziert die Anziehungskraft zwischen den Pigmentteilchen, so dass eine bessere Stabilit\u00e4t f\u00fcr die Dispergierung erreicht wird.<\/p>\n<p>\u25cf Hervorragendes Farbwiedergabeverm\u00f6gen und Glanz f\u00fcr Carbon Black.<\/p>\n<p>\u25cf Geeignet f\u00fcr 2-Pack- und Duroplastsysteme, ausgenommen thermoplastische Acryllacke<\/p>\n<p><strong>Eingliederung<\/strong><\/p>\n<p>Sollte vor der Zugabe von Pigmenten in die M\u00fchlenbasis eingearbeitet werden.<\/p>\n<p><strong>Zusatz vorschlagen<\/strong><\/p>\n<p>Anorganisches Pigment 1-10%<br \/>\nOrganisches Pigment 15-35%<br \/>\nRu\u00df 25-100%<\/p>\n<p><strong>Paket<\/strong><\/p>\n<p>25KG \/ 180KG<\/p>\n<p><strong><b>Lagerung:<\/b><\/strong><\/p>\n<div>\n<p>Sie werden in einem trockenen, sauberen Lager mit guter Bel\u00fcftung aufbewahrt.<\/p>\n<p>Vermeiden Sie Licht- und Hitzeeinwirkung.<\/p>\n<p>Schutz des Produkts vor Auslaufen, Regen und Sonneneinstrahlung w\u00e4hrend des Transports.<\/p>\n<\/div>","protected":false},"excerpt":{"rendered":"<p>Beschreibung des Produkts: Block-Copolymer-L\u00f6sung mit hohem M.W. und pigmentaffinen Gruppen<\/p>\n<p>\u00c4quivalente Alternativen: Elementis Disponer 983<\/p>\n<p>Anwendungssystem: L\u00f6semittelbasis<\/p>\n<p>Viskosit\u00e4t: \u2265Q(Blasenviskosimeter)(25\u00b10,2)\u2103<\/p>\n<p>Verpackung: 25KG oder 180KG\/Trommel<\/p>","protected":false},"featured_media":0,"comment_status":"closed","ping_status":"closed","template":"","meta":[],"product_brand":[],"product_cat":[138,150],"product_tag":[],"class_list":{"0":"post-6238","1":"product","2":"type-product","3":"status-publish","5":"product_cat-coating-and-ink-additives","6":"product_cat-dispersant","8":"first","9":"instock","10":"shipping-taxable","11":"product-type-simple"},"yoast_head":"<!-- This site is optimized with the Yoast SEO plugin v25.3.1 - https:\/\/yoast.com\/wordpress\/plugins\/seo\/ -->\n<title>China CHLUMICRYL\u00ae DP-D264R \/ High M.W. block style copolymer solution with pigment affinity groups Manufacturer - Longchang Chemical<\/title>\n<meta name=\"description\" content=\"CHLUMICRYL\u00ae DP-D264R \/ High M.W. block style copolymer solution with pigment affinity groups is a key product of Longchang Chemical. We provide the best price. We are the leading manufacturer in China with the best quality and competitive price.\" \/>\n<meta name=\"robots\" content=\"index, follow, max-snippet:-1, max-image-preview:large, max-video-preview:-1\" \/>\n<link rel=\"canonical\" href=\"https:\/\/longchangchemical.com\/de\/product\/agesin-dp-d264r-2\/\" \/>\n<meta property=\"og:locale\" content=\"de_DE\" \/>\n<meta property=\"og:type\" content=\"article\" \/>\n<meta property=\"og:title\" content=\"China CHLUMICRYL\u00ae DP-D264R \/ High M.W. block style copolymer solution with pigment affinity groups Manufacturer - Longchang Chemical\" \/>\n<meta property=\"og:description\" content=\"CHLUMICRYL\u00ae DP-D264R \/ High M.W. block style copolymer solution with pigment affinity groups is a key product of Longchang Chemical. We provide the best price. We are the leading manufacturer in China with the best quality and competitive price.\" \/>\n<meta property=\"og:url\" content=\"https:\/\/longchangchemical.com\/de\/product\/agesin-dp-d264r-2\/\" \/>\n<meta property=\"og:site_name\" content=\"Longchang Chemical\" \/>\n<meta property=\"article:modified_time\" content=\"2025-04-01T07:07:27+00:00\" \/>\n<meta property=\"og:image\" content=\"https:\/\/longchangchemical.com\/wp-content\/uploads\/2024\/02\/logo-jpeg.jpg\" \/>\n\t<meta property=\"og:image:width\" content=\"1000\" \/>\n\t<meta property=\"og:image:height\" content=\"1000\" \/>\n\t<meta property=\"og:image:type\" content=\"image\/jpeg\" \/>\n<meta name=\"twitter:card\" content=\"summary_large_image\" \/>\n<script type=\"application\/ld+json\" class=\"yoast-schema-graph\">{\"@context\":\"https:\/\/schema.org\",\"@graph\":[{\"@type\":\"WebPage\",\"@id\":\"https:\/\/longchangchemical.com\/product\/agesin-dp-d264r-2\/\",\"url\":\"https:\/\/longchangchemical.com\/product\/agesin-dp-d264r-2\/\",\"name\":\"China CHLUMICRYL\u00ae DP-D264R \/ High M.W. block style copolymer solution with pigment affinity groups Manufacturer - Longchang Chemical\",\"isPartOf\":{\"@id\":\"https:\/\/longchangchemical.com\/#website\"},\"datePublished\":\"2023-09-14T07:58:33+00:00\",\"dateModified\":\"2025-04-01T07:07:27+00:00\",\"description\":\"CHLUMICRYL\u00ae DP-D264R \/ High M.W. block style copolymer solution with pigment affinity groups is a key product of Longchang Chemical. We provide the best price. We are the leading manufacturer in China with the best quality and competitive price.\",\"breadcrumb\":{\"@id\":\"https:\/\/longchangchemical.com\/product\/agesin-dp-d264r-2\/#breadcrumb\"},\"inLanguage\":\"de\",\"potentialAction\":[{\"@type\":\"ReadAction\",\"target\":[\"https:\/\/longchangchemical.com\/product\/agesin-dp-d264r-2\/\"]}]},{\"@type\":\"BreadcrumbList\",\"@id\":\"https:\/\/longchangchemical.com\/product\/agesin-dp-d264r-2\/#breadcrumb\",\"itemListElement\":[{\"@type\":\"ListItem\",\"position\":1,\"name\":\"Home\",\"item\":\"https:\/\/longchangchemical.com\/\"},{\"@type\":\"ListItem\",\"position\":2,\"name\":\"Products Longchang\",\"item\":\"https:\/\/longchangchemical.com\/product\/\"},{\"@type\":\"ListItem\",\"position\":3,\"name\":\"CHLUMICRYL\u00ae DP-D264R \/ High M.W. block style copolymer solution with pigment affinity groups\"}]},{\"@type\":\"WebSite\",\"@id\":\"https:\/\/longchangchemical.com\/#website\",\"url\":\"https:\/\/longchangchemical.com\/\",\"name\":\"Longchang Chemical\",\"description\":\"China chemical manufacturer \uff06 supplier\",\"publisher\":{\"@id\":\"https:\/\/longchangchemical.com\/#organization\"},\"potentialAction\":[{\"@type\":\"SearchAction\",\"target\":{\"@type\":\"EntryPoint\",\"urlTemplate\":\"https:\/\/longchangchemical.com\/?s={search_term_string}\"},\"query-input\":{\"@type\":\"PropertyValueSpecification\",\"valueRequired\":true,\"valueName\":\"search_term_string\"}}],\"inLanguage\":\"de\"},{\"@type\":\"Organization\",\"@id\":\"https:\/\/longchangchemical.com\/#organization\",\"name\":\"Longchang Chemical\",\"url\":\"https:\/\/longchangchemical.com\/\",\"logo\":{\"@type\":\"ImageObject\",\"inLanguage\":\"de\",\"@id\":\"https:\/\/longchangchemical.com\/#\/schema\/logo\/image\/\",\"url\":\"https:\/\/longchangchemical.com\/wp-content\/uploads\/2020\/08\/cropped-longchang-logo.png\",\"contentUrl\":\"https:\/\/longchangchemical.com\/wp-content\/uploads\/2020\/08\/cropped-longchang-logo.png\",\"width\":512,\"height\":512,\"caption\":\"Longchang Chemical\"},\"image\":{\"@id\":\"https:\/\/longchangchemical.com\/#\/schema\/logo\/image\/\"}}]}<\/script>\n<!-- \/ Yoast SEO plugin. -->","yoast_head_json":{"title":"China CHLUMICRYL\u00ae DP-D264R \/ High M.W. block style copolymer solution with pigment affinity groups Hersteller - Longchang Chemical","description":"CHLUMICRYL\u00ae DP-D264R \/ High M.W. block style copolymer solution with pigment affinity groups ist ein Schl\u00fcsselprodukt von Longchang Chemical. Wir bieten den besten Preis. Wir sind der f\u00fchrende Hersteller in China mit der besten Qualit\u00e4t und konkurrenzf\u00e4higem Preis.","robots":{"index":"index","follow":"follow","max-snippet":"max-snippet:-1","max-image-preview":"max-image-preview:large","max-video-preview":"max-video-preview:-1"},"canonical":"https:\/\/longchangchemical.com\/de\/product\/agesin-dp-d264r-2\/","og_locale":"de_DE","og_type":"article","og_title":"China CHLUMICRYL\u00ae DP-D264R \/ High M.W. block style copolymer solution with pigment affinity groups Manufacturer - Longchang Chemical","og_description":"CHLUMICRYL\u00ae DP-D264R \/ High M.W. block style copolymer solution with pigment affinity groups is a key product of Longchang Chemical. We provide the best price. We are the leading manufacturer in China with the best quality and competitive price.","og_url":"https:\/\/longchangchemical.com\/de\/product\/agesin-dp-d264r-2\/","og_site_name":"Longchang Chemical","article_modified_time":"2025-04-01T07:07:27+00:00","og_image":[{"width":1000,"height":1000,"url":"https:\/\/longchangchemical.com\/wp-content\/uploads\/2024\/02\/logo-jpeg.jpg","type":"image\/jpeg"}],"twitter_card":"summary_large_image","schema":{"@context":"https:\/\/schema.org","@graph":[{"@type":"WebPage","@id":"https:\/\/longchangchemical.com\/product\/agesin-dp-d264r-2\/","url":"https:\/\/longchangchemical.com\/product\/agesin-dp-d264r-2\/","name":"China CHLUMICRYL\u00ae DP-D264R \/ High M.W. block style copolymer solution with pigment affinity groups Hersteller - Longchang Chemical","isPartOf":{"@id":"https:\/\/longchangchemical.com\/#website"},"datePublished":"2023-09-14T07:58:33+00:00","dateModified":"2025-04-01T07:07:27+00:00","description":"CHLUMICRYL\u00ae DP-D264R \/ High M.W. block style copolymer solution with pigment affinity groups ist ein Schl\u00fcsselprodukt von Longchang Chemical. Wir bieten den besten Preis. Wir sind der f\u00fchrende Hersteller in China mit der besten Qualit\u00e4t und konkurrenzf\u00e4higem Preis.","breadcrumb":{"@id":"https:\/\/longchangchemical.com\/product\/agesin-dp-d264r-2\/#breadcrumb"},"inLanguage":"de","potentialAction":[{"@type":"ReadAction","target":["https:\/\/longchangchemical.com\/product\/agesin-dp-d264r-2\/"]}]},{"@type":"BreadcrumbList","@id":"https:\/\/longchangchemical.com\/product\/agesin-dp-d264r-2\/#breadcrumb","itemListElement":[{"@type":"ListItem","position":1,"name":"Home","item":"https:\/\/longchangchemical.com\/"},{"@type":"ListItem","position":2,"name":"Products Longchang","item":"https:\/\/longchangchemical.com\/product\/"},{"@type":"ListItem","position":3,"name":"CHLUMICRYL\u00ae DP-D264R \/ High M.W. block style copolymer solution with pigment affinity groups"}]},{"@type":"WebSite","@id":"https:\/\/longchangchemical.com\/#website","url":"https:\/\/longchangchemical.com\/","name":"Longchang Chemical","description":"China Hersteller von Chemikalien \uff06 Lieferant","publisher":{"@id":"https:\/\/longchangchemical.com\/#organization"},"potentialAction":[{"@type":"SearchAction","target":{"@type":"EntryPoint","urlTemplate":"https:\/\/longchangchemical.com\/?s={search_term_string}"},"query-input":{"@type":"PropertyValueSpecification","valueRequired":true,"valueName":"search_term_string"}}],"inLanguage":"de"},{"@type":"Organization","@id":"https:\/\/longchangchemical.com\/#organization","name":"Longchang Chemical","url":"https:\/\/longchangchemical.com\/","logo":{"@type":"ImageObject","inLanguage":"de","@id":"https:\/\/longchangchemical.com\/#\/schema\/logo\/image\/","url":"https:\/\/longchangchemical.com\/wp-content\/uploads\/2020\/08\/cropped-longchang-logo.png","contentUrl":"https:\/\/longchangchemical.com\/wp-content\/uploads\/2020\/08\/cropped-longchang-logo.png","width":512,"height":512,"caption":"Longchang Chemical"},"image":{"@id":"https:\/\/longchangchemical.com\/#\/schema\/logo\/image\/"}}]}},"_links":{"self":[{"href":"https:\/\/longchangchemical.com\/de\/wp-json\/wp\/v2\/product\/6238","targetHints":{"allow":["GET"]}}],"collection":[{"href":"https:\/\/longchangchemical.com\/de\/wp-json\/wp\/v2\/product"}],"about":[{"href":"https:\/\/longchangchemical.com\/de\/wp-json\/wp\/v2\/types\/product"}],"replies":[{"embeddable":true,"href":"https:\/\/longchangchemical.com\/de\/wp-json\/wp\/v2\/comments?post=6238"}],"wp:attachment":[{"href":"https:\/\/longchangchemical.com\/de\/wp-json\/wp\/v2\/media?parent=6238"}],"wp:term":[{"taxonomy":"product_brand","embeddable":true,"href":"https:\/\/longchangchemical.com\/de\/wp-json\/wp\/v2\/product_brand?post=6238"},{"taxonomy":"product_cat","embeddable":true,"href":"https:\/\/longchangchemical.com\/de\/wp-json\/wp\/v2\/product_cat?post=6238"},{"taxonomy":"product_tag","embeddable":true,"href":"https:\/\/longchangchemical.com\/de\/wp-json\/wp\/v2\/product_tag?post=6238"}],"curies":[{"name":"wp","href":"https:\/\/api.w.org\/{rel}","templated":true}]}}