{"id":6236,"date":"2023-09-13T08:13:36","date_gmt":"2023-09-13T08:13:36","guid":{"rendered":"https:\/\/longchangchemical.com\/?post_type=product&#038;p=6236"},"modified":"2026-05-08T08:26:25","modified_gmt":"2026-05-08T08:26:25","slug":"agesinag-d9001b-polydimethylsiloxane-with-hydroxy-group","status":"publish","type":"product","link":"https:\/\/longchangchemical.com\/de\/product\/agesinag-d9001b-polydimethylsiloxane-with-hydroxy-group\/","title":{"rendered":"CHLUMICRYL\u00ae AG-D9001B \/ Polydimethylsiloxan mit Hydroxygruppe"},"content":{"rendered":"<h2>Anti-Graffiti-Additiv<br \/>\nPolydimethylsiloxan mit Hydroxygruppe<\/h2>\n<p><strong>Produktnummer<\/strong>: AG-D9001B<\/p>\n<p><strong>\u00c4quivalente Alternativen<\/strong>:BYK 370<\/p>\n<p><strong>Spezifikation<\/strong><\/p>\n<table width=\"100%\" cellspacing=\"0\" cellpadding=\"0\">\n<tbody>\n<tr>\n<td>Zusammensetzung<\/td>\n<td>Polydimethylsiloxan mit Hydroxygruppe<\/td>\n<\/tr>\n<tr>\n<td>Erscheinungsbild<\/td>\n<td>leicht gelbliche klare Fl\u00fcssigkeit<\/td>\n<\/tr>\n<tr>\n<td>L\u00f6sungsmittel<\/td>\n<td>Xylol<\/td>\n<\/tr>\n<tr>\n<td>Inhalt<\/td>\n<td>25\u00b13%(105\u2103 3h)<\/td>\n<\/tr>\n<tr>\n<td>Dichte<\/td>\n<td>0,89-0,93g\/ml(25\u00b11)\u2103<\/td>\n<\/tr>\n<tr>\n<td>Viskosit\u00e4t<\/td>\n<td>6-30s(Tu-4 viscometer)(25\u00b10.2)\u2103<\/td>\n<\/tr>\n<tr>\n<td>Hydroxylwert<\/td>\n<td>10-30 mg KOH\/g<\/td>\n<\/tr>\n<tr>\n<td>S\u00e4urewert<\/td>\n<td>\u22640,5 mg KOH\/g<\/td>\n<\/tr>\n<tr>\n<td>Flammpunkt<\/td>\n<td>\uff1e100\u2103<\/td>\n<\/tr>\n<\/tbody>\n<\/table>\n<p>Hinweis: Dieses Datenblatt enth\u00e4lt typische Ergebnisse, keine Standardwerte, vorbehaltlich COA.<\/p>\n<p><strong>Anwendungssystem<\/strong><\/p>\n<p>L\u00f6semittelbasiert<\/p>\n<p><strong>Eigenschaften<\/strong><\/p>\n<p>\u25cf Verbesserung der Graffiti-Best\u00e4ndigkeit und Reinigungsf\u00e4higkeit der Oberfl\u00e4che.<br \/>\n\u25cf Hervorragende Blockfestigkeit, Wischfestigkeit von Markerstiften, Hydrophobie und Oleophobie.<br \/>\nBei Verwendung im Zweikomponentensystem (Einbrennen bei niedriger Temperatur) empfehlen wir die Verwendung von Acrylharz mit hohem Hydroxylwert und eine l\u00e4ngere Einbrennzeit, um die Anti-Graffiti-Eigenschaften zu verbessern. Pr\u00fcfen Sie die Kompatibilit\u00e4t zuerst, bevor Sie es f\u00fcr Lacke verwenden.<br \/>\n\u25cf Mit Xylol auf 10-20% verd\u00fcnnt und dann in das System gegeben. Gleichm\u00e4\u00dfig umr\u00fchren.<\/p>\n<p><strong>Eingliederung<\/strong><\/p>\n<p>Einfache Zugabe mit vorverd\u00fcnntem L\u00f6sungsmittel, das dem des Beschichtungssystems entspricht. Kann nach der Zugabe.<\/p>\n<p><strong>Zusatz vorschlagen<\/strong><\/p>\n<p>Zusatz zur Gesamtformulierung 1-5%<\/p>\n<p><strong>Paket<\/strong><\/p>\n<p>25KG \/ 180KG<\/p>\n<p><strong><b>Lagerung:<\/b><\/strong><\/p>\n<div>\n<p>Sie werden in einem trockenen, sauberen Lager mit guter Bel\u00fcftung aufbewahrt.<\/p>\n<p>Vermeiden Sie Licht- und Hitzeeinwirkung.<\/p>\n<p>Schutz des Produkts vor Auslaufen, Regen und Sonneneinstrahlung w\u00e4hrend des Transports.<\/p>\n<p>&nbsp;<\/p>\n<\/div>","protected":false},"excerpt":{"rendered":"<p>AG-D9001B Polydimethylsiloxane with hydroxy group is used in industrial processing and formulation applications.<\/p>","protected":false},"featured_media":0,"comment_status":"closed","ping_status":"closed","template":"","meta":[],"product_brand":[],"product_cat":[149],"product_tag":[],"class_list":{"0":"post-6236","1":"product","2":"type-product","3":"status-publish","5":"product_cat-anti-graffiti-additive","7":"first","8":"instock","9":"shipping-taxable","10":"product-type-simple"},"yoast_head":"<!-- This site is optimized with the Yoast SEO plugin v25.3.1 - https:\/\/yoast.com\/wordpress\/plugins\/seo\/ -->\n<title>AG-D9001B Polydimethylsiloxane with hydroxy group | Longchang Chemical<\/title>\n<meta name=\"description\" content=\"AG-D9001B Polydimethylsiloxane with hydroxy group is used in industrial processing and formulation applications.\" \/>\n<meta name=\"robots\" content=\"index, follow, max-snippet:-1, max-image-preview:large, max-video-preview:-1\" \/>\n<link rel=\"canonical\" href=\"https:\/\/longchangchemical.com\/de\/product\/agesinag-d9001b-polydimethylsiloxane-with-hydroxy-group\/\" \/>\n<meta property=\"og:locale\" content=\"de_DE\" \/>\n<meta property=\"og:type\" content=\"article\" \/>\n<meta property=\"og:title\" content=\"AG-D9001B Polydimethylsiloxane with hydroxy group | Longchang Chemical\" \/>\n<meta property=\"og:description\" content=\"AG-D9001B Polydimethylsiloxane with hydroxy group is used in industrial processing and formulation applications.\" \/>\n<meta property=\"og:url\" content=\"https:\/\/longchangchemical.com\/de\/product\/agesinag-d9001b-polydimethylsiloxane-with-hydroxy-group\/\" \/>\n<meta property=\"og:site_name\" content=\"Longchang Chemical\" \/>\n<meta property=\"article:modified_time\" content=\"2026-05-08T08:26:25+00:00\" \/>\n<meta property=\"og:image\" content=\"https:\/\/longchangchemical.com\/wp-content\/uploads\/2024\/02\/logo-jpeg.jpg\" \/>\n\t<meta property=\"og:image:width\" content=\"1000\" \/>\n\t<meta property=\"og:image:height\" content=\"1000\" \/>\n\t<meta property=\"og:image:type\" content=\"image\/jpeg\" \/>\n<meta name=\"twitter:card\" content=\"summary_large_image\" \/>\n<script type=\"application\/ld+json\" class=\"yoast-schema-graph\">{\"@context\":\"https:\/\/schema.org\",\"@graph\":[{\"@type\":\"WebPage\",\"@id\":\"https:\/\/longchangchemical.com\/product\/agesinag-d9001b-polydimethylsiloxane-with-hydroxy-group\/\",\"url\":\"https:\/\/longchangchemical.com\/product\/agesinag-d9001b-polydimethylsiloxane-with-hydroxy-group\/\",\"name\":\"AG-D9001B Polydimethylsiloxane with hydroxy group | Longchang Chemical\",\"isPartOf\":{\"@id\":\"https:\/\/longchangchemical.com\/#website\"},\"datePublished\":\"2023-09-13T08:13:36+00:00\",\"dateModified\":\"2026-05-08T08:26:25+00:00\",\"description\":\"AG-D9001B Polydimethylsiloxane with hydroxy group is used in industrial processing and formulation applications.\",\"breadcrumb\":{\"@id\":\"https:\/\/longchangchemical.com\/product\/agesinag-d9001b-polydimethylsiloxane-with-hydroxy-group\/#breadcrumb\"},\"inLanguage\":\"de\",\"potentialAction\":[{\"@type\":\"ReadAction\",\"target\":[\"https:\/\/longchangchemical.com\/product\/agesinag-d9001b-polydimethylsiloxane-with-hydroxy-group\/\"]}]},{\"@type\":\"BreadcrumbList\",\"@id\":\"https:\/\/longchangchemical.com\/product\/agesinag-d9001b-polydimethylsiloxane-with-hydroxy-group\/#breadcrumb\",\"itemListElement\":[{\"@type\":\"ListItem\",\"position\":1,\"name\":\"Home\",\"item\":\"https:\/\/longchangchemical.com\/\"},{\"@type\":\"ListItem\",\"position\":2,\"name\":\"Products Longchang\",\"item\":\"https:\/\/longchangchemical.com\/product\/\"},{\"@type\":\"ListItem\",\"position\":3,\"name\":\"CHLUMICRYL\u00ae AG-D9001B \/ Polydimethylsiloxane with hydroxy group\"}]},{\"@type\":\"WebSite\",\"@id\":\"https:\/\/longchangchemical.com\/#website\",\"url\":\"https:\/\/longchangchemical.com\/\",\"name\":\"Longchang Chemical\",\"description\":\"China chemical manufacturer \uff06 supplier\",\"publisher\":{\"@id\":\"https:\/\/longchangchemical.com\/#organization\"},\"potentialAction\":[{\"@type\":\"SearchAction\",\"target\":{\"@type\":\"EntryPoint\",\"urlTemplate\":\"https:\/\/longchangchemical.com\/?s={search_term_string}\"},\"query-input\":{\"@type\":\"PropertyValueSpecification\",\"valueRequired\":true,\"valueName\":\"search_term_string\"}}],\"inLanguage\":\"de\"},{\"@type\":\"Organization\",\"@id\":\"https:\/\/longchangchemical.com\/#organization\",\"name\":\"Longchang Chemical\",\"url\":\"https:\/\/longchangchemical.com\/\",\"logo\":{\"@type\":\"ImageObject\",\"inLanguage\":\"de\",\"@id\":\"https:\/\/longchangchemical.com\/#\/schema\/logo\/image\/\",\"url\":\"https:\/\/longchangchemical.com\/wp-content\/uploads\/2020\/08\/cropped-longchang-logo.png\",\"contentUrl\":\"https:\/\/longchangchemical.com\/wp-content\/uploads\/2020\/08\/cropped-longchang-logo.png\",\"width\":512,\"height\":512,\"caption\":\"Longchang Chemical\"},\"image\":{\"@id\":\"https:\/\/longchangchemical.com\/#\/schema\/logo\/image\/\"}}]}<\/script>\n<!-- \/ Yoast SEO plugin. -->","yoast_head_json":{"title":"AG-D9001B Polydimethylsiloxane with hydroxy group | Longchang Chemical","description":"AG-D9001B Polydimethylsiloxane with hydroxy group is used in industrial processing and formulation applications.","robots":{"index":"index","follow":"follow","max-snippet":"max-snippet:-1","max-image-preview":"max-image-preview:large","max-video-preview":"max-video-preview:-1"},"canonical":"https:\/\/longchangchemical.com\/de\/product\/agesinag-d9001b-polydimethylsiloxane-with-hydroxy-group\/","og_locale":"de_DE","og_type":"article","og_title":"AG-D9001B Polydimethylsiloxane with hydroxy group | Longchang Chemical","og_description":"AG-D9001B Polydimethylsiloxane with hydroxy group is used in industrial processing and formulation applications.","og_url":"https:\/\/longchangchemical.com\/de\/product\/agesinag-d9001b-polydimethylsiloxane-with-hydroxy-group\/","og_site_name":"Longchang Chemical","article_modified_time":"2026-05-08T08:26:25+00:00","og_image":[{"width":1000,"height":1000,"url":"https:\/\/longchangchemical.com\/wp-content\/uploads\/2024\/02\/logo-jpeg.jpg","type":"image\/jpeg"}],"twitter_card":"summary_large_image","schema":{"@context":"https:\/\/schema.org","@graph":[{"@type":"WebPage","@id":"https:\/\/longchangchemical.com\/product\/agesinag-d9001b-polydimethylsiloxane-with-hydroxy-group\/","url":"https:\/\/longchangchemical.com\/product\/agesinag-d9001b-polydimethylsiloxane-with-hydroxy-group\/","name":"AG-D9001B Polydimethylsiloxane with hydroxy group | Longchang Chemical","isPartOf":{"@id":"https:\/\/longchangchemical.com\/#website"},"datePublished":"2023-09-13T08:13:36+00:00","dateModified":"2026-05-08T08:26:25+00:00","description":"AG-D9001B Polydimethylsiloxane with hydroxy group is used in industrial processing and formulation applications.","breadcrumb":{"@id":"https:\/\/longchangchemical.com\/product\/agesinag-d9001b-polydimethylsiloxane-with-hydroxy-group\/#breadcrumb"},"inLanguage":"de","potentialAction":[{"@type":"ReadAction","target":["https:\/\/longchangchemical.com\/product\/agesinag-d9001b-polydimethylsiloxane-with-hydroxy-group\/"]}]},{"@type":"BreadcrumbList","@id":"https:\/\/longchangchemical.com\/product\/agesinag-d9001b-polydimethylsiloxane-with-hydroxy-group\/#breadcrumb","itemListElement":[{"@type":"ListItem","position":1,"name":"Home","item":"https:\/\/longchangchemical.com\/"},{"@type":"ListItem","position":2,"name":"Products Longchang","item":"https:\/\/longchangchemical.com\/product\/"},{"@type":"ListItem","position":3,"name":"CHLUMICRYL\u00ae AG-D9001B \/ Polydimethylsiloxane with hydroxy group"}]},{"@type":"WebSite","@id":"https:\/\/longchangchemical.com\/#website","url":"https:\/\/longchangchemical.com\/","name":"Longchang Chemical","description":"China Hersteller von Chemikalien \uff06 Lieferant","publisher":{"@id":"https:\/\/longchangchemical.com\/#organization"},"potentialAction":[{"@type":"SearchAction","target":{"@type":"EntryPoint","urlTemplate":"https:\/\/longchangchemical.com\/?s={search_term_string}"},"query-input":{"@type":"PropertyValueSpecification","valueRequired":true,"valueName":"search_term_string"}}],"inLanguage":"de"},{"@type":"Organization","@id":"https:\/\/longchangchemical.com\/#organization","name":"Longchang Chemical","url":"https:\/\/longchangchemical.com\/","logo":{"@type":"ImageObject","inLanguage":"de","@id":"https:\/\/longchangchemical.com\/#\/schema\/logo\/image\/","url":"https:\/\/longchangchemical.com\/wp-content\/uploads\/2020\/08\/cropped-longchang-logo.png","contentUrl":"https:\/\/longchangchemical.com\/wp-content\/uploads\/2020\/08\/cropped-longchang-logo.png","width":512,"height":512,"caption":"Longchang Chemical"},"image":{"@id":"https:\/\/longchangchemical.com\/#\/schema\/logo\/image\/"}}]}},"_links":{"self":[{"href":"https:\/\/longchangchemical.com\/de\/wp-json\/wp\/v2\/product\/6236","targetHints":{"allow":["GET"]}}],"collection":[{"href":"https:\/\/longchangchemical.com\/de\/wp-json\/wp\/v2\/product"}],"about":[{"href":"https:\/\/longchangchemical.com\/de\/wp-json\/wp\/v2\/types\/product"}],"replies":[{"embeddable":true,"href":"https:\/\/longchangchemical.com\/de\/wp-json\/wp\/v2\/comments?post=6236"}],"wp:attachment":[{"href":"https:\/\/longchangchemical.com\/de\/wp-json\/wp\/v2\/media?parent=6236"}],"wp:term":[{"taxonomy":"product_brand","embeddable":true,"href":"https:\/\/longchangchemical.com\/de\/wp-json\/wp\/v2\/product_brand?post=6236"},{"taxonomy":"product_cat","embeddable":true,"href":"https:\/\/longchangchemical.com\/de\/wp-json\/wp\/v2\/product_cat?post=6236"},{"taxonomy":"product_tag","embeddable":true,"href":"https:\/\/longchangchemical.com\/de\/wp-json\/wp\/v2\/product_tag?post=6236"}],"curies":[{"name":"wp","href":"https:\/\/api.w.org\/{rel}","templated":true}]}}