{"id":6198,"date":"2023-08-07T13:13:26","date_gmt":"2023-08-07T13:13:26","guid":{"rendered":"https:\/\/longchangchemical.com\/?post_type=product&#038;p=6198"},"modified":"2025-04-01T07:07:36","modified_gmt":"2025-04-01T07:07:36","slug":"agesinfs-d9013r","status":"publish","type":"product","link":"https:\/\/longchangchemical.com\/de\/product\/agesinfs-d9013r\/","title":{"rendered":"CHLUMICRYL\u00ae FS-D9013R"},"content":{"rendered":"<h1>Fluorkohlenstoff-Copolymer-L\u00f6sung<\/h1>\n<p><strong>Produktnummer<\/strong>: FS-D9013R<\/p>\n<p><strong>Spezifikation<\/strong><br \/>\nZusammensetzung Fluorkohlenstoff-Copolymer-L\u00f6sung<br \/>\nAussehen Transparente bis leicht gelbliche klare Fl\u00fcssigkeit<br \/>\nL\u00f6sungsmittel Dibasischer Ester<br \/>\nWirkstoff 13%<br \/>\nDichte 1,11-1,15g\/ml(25\u00b11)\u2103<br \/>\nViskosit\u00e4t 6-25s(Tu-4 Viskosimeter)(25\u00b10,2)\u2103<br \/>\nFlammpunkt \uff1e100\u2103<br \/>\nHinweis: Dieses Datenblatt enth\u00e4lt typische Ergebnisse, keine Standardwerte, vorbehaltlich COA.<\/p>\n<p><strong>Anwendungssystem<\/strong><br \/>\nL\u00f6semittelbasierte UV-H\u00e4rtung<\/p>\n<p><strong>Eigenschaften<\/strong><br \/>\nGute langwellige Nivellierung. Verhindert das Ph\u00e4nomen der Orangenhaut.<br \/>\nAusgezeichnete Anti-Krater-Eigenschaften.<br \/>\nSchnelle Leveling-Geschwindigkeit.<br \/>\nHohe Temperaturbest\u00e4ndigkeit. Kann neu beschichtet werden.<br \/>\nIn Systemen, in denen Silikon-Zusatzstoffe nicht verwendet werden k\u00f6nnen, werden sie h\u00e4ufig als Antischrumpf-Zusatzstoffe eingesetzt.<br \/>\nDie ausgezeichnete Anti-Krater-Wirkung in herk\u00f6mmlichen UV-Grundierungen beeintr\u00e4chtigt die Wiederbeschichtung nicht. Es sollte beachtet werden, dass es nicht in UV-Vakuum-Galvanik-Grundierung anwendbar ist, die die Wiederbeschichtung beeinflussen wird.<\/p>\n<p><strong>Eingliederung<\/strong><br \/>\nSollte mit einem geeigneten L\u00f6sungsmittel verd\u00fcnnt werden. Kann in jeder Phase des Produktionsprozesses zugegeben werden, auch nach der Zugabe.<\/p>\n<p><strong>Zusatz vorschlagen<\/strong><br \/>\nZusatz zur Gesamtformulierung 0,1-1,0%<\/p>\n<p><strong>Paket<\/strong><\/p>\n<p>25KG \/ 180KG<\/p>\n<p><strong><b>Lagerung:<\/b><\/strong><\/p>\n<div>\n<p>Sie werden in einem trockenen, sauberen Lager mit guter Bel\u00fcftung aufbewahrt.<\/p>\n<p>Vermeiden Sie Licht- und Hitzeeinwirkung.<\/p>\n<p>Schutz des Produkts vor Auslaufen, Regen und Sonneneinstrahlung w\u00e4hrend des Transports.<\/p>\n<\/div>","protected":false},"excerpt":{"rendered":"<p>Beschreibung des Produkts: Fluorkohlenstoff-Copolymer-L\u00f6sung<\/p>\n<p>\u00c4quivalente Alternativen: n\/a<\/p>\n<p>Anwendungssystem: L\u00f6semittelbasiert\/UV-H\u00e4rtung<\/p>\n<p>L\u00f6sungsmittel: Dibasischer Ester<\/p>\n<p>Viskosit\u00e4t: 6-25s(Tu-4 Viskosimeter)(25\u00b10,2)\u2103<\/p>\n<p>Verpackung: 25KG oder 180KG\/Trommel<\/p>","protected":false},"featured_media":6292,"comment_status":"closed","ping_status":"closed","template":"","meta":[],"product_brand":[],"product_cat":[138,147],"product_tag":[],"class_list":{"0":"post-6198","1":"product","2":"type-product","3":"status-publish","4":"has-post-thumbnail","6":"product_cat-coating-and-ink-additives","7":"product_cat-fluorine-surfactant","9":"first","10":"instock","11":"shipping-taxable","12":"product-type-simple"},"yoast_head":"<!-- This site is optimized with the Yoast SEO plugin v25.3.1 - https:\/\/yoast.com\/wordpress\/plugins\/seo\/ -->\n<title>China CHLUMICRYL\u00ae FS-D9013R Manufacturer - Longchang Chemical<\/title>\n<meta name=\"description\" content=\"CHLUMICRYL\u00ae FS-D9013R is a key product of Longchang Chemical. We provide the best price. We are the leading manufacturer in China with the best quality and competitive price.\" \/>\n<meta name=\"robots\" content=\"index, follow, max-snippet:-1, max-image-preview:large, max-video-preview:-1\" \/>\n<link rel=\"canonical\" href=\"https:\/\/longchangchemical.com\/de\/product\/agesinfs-d9013r\/\" \/>\n<meta property=\"og:locale\" content=\"de_DE\" \/>\n<meta property=\"og:type\" content=\"article\" \/>\n<meta property=\"og:title\" content=\"China CHLUMICRYL\u00ae FS-D9013R Manufacturer - Longchang Chemical\" \/>\n<meta property=\"og:description\" content=\"CHLUMICRYL\u00ae FS-D9013R is a key product of Longchang Chemical. We provide the best price. We are the leading manufacturer in China with the best quality and competitive price.\" \/>\n<meta property=\"og:url\" content=\"https:\/\/longchangchemical.com\/de\/product\/agesinfs-d9013r\/\" \/>\n<meta property=\"og:site_name\" content=\"Longchang Chemical\" \/>\n<meta property=\"article:modified_time\" content=\"2025-04-01T07:07:36+00:00\" \/>\n<meta property=\"og:image\" content=\"https:\/\/longchangchemical.com\/wp-content\/uploads\/2023\/08\/-FS-D9013R.jpg\" \/>\n\t<meta property=\"og:image:width\" content=\"800\" \/>\n\t<meta property=\"og:image:height\" content=\"800\" \/>\n\t<meta property=\"og:image:type\" content=\"image\/jpeg\" \/>\n<meta name=\"twitter:card\" content=\"summary_large_image\" \/>\n<script type=\"application\/ld+json\" class=\"yoast-schema-graph\">{\"@context\":\"https:\/\/schema.org\",\"@graph\":[{\"@type\":\"WebPage\",\"@id\":\"https:\/\/longchangchemical.com\/product\/agesinfs-d9013r\/\",\"url\":\"https:\/\/longchangchemical.com\/product\/agesinfs-d9013r\/\",\"name\":\"China CHLUMICRYL\u00ae FS-D9013R Manufacturer - Longchang Chemical\",\"isPartOf\":{\"@id\":\"https:\/\/longchangchemical.com\/#website\"},\"primaryImageOfPage\":{\"@id\":\"https:\/\/longchangchemical.com\/product\/agesinfs-d9013r\/#primaryimage\"},\"image\":{\"@id\":\"https:\/\/longchangchemical.com\/product\/agesinfs-d9013r\/#primaryimage\"},\"thumbnailUrl\":\"https:\/\/longchangchemical.com\/wp-content\/uploads\/2023\/08\/-FS-D9013R.jpg\",\"datePublished\":\"2023-08-07T13:13:26+00:00\",\"dateModified\":\"2025-04-01T07:07:36+00:00\",\"description\":\"CHLUMICRYL\u00ae FS-D9013R is a key product of Longchang Chemical. We provide the best price. We are the leading manufacturer in China with the best quality and competitive price.\",\"breadcrumb\":{\"@id\":\"https:\/\/longchangchemical.com\/product\/agesinfs-d9013r\/#breadcrumb\"},\"inLanguage\":\"de\",\"potentialAction\":[{\"@type\":\"ReadAction\",\"target\":[\"https:\/\/longchangchemical.com\/product\/agesinfs-d9013r\/\"]}]},{\"@type\":\"ImageObject\",\"inLanguage\":\"de\",\"@id\":\"https:\/\/longchangchemical.com\/product\/agesinfs-d9013r\/#primaryimage\",\"url\":\"https:\/\/longchangchemical.com\/wp-content\/uploads\/2023\/08\/-FS-D9013R.jpg\",\"contentUrl\":\"https:\/\/longchangchemical.com\/wp-content\/uploads\/2023\/08\/-FS-D9013R.jpg\",\"width\":800,\"height\":800,\"caption\":\"FS-D9013R\"},{\"@type\":\"BreadcrumbList\",\"@id\":\"https:\/\/longchangchemical.com\/product\/agesinfs-d9013r\/#breadcrumb\",\"itemListElement\":[{\"@type\":\"ListItem\",\"position\":1,\"name\":\"Home\",\"item\":\"https:\/\/longchangchemical.com\/\"},{\"@type\":\"ListItem\",\"position\":2,\"name\":\"Products Longchang\",\"item\":\"https:\/\/longchangchemical.com\/product\/\"},{\"@type\":\"ListItem\",\"position\":3,\"name\":\"CHLUMICRYL\u00ae FS-D9013R\"}]},{\"@type\":\"WebSite\",\"@id\":\"https:\/\/longchangchemical.com\/#website\",\"url\":\"https:\/\/longchangchemical.com\/\",\"name\":\"Longchang Chemical\",\"description\":\"China chemical manufacturer \uff06 supplier\",\"publisher\":{\"@id\":\"https:\/\/longchangchemical.com\/#organization\"},\"potentialAction\":[{\"@type\":\"SearchAction\",\"target\":{\"@type\":\"EntryPoint\",\"urlTemplate\":\"https:\/\/longchangchemical.com\/?s={search_term_string}\"},\"query-input\":{\"@type\":\"PropertyValueSpecification\",\"valueRequired\":true,\"valueName\":\"search_term_string\"}}],\"inLanguage\":\"de\"},{\"@type\":\"Organization\",\"@id\":\"https:\/\/longchangchemical.com\/#organization\",\"name\":\"Longchang Chemical\",\"url\":\"https:\/\/longchangchemical.com\/\",\"logo\":{\"@type\":\"ImageObject\",\"inLanguage\":\"de\",\"@id\":\"https:\/\/longchangchemical.com\/#\/schema\/logo\/image\/\",\"url\":\"https:\/\/longchangchemical.com\/wp-content\/uploads\/2020\/08\/cropped-longchang-logo.png\",\"contentUrl\":\"https:\/\/longchangchemical.com\/wp-content\/uploads\/2020\/08\/cropped-longchang-logo.png\",\"width\":512,\"height\":512,\"caption\":\"Longchang Chemical\"},\"image\":{\"@id\":\"https:\/\/longchangchemical.com\/#\/schema\/logo\/image\/\"}}]}<\/script>\n<!-- \/ Yoast SEO plugin. -->","yoast_head_json":{"title":"China CHLUMICRYL\u00ae FS-D9013R Hersteller - Longchang Chemical","description":"CHLUMICRYL\u00ae FS-D9013R ist ein Schl\u00fcsselprodukt von Longchang Chemical. Wir bieten den besten Preis. Wir sind der f\u00fchrende Hersteller in China mit der besten Qualit\u00e4t und konkurrenzf\u00e4higem Preis.","robots":{"index":"index","follow":"follow","max-snippet":"max-snippet:-1","max-image-preview":"max-image-preview:large","max-video-preview":"max-video-preview:-1"},"canonical":"https:\/\/longchangchemical.com\/de\/product\/agesinfs-d9013r\/","og_locale":"de_DE","og_type":"article","og_title":"China CHLUMICRYL\u00ae FS-D9013R Manufacturer - Longchang Chemical","og_description":"CHLUMICRYL\u00ae FS-D9013R is a key product of Longchang Chemical. We provide the best price. We are the leading manufacturer in China with the best quality and competitive price.","og_url":"https:\/\/longchangchemical.com\/de\/product\/agesinfs-d9013r\/","og_site_name":"Longchang Chemical","article_modified_time":"2025-04-01T07:07:36+00:00","og_image":[{"width":800,"height":800,"url":"https:\/\/longchangchemical.com\/wp-content\/uploads\/2023\/08\/-FS-D9013R.jpg","type":"image\/jpeg"}],"twitter_card":"summary_large_image","schema":{"@context":"https:\/\/schema.org","@graph":[{"@type":"WebPage","@id":"https:\/\/longchangchemical.com\/product\/agesinfs-d9013r\/","url":"https:\/\/longchangchemical.com\/product\/agesinfs-d9013r\/","name":"China CHLUMICRYL\u00ae FS-D9013R Hersteller - Longchang Chemical","isPartOf":{"@id":"https:\/\/longchangchemical.com\/#website"},"primaryImageOfPage":{"@id":"https:\/\/longchangchemical.com\/product\/agesinfs-d9013r\/#primaryimage"},"image":{"@id":"https:\/\/longchangchemical.com\/product\/agesinfs-d9013r\/#primaryimage"},"thumbnailUrl":"https:\/\/longchangchemical.com\/wp-content\/uploads\/2023\/08\/-FS-D9013R.jpg","datePublished":"2023-08-07T13:13:26+00:00","dateModified":"2025-04-01T07:07:36+00:00","description":"CHLUMICRYL\u00ae FS-D9013R ist ein Schl\u00fcsselprodukt von Longchang Chemical. Wir bieten den besten Preis. Wir sind der f\u00fchrende Hersteller in China mit der besten Qualit\u00e4t und konkurrenzf\u00e4higem Preis.","breadcrumb":{"@id":"https:\/\/longchangchemical.com\/product\/agesinfs-d9013r\/#breadcrumb"},"inLanguage":"de","potentialAction":[{"@type":"ReadAction","target":["https:\/\/longchangchemical.com\/product\/agesinfs-d9013r\/"]}]},{"@type":"ImageObject","inLanguage":"de","@id":"https:\/\/longchangchemical.com\/product\/agesinfs-d9013r\/#primaryimage","url":"https:\/\/longchangchemical.com\/wp-content\/uploads\/2023\/08\/-FS-D9013R.jpg","contentUrl":"https:\/\/longchangchemical.com\/wp-content\/uploads\/2023\/08\/-FS-D9013R.jpg","width":800,"height":800,"caption":"FS-D9013R"},{"@type":"BreadcrumbList","@id":"https:\/\/longchangchemical.com\/product\/agesinfs-d9013r\/#breadcrumb","itemListElement":[{"@type":"ListItem","position":1,"name":"Home","item":"https:\/\/longchangchemical.com\/"},{"@type":"ListItem","position":2,"name":"Products Longchang","item":"https:\/\/longchangchemical.com\/product\/"},{"@type":"ListItem","position":3,"name":"CHLUMICRYL\u00ae FS-D9013R"}]},{"@type":"WebSite","@id":"https:\/\/longchangchemical.com\/#website","url":"https:\/\/longchangchemical.com\/","name":"Longchang Chemical","description":"China Hersteller von Chemikalien \uff06 Lieferant","publisher":{"@id":"https:\/\/longchangchemical.com\/#organization"},"potentialAction":[{"@type":"SearchAction","target":{"@type":"EntryPoint","urlTemplate":"https:\/\/longchangchemical.com\/?s={search_term_string}"},"query-input":{"@type":"PropertyValueSpecification","valueRequired":true,"valueName":"search_term_string"}}],"inLanguage":"de"},{"@type":"Organization","@id":"https:\/\/longchangchemical.com\/#organization","name":"Longchang Chemical","url":"https:\/\/longchangchemical.com\/","logo":{"@type":"ImageObject","inLanguage":"de","@id":"https:\/\/longchangchemical.com\/#\/schema\/logo\/image\/","url":"https:\/\/longchangchemical.com\/wp-content\/uploads\/2020\/08\/cropped-longchang-logo.png","contentUrl":"https:\/\/longchangchemical.com\/wp-content\/uploads\/2020\/08\/cropped-longchang-logo.png","width":512,"height":512,"caption":"Longchang Chemical"},"image":{"@id":"https:\/\/longchangchemical.com\/#\/schema\/logo\/image\/"}}]}},"_links":{"self":[{"href":"https:\/\/longchangchemical.com\/de\/wp-json\/wp\/v2\/product\/6198","targetHints":{"allow":["GET"]}}],"collection":[{"href":"https:\/\/longchangchemical.com\/de\/wp-json\/wp\/v2\/product"}],"about":[{"href":"https:\/\/longchangchemical.com\/de\/wp-json\/wp\/v2\/types\/product"}],"replies":[{"embeddable":true,"href":"https:\/\/longchangchemical.com\/de\/wp-json\/wp\/v2\/comments?post=6198"}],"wp:featuredmedia":[{"embeddable":true,"href":"https:\/\/longchangchemical.com\/de\/wp-json\/wp\/v2\/media\/6292"}],"wp:attachment":[{"href":"https:\/\/longchangchemical.com\/de\/wp-json\/wp\/v2\/media?parent=6198"}],"wp:term":[{"taxonomy":"product_brand","embeddable":true,"href":"https:\/\/longchangchemical.com\/de\/wp-json\/wp\/v2\/product_brand?post=6198"},{"taxonomy":"product_cat","embeddable":true,"href":"https:\/\/longchangchemical.com\/de\/wp-json\/wp\/v2\/product_cat?post=6198"},{"taxonomy":"product_tag","embeddable":true,"href":"https:\/\/longchangchemical.com\/de\/wp-json\/wp\/v2\/product_tag?post=6198"}],"curies":[{"name":"wp","href":"https:\/\/api.w.org\/{rel}","templated":true}]}}