{"id":6195,"date":"2023-07-28T07:17:59","date_gmt":"2023-07-28T07:17:59","guid":{"rendered":"https:\/\/longchangchemical.com\/?post_type=product&#038;p=6195"},"modified":"2025-04-01T07:07:46","modified_gmt":"2025-04-01T07:07:46","slug":"agesinfs-d8950br","status":"publish","type":"product","link":"https:\/\/longchangchemical.com\/de\/product\/agesinfs-d8950br\/","title":{"rendered":"CHLUMICRYL\u00ae FS-D8950BR"},"content":{"rendered":"<h1>Fluorkohlenstoff-Copolymer-L\u00f6sung<\/h1>\n<p><strong>Produktnummer<\/strong>: FS-D8950BR<\/p>\n<p><strong>\u00c4quivalente Alternativen<\/strong>BASF EFKA 3650 ( FS-D8950BR hat ein besseres Schrumpfungsverhalten).<\/p>\n<p><strong>Spezifikation<\/strong><\/p>\n<table border=\"0\" width=\"100%\" cellspacing=\"0\">\n<tbody>\n<tr>\n<td valign=\"top\" width=\"339\">Zusammensetzung<\/td>\n<td colspan=\"2\" valign=\"top\" width=\"339\">Fluorkohlenstoff-Copolymer-L\u00f6sung<\/td>\n<\/tr>\n<tr>\n<td valign=\"top\" width=\"339\">Erscheinungsbild<\/td>\n<td colspan=\"2\" valign=\"top\" width=\"339\">\n<p align=\"justify\">Transparente bis leicht gelblich klare Fl\u00fcssigkeit<\/p>\n<\/td>\n<\/tr>\n<tr>\n<td valign=\"top\" width=\"339\">L\u00f6sungsmittel<\/td>\n<td colspan=\"2\" valign=\"top\" width=\"339\">Dibasischer Ester<\/td>\n<\/tr>\n<tr>\n<td valign=\"top\" width=\"339\">Wirkstoff<\/td>\n<td colspan=\"2\" valign=\"top\" width=\"339\">50%<\/td>\n<\/tr>\n<tr>\n<td valign=\"top\" width=\"339\">Dichte<\/td>\n<td colspan=\"2\" valign=\"top\" width=\"339\">1,14-1,18g\/ml(25\u00b11)\u2103<\/td>\n<\/tr>\n<tr>\n<td valign=\"top\" width=\"339\">Viskosit\u00e4t<\/td>\n<td colspan=\"2\" valign=\"top\" width=\"339\">\n<p align=\"justify\">6-40s(Tu-4 viscometer)(25\u00b10.2)\u2103<\/p>\n<\/td>\n<\/tr>\n<tr>\n<td valign=\"top\" width=\"339\">Flammpunkt<\/td>\n<td colspan=\"2\" valign=\"top\" width=\"339\">\uff1e100\u2103<\/td>\n<\/tr>\n<\/tbody>\n<\/table>\n<p><strong>\u00a0<\/strong>Hinweis: Dieses Datenblatt enth\u00e4lt typische Ergebnisse, keine Standardwerte, vorbehaltlich COA.<\/p>\n<p><strong>Anwendungssystem<\/strong><\/p>\n<p>L\u00f6semittelbasierte UV-H\u00e4rtung<\/p>\n<p><strong>Eigenschaften<\/strong><\/p>\n<p>Gute Vertr\u00e4glichkeit in Lacken.<br \/>\nGute langwellige Nivellierung. Verhindert das Ph\u00e4nomen der Orangenhaut.<br \/>\nAusgezeichnete Anti-Krater-Eigenschaften.<br \/>\nGeeignet f\u00fcr gro\u00dffl\u00e4chiges Spr\u00fchen, keine Schaumhemmung.<br \/>\nNach dem Nassspr\u00fchen und Trocknen von mehreren Farben, wie z. B. Badmintonschl\u00e4gern, kann das Ph\u00e4nomen der Farbkanalbildung zwischen den Farben verhindert und beseitigt werden.\u00a0<strong>\u00a0<\/strong><\/p>\n<p><strong>Eingliederung<\/strong><strong>\u00a0<\/strong><strong>\u00a0<\/strong><\/p>\n<p>Kann in jeder Phase des Produktionsprozesses hinzugef\u00fcgt werden, auch nach dem Hinzuf\u00fcgen.<strong>\u00a0<\/strong><strong>\u00a0<\/strong><\/p>\n<p><strong>Zusatz vorschlagen<\/strong><strong>\u00a0<\/strong><strong>\u00a0<\/strong><\/p>\n<p>Zusatz zur Gesamtformulierung 0,1-1,0%<strong>\u00a0<\/strong><strong>\u00a0<\/strong><\/p>\n<p><strong>Stabilit\u00e4t bei der Lagerung<\/strong><\/p>\n<p>Unversehrt 24 Monate in der Originalverpackung aufbewahren; Produkte, die \u00fcber die Lagerzeit hinausgehen, k\u00f6nnen nach Pr\u00fcfung weiter verwendet werden. Der Beh\u00e4lter muss sofort nach Gebrauch verschlossen werden.<\/p>\n<p><strong>Empfehlung beantragen<\/strong><\/p>\n<table border=\"0\" width=\"100%\" cellspacing=\"0\">\n<tbody>\n<tr>\n<td colspan=\"3\" valign=\"top\" width=\"331\">Transparenz in Lacken<\/td>\n<td valign=\"top\" width=\"331\">4<\/td>\n<\/tr>\n<tr>\n<td colspan=\"3\" valign=\"top\" width=\"331\">Entsch\u00e4umend<\/td>\n<td valign=\"top\" width=\"331\">2<\/td>\n<\/tr>\n<tr>\n<td colspan=\"3\" valign=\"top\" width=\"331\">Dynamische Oberfl\u00e4chenspannung<\/td>\n<td valign=\"top\" width=\"331\">4<\/td>\n<\/tr>\n<tr>\n<td colspan=\"3\" valign=\"top\" width=\"331\">Statische Oberfl\u00e4chenspannung<\/td>\n<td valign=\"top\" width=\"331\">3.5<\/td>\n<\/tr>\n<tr>\n<td colspan=\"3\" valign=\"top\" width=\"331\">Slip<\/td>\n<td valign=\"top\" width=\"331\">5<\/td>\n<\/tr>\n<\/tbody>\n<\/table>\n<p>0=nicht verf\u00fcgbar 5=sehr effektiv<\/p>\n<p><strong>Paket<\/strong><\/p>\n<p>25KG \/ 180KG<\/p>\n<p><strong><b>Lagerung:<\/b><\/strong><\/p>\n<div>\n<p>Sie werden in einem trockenen, sauberen Lager mit guter Bel\u00fcftung aufbewahrt.<\/p>\n<p>Vermeiden Sie Licht- und Hitzeeinwirkung.<\/p>\n<p>Schutz des Produkts vor Auslaufen, Regen und Sonneneinstrahlung w\u00e4hrend des Transports.<\/p>\n<\/div>","protected":false},"excerpt":{"rendered":"<p>Beschreibung des Produkts: Fluorkohlenstoff-Copolymer-L\u00f6sung<\/p>\n<p>\u00c4quivalente Alternativen: BASF EFKA 3650<\/p>\n<p>Anwendungssystem: L\u00f6semittelbasiert\/UV-H\u00e4rtung<\/p>\n<p>L\u00f6sungsmittel: Dibasischer Ester<\/p>\n<p>Viskosit\u00e4t: 6-40s(Tu-4 Viskosimeter)(25\u00b10,2)\u2103<\/p>\n<p>Verpackung: 25KG oder 180KG\/Trommel<\/p>","protected":false},"featured_media":6294,"comment_status":"closed","ping_status":"closed","template":"","meta":[],"product_brand":[],"product_cat":[138,147],"product_tag":[],"class_list":{"0":"post-6195","1":"product","2":"type-product","3":"status-publish","4":"has-post-thumbnail","6":"product_cat-coating-and-ink-additives","7":"product_cat-fluorine-surfactant","9":"first","10":"instock","11":"shipping-taxable","12":"product-type-simple"},"yoast_head":"<!-- This site is optimized with the Yoast SEO plugin v25.3.1 - https:\/\/yoast.com\/wordpress\/plugins\/seo\/ -->\n<title>China CHLUMICRYL\u00ae FS-D8950BR Manufacturer - Longchang Chemical<\/title>\n<meta name=\"description\" content=\"CHLUMICRYL\u00ae FS-D8950BR is a key product of Longchang Chemical. We provide the best price. We are the leading manufacturer in China with the best quality and competitive price.\" \/>\n<meta name=\"robots\" content=\"index, follow, max-snippet:-1, max-image-preview:large, max-video-preview:-1\" \/>\n<link rel=\"canonical\" href=\"https:\/\/longchangchemical.com\/de\/product\/agesinfs-d8950br\/\" \/>\n<meta property=\"og:locale\" content=\"de_DE\" \/>\n<meta property=\"og:type\" content=\"article\" \/>\n<meta property=\"og:title\" content=\"China CHLUMICRYL\u00ae FS-D8950BR Manufacturer - Longchang Chemical\" \/>\n<meta property=\"og:description\" content=\"CHLUMICRYL\u00ae FS-D8950BR is a key product of Longchang Chemical. We provide the best price. We are the leading manufacturer in China with the best quality and competitive price.\" \/>\n<meta property=\"og:url\" content=\"https:\/\/longchangchemical.com\/de\/product\/agesinfs-d8950br\/\" \/>\n<meta property=\"og:site_name\" content=\"Longchang Chemical\" \/>\n<meta property=\"article:modified_time\" content=\"2025-04-01T07:07:46+00:00\" \/>\n<meta property=\"og:image\" content=\"https:\/\/longchangchemical.com\/wp-content\/uploads\/2023\/07\/-FS-D8950BR.jpg\" \/>\n\t<meta property=\"og:image:width\" content=\"800\" \/>\n\t<meta property=\"og:image:height\" content=\"800\" \/>\n\t<meta property=\"og:image:type\" content=\"image\/jpeg\" \/>\n<meta name=\"twitter:card\" content=\"summary_large_image\" \/>\n<script type=\"application\/ld+json\" class=\"yoast-schema-graph\">{\"@context\":\"https:\/\/schema.org\",\"@graph\":[{\"@type\":\"WebPage\",\"@id\":\"https:\/\/longchangchemical.com\/product\/agesinfs-d8950br\/\",\"url\":\"https:\/\/longchangchemical.com\/product\/agesinfs-d8950br\/\",\"name\":\"China CHLUMICRYL\u00ae FS-D8950BR Manufacturer - Longchang Chemical\",\"isPartOf\":{\"@id\":\"https:\/\/longchangchemical.com\/#website\"},\"primaryImageOfPage\":{\"@id\":\"https:\/\/longchangchemical.com\/product\/agesinfs-d8950br\/#primaryimage\"},\"image\":{\"@id\":\"https:\/\/longchangchemical.com\/product\/agesinfs-d8950br\/#primaryimage\"},\"thumbnailUrl\":\"https:\/\/longchangchemical.com\/wp-content\/uploads\/2023\/07\/-FS-D8950BR.jpg\",\"datePublished\":\"2023-07-28T07:17:59+00:00\",\"dateModified\":\"2025-04-01T07:07:46+00:00\",\"description\":\"CHLUMICRYL\u00ae FS-D8950BR is a key product of Longchang Chemical. We provide the best price. We are the leading manufacturer in China with the best quality and competitive price.\",\"breadcrumb\":{\"@id\":\"https:\/\/longchangchemical.com\/product\/agesinfs-d8950br\/#breadcrumb\"},\"inLanguage\":\"de\",\"potentialAction\":[{\"@type\":\"ReadAction\",\"target\":[\"https:\/\/longchangchemical.com\/product\/agesinfs-d8950br\/\"]}]},{\"@type\":\"ImageObject\",\"inLanguage\":\"de\",\"@id\":\"https:\/\/longchangchemical.com\/product\/agesinfs-d8950br\/#primaryimage\",\"url\":\"https:\/\/longchangchemical.com\/wp-content\/uploads\/2023\/07\/-FS-D8950BR.jpg\",\"contentUrl\":\"https:\/\/longchangchemical.com\/wp-content\/uploads\/2023\/07\/-FS-D8950BR.jpg\",\"width\":800,\"height\":800,\"caption\":\"FS-D8950BR\"},{\"@type\":\"BreadcrumbList\",\"@id\":\"https:\/\/longchangchemical.com\/product\/agesinfs-d8950br\/#breadcrumb\",\"itemListElement\":[{\"@type\":\"ListItem\",\"position\":1,\"name\":\"Home\",\"item\":\"https:\/\/longchangchemical.com\/\"},{\"@type\":\"ListItem\",\"position\":2,\"name\":\"Products Longchang\",\"item\":\"https:\/\/longchangchemical.com\/product\/\"},{\"@type\":\"ListItem\",\"position\":3,\"name\":\"CHLUMICRYL\u00ae FS-D8950BR\"}]},{\"@type\":\"WebSite\",\"@id\":\"https:\/\/longchangchemical.com\/#website\",\"url\":\"https:\/\/longchangchemical.com\/\",\"name\":\"Longchang Chemical\",\"description\":\"China chemical manufacturer \uff06 supplier\",\"publisher\":{\"@id\":\"https:\/\/longchangchemical.com\/#organization\"},\"potentialAction\":[{\"@type\":\"SearchAction\",\"target\":{\"@type\":\"EntryPoint\",\"urlTemplate\":\"https:\/\/longchangchemical.com\/?s={search_term_string}\"},\"query-input\":{\"@type\":\"PropertyValueSpecification\",\"valueRequired\":true,\"valueName\":\"search_term_string\"}}],\"inLanguage\":\"de\"},{\"@type\":\"Organization\",\"@id\":\"https:\/\/longchangchemical.com\/#organization\",\"name\":\"Longchang Chemical\",\"url\":\"https:\/\/longchangchemical.com\/\",\"logo\":{\"@type\":\"ImageObject\",\"inLanguage\":\"de\",\"@id\":\"https:\/\/longchangchemical.com\/#\/schema\/logo\/image\/\",\"url\":\"https:\/\/longchangchemical.com\/wp-content\/uploads\/2020\/08\/cropped-longchang-logo.png\",\"contentUrl\":\"https:\/\/longchangchemical.com\/wp-content\/uploads\/2020\/08\/cropped-longchang-logo.png\",\"width\":512,\"height\":512,\"caption\":\"Longchang Chemical\"},\"image\":{\"@id\":\"https:\/\/longchangchemical.com\/#\/schema\/logo\/image\/\"}}]}<\/script>\n<!-- \/ Yoast SEO plugin. -->","yoast_head_json":{"title":"China CHLUMICRYL\u00ae FS-D8950BR Hersteller - Longchang Chemical","description":"CHLUMICRYL\u00ae FS-D8950BR ist ein Schl\u00fcsselprodukt von Longchang Chemical. Wir bieten den besten Preis. Wir sind der f\u00fchrende Hersteller in China mit der besten Qualit\u00e4t und konkurrenzf\u00e4higem Preis.","robots":{"index":"index","follow":"follow","max-snippet":"max-snippet:-1","max-image-preview":"max-image-preview:large","max-video-preview":"max-video-preview:-1"},"canonical":"https:\/\/longchangchemical.com\/de\/product\/agesinfs-d8950br\/","og_locale":"de_DE","og_type":"article","og_title":"China CHLUMICRYL\u00ae FS-D8950BR Manufacturer - Longchang Chemical","og_description":"CHLUMICRYL\u00ae FS-D8950BR is a key product of Longchang Chemical. We provide the best price. We are the leading manufacturer in China with the best quality and competitive price.","og_url":"https:\/\/longchangchemical.com\/de\/product\/agesinfs-d8950br\/","og_site_name":"Longchang Chemical","article_modified_time":"2025-04-01T07:07:46+00:00","og_image":[{"width":800,"height":800,"url":"https:\/\/longchangchemical.com\/wp-content\/uploads\/2023\/07\/-FS-D8950BR.jpg","type":"image\/jpeg"}],"twitter_card":"summary_large_image","schema":{"@context":"https:\/\/schema.org","@graph":[{"@type":"WebPage","@id":"https:\/\/longchangchemical.com\/product\/agesinfs-d8950br\/","url":"https:\/\/longchangchemical.com\/product\/agesinfs-d8950br\/","name":"China CHLUMICRYL\u00ae FS-D8950BR Hersteller - Longchang Chemical","isPartOf":{"@id":"https:\/\/longchangchemical.com\/#website"},"primaryImageOfPage":{"@id":"https:\/\/longchangchemical.com\/product\/agesinfs-d8950br\/#primaryimage"},"image":{"@id":"https:\/\/longchangchemical.com\/product\/agesinfs-d8950br\/#primaryimage"},"thumbnailUrl":"https:\/\/longchangchemical.com\/wp-content\/uploads\/2023\/07\/-FS-D8950BR.jpg","datePublished":"2023-07-28T07:17:59+00:00","dateModified":"2025-04-01T07:07:46+00:00","description":"CHLUMICRYL\u00ae FS-D8950BR ist ein Schl\u00fcsselprodukt von Longchang Chemical. Wir bieten den besten Preis. Wir sind der f\u00fchrende Hersteller in China mit der besten Qualit\u00e4t und konkurrenzf\u00e4higem Preis.","breadcrumb":{"@id":"https:\/\/longchangchemical.com\/product\/agesinfs-d8950br\/#breadcrumb"},"inLanguage":"de","potentialAction":[{"@type":"ReadAction","target":["https:\/\/longchangchemical.com\/product\/agesinfs-d8950br\/"]}]},{"@type":"ImageObject","inLanguage":"de","@id":"https:\/\/longchangchemical.com\/product\/agesinfs-d8950br\/#primaryimage","url":"https:\/\/longchangchemical.com\/wp-content\/uploads\/2023\/07\/-FS-D8950BR.jpg","contentUrl":"https:\/\/longchangchemical.com\/wp-content\/uploads\/2023\/07\/-FS-D8950BR.jpg","width":800,"height":800,"caption":"FS-D8950BR"},{"@type":"BreadcrumbList","@id":"https:\/\/longchangchemical.com\/product\/agesinfs-d8950br\/#breadcrumb","itemListElement":[{"@type":"ListItem","position":1,"name":"Home","item":"https:\/\/longchangchemical.com\/"},{"@type":"ListItem","position":2,"name":"Products Longchang","item":"https:\/\/longchangchemical.com\/product\/"},{"@type":"ListItem","position":3,"name":"CHLUMICRYL\u00ae FS-D8950BR"}]},{"@type":"WebSite","@id":"https:\/\/longchangchemical.com\/#website","url":"https:\/\/longchangchemical.com\/","name":"Longchang Chemical","description":"China Hersteller von Chemikalien \uff06 Lieferant","publisher":{"@id":"https:\/\/longchangchemical.com\/#organization"},"potentialAction":[{"@type":"SearchAction","target":{"@type":"EntryPoint","urlTemplate":"https:\/\/longchangchemical.com\/?s={search_term_string}"},"query-input":{"@type":"PropertyValueSpecification","valueRequired":true,"valueName":"search_term_string"}}],"inLanguage":"de"},{"@type":"Organization","@id":"https:\/\/longchangchemical.com\/#organization","name":"Longchang Chemical","url":"https:\/\/longchangchemical.com\/","logo":{"@type":"ImageObject","inLanguage":"de","@id":"https:\/\/longchangchemical.com\/#\/schema\/logo\/image\/","url":"https:\/\/longchangchemical.com\/wp-content\/uploads\/2020\/08\/cropped-longchang-logo.png","contentUrl":"https:\/\/longchangchemical.com\/wp-content\/uploads\/2020\/08\/cropped-longchang-logo.png","width":512,"height":512,"caption":"Longchang Chemical"},"image":{"@id":"https:\/\/longchangchemical.com\/#\/schema\/logo\/image\/"}}]}},"_links":{"self":[{"href":"https:\/\/longchangchemical.com\/de\/wp-json\/wp\/v2\/product\/6195","targetHints":{"allow":["GET"]}}],"collection":[{"href":"https:\/\/longchangchemical.com\/de\/wp-json\/wp\/v2\/product"}],"about":[{"href":"https:\/\/longchangchemical.com\/de\/wp-json\/wp\/v2\/types\/product"}],"replies":[{"embeddable":true,"href":"https:\/\/longchangchemical.com\/de\/wp-json\/wp\/v2\/comments?post=6195"}],"wp:featuredmedia":[{"embeddable":true,"href":"https:\/\/longchangchemical.com\/de\/wp-json\/wp\/v2\/media\/6294"}],"wp:attachment":[{"href":"https:\/\/longchangchemical.com\/de\/wp-json\/wp\/v2\/media?parent=6195"}],"wp:term":[{"taxonomy":"product_brand","embeddable":true,"href":"https:\/\/longchangchemical.com\/de\/wp-json\/wp\/v2\/product_brand?post=6195"},{"taxonomy":"product_cat","embeddable":true,"href":"https:\/\/longchangchemical.com\/de\/wp-json\/wp\/v2\/product_cat?post=6195"},{"taxonomy":"product_tag","embeddable":true,"href":"https:\/\/longchangchemical.com\/de\/wp-json\/wp\/v2\/product_tag?post=6195"}],"curies":[{"name":"wp","href":"https:\/\/api.w.org\/{rel}","templated":true}]}}