{"id":6192,"date":"2023-07-25T07:37:10","date_gmt":"2023-07-25T07:37:10","guid":{"rendered":"https:\/\/longchangchemical.com\/?post_type=product&#038;p=6192"},"modified":"2026-05-08T02:59:59","modified_gmt":"2026-05-08T02:59:59","slug":"agesin-fs-d8980","status":"publish","type":"product","link":"https:\/\/longchangchemical.com\/de\/product\/agesin-fs-d8980\/","title":{"rendered":"CHLUMICRYL\u00ae FS-D8980"},"content":{"rendered":"<h2>Fluorkohlenstoff-Copolymer-L\u00f6sung<\/h2>\n<p><strong>Produktnummer<\/strong>: FS-D8980<\/p>\n<p><strong>\u00c4quivalente Alternativen<\/strong>:BASF EFKA 3600<\/p>\n<p><strong>Spezifikation<\/strong><\/p>\n<table width=\"100%\" cellspacing=\"0\" cellpadding=\"0\">\n<tbody>\n<tr>\n<td valign=\"top\" width=\"113\">Zusammensetzung<\/td>\n<td valign=\"top\" width=\"226\">Fluorkohlenstoff-Copolymer-L\u00f6sung<\/td>\n<\/tr>\n<tr>\n<td valign=\"top\" width=\"113\">Erscheinungsbild<\/td>\n<td valign=\"top\" width=\"226\">\n<p align=\"justify\">Transparente bis leicht gelblich klare Fl\u00fcssigkeit<\/p>\n<\/td>\n<\/tr>\n<tr>\n<td valign=\"top\" width=\"113\">L\u00f6sungsmittel<\/td>\n<td valign=\"top\" width=\"226\">--<\/td>\n<\/tr>\n<tr>\n<td valign=\"top\" width=\"113\">Wirkstoff<\/td>\n<td valign=\"top\" width=\"226\">\u226595% (140\u2103 2h)<\/td>\n<\/tr>\n<tr>\n<td valign=\"top\" width=\"113\">Dichte<\/td>\n<td valign=\"top\" width=\"226\">1,20-1,24g\/ml(25\u00b11)\u2103<\/td>\n<\/tr>\n<tr>\n<td valign=\"top\" width=\"113\">Viskosit\u00e4t<\/td>\n<td valign=\"top\" width=\"226\">\n<p align=\"justify\">8000-35000<br \/>\n(Rotationsviskosimeter)(25\u00b10,2)\u2103<\/p>\n<\/td>\n<\/tr>\n<tr>\n<td valign=\"top\" width=\"113\">Flammpunkt<\/td>\n<td valign=\"top\" width=\"226\">\uff1e62\u2103<\/td>\n<\/tr>\n<\/tbody>\n<\/table>\n<p>Hinweis: Dieses Datenblatt soll typische Ergebnisse liefern, nicht den Standard, vorbehaltlich des COA.<\/p>\n<p><strong>Anwendungssystem<\/strong><br \/>\nL\u00f6semittelbasierte UV-H\u00e4rtung<br \/>\n<strong>Eigenschaften<\/strong><br \/>\nGute Vertr\u00e4glichkeit in Lacken.<br \/>\nGute langwellige Nivellierung. Verhindert das Ph\u00e4nomen der Orangenhaut.<br \/>\nGeeignet f\u00fcr gro\u00dffl\u00e4chiges Spr\u00fchen, keine Schaumhemmung.<br \/>\nNach dem Nassspr\u00fchen und Trocknen von mehreren Farben, wie z. B. Badmintonschl\u00e4gern, kann das Ph\u00e4nomen der Farbkanalbildung zwischen den Farben verhindert und beseitigt werden.<br \/>\n<strong>Eingliederung<\/strong><br \/>\nKann in jeder Phase des Produktionsprozesses hinzugef\u00fcgt werden, auch nach dem Hinzuf\u00fcgen.<br \/>\n<strong>Zusatz vorschlagen<\/strong><br \/>\nZusatz zur Gesamtformulierung 0,05-0,8%<br \/>\n<strong>Stabilit\u00e4t bei der Lagerung<\/strong><br \/>\nUnversehrt 24 Monate in der Originalverpackung aufbewahren; Produkte, die \u00fcber die Lagerzeit hinausgehen, k\u00f6nnen nach Pr\u00fcfung weiter verwendet werden. Der Beh\u00e4lter muss sofort nach Gebrauch verschlossen werden.<\/p>\n<p><strong>Empfehlung beantragen<\/strong><\/p>\n<table width=\"100%\" cellspacing=\"0\" cellpadding=\"0\">\n<tbody>\n<tr>\n<td valign=\"top\" width=\"198\">Transparenz in Lacken<\/td>\n<td valign=\"top\" width=\"132\">4<\/td>\n<\/tr>\n<tr>\n<td valign=\"top\" width=\"198\">Entsch\u00e4umend<\/td>\n<td valign=\"top\" width=\"132\">2<\/td>\n<\/tr>\n<tr>\n<td valign=\"top\" width=\"198\">Dynamische Oberfl\u00e4chenspannung<\/td>\n<td valign=\"top\" width=\"132\">4<\/td>\n<\/tr>\n<tr>\n<td valign=\"top\" width=\"198\">Statische Oberfl\u00e4chenspannung<\/td>\n<td valign=\"top\" width=\"132\">3.5<\/td>\n<\/tr>\n<tr>\n<td valign=\"top\" width=\"198\">Slip<\/td>\n<td valign=\"top\" width=\"132\">5<\/td>\n<\/tr>\n<\/tbody>\n<\/table>\n<p>0=nicht verf\u00fcgbar 5=sehr effektiv<\/p>\n<p><strong>Paket<\/strong><\/p>\n<p>25KG \/ 180KG<\/p>\n<p><strong><b>Lagerung:<\/b><\/strong><\/p>\n<div>\n<p>Sie werden in einem trockenen, sauberen Lager mit guter Bel\u00fcftung aufbewahrt.<\/p>\n<p>Vermeiden Sie Licht- und Hitzeeinwirkung.<\/p>\n<p>Schutz des Produkts vor Auslaufen, Regen und Sonneneinstrahlung w\u00e4hrend des Transports.<\/p>\n<\/div>","protected":false},"excerpt":{"rendered":"<p>Beschreibung des Produkts: Fluorkohlenstoff-Copolymer-L\u00f6sung<\/p>\n<p>\u00c4quivalente Alternativen: BASF EFKA 3600<\/p>\n<p>Anwendungssystem: L\u00f6semittelbasiert\/UV-H\u00e4rtung<\/p>\n<p>L\u00f6sungsmittel: Dibasischer Ester<\/p>\n<p>Viskosit\u00e4t: 8000-35000(Rotationsviskosimeter)(25\u00b10,2)\u2103<\/p>\n<p>Verpackung: 25KG oder 180KG\/Trommel<\/p>","protected":false},"featured_media":0,"comment_status":"closed","ping_status":"closed","template":"","meta":[],"product_brand":[],"product_cat":[138,147],"product_tag":[],"class_list":{"0":"post-6192","1":"product","2":"type-product","3":"status-publish","5":"product_cat-coating-and-ink-additives","6":"product_cat-fluorine-surfactant","8":"first","9":"instock","10":"shipping-taxable","11":"product-type-simple"},"yoast_head":"<!-- This site is optimized with the Yoast SEO plugin v25.3.1 - https:\/\/yoast.com\/wordpress\/plugins\/seo\/ -->\n<title>FS-D8980 Coating Additive | Longchang Chemical<\/title>\n<meta name=\"description\" content=\"FS-D8980 Coating Additive is a coating additive for coatings, inks and specialty surface modification.\" \/>\n<meta name=\"robots\" content=\"index, follow, max-snippet:-1, max-image-preview:large, max-video-preview:-1\" \/>\n<link rel=\"canonical\" href=\"https:\/\/longchangchemical.com\/de\/product\/agesin-fs-d8980\/\" \/>\n<meta property=\"og:locale\" content=\"de_DE\" \/>\n<meta property=\"og:type\" content=\"article\" \/>\n<meta property=\"og:title\" content=\"FS-D8980 Coating Additive | Longchang Chemical\" \/>\n<meta property=\"og:description\" content=\"FS-D8980 Coating Additive is a coating additive for coatings, inks and specialty surface modification.\" \/>\n<meta property=\"og:url\" content=\"https:\/\/longchangchemical.com\/de\/product\/agesin-fs-d8980\/\" \/>\n<meta property=\"og:site_name\" content=\"Longchang Chemical\" \/>\n<meta property=\"article:modified_time\" content=\"2026-05-08T02:59:59+00:00\" \/>\n<meta property=\"og:image\" content=\"https:\/\/longchangchemical.com\/wp-content\/uploads\/2024\/02\/logo-jpeg.jpg\" \/>\n\t<meta property=\"og:image:width\" content=\"1000\" \/>\n\t<meta property=\"og:image:height\" content=\"1000\" \/>\n\t<meta property=\"og:image:type\" content=\"image\/jpeg\" \/>\n<meta name=\"twitter:card\" content=\"summary_large_image\" \/>\n<script type=\"application\/ld+json\" class=\"yoast-schema-graph\">{\"@context\":\"https:\/\/schema.org\",\"@graph\":[{\"@type\":\"WebPage\",\"@id\":\"https:\/\/longchangchemical.com\/product\/agesin-fs-d8980\/\",\"url\":\"https:\/\/longchangchemical.com\/product\/agesin-fs-d8980\/\",\"name\":\"FS-D8980 Coating Additive | Longchang Chemical\",\"isPartOf\":{\"@id\":\"https:\/\/longchangchemical.com\/#website\"},\"datePublished\":\"2023-07-25T07:37:10+00:00\",\"dateModified\":\"2026-05-08T02:59:59+00:00\",\"description\":\"FS-D8980 Coating Additive is a coating additive for coatings, inks and specialty surface modification.\",\"breadcrumb\":{\"@id\":\"https:\/\/longchangchemical.com\/product\/agesin-fs-d8980\/#breadcrumb\"},\"inLanguage\":\"de\",\"potentialAction\":[{\"@type\":\"ReadAction\",\"target\":[\"https:\/\/longchangchemical.com\/product\/agesin-fs-d8980\/\"]}]},{\"@type\":\"BreadcrumbList\",\"@id\":\"https:\/\/longchangchemical.com\/product\/agesin-fs-d8980\/#breadcrumb\",\"itemListElement\":[{\"@type\":\"ListItem\",\"position\":1,\"name\":\"Home\",\"item\":\"https:\/\/longchangchemical.com\/\"},{\"@type\":\"ListItem\",\"position\":2,\"name\":\"Products Longchang\",\"item\":\"https:\/\/longchangchemical.com\/product\/\"},{\"@type\":\"ListItem\",\"position\":3,\"name\":\"CHLUMICRYL\u00ae FS-D8980\"}]},{\"@type\":\"WebSite\",\"@id\":\"https:\/\/longchangchemical.com\/#website\",\"url\":\"https:\/\/longchangchemical.com\/\",\"name\":\"Longchang Chemical\",\"description\":\"China chemical manufacturer \uff06 supplier\",\"publisher\":{\"@id\":\"https:\/\/longchangchemical.com\/#organization\"},\"potentialAction\":[{\"@type\":\"SearchAction\",\"target\":{\"@type\":\"EntryPoint\",\"urlTemplate\":\"https:\/\/longchangchemical.com\/?s={search_term_string}\"},\"query-input\":{\"@type\":\"PropertyValueSpecification\",\"valueRequired\":true,\"valueName\":\"search_term_string\"}}],\"inLanguage\":\"de\"},{\"@type\":\"Organization\",\"@id\":\"https:\/\/longchangchemical.com\/#organization\",\"name\":\"Longchang Chemical\",\"url\":\"https:\/\/longchangchemical.com\/\",\"logo\":{\"@type\":\"ImageObject\",\"inLanguage\":\"de\",\"@id\":\"https:\/\/longchangchemical.com\/#\/schema\/logo\/image\/\",\"url\":\"https:\/\/longchangchemical.com\/wp-content\/uploads\/2020\/08\/cropped-longchang-logo.png\",\"contentUrl\":\"https:\/\/longchangchemical.com\/wp-content\/uploads\/2020\/08\/cropped-longchang-logo.png\",\"width\":512,\"height\":512,\"caption\":\"Longchang Chemical\"},\"image\":{\"@id\":\"https:\/\/longchangchemical.com\/#\/schema\/logo\/image\/\"}}]}<\/script>\n<!-- \/ Yoast SEO plugin. -->","yoast_head_json":{"title":"FS-D8980 Coating Additive | Longchang Chemical","description":"FS-D8980 Coating Additive is a coating additive for coatings, inks and specialty surface modification.","robots":{"index":"index","follow":"follow","max-snippet":"max-snippet:-1","max-image-preview":"max-image-preview:large","max-video-preview":"max-video-preview:-1"},"canonical":"https:\/\/longchangchemical.com\/de\/product\/agesin-fs-d8980\/","og_locale":"de_DE","og_type":"article","og_title":"FS-D8980 Coating Additive | Longchang Chemical","og_description":"FS-D8980 Coating Additive is a coating additive for coatings, inks and specialty surface modification.","og_url":"https:\/\/longchangchemical.com\/de\/product\/agesin-fs-d8980\/","og_site_name":"Longchang Chemical","article_modified_time":"2026-05-08T02:59:59+00:00","og_image":[{"width":1000,"height":1000,"url":"https:\/\/longchangchemical.com\/wp-content\/uploads\/2024\/02\/logo-jpeg.jpg","type":"image\/jpeg"}],"twitter_card":"summary_large_image","schema":{"@context":"https:\/\/schema.org","@graph":[{"@type":"WebPage","@id":"https:\/\/longchangchemical.com\/product\/agesin-fs-d8980\/","url":"https:\/\/longchangchemical.com\/product\/agesin-fs-d8980\/","name":"FS-D8980 Coating Additive | Longchang Chemical","isPartOf":{"@id":"https:\/\/longchangchemical.com\/#website"},"datePublished":"2023-07-25T07:37:10+00:00","dateModified":"2026-05-08T02:59:59+00:00","description":"FS-D8980 Coating Additive is a coating additive for coatings, inks and specialty surface modification.","breadcrumb":{"@id":"https:\/\/longchangchemical.com\/product\/agesin-fs-d8980\/#breadcrumb"},"inLanguage":"de","potentialAction":[{"@type":"ReadAction","target":["https:\/\/longchangchemical.com\/product\/agesin-fs-d8980\/"]}]},{"@type":"BreadcrumbList","@id":"https:\/\/longchangchemical.com\/product\/agesin-fs-d8980\/#breadcrumb","itemListElement":[{"@type":"ListItem","position":1,"name":"Home","item":"https:\/\/longchangchemical.com\/"},{"@type":"ListItem","position":2,"name":"Products Longchang","item":"https:\/\/longchangchemical.com\/product\/"},{"@type":"ListItem","position":3,"name":"CHLUMICRYL\u00ae FS-D8980"}]},{"@type":"WebSite","@id":"https:\/\/longchangchemical.com\/#website","url":"https:\/\/longchangchemical.com\/","name":"Longchang Chemical","description":"China Hersteller von Chemikalien \uff06 Lieferant","publisher":{"@id":"https:\/\/longchangchemical.com\/#organization"},"potentialAction":[{"@type":"SearchAction","target":{"@type":"EntryPoint","urlTemplate":"https:\/\/longchangchemical.com\/?s={search_term_string}"},"query-input":{"@type":"PropertyValueSpecification","valueRequired":true,"valueName":"search_term_string"}}],"inLanguage":"de"},{"@type":"Organization","@id":"https:\/\/longchangchemical.com\/#organization","name":"Longchang Chemical","url":"https:\/\/longchangchemical.com\/","logo":{"@type":"ImageObject","inLanguage":"de","@id":"https:\/\/longchangchemical.com\/#\/schema\/logo\/image\/","url":"https:\/\/longchangchemical.com\/wp-content\/uploads\/2020\/08\/cropped-longchang-logo.png","contentUrl":"https:\/\/longchangchemical.com\/wp-content\/uploads\/2020\/08\/cropped-longchang-logo.png","width":512,"height":512,"caption":"Longchang Chemical"},"image":{"@id":"https:\/\/longchangchemical.com\/#\/schema\/logo\/image\/"}}]}},"_links":{"self":[{"href":"https:\/\/longchangchemical.com\/de\/wp-json\/wp\/v2\/product\/6192","targetHints":{"allow":["GET"]}}],"collection":[{"href":"https:\/\/longchangchemical.com\/de\/wp-json\/wp\/v2\/product"}],"about":[{"href":"https:\/\/longchangchemical.com\/de\/wp-json\/wp\/v2\/types\/product"}],"replies":[{"embeddable":true,"href":"https:\/\/longchangchemical.com\/de\/wp-json\/wp\/v2\/comments?post=6192"}],"wp:attachment":[{"href":"https:\/\/longchangchemical.com\/de\/wp-json\/wp\/v2\/media?parent=6192"}],"wp:term":[{"taxonomy":"product_brand","embeddable":true,"href":"https:\/\/longchangchemical.com\/de\/wp-json\/wp\/v2\/product_brand?post=6192"},{"taxonomy":"product_cat","embeddable":true,"href":"https:\/\/longchangchemical.com\/de\/wp-json\/wp\/v2\/product_cat?post=6192"},{"taxonomy":"product_tag","embeddable":true,"href":"https:\/\/longchangchemical.com\/de\/wp-json\/wp\/v2\/product_tag?post=6192"}],"curies":[{"name":"wp","href":"https:\/\/api.w.org\/{rel}","templated":true}]}}