{"id":6188,"date":"2023-07-20T14:25:12","date_gmt":"2023-07-20T14:25:12","guid":{"rendered":"https:\/\/longchangchemical.com\/?post_type=product&#038;p=6188"},"modified":"2026-05-08T02:59:59","modified_gmt":"2026-05-08T02:59:59","slug":"agesin-la-d559","status":"publish","type":"product","link":"https:\/\/longchangchemical.com\/de\/product\/agesin-la-d559\/","title":{"rendered":"CHLUMICRYL\u00ae LA-D559"},"content":{"rendered":"<h2>Mit Polyether modifiziertes Polydimethylsiloxan mit funktioneller OH-Gruppe<\/h2>\n<p><strong>Produktnummer<\/strong>: LA-D559<\/p>\n<p><strong><b>\u00c4quivalente Alternative<\/b><\/strong><strong><b>s<\/b><\/strong>: DOW CORNING 29<\/p>\n<p><strong>Spezifikation<\/strong><\/p>\n<table width=\"100%\" cellspacing=\"0\" cellpadding=\"0\">\n<tbody>\n<tr>\n<td>Zusammensetzung<\/td>\n<td>Mit Polyether modifiziertes Polydimethyl<br \/>\nSiloxan mit funktioneller OH-Gruppe<\/td>\n<\/tr>\n<tr>\n<td>Erscheinungsbild<\/td>\n<td>leicht gelbliche klare Fl\u00fcssigkeit (Paste bei niedriger<br \/>\nTemperatur)<\/td>\n<\/tr>\n<tr>\n<td>L\u00f6sungsmittel<\/td>\n<td>--<\/td>\n<\/tr>\n<tr>\n<td>Dichte<\/td>\n<td>1,01-1,05g\/ml(25\u00b11)\u2103<\/td>\n<\/tr>\n<tr>\n<td>Viskosit\u00e4t<\/td>\n<td>F-M(Blasenviskosimeter)(25\u00b10,2)\u2103<\/td>\n<\/tr>\n<tr>\n<td>Wirkstoff<\/td>\n<td>100%<\/td>\n<\/tr>\n<tr>\n<td>Flammpunkt<\/td>\n<td>\uff1e100\u2103<\/td>\n<\/tr>\n<\/tbody>\n<\/table>\n<p>Hinweis: Dieses Datenblatt enth\u00e4lt typische Ergebnisse, keine Standardwerte, vorbehaltlich COA.<\/p>\n<p><strong>Anwendungssystem<\/strong><\/p>\n<p>UV-H\u00e4rtung<\/p>\n<p><strong>Eigenschaften<\/strong><\/p>\n<p>\u25cf Organisches Silikon-Copolymer mit der chemischen Struktur ABA einschlie\u00dflich reaktiver Gruppe. Erh\u00f6ht den Verlauf, die Benetzung und den Glanz von Farben und Tinte.<br \/>\n\u25cf Tr\u00fcb und z\u00e4hfl\u00fcssig kann niedriger als 20 \u2103 auftreten. Nach dem Erhitzen wird es klar und flie\u00dft. Dies wird keinen Einfluss auf die Qualit\u00e4t.<\/p>\n<p><strong>Eingliederung<\/strong><\/p>\n<p>Die Zusatzstoffe k\u00f6nnen direkt eingearbeitet oder dem Harz nach Verd\u00fcnnung mit organischen L\u00f6sungsmitteln oder Wasser zugesetzt werden.<\/p>\n<p><strong>Zusatz vorschlagen<\/strong><\/p>\n<p>Zusatz zur Gesamtformulierung 0,05-0,5%<\/p>\n<p><strong>Paket<\/strong><\/p>\n<p>25KG \/ 180KG<\/p>\n<p><strong><b>Lagerung:<\/b><\/strong><\/p>\n<div>\n<p>Sie werden in einem trockenen, sauberen Lager mit guter Bel\u00fcftung aufbewahrt.<\/p>\n<p>Vermeiden Sie Licht- und Hitzeeinwirkung.<\/p>\n<p>Schutz des Produkts vor Auslaufen, Regen und Sonneneinstrahlung w\u00e4hrend des Transports.<\/p>\n<\/div>","protected":false},"excerpt":{"rendered":"<table class=\"woocommerce-product-attributes shop_attributes\">\n<tbody>\n<tr class=\"woocommerce-product-attributes-item woocommerce-product-attributes-item--attribute_product-description\">\n<th class=\"woocommerce-product-attributes-item__label\">Beschreibung des Produkts:<\/th>\n<td class=\"woocommerce-product-attributes-item__value\">Mit Polyether modifiziertes Polydimethylsiloxan mit funktioneller OH-Gruppe<\/td>\n<\/tr>\n<tr class=\"woocommerce-product-attributes-item woocommerce-product-attributes-item--attribute_equivalent-alternatives\">\n<th class=\"woocommerce-product-attributes-item__label\">\u00c4quivalente Alternativen<\/th>\n<td class=\"woocommerce-product-attributes-item__value\">DOW CORNING 29<\/td>\n<\/tr>\n<tr class=\"woocommerce-product-attributes-item woocommerce-product-attributes-item--attribute_application-system\">\n<th class=\"woocommerce-product-attributes-item__label\">Anwendungssystem<\/th>\n<td class=\"woocommerce-product-attributes-item__value\">UV-H\u00e4rtung<\/td>\n<\/tr>\n<tr class=\"woocommerce-product-attributes-item woocommerce-product-attributes-item--attribute_solvent\">\n<th class=\"woocommerce-product-attributes-item__label\">L\u00f6sungsmittel<\/th>\n<td class=\"woocommerce-product-attributes-item__value\">--<\/td>\n<\/tr>\n<tr class=\"woocommerce-product-attributes-item woocommerce-product-attributes-item--attribute_viscosity\">\n<th class=\"woocommerce-product-attributes-item__label\">Viskosit\u00e4t<\/th>\n<td class=\"woocommerce-product-attributes-item__value\">F-M(Blasenviskosimeter)(25\u00b10,2)\u2103<\/td>\n<\/tr>\n<tr class=\"woocommerce-product-attributes-item woocommerce-product-attributes-item--attribute_package\">\n<th class=\"woocommerce-product-attributes-item__label\">Paket<\/th>\n<td class=\"woocommerce-product-attributes-item__value\">25KG oder 180KG\/Trommel<\/td>\n<\/tr>\n<\/tbody>\n<\/table>","protected":false},"featured_media":0,"comment_status":"closed","ping_status":"closed","template":"","meta":[],"product_brand":[],"product_cat":[138,146],"product_tag":[],"class_list":{"0":"post-6188","1":"product","2":"type-product","3":"status-publish","5":"product_cat-coating-and-ink-additives","6":"product_cat-leveling-agent","8":"first","9":"instock","10":"shipping-taxable","11":"product-type-simple"},"yoast_head":"<!-- This site is optimized with the Yoast SEO plugin v25.3.1 - https:\/\/yoast.com\/wordpress\/plugins\/seo\/ -->\n<title>LA-D559 Leveling Agent | Longchang Chemical<\/title>\n<meta name=\"description\" content=\"LA-D559 Leveling Agent is an organosilicon leveling agent for coatings, inks and surface leveling applications.\" \/>\n<meta name=\"robots\" content=\"index, follow, max-snippet:-1, max-image-preview:large, max-video-preview:-1\" \/>\n<link rel=\"canonical\" href=\"https:\/\/longchangchemical.com\/de\/product\/agesin-la-d559\/\" \/>\n<meta property=\"og:locale\" content=\"de_DE\" \/>\n<meta property=\"og:type\" content=\"article\" \/>\n<meta property=\"og:title\" content=\"LA-D559 Leveling Agent | Longchang Chemical\" \/>\n<meta property=\"og:description\" content=\"LA-D559 Leveling Agent is an organosilicon leveling agent for coatings, inks and surface leveling applications.\" \/>\n<meta property=\"og:url\" content=\"https:\/\/longchangchemical.com\/de\/product\/agesin-la-d559\/\" \/>\n<meta property=\"og:site_name\" content=\"Longchang Chemical\" \/>\n<meta property=\"article:modified_time\" content=\"2026-05-08T02:59:59+00:00\" \/>\n<meta property=\"og:image\" content=\"https:\/\/longchangchemical.com\/wp-content\/uploads\/2024\/02\/logo-jpeg.jpg\" \/>\n\t<meta property=\"og:image:width\" content=\"1000\" \/>\n\t<meta property=\"og:image:height\" content=\"1000\" \/>\n\t<meta property=\"og:image:type\" content=\"image\/jpeg\" \/>\n<meta name=\"twitter:card\" content=\"summary_large_image\" \/>\n<script type=\"application\/ld+json\" class=\"yoast-schema-graph\">{\"@context\":\"https:\/\/schema.org\",\"@graph\":[{\"@type\":\"WebPage\",\"@id\":\"https:\/\/longchangchemical.com\/product\/agesin-la-d559\/\",\"url\":\"https:\/\/longchangchemical.com\/product\/agesin-la-d559\/\",\"name\":\"LA-D559 Leveling Agent | Longchang Chemical\",\"isPartOf\":{\"@id\":\"https:\/\/longchangchemical.com\/#website\"},\"datePublished\":\"2023-07-20T14:25:12+00:00\",\"dateModified\":\"2026-05-08T02:59:59+00:00\",\"description\":\"LA-D559 Leveling Agent is an organosilicon leveling agent for coatings, inks and surface leveling applications.\",\"breadcrumb\":{\"@id\":\"https:\/\/longchangchemical.com\/product\/agesin-la-d559\/#breadcrumb\"},\"inLanguage\":\"de\",\"potentialAction\":[{\"@type\":\"ReadAction\",\"target\":[\"https:\/\/longchangchemical.com\/product\/agesin-la-d559\/\"]}]},{\"@type\":\"BreadcrumbList\",\"@id\":\"https:\/\/longchangchemical.com\/product\/agesin-la-d559\/#breadcrumb\",\"itemListElement\":[{\"@type\":\"ListItem\",\"position\":1,\"name\":\"Home\",\"item\":\"https:\/\/longchangchemical.com\/\"},{\"@type\":\"ListItem\",\"position\":2,\"name\":\"Products Longchang\",\"item\":\"https:\/\/longchangchemical.com\/product\/\"},{\"@type\":\"ListItem\",\"position\":3,\"name\":\"CHLUMICRYL\u00ae LA-D559\"}]},{\"@type\":\"WebSite\",\"@id\":\"https:\/\/longchangchemical.com\/#website\",\"url\":\"https:\/\/longchangchemical.com\/\",\"name\":\"Longchang Chemical\",\"description\":\"China chemical manufacturer \uff06 supplier\",\"publisher\":{\"@id\":\"https:\/\/longchangchemical.com\/#organization\"},\"potentialAction\":[{\"@type\":\"SearchAction\",\"target\":{\"@type\":\"EntryPoint\",\"urlTemplate\":\"https:\/\/longchangchemical.com\/?s={search_term_string}\"},\"query-input\":{\"@type\":\"PropertyValueSpecification\",\"valueRequired\":true,\"valueName\":\"search_term_string\"}}],\"inLanguage\":\"de\"},{\"@type\":\"Organization\",\"@id\":\"https:\/\/longchangchemical.com\/#organization\",\"name\":\"Longchang Chemical\",\"url\":\"https:\/\/longchangchemical.com\/\",\"logo\":{\"@type\":\"ImageObject\",\"inLanguage\":\"de\",\"@id\":\"https:\/\/longchangchemical.com\/#\/schema\/logo\/image\/\",\"url\":\"https:\/\/longchangchemical.com\/wp-content\/uploads\/2020\/08\/cropped-longchang-logo.png\",\"contentUrl\":\"https:\/\/longchangchemical.com\/wp-content\/uploads\/2020\/08\/cropped-longchang-logo.png\",\"width\":512,\"height\":512,\"caption\":\"Longchang Chemical\"},\"image\":{\"@id\":\"https:\/\/longchangchemical.com\/#\/schema\/logo\/image\/\"}}]}<\/script>\n<!-- \/ Yoast SEO plugin. -->","yoast_head_json":{"title":"LA-D559 Leveling Agent | Longchang Chemical","description":"LA-D559 Leveling Agent is an organosilicon leveling agent for coatings, inks and surface leveling applications.","robots":{"index":"index","follow":"follow","max-snippet":"max-snippet:-1","max-image-preview":"max-image-preview:large","max-video-preview":"max-video-preview:-1"},"canonical":"https:\/\/longchangchemical.com\/de\/product\/agesin-la-d559\/","og_locale":"de_DE","og_type":"article","og_title":"LA-D559 Leveling Agent | Longchang Chemical","og_description":"LA-D559 Leveling Agent is an organosilicon leveling agent for coatings, inks and surface leveling applications.","og_url":"https:\/\/longchangchemical.com\/de\/product\/agesin-la-d559\/","og_site_name":"Longchang Chemical","article_modified_time":"2026-05-08T02:59:59+00:00","og_image":[{"width":1000,"height":1000,"url":"https:\/\/longchangchemical.com\/wp-content\/uploads\/2024\/02\/logo-jpeg.jpg","type":"image\/jpeg"}],"twitter_card":"summary_large_image","schema":{"@context":"https:\/\/schema.org","@graph":[{"@type":"WebPage","@id":"https:\/\/longchangchemical.com\/product\/agesin-la-d559\/","url":"https:\/\/longchangchemical.com\/product\/agesin-la-d559\/","name":"LA-D559 Leveling Agent | Longchang Chemical","isPartOf":{"@id":"https:\/\/longchangchemical.com\/#website"},"datePublished":"2023-07-20T14:25:12+00:00","dateModified":"2026-05-08T02:59:59+00:00","description":"LA-D559 Leveling Agent is an organosilicon leveling agent for coatings, inks and surface leveling applications.","breadcrumb":{"@id":"https:\/\/longchangchemical.com\/product\/agesin-la-d559\/#breadcrumb"},"inLanguage":"de","potentialAction":[{"@type":"ReadAction","target":["https:\/\/longchangchemical.com\/product\/agesin-la-d559\/"]}]},{"@type":"BreadcrumbList","@id":"https:\/\/longchangchemical.com\/product\/agesin-la-d559\/#breadcrumb","itemListElement":[{"@type":"ListItem","position":1,"name":"Home","item":"https:\/\/longchangchemical.com\/"},{"@type":"ListItem","position":2,"name":"Products Longchang","item":"https:\/\/longchangchemical.com\/product\/"},{"@type":"ListItem","position":3,"name":"CHLUMICRYL\u00ae LA-D559"}]},{"@type":"WebSite","@id":"https:\/\/longchangchemical.com\/#website","url":"https:\/\/longchangchemical.com\/","name":"Longchang Chemical","description":"China Hersteller von Chemikalien \uff06 Lieferant","publisher":{"@id":"https:\/\/longchangchemical.com\/#organization"},"potentialAction":[{"@type":"SearchAction","target":{"@type":"EntryPoint","urlTemplate":"https:\/\/longchangchemical.com\/?s={search_term_string}"},"query-input":{"@type":"PropertyValueSpecification","valueRequired":true,"valueName":"search_term_string"}}],"inLanguage":"de"},{"@type":"Organization","@id":"https:\/\/longchangchemical.com\/#organization","name":"Longchang Chemical","url":"https:\/\/longchangchemical.com\/","logo":{"@type":"ImageObject","inLanguage":"de","@id":"https:\/\/longchangchemical.com\/#\/schema\/logo\/image\/","url":"https:\/\/longchangchemical.com\/wp-content\/uploads\/2020\/08\/cropped-longchang-logo.png","contentUrl":"https:\/\/longchangchemical.com\/wp-content\/uploads\/2020\/08\/cropped-longchang-logo.png","width":512,"height":512,"caption":"Longchang Chemical"},"image":{"@id":"https:\/\/longchangchemical.com\/#\/schema\/logo\/image\/"}}]}},"_links":{"self":[{"href":"https:\/\/longchangchemical.com\/de\/wp-json\/wp\/v2\/product\/6188","targetHints":{"allow":["GET"]}}],"collection":[{"href":"https:\/\/longchangchemical.com\/de\/wp-json\/wp\/v2\/product"}],"about":[{"href":"https:\/\/longchangchemical.com\/de\/wp-json\/wp\/v2\/types\/product"}],"replies":[{"embeddable":true,"href":"https:\/\/longchangchemical.com\/de\/wp-json\/wp\/v2\/comments?post=6188"}],"wp:attachment":[{"href":"https:\/\/longchangchemical.com\/de\/wp-json\/wp\/v2\/media?parent=6188"}],"wp:term":[{"taxonomy":"product_brand","embeddable":true,"href":"https:\/\/longchangchemical.com\/de\/wp-json\/wp\/v2\/product_brand?post=6188"},{"taxonomy":"product_cat","embeddable":true,"href":"https:\/\/longchangchemical.com\/de\/wp-json\/wp\/v2\/product_cat?post=6188"},{"taxonomy":"product_tag","embeddable":true,"href":"https:\/\/longchangchemical.com\/de\/wp-json\/wp\/v2\/product_tag?post=6188"}],"curies":[{"name":"wp","href":"https:\/\/api.w.org\/{rel}","templated":true}]}}