{"id":6187,"date":"2023-07-18T07:56:43","date_gmt":"2023-07-18T07:56:43","guid":{"rendered":"https:\/\/longchangchemical.com\/?post_type=product&#038;p=6187"},"modified":"2026-05-08T02:59:59","modified_gmt":"2026-05-08T02:59:59","slug":"agesin-wd-d545","status":"publish","type":"product","link":"https:\/\/longchangchemical.com\/de\/product\/agesin-wd-d545\/","title":{"rendered":"CHLUMICRYL\u00ae WD-D545"},"content":{"rendered":"<div class=\"col-md-6\">\n<h2>Mit Polyether modifiziertes Polydimethylsiloxan<\/h2>\n<p><strong>Produktnummer<\/strong>: WD-D545<\/p>\n<p><strong>Gleichwertige Alternativen-<\/strong>\u00a0Tego Nass KL 245<\/p>\n<p><strong>Spezifikation<\/strong><\/p>\n<table width=\"592\" cellspacing=\"0\" cellpadding=\"0\">\n<tbody>\n<tr>\n<td>Zusammensetzung<\/td>\n<td>Mit Polyether modifiziertes Polydimethylsiloxan<\/td>\n<\/tr>\n<tr>\n<td>Erscheinungsbild<\/td>\n<td>Transparente bis leicht gelblich klare Fl\u00fcssigkeit<\/td>\n<\/tr>\n<tr>\n<td>L\u00f6sungsmittel<\/td>\n<td>--<\/td>\n<\/tr>\n<tr>\n<td>Wirkstoff<\/td>\n<td>100%<\/td>\n<\/tr>\n<tr>\n<td>Dichte<\/td>\n<td>1,01-1,05 g\/ml(25\u00b11)\u2103<\/td>\n<\/tr>\n<tr>\n<td>Viskosit\u00e4t<\/td>\n<td>10-32 (T-4-Viscometer)<\/td>\n<\/tr>\n<tr>\n<td>Inhalt<\/td>\n<td>\u226592 %(105\u21033h)<\/td>\n<\/tr>\n<\/tbody>\n<\/table>\n<p>Anmerkung: Der Unterschied zwischen der Menge des Wirkstoffs und der nichtfl\u00fcchtigen Bestandteile ist auf den synthesebedingten \u00dcberschuss an niedermolekularen Polyethern zur\u00fcckzuf\u00fchren, der mit unserer Pr\u00fcfmethode als Teil des fl\u00fcchtigen Anteils bestimmt wird.<\/p>\n<p><strong>Anwendungssystem<\/strong><\/p>\n<p>Holzfarbe auf Wasserbasis ,Industriefarbe auf Wasserbasis ,Kunststofffarbe auf Wasserbasis<\/p>\n<p><strong>Eigenschaften<\/strong><\/p>\n<p>Die Oberfl\u00e4chenspannung wird am wirksamsten reduziert.<\/p>\n<p>\u25cfHervorragende Benetzungs- und Verteilungseigenschaften.<\/p>\n<p>Bei Zugabe von 0,2% in Wasser wird die Oberfl\u00e4chenspannung des Wassers auf 20,5mN\/m reduziert. Gefrieren kann bei niedrigen Temperaturen auftreten. Nach dem Erhitzen wird es transparent und flie\u00dft, beeintr\u00e4chtigt aber nicht die Qualit\u00e4t der Produkte.<\/p>\n<p><strong>Eingliederung<\/strong><\/p>\n<p>Die Zusatzstoffe k\u00f6nnen in jeder Phase des Produktionsprozesses, auch nach der Zugabe, zugesetzt werden.<\/p>\n<p><strong>Erg\u00e4nzung vorschlagen:\u00a0<\/strong>Zusatz zur Gesamtformulierung 0,1-0,5%<\/p>\n<p><strong><b>Empfehlung beantragen<\/b><\/strong><\/p>\n<table>\n<tbody>\n<tr>\n<td width=\"232\">Transparenz in Lacken<\/td>\n<td width=\"147\">4<\/td>\n<\/tr>\n<tr>\n<td width=\"232\">Entsch\u00e4umend<\/td>\n<td width=\"147\">0<\/td>\n<\/tr>\n<tr>\n<td width=\"232\">Dynamische Oberfl\u00e4chenspannung<\/td>\n<td width=\"147\">4<\/td>\n<\/tr>\n<tr>\n<td width=\"232\">Statische Oberfl\u00e4chenspannung<\/td>\n<td width=\"147\">3<\/td>\n<\/tr>\n<tr>\n<td width=\"232\">Slip<\/td>\n<td width=\"147\">0<\/td>\n<\/tr>\n<\/tbody>\n<\/table>\n<p>0=nicht verf\u00fcgbar 5=sehr effektiv<\/p>\n<p><strong>Paket<\/strong><\/p>\n<p>25KG \/ 180KG<\/p>\n<p><strong><b>Lagerung:<\/b><\/strong><\/p>\n<div>\n<p>Sie werden in einem trockenen, sauberen Lager mit guter Bel\u00fcftung aufbewahrt.<\/p>\n<p>Vermeiden Sie Licht- und Hitzeeinwirkung.<\/p>\n<p>Schutz des Produkts vor Auslaufen, Regen und Sonneneinstrahlung w\u00e4hrend des Transports.<\/p>\n<\/div>\n<\/div>\n<div class=\"col-md-6\">\n<h3>Einzelheiten<\/h3>\n<\/div>","protected":false},"excerpt":{"rendered":"<table class=\"woocommerce-product-attributes shop_attributes\">\n<tbody>\n<tr class=\"woocommerce-product-attributes-item woocommerce-product-attributes-item--attribute_product-description\">\n<th class=\"woocommerce-product-attributes-item__label\">Beschreibung des Produkts:<\/th>\n<td class=\"woocommerce-product-attributes-item__value\">Mit Polyether modifiziertes Polydimethylsiloxan<\/td>\n<\/tr>\n<tr class=\"woocommerce-product-attributes-item woocommerce-product-attributes-item--attribute_equivalent-alternatives\">\n<th class=\"woocommerce-product-attributes-item__label\">\u00c4quivalente Alternativen<\/th>\n<td class=\"woocommerce-product-attributes-item__value\">Tego Nass KL 245<\/td>\n<\/tr>\n<tr class=\"woocommerce-product-attributes-item woocommerce-product-attributes-item--attribute_application-system\">\n<th class=\"woocommerce-product-attributes-item__label\">Anwendungssystem<\/th>\n<td class=\"woocommerce-product-attributes-item__value\">Holz-\/Industrie-\/Kunststofffarbe auf Wasserbasis<\/td>\n<\/tr>\n<tr class=\"woocommerce-product-attributes-item woocommerce-product-attributes-item--attribute_viscosity\">\n<th class=\"woocommerce-product-attributes-item__label\">Viskosit\u00e4t<\/th>\n<td class=\"woocommerce-product-attributes-item__value\">\u2265Q(Blasenviskosimeter)(25\u00b10,2)\u2103<\/td>\n<\/tr>\n<tr class=\"woocommerce-product-attributes-item woocommerce-product-attributes-item--attribute_package\">\n<th class=\"woocommerce-product-attributes-item__label\">Paket<\/th>\n<td class=\"woocommerce-product-attributes-item__value\">25KG oder 180KG\/Trommel<\/td>\n<\/tr>\n<\/tbody>\n<\/table>","protected":false},"featured_media":0,"comment_status":"closed","ping_status":"closed","template":"","meta":[],"product_brand":[],"product_cat":[138,145],"product_tag":[],"class_list":{"0":"post-6187","1":"product","2":"type-product","3":"status-publish","5":"product_cat-coating-and-ink-additives","6":"product_cat-wetting-agent","8":"first","9":"instock","10":"shipping-taxable","11":"product-type-simple"},"yoast_head":"<!-- This site is optimized with the Yoast SEO plugin v25.3.1 - https:\/\/yoast.com\/wordpress\/plugins\/seo\/ -->\n<title>WD-D545 Wetting Agent | Longchang Chemical<\/title>\n<meta name=\"description\" content=\"WD-D545 Wetting Agent is an organosilicon wetting agent for water-based, solvent-based and coating wetting systems.\" \/>\n<meta name=\"robots\" content=\"index, follow, max-snippet:-1, max-image-preview:large, max-video-preview:-1\" \/>\n<link rel=\"canonical\" href=\"https:\/\/longchangchemical.com\/de\/product\/agesin-wd-d545\/\" \/>\n<meta property=\"og:locale\" content=\"de_DE\" \/>\n<meta property=\"og:type\" content=\"article\" \/>\n<meta property=\"og:title\" content=\"WD-D545 Wetting Agent | Longchang Chemical\" \/>\n<meta property=\"og:description\" content=\"WD-D545 Wetting Agent is an organosilicon wetting agent for water-based, solvent-based and coating wetting systems.\" \/>\n<meta property=\"og:url\" content=\"https:\/\/longchangchemical.com\/de\/product\/agesin-wd-d545\/\" \/>\n<meta property=\"og:site_name\" content=\"Longchang Chemical\" \/>\n<meta property=\"article:modified_time\" content=\"2026-05-08T02:59:59+00:00\" \/>\n<meta property=\"og:image\" content=\"https:\/\/longchangchemical.com\/wp-content\/uploads\/2024\/02\/logo-jpeg.jpg\" \/>\n\t<meta property=\"og:image:width\" content=\"1000\" \/>\n\t<meta property=\"og:image:height\" content=\"1000\" \/>\n\t<meta property=\"og:image:type\" content=\"image\/jpeg\" \/>\n<meta name=\"twitter:card\" content=\"summary_large_image\" \/>\n<script type=\"application\/ld+json\" class=\"yoast-schema-graph\">{\"@context\":\"https:\/\/schema.org\",\"@graph\":[{\"@type\":\"WebPage\",\"@id\":\"https:\/\/longchangchemical.com\/product\/agesin-wd-d545\/\",\"url\":\"https:\/\/longchangchemical.com\/product\/agesin-wd-d545\/\",\"name\":\"WD-D545 Wetting Agent | Longchang Chemical\",\"isPartOf\":{\"@id\":\"https:\/\/longchangchemical.com\/#website\"},\"datePublished\":\"2023-07-18T07:56:43+00:00\",\"dateModified\":\"2026-05-08T02:59:59+00:00\",\"description\":\"WD-D545 Wetting Agent is an organosilicon wetting agent for water-based, solvent-based and coating wetting systems.\",\"breadcrumb\":{\"@id\":\"https:\/\/longchangchemical.com\/product\/agesin-wd-d545\/#breadcrumb\"},\"inLanguage\":\"de\",\"potentialAction\":[{\"@type\":\"ReadAction\",\"target\":[\"https:\/\/longchangchemical.com\/product\/agesin-wd-d545\/\"]}]},{\"@type\":\"BreadcrumbList\",\"@id\":\"https:\/\/longchangchemical.com\/product\/agesin-wd-d545\/#breadcrumb\",\"itemListElement\":[{\"@type\":\"ListItem\",\"position\":1,\"name\":\"Home\",\"item\":\"https:\/\/longchangchemical.com\/\"},{\"@type\":\"ListItem\",\"position\":2,\"name\":\"Products Longchang\",\"item\":\"https:\/\/longchangchemical.com\/product\/\"},{\"@type\":\"ListItem\",\"position\":3,\"name\":\"CHLUMICRYL\u00ae WD-D545\"}]},{\"@type\":\"WebSite\",\"@id\":\"https:\/\/longchangchemical.com\/#website\",\"url\":\"https:\/\/longchangchemical.com\/\",\"name\":\"Longchang Chemical\",\"description\":\"China chemical manufacturer \uff06 supplier\",\"publisher\":{\"@id\":\"https:\/\/longchangchemical.com\/#organization\"},\"potentialAction\":[{\"@type\":\"SearchAction\",\"target\":{\"@type\":\"EntryPoint\",\"urlTemplate\":\"https:\/\/longchangchemical.com\/?s={search_term_string}\"},\"query-input\":{\"@type\":\"PropertyValueSpecification\",\"valueRequired\":true,\"valueName\":\"search_term_string\"}}],\"inLanguage\":\"de\"},{\"@type\":\"Organization\",\"@id\":\"https:\/\/longchangchemical.com\/#organization\",\"name\":\"Longchang Chemical\",\"url\":\"https:\/\/longchangchemical.com\/\",\"logo\":{\"@type\":\"ImageObject\",\"inLanguage\":\"de\",\"@id\":\"https:\/\/longchangchemical.com\/#\/schema\/logo\/image\/\",\"url\":\"https:\/\/longchangchemical.com\/wp-content\/uploads\/2020\/08\/cropped-longchang-logo.png\",\"contentUrl\":\"https:\/\/longchangchemical.com\/wp-content\/uploads\/2020\/08\/cropped-longchang-logo.png\",\"width\":512,\"height\":512,\"caption\":\"Longchang Chemical\"},\"image\":{\"@id\":\"https:\/\/longchangchemical.com\/#\/schema\/logo\/image\/\"}}]}<\/script>\n<!-- \/ Yoast SEO plugin. -->","yoast_head_json":{"title":"WD-D545 Wetting Agent | Longchang Chemical","description":"WD-D545 Wetting Agent is an organosilicon wetting agent for water-based, solvent-based and coating wetting systems.","robots":{"index":"index","follow":"follow","max-snippet":"max-snippet:-1","max-image-preview":"max-image-preview:large","max-video-preview":"max-video-preview:-1"},"canonical":"https:\/\/longchangchemical.com\/de\/product\/agesin-wd-d545\/","og_locale":"de_DE","og_type":"article","og_title":"WD-D545 Wetting Agent | Longchang Chemical","og_description":"WD-D545 Wetting Agent is an organosilicon wetting agent for water-based, solvent-based and coating wetting systems.","og_url":"https:\/\/longchangchemical.com\/de\/product\/agesin-wd-d545\/","og_site_name":"Longchang Chemical","article_modified_time":"2026-05-08T02:59:59+00:00","og_image":[{"width":1000,"height":1000,"url":"https:\/\/longchangchemical.com\/wp-content\/uploads\/2024\/02\/logo-jpeg.jpg","type":"image\/jpeg"}],"twitter_card":"summary_large_image","schema":{"@context":"https:\/\/schema.org","@graph":[{"@type":"WebPage","@id":"https:\/\/longchangchemical.com\/product\/agesin-wd-d545\/","url":"https:\/\/longchangchemical.com\/product\/agesin-wd-d545\/","name":"WD-D545 Wetting Agent | Longchang Chemical","isPartOf":{"@id":"https:\/\/longchangchemical.com\/#website"},"datePublished":"2023-07-18T07:56:43+00:00","dateModified":"2026-05-08T02:59:59+00:00","description":"WD-D545 Wetting Agent is an organosilicon wetting agent for water-based, solvent-based and coating wetting systems.","breadcrumb":{"@id":"https:\/\/longchangchemical.com\/product\/agesin-wd-d545\/#breadcrumb"},"inLanguage":"de","potentialAction":[{"@type":"ReadAction","target":["https:\/\/longchangchemical.com\/product\/agesin-wd-d545\/"]}]},{"@type":"BreadcrumbList","@id":"https:\/\/longchangchemical.com\/product\/agesin-wd-d545\/#breadcrumb","itemListElement":[{"@type":"ListItem","position":1,"name":"Home","item":"https:\/\/longchangchemical.com\/"},{"@type":"ListItem","position":2,"name":"Products Longchang","item":"https:\/\/longchangchemical.com\/product\/"},{"@type":"ListItem","position":3,"name":"CHLUMICRYL\u00ae WD-D545"}]},{"@type":"WebSite","@id":"https:\/\/longchangchemical.com\/#website","url":"https:\/\/longchangchemical.com\/","name":"Longchang Chemical","description":"China Hersteller von Chemikalien \uff06 Lieferant","publisher":{"@id":"https:\/\/longchangchemical.com\/#organization"},"potentialAction":[{"@type":"SearchAction","target":{"@type":"EntryPoint","urlTemplate":"https:\/\/longchangchemical.com\/?s={search_term_string}"},"query-input":{"@type":"PropertyValueSpecification","valueRequired":true,"valueName":"search_term_string"}}],"inLanguage":"de"},{"@type":"Organization","@id":"https:\/\/longchangchemical.com\/#organization","name":"Longchang Chemical","url":"https:\/\/longchangchemical.com\/","logo":{"@type":"ImageObject","inLanguage":"de","@id":"https:\/\/longchangchemical.com\/#\/schema\/logo\/image\/","url":"https:\/\/longchangchemical.com\/wp-content\/uploads\/2020\/08\/cropped-longchang-logo.png","contentUrl":"https:\/\/longchangchemical.com\/wp-content\/uploads\/2020\/08\/cropped-longchang-logo.png","width":512,"height":512,"caption":"Longchang Chemical"},"image":{"@id":"https:\/\/longchangchemical.com\/#\/schema\/logo\/image\/"}}]}},"_links":{"self":[{"href":"https:\/\/longchangchemical.com\/de\/wp-json\/wp\/v2\/product\/6187","targetHints":{"allow":["GET"]}}],"collection":[{"href":"https:\/\/longchangchemical.com\/de\/wp-json\/wp\/v2\/product"}],"about":[{"href":"https:\/\/longchangchemical.com\/de\/wp-json\/wp\/v2\/types\/product"}],"replies":[{"embeddable":true,"href":"https:\/\/longchangchemical.com\/de\/wp-json\/wp\/v2\/comments?post=6187"}],"wp:attachment":[{"href":"https:\/\/longchangchemical.com\/de\/wp-json\/wp\/v2\/media?parent=6187"}],"wp:term":[{"taxonomy":"product_brand","embeddable":true,"href":"https:\/\/longchangchemical.com\/de\/wp-json\/wp\/v2\/product_brand?post=6187"},{"taxonomy":"product_cat","embeddable":true,"href":"https:\/\/longchangchemical.com\/de\/wp-json\/wp\/v2\/product_cat?post=6187"},{"taxonomy":"product_tag","embeddable":true,"href":"https:\/\/longchangchemical.com\/de\/wp-json\/wp\/v2\/product_tag?post=6187"}],"curies":[{"name":"wp","href":"https:\/\/api.w.org\/{rel}","templated":true}]}}