{"id":6186,"date":"2023-07-18T04:03:41","date_gmt":"2023-07-18T04:03:41","guid":{"rendered":"https:\/\/longchangchemical.com\/?post_type=product&#038;p=6186"},"modified":"2025-04-01T07:08:10","modified_gmt":"2025-04-01T07:08:10","slug":"agesin-wd-d547-wetting-agent","status":"publish","type":"product","link":"https:\/\/longchangchemical.com\/de\/product\/agesin-wd-d547-wetting-agent\/","title":{"rendered":"CHLUMICRYL\u00ae WD-D547 \/ Netzmittel"},"content":{"rendered":"<h1>Mit Polyether modifiziertes Polydimethylsiloxan<\/h1>\n<p><strong>Produktnummer<\/strong>: WD-D547<\/p>\n<p><strong>Gleichwertige Alternativen-<\/strong>\u00a0BYK-346;Tego Wet 270<\/p>\n<p><strong><b>Spezifikation<\/b><\/strong><strong><b>:<\/b><\/strong><\/p>\n<table>\n<tbody>\n<tr>\n<td width=\"177\">Zusammensetzung<\/td>\n<td width=\"448\">Mit Polyether modifiziertes Polydimethylsiloxan<\/td>\n<\/tr>\n<tr>\n<td width=\"177\">Erscheinungsbild<\/td>\n<td width=\"448\">Schwach gelbliche, klare Fl\u00fcssigkeit<\/td>\n<\/tr>\n<tr>\n<td width=\"177\">L\u00f6sungsmittel<\/td>\n<td width=\"448\">--<\/td>\n<\/tr>\n<tr>\n<td width=\"177\">Dichte(g\/ml) (25\u00b11)\u2103<\/td>\n<td width=\"448\">0.96-1.00<\/td>\n<\/tr>\n<tr>\n<td width=\"177\">Viskosit\u00e4t(s) (25\u00b10,2)\u2103<\/td>\n<td width=\"448\">7-24 (T-4 Viskosimeter)<\/td>\n<\/tr>\n<tr>\n<td width=\"177\">Wirkstoff %<\/td>\n<td width=\"448\">100<\/td>\n<\/tr>\n<\/tbody>\n<\/table>\n<p><em><i>Anmerkung: Diese Daten<\/i><\/em><em><i>\u00a0<\/i><\/em><em><i>Das Blatt soll typische Ergebnisse zeigen, nicht den Standard.<\/i><\/em><\/p>\n<p><strong><b>Anwendungssystem<\/b><\/strong><strong><b>:<\/b><\/strong><\/p>\n<p>Farbe auf Wasserbasis, l\u00f6sungsmittelhaltige und l\u00f6sungsmittelfreie Farbe, UV-H\u00e4rtungsfarbe.<\/p>\n<p><strong><b>Eigenschaften<\/b><\/strong><strong><b>:<\/b><\/strong><\/p>\n<ul>\n<li>Reduziert die Oberfl\u00e4chenspannung im Wassersystem am effektivsten.<\/li>\n<li>Hervorragende Benetzungs- und Verteilungseigenschaften.<\/li>\n<li>Gute Leistung beim Antikratern, Wiederbeschichten, Entsch\u00e4umen und Nivellieren.<\/li>\n<\/ul>\n<p><strong><b>Eingliederung<\/b><\/strong><strong><b>:<\/b><\/strong><\/p>\n<p>Die Zusatzstoffe k\u00f6nnen direkt eingearbeitet oder vor der Zugabe verd\u00fcnnt werden.<\/p>\n<p><strong><b>Zusatz vorschlagen<\/b><\/strong>:0.1-0.5%<\/p>\n<p><strong><b>Empfehlung beantragen<\/b><\/strong><\/p>\n<table>\n<tbody>\n<tr>\n<td width=\"232\">Transparenz in Lacken<\/td>\n<td width=\"147\">1<\/td>\n<\/tr>\n<tr>\n<td width=\"232\">Entsch\u00e4umend<\/td>\n<td width=\"147\">3<\/td>\n<\/tr>\n<tr>\n<td width=\"232\">Dynamische Oberfl\u00e4chenspannung<\/td>\n<td width=\"147\">3<\/td>\n<\/tr>\n<tr>\n<td width=\"232\">Statische Oberfl\u00e4chenspannung<\/td>\n<td width=\"147\">4<\/td>\n<\/tr>\n<tr>\n<td width=\"232\">Slip<\/td>\n<td width=\"147\">0<\/td>\n<\/tr>\n<\/tbody>\n<\/table>\n<p>0=nicht verf\u00fcgbar 5=sehr effektiv<\/p>\n<p><strong>Paket<\/strong><\/p>\n<p>25KG \/ 180KG<\/p>\n<p><strong><b>Lagerung:<\/b><\/strong><\/p>\n<div>\n<p>Sie werden in einem trockenen, sauberen Lager mit guter Bel\u00fcftung aufbewahrt.<\/p>\n<p>Vermeiden Sie Licht- und Hitzeeinwirkung.<\/p>\n<p>Schutz des Produkts vor Auslaufen, Regen und Sonneneinstrahlung w\u00e4hrend des Transports.<\/p>\n<h2><strong><b>Kontaktieren Sie uns jetzt!<\/b><\/strong><\/h2>\n<h4><strong><b>Wenn Sie COA, MSDS oder TDS ben\u00f6tigen, geben Sie bitte Ihre Kontaktinformationen in das untenstehende Formular ein. Wir werden uns in der Regel innerhalb von 24 Stunden mit Ihnen in Verbindung setzen. Sie k\u00f6nnen mir auch eine E-Mail schicken<span style=\"color: #00ccff;\"> <a style=\"color: #00ccff;\" href=\"mailto:info@longchangchemical.com\">info@longchangchemical.com<\/a><\/span> w\u00e4hrend der Gesch\u00e4ftszeiten ( 8:30 bis 18:00 Uhr UTC+8 Mo.~Sa. ) oder nutzen Sie den Live-Chat auf der Website, um eine schnelle Antwort zu erhalten.<\/b><\/strong><\/h4>\n<\/div>","protected":false},"excerpt":{"rendered":"<p>Beschreibung des Produkts: Polyether-modifiziertes Polydimethylsiloxan<\/p>\n<p>\u00c4quivalente Alternativen: BYK-346;Tego Wet 270<\/p>\n<p>Anwendungssystem: Wasserbasiert \/ l\u00f6sungsmittelhaltig und l\u00f6sungsmittelfrei \/ UV-H\u00e4rtung<\/p>\n<p>Viskosit\u00e4t: 7-24 (T-4 Viskosimeter)<\/p>\n<p>Verpackung: 25KG oder 180KG\/Trommel<\/p>","protected":false},"featured_media":0,"comment_status":"closed","ping_status":"closed","template":"","meta":[],"product_brand":[],"product_cat":[138,145],"product_tag":[],"class_list":{"0":"post-6186","1":"product","2":"type-product","3":"status-publish","5":"product_cat-coating-and-ink-additives","6":"product_cat-wetting-agent","8":"first","9":"instock","10":"shipping-taxable","11":"product-type-simple"},"yoast_head":"<!-- This site is optimized with the Yoast SEO plugin v25.3.1 - https:\/\/yoast.com\/wordpress\/plugins\/seo\/ -->\n<title>China CHLUMICRYL\u00ae WD-D547 \/ Wetting agent Manufacturer - Longchang Chemical<\/title>\n<meta name=\"description\" content=\"CHLUMICRYL\u00ae WD-D547 \/ Wetting agent is a key product of Longchang Chemical. We provide the best price. We are the leading manufacturer in China with the best quality and competitive price.\" \/>\n<meta name=\"robots\" content=\"index, follow, max-snippet:-1, max-image-preview:large, max-video-preview:-1\" \/>\n<link rel=\"canonical\" href=\"https:\/\/longchangchemical.com\/de\/product\/agesin-wd-d547-wetting-agent\/\" \/>\n<meta property=\"og:locale\" content=\"de_DE\" \/>\n<meta property=\"og:type\" content=\"article\" \/>\n<meta property=\"og:title\" content=\"China CHLUMICRYL\u00ae WD-D547 \/ Wetting agent Manufacturer - Longchang Chemical\" \/>\n<meta property=\"og:description\" content=\"CHLUMICRYL\u00ae WD-D547 \/ Wetting agent is a key product of Longchang Chemical. We provide the best price. We are the leading manufacturer in China with the best quality and competitive price.\" \/>\n<meta property=\"og:url\" content=\"https:\/\/longchangchemical.com\/de\/product\/agesin-wd-d547-wetting-agent\/\" \/>\n<meta property=\"og:site_name\" content=\"Longchang Chemical\" \/>\n<meta property=\"article:modified_time\" content=\"2025-04-01T07:08:10+00:00\" \/>\n<meta property=\"og:image\" content=\"https:\/\/longchangchemical.com\/wp-content\/uploads\/2024\/02\/logo-jpeg.jpg\" \/>\n\t<meta property=\"og:image:width\" content=\"1000\" \/>\n\t<meta property=\"og:image:height\" content=\"1000\" \/>\n\t<meta property=\"og:image:type\" content=\"image\/jpeg\" \/>\n<meta name=\"twitter:card\" content=\"summary_large_image\" \/>\n<script type=\"application\/ld+json\" class=\"yoast-schema-graph\">{\"@context\":\"https:\/\/schema.org\",\"@graph\":[{\"@type\":\"WebPage\",\"@id\":\"https:\/\/longchangchemical.com\/product\/agesin-wd-d547-wetting-agent\/\",\"url\":\"https:\/\/longchangchemical.com\/product\/agesin-wd-d547-wetting-agent\/\",\"name\":\"China CHLUMICRYL\u00ae WD-D547 \/ Wetting agent Manufacturer - Longchang Chemical\",\"isPartOf\":{\"@id\":\"https:\/\/longchangchemical.com\/#website\"},\"datePublished\":\"2023-07-18T04:03:41+00:00\",\"dateModified\":\"2025-04-01T07:08:10+00:00\",\"description\":\"CHLUMICRYL\u00ae WD-D547 \/ Wetting agent is a key product of Longchang Chemical. We provide the best price. We are the leading manufacturer in China with the best quality and competitive price.\",\"breadcrumb\":{\"@id\":\"https:\/\/longchangchemical.com\/product\/agesin-wd-d547-wetting-agent\/#breadcrumb\"},\"inLanguage\":\"de\",\"potentialAction\":[{\"@type\":\"ReadAction\",\"target\":[\"https:\/\/longchangchemical.com\/product\/agesin-wd-d547-wetting-agent\/\"]}]},{\"@type\":\"BreadcrumbList\",\"@id\":\"https:\/\/longchangchemical.com\/product\/agesin-wd-d547-wetting-agent\/#breadcrumb\",\"itemListElement\":[{\"@type\":\"ListItem\",\"position\":1,\"name\":\"Home\",\"item\":\"https:\/\/longchangchemical.com\/\"},{\"@type\":\"ListItem\",\"position\":2,\"name\":\"Products Longchang\",\"item\":\"https:\/\/longchangchemical.com\/product\/\"},{\"@type\":\"ListItem\",\"position\":3,\"name\":\"CHLUMICRYL\u00ae WD-D547 \/ Wetting agent\"}]},{\"@type\":\"WebSite\",\"@id\":\"https:\/\/longchangchemical.com\/#website\",\"url\":\"https:\/\/longchangchemical.com\/\",\"name\":\"Longchang Chemical\",\"description\":\"China chemical manufacturer \uff06 supplier\",\"publisher\":{\"@id\":\"https:\/\/longchangchemical.com\/#organization\"},\"potentialAction\":[{\"@type\":\"SearchAction\",\"target\":{\"@type\":\"EntryPoint\",\"urlTemplate\":\"https:\/\/longchangchemical.com\/?s={search_term_string}\"},\"query-input\":{\"@type\":\"PropertyValueSpecification\",\"valueRequired\":true,\"valueName\":\"search_term_string\"}}],\"inLanguage\":\"de\"},{\"@type\":\"Organization\",\"@id\":\"https:\/\/longchangchemical.com\/#organization\",\"name\":\"Longchang Chemical\",\"url\":\"https:\/\/longchangchemical.com\/\",\"logo\":{\"@type\":\"ImageObject\",\"inLanguage\":\"de\",\"@id\":\"https:\/\/longchangchemical.com\/#\/schema\/logo\/image\/\",\"url\":\"https:\/\/longchangchemical.com\/wp-content\/uploads\/2020\/08\/cropped-longchang-logo.png\",\"contentUrl\":\"https:\/\/longchangchemical.com\/wp-content\/uploads\/2020\/08\/cropped-longchang-logo.png\",\"width\":512,\"height\":512,\"caption\":\"Longchang Chemical\"},\"image\":{\"@id\":\"https:\/\/longchangchemical.com\/#\/schema\/logo\/image\/\"}}]}<\/script>\n<!-- \/ Yoast SEO plugin. -->","yoast_head_json":{"title":"China CHLUMICRYL\u00ae WD-D547 \/ Benetzungsmittel Hersteller - Longchang Chemical","description":"CHLUMICRYL\u00ae WD-D547 \/ Netzmittel ist ein Schl\u00fcsselprodukt von Longchang Chemical. Wir bieten den besten Preis. Wir sind der f\u00fchrende Hersteller in China mit der besten Qualit\u00e4t und konkurrenzf\u00e4higem Preis.","robots":{"index":"index","follow":"follow","max-snippet":"max-snippet:-1","max-image-preview":"max-image-preview:large","max-video-preview":"max-video-preview:-1"},"canonical":"https:\/\/longchangchemical.com\/de\/product\/agesin-wd-d547-wetting-agent\/","og_locale":"de_DE","og_type":"article","og_title":"China CHLUMICRYL\u00ae WD-D547 \/ Wetting agent Manufacturer - Longchang Chemical","og_description":"CHLUMICRYL\u00ae WD-D547 \/ Wetting agent is a key product of Longchang Chemical. We provide the best price. We are the leading manufacturer in China with the best quality and competitive price.","og_url":"https:\/\/longchangchemical.com\/de\/product\/agesin-wd-d547-wetting-agent\/","og_site_name":"Longchang Chemical","article_modified_time":"2025-04-01T07:08:10+00:00","og_image":[{"width":1000,"height":1000,"url":"https:\/\/longchangchemical.com\/wp-content\/uploads\/2024\/02\/logo-jpeg.jpg","type":"image\/jpeg"}],"twitter_card":"summary_large_image","schema":{"@context":"https:\/\/schema.org","@graph":[{"@type":"WebPage","@id":"https:\/\/longchangchemical.com\/product\/agesin-wd-d547-wetting-agent\/","url":"https:\/\/longchangchemical.com\/product\/agesin-wd-d547-wetting-agent\/","name":"China CHLUMICRYL\u00ae WD-D547 \/ Benetzungsmittel Hersteller - Longchang Chemical","isPartOf":{"@id":"https:\/\/longchangchemical.com\/#website"},"datePublished":"2023-07-18T04:03:41+00:00","dateModified":"2025-04-01T07:08:10+00:00","description":"CHLUMICRYL\u00ae WD-D547 \/ Netzmittel ist ein Schl\u00fcsselprodukt von Longchang Chemical. Wir bieten den besten Preis. Wir sind der f\u00fchrende Hersteller in China mit der besten Qualit\u00e4t und konkurrenzf\u00e4higem Preis.","breadcrumb":{"@id":"https:\/\/longchangchemical.com\/product\/agesin-wd-d547-wetting-agent\/#breadcrumb"},"inLanguage":"de","potentialAction":[{"@type":"ReadAction","target":["https:\/\/longchangchemical.com\/product\/agesin-wd-d547-wetting-agent\/"]}]},{"@type":"BreadcrumbList","@id":"https:\/\/longchangchemical.com\/product\/agesin-wd-d547-wetting-agent\/#breadcrumb","itemListElement":[{"@type":"ListItem","position":1,"name":"Home","item":"https:\/\/longchangchemical.com\/"},{"@type":"ListItem","position":2,"name":"Products Longchang","item":"https:\/\/longchangchemical.com\/product\/"},{"@type":"ListItem","position":3,"name":"CHLUMICRYL\u00ae WD-D547 \/ Wetting agent"}]},{"@type":"WebSite","@id":"https:\/\/longchangchemical.com\/#website","url":"https:\/\/longchangchemical.com\/","name":"Longchang Chemical","description":"China Hersteller von Chemikalien \uff06 Lieferant","publisher":{"@id":"https:\/\/longchangchemical.com\/#organization"},"potentialAction":[{"@type":"SearchAction","target":{"@type":"EntryPoint","urlTemplate":"https:\/\/longchangchemical.com\/?s={search_term_string}"},"query-input":{"@type":"PropertyValueSpecification","valueRequired":true,"valueName":"search_term_string"}}],"inLanguage":"de"},{"@type":"Organization","@id":"https:\/\/longchangchemical.com\/#organization","name":"Longchang Chemical","url":"https:\/\/longchangchemical.com\/","logo":{"@type":"ImageObject","inLanguage":"de","@id":"https:\/\/longchangchemical.com\/#\/schema\/logo\/image\/","url":"https:\/\/longchangchemical.com\/wp-content\/uploads\/2020\/08\/cropped-longchang-logo.png","contentUrl":"https:\/\/longchangchemical.com\/wp-content\/uploads\/2020\/08\/cropped-longchang-logo.png","width":512,"height":512,"caption":"Longchang Chemical"},"image":{"@id":"https:\/\/longchangchemical.com\/#\/schema\/logo\/image\/"}}]}},"_links":{"self":[{"href":"https:\/\/longchangchemical.com\/de\/wp-json\/wp\/v2\/product\/6186","targetHints":{"allow":["GET"]}}],"collection":[{"href":"https:\/\/longchangchemical.com\/de\/wp-json\/wp\/v2\/product"}],"about":[{"href":"https:\/\/longchangchemical.com\/de\/wp-json\/wp\/v2\/types\/product"}],"replies":[{"embeddable":true,"href":"https:\/\/longchangchemical.com\/de\/wp-json\/wp\/v2\/comments?post=6186"}],"wp:attachment":[{"href":"https:\/\/longchangchemical.com\/de\/wp-json\/wp\/v2\/media?parent=6186"}],"wp:term":[{"taxonomy":"product_brand","embeddable":true,"href":"https:\/\/longchangchemical.com\/de\/wp-json\/wp\/v2\/product_brand?post=6186"},{"taxonomy":"product_cat","embeddable":true,"href":"https:\/\/longchangchemical.com\/de\/wp-json\/wp\/v2\/product_cat?post=6186"},{"taxonomy":"product_tag","embeddable":true,"href":"https:\/\/longchangchemical.com\/de\/wp-json\/wp\/v2\/product_tag?post=6186"}],"curies":[{"name":"wp","href":"https:\/\/api.w.org\/{rel}","templated":true}]}}