{"id":6121,"date":"2023-05-29T07:25:53","date_gmt":"2023-05-29T07:25:53","guid":{"rendered":"https:\/\/longchangchemical.com\/?post_type=product&#038;p=6121"},"modified":"2025-12-15T06:57:28","modified_gmt":"2025-12-15T06:57:28","slug":"chlumiflex-na-21-cas-151841-65-5","status":"publish","type":"product","link":"https:\/\/longchangchemical.com\/de\/product\/chlumiflex-na-21-cas-151841-65-5\/","title":{"rendered":"CHLUMIFLEX\u00ae NA-21 CAS 151841-65-5"},"content":{"rendered":"<h1><strong>CHLUMIFLEX\u00ae NA-21 CAS 151841-65-5<\/strong><\/h1>\n<p>Das Nukleierungsmittel NA-21 ist ein Organophosphat-Nukleierungsmittel der dritten Generation f\u00fcr kristalline Polymere, das weltweit das wirksamste und sicherste Additiv zur Versteifung und Permeabilit\u00e4tsmodifikation von PP ist. Es zeichnet sich durch hohe Steifigkeit, hohe W\u00e4rmebest\u00e4ndigkeit, hohe Transparenz, hohe H\u00e4rte und eine ausgeglichene horizontale und vertikale Schrumpfung aus, usw. Gleichzeitig hat es eine hohe Kristallisationsrate, die den Formgebungszyklus erheblich verk\u00fcrzen und die Produktionseffizienz der Produkte verbessern kann. Die empfohlene Zugabemenge betr\u00e4gt 0,03-0,1%, was einen deutlichen Versteifungs- und Durchsichtigkeitseffekt hat.<\/p>\n<h2><strong>CHLUMIFLEX\u00ae NA-21 Verwendung<\/strong><\/h2>\n<p>NA-21 wird als Versteifungsmittel verwendet: Es wird haupts\u00e4chlich in Homopolymer-Polypropylen und Random-Copolymer-Polypropylen verwendet, z. B. zur Herstellung von hochkristallinen, hochfesten, hitzebest\u00e4ndigen, hitzebest\u00e4ndigen modifizierten Polypropylenprodukten. Das Produkt wird haupts\u00e4chlich f\u00fcr die Herstellung von Sto\u00dfstangen, Innenverkleidungen, Armaturenbrettern und Geh\u00e4usen f\u00fcr kleine Haushaltsger\u00e4te (B\u00fcgeleisen, Haartrockner, Reiskocher, elektrische Dampfgarer usw.) verwendet. Die Produkte werden haupts\u00e4chlich f\u00fcr die Herstellung von Polypropylenprodukten wie Sto\u00dfstangen, Innenverkleidungen, Armaturenbrettern, kleinen Haushaltsger\u00e4ten (B\u00fcgeleisen, Haartrockner, Reiskocher, elektrische D\u00e4mpfer) usw. verwendet.<\/p>\n<p>NA-21 wird als Permeabilit\u00e4tsverst\u00e4rker verwendet: Es wird haupts\u00e4chlich in statistischem Copolymer-Polypropylen verwendet, das die Steifigkeit verbessern und gleichzeitig die Permeabilit\u00e4t erh\u00f6hen kann, z. B. zur Herstellung transparenter modifizierter Polypropylenprodukte. Dieses Produkt wird haupts\u00e4chlich f\u00fcr die Herstellung von medizinischen Ger\u00e4ten wie Einweginfusionssets, Einwegspritzen, Einwegspritzen usw. verwendet. Es wird auch f\u00fcr die Herstellung von transparenten modifizierten Polypropylenprodukten verwendet. Es kann auch zur Herstellung von hei\u00df abgef\u00fcllten Getr\u00e4nkeflaschen, Milchteebechern und anderen Lebensmittelbeh\u00e4ltern verwendet werden.<\/p>\n<h2><strong>CHLUMIFLEX\u00ae NA-21 Anwendungshinweise<\/strong><\/h2>\n<p>Wir empfehlen die Zugabe von 0. 03% bis 0. 1% des Produkts. Es wird empfohlen, mit hoher Geschwindigkeit zu r\u00fchren, um es gleichm\u00e4\u00dfig zu machen.<\/p>\n<h2><strong>CHLUMIFLEX\u00ae NA-21 Verpackung und Lagerung<\/strong><\/h2>\n<p>Verpackt in einem mit Plastikfolie ausgekleideten Karton, betr\u00e4gt der Nettoinhalt eines jeden Pakets 10 kg oder 20 kg. Es sollte wasserdicht und feuchtigkeitsbest\u00e4ndig w\u00e4hrend des Transports sein; Es sollte in einem trockenen und bel\u00fcfteten Lagerhaus gelagert werden, weit weg von einer Feuerquelle; Lagerzeit ist 24 Monate.<\/p>\n<h2><strong><b>Kontaktieren Sie uns jetzt!<\/b><\/strong><\/h2>\n<h4><strong><b>Wenn Sie COA, MSDS oder TDS ben\u00f6tigen, geben Sie bitte Ihre Kontaktinformationen in das untenstehende Formular ein. Wir werden uns in der Regel innerhalb von 24 Stunden mit Ihnen in Verbindung setzen.<\/b><\/strong> Sie k\u00f6nnen mir auch eine E-Mail schicken <a href=\"mailto:info@longchangchemical.com\"><span style=\"color: #0000ff;\">info@longchangchemical.com<\/span><\/a> w\u00e4hrend der Gesch\u00e4ftszeiten ( 8:30 bis 18:00 Uhr UTC+8 Mo.~Sa. ) oder nutzen Sie den Live-Chat auf der Website, um eine schnelle Antwort zu erhalten.<\/h4>","protected":false},"excerpt":{"rendered":"<p>CHLUMIFLEX\u00ae NA-21 CAS 151841-65-5 Nukleierungsmittel NA-21 ist ein Organophosphat-Keimbildner der dritten Generation f\u00fcr kristalline Polymere, der weltweit das wirksamste und sicherste Additiv zur Versteifung und Permeabilit\u00e4ts\u00e4nderung von PP ist. Es zeichnet sich durch hohe Steifigkeit, hohe W\u00e4rmebest\u00e4ndigkeit, hohe Transparenz, hohe H\u00e4rte und eine ausgeglichene horizontale und vertikale Schrumpfung aus, usw. Gleichzeitig hat es [...]<\/p>","protected":false},"featured_media":0,"comment_status":"open","ping_status":"closed","template":"","meta":[],"product_brand":[],"product_cat":[141],"product_tag":[],"class_list":{"0":"post-6121","1":"product","2":"type-product","3":"status-publish","5":"product_cat-nucleating-agent","7":"first","8":"instock","9":"shipping-taxable","10":"product-type-simple"},"yoast_head":"<!-- This site is optimized with the Yoast SEO plugin v25.3.1 - https:\/\/yoast.com\/wordpress\/plugins\/seo\/ -->\n<title>China PET nucleating agent NA-21 CAS 151841-65-5 Manufacturer - Longchang Chemical<\/title>\n<meta name=\"description\" content=\"PET nucleating agent NA-21 CAS 151841-65-5 is a key product of Longchang Chemical. We provide the best price. We are the leading manufacturer in China with the best quality and competitive price.\" \/>\n<meta name=\"robots\" content=\"index, follow, max-snippet:-1, max-image-preview:large, max-video-preview:-1\" \/>\n<link rel=\"canonical\" href=\"https:\/\/longchangchemical.com\/de\/product\/chlumiflex-na-21-cas-151841-65-5\/\" \/>\n<meta property=\"og:locale\" content=\"de_DE\" \/>\n<meta property=\"og:type\" content=\"article\" \/>\n<meta property=\"og:title\" content=\"China PET nucleating agent NA-21 CAS 151841-65-5 Manufacturer - Longchang Chemical\" \/>\n<meta property=\"og:description\" content=\"PET nucleating agent NA-21 CAS 151841-65-5 is a key product of Longchang Chemical. We provide the best price. We are the leading manufacturer in China with the best quality and competitive price.\" \/>\n<meta property=\"og:url\" content=\"https:\/\/longchangchemical.com\/de\/product\/chlumiflex-na-21-cas-151841-65-5\/\" \/>\n<meta property=\"og:site_name\" content=\"Longchang Chemical\" \/>\n<meta property=\"article:modified_time\" content=\"2025-12-15T06:57:28+00:00\" \/>\n<meta property=\"og:image\" content=\"https:\/\/longchangchemical.com\/wp-content\/uploads\/2024\/02\/logo-jpeg.jpg\" \/>\n\t<meta property=\"og:image:width\" content=\"1000\" \/>\n\t<meta property=\"og:image:height\" content=\"1000\" \/>\n\t<meta property=\"og:image:type\" content=\"image\/jpeg\" \/>\n<meta name=\"twitter:card\" content=\"summary_large_image\" \/>\n<script type=\"application\/ld+json\" class=\"yoast-schema-graph\">{\"@context\":\"https:\/\/schema.org\",\"@graph\":[{\"@type\":\"WebPage\",\"@id\":\"https:\/\/longchangchemical.com\/product\/chlumiflex-na-21-cas-151841-65-5\/\",\"url\":\"https:\/\/longchangchemical.com\/product\/chlumiflex-na-21-cas-151841-65-5\/\",\"name\":\"China PET nucleating agent NA-21 CAS 151841-65-5 Manufacturer - Longchang Chemical\",\"isPartOf\":{\"@id\":\"https:\/\/longchangchemical.com\/#website\"},\"datePublished\":\"2023-05-29T07:25:53+00:00\",\"dateModified\":\"2025-12-15T06:57:28+00:00\",\"description\":\"PET nucleating agent NA-21 CAS 151841-65-5 is a key product of Longchang Chemical. We provide the best price. We are the leading manufacturer in China with the best quality and competitive price.\",\"breadcrumb\":{\"@id\":\"https:\/\/longchangchemical.com\/product\/chlumiflex-na-21-cas-151841-65-5\/#breadcrumb\"},\"inLanguage\":\"de\",\"potentialAction\":[{\"@type\":\"ReadAction\",\"target\":[\"https:\/\/longchangchemical.com\/product\/chlumiflex-na-21-cas-151841-65-5\/\"]}]},{\"@type\":\"BreadcrumbList\",\"@id\":\"https:\/\/longchangchemical.com\/product\/chlumiflex-na-21-cas-151841-65-5\/#breadcrumb\",\"itemListElement\":[{\"@type\":\"ListItem\",\"position\":1,\"name\":\"Home\",\"item\":\"https:\/\/longchangchemical.com\/\"},{\"@type\":\"ListItem\",\"position\":2,\"name\":\"Products Longchang\",\"item\":\"https:\/\/longchangchemical.com\/product\/\"},{\"@type\":\"ListItem\",\"position\":3,\"name\":\"CHLUMIFLEX\u00ae NA-21 CAS 151841-65-5\"}]},{\"@type\":\"WebSite\",\"@id\":\"https:\/\/longchangchemical.com\/#website\",\"url\":\"https:\/\/longchangchemical.com\/\",\"name\":\"Longchang Chemical\",\"description\":\"China chemical manufacturer \uff06 supplier\",\"publisher\":{\"@id\":\"https:\/\/longchangchemical.com\/#organization\"},\"potentialAction\":[{\"@type\":\"SearchAction\",\"target\":{\"@type\":\"EntryPoint\",\"urlTemplate\":\"https:\/\/longchangchemical.com\/?s={search_term_string}\"},\"query-input\":{\"@type\":\"PropertyValueSpecification\",\"valueRequired\":true,\"valueName\":\"search_term_string\"}}],\"inLanguage\":\"de\"},{\"@type\":\"Organization\",\"@id\":\"https:\/\/longchangchemical.com\/#organization\",\"name\":\"Longchang Chemical\",\"url\":\"https:\/\/longchangchemical.com\/\",\"logo\":{\"@type\":\"ImageObject\",\"inLanguage\":\"de\",\"@id\":\"https:\/\/longchangchemical.com\/#\/schema\/logo\/image\/\",\"url\":\"https:\/\/longchangchemical.com\/wp-content\/uploads\/2020\/08\/cropped-longchang-logo.png\",\"contentUrl\":\"https:\/\/longchangchemical.com\/wp-content\/uploads\/2020\/08\/cropped-longchang-logo.png\",\"width\":512,\"height\":512,\"caption\":\"Longchang Chemical\"},\"image\":{\"@id\":\"https:\/\/longchangchemical.com\/#\/schema\/logo\/image\/\"}}]}<\/script>\n<!-- \/ Yoast SEO plugin. -->","yoast_head_json":{"title":"China PET-Keimbildner NA-21 CAS 151841-65-5 Hersteller - Longchang Chemical","description":"PET-Keimbildner NA-21 CAS 151841-65-5 ist ein Schl\u00fcsselprodukt von Longchang Chemical. Wir bieten den besten Preis. Wir sind der f\u00fchrende Hersteller in China mit der besten Qualit\u00e4t und konkurrenzf\u00e4higem Preis.","robots":{"index":"index","follow":"follow","max-snippet":"max-snippet:-1","max-image-preview":"max-image-preview:large","max-video-preview":"max-video-preview:-1"},"canonical":"https:\/\/longchangchemical.com\/de\/product\/chlumiflex-na-21-cas-151841-65-5\/","og_locale":"de_DE","og_type":"article","og_title":"China PET nucleating agent NA-21 CAS 151841-65-5 Manufacturer - Longchang Chemical","og_description":"PET nucleating agent NA-21 CAS 151841-65-5 is a key product of Longchang Chemical. We provide the best price. We are the leading manufacturer in China with the best quality and competitive price.","og_url":"https:\/\/longchangchemical.com\/de\/product\/chlumiflex-na-21-cas-151841-65-5\/","og_site_name":"Longchang Chemical","article_modified_time":"2025-12-15T06:57:28+00:00","og_image":[{"width":1000,"height":1000,"url":"https:\/\/longchangchemical.com\/wp-content\/uploads\/2024\/02\/logo-jpeg.jpg","type":"image\/jpeg"}],"twitter_card":"summary_large_image","schema":{"@context":"https:\/\/schema.org","@graph":[{"@type":"WebPage","@id":"https:\/\/longchangchemical.com\/product\/chlumiflex-na-21-cas-151841-65-5\/","url":"https:\/\/longchangchemical.com\/product\/chlumiflex-na-21-cas-151841-65-5\/","name":"China PET-Keimbildner NA-21 CAS 151841-65-5 Hersteller - Longchang Chemical","isPartOf":{"@id":"https:\/\/longchangchemical.com\/#website"},"datePublished":"2023-05-29T07:25:53+00:00","dateModified":"2025-12-15T06:57:28+00:00","description":"PET-Keimbildner NA-21 CAS 151841-65-5 ist ein Schl\u00fcsselprodukt von Longchang Chemical. Wir bieten den besten Preis. Wir sind der f\u00fchrende Hersteller in China mit der besten Qualit\u00e4t und konkurrenzf\u00e4higem Preis.","breadcrumb":{"@id":"https:\/\/longchangchemical.com\/product\/chlumiflex-na-21-cas-151841-65-5\/#breadcrumb"},"inLanguage":"de","potentialAction":[{"@type":"ReadAction","target":["https:\/\/longchangchemical.com\/product\/chlumiflex-na-21-cas-151841-65-5\/"]}]},{"@type":"BreadcrumbList","@id":"https:\/\/longchangchemical.com\/product\/chlumiflex-na-21-cas-151841-65-5\/#breadcrumb","itemListElement":[{"@type":"ListItem","position":1,"name":"Home","item":"https:\/\/longchangchemical.com\/"},{"@type":"ListItem","position":2,"name":"Products Longchang","item":"https:\/\/longchangchemical.com\/product\/"},{"@type":"ListItem","position":3,"name":"CHLUMIFLEX\u00ae NA-21 CAS 151841-65-5"}]},{"@type":"WebSite","@id":"https:\/\/longchangchemical.com\/#website","url":"https:\/\/longchangchemical.com\/","name":"Longchang Chemical","description":"China Hersteller von Chemikalien \uff06 Lieferant","publisher":{"@id":"https:\/\/longchangchemical.com\/#organization"},"potentialAction":[{"@type":"SearchAction","target":{"@type":"EntryPoint","urlTemplate":"https:\/\/longchangchemical.com\/?s={search_term_string}"},"query-input":{"@type":"PropertyValueSpecification","valueRequired":true,"valueName":"search_term_string"}}],"inLanguage":"de"},{"@type":"Organization","@id":"https:\/\/longchangchemical.com\/#organization","name":"Longchang Chemical","url":"https:\/\/longchangchemical.com\/","logo":{"@type":"ImageObject","inLanguage":"de","@id":"https:\/\/longchangchemical.com\/#\/schema\/logo\/image\/","url":"https:\/\/longchangchemical.com\/wp-content\/uploads\/2020\/08\/cropped-longchang-logo.png","contentUrl":"https:\/\/longchangchemical.com\/wp-content\/uploads\/2020\/08\/cropped-longchang-logo.png","width":512,"height":512,"caption":"Longchang Chemical"},"image":{"@id":"https:\/\/longchangchemical.com\/#\/schema\/logo\/image\/"}}]}},"_links":{"self":[{"href":"https:\/\/longchangchemical.com\/de\/wp-json\/wp\/v2\/product\/6121","targetHints":{"allow":["GET"]}}],"collection":[{"href":"https:\/\/longchangchemical.com\/de\/wp-json\/wp\/v2\/product"}],"about":[{"href":"https:\/\/longchangchemical.com\/de\/wp-json\/wp\/v2\/types\/product"}],"replies":[{"embeddable":true,"href":"https:\/\/longchangchemical.com\/de\/wp-json\/wp\/v2\/comments?post=6121"}],"wp:attachment":[{"href":"https:\/\/longchangchemical.com\/de\/wp-json\/wp\/v2\/media?parent=6121"}],"wp:term":[{"taxonomy":"product_brand","embeddable":true,"href":"https:\/\/longchangchemical.com\/de\/wp-json\/wp\/v2\/product_brand?post=6121"},{"taxonomy":"product_cat","embeddable":true,"href":"https:\/\/longchangchemical.com\/de\/wp-json\/wp\/v2\/product_cat?post=6121"},{"taxonomy":"product_tag","embeddable":true,"href":"https:\/\/longchangchemical.com\/de\/wp-json\/wp\/v2\/product_tag?post=6121"}],"curies":[{"name":"wp","href":"https:\/\/api.w.org\/{rel}","templated":true}]}}