{"id":6089,"date":"2023-05-13T06:50:58","date_gmt":"2023-05-13T06:50:58","guid":{"rendered":"https:\/\/longchangchemical.com\/?post_type=product&#038;p=6089"},"modified":"2026-01-09T06:57:33","modified_gmt":"2026-01-09T06:57:33","slug":"lcsorb-bp-8-cas-131-53-3","status":"publish","type":"product","link":"https:\/\/longchangchemical.com\/de\/product\/lcsorb-bp-8-cas-131-53-3\/","title":{"rendered":"CHLUMIUV\u00ae BP-8 CAS 131-53-3"},"content":{"rendered":"<h1><strong>BP-8 CAS 131-53-3<\/strong><\/h1>\n<table style=\"border-collapse: collapse; width: 245.28pt;\" border=\"0\" width=\"327\" cellspacing=\"0\" cellpadding=\"0\">\n<tbody>\n<tr style=\"height: 42.75pt;\">\n<td class=\"et2\" style=\"height: 42.75pt; width: 118.50pt;\" width=\"158\" height=\"57\">Erscheinungsbild<\/td>\n<td class=\"et2\" style=\"width: 126.75pt;\" width=\"169\">Hellgelbes Pulver<\/td>\n<\/tr>\n<tr style=\"height: 28.50pt;\">\n<td class=\"et2\" style=\"height: 28.50pt; width: 118.50pt;\" width=\"158\" height=\"38\">Molekulargewicht<\/td>\n<td class=\"et2\" style=\"width: 126.75pt;\" width=\"169\">244.2<\/td>\n<\/tr>\n<tr style=\"height: 28.50pt;\">\n<td class=\"et2\" style=\"height: 28.50pt; width: 118.50pt;\" width=\"158\" height=\"38\">Inhalt<\/td>\n<td class=\"et2\" style=\"width: 126.75pt;\" width=\"169\">97.0-103.0%<\/td>\n<\/tr>\n<tr style=\"height: 28.50pt;\">\n<td class=\"et2\" style=\"height: 28.50pt; width: 118.50pt;\" width=\"158\" height=\"38\">Schmelzpunkt<\/td>\n<td class=\"et2\" style=\"width: 126.75pt;\" width=\"169\">\u226571<span class=\"font2\">\u2103<\/span><\/td>\n<\/tr>\n<tr style=\"height: 28.50pt;\">\n<td class=\"et2\" style=\"height: 28.50pt; width: 118.50pt;\" width=\"158\" height=\"38\">Flammpunkt<\/td>\n<td class=\"et2\" style=\"width: 126.75pt;\" width=\"169\">146<span class=\"font2\">\u2103<\/span><\/td>\n<\/tr>\n<tr style=\"height: 28.50pt;\">\n<td class=\"et2\" style=\"height: 28.50pt; width: 118.50pt;\" width=\"158\" height=\"38\">Dichte@20<span class=\"font2\">\u2103<\/span><\/td>\n<td class=\"et2\" style=\"width: 126.75pt;\" width=\"169\">1,30 g\/cm3<\/td>\n<\/tr>\n<tr style=\"height: 14.25pt;\">\n<td class=\"et2\" style=\"height: 14.25pt; width: 118.50pt;\" width=\"158\" height=\"19\">Esche<\/td>\n<td class=\"et2\" style=\"width: 126.75pt;\" width=\"169\">\u22640.1%<\/td>\n<\/tr>\n<tr style=\"height: 14.25pt;\">\n<td class=\"et2\" style=\"height: 14.25pt; width: 118.50pt;\" width=\"158\" height=\"19\">Volatilit\u00e4t<\/td>\n<td class=\"et2\" style=\"width: 126.75pt;\" width=\"169\">\u22640,5%<\/td>\n<\/tr>\n<tr style=\"height: 57.00pt;\">\n<td class=\"et2\" style=\"height: 57.00pt; width: 118.50pt;\" width=\"158\" height=\"76\">Spezifikation f\u00fcr die Verpackung<\/td>\n<td class=\"et2\" style=\"width: 126.75pt;\" width=\"169\">25kg-Karton-Papierfass<\/td>\n<\/tr>\n<\/tbody>\n<\/table>\n<h2><strong>BP-8 Verwendung<\/strong><\/h2>\n<p>1. UV-Absorber BP-8 ist ein UV-Absorber vom Typ Benzophenon, dessen Molekularstruktur zwei benachbarte Hydroxylgruppen enth\u00e4lt. Er kann 320-400nm UV-Licht absorbieren und hat eine gute Kompatibilit\u00e4t, lange Haltedauer, gute thermische Stabilit\u00e4t und hohe Absorptionsleistung.<\/p>\n<p>2. Der UV-Absorber BP-8 ist f\u00fcr Kunststoffe und Beschichtungen geeignet, insbesondere f\u00fcr Polymethylmethacrylat, Polyvinylchlorid, ABS-Harz, Mylaminharz, Acrylharz, unges\u00e4ttigtes Harz, Zelluloseharz. Die allgemeine Dosierung betr\u00e4gt 0,5-3%.<\/p>\n<h2><strong>Kontaktieren Sie uns jetzt!<\/strong><\/h2>\n<p><strong>Wenn Sie COA, MSDS oder TDS von <span style=\"color: #00ccff;\"><a style=\"color: #00ccff;\" href=\"https:\/\/longchangchemical.com\/de\/product-category\/lcsorb-uv-absorber\/\">UV-Absorber<\/a><\/span>Bitte tragen Sie Ihre Kontaktdaten in das untenstehende Formular ein. Wir werden uns in der Regel innerhalb von 24 Stunden mit Ihnen in Verbindung setzen. Sie k\u00f6nnen mir auch eine E-Mail schicken <span style=\"color: #00ccff;\"><a style=\"color: #00ccff;\" href=\"mailto:info@longchangchemical.com\">info@longchangchemical.com<\/a> <\/span>w\u00e4hrend der Gesch\u00e4ftszeiten ( 8:30 bis 18:00 Uhr UTC+8 Mo.~Sa. ) oder nutzen Sie den Live-Chat auf der Website, um eine schnelle Antwort zu erhalten.<\/strong><\/p>","protected":false},"excerpt":{"rendered":"<p>BP-8 CAS 131-53-3 Aussehen Hellgelbes Pulver Molekulargewicht 244.2 Inhalt 97.0-103.0% Schmelzpunkt \u226571\u2103 Flammpunkt 146\u2103 Dichte@20\u2103 1.30g\/cm3 Asche \u22640.1% Fl\u00fcchtigkeit \u22640.5% Verpackungsspezifikation 25kg Karton Papierfass BP-8 Verwendung 1. UV-Absorber BP-8 ist ein UV-Absorber vom Typ Benzophenon, dessen Molekularstruktur zwei benachbarte Hydroxylgruppen enth\u00e4lt. Es ist in der Lage zu absorbieren [...]<\/p>","protected":false},"featured_media":7939,"comment_status":"closed","ping_status":"closed","template":"","meta":[],"product_brand":[],"product_cat":[139],"product_tag":[],"class_list":{"0":"post-6089","1":"product","2":"type-product","3":"status-publish","4":"has-post-thumbnail","6":"product_cat-lcsorb-uv-absorber","8":"first","9":"instock","10":"shipping-taxable","11":"product-type-simple"},"yoast_head":"<!-- This site is optimized with the Yoast SEO plugin v25.3.1 - https:\/\/yoast.com\/wordpress\/plugins\/seo\/ -->\n<title>China CHLUMIUV\u00ae BP-8 CAS 131-53-3 Manufacturer - Longchang Chemical<\/title>\n<meta name=\"description\" content=\"CHLUMIUV\u00ae BP-8 CAS 131-53-3 is a key product of Longchang Chemical. We provide the best price. We are the leading manufacturer in China with the best quality and competitive price.\" \/>\n<meta name=\"robots\" content=\"index, follow, max-snippet:-1, max-image-preview:large, max-video-preview:-1\" \/>\n<link rel=\"canonical\" href=\"https:\/\/longchangchemical.com\/de\/product\/lcsorb-bp-8-cas-131-53-3\/\" \/>\n<meta property=\"og:locale\" content=\"de_DE\" \/>\n<meta property=\"og:type\" content=\"article\" \/>\n<meta property=\"og:title\" content=\"China CHLUMIUV\u00ae BP-8 CAS 131-53-3 Manufacturer - Longchang Chemical\" \/>\n<meta property=\"og:description\" content=\"CHLUMIUV\u00ae BP-8 CAS 131-53-3 is a key product of Longchang Chemical. We provide the best price. We are the leading manufacturer in China with the best quality and competitive price.\" \/>\n<meta property=\"og:url\" content=\"https:\/\/longchangchemical.com\/de\/product\/lcsorb-bp-8-cas-131-53-3\/\" \/>\n<meta property=\"og:site_name\" content=\"Longchang Chemical\" \/>\n<meta property=\"article:modified_time\" content=\"2026-01-09T06:57:33+00:00\" \/>\n<meta property=\"og:image\" content=\"https:\/\/longchangchemical.com\/wp-content\/uploads\/2023\/05\/131-53-3.jpg\" \/>\n\t<meta property=\"og:image:width\" content=\"600\" \/>\n\t<meta property=\"og:image:height\" content=\"600\" \/>\n\t<meta property=\"og:image:type\" content=\"image\/jpeg\" \/>\n<meta name=\"twitter:card\" content=\"summary_large_image\" \/>\n<script type=\"application\/ld+json\" class=\"yoast-schema-graph\">{\"@context\":\"https:\/\/schema.org\",\"@graph\":[{\"@type\":\"WebPage\",\"@id\":\"https:\/\/longchangchemical.com\/product\/lcsorb-bp-8-cas-131-53-3\/\",\"url\":\"https:\/\/longchangchemical.com\/product\/lcsorb-bp-8-cas-131-53-3\/\",\"name\":\"China CHLUMIUV\u00ae BP-8 CAS 131-53-3 Manufacturer - Longchang Chemical\",\"isPartOf\":{\"@id\":\"https:\/\/longchangchemical.com\/#website\"},\"primaryImageOfPage\":{\"@id\":\"https:\/\/longchangchemical.com\/product\/lcsorb-bp-8-cas-131-53-3\/#primaryimage\"},\"image\":{\"@id\":\"https:\/\/longchangchemical.com\/product\/lcsorb-bp-8-cas-131-53-3\/#primaryimage\"},\"thumbnailUrl\":\"https:\/\/longchangchemical.com\/wp-content\/uploads\/2023\/05\/131-53-3.jpg\",\"datePublished\":\"2023-05-13T06:50:58+00:00\",\"dateModified\":\"2026-01-09T06:57:33+00:00\",\"description\":\"CHLUMIUV\u00ae BP-8 CAS 131-53-3 is a key product of Longchang Chemical. We provide the best price. We are the leading manufacturer in China with the best quality and competitive price.\",\"breadcrumb\":{\"@id\":\"https:\/\/longchangchemical.com\/product\/lcsorb-bp-8-cas-131-53-3\/#breadcrumb\"},\"inLanguage\":\"de\",\"potentialAction\":[{\"@type\":\"ReadAction\",\"target\":[\"https:\/\/longchangchemical.com\/product\/lcsorb-bp-8-cas-131-53-3\/\"]}]},{\"@type\":\"ImageObject\",\"inLanguage\":\"de\",\"@id\":\"https:\/\/longchangchemical.com\/product\/lcsorb-bp-8-cas-131-53-3\/#primaryimage\",\"url\":\"https:\/\/longchangchemical.com\/wp-content\/uploads\/2023\/05\/131-53-3.jpg\",\"contentUrl\":\"https:\/\/longchangchemical.com\/wp-content\/uploads\/2023\/05\/131-53-3.jpg\",\"width\":600,\"height\":600},{\"@type\":\"BreadcrumbList\",\"@id\":\"https:\/\/longchangchemical.com\/product\/lcsorb-bp-8-cas-131-53-3\/#breadcrumb\",\"itemListElement\":[{\"@type\":\"ListItem\",\"position\":1,\"name\":\"Home\",\"item\":\"https:\/\/longchangchemical.com\/\"},{\"@type\":\"ListItem\",\"position\":2,\"name\":\"Products Longchang\",\"item\":\"https:\/\/longchangchemical.com\/product\/\"},{\"@type\":\"ListItem\",\"position\":3,\"name\":\"CHLUMIUV\u00ae BP-8 CAS 131-53-3\"}]},{\"@type\":\"WebSite\",\"@id\":\"https:\/\/longchangchemical.com\/#website\",\"url\":\"https:\/\/longchangchemical.com\/\",\"name\":\"Longchang Chemical\",\"description\":\"China chemical manufacturer \uff06 supplier\",\"publisher\":{\"@id\":\"https:\/\/longchangchemical.com\/#organization\"},\"potentialAction\":[{\"@type\":\"SearchAction\",\"target\":{\"@type\":\"EntryPoint\",\"urlTemplate\":\"https:\/\/longchangchemical.com\/?s={search_term_string}\"},\"query-input\":{\"@type\":\"PropertyValueSpecification\",\"valueRequired\":true,\"valueName\":\"search_term_string\"}}],\"inLanguage\":\"de\"},{\"@type\":\"Organization\",\"@id\":\"https:\/\/longchangchemical.com\/#organization\",\"name\":\"Longchang Chemical\",\"url\":\"https:\/\/longchangchemical.com\/\",\"logo\":{\"@type\":\"ImageObject\",\"inLanguage\":\"de\",\"@id\":\"https:\/\/longchangchemical.com\/#\/schema\/logo\/image\/\",\"url\":\"https:\/\/longchangchemical.com\/wp-content\/uploads\/2020\/08\/cropped-longchang-logo.png\",\"contentUrl\":\"https:\/\/longchangchemical.com\/wp-content\/uploads\/2020\/08\/cropped-longchang-logo.png\",\"width\":512,\"height\":512,\"caption\":\"Longchang Chemical\"},\"image\":{\"@id\":\"https:\/\/longchangchemical.com\/#\/schema\/logo\/image\/\"}}]}<\/script>\n<!-- \/ Yoast SEO plugin. -->","yoast_head_json":{"title":"China CHLUMIUV\u00ae BP-8 CAS 131-53-3 Hersteller - Longchang Chemical","description":"CHLUMIUV\u00ae BP-8 CAS 131-53-3 ist ein Schl\u00fcsselprodukt von Longchang Chemical. Wir bieten den besten Preis. Wir sind der f\u00fchrende Hersteller in China mit der besten Qualit\u00e4t und konkurrenzf\u00e4higem Preis.","robots":{"index":"index","follow":"follow","max-snippet":"max-snippet:-1","max-image-preview":"max-image-preview:large","max-video-preview":"max-video-preview:-1"},"canonical":"https:\/\/longchangchemical.com\/de\/product\/lcsorb-bp-8-cas-131-53-3\/","og_locale":"de_DE","og_type":"article","og_title":"China CHLUMIUV\u00ae BP-8 CAS 131-53-3 Manufacturer - Longchang Chemical","og_description":"CHLUMIUV\u00ae BP-8 CAS 131-53-3 is a key product of Longchang Chemical. We provide the best price. We are the leading manufacturer in China with the best quality and competitive price.","og_url":"https:\/\/longchangchemical.com\/de\/product\/lcsorb-bp-8-cas-131-53-3\/","og_site_name":"Longchang Chemical","article_modified_time":"2026-01-09T06:57:33+00:00","og_image":[{"width":600,"height":600,"url":"https:\/\/longchangchemical.com\/wp-content\/uploads\/2023\/05\/131-53-3.jpg","type":"image\/jpeg"}],"twitter_card":"summary_large_image","schema":{"@context":"https:\/\/schema.org","@graph":[{"@type":"WebPage","@id":"https:\/\/longchangchemical.com\/product\/lcsorb-bp-8-cas-131-53-3\/","url":"https:\/\/longchangchemical.com\/product\/lcsorb-bp-8-cas-131-53-3\/","name":"China CHLUMIUV\u00ae BP-8 CAS 131-53-3 Hersteller - Longchang Chemical","isPartOf":{"@id":"https:\/\/longchangchemical.com\/#website"},"primaryImageOfPage":{"@id":"https:\/\/longchangchemical.com\/product\/lcsorb-bp-8-cas-131-53-3\/#primaryimage"},"image":{"@id":"https:\/\/longchangchemical.com\/product\/lcsorb-bp-8-cas-131-53-3\/#primaryimage"},"thumbnailUrl":"https:\/\/longchangchemical.com\/wp-content\/uploads\/2023\/05\/131-53-3.jpg","datePublished":"2023-05-13T06:50:58+00:00","dateModified":"2026-01-09T06:57:33+00:00","description":"CHLUMIUV\u00ae BP-8 CAS 131-53-3 ist ein Schl\u00fcsselprodukt von Longchang Chemical. Wir bieten den besten Preis. Wir sind der f\u00fchrende Hersteller in China mit der besten Qualit\u00e4t und konkurrenzf\u00e4higem Preis.","breadcrumb":{"@id":"https:\/\/longchangchemical.com\/product\/lcsorb-bp-8-cas-131-53-3\/#breadcrumb"},"inLanguage":"de","potentialAction":[{"@type":"ReadAction","target":["https:\/\/longchangchemical.com\/product\/lcsorb-bp-8-cas-131-53-3\/"]}]},{"@type":"ImageObject","inLanguage":"de","@id":"https:\/\/longchangchemical.com\/product\/lcsorb-bp-8-cas-131-53-3\/#primaryimage","url":"https:\/\/longchangchemical.com\/wp-content\/uploads\/2023\/05\/131-53-3.jpg","contentUrl":"https:\/\/longchangchemical.com\/wp-content\/uploads\/2023\/05\/131-53-3.jpg","width":600,"height":600},{"@type":"BreadcrumbList","@id":"https:\/\/longchangchemical.com\/product\/lcsorb-bp-8-cas-131-53-3\/#breadcrumb","itemListElement":[{"@type":"ListItem","position":1,"name":"Home","item":"https:\/\/longchangchemical.com\/"},{"@type":"ListItem","position":2,"name":"Products Longchang","item":"https:\/\/longchangchemical.com\/product\/"},{"@type":"ListItem","position":3,"name":"CHLUMIUV\u00ae BP-8 CAS 131-53-3"}]},{"@type":"WebSite","@id":"https:\/\/longchangchemical.com\/#website","url":"https:\/\/longchangchemical.com\/","name":"Longchang Chemical","description":"China Hersteller von Chemikalien \uff06 Lieferant","publisher":{"@id":"https:\/\/longchangchemical.com\/#organization"},"potentialAction":[{"@type":"SearchAction","target":{"@type":"EntryPoint","urlTemplate":"https:\/\/longchangchemical.com\/?s={search_term_string}"},"query-input":{"@type":"PropertyValueSpecification","valueRequired":true,"valueName":"search_term_string"}}],"inLanguage":"de"},{"@type":"Organization","@id":"https:\/\/longchangchemical.com\/#organization","name":"Longchang Chemical","url":"https:\/\/longchangchemical.com\/","logo":{"@type":"ImageObject","inLanguage":"de","@id":"https:\/\/longchangchemical.com\/#\/schema\/logo\/image\/","url":"https:\/\/longchangchemical.com\/wp-content\/uploads\/2020\/08\/cropped-longchang-logo.png","contentUrl":"https:\/\/longchangchemical.com\/wp-content\/uploads\/2020\/08\/cropped-longchang-logo.png","width":512,"height":512,"caption":"Longchang Chemical"},"image":{"@id":"https:\/\/longchangchemical.com\/#\/schema\/logo\/image\/"}}]}},"_links":{"self":[{"href":"https:\/\/longchangchemical.com\/de\/wp-json\/wp\/v2\/product\/6089","targetHints":{"allow":["GET"]}}],"collection":[{"href":"https:\/\/longchangchemical.com\/de\/wp-json\/wp\/v2\/product"}],"about":[{"href":"https:\/\/longchangchemical.com\/de\/wp-json\/wp\/v2\/types\/product"}],"replies":[{"embeddable":true,"href":"https:\/\/longchangchemical.com\/de\/wp-json\/wp\/v2\/comments?post=6089"}],"wp:featuredmedia":[{"embeddable":true,"href":"https:\/\/longchangchemical.com\/de\/wp-json\/wp\/v2\/media\/7939"}],"wp:attachment":[{"href":"https:\/\/longchangchemical.com\/de\/wp-json\/wp\/v2\/media?parent=6089"}],"wp:term":[{"taxonomy":"product_brand","embeddable":true,"href":"https:\/\/longchangchemical.com\/de\/wp-json\/wp\/v2\/product_brand?post=6089"},{"taxonomy":"product_cat","embeddable":true,"href":"https:\/\/longchangchemical.com\/de\/wp-json\/wp\/v2\/product_cat?post=6089"},{"taxonomy":"product_tag","embeddable":true,"href":"https:\/\/longchangchemical.com\/de\/wp-json\/wp\/v2\/product_tag?post=6089"}],"curies":[{"name":"wp","href":"https:\/\/api.w.org\/{rel}","templated":true}]}}