{"id":6056,"date":"2023-04-29T14:03:39","date_gmt":"2023-04-29T14:03:39","guid":{"rendered":"https:\/\/longchangchemical.com\/?post_type=product&#038;p=6056"},"modified":"2026-01-09T08:56:01","modified_gmt":"2026-01-09T08:56:01","slug":"lcsorb-360-cas-103597-45-1","status":"publish","type":"product","link":"https:\/\/longchangchemical.com\/de\/product\/lcsorb-360-cas-103597-45-1\/","title":{"rendered":"CHLUMIUV\u00ae 360 CAS 103597-45-1"},"content":{"rendered":"<h1><strong>360 CAS 103597-45-1<\/strong><\/h1>\n<table style=\"border-collapse: collapse; width: 232.53pt;\" border=\"0\" width=\"310\" cellspacing=\"0\" cellpadding=\"0\">\n<tbody>\n<tr style=\"height: 28.50pt;\">\n<td class=\"et2\" style=\"height: 28.50pt; width: 97.50pt;\" width=\"130\" height=\"38\">Erscheinungsbild<\/td>\n<td class=\"et2\" style=\"width: 135.00pt;\" width=\"180\">Hellgelbes Pulver<\/td>\n<\/tr>\n<tr style=\"height: 28.50pt;\">\n<td class=\"et2\" style=\"height: 28.50pt; width: 97.50pt;\" width=\"130\" height=\"38\">Molekulargewicht<\/td>\n<td class=\"et2\" style=\"width: 135.00pt;\" width=\"180\">658.9<\/td>\n<\/tr>\n<tr style=\"height: 14.25pt;\">\n<td class=\"et2\" style=\"height: 14.25pt; width: 97.50pt;\" width=\"130\" height=\"19\">Inhalt<\/td>\n<td class=\"et2\" style=\"width: 135.00pt;\" width=\"180\">\u226599.0%<\/td>\n<\/tr>\n<tr style=\"height: 28.50pt;\">\n<td class=\"et2\" style=\"height: 28.50pt; width: 97.50pt;\" width=\"130\" height=\"38\">Schmelzpunkt<\/td>\n<td class=\"et2\" style=\"width: 135.00pt;\" width=\"180\">195-198\u00b0C<\/td>\n<\/tr>\n<tr style=\"height: 28.50pt;\">\n<td class=\"et2\" style=\"height: 28.50pt; width: 97.50pt;\" width=\"130\" height=\"38\">Flammpunkt<\/td>\n<td class=\"et2\" style=\"width: 135.00pt;\" width=\"180\">420.5\u00b0C<\/td>\n<\/tr>\n<tr style=\"height: 28.50pt;\">\n<td class=\"et2\" style=\"height: 28.50pt; width: 97.50pt;\" width=\"130\" height=\"38\">Dichte@20\u00b0C<\/td>\n<td class=\"et2\" style=\"width: 135.00pt;\" width=\"180\">1,16 g\/cm3<\/td>\n<\/tr>\n<tr style=\"height: 14.25pt;\">\n<td class=\"et2\" style=\"height: 14.25pt; width: 97.50pt;\" width=\"130\" height=\"19\">Esche<\/td>\n<td class=\"et2\" style=\"width: 135.00pt;\" width=\"180\">\u22640.1%<\/td>\n<\/tr>\n<tr style=\"height: 14.25pt;\">\n<td class=\"et2\" style=\"height: 14.25pt; width: 97.50pt;\" width=\"130\" height=\"19\">Fl\u00fcchtige Stoffe<\/td>\n<td class=\"et2\" style=\"width: 135.00pt;\" width=\"180\">\u22640,3%<\/td>\n<\/tr>\n<tr style=\"height: 14.25pt;\">\n<td class=\"et4\" style=\"height: 28.50pt; width: 97.50pt; border-bottom: .5pt solid #000000;\" rowspan=\"2\" width=\"130\" height=\"38\">Lichtdurchl\u00e4ssigkeit<\/td>\n<td class=\"et2\" style=\"width: 135.00pt;\" width=\"180\">460nm\u226597%<\/td>\n<\/tr>\n<tr style=\"height: 14.25pt;\">\n<td class=\"et2\" style=\"width: 135.00pt;\" width=\"180\">500nm\u226598%<\/td>\n<\/tr>\n<\/tbody>\n<\/table>\n<h2><strong>360 Verwendung<\/strong><\/h2>\n<p>1. Dieses Produkt hat auch eine sehr geringe Fl\u00fcchtigkeit, kann mit anderen Lichtstabilisatoren oder Antioxidantien verwendet werden, besonders geeignet f\u00fcr die Verarbeitung, Alterung innerhalb der Hochtemperatur-Umgebung, kann es als Pulver, L\u00f6sung oder Schmelzextrusion geformt werden, kann kristalline Durchsickern und Sublimation zu verhindern, ist es geeignet f\u00fcr Gie\u00dfen, d\u00fcnne Schichtaufbau von Fasern, Papier und Tapeten, etc.Dieses Produkt ist geeignet f\u00fcr Acrylat, Polyester, Polycarbonat, Polyformaldehyd, Polyamid, Polyolefin, Styrolpolymere, Elastomere, Klebstoffe usw.<\/p>\n<p>2. UV-360 ist ein UV-Absorber vom Benzotriazol-Typ, der 300-400nm UV-Licht absorbieren kann, mit einer Spitzenabsorption von 353nm. Es hat eine hohe Temperaturbest\u00e4ndigkeit, Extraktionsbest\u00e4ndigkeit, geringe Fl\u00fcchtigkeit, geringe Migration, gute thermische Stabilit\u00e4t, hohe Absorptionseffizienz und Anti-Oxidationseigenschaften, etc. Es ist geeignet f\u00fcr Acrylharz, Polycarbonat, Polystyrol, Polyphenylensulfid, Polyphenylenether, Polyamid, Polyformaldehyd, Styrol-Copolymer. Es eignet sich besonders f\u00fcr Hochtemperaturverarbeitungsbedingungen, bei denen hohe Additivmengen, hohe Kompatibilit\u00e4t, hohe UV-Belastung, geringe Fl\u00fcchtigkeit und geringe Migration erforderlich sind, um eine hohe UV-Belastungsleistung zu erzielen und gleichzeitig die Sublimation am Austrittspunkt zu verringern und Ablagerungen auf Formteilen und K\u00fchlwalzen zu verhindern. Besonders geeignet f\u00fcr Doppelschichten, Klebeschichten, Laminier- oder Coextrusionsschichten, direkte Doppelschichtextrusion von Flocken ohne Verwendung einer dritten Schicht, Vermeidung von Hochtemperaturbluten und Oberfl\u00e4chenkristallisation, Verhinderung von Sublimation und Ablagerung hoher UV-Belastung. Die typische Dosierung betr\u00e4gt 0,1-0,5%.<\/p>\n<p>3. Geeignet f\u00fcr: Verarbeitungen, bei denen eine hohe UV-Belastung, geringe Fl\u00fcchtigkeit und gute Vertr\u00e4glichkeitsbedingungen erforderlich sind. Ziel ist es, eine hervorragende UV-Abschirmung zu erreichen, die Sublimation beim Entl\u00fcften zu verringern und gleichzeitig Ablagerungen auf Formen, K\u00fchlwalzen und Kalibratoren zu vermeiden. Es ist in der Lage, ein Ausbluten oder Auskristallisieren an der Au\u00dfenseite des Teils w\u00e4hrend der Verarbeitung oder bei hohen Betriebstemperaturen zu vermeiden. Diese Eigenschaften eignen sich besonders f\u00fcr laminierte Folienteile, Fasern, Flocken, Doppelflocken, Klebeschichten und laminierte oder co-extrudierte Halbfertigteile.<\/p>\n<h2><strong>Kontaktieren Sie uns jetzt!<\/strong><\/h2>\n<p><strong>Wenn Sie COA, MSDS oder TDS von <span style=\"color: #00ccff;\"><a style=\"color: #00ccff;\" href=\"https:\/\/longchangchemical.com\/de\/product-category\/lcsorb-uv-absorber\/\">UV-Absorber<\/a><\/span>Bitte tragen Sie Ihre Kontaktdaten in das untenstehende Formular ein. Wir werden uns in der Regel innerhalb von 24 Stunden mit Ihnen in Verbindung setzen. Sie k\u00f6nnen mir auch eine E-Mail schicken <span style=\"color: #00ccff;\"><a style=\"color: #00ccff;\" href=\"mailto:info@longchangchemical.com\">info@longchangchemical.com<\/a> <\/span>w\u00e4hrend der Gesch\u00e4ftszeiten ( 8:30 bis 18:00 Uhr UTC+8 Mo.~Sa. ) oder nutzen Sie den Live-Chat auf der Website, um eine schnelle Antwort zu erhalten.<\/strong><\/p>","protected":false},"excerpt":{"rendered":"<p>360 CAS 103597-45-1 Aussehen Hellgelbes Pulver Molekulargewicht 658.9 Gehalt \u226599.0% Schmelzpunkt 195-198\u00b0C Flammpunkt 420.5\u00b0C Dichte@20\u00b0C 1.16g\/cm3 Asche \u22640.1% Fl\u00fcchtige Bestandteile \u22640.3% Lichtdurchl\u00e4ssigkeit 460nm\u226597% 500nm\u226598% 360 Verwendung 1. Dieses Produkt hat auch eine sehr geringe Fl\u00fcchtigkeit, kann mit anderen Lichtstabilisatoren oder Antioxidantien verwendet werden, besonders geeignet f\u00fcr die Verarbeitung, Alterung innerhalb der [...]<\/p>","protected":false},"featured_media":7952,"comment_status":"closed","ping_status":"closed","template":"","meta":[],"product_brand":[],"product_cat":[139],"product_tag":[],"class_list":{"0":"post-6056","1":"product","2":"type-product","3":"status-publish","4":"has-post-thumbnail","6":"product_cat-lcsorb-uv-absorber","8":"first","9":"instock","10":"shipping-taxable","11":"product-type-simple"},"yoast_head":"<!-- This site is optimized with the Yoast SEO plugin v25.3.1 - https:\/\/yoast.com\/wordpress\/plugins\/seo\/ -->\n<title>China CHLUMIUV\u00ae 360 CAS 103597-45-1 Manufacturer - Longchang Chemical<\/title>\n<meta name=\"description\" content=\"CHLUMIUV\u00ae 360 CAS 103597-45-1 is a key product of Longchang Chemical. We provide the best price. We are the leading manufacturer in China with the best quality and competitive price.\" \/>\n<meta name=\"robots\" content=\"index, follow, max-snippet:-1, max-image-preview:large, max-video-preview:-1\" \/>\n<link rel=\"canonical\" href=\"https:\/\/longchangchemical.com\/de\/product\/lcsorb-360-cas-103597-45-1\/\" \/>\n<meta property=\"og:locale\" content=\"de_DE\" \/>\n<meta property=\"og:type\" content=\"article\" \/>\n<meta property=\"og:title\" content=\"China CHLUMIUV\u00ae 360 CAS 103597-45-1 Manufacturer - Longchang Chemical\" \/>\n<meta property=\"og:description\" content=\"CHLUMIUV\u00ae 360 CAS 103597-45-1 is a key product of Longchang Chemical. We provide the best price. We are the leading manufacturer in China with the best quality and competitive price.\" \/>\n<meta property=\"og:url\" content=\"https:\/\/longchangchemical.com\/de\/product\/lcsorb-360-cas-103597-45-1\/\" \/>\n<meta property=\"og:site_name\" content=\"Longchang Chemical\" \/>\n<meta property=\"article:modified_time\" content=\"2026-01-09T08:56:01+00:00\" \/>\n<meta property=\"og:image\" content=\"https:\/\/longchangchemical.com\/wp-content\/uploads\/2023\/04\/103597-45-1.jpg\" \/>\n\t<meta property=\"og:image:width\" content=\"600\" \/>\n\t<meta property=\"og:image:height\" content=\"600\" \/>\n\t<meta property=\"og:image:type\" content=\"image\/jpeg\" \/>\n<meta name=\"twitter:card\" content=\"summary_large_image\" \/>\n<script type=\"application\/ld+json\" class=\"yoast-schema-graph\">{\"@context\":\"https:\/\/schema.org\",\"@graph\":[{\"@type\":\"WebPage\",\"@id\":\"https:\/\/longchangchemical.com\/product\/lcsorb-360-cas-103597-45-1\/\",\"url\":\"https:\/\/longchangchemical.com\/product\/lcsorb-360-cas-103597-45-1\/\",\"name\":\"China CHLUMIUV\u00ae 360 CAS 103597-45-1 Manufacturer - Longchang Chemical\",\"isPartOf\":{\"@id\":\"https:\/\/longchangchemical.com\/#website\"},\"primaryImageOfPage\":{\"@id\":\"https:\/\/longchangchemical.com\/product\/lcsorb-360-cas-103597-45-1\/#primaryimage\"},\"image\":{\"@id\":\"https:\/\/longchangchemical.com\/product\/lcsorb-360-cas-103597-45-1\/#primaryimage\"},\"thumbnailUrl\":\"https:\/\/longchangchemical.com\/wp-content\/uploads\/2023\/04\/103597-45-1.jpg\",\"datePublished\":\"2023-04-29T14:03:39+00:00\",\"dateModified\":\"2026-01-09T08:56:01+00:00\",\"description\":\"CHLUMIUV\u00ae 360 CAS 103597-45-1 is a key product of Longchang Chemical. We provide the best price. We are the leading manufacturer in China with the best quality and competitive price.\",\"breadcrumb\":{\"@id\":\"https:\/\/longchangchemical.com\/product\/lcsorb-360-cas-103597-45-1\/#breadcrumb\"},\"inLanguage\":\"de\",\"potentialAction\":[{\"@type\":\"ReadAction\",\"target\":[\"https:\/\/longchangchemical.com\/product\/lcsorb-360-cas-103597-45-1\/\"]}]},{\"@type\":\"ImageObject\",\"inLanguage\":\"de\",\"@id\":\"https:\/\/longchangchemical.com\/product\/lcsorb-360-cas-103597-45-1\/#primaryimage\",\"url\":\"https:\/\/longchangchemical.com\/wp-content\/uploads\/2023\/04\/103597-45-1.jpg\",\"contentUrl\":\"https:\/\/longchangchemical.com\/wp-content\/uploads\/2023\/04\/103597-45-1.jpg\",\"width\":600,\"height\":600},{\"@type\":\"BreadcrumbList\",\"@id\":\"https:\/\/longchangchemical.com\/product\/lcsorb-360-cas-103597-45-1\/#breadcrumb\",\"itemListElement\":[{\"@type\":\"ListItem\",\"position\":1,\"name\":\"Home\",\"item\":\"https:\/\/longchangchemical.com\/\"},{\"@type\":\"ListItem\",\"position\":2,\"name\":\"Products Longchang\",\"item\":\"https:\/\/longchangchemical.com\/product\/\"},{\"@type\":\"ListItem\",\"position\":3,\"name\":\"CHLUMIUV\u00ae 360 CAS 103597-45-1\"}]},{\"@type\":\"WebSite\",\"@id\":\"https:\/\/longchangchemical.com\/#website\",\"url\":\"https:\/\/longchangchemical.com\/\",\"name\":\"Longchang Chemical\",\"description\":\"China chemical manufacturer \uff06 supplier\",\"publisher\":{\"@id\":\"https:\/\/longchangchemical.com\/#organization\"},\"potentialAction\":[{\"@type\":\"SearchAction\",\"target\":{\"@type\":\"EntryPoint\",\"urlTemplate\":\"https:\/\/longchangchemical.com\/?s={search_term_string}\"},\"query-input\":{\"@type\":\"PropertyValueSpecification\",\"valueRequired\":true,\"valueName\":\"search_term_string\"}}],\"inLanguage\":\"de\"},{\"@type\":\"Organization\",\"@id\":\"https:\/\/longchangchemical.com\/#organization\",\"name\":\"Longchang Chemical\",\"url\":\"https:\/\/longchangchemical.com\/\",\"logo\":{\"@type\":\"ImageObject\",\"inLanguage\":\"de\",\"@id\":\"https:\/\/longchangchemical.com\/#\/schema\/logo\/image\/\",\"url\":\"https:\/\/longchangchemical.com\/wp-content\/uploads\/2020\/08\/cropped-longchang-logo.png\",\"contentUrl\":\"https:\/\/longchangchemical.com\/wp-content\/uploads\/2020\/08\/cropped-longchang-logo.png\",\"width\":512,\"height\":512,\"caption\":\"Longchang Chemical\"},\"image\":{\"@id\":\"https:\/\/longchangchemical.com\/#\/schema\/logo\/image\/\"}}]}<\/script>\n<!-- \/ Yoast SEO plugin. -->","yoast_head_json":{"title":"China CHLUMIUV\u00ae 360 CAS 103597-45-1 Hersteller - Longchang Chemical","description":"CHLUMIUV\u00ae 360 CAS 103597-45-1 ist ein Schl\u00fcsselprodukt von Longchang Chemical. Wir bieten den besten Preis. Wir sind der f\u00fchrende Hersteller in China mit der besten Qualit\u00e4t und konkurrenzf\u00e4higem Preis.","robots":{"index":"index","follow":"follow","max-snippet":"max-snippet:-1","max-image-preview":"max-image-preview:large","max-video-preview":"max-video-preview:-1"},"canonical":"https:\/\/longchangchemical.com\/de\/product\/lcsorb-360-cas-103597-45-1\/","og_locale":"de_DE","og_type":"article","og_title":"China CHLUMIUV\u00ae 360 CAS 103597-45-1 Manufacturer - Longchang Chemical","og_description":"CHLUMIUV\u00ae 360 CAS 103597-45-1 is a key product of Longchang Chemical. We provide the best price. We are the leading manufacturer in China with the best quality and competitive price.","og_url":"https:\/\/longchangchemical.com\/de\/product\/lcsorb-360-cas-103597-45-1\/","og_site_name":"Longchang Chemical","article_modified_time":"2026-01-09T08:56:01+00:00","og_image":[{"width":600,"height":600,"url":"https:\/\/longchangchemical.com\/wp-content\/uploads\/2023\/04\/103597-45-1.jpg","type":"image\/jpeg"}],"twitter_card":"summary_large_image","schema":{"@context":"https:\/\/schema.org","@graph":[{"@type":"WebPage","@id":"https:\/\/longchangchemical.com\/product\/lcsorb-360-cas-103597-45-1\/","url":"https:\/\/longchangchemical.com\/product\/lcsorb-360-cas-103597-45-1\/","name":"China CHLUMIUV\u00ae 360 CAS 103597-45-1 Hersteller - Longchang Chemical","isPartOf":{"@id":"https:\/\/longchangchemical.com\/#website"},"primaryImageOfPage":{"@id":"https:\/\/longchangchemical.com\/product\/lcsorb-360-cas-103597-45-1\/#primaryimage"},"image":{"@id":"https:\/\/longchangchemical.com\/product\/lcsorb-360-cas-103597-45-1\/#primaryimage"},"thumbnailUrl":"https:\/\/longchangchemical.com\/wp-content\/uploads\/2023\/04\/103597-45-1.jpg","datePublished":"2023-04-29T14:03:39+00:00","dateModified":"2026-01-09T08:56:01+00:00","description":"CHLUMIUV\u00ae 360 CAS 103597-45-1 ist ein Schl\u00fcsselprodukt von Longchang Chemical. Wir bieten den besten Preis. Wir sind der f\u00fchrende Hersteller in China mit der besten Qualit\u00e4t und konkurrenzf\u00e4higem Preis.","breadcrumb":{"@id":"https:\/\/longchangchemical.com\/product\/lcsorb-360-cas-103597-45-1\/#breadcrumb"},"inLanguage":"de","potentialAction":[{"@type":"ReadAction","target":["https:\/\/longchangchemical.com\/product\/lcsorb-360-cas-103597-45-1\/"]}]},{"@type":"ImageObject","inLanguage":"de","@id":"https:\/\/longchangchemical.com\/product\/lcsorb-360-cas-103597-45-1\/#primaryimage","url":"https:\/\/longchangchemical.com\/wp-content\/uploads\/2023\/04\/103597-45-1.jpg","contentUrl":"https:\/\/longchangchemical.com\/wp-content\/uploads\/2023\/04\/103597-45-1.jpg","width":600,"height":600},{"@type":"BreadcrumbList","@id":"https:\/\/longchangchemical.com\/product\/lcsorb-360-cas-103597-45-1\/#breadcrumb","itemListElement":[{"@type":"ListItem","position":1,"name":"Home","item":"https:\/\/longchangchemical.com\/"},{"@type":"ListItem","position":2,"name":"Products Longchang","item":"https:\/\/longchangchemical.com\/product\/"},{"@type":"ListItem","position":3,"name":"CHLUMIUV\u00ae 360 CAS 103597-45-1"}]},{"@type":"WebSite","@id":"https:\/\/longchangchemical.com\/#website","url":"https:\/\/longchangchemical.com\/","name":"Longchang Chemical","description":"China Hersteller von Chemikalien \uff06 Lieferant","publisher":{"@id":"https:\/\/longchangchemical.com\/#organization"},"potentialAction":[{"@type":"SearchAction","target":{"@type":"EntryPoint","urlTemplate":"https:\/\/longchangchemical.com\/?s={search_term_string}"},"query-input":{"@type":"PropertyValueSpecification","valueRequired":true,"valueName":"search_term_string"}}],"inLanguage":"de"},{"@type":"Organization","@id":"https:\/\/longchangchemical.com\/#organization","name":"Longchang Chemical","url":"https:\/\/longchangchemical.com\/","logo":{"@type":"ImageObject","inLanguage":"de","@id":"https:\/\/longchangchemical.com\/#\/schema\/logo\/image\/","url":"https:\/\/longchangchemical.com\/wp-content\/uploads\/2020\/08\/cropped-longchang-logo.png","contentUrl":"https:\/\/longchangchemical.com\/wp-content\/uploads\/2020\/08\/cropped-longchang-logo.png","width":512,"height":512,"caption":"Longchang Chemical"},"image":{"@id":"https:\/\/longchangchemical.com\/#\/schema\/logo\/image\/"}}]}},"_links":{"self":[{"href":"https:\/\/longchangchemical.com\/de\/wp-json\/wp\/v2\/product\/6056","targetHints":{"allow":["GET"]}}],"collection":[{"href":"https:\/\/longchangchemical.com\/de\/wp-json\/wp\/v2\/product"}],"about":[{"href":"https:\/\/longchangchemical.com\/de\/wp-json\/wp\/v2\/types\/product"}],"replies":[{"embeddable":true,"href":"https:\/\/longchangchemical.com\/de\/wp-json\/wp\/v2\/comments?post=6056"}],"wp:featuredmedia":[{"embeddable":true,"href":"https:\/\/longchangchemical.com\/de\/wp-json\/wp\/v2\/media\/7952"}],"wp:attachment":[{"href":"https:\/\/longchangchemical.com\/de\/wp-json\/wp\/v2\/media?parent=6056"}],"wp:term":[{"taxonomy":"product_brand","embeddable":true,"href":"https:\/\/longchangchemical.com\/de\/wp-json\/wp\/v2\/product_brand?post=6056"},{"taxonomy":"product_cat","embeddable":true,"href":"https:\/\/longchangchemical.com\/de\/wp-json\/wp\/v2\/product_cat?post=6056"},{"taxonomy":"product_tag","embeddable":true,"href":"https:\/\/longchangchemical.com\/de\/wp-json\/wp\/v2\/product_tag?post=6056"}],"curies":[{"name":"wp","href":"https:\/\/api.w.org\/{rel}","templated":true}]}}