{"id":6054,"date":"2023-04-28T00:37:22","date_gmt":"2023-04-28T00:37:22","guid":{"rendered":"https:\/\/longchangchemical.com\/?post_type=product&#038;p=6054"},"modified":"2026-01-09T08:59:18","modified_gmt":"2026-01-09T08:59:18","slug":"lcsorb-uv-320-cas-3846-71-7","status":"publish","type":"product","link":"https:\/\/longchangchemical.com\/de\/product\/lcsorb-uv-320-cas-3846-71-7\/","title":{"rendered":"CHLUMIUV\u00ae UV-320 CAS 3846-71-7"},"content":{"rendered":"<h1><strong>UV-320 CAS 3846-71-7<\/strong><\/h1>\n<table style=\"border-collapse: collapse; width: 181.53pt;\" border=\"0\" width=\"242\" cellspacing=\"0\" cellpadding=\"0\">\n<tbody>\n<tr style=\"height: 14.25pt;\">\n<td class=\"et2\" style=\"height: 14.25pt; width: 94.50pt;\" width=\"126\" height=\"19\">Erscheinungsbild<\/td>\n<td class=\"et3\" style=\"width: 87.00pt;\" width=\"116\">Wei\u00dfes Pulver<\/td>\n<\/tr>\n<tr style=\"height: 14.25pt;\">\n<td class=\"et2\" style=\"height: 14.25pt;\" height=\"19\">Inhalt<\/td>\n<td class=\"et3\">\u226599%<\/td>\n<\/tr>\n<tr style=\"height: 14.25pt;\">\n<td class=\"et2\" style=\"height: 14.25pt;\" height=\"19\">Schmelzpunkt<\/td>\n<td class=\"et3\">152-156\u00b0C<\/td>\n<\/tr>\n<tr style=\"height: 14.25pt;\">\n<td class=\"et2\" style=\"height: 14.25pt;\" height=\"19\">Fl\u00fcchtige Stoffe<\/td>\n<td class=\"et3\">\u2264 0,3%<\/td>\n<\/tr>\n<tr style=\"height: 14.25pt;\">\n<td class=\"et2\" style=\"height: 14.25pt;\" height=\"19\">Esche<\/td>\n<td class=\"et3\">\u2264 0,1%<\/td>\n<\/tr>\n<tr style=\"height: 13.50pt;\">\n<td class=\"et4\" style=\"height: 27.00pt;\" rowspan=\"2\" height=\"36\">Lichtdurchl\u00e4ssigkeit<\/td>\n<td class=\"et2\">460nm: \u226597%<\/td>\n<\/tr>\n<tr style=\"height: 13.50pt;\">\n<td class=\"et2\">500nm: \u226598%<\/td>\n<\/tr>\n<\/tbody>\n<\/table>\n<h2><strong>UV-320 Verwendung<\/strong><\/h2>\n<p>UV-320 ist ein hochwirksamer Lichtstabilisator mit hohem UV-Absorptionsverm\u00f6gen und geringer Fl\u00fcchtigkeit; er kann Polyester und organische Farben wirksam vor UV-Strahlung sch\u00fctzen und so das urspr\u00fcngliche Erscheinungsbild von geformten Gegenst\u00e4nden, Rollen, Fasern usw. im Freien bewahren; er ist f\u00fcr Polymere wie PVC und unges\u00e4ttigte Polyester geeignet.<\/p>\n<h2><strong>Kontaktieren Sie uns jetzt!<\/strong><\/h2>\n<p><strong>Wenn Sie COA, MSDS oder TDS von <span style=\"color: #00ccff;\"><a style=\"color: #00ccff;\" href=\"https:\/\/longchangchemical.com\/de\/product-category\/lcsorb-uv-absorber\/\">UV-Absorber<\/a><\/span>Bitte tragen Sie Ihre Kontaktdaten in das untenstehende Formular ein. Wir werden uns in der Regel innerhalb von 24 Stunden mit Ihnen in Verbindung setzen. Sie k\u00f6nnen mir auch eine E-Mail schicken <span style=\"color: #00ccff;\"><a style=\"color: #00ccff;\" href=\"mailto:info@longchangchemical.com\">info@longchangchemical.com<\/a> <\/span>w\u00e4hrend der Gesch\u00e4ftszeiten ( 8:30 bis 18:00 Uhr UTC+8 Mo.~Sa. ) oder nutzen Sie den Live-Chat auf der Website, um eine schnelle Antwort zu erhalten.<\/strong><\/p>","protected":false},"excerpt":{"rendered":"<p>UV-320 CAS 3846-71-7 Aussehen Wei\u00dfes Pulver Gehalt \u226599% Schmelzpunkt 152-156\u00b0C Fl\u00fcchtige Bestandteile \u2264 0.3% Asche \u2264 0.1% Lichtdurchl\u00e4ssigkeit 460nm: \u226597% 500nm: \u226598% UV-320 Verwendung UV-320 ist ein hochwirksamer Lichtstabilisator mit hohem UV-Absorptionsverm\u00f6gen und geringer Fl\u00fcchtigkeit; er kann Polyester und organische Farben wirksam vor UV-Strahlung sch\u00fctzen und so die urspr\u00fcngliche [...]<\/p>","protected":false},"featured_media":7953,"comment_status":"closed","ping_status":"closed","template":"","meta":[],"product_brand":[],"product_cat":[139],"product_tag":[],"class_list":{"0":"post-6054","1":"product","2":"type-product","3":"status-publish","4":"has-post-thumbnail","6":"product_cat-lcsorb-uv-absorber","8":"first","9":"instock","10":"shipping-taxable","11":"product-type-simple"},"yoast_head":"<!-- This site is optimized with the Yoast SEO plugin v25.3.1 - https:\/\/yoast.com\/wordpress\/plugins\/seo\/ -->\n<title>China CHLUMIUV\u00ae UV-320 CAS 3846-71-7 Manufacturer - Longchang Chemical<\/title>\n<meta name=\"description\" content=\"CHLUMIUV\u00ae UV-320 CAS 3846-71-7 is a key product of Longchang Chemical. We provide the best price. We are the leading manufacturer in China with the best quality and competitive price.\" \/>\n<meta name=\"robots\" content=\"index, follow, max-snippet:-1, max-image-preview:large, max-video-preview:-1\" \/>\n<link rel=\"canonical\" href=\"https:\/\/longchangchemical.com\/de\/product\/lcsorb-uv-320-cas-3846-71-7\/\" \/>\n<meta property=\"og:locale\" content=\"de_DE\" \/>\n<meta property=\"og:type\" content=\"article\" \/>\n<meta property=\"og:title\" content=\"China CHLUMIUV\u00ae UV-320 CAS 3846-71-7 Manufacturer - Longchang Chemical\" \/>\n<meta property=\"og:description\" content=\"CHLUMIUV\u00ae UV-320 CAS 3846-71-7 is a key product of Longchang Chemical. We provide the best price. We are the leading manufacturer in China with the best quality and competitive price.\" \/>\n<meta property=\"og:url\" content=\"https:\/\/longchangchemical.com\/de\/product\/lcsorb-uv-320-cas-3846-71-7\/\" \/>\n<meta property=\"og:site_name\" content=\"Longchang Chemical\" \/>\n<meta property=\"article:modified_time\" content=\"2026-01-09T08:59:18+00:00\" \/>\n<meta property=\"og:image\" content=\"https:\/\/longchangchemical.com\/wp-content\/uploads\/2023\/04\/3846-71-7.jpg\" \/>\n\t<meta property=\"og:image:width\" content=\"600\" \/>\n\t<meta property=\"og:image:height\" content=\"600\" \/>\n\t<meta property=\"og:image:type\" content=\"image\/jpeg\" \/>\n<meta name=\"twitter:card\" content=\"summary_large_image\" \/>\n<script type=\"application\/ld+json\" class=\"yoast-schema-graph\">{\"@context\":\"https:\/\/schema.org\",\"@graph\":[{\"@type\":\"WebPage\",\"@id\":\"https:\/\/longchangchemical.com\/product\/lcsorb-uv-320-cas-3846-71-7\/\",\"url\":\"https:\/\/longchangchemical.com\/product\/lcsorb-uv-320-cas-3846-71-7\/\",\"name\":\"China CHLUMIUV\u00ae UV-320 CAS 3846-71-7 Manufacturer - Longchang Chemical\",\"isPartOf\":{\"@id\":\"https:\/\/longchangchemical.com\/#website\"},\"primaryImageOfPage\":{\"@id\":\"https:\/\/longchangchemical.com\/product\/lcsorb-uv-320-cas-3846-71-7\/#primaryimage\"},\"image\":{\"@id\":\"https:\/\/longchangchemical.com\/product\/lcsorb-uv-320-cas-3846-71-7\/#primaryimage\"},\"thumbnailUrl\":\"https:\/\/longchangchemical.com\/wp-content\/uploads\/2023\/04\/3846-71-7.jpg\",\"datePublished\":\"2023-04-28T00:37:22+00:00\",\"dateModified\":\"2026-01-09T08:59:18+00:00\",\"description\":\"CHLUMIUV\u00ae UV-320 CAS 3846-71-7 is a key product of Longchang Chemical. We provide the best price. We are the leading manufacturer in China with the best quality and competitive price.\",\"breadcrumb\":{\"@id\":\"https:\/\/longchangchemical.com\/product\/lcsorb-uv-320-cas-3846-71-7\/#breadcrumb\"},\"inLanguage\":\"de\",\"potentialAction\":[{\"@type\":\"ReadAction\",\"target\":[\"https:\/\/longchangchemical.com\/product\/lcsorb-uv-320-cas-3846-71-7\/\"]}]},{\"@type\":\"ImageObject\",\"inLanguage\":\"de\",\"@id\":\"https:\/\/longchangchemical.com\/product\/lcsorb-uv-320-cas-3846-71-7\/#primaryimage\",\"url\":\"https:\/\/longchangchemical.com\/wp-content\/uploads\/2023\/04\/3846-71-7.jpg\",\"contentUrl\":\"https:\/\/longchangchemical.com\/wp-content\/uploads\/2023\/04\/3846-71-7.jpg\",\"width\":600,\"height\":600},{\"@type\":\"BreadcrumbList\",\"@id\":\"https:\/\/longchangchemical.com\/product\/lcsorb-uv-320-cas-3846-71-7\/#breadcrumb\",\"itemListElement\":[{\"@type\":\"ListItem\",\"position\":1,\"name\":\"Home\",\"item\":\"https:\/\/longchangchemical.com\/\"},{\"@type\":\"ListItem\",\"position\":2,\"name\":\"Products Longchang\",\"item\":\"https:\/\/longchangchemical.com\/product\/\"},{\"@type\":\"ListItem\",\"position\":3,\"name\":\"CHLUMIUV\u00ae UV-320 CAS 3846-71-7\"}]},{\"@type\":\"WebSite\",\"@id\":\"https:\/\/longchangchemical.com\/#website\",\"url\":\"https:\/\/longchangchemical.com\/\",\"name\":\"Longchang Chemical\",\"description\":\"China chemical manufacturer \uff06 supplier\",\"publisher\":{\"@id\":\"https:\/\/longchangchemical.com\/#organization\"},\"potentialAction\":[{\"@type\":\"SearchAction\",\"target\":{\"@type\":\"EntryPoint\",\"urlTemplate\":\"https:\/\/longchangchemical.com\/?s={search_term_string}\"},\"query-input\":{\"@type\":\"PropertyValueSpecification\",\"valueRequired\":true,\"valueName\":\"search_term_string\"}}],\"inLanguage\":\"de\"},{\"@type\":\"Organization\",\"@id\":\"https:\/\/longchangchemical.com\/#organization\",\"name\":\"Longchang Chemical\",\"url\":\"https:\/\/longchangchemical.com\/\",\"logo\":{\"@type\":\"ImageObject\",\"inLanguage\":\"de\",\"@id\":\"https:\/\/longchangchemical.com\/#\/schema\/logo\/image\/\",\"url\":\"https:\/\/longchangchemical.com\/wp-content\/uploads\/2020\/08\/cropped-longchang-logo.png\",\"contentUrl\":\"https:\/\/longchangchemical.com\/wp-content\/uploads\/2020\/08\/cropped-longchang-logo.png\",\"width\":512,\"height\":512,\"caption\":\"Longchang Chemical\"},\"image\":{\"@id\":\"https:\/\/longchangchemical.com\/#\/schema\/logo\/image\/\"}}]}<\/script>\n<!-- \/ Yoast SEO plugin. -->","yoast_head_json":{"title":"China CHLUMIUV\u00ae UV-320 CAS 3846-71-7 Hersteller - Longchang Chemical","description":"CHLUMIUV\u00ae UV-320 CAS 3846-71-7 ist ein Schl\u00fcsselprodukt von Longchang Chemical. Wir bieten den besten Preis. Wir sind der f\u00fchrende Hersteller in China mit der besten Qualit\u00e4t und konkurrenzf\u00e4higem Preis.","robots":{"index":"index","follow":"follow","max-snippet":"max-snippet:-1","max-image-preview":"max-image-preview:large","max-video-preview":"max-video-preview:-1"},"canonical":"https:\/\/longchangchemical.com\/de\/product\/lcsorb-uv-320-cas-3846-71-7\/","og_locale":"de_DE","og_type":"article","og_title":"China CHLUMIUV\u00ae UV-320 CAS 3846-71-7 Manufacturer - Longchang Chemical","og_description":"CHLUMIUV\u00ae UV-320 CAS 3846-71-7 is a key product of Longchang Chemical. We provide the best price. We are the leading manufacturer in China with the best quality and competitive price.","og_url":"https:\/\/longchangchemical.com\/de\/product\/lcsorb-uv-320-cas-3846-71-7\/","og_site_name":"Longchang Chemical","article_modified_time":"2026-01-09T08:59:18+00:00","og_image":[{"width":600,"height":600,"url":"https:\/\/longchangchemical.com\/wp-content\/uploads\/2023\/04\/3846-71-7.jpg","type":"image\/jpeg"}],"twitter_card":"summary_large_image","schema":{"@context":"https:\/\/schema.org","@graph":[{"@type":"WebPage","@id":"https:\/\/longchangchemical.com\/product\/lcsorb-uv-320-cas-3846-71-7\/","url":"https:\/\/longchangchemical.com\/product\/lcsorb-uv-320-cas-3846-71-7\/","name":"China CHLUMIUV\u00ae UV-320 CAS 3846-71-7 Hersteller - Longchang Chemical","isPartOf":{"@id":"https:\/\/longchangchemical.com\/#website"},"primaryImageOfPage":{"@id":"https:\/\/longchangchemical.com\/product\/lcsorb-uv-320-cas-3846-71-7\/#primaryimage"},"image":{"@id":"https:\/\/longchangchemical.com\/product\/lcsorb-uv-320-cas-3846-71-7\/#primaryimage"},"thumbnailUrl":"https:\/\/longchangchemical.com\/wp-content\/uploads\/2023\/04\/3846-71-7.jpg","datePublished":"2023-04-28T00:37:22+00:00","dateModified":"2026-01-09T08:59:18+00:00","description":"CHLUMIUV\u00ae UV-320 CAS 3846-71-7 ist ein Schl\u00fcsselprodukt von Longchang Chemical. Wir bieten den besten Preis. Wir sind der f\u00fchrende Hersteller in China mit der besten Qualit\u00e4t und konkurrenzf\u00e4higem Preis.","breadcrumb":{"@id":"https:\/\/longchangchemical.com\/product\/lcsorb-uv-320-cas-3846-71-7\/#breadcrumb"},"inLanguage":"de","potentialAction":[{"@type":"ReadAction","target":["https:\/\/longchangchemical.com\/product\/lcsorb-uv-320-cas-3846-71-7\/"]}]},{"@type":"ImageObject","inLanguage":"de","@id":"https:\/\/longchangchemical.com\/product\/lcsorb-uv-320-cas-3846-71-7\/#primaryimage","url":"https:\/\/longchangchemical.com\/wp-content\/uploads\/2023\/04\/3846-71-7.jpg","contentUrl":"https:\/\/longchangchemical.com\/wp-content\/uploads\/2023\/04\/3846-71-7.jpg","width":600,"height":600},{"@type":"BreadcrumbList","@id":"https:\/\/longchangchemical.com\/product\/lcsorb-uv-320-cas-3846-71-7\/#breadcrumb","itemListElement":[{"@type":"ListItem","position":1,"name":"Home","item":"https:\/\/longchangchemical.com\/"},{"@type":"ListItem","position":2,"name":"Products Longchang","item":"https:\/\/longchangchemical.com\/product\/"},{"@type":"ListItem","position":3,"name":"CHLUMIUV\u00ae UV-320 CAS 3846-71-7"}]},{"@type":"WebSite","@id":"https:\/\/longchangchemical.com\/#website","url":"https:\/\/longchangchemical.com\/","name":"Longchang Chemical","description":"China Hersteller von Chemikalien \uff06 Lieferant","publisher":{"@id":"https:\/\/longchangchemical.com\/#organization"},"potentialAction":[{"@type":"SearchAction","target":{"@type":"EntryPoint","urlTemplate":"https:\/\/longchangchemical.com\/?s={search_term_string}"},"query-input":{"@type":"PropertyValueSpecification","valueRequired":true,"valueName":"search_term_string"}}],"inLanguage":"de"},{"@type":"Organization","@id":"https:\/\/longchangchemical.com\/#organization","name":"Longchang Chemical","url":"https:\/\/longchangchemical.com\/","logo":{"@type":"ImageObject","inLanguage":"de","@id":"https:\/\/longchangchemical.com\/#\/schema\/logo\/image\/","url":"https:\/\/longchangchemical.com\/wp-content\/uploads\/2020\/08\/cropped-longchang-logo.png","contentUrl":"https:\/\/longchangchemical.com\/wp-content\/uploads\/2020\/08\/cropped-longchang-logo.png","width":512,"height":512,"caption":"Longchang Chemical"},"image":{"@id":"https:\/\/longchangchemical.com\/#\/schema\/logo\/image\/"}}]}},"_links":{"self":[{"href":"https:\/\/longchangchemical.com\/de\/wp-json\/wp\/v2\/product\/6054","targetHints":{"allow":["GET"]}}],"collection":[{"href":"https:\/\/longchangchemical.com\/de\/wp-json\/wp\/v2\/product"}],"about":[{"href":"https:\/\/longchangchemical.com\/de\/wp-json\/wp\/v2\/types\/product"}],"replies":[{"embeddable":true,"href":"https:\/\/longchangchemical.com\/de\/wp-json\/wp\/v2\/comments?post=6054"}],"wp:featuredmedia":[{"embeddable":true,"href":"https:\/\/longchangchemical.com\/de\/wp-json\/wp\/v2\/media\/7953"}],"wp:attachment":[{"href":"https:\/\/longchangchemical.com\/de\/wp-json\/wp\/v2\/media?parent=6054"}],"wp:term":[{"taxonomy":"product_brand","embeddable":true,"href":"https:\/\/longchangchemical.com\/de\/wp-json\/wp\/v2\/product_brand?post=6054"},{"taxonomy":"product_cat","embeddable":true,"href":"https:\/\/longchangchemical.com\/de\/wp-json\/wp\/v2\/product_cat?post=6054"},{"taxonomy":"product_tag","embeddable":true,"href":"https:\/\/longchangchemical.com\/de\/wp-json\/wp\/v2\/product_tag?post=6054"}],"curies":[{"name":"wp","href":"https:\/\/api.w.org\/{rel}","templated":true}]}}