{"id":6048,"date":"2023-04-21T08:11:04","date_gmt":"2023-04-21T08:11:04","guid":{"rendered":"https:\/\/longchangchemical.com\/?post_type=product&#038;p=6048"},"modified":"2026-01-09T09:06:29","modified_gmt":"2026-01-09T09:06:29","slug":"lcsorb-uv-3638-cas-18600-59-4","status":"publish","type":"product","link":"https:\/\/longchangchemical.com\/de\/product\/lcsorb-uv-3638-cas-18600-59-4\/","title":{"rendered":"CHLUMIUV\u00ae UV-3638 CAS 18600-59-4"},"content":{"rendered":"<h1><strong>UV-3638 CAS 18600-59-4<\/strong><\/h1>\n<table style=\"border-collapse: collapse; width: 232.53pt;\" border=\"0\" width=\"310\" cellspacing=\"0\" cellpadding=\"0\">\n<tbody>\n<tr style=\"height: 17.25pt;\">\n<td class=\"et2\" style=\"height: 17.25pt; width: 106.50pt;\" width=\"142\" height=\"23\">Erscheinungsbild<\/td>\n<td class=\"et3\" style=\"width: 126.00pt;\" width=\"168\">Wei\u00df-\u00e4hnliches Pulver<\/td>\n<\/tr>\n<tr style=\"height: 17.25pt;\">\n<td class=\"et2\" style=\"height: 17.25pt; width: 106.50pt;\" width=\"142\" height=\"23\">Molekulargewicht<\/td>\n<td class=\"et4\" style=\"width: 126.00pt;\" width=\"168\">368.3<\/td>\n<\/tr>\n<tr style=\"height: 17.25pt;\">\n<td class=\"et2\" style=\"height: 17.25pt; width: 106.50pt;\" width=\"142\" height=\"23\">Inhalt<\/td>\n<td class=\"et3\" style=\"width: 126.00pt;\" width=\"168\">\u226599.0%<\/td>\n<\/tr>\n<tr style=\"height: 18.00pt;\">\n<td class=\"et2\" style=\"height: 18.00pt; width: 106.50pt;\" width=\"142\" height=\"24\">Schmelzpunkt<\/td>\n<td class=\"et3\" style=\"width: 126.00pt;\" width=\"168\">310-315<span class=\"font0\">\u2103<\/span><\/td>\n<\/tr>\n<tr style=\"height: 17.25pt;\">\n<td class=\"et2\" style=\"height: 17.25pt; width: 106.50pt;\" width=\"142\" height=\"23\">Siedepunkt<\/td>\n<td class=\"et3\" style=\"width: 126.00pt;\" width=\"168\">522.8\u00b0C<\/td>\n<\/tr>\n<tr style=\"height: 17.25pt;\">\n<td class=\"et2\" style=\"height: 17.25pt; width: 106.50pt;\" width=\"142\" height=\"23\">Dichte@20\u00b0C<\/td>\n<td class=\"et3\" style=\"width: 126.00pt;\" width=\"168\">1,41 g\/cm3<\/td>\n<\/tr>\n<tr style=\"height: 17.25pt;\">\n<td class=\"et2\" style=\"height: 17.25pt; width: 106.50pt;\" width=\"142\" height=\"23\">Esche<\/td>\n<td class=\"et3\" style=\"width: 126.00pt;\" width=\"168\">\u22640.1%<\/td>\n<\/tr>\n<tr style=\"height: 17.25pt;\">\n<td class=\"et2\" style=\"height: 17.25pt; width: 106.50pt;\" width=\"142\" height=\"23\">Fl\u00fcchtige Stoffe<\/td>\n<td class=\"et3\" style=\"width: 126.00pt;\" width=\"168\">\u22640,3%<\/td>\n<\/tr>\n<tr style=\"height: 17.25pt;\">\n<td class=\"et5\" style=\"height: 34.50pt; width: 106.50pt;\" rowspan=\"2\" width=\"142\" height=\"46\">Lichtdurchl\u00e4ssigkeit<\/td>\n<td class=\"et3\" style=\"width: 126.00pt;\" width=\"168\">460 nm\u226596%<\/td>\n<\/tr>\n<tr style=\"height: 17.25pt;\">\n<td class=\"et3\" style=\"width: 126.00pt;\" width=\"168\">500 nm\u226599%<\/td>\n<\/tr>\n<\/tbody>\n<\/table>\n<h2><\/h2>\n<h2>UV-3638 Verwendung<\/h2>\n<p>1. UV-3638 ist ein effizientes UV-Absorptionsmittel: es hat eine sehr breite UV-Absorption, hohe Temperaturbest\u00e4ndigkeit, hohe Druckbest\u00e4ndigkeit, S\u00e4ure- und Alkalibest\u00e4ndigkeit, keine Zersetzung, keine Ausf\u00e4llung, keine Migration, keine Geruchsver\u00e4nderung. Sehr geringe Fl\u00fcchtigkeit, starke Absorptionseffizienz, ein Vielfaches der gew\u00f6hnlichen UV-Absorption, keine Auswirkung auf die Farbe des Substrats, gute Kompatibilit\u00e4t mit dem Harz, keine Beteiligung an der Reaktion des Polymerisationsprozesses. Speziell f\u00fcr Pet und PC hat eine ausgezeichnete Stabilit\u00e4t. Haupts\u00e4chlich verwendet in pet-Fasern; pet-Folien; pet-Flaschenscheiben, um den Inhalt von pet-Flaschen vor UV-Sch\u00e4den zu sch\u00fctzen. pc co-extrudierte Sonnenlichtplatten.<\/p>\n<p>2. UV-Absorber UV-3638 ist ein Benzoxazinon-UV-Absorber, der 200-400 nm UV-Licht absorbieren kann. Der Absorptionsbereich umfasst UVA, UVB und UVC mit einer Spitzenabsorption von 350 nm. Die Absorptionseffizienz ist um ein Vielfaches h\u00f6her als bei den \u00fcblicherweise verwendeten UV-Absorbern, mit einer W\u00e4rmeverlusttemperatur von bis zu 371 Grad Celsius. Es verf\u00fcgt \u00fcber eine hohe Temperaturbest\u00e4ndigkeit, Extraktionsbest\u00e4ndigkeit, geringe Fl\u00fcchtigkeit, geringe Migration, einen breiten Absorptionsbereich und eine hohe Absorptionseffizienz sowie eine Verz\u00f6gerung der Farbvergilbung und eine Blockierung des physikalischen Verlusts. Es eignet sich f\u00fcr PET, PBT, PAR, PES, PSU, PPO, PPS, PC, PA, die bei hohen Temperaturen verarbeitet werden, insbesondere f\u00fcr transparente PET-Folien, -Folien und -Platten, transparente PC-Folien, -Folien und -Platten, optische Folien, optische Linsen und Lichtstreuplatten. Die allgemeine Dosierung betr\u00e4gt 0,1-0,5%.<\/p>\n<p>&nbsp;<\/p>\n<h2><strong>Kontaktieren Sie uns jetzt!<\/strong><\/h2>\n<p><strong>Wenn Sie COA, MSDS oder TDS von <span style=\"color: #00ccff;\"><a style=\"color: #00ccff;\" href=\"https:\/\/longchangchemical.com\/de\/product-category\/lcsorb-uv-absorber\/\">UV-Absorber<\/a><\/span>Bitte tragen Sie Ihre Kontaktdaten in das untenstehende Formular ein. Wir werden uns in der Regel innerhalb von 24 Stunden mit Ihnen in Verbindung setzen. Sie k\u00f6nnen mir auch eine E-Mail schicken <span style=\"color: #00ccff;\"><a style=\"color: #00ccff;\" href=\"mailto:info@longchangchemical.com\">info@longchangchemical.com<\/a> <\/span>w\u00e4hrend der Gesch\u00e4ftszeiten ( 8:30 bis 18:00 Uhr UTC+8 Mo.~Sa. ) oder nutzen Sie den Live-Chat auf der Website, um eine schnelle Antwort zu erhalten.<\/strong><\/p>","protected":false},"excerpt":{"rendered":"<p>UV-3638 CAS 18600-59-4 Aussehen Wei\u00dfes Pulver Molekulargewicht 368.3 Gehalt \u226599.0% Schmelzpunkt 310-315\u2103 Siedepunkt 522.8\u00b0C Dichte@20\u00b0C 1.41g\/cm3 Asche \u22640.1% Fl\u00fcchtige Bestandteile \u22640.3% Lichtdurchl\u00e4ssigkeit 460 nm\u226596% 500 nm\u226599% UV-3638 Verwendung 1. UV-3638 ist ein effizienter UV-Absorber: es hat eine sehr breite UV-Absorption, hohe Temperaturbest\u00e4ndigkeit, hohe Druckbest\u00e4ndigkeit, S\u00e4ure- und Alkalibest\u00e4ndigkeit [...]<\/p>","protected":false},"featured_media":7954,"comment_status":"closed","ping_status":"closed","template":"","meta":[],"product_brand":[],"product_cat":[139],"product_tag":[],"class_list":{"0":"post-6048","1":"product","2":"type-product","3":"status-publish","4":"has-post-thumbnail","6":"product_cat-lcsorb-uv-absorber","8":"first","9":"instock","10":"shipping-taxable","11":"product-type-simple"},"yoast_head":"<!-- This site is optimized with the Yoast SEO plugin v25.3.1 - https:\/\/yoast.com\/wordpress\/plugins\/seo\/ -->\n<title>China CHLUMIUV\u00ae UV-3638 CAS 18600-59-4 Manufacturer - Longchang Chemical<\/title>\n<meta name=\"description\" content=\"CHLUMIUV\u00ae UV-3638 CAS 18600-59-4 is a key product of Longchang Chemical. We provide the best price. We are the leading manufacturer in China with the best quality and competitive price.\" \/>\n<meta name=\"robots\" content=\"index, follow, max-snippet:-1, max-image-preview:large, max-video-preview:-1\" \/>\n<link rel=\"canonical\" href=\"https:\/\/longchangchemical.com\/de\/product\/lcsorb-uv-3638-cas-18600-59-4\/\" \/>\n<meta property=\"og:locale\" content=\"de_DE\" \/>\n<meta property=\"og:type\" content=\"article\" \/>\n<meta property=\"og:title\" content=\"China CHLUMIUV\u00ae UV-3638 CAS 18600-59-4 Manufacturer - Longchang Chemical\" \/>\n<meta property=\"og:description\" content=\"CHLUMIUV\u00ae UV-3638 CAS 18600-59-4 is a key product of Longchang Chemical. We provide the best price. We are the leading manufacturer in China with the best quality and competitive price.\" \/>\n<meta property=\"og:url\" content=\"https:\/\/longchangchemical.com\/de\/product\/lcsorb-uv-3638-cas-18600-59-4\/\" \/>\n<meta property=\"og:site_name\" content=\"Longchang Chemical\" \/>\n<meta property=\"article:modified_time\" content=\"2026-01-09T09:06:29+00:00\" \/>\n<meta property=\"og:image\" content=\"https:\/\/longchangchemical.com\/wp-content\/uploads\/2023\/04\/18600-59-4.jpg\" \/>\n\t<meta property=\"og:image:width\" content=\"600\" \/>\n\t<meta property=\"og:image:height\" content=\"600\" \/>\n\t<meta property=\"og:image:type\" content=\"image\/jpeg\" \/>\n<meta name=\"twitter:card\" content=\"summary_large_image\" \/>\n<script type=\"application\/ld+json\" class=\"yoast-schema-graph\">{\"@context\":\"https:\/\/schema.org\",\"@graph\":[{\"@type\":\"WebPage\",\"@id\":\"https:\/\/longchangchemical.com\/product\/lcsorb-uv-3638-cas-18600-59-4\/\",\"url\":\"https:\/\/longchangchemical.com\/product\/lcsorb-uv-3638-cas-18600-59-4\/\",\"name\":\"China CHLUMIUV\u00ae UV-3638 CAS 18600-59-4 Manufacturer - Longchang Chemical\",\"isPartOf\":{\"@id\":\"https:\/\/longchangchemical.com\/#website\"},\"primaryImageOfPage\":{\"@id\":\"https:\/\/longchangchemical.com\/product\/lcsorb-uv-3638-cas-18600-59-4\/#primaryimage\"},\"image\":{\"@id\":\"https:\/\/longchangchemical.com\/product\/lcsorb-uv-3638-cas-18600-59-4\/#primaryimage\"},\"thumbnailUrl\":\"https:\/\/longchangchemical.com\/wp-content\/uploads\/2023\/04\/18600-59-4.jpg\",\"datePublished\":\"2023-04-21T08:11:04+00:00\",\"dateModified\":\"2026-01-09T09:06:29+00:00\",\"description\":\"CHLUMIUV\u00ae UV-3638 CAS 18600-59-4 is a key product of Longchang Chemical. We provide the best price. We are the leading manufacturer in China with the best quality and competitive price.\",\"breadcrumb\":{\"@id\":\"https:\/\/longchangchemical.com\/product\/lcsorb-uv-3638-cas-18600-59-4\/#breadcrumb\"},\"inLanguage\":\"de\",\"potentialAction\":[{\"@type\":\"ReadAction\",\"target\":[\"https:\/\/longchangchemical.com\/product\/lcsorb-uv-3638-cas-18600-59-4\/\"]}]},{\"@type\":\"ImageObject\",\"inLanguage\":\"de\",\"@id\":\"https:\/\/longchangchemical.com\/product\/lcsorb-uv-3638-cas-18600-59-4\/#primaryimage\",\"url\":\"https:\/\/longchangchemical.com\/wp-content\/uploads\/2023\/04\/18600-59-4.jpg\",\"contentUrl\":\"https:\/\/longchangchemical.com\/wp-content\/uploads\/2023\/04\/18600-59-4.jpg\",\"width\":600,\"height\":600},{\"@type\":\"BreadcrumbList\",\"@id\":\"https:\/\/longchangchemical.com\/product\/lcsorb-uv-3638-cas-18600-59-4\/#breadcrumb\",\"itemListElement\":[{\"@type\":\"ListItem\",\"position\":1,\"name\":\"Home\",\"item\":\"https:\/\/longchangchemical.com\/\"},{\"@type\":\"ListItem\",\"position\":2,\"name\":\"Products Longchang\",\"item\":\"https:\/\/longchangchemical.com\/product\/\"},{\"@type\":\"ListItem\",\"position\":3,\"name\":\"CHLUMIUV\u00ae UV-3638 CAS 18600-59-4\"}]},{\"@type\":\"WebSite\",\"@id\":\"https:\/\/longchangchemical.com\/#website\",\"url\":\"https:\/\/longchangchemical.com\/\",\"name\":\"Longchang Chemical\",\"description\":\"China chemical manufacturer \uff06 supplier\",\"publisher\":{\"@id\":\"https:\/\/longchangchemical.com\/#organization\"},\"potentialAction\":[{\"@type\":\"SearchAction\",\"target\":{\"@type\":\"EntryPoint\",\"urlTemplate\":\"https:\/\/longchangchemical.com\/?s={search_term_string}\"},\"query-input\":{\"@type\":\"PropertyValueSpecification\",\"valueRequired\":true,\"valueName\":\"search_term_string\"}}],\"inLanguage\":\"de\"},{\"@type\":\"Organization\",\"@id\":\"https:\/\/longchangchemical.com\/#organization\",\"name\":\"Longchang Chemical\",\"url\":\"https:\/\/longchangchemical.com\/\",\"logo\":{\"@type\":\"ImageObject\",\"inLanguage\":\"de\",\"@id\":\"https:\/\/longchangchemical.com\/#\/schema\/logo\/image\/\",\"url\":\"https:\/\/longchangchemical.com\/wp-content\/uploads\/2020\/08\/cropped-longchang-logo.png\",\"contentUrl\":\"https:\/\/longchangchemical.com\/wp-content\/uploads\/2020\/08\/cropped-longchang-logo.png\",\"width\":512,\"height\":512,\"caption\":\"Longchang Chemical\"},\"image\":{\"@id\":\"https:\/\/longchangchemical.com\/#\/schema\/logo\/image\/\"}}]}<\/script>\n<!-- \/ Yoast SEO plugin. -->","yoast_head_json":{"title":"China CHLUMIUV\u00ae UV-3638 CAS 18600-59-4 Hersteller - Longchang Chemical","description":"CHLUMIUV\u00ae UV-3638 CAS 18600-59-4 ist ein Schl\u00fcsselprodukt von Longchang Chemical. Wir bieten den besten Preis. Wir sind der f\u00fchrende Hersteller in China mit der besten Qualit\u00e4t und konkurrenzf\u00e4higem Preis.","robots":{"index":"index","follow":"follow","max-snippet":"max-snippet:-1","max-image-preview":"max-image-preview:large","max-video-preview":"max-video-preview:-1"},"canonical":"https:\/\/longchangchemical.com\/de\/product\/lcsorb-uv-3638-cas-18600-59-4\/","og_locale":"de_DE","og_type":"article","og_title":"China CHLUMIUV\u00ae UV-3638 CAS 18600-59-4 Manufacturer - Longchang Chemical","og_description":"CHLUMIUV\u00ae UV-3638 CAS 18600-59-4 is a key product of Longchang Chemical. We provide the best price. We are the leading manufacturer in China with the best quality and competitive price.","og_url":"https:\/\/longchangchemical.com\/de\/product\/lcsorb-uv-3638-cas-18600-59-4\/","og_site_name":"Longchang Chemical","article_modified_time":"2026-01-09T09:06:29+00:00","og_image":[{"width":600,"height":600,"url":"https:\/\/longchangchemical.com\/wp-content\/uploads\/2023\/04\/18600-59-4.jpg","type":"image\/jpeg"}],"twitter_card":"summary_large_image","schema":{"@context":"https:\/\/schema.org","@graph":[{"@type":"WebPage","@id":"https:\/\/longchangchemical.com\/product\/lcsorb-uv-3638-cas-18600-59-4\/","url":"https:\/\/longchangchemical.com\/product\/lcsorb-uv-3638-cas-18600-59-4\/","name":"China CHLUMIUV\u00ae UV-3638 CAS 18600-59-4 Hersteller - Longchang Chemical","isPartOf":{"@id":"https:\/\/longchangchemical.com\/#website"},"primaryImageOfPage":{"@id":"https:\/\/longchangchemical.com\/product\/lcsorb-uv-3638-cas-18600-59-4\/#primaryimage"},"image":{"@id":"https:\/\/longchangchemical.com\/product\/lcsorb-uv-3638-cas-18600-59-4\/#primaryimage"},"thumbnailUrl":"https:\/\/longchangchemical.com\/wp-content\/uploads\/2023\/04\/18600-59-4.jpg","datePublished":"2023-04-21T08:11:04+00:00","dateModified":"2026-01-09T09:06:29+00:00","description":"CHLUMIUV\u00ae UV-3638 CAS 18600-59-4 ist ein Schl\u00fcsselprodukt von Longchang Chemical. Wir bieten den besten Preis. Wir sind der f\u00fchrende Hersteller in China mit der besten Qualit\u00e4t und konkurrenzf\u00e4higem Preis.","breadcrumb":{"@id":"https:\/\/longchangchemical.com\/product\/lcsorb-uv-3638-cas-18600-59-4\/#breadcrumb"},"inLanguage":"de","potentialAction":[{"@type":"ReadAction","target":["https:\/\/longchangchemical.com\/product\/lcsorb-uv-3638-cas-18600-59-4\/"]}]},{"@type":"ImageObject","inLanguage":"de","@id":"https:\/\/longchangchemical.com\/product\/lcsorb-uv-3638-cas-18600-59-4\/#primaryimage","url":"https:\/\/longchangchemical.com\/wp-content\/uploads\/2023\/04\/18600-59-4.jpg","contentUrl":"https:\/\/longchangchemical.com\/wp-content\/uploads\/2023\/04\/18600-59-4.jpg","width":600,"height":600},{"@type":"BreadcrumbList","@id":"https:\/\/longchangchemical.com\/product\/lcsorb-uv-3638-cas-18600-59-4\/#breadcrumb","itemListElement":[{"@type":"ListItem","position":1,"name":"Home","item":"https:\/\/longchangchemical.com\/"},{"@type":"ListItem","position":2,"name":"Products Longchang","item":"https:\/\/longchangchemical.com\/product\/"},{"@type":"ListItem","position":3,"name":"CHLUMIUV\u00ae UV-3638 CAS 18600-59-4"}]},{"@type":"WebSite","@id":"https:\/\/longchangchemical.com\/#website","url":"https:\/\/longchangchemical.com\/","name":"Longchang Chemical","description":"China Hersteller von Chemikalien \uff06 Lieferant","publisher":{"@id":"https:\/\/longchangchemical.com\/#organization"},"potentialAction":[{"@type":"SearchAction","target":{"@type":"EntryPoint","urlTemplate":"https:\/\/longchangchemical.com\/?s={search_term_string}"},"query-input":{"@type":"PropertyValueSpecification","valueRequired":true,"valueName":"search_term_string"}}],"inLanguage":"de"},{"@type":"Organization","@id":"https:\/\/longchangchemical.com\/#organization","name":"Longchang Chemical","url":"https:\/\/longchangchemical.com\/","logo":{"@type":"ImageObject","inLanguage":"de","@id":"https:\/\/longchangchemical.com\/#\/schema\/logo\/image\/","url":"https:\/\/longchangchemical.com\/wp-content\/uploads\/2020\/08\/cropped-longchang-logo.png","contentUrl":"https:\/\/longchangchemical.com\/wp-content\/uploads\/2020\/08\/cropped-longchang-logo.png","width":512,"height":512,"caption":"Longchang Chemical"},"image":{"@id":"https:\/\/longchangchemical.com\/#\/schema\/logo\/image\/"}}]}},"_links":{"self":[{"href":"https:\/\/longchangchemical.com\/de\/wp-json\/wp\/v2\/product\/6048","targetHints":{"allow":["GET"]}}],"collection":[{"href":"https:\/\/longchangchemical.com\/de\/wp-json\/wp\/v2\/product"}],"about":[{"href":"https:\/\/longchangchemical.com\/de\/wp-json\/wp\/v2\/types\/product"}],"replies":[{"embeddable":true,"href":"https:\/\/longchangchemical.com\/de\/wp-json\/wp\/v2\/comments?post=6048"}],"wp:featuredmedia":[{"embeddable":true,"href":"https:\/\/longchangchemical.com\/de\/wp-json\/wp\/v2\/media\/7954"}],"wp:attachment":[{"href":"https:\/\/longchangchemical.com\/de\/wp-json\/wp\/v2\/media?parent=6048"}],"wp:term":[{"taxonomy":"product_brand","embeddable":true,"href":"https:\/\/longchangchemical.com\/de\/wp-json\/wp\/v2\/product_brand?post=6048"},{"taxonomy":"product_cat","embeddable":true,"href":"https:\/\/longchangchemical.com\/de\/wp-json\/wp\/v2\/product_cat?post=6048"},{"taxonomy":"product_tag","embeddable":true,"href":"https:\/\/longchangchemical.com\/de\/wp-json\/wp\/v2\/product_tag?post=6048"}],"curies":[{"name":"wp","href":"https:\/\/api.w.org\/{rel}","templated":true}]}}