{"id":6043,"date":"2023-04-19T11:25:44","date_gmt":"2023-04-19T11:25:44","guid":{"rendered":"https:\/\/longchangchemical.com\/?post_type=product&#038;p=6043"},"modified":"2026-01-09T09:11:56","modified_gmt":"2026-01-09T09:11:56","slug":"lcsorb-uv-3039-cas-6197-30-4","status":"publish","type":"product","link":"https:\/\/longchangchemical.com\/de\/product\/lcsorb-uv-3039-cas-6197-30-4\/","title":{"rendered":"CHLUMIUV\u00ae UV-3039 \/ Octocrilene CAS 6197-30-4"},"content":{"rendered":"<h1><strong>UV-3039 \/ Octocrilene CAS 6197-30-4<\/strong><\/h1>\n<table style=\"border-collapse: collapse; width: 200.28pt;\" border=\"0\" width=\"267\" cellspacing=\"0\" cellpadding=\"0\">\n<tbody>\n<tr style=\"height: 13.50pt;\">\n<td class=\"et2\" style=\"height: 13.50pt; width: 84.75pt;\" width=\"113\" height=\"18\">Erscheinungsbild<\/td>\n<td class=\"et3\" style=\"width: 115.50pt;\" width=\"154\">Blassgelbe Fl\u00fcssigkeit<\/td>\n<\/tr>\n<tr style=\"height: 13.50pt;\">\n<td class=\"et2\" style=\"height: 13.50pt;\" height=\"18\">Inhalt<\/td>\n<td class=\"et3\">\u226598%<\/td>\n<\/tr>\n<tr style=\"height: 13.50pt;\">\n<td class=\"et2\" style=\"height: 13.50pt;\" height=\"18\">Chromatizit\u00e4t<\/td>\n<td class=\"et3\">\u2264 6<\/td>\n<\/tr>\n<tr style=\"height: 13.50pt;\">\n<td class=\"et2\" style=\"height: 13.50pt;\" height=\"18\">S\u00e4urewert<\/td>\n<td class=\"et3\">\u2264 1mgKOH\/g<\/td>\n<\/tr>\n<\/tbody>\n<\/table>\n<h2><\/h2>\n<h2><strong>UV-3039 Verwendung<\/strong><\/h2>\n<p>1. UV-Absorber UV-3039 ist ein fl\u00fcssiger Acrylat-UV-Absorber, ein \u00f6ll\u00f6slicher Sonnenschutz, der in der Lage ist, 280-350nm UV-Licht zu absorbieren, mit einer Spitzenabsorption von 303nm. Es hat eine gute Kompatibilit\u00e4t, geringe Fl\u00fcchtigkeit, gute Dispersion und hohe Absorptionseffizienz und ist leicht l\u00f6slich in Weichmachern, polaren und unpolaren L\u00f6sungsmitteln.<\/p>\n<p>2. Geeignet f\u00fcr PVC, PUR, PMMA, silikonorganische Emulsionen, insbesondere f\u00fcr PVC und PVC-Plastisole. Der synergistische Effekt ist bemerkenswert, wenn es mit Lichtstabilisatoren und Antioxidantien verwendet wird. Die allgemeine Dosierung betr\u00e4gt 0,1-0,5%.<\/p>\n<h2><strong>UV-3039 <\/strong><strong>Lagerung:<\/strong><\/h2>\n<p>Sie werden in einem trockenen, sauberen Lager mit guter Bel\u00fcftung aufbewahrt.<br \/>\nVermeiden Sie Licht- und W\u00e4rmeeinwirkung, um eine Oxidation zu verhindern.<br \/>\nSchutz des Produkts vor Auslaufen, Regen und Sonneneinstrahlung w\u00e4hrend des Transports.<\/p>\n<p>&nbsp;<\/p>\n<h2><strong>Kontaktieren Sie uns jetzt!<\/strong><\/h2>\n<p><strong>Wenn Sie COA, MSDS oder TDS von <span style=\"color: #00ccff;\"><a style=\"color: #00ccff;\" href=\"https:\/\/longchangchemical.com\/de\/product-category\/lcsorb-uv-absorber\/\">UV-Absorber<\/a><\/span>Bitte tragen Sie Ihre Kontaktdaten in das untenstehende Formular ein. Wir werden uns in der Regel innerhalb von 24 Stunden mit Ihnen in Verbindung setzen. Sie k\u00f6nnen mir auch eine E-Mail schicken <span style=\"color: #00ccff;\"><a style=\"color: #00ccff;\" href=\"mailto:info@longchangchemical.com\">info@longchangchemical.com<\/a> <\/span>w\u00e4hrend der Gesch\u00e4ftszeiten ( 8:30 bis 18:00 Uhr UTC+8 Mo.~Sa. ) oder nutzen Sie den Live-Chat auf der Website, um eine schnelle Antwort zu erhalten.<\/strong><\/p>","protected":false},"excerpt":{"rendered":"<p>UV-3039 \/ Octocrilen CAS 6197-30-4 Aussehen Blassgelbe Fl\u00fcssigkeit Gehalt \u226598% Chromatizit\u00e4t \u2264 6 S\u00e4urezahl \u2264 1mgKOH\/g UV-3039 Verwendung 1. UV-Absorber UV-3039 ist ein fl\u00fcssiger Acrylat-UV-Absorber, ein \u00f6ll\u00f6slicher Sonnenschutz, der 280-350nm UV-Licht absorbieren kann, mit einer Spitzenabsorption von 303nm. Es hat eine gute Vertr\u00e4glichkeit, geringe Fl\u00fcchtigkeit, gute Dispersion und hohe [...]<\/p>","protected":false},"featured_media":7956,"comment_status":"closed","ping_status":"closed","template":"","meta":[],"product_brand":[],"product_cat":[139],"product_tag":[],"class_list":{"0":"post-6043","1":"product","2":"type-product","3":"status-publish","4":"has-post-thumbnail","6":"product_cat-lcsorb-uv-absorber","8":"first","9":"instock","10":"shipping-taxable","11":"product-type-simple"},"yoast_head":"<!-- This site is optimized with the Yoast SEO plugin v25.3.1 - https:\/\/yoast.com\/wordpress\/plugins\/seo\/ -->\n<title>China CHLUMIUV\u00ae UV-3039 \/ Octocrilene CAS 6197-30-4 Manufacturer - Longchang Chemical<\/title>\n<meta name=\"description\" content=\"CHLUMIUV\u00ae UV-3039 \/ Octocrilene CAS 6197-30-4 is a key product of Longchang Chemical. We provide the best price. We are the leading manufacturer in China with the best quality and competitive price.\" \/>\n<meta name=\"robots\" content=\"index, follow, max-snippet:-1, max-image-preview:large, max-video-preview:-1\" \/>\n<link rel=\"canonical\" href=\"https:\/\/longchangchemical.com\/de\/product\/lcsorb-uv-3039-cas-6197-30-4\/\" \/>\n<meta property=\"og:locale\" content=\"de_DE\" \/>\n<meta property=\"og:type\" content=\"article\" \/>\n<meta property=\"og:title\" content=\"China CHLUMIUV\u00ae UV-3039 \/ Octocrilene CAS 6197-30-4 Manufacturer - Longchang Chemical\" \/>\n<meta property=\"og:description\" content=\"CHLUMIUV\u00ae UV-3039 \/ Octocrilene CAS 6197-30-4 is a key product of Longchang Chemical. We provide the best price. We are the leading manufacturer in China with the best quality and competitive price.\" \/>\n<meta property=\"og:url\" content=\"https:\/\/longchangchemical.com\/de\/product\/lcsorb-uv-3039-cas-6197-30-4\/\" \/>\n<meta property=\"og:site_name\" content=\"Longchang Chemical\" \/>\n<meta property=\"article:modified_time\" content=\"2026-01-09T09:11:56+00:00\" \/>\n<meta property=\"og:image\" content=\"https:\/\/longchangchemical.com\/wp-content\/uploads\/2023\/04\/6197-30-4.jpg\" \/>\n\t<meta property=\"og:image:width\" content=\"600\" \/>\n\t<meta property=\"og:image:height\" content=\"600\" \/>\n\t<meta property=\"og:image:type\" content=\"image\/jpeg\" \/>\n<meta name=\"twitter:card\" content=\"summary_large_image\" \/>\n<script type=\"application\/ld+json\" class=\"yoast-schema-graph\">{\"@context\":\"https:\/\/schema.org\",\"@graph\":[{\"@type\":\"WebPage\",\"@id\":\"https:\/\/longchangchemical.com\/product\/lcsorb-uv-3039-cas-6197-30-4\/\",\"url\":\"https:\/\/longchangchemical.com\/product\/lcsorb-uv-3039-cas-6197-30-4\/\",\"name\":\"China CHLUMIUV\u00ae UV-3039 \/ Octocrilene CAS 6197-30-4 Manufacturer - Longchang Chemical\",\"isPartOf\":{\"@id\":\"https:\/\/longchangchemical.com\/#website\"},\"primaryImageOfPage\":{\"@id\":\"https:\/\/longchangchemical.com\/product\/lcsorb-uv-3039-cas-6197-30-4\/#primaryimage\"},\"image\":{\"@id\":\"https:\/\/longchangchemical.com\/product\/lcsorb-uv-3039-cas-6197-30-4\/#primaryimage\"},\"thumbnailUrl\":\"https:\/\/longchangchemical.com\/wp-content\/uploads\/2023\/04\/6197-30-4.jpg\",\"datePublished\":\"2023-04-19T11:25:44+00:00\",\"dateModified\":\"2026-01-09T09:11:56+00:00\",\"description\":\"CHLUMIUV\u00ae UV-3039 \/ Octocrilene CAS 6197-30-4 is a key product of Longchang Chemical. We provide the best price. We are the leading manufacturer in China with the best quality and competitive price.\",\"breadcrumb\":{\"@id\":\"https:\/\/longchangchemical.com\/product\/lcsorb-uv-3039-cas-6197-30-4\/#breadcrumb\"},\"inLanguage\":\"de\",\"potentialAction\":[{\"@type\":\"ReadAction\",\"target\":[\"https:\/\/longchangchemical.com\/product\/lcsorb-uv-3039-cas-6197-30-4\/\"]}]},{\"@type\":\"ImageObject\",\"inLanguage\":\"de\",\"@id\":\"https:\/\/longchangchemical.com\/product\/lcsorb-uv-3039-cas-6197-30-4\/#primaryimage\",\"url\":\"https:\/\/longchangchemical.com\/wp-content\/uploads\/2023\/04\/6197-30-4.jpg\",\"contentUrl\":\"https:\/\/longchangchemical.com\/wp-content\/uploads\/2023\/04\/6197-30-4.jpg\",\"width\":600,\"height\":600},{\"@type\":\"BreadcrumbList\",\"@id\":\"https:\/\/longchangchemical.com\/product\/lcsorb-uv-3039-cas-6197-30-4\/#breadcrumb\",\"itemListElement\":[{\"@type\":\"ListItem\",\"position\":1,\"name\":\"Home\",\"item\":\"https:\/\/longchangchemical.com\/\"},{\"@type\":\"ListItem\",\"position\":2,\"name\":\"Products Longchang\",\"item\":\"https:\/\/longchangchemical.com\/product\/\"},{\"@type\":\"ListItem\",\"position\":3,\"name\":\"CHLUMIUV\u00ae UV-3039 \/ Octocrilene CAS 6197-30-4\"}]},{\"@type\":\"WebSite\",\"@id\":\"https:\/\/longchangchemical.com\/#website\",\"url\":\"https:\/\/longchangchemical.com\/\",\"name\":\"Longchang Chemical\",\"description\":\"China chemical manufacturer \uff06 supplier\",\"publisher\":{\"@id\":\"https:\/\/longchangchemical.com\/#organization\"},\"potentialAction\":[{\"@type\":\"SearchAction\",\"target\":{\"@type\":\"EntryPoint\",\"urlTemplate\":\"https:\/\/longchangchemical.com\/?s={search_term_string}\"},\"query-input\":{\"@type\":\"PropertyValueSpecification\",\"valueRequired\":true,\"valueName\":\"search_term_string\"}}],\"inLanguage\":\"de\"},{\"@type\":\"Organization\",\"@id\":\"https:\/\/longchangchemical.com\/#organization\",\"name\":\"Longchang Chemical\",\"url\":\"https:\/\/longchangchemical.com\/\",\"logo\":{\"@type\":\"ImageObject\",\"inLanguage\":\"de\",\"@id\":\"https:\/\/longchangchemical.com\/#\/schema\/logo\/image\/\",\"url\":\"https:\/\/longchangchemical.com\/wp-content\/uploads\/2020\/08\/cropped-longchang-logo.png\",\"contentUrl\":\"https:\/\/longchangchemical.com\/wp-content\/uploads\/2020\/08\/cropped-longchang-logo.png\",\"width\":512,\"height\":512,\"caption\":\"Longchang Chemical\"},\"image\":{\"@id\":\"https:\/\/longchangchemical.com\/#\/schema\/logo\/image\/\"}}]}<\/script>\n<!-- \/ Yoast SEO plugin. -->","yoast_head_json":{"title":"China CHLUMIUV\u00ae UV-3039 \/ Octocrilene CAS 6197-30-4 Hersteller - Longchang Chemical","description":"CHLUMIUV\u00ae UV-3039 \/ Octocrilene CAS 6197-30-4 ist ein Schl\u00fcsselprodukt von Longchang Chemical. Wir bieten den besten Preis. Wir sind der f\u00fchrende Hersteller in China mit der besten Qualit\u00e4t und konkurrenzf\u00e4higem Preis.","robots":{"index":"index","follow":"follow","max-snippet":"max-snippet:-1","max-image-preview":"max-image-preview:large","max-video-preview":"max-video-preview:-1"},"canonical":"https:\/\/longchangchemical.com\/de\/product\/lcsorb-uv-3039-cas-6197-30-4\/","og_locale":"de_DE","og_type":"article","og_title":"China CHLUMIUV\u00ae UV-3039 \/ Octocrilene CAS 6197-30-4 Manufacturer - Longchang Chemical","og_description":"CHLUMIUV\u00ae UV-3039 \/ Octocrilene CAS 6197-30-4 is a key product of Longchang Chemical. We provide the best price. We are the leading manufacturer in China with the best quality and competitive price.","og_url":"https:\/\/longchangchemical.com\/de\/product\/lcsorb-uv-3039-cas-6197-30-4\/","og_site_name":"Longchang Chemical","article_modified_time":"2026-01-09T09:11:56+00:00","og_image":[{"width":600,"height":600,"url":"https:\/\/longchangchemical.com\/wp-content\/uploads\/2023\/04\/6197-30-4.jpg","type":"image\/jpeg"}],"twitter_card":"summary_large_image","schema":{"@context":"https:\/\/schema.org","@graph":[{"@type":"WebPage","@id":"https:\/\/longchangchemical.com\/product\/lcsorb-uv-3039-cas-6197-30-4\/","url":"https:\/\/longchangchemical.com\/product\/lcsorb-uv-3039-cas-6197-30-4\/","name":"China CHLUMIUV\u00ae UV-3039 \/ Octocrilene CAS 6197-30-4 Hersteller - Longchang Chemical","isPartOf":{"@id":"https:\/\/longchangchemical.com\/#website"},"primaryImageOfPage":{"@id":"https:\/\/longchangchemical.com\/product\/lcsorb-uv-3039-cas-6197-30-4\/#primaryimage"},"image":{"@id":"https:\/\/longchangchemical.com\/product\/lcsorb-uv-3039-cas-6197-30-4\/#primaryimage"},"thumbnailUrl":"https:\/\/longchangchemical.com\/wp-content\/uploads\/2023\/04\/6197-30-4.jpg","datePublished":"2023-04-19T11:25:44+00:00","dateModified":"2026-01-09T09:11:56+00:00","description":"CHLUMIUV\u00ae UV-3039 \/ Octocrilene CAS 6197-30-4 ist ein Schl\u00fcsselprodukt von Longchang Chemical. Wir bieten den besten Preis. Wir sind der f\u00fchrende Hersteller in China mit der besten Qualit\u00e4t und konkurrenzf\u00e4higem Preis.","breadcrumb":{"@id":"https:\/\/longchangchemical.com\/product\/lcsorb-uv-3039-cas-6197-30-4\/#breadcrumb"},"inLanguage":"de","potentialAction":[{"@type":"ReadAction","target":["https:\/\/longchangchemical.com\/product\/lcsorb-uv-3039-cas-6197-30-4\/"]}]},{"@type":"ImageObject","inLanguage":"de","@id":"https:\/\/longchangchemical.com\/product\/lcsorb-uv-3039-cas-6197-30-4\/#primaryimage","url":"https:\/\/longchangchemical.com\/wp-content\/uploads\/2023\/04\/6197-30-4.jpg","contentUrl":"https:\/\/longchangchemical.com\/wp-content\/uploads\/2023\/04\/6197-30-4.jpg","width":600,"height":600},{"@type":"BreadcrumbList","@id":"https:\/\/longchangchemical.com\/product\/lcsorb-uv-3039-cas-6197-30-4\/#breadcrumb","itemListElement":[{"@type":"ListItem","position":1,"name":"Home","item":"https:\/\/longchangchemical.com\/"},{"@type":"ListItem","position":2,"name":"Products Longchang","item":"https:\/\/longchangchemical.com\/product\/"},{"@type":"ListItem","position":3,"name":"CHLUMIUV\u00ae UV-3039 \/ Octocrilene CAS 6197-30-4"}]},{"@type":"WebSite","@id":"https:\/\/longchangchemical.com\/#website","url":"https:\/\/longchangchemical.com\/","name":"Longchang Chemical","description":"China Hersteller von Chemikalien \uff06 Lieferant","publisher":{"@id":"https:\/\/longchangchemical.com\/#organization"},"potentialAction":[{"@type":"SearchAction","target":{"@type":"EntryPoint","urlTemplate":"https:\/\/longchangchemical.com\/?s={search_term_string}"},"query-input":{"@type":"PropertyValueSpecification","valueRequired":true,"valueName":"search_term_string"}}],"inLanguage":"de"},{"@type":"Organization","@id":"https:\/\/longchangchemical.com\/#organization","name":"Longchang Chemical","url":"https:\/\/longchangchemical.com\/","logo":{"@type":"ImageObject","inLanguage":"de","@id":"https:\/\/longchangchemical.com\/#\/schema\/logo\/image\/","url":"https:\/\/longchangchemical.com\/wp-content\/uploads\/2020\/08\/cropped-longchang-logo.png","contentUrl":"https:\/\/longchangchemical.com\/wp-content\/uploads\/2020\/08\/cropped-longchang-logo.png","width":512,"height":512,"caption":"Longchang Chemical"},"image":{"@id":"https:\/\/longchangchemical.com\/#\/schema\/logo\/image\/"}}]}},"_links":{"self":[{"href":"https:\/\/longchangchemical.com\/de\/wp-json\/wp\/v2\/product\/6043","targetHints":{"allow":["GET"]}}],"collection":[{"href":"https:\/\/longchangchemical.com\/de\/wp-json\/wp\/v2\/product"}],"about":[{"href":"https:\/\/longchangchemical.com\/de\/wp-json\/wp\/v2\/types\/product"}],"replies":[{"embeddable":true,"href":"https:\/\/longchangchemical.com\/de\/wp-json\/wp\/v2\/comments?post=6043"}],"wp:featuredmedia":[{"embeddable":true,"href":"https:\/\/longchangchemical.com\/de\/wp-json\/wp\/v2\/media\/7956"}],"wp:attachment":[{"href":"https:\/\/longchangchemical.com\/de\/wp-json\/wp\/v2\/media?parent=6043"}],"wp:term":[{"taxonomy":"product_brand","embeddable":true,"href":"https:\/\/longchangchemical.com\/de\/wp-json\/wp\/v2\/product_brand?post=6043"},{"taxonomy":"product_cat","embeddable":true,"href":"https:\/\/longchangchemical.com\/de\/wp-json\/wp\/v2\/product_cat?post=6043"},{"taxonomy":"product_tag","embeddable":true,"href":"https:\/\/longchangchemical.com\/de\/wp-json\/wp\/v2\/product_tag?post=6043"}],"curies":[{"name":"wp","href":"https:\/\/api.w.org\/{rel}","templated":true}]}}