{"id":6038,"date":"2023-04-18T13:05:55","date_gmt":"2023-04-18T13:05:55","guid":{"rendered":"https:\/\/longchangchemical.com\/?post_type=product&#038;p=6038"},"modified":"2026-01-09T09:19:45","modified_gmt":"2026-01-09T09:19:45","slug":"lcsorb-uv-p-cas-2440-22-4","status":"publish","type":"product","link":"https:\/\/longchangchemical.com\/de\/product\/lcsorb-uv-p-cas-2440-22-4\/","title":{"rendered":"CHLUMIUV\u00ae UV-P \/ Tinuvin P CAS 2440-22-4"},"content":{"rendered":"<h1><strong>UV-P \/ Tinuvin P CAS 2440-22-4<\/strong><\/h1>\n<table style=\"border-collapse: collapse; width: 282.77pt;\" border=\"0\" width=\"377\" cellspacing=\"0\" cellpadding=\"0\">\n<tbody>\n<tr style=\"height: 15.00pt;\">\n<td class=\"et2\" style=\"height: 15.00pt; width: 135.00pt;\" width=\"180\" height=\"20\">Erscheinungsbild<span class=\"font2\">\uff1a<\/span><\/td>\n<td class=\"et3\" style=\"width: 147.75pt;\" width=\"197\">Hellgelbe Kristalle<\/td>\n<\/tr>\n<tr style=\"height: 15.00pt;\">\n<td class=\"et2\" style=\"height: 15.00pt; width: 135.00pt;\" width=\"180\" height=\"20\">Reinheit (HPLC)<span class=\"font2\">\uff1a<\/span><\/td>\n<td class=\"et3\">99.0% min<\/td>\n<\/tr>\n<tr style=\"height: 30.00pt;\">\n<td class=\"et2\" style=\"height: 30.00pt; width: 135.00pt;\" width=\"180\" height=\"40\">Durchl\u00e4ssigkeit<span class=\"font2\">\uff1a<\/span><\/td>\n<td class=\"et2\" style=\"width: 147.75pt;\" width=\"197\">440nm: 97.0% min<br \/>\n500nm: 98,0% min<\/td>\n<\/tr>\n<tr style=\"height: 15.00pt;\">\n<td class=\"et2\" style=\"height: 15.00pt; width: 135.00pt;\" width=\"180\" height=\"20\">Schmelzpunkt<span class=\"font2\">\uff1a<\/span><\/td>\n<td class=\"et3\">128.0<span class=\"font2\">\u2103<\/span><span class=\"font1\">~132.0<\/span><span class=\"font2\">\u2103<\/span><\/td>\n<\/tr>\n<tr style=\"height: 15.00pt;\">\n<td class=\"et2\" style=\"height: 15.00pt; width: 135.00pt;\" width=\"180\" height=\"20\">Fl\u00fcchtige Stoffe<span class=\"font2\">\uff1a<\/span><\/td>\n<td class=\"et3\">0,50% max<\/td>\n<\/tr>\n<tr style=\"height: 15.00pt;\">\n<td class=\"et2\" style=\"height: 15.00pt; width: 135.00pt;\" width=\"180\" height=\"20\">Aschegehalt<span class=\"font2\">\uff1a<\/span><\/td>\n<td class=\"et3\">0,10% max<\/td>\n<\/tr>\n<tr style=\"height: 15.00pt;\">\n<td class=\"et2\" style=\"height: 15.00pt; width: 135.00pt;\" width=\"180\" height=\"20\">Klarheit der L\u00f6sung<span class=\"font2\">\uff1a<\/span><\/td>\n<td class=\"et3\">Klar<\/td>\n<\/tr>\n<\/tbody>\n<\/table>\n<h2><strong>UV-P Anwendung\uff1a<\/strong><\/h2>\n<p>Dieses Produkt ist ein hochwirksamer UV-Absorber, der effektiv 270-380nm UV-Licht absorbieren kann; geruchlos, hochtemperaturbest\u00e4ndig, guter Hitzestabilisator; nicht brennbar, nicht explosiv, ungiftig, sicher und unsch\u00e4dlich in der Anwendung; dieses Produkt absorbiert fast kein sichtbares Licht, insbesondere f\u00fcr farblose transparente und helle Produkte; haupts\u00e4chlich verwendet in PVC, Polystyrol, Polycarbonat, Polymethylmethacrylat, AS-Harz, ABS-Harz, Polypropylen und Polyethylen.<\/p>\n<p>&nbsp;<\/p>\n<p>- Konzentration\uff1a0,2-2,0%<\/p>\n<p>&nbsp;<\/p>\n<h2><strong>UV-P Lagerung:<\/strong><\/h2>\n<p>Sie werden in einem trockenen, sauberen Lager mit guter Bel\u00fcftung aufbewahrt.<br \/>\nVermeiden Sie Licht- und W\u00e4rmeeinwirkung, um eine Oxidation zu verhindern.<br \/>\nSchutz des Produkts vor Auslaufen, Regen und Sonneneinstrahlung w\u00e4hrend des Transports.<\/p>\n<p>&nbsp;<\/p>\n<h2><strong>Kontaktieren Sie uns jetzt!<\/strong><\/h2>\n<p><strong>Wenn Sie COA, MSDS oder TDS von <span style=\"color: #00ccff;\"><a style=\"color: #00ccff;\" href=\"https:\/\/longchangchemical.com\/de\/product-category\/lcsorb-uv-absorber\/\">UV-Absorber<\/a><\/span>Bitte tragen Sie Ihre Kontaktdaten in das untenstehende Formular ein. Wir werden uns in der Regel innerhalb von 24 Stunden mit Ihnen in Verbindung setzen. Sie k\u00f6nnen mir auch eine E-Mail schicken <span style=\"color: #00ccff;\"><a style=\"color: #00ccff;\" href=\"mailto:info@longchangchemical.com\">info@longchangchemical.com<\/a> <\/span>w\u00e4hrend der Gesch\u00e4ftszeiten ( 8:30 bis 18:00 Uhr UTC+8 Mo.~Sa. ) oder nutzen Sie den Live-Chat auf der Website, um eine schnelle Antwort zu erhalten.<\/strong><\/p>","protected":false},"excerpt":{"rendered":"<p>Chemische Bezeichnung: 2-(2\u2032-Hydroxy-5\u2032-methylphenyl)benzotriazol<\/p>\n<p>CAS-Nr.: 2440-22-4<\/p>\n<p>Synonym:Drometrizol;Drometrizolum;LOTSORB UV P;Tinuvin P; 2-(2\u2032-Hydroxy-5\u2032-methylphenyl)benzotriazol; 2-Benzotriazolyl-4-methylphenol; UV-Absorber-1; Porex P; Benazol P; Sumisorb 200; ADK Stab LA 32; Arelite BT10; Cyasorb UV5365; Eversorb 71; Lowilite 55; Seikalizer AZ; Uvasorb SV; Uvinul 3033P; Viosorb 520<\/p>\n<p>MF: C13H11N3O<\/p>\n<p>Reinheit: 99,0% min<\/p>","protected":false},"featured_media":7957,"comment_status":"closed","ping_status":"closed","template":"","meta":[],"product_brand":[],"product_cat":[139],"product_tag":[],"class_list":{"0":"post-6038","1":"product","2":"type-product","3":"status-publish","4":"has-post-thumbnail","6":"product_cat-lcsorb-uv-absorber","8":"first","9":"instock","10":"shipping-taxable","11":"product-type-simple"},"yoast_head":"<!-- This site is optimized with the Yoast SEO plugin v25.3.1 - https:\/\/yoast.com\/wordpress\/plugins\/seo\/ -->\n<title>China CHLUMIUV\u00ae UV-P \/ Tinuvin P CAS 2440-22-4 Manufacturer - Longchang Chemical<\/title>\n<meta name=\"description\" content=\"CHLUMIUV\u00ae UV-P \/ Tinuvin P CAS 2440-22-4 is a key product of Longchang Chemical. We provide the best price. We are the leading manufacturer in China with the best quality and competitive price.\" \/>\n<meta name=\"robots\" content=\"index, follow, max-snippet:-1, max-image-preview:large, max-video-preview:-1\" \/>\n<link rel=\"canonical\" href=\"https:\/\/longchangchemical.com\/de\/product\/lcsorb-uv-p-cas-2440-22-4\/\" \/>\n<meta property=\"og:locale\" content=\"de_DE\" \/>\n<meta property=\"og:type\" content=\"article\" \/>\n<meta property=\"og:title\" content=\"China CHLUMIUV\u00ae UV-P \/ Tinuvin P CAS 2440-22-4 Manufacturer - Longchang Chemical\" \/>\n<meta property=\"og:description\" content=\"CHLUMIUV\u00ae UV-P \/ Tinuvin P CAS 2440-22-4 is a key product of Longchang Chemical. We provide the best price. We are the leading manufacturer in China with the best quality and competitive price.\" \/>\n<meta property=\"og:url\" content=\"https:\/\/longchangchemical.com\/de\/product\/lcsorb-uv-p-cas-2440-22-4\/\" \/>\n<meta property=\"og:site_name\" content=\"Longchang Chemical\" \/>\n<meta property=\"article:modified_time\" content=\"2026-01-09T09:19:45+00:00\" \/>\n<meta property=\"og:image\" content=\"https:\/\/longchangchemical.com\/wp-content\/uploads\/2023\/04\/2440-22-4.jpg\" \/>\n\t<meta property=\"og:image:width\" content=\"600\" \/>\n\t<meta property=\"og:image:height\" content=\"600\" \/>\n\t<meta property=\"og:image:type\" content=\"image\/jpeg\" \/>\n<meta name=\"twitter:card\" content=\"summary_large_image\" \/>\n<script type=\"application\/ld+json\" class=\"yoast-schema-graph\">{\"@context\":\"https:\/\/schema.org\",\"@graph\":[{\"@type\":\"WebPage\",\"@id\":\"https:\/\/longchangchemical.com\/product\/lcsorb-uv-p-cas-2440-22-4\/\",\"url\":\"https:\/\/longchangchemical.com\/product\/lcsorb-uv-p-cas-2440-22-4\/\",\"name\":\"China CHLUMIUV\u00ae UV-P \/ Tinuvin P CAS 2440-22-4 Manufacturer - Longchang Chemical\",\"isPartOf\":{\"@id\":\"https:\/\/longchangchemical.com\/#website\"},\"primaryImageOfPage\":{\"@id\":\"https:\/\/longchangchemical.com\/product\/lcsorb-uv-p-cas-2440-22-4\/#primaryimage\"},\"image\":{\"@id\":\"https:\/\/longchangchemical.com\/product\/lcsorb-uv-p-cas-2440-22-4\/#primaryimage\"},\"thumbnailUrl\":\"https:\/\/longchangchemical.com\/wp-content\/uploads\/2023\/04\/2440-22-4.jpg\",\"datePublished\":\"2023-04-18T13:05:55+00:00\",\"dateModified\":\"2026-01-09T09:19:45+00:00\",\"description\":\"CHLUMIUV\u00ae UV-P \/ Tinuvin P CAS 2440-22-4 is a key product of Longchang Chemical. We provide the best price. We are the leading manufacturer in China with the best quality and competitive price.\",\"breadcrumb\":{\"@id\":\"https:\/\/longchangchemical.com\/product\/lcsorb-uv-p-cas-2440-22-4\/#breadcrumb\"},\"inLanguage\":\"de\",\"potentialAction\":[{\"@type\":\"ReadAction\",\"target\":[\"https:\/\/longchangchemical.com\/product\/lcsorb-uv-p-cas-2440-22-4\/\"]}]},{\"@type\":\"ImageObject\",\"inLanguage\":\"de\",\"@id\":\"https:\/\/longchangchemical.com\/product\/lcsorb-uv-p-cas-2440-22-4\/#primaryimage\",\"url\":\"https:\/\/longchangchemical.com\/wp-content\/uploads\/2023\/04\/2440-22-4.jpg\",\"contentUrl\":\"https:\/\/longchangchemical.com\/wp-content\/uploads\/2023\/04\/2440-22-4.jpg\",\"width\":600,\"height\":600},{\"@type\":\"BreadcrumbList\",\"@id\":\"https:\/\/longchangchemical.com\/product\/lcsorb-uv-p-cas-2440-22-4\/#breadcrumb\",\"itemListElement\":[{\"@type\":\"ListItem\",\"position\":1,\"name\":\"Home\",\"item\":\"https:\/\/longchangchemical.com\/\"},{\"@type\":\"ListItem\",\"position\":2,\"name\":\"Products Longchang\",\"item\":\"https:\/\/longchangchemical.com\/product\/\"},{\"@type\":\"ListItem\",\"position\":3,\"name\":\"CHLUMIUV\u00ae UV-P \/ Tinuvin P CAS 2440-22-4\"}]},{\"@type\":\"WebSite\",\"@id\":\"https:\/\/longchangchemical.com\/#website\",\"url\":\"https:\/\/longchangchemical.com\/\",\"name\":\"Longchang Chemical\",\"description\":\"China chemical manufacturer \uff06 supplier\",\"publisher\":{\"@id\":\"https:\/\/longchangchemical.com\/#organization\"},\"potentialAction\":[{\"@type\":\"SearchAction\",\"target\":{\"@type\":\"EntryPoint\",\"urlTemplate\":\"https:\/\/longchangchemical.com\/?s={search_term_string}\"},\"query-input\":{\"@type\":\"PropertyValueSpecification\",\"valueRequired\":true,\"valueName\":\"search_term_string\"}}],\"inLanguage\":\"de\"},{\"@type\":\"Organization\",\"@id\":\"https:\/\/longchangchemical.com\/#organization\",\"name\":\"Longchang Chemical\",\"url\":\"https:\/\/longchangchemical.com\/\",\"logo\":{\"@type\":\"ImageObject\",\"inLanguage\":\"de\",\"@id\":\"https:\/\/longchangchemical.com\/#\/schema\/logo\/image\/\",\"url\":\"https:\/\/longchangchemical.com\/wp-content\/uploads\/2020\/08\/cropped-longchang-logo.png\",\"contentUrl\":\"https:\/\/longchangchemical.com\/wp-content\/uploads\/2020\/08\/cropped-longchang-logo.png\",\"width\":512,\"height\":512,\"caption\":\"Longchang Chemical\"},\"image\":{\"@id\":\"https:\/\/longchangchemical.com\/#\/schema\/logo\/image\/\"}}]}<\/script>\n<!-- \/ Yoast SEO plugin. -->","yoast_head_json":{"title":"China CHLUMIUV\u00ae UV-P \/ Tinuvin P CAS 2440-22-4 Hersteller - Longchang Chemical","description":"CHLUMIUV\u00ae UV-P \/ Tinuvin P CAS 2440-22-4 ist ein Schl\u00fcsselprodukt von Longchang Chemical. Wir bieten den besten Preis. Wir sind der f\u00fchrende Hersteller in China mit der besten Qualit\u00e4t und konkurrenzf\u00e4higem Preis.","robots":{"index":"index","follow":"follow","max-snippet":"max-snippet:-1","max-image-preview":"max-image-preview:large","max-video-preview":"max-video-preview:-1"},"canonical":"https:\/\/longchangchemical.com\/de\/product\/lcsorb-uv-p-cas-2440-22-4\/","og_locale":"de_DE","og_type":"article","og_title":"China CHLUMIUV\u00ae UV-P \/ Tinuvin P CAS 2440-22-4 Manufacturer - Longchang Chemical","og_description":"CHLUMIUV\u00ae UV-P \/ Tinuvin P CAS 2440-22-4 is a key product of Longchang Chemical. We provide the best price. We are the leading manufacturer in China with the best quality and competitive price.","og_url":"https:\/\/longchangchemical.com\/de\/product\/lcsorb-uv-p-cas-2440-22-4\/","og_site_name":"Longchang Chemical","article_modified_time":"2026-01-09T09:19:45+00:00","og_image":[{"width":600,"height":600,"url":"https:\/\/longchangchemical.com\/wp-content\/uploads\/2023\/04\/2440-22-4.jpg","type":"image\/jpeg"}],"twitter_card":"summary_large_image","schema":{"@context":"https:\/\/schema.org","@graph":[{"@type":"WebPage","@id":"https:\/\/longchangchemical.com\/product\/lcsorb-uv-p-cas-2440-22-4\/","url":"https:\/\/longchangchemical.com\/product\/lcsorb-uv-p-cas-2440-22-4\/","name":"China CHLUMIUV\u00ae UV-P \/ Tinuvin P CAS 2440-22-4 Hersteller - Longchang Chemical","isPartOf":{"@id":"https:\/\/longchangchemical.com\/#website"},"primaryImageOfPage":{"@id":"https:\/\/longchangchemical.com\/product\/lcsorb-uv-p-cas-2440-22-4\/#primaryimage"},"image":{"@id":"https:\/\/longchangchemical.com\/product\/lcsorb-uv-p-cas-2440-22-4\/#primaryimage"},"thumbnailUrl":"https:\/\/longchangchemical.com\/wp-content\/uploads\/2023\/04\/2440-22-4.jpg","datePublished":"2023-04-18T13:05:55+00:00","dateModified":"2026-01-09T09:19:45+00:00","description":"CHLUMIUV\u00ae UV-P \/ Tinuvin P CAS 2440-22-4 ist ein Schl\u00fcsselprodukt von Longchang Chemical. Wir bieten den besten Preis. Wir sind der f\u00fchrende Hersteller in China mit der besten Qualit\u00e4t und konkurrenzf\u00e4higem Preis.","breadcrumb":{"@id":"https:\/\/longchangchemical.com\/product\/lcsorb-uv-p-cas-2440-22-4\/#breadcrumb"},"inLanguage":"de","potentialAction":[{"@type":"ReadAction","target":["https:\/\/longchangchemical.com\/product\/lcsorb-uv-p-cas-2440-22-4\/"]}]},{"@type":"ImageObject","inLanguage":"de","@id":"https:\/\/longchangchemical.com\/product\/lcsorb-uv-p-cas-2440-22-4\/#primaryimage","url":"https:\/\/longchangchemical.com\/wp-content\/uploads\/2023\/04\/2440-22-4.jpg","contentUrl":"https:\/\/longchangchemical.com\/wp-content\/uploads\/2023\/04\/2440-22-4.jpg","width":600,"height":600},{"@type":"BreadcrumbList","@id":"https:\/\/longchangchemical.com\/product\/lcsorb-uv-p-cas-2440-22-4\/#breadcrumb","itemListElement":[{"@type":"ListItem","position":1,"name":"Home","item":"https:\/\/longchangchemical.com\/"},{"@type":"ListItem","position":2,"name":"Products Longchang","item":"https:\/\/longchangchemical.com\/product\/"},{"@type":"ListItem","position":3,"name":"CHLUMIUV\u00ae UV-P \/ Tinuvin P CAS 2440-22-4"}]},{"@type":"WebSite","@id":"https:\/\/longchangchemical.com\/#website","url":"https:\/\/longchangchemical.com\/","name":"Longchang Chemical","description":"China Hersteller von Chemikalien \uff06 Lieferant","publisher":{"@id":"https:\/\/longchangchemical.com\/#organization"},"potentialAction":[{"@type":"SearchAction","target":{"@type":"EntryPoint","urlTemplate":"https:\/\/longchangchemical.com\/?s={search_term_string}"},"query-input":{"@type":"PropertyValueSpecification","valueRequired":true,"valueName":"search_term_string"}}],"inLanguage":"de"},{"@type":"Organization","@id":"https:\/\/longchangchemical.com\/#organization","name":"Longchang Chemical","url":"https:\/\/longchangchemical.com\/","logo":{"@type":"ImageObject","inLanguage":"de","@id":"https:\/\/longchangchemical.com\/#\/schema\/logo\/image\/","url":"https:\/\/longchangchemical.com\/wp-content\/uploads\/2020\/08\/cropped-longchang-logo.png","contentUrl":"https:\/\/longchangchemical.com\/wp-content\/uploads\/2020\/08\/cropped-longchang-logo.png","width":512,"height":512,"caption":"Longchang Chemical"},"image":{"@id":"https:\/\/longchangchemical.com\/#\/schema\/logo\/image\/"}}]}},"_links":{"self":[{"href":"https:\/\/longchangchemical.com\/de\/wp-json\/wp\/v2\/product\/6038","targetHints":{"allow":["GET"]}}],"collection":[{"href":"https:\/\/longchangchemical.com\/de\/wp-json\/wp\/v2\/product"}],"about":[{"href":"https:\/\/longchangchemical.com\/de\/wp-json\/wp\/v2\/types\/product"}],"replies":[{"embeddable":true,"href":"https:\/\/longchangchemical.com\/de\/wp-json\/wp\/v2\/comments?post=6038"}],"wp:featuredmedia":[{"embeddable":true,"href":"https:\/\/longchangchemical.com\/de\/wp-json\/wp\/v2\/media\/7957"}],"wp:attachment":[{"href":"https:\/\/longchangchemical.com\/de\/wp-json\/wp\/v2\/media?parent=6038"}],"wp:term":[{"taxonomy":"product_brand","embeddable":true,"href":"https:\/\/longchangchemical.com\/de\/wp-json\/wp\/v2\/product_brand?post=6038"},{"taxonomy":"product_cat","embeddable":true,"href":"https:\/\/longchangchemical.com\/de\/wp-json\/wp\/v2\/product_cat?post=6038"},{"taxonomy":"product_tag","embeddable":true,"href":"https:\/\/longchangchemical.com\/de\/wp-json\/wp\/v2\/product_tag?post=6038"}],"curies":[{"name":"wp","href":"https:\/\/api.w.org\/{rel}","templated":true}]}}