{"id":6037,"date":"2024-01-10T07:32:27","date_gmt":"2024-01-10T07:32:27","guid":{"rendered":"https:\/\/longchangchemical.com\/?post_type=product&#038;p=6037"},"modified":"2025-12-16T07:37:50","modified_gmt":"2025-12-16T07:37:50","slug":"melamine-cyanurate-cas-37640-57-6","status":"publish","type":"product","link":"https:\/\/longchangchemical.com\/de\/product\/melamine-cyanurate-cas-37640-57-6\/","title":{"rendered":"Melamincyanurat CAS 37640-57-6"},"content":{"rendered":"<h2><strong>Melamincyanurat CAS 37640-57-6<\/strong><\/h2>\n<table class=\"table-1\" cellspacing=\"0\">\n<tbody>\n<tr>\n<td>Artikel<\/td>\n<td>Standard<\/td>\n<\/tr>\n<tr>\n<td>Assay %<\/td>\n<td>\u226599.5<\/td>\n<\/tr>\n<tr>\n<td>Wei\u00dfsein<\/td>\n<td>\u226596<\/td>\n<\/tr>\n<tr>\n<td>Reste von Cyanurs\u00e4ure %<\/td>\n<td>\u22640.2<\/td>\n<\/tr>\n<tr>\n<td>Mittlere Teilchengr\u00f6\u00dfe \u03bcm<\/td>\n<td>\u22644<\/td>\n<\/tr>\n<tr>\n<td>PH-WERT<\/td>\n<td>5-7<\/td>\n<\/tr>\n<tr>\n<td>Fl\u00fcchtig % \u2264<\/td>\n<td>0.2<\/td>\n<\/tr>\n<\/tbody>\n<\/table>\n<h2><strong>MelamincyanuratVerwendung<\/strong><\/h2>\n<p>Als halogenfreies Flammschutzmittel f\u00fcr Nylon zeichnet es sich durch extrem niedrige Anwendungskosten, \u00fcberragende elektrische und mechanische Eigenschaften sowie F\u00e4rbeeigenschaften aus.<\/p>\n<ol>\n<li><strong>Flammhemmender Zusatzstoff:<\/strong> Melamincyanurat mit der CAS-Nummer 37640-57-6 wird \u00fcblicherweise als flammhemmender Zusatzstoff verwendet. Es wird in verschiedenen Materialien, darunter Kunststoffe und Polymere, eingesetzt, um deren Feuerbest\u00e4ndigkeit zu erh\u00f6hen.<\/li>\n<li><strong>Polymer-Industrie:<\/strong> Diese Verbindung wird in der Polymerindustrie verwendet. Melamincyanurat kann bei der Herstellung von Polymeren eingesetzt werden, um deren Flammwidrigkeit zu verbessern, so dass sie f\u00fcr Anwendungen im Bauwesen und in der Elektronik geeignet sind.<\/li>\n<li><strong>Textil und Polsterung:<\/strong> Melamincyanurat kann in der Textil- und Polsterindustrie verwendet werden. Es wird bei der Behandlung von Stoffen verwendet, um deren flammhemmende Eigenschaften zu verbessern, insbesondere bei Produkten wie Vorh\u00e4ngen und Polsterm\u00f6beln.<\/li>\n<li><strong>Beschichtungen und Anstriche:<\/strong> In der Lack- und Farbenindustrie wird Melamincyanurat als Flammschutzmittel verwendet. Es kann Beschichtungen und Farben zugesetzt werden, um Oberfl\u00e4chen und Substraten Feuerfestigkeit zu verleihen.<\/li>\n<\/ol>\n<h2><strong>MelamincyanuratVerpackung und Versand<\/strong><\/h2>\n<p>Verpackung: 25kg\/Sack oder nach Kundenwunsch<\/p>\n<h2><strong>MelamincyanuratLagerung<\/strong><\/h2>\n<p>Bei einer Temperatur von 2-8\u00b0C gelagert.<\/p>\n<h2><strong>Kontaktieren Sie uns jetzt!<\/strong><\/h2>\n<p><strong>Wenn Sie COA, MSDS oder TDS ben\u00f6tigen, geben Sie bitte Ihre Kontaktinformationen in das untenstehende Formular ein. Wir werden uns in der Regel innerhalb von 24 Stunden mit Ihnen in Verbindung setzen. Sie k\u00f6nnen mir auch eine E-Mail schicken <span style=\"color: #00ccff;\"><a style=\"color: #00ccff;\" href=\"mailto:info@longchangchemical.com\">info@longchangchemical.com<\/a> <\/span>w\u00e4hrend der Gesch\u00e4ftszeiten ( 8:30 bis 18:00 Uhr UTC+8 Mo.~Sa. ) oder nutzen Sie den Live-Chat auf der Website, um eine schnelle Antwort zu erhalten.<\/strong><\/p>","protected":false},"excerpt":{"rendered":"<p>Chemische Bezeichnung: Melamincyanurat<\/p>\n<p>CAS-Nr.: 37640-57-6<\/p>\n<p>Molekulare Formel: C6H9N9O3<\/p>\n<p>Molekulargewicht: 255.19<\/p>\n<p>MolekulareStruktur:<img decoding=\"async\" title=\"Melamincyanurat Struktur\" src=\"https:\/\/www.longchangchemical.com\/wp-content\/uploads\/product-details\/20200610231237.png\" alt=\"Melamincyanurat Struktur\" width=\"187\" height=\"85\" border=\"0\" vspace=\"0\" \/><\/p>\n<p>Erscheinungsbild: wei\u00dfes Pulver<\/p>","protected":false},"featured_media":6385,"comment_status":"open","ping_status":"closed","template":"","meta":[],"product_brand":[],"product_cat":[153],"product_tag":[],"class_list":{"0":"post-6037","1":"product","2":"type-product","3":"status-publish","4":"has-post-thumbnail","6":"product_cat-Lcflare-flame-retardant","8":"first","9":"instock","10":"shipping-taxable","11":"product-type-simple"},"yoast_head":"<!-- This site is optimized with the Yoast SEO plugin v25.3.1 - https:\/\/yoast.com\/wordpress\/plugins\/seo\/ -->\n<title>China Melamine cyanurate CAS 37640-57-6 Manufacturer-Longchang Chemical<\/title>\n<meta name=\"description\" content=\"Melamine cyanurate CAS 37640-57-6 is key product of Longchang Chemical. We provide best price. We are the leading manufacturer and supplier in China with the best quanlity and competitive price.\" \/>\n<meta name=\"robots\" content=\"index, follow, max-snippet:-1, max-image-preview:large, max-video-preview:-1\" \/>\n<link rel=\"canonical\" href=\"https:\/\/longchangchemical.com\/de\/product\/melamine-cyanurate-cas-37640-57-6\/\" \/>\n<meta property=\"og:locale\" content=\"de_DE\" \/>\n<meta property=\"og:type\" content=\"article\" \/>\n<meta property=\"og:title\" content=\"China Melamine cyanurate CAS 37640-57-6 Manufacturer-Longchang Chemical\" \/>\n<meta property=\"og:description\" content=\"Melamine cyanurate CAS 37640-57-6 is key product of Longchang Chemical. We provide best price. We are the leading manufacturer and supplier in China with the best quanlity and competitive price.\" \/>\n<meta property=\"og:url\" content=\"https:\/\/longchangchemical.com\/de\/product\/melamine-cyanurate-cas-37640-57-6\/\" \/>\n<meta property=\"og:site_name\" content=\"Longchang Chemical\" \/>\n<meta property=\"article:modified_time\" content=\"2025-12-16T07:37:50+00:00\" \/>\n<meta property=\"og:image\" content=\"https:\/\/longchangchemical.com\/wp-content\/uploads\/2023\/04\/6.jpg\" \/>\n\t<meta property=\"og:image:width\" content=\"800\" \/>\n\t<meta property=\"og:image:height\" content=\"800\" \/>\n\t<meta property=\"og:image:type\" content=\"image\/jpeg\" \/>\n<meta name=\"twitter:card\" content=\"summary_large_image\" \/>\n<script type=\"application\/ld+json\" class=\"yoast-schema-graph\">{\"@context\":\"https:\/\/schema.org\",\"@graph\":[{\"@type\":\"WebPage\",\"@id\":\"https:\/\/longchangchemical.com\/product\/melamine-cyanurate-cas-37640-57-6\/\",\"url\":\"https:\/\/longchangchemical.com\/product\/melamine-cyanurate-cas-37640-57-6\/\",\"name\":\"China Melamine cyanurate CAS 37640-57-6 Manufacturer-Longchang Chemical\",\"isPartOf\":{\"@id\":\"https:\/\/longchangchemical.com\/#website\"},\"primaryImageOfPage\":{\"@id\":\"https:\/\/longchangchemical.com\/product\/melamine-cyanurate-cas-37640-57-6\/#primaryimage\"},\"image\":{\"@id\":\"https:\/\/longchangchemical.com\/product\/melamine-cyanurate-cas-37640-57-6\/#primaryimage\"},\"thumbnailUrl\":\"https:\/\/longchangchemical.com\/wp-content\/uploads\/2023\/04\/6.jpg\",\"datePublished\":\"2024-01-10T07:32:27+00:00\",\"dateModified\":\"2025-12-16T07:37:50+00:00\",\"description\":\"Melamine cyanurate CAS 37640-57-6 is key product of Longchang Chemical. We provide best price. We are the leading manufacturer and supplier in China with the best quanlity and competitive price.\",\"breadcrumb\":{\"@id\":\"https:\/\/longchangchemical.com\/product\/melamine-cyanurate-cas-37640-57-6\/#breadcrumb\"},\"inLanguage\":\"de\",\"potentialAction\":[{\"@type\":\"ReadAction\",\"target\":[\"https:\/\/longchangchemical.com\/product\/melamine-cyanurate-cas-37640-57-6\/\"]}]},{\"@type\":\"ImageObject\",\"inLanguage\":\"de\",\"@id\":\"https:\/\/longchangchemical.com\/product\/melamine-cyanurate-cas-37640-57-6\/#primaryimage\",\"url\":\"https:\/\/longchangchemical.com\/wp-content\/uploads\/2023\/04\/6.jpg\",\"contentUrl\":\"https:\/\/longchangchemical.com\/wp-content\/uploads\/2023\/04\/6.jpg\",\"width\":800,\"height\":800,\"caption\":\"Melamine cyanurate CAS 37640-57-6\"},{\"@type\":\"BreadcrumbList\",\"@id\":\"https:\/\/longchangchemical.com\/product\/melamine-cyanurate-cas-37640-57-6\/#breadcrumb\",\"itemListElement\":[{\"@type\":\"ListItem\",\"position\":1,\"name\":\"Home\",\"item\":\"https:\/\/longchangchemical.com\/\"},{\"@type\":\"ListItem\",\"position\":2,\"name\":\"Products Longchang\",\"item\":\"https:\/\/longchangchemical.com\/product\/\"},{\"@type\":\"ListItem\",\"position\":3,\"name\":\"Melamine cyanurate CAS 37640-57-6\"}]},{\"@type\":\"WebSite\",\"@id\":\"https:\/\/longchangchemical.com\/#website\",\"url\":\"https:\/\/longchangchemical.com\/\",\"name\":\"Longchang Chemical\",\"description\":\"China chemical manufacturer \uff06 supplier\",\"publisher\":{\"@id\":\"https:\/\/longchangchemical.com\/#organization\"},\"potentialAction\":[{\"@type\":\"SearchAction\",\"target\":{\"@type\":\"EntryPoint\",\"urlTemplate\":\"https:\/\/longchangchemical.com\/?s={search_term_string}\"},\"query-input\":{\"@type\":\"PropertyValueSpecification\",\"valueRequired\":true,\"valueName\":\"search_term_string\"}}],\"inLanguage\":\"de\"},{\"@type\":\"Organization\",\"@id\":\"https:\/\/longchangchemical.com\/#organization\",\"name\":\"Longchang Chemical\",\"url\":\"https:\/\/longchangchemical.com\/\",\"logo\":{\"@type\":\"ImageObject\",\"inLanguage\":\"de\",\"@id\":\"https:\/\/longchangchemical.com\/#\/schema\/logo\/image\/\",\"url\":\"https:\/\/longchangchemical.com\/wp-content\/uploads\/2020\/08\/cropped-longchang-logo.png\",\"contentUrl\":\"https:\/\/longchangchemical.com\/wp-content\/uploads\/2020\/08\/cropped-longchang-logo.png\",\"width\":512,\"height\":512,\"caption\":\"Longchang Chemical\"},\"image\":{\"@id\":\"https:\/\/longchangchemical.com\/#\/schema\/logo\/image\/\"}}]}<\/script>\n<!-- \/ Yoast SEO plugin. -->","yoast_head_json":{"title":"China Melamincyanurat CAS 37640-57-6 Hersteller-Longchang Chemical","description":"Melamincyanurat CAS 37640-57-6 ist ein Schl\u00fcsselprodukt von Longchang Chemical. Wir bieten besten Preis. Wir sind der f\u00fchrende Hersteller und Lieferant in China mit dem besten quanlity und konkurrenzf\u00e4higen Preis.","robots":{"index":"index","follow":"follow","max-snippet":"max-snippet:-1","max-image-preview":"max-image-preview:large","max-video-preview":"max-video-preview:-1"},"canonical":"https:\/\/longchangchemical.com\/de\/product\/melamine-cyanurate-cas-37640-57-6\/","og_locale":"de_DE","og_type":"article","og_title":"China Melamine cyanurate CAS 37640-57-6 Manufacturer-Longchang Chemical","og_description":"Melamine cyanurate CAS 37640-57-6 is key product of Longchang Chemical. We provide best price. We are the leading manufacturer and supplier in China with the best quanlity and competitive price.","og_url":"https:\/\/longchangchemical.com\/de\/product\/melamine-cyanurate-cas-37640-57-6\/","og_site_name":"Longchang Chemical","article_modified_time":"2025-12-16T07:37:50+00:00","og_image":[{"width":800,"height":800,"url":"https:\/\/longchangchemical.com\/wp-content\/uploads\/2023\/04\/6.jpg","type":"image\/jpeg"}],"twitter_card":"summary_large_image","schema":{"@context":"https:\/\/schema.org","@graph":[{"@type":"WebPage","@id":"https:\/\/longchangchemical.com\/product\/melamine-cyanurate-cas-37640-57-6\/","url":"https:\/\/longchangchemical.com\/product\/melamine-cyanurate-cas-37640-57-6\/","name":"China Melamincyanurat CAS 37640-57-6 Hersteller-Longchang Chemical","isPartOf":{"@id":"https:\/\/longchangchemical.com\/#website"},"primaryImageOfPage":{"@id":"https:\/\/longchangchemical.com\/product\/melamine-cyanurate-cas-37640-57-6\/#primaryimage"},"image":{"@id":"https:\/\/longchangchemical.com\/product\/melamine-cyanurate-cas-37640-57-6\/#primaryimage"},"thumbnailUrl":"https:\/\/longchangchemical.com\/wp-content\/uploads\/2023\/04\/6.jpg","datePublished":"2024-01-10T07:32:27+00:00","dateModified":"2025-12-16T07:37:50+00:00","description":"Melamincyanurat CAS 37640-57-6 ist ein Schl\u00fcsselprodukt von Longchang Chemical. Wir bieten besten Preis. Wir sind der f\u00fchrende Hersteller und Lieferant in China mit dem besten quanlity und konkurrenzf\u00e4higen Preis.","breadcrumb":{"@id":"https:\/\/longchangchemical.com\/product\/melamine-cyanurate-cas-37640-57-6\/#breadcrumb"},"inLanguage":"de","potentialAction":[{"@type":"ReadAction","target":["https:\/\/longchangchemical.com\/product\/melamine-cyanurate-cas-37640-57-6\/"]}]},{"@type":"ImageObject","inLanguage":"de","@id":"https:\/\/longchangchemical.com\/product\/melamine-cyanurate-cas-37640-57-6\/#primaryimage","url":"https:\/\/longchangchemical.com\/wp-content\/uploads\/2023\/04\/6.jpg","contentUrl":"https:\/\/longchangchemical.com\/wp-content\/uploads\/2023\/04\/6.jpg","width":800,"height":800,"caption":"Melamine cyanurate CAS 37640-57-6"},{"@type":"BreadcrumbList","@id":"https:\/\/longchangchemical.com\/product\/melamine-cyanurate-cas-37640-57-6\/#breadcrumb","itemListElement":[{"@type":"ListItem","position":1,"name":"Home","item":"https:\/\/longchangchemical.com\/"},{"@type":"ListItem","position":2,"name":"Products Longchang","item":"https:\/\/longchangchemical.com\/product\/"},{"@type":"ListItem","position":3,"name":"Melamine cyanurate CAS 37640-57-6"}]},{"@type":"WebSite","@id":"https:\/\/longchangchemical.com\/#website","url":"https:\/\/longchangchemical.com\/","name":"Longchang Chemical","description":"China Hersteller von Chemikalien \uff06 Lieferant","publisher":{"@id":"https:\/\/longchangchemical.com\/#organization"},"potentialAction":[{"@type":"SearchAction","target":{"@type":"EntryPoint","urlTemplate":"https:\/\/longchangchemical.com\/?s={search_term_string}"},"query-input":{"@type":"PropertyValueSpecification","valueRequired":true,"valueName":"search_term_string"}}],"inLanguage":"de"},{"@type":"Organization","@id":"https:\/\/longchangchemical.com\/#organization","name":"Longchang Chemical","url":"https:\/\/longchangchemical.com\/","logo":{"@type":"ImageObject","inLanguage":"de","@id":"https:\/\/longchangchemical.com\/#\/schema\/logo\/image\/","url":"https:\/\/longchangchemical.com\/wp-content\/uploads\/2020\/08\/cropped-longchang-logo.png","contentUrl":"https:\/\/longchangchemical.com\/wp-content\/uploads\/2020\/08\/cropped-longchang-logo.png","width":512,"height":512,"caption":"Longchang Chemical"},"image":{"@id":"https:\/\/longchangchemical.com\/#\/schema\/logo\/image\/"}}]}},"_links":{"self":[{"href":"https:\/\/longchangchemical.com\/de\/wp-json\/wp\/v2\/product\/6037","targetHints":{"allow":["GET"]}}],"collection":[{"href":"https:\/\/longchangchemical.com\/de\/wp-json\/wp\/v2\/product"}],"about":[{"href":"https:\/\/longchangchemical.com\/de\/wp-json\/wp\/v2\/types\/product"}],"replies":[{"embeddable":true,"href":"https:\/\/longchangchemical.com\/de\/wp-json\/wp\/v2\/comments?post=6037"}],"wp:featuredmedia":[{"embeddable":true,"href":"https:\/\/longchangchemical.com\/de\/wp-json\/wp\/v2\/media\/6385"}],"wp:attachment":[{"href":"https:\/\/longchangchemical.com\/de\/wp-json\/wp\/v2\/media?parent=6037"}],"wp:term":[{"taxonomy":"product_brand","embeddable":true,"href":"https:\/\/longchangchemical.com\/de\/wp-json\/wp\/v2\/product_brand?post=6037"},{"taxonomy":"product_cat","embeddable":true,"href":"https:\/\/longchangchemical.com\/de\/wp-json\/wp\/v2\/product_cat?post=6037"},{"taxonomy":"product_tag","embeddable":true,"href":"https:\/\/longchangchemical.com\/de\/wp-json\/wp\/v2\/product_tag?post=6037"}],"curies":[{"name":"wp","href":"https:\/\/api.w.org\/{rel}","templated":true}]}}