{"id":6029,"date":"2023-04-12T13:30:19","date_gmt":"2023-04-12T13:30:19","guid":{"rendered":"https:\/\/longchangchemical.com\/?post_type=product&#038;p=6029"},"modified":"2026-05-08T02:59:52","modified_gmt":"2026-05-08T02:59:52","slug":"sinosurf-hsa-2na-cas-29736-24-1","status":"publish","type":"product","link":"https:\/\/longchangchemical.com\/de\/product\/sinosurf-hsa-2na-cas-29736-24-1\/","title":{"rendered":"Sinosurf \u00aeHSA-2NA \/ Dinatriumhydroxy(sulfonato)acetat CAS 29736-24-1"},"content":{"rendered":"<h2><strong>Sinosurf \u00aeHSA-2NA \/ Dinatriumhydroxy(sulfonato)acetat CAS 29736-24-1<\/strong><\/h2>\n<table>\n<tbody>\n<tr>\n<td width=\"221\">Erscheinungsbild<\/td>\n<td width=\"268\">Wei\u00dfes kristallines Pulver<\/td>\n<\/tr>\n<tr>\n<td width=\"221\">Inhalt(Gew.)<\/td>\n<td width=\"268\">\u226595.0%<\/td>\n<\/tr>\n<tr>\n<td width=\"221\">pH-Wert<\/td>\n<td width=\"268\">6-8.5<\/td>\n<\/tr>\n<tr>\n<td width=\"221\">Siebr\u00fcckstand<\/td>\n<td width=\"268\">\u22641%<\/td>\n<\/tr>\n<tr>\n<td width=\"221\">Feuchte (K.F)<\/td>\n<td width=\"268\">\u22641%<\/td>\n<\/tr>\n<\/tbody>\n<\/table>\n<p><strong>Verpacken<\/strong>25-kg-Fass oder -Karton.<\/p>\n<p><strong><b>A<\/b><\/strong><strong><b>plikation:<\/b><\/strong><\/p>\n<p>Wird als superabsorbierendes Polymer verwendet, z. B. f\u00fcr Windeln und andere Produkte.<\/p>\n<p><strong><b>Lagerung:<\/b><\/strong><\/p>\n<p>Sie werden in einem trockenen, sauberen Lager mit guter Bel\u00fcftung aufbewahrt.<\/p>\n<p>Vermeiden Sie Licht- und Hitzeeinwirkung.<\/p>\n<p>Schutz des Produkts vor Auslaufen, Regen und Sonneneinstrahlung w\u00e4hrend des Transports.<\/p>\n<h2><strong><b>Kontaktieren Sie uns jetzt!<\/b><\/strong><\/h2>\n<h4><strong><b>Wenn Sie einen Preis ben\u00f6tigen, tragen Sie bitte Ihre Kontaktdaten in das unten stehende Formular ein. Wir werden uns in der Regel innerhalb von 24 Stunden mit Ihnen in Verbindung setzen. Sie k\u00f6nnen mir auch mailen<span style=\"color: #00ccff;\"> <a style=\"color: #00ccff;\" href=\"mailto:info@longchangchemical.com\">info@longchangchemical.com<\/a><\/span> w\u00e4hrend der Gesch\u00e4ftszeiten ( 8:30 bis 18:00 Uhr UTC+8 Mo.~Sa. ) oder nutzen Sie den Live-Chat auf der Website, um eine schnelle Antwort zu erhalten.<\/b><\/strong><\/h4>","protected":false},"excerpt":{"rendered":"<p>Chemische Bezeichnung: Dinatriumhydroxy(sulfonato)acetat<\/p>\n<p>CAS-Nr.: 29736-24-1<\/p>\n<p>M.F: C2H2Na2O6S<\/p>\n<p>Verpackung:25kg\/Fass oder Karton<\/p>","protected":false},"featured_media":0,"comment_status":"closed","ping_status":"closed","template":"","meta":[],"product_brand":[],"product_cat":[109],"product_tag":[],"class_list":{"0":"post-6029","1":"product","2":"type-product","3":"status-publish","5":"product_cat-water-treatment","7":"first","8":"instock","9":"shipping-taxable","10":"product-type-simple"},"yoast_head":"<!-- This site is optimized with the Yoast SEO plugin v25.3.1 - https:\/\/yoast.com\/wordpress\/plugins\/seo\/ -->\n<title>Disodium hydroxy(sulfonato)acetate Manufacturer Cas 29736-24-1 - Longchang Chemical<\/title>\n<meta name=\"description\" content=\"Sinosurf \u00ae HSA-2NA can be used as superabsorbent polymer, such as diapers and other products..Synonym: Disodium hydroxy(sulfonato)acetate;Acetic acid, 2-hydroxy-2-sulfo-, sodium salt, Which is the key product of Longchang Chemical. We are the leading addtives manufacturer and supplier in China with the best quanlity and competitive price. BLANCOLEN HP\" \/>\n<meta name=\"robots\" content=\"index, follow, max-snippet:-1, max-image-preview:large, max-video-preview:-1\" \/>\n<link rel=\"canonical\" href=\"https:\/\/longchangchemical.com\/de\/product\/sinosurf-hsa-2na-cas-29736-24-1\/\" \/>\n<meta property=\"og:locale\" content=\"de_DE\" \/>\n<meta property=\"og:type\" content=\"article\" \/>\n<meta property=\"og:title\" content=\"Disodium hydroxy(sulfonato)acetate Manufacturer Cas 29736-24-1 - Longchang Chemical\" \/>\n<meta property=\"og:description\" content=\"Sinosurf \u00ae HSA-2NA can be used as superabsorbent polymer, such as diapers and other products..Synonym: Disodium hydroxy(sulfonato)acetate;Acetic acid, 2-hydroxy-2-sulfo-, sodium salt, Which is the key product of Longchang Chemical. We are the leading addtives manufacturer and supplier in China with the best quanlity and competitive price. BLANCOLEN HP\" \/>\n<meta property=\"og:url\" content=\"https:\/\/longchangchemical.com\/de\/product\/sinosurf-hsa-2na-cas-29736-24-1\/\" \/>\n<meta property=\"og:site_name\" content=\"Longchang Chemical\" \/>\n<meta property=\"article:modified_time\" content=\"2026-05-08T02:59:52+00:00\" \/>\n<meta property=\"og:image\" content=\"https:\/\/longchangchemical.com\/wp-content\/uploads\/2024\/02\/logo-jpeg.jpg\" \/>\n\t<meta property=\"og:image:width\" content=\"1000\" \/>\n\t<meta property=\"og:image:height\" content=\"1000\" \/>\n\t<meta property=\"og:image:type\" content=\"image\/jpeg\" \/>\n<meta name=\"twitter:card\" content=\"summary_large_image\" \/>\n<script type=\"application\/ld+json\" class=\"yoast-schema-graph\">{\"@context\":\"https:\/\/schema.org\",\"@graph\":[{\"@type\":\"WebPage\",\"@id\":\"https:\/\/longchangchemical.com\/product\/sinosurf-hsa-2na-cas-29736-24-1\/\",\"url\":\"https:\/\/longchangchemical.com\/product\/sinosurf-hsa-2na-cas-29736-24-1\/\",\"name\":\"Disodium hydroxy(sulfonato)acetate Manufacturer Cas 29736-24-1 - Longchang Chemical\",\"isPartOf\":{\"@id\":\"https:\/\/longchangchemical.com\/#website\"},\"datePublished\":\"2023-04-12T13:30:19+00:00\",\"dateModified\":\"2026-05-08T02:59:52+00:00\",\"description\":\"Sinosurf \u00ae HSA-2NA can be used as superabsorbent polymer, such as diapers and other products..Synonym: Disodium hydroxy(sulfonato)acetate;Acetic acid, 2-hydroxy-2-sulfo-, sodium salt, Which is the key product of Longchang Chemical. We are the leading addtives manufacturer and supplier in China with the best quanlity and competitive price. BLANCOLEN HP\",\"breadcrumb\":{\"@id\":\"https:\/\/longchangchemical.com\/product\/sinosurf-hsa-2na-cas-29736-24-1\/#breadcrumb\"},\"inLanguage\":\"de\",\"potentialAction\":[{\"@type\":\"ReadAction\",\"target\":[\"https:\/\/longchangchemical.com\/product\/sinosurf-hsa-2na-cas-29736-24-1\/\"]}]},{\"@type\":\"BreadcrumbList\",\"@id\":\"https:\/\/longchangchemical.com\/product\/sinosurf-hsa-2na-cas-29736-24-1\/#breadcrumb\",\"itemListElement\":[{\"@type\":\"ListItem\",\"position\":1,\"name\":\"Home\",\"item\":\"https:\/\/longchangchemical.com\/\"},{\"@type\":\"ListItem\",\"position\":2,\"name\":\"Products Longchang\",\"item\":\"https:\/\/longchangchemical.com\/product\/\"},{\"@type\":\"ListItem\",\"position\":3,\"name\":\"Sinosurf \u00aeHSA-2NA \/ Disodium hydroxy(sulfonato)acetate CAS 29736-24-1\"}]},{\"@type\":\"WebSite\",\"@id\":\"https:\/\/longchangchemical.com\/#website\",\"url\":\"https:\/\/longchangchemical.com\/\",\"name\":\"Longchang Chemical\",\"description\":\"China chemical manufacturer \uff06 supplier\",\"publisher\":{\"@id\":\"https:\/\/longchangchemical.com\/#organization\"},\"potentialAction\":[{\"@type\":\"SearchAction\",\"target\":{\"@type\":\"EntryPoint\",\"urlTemplate\":\"https:\/\/longchangchemical.com\/?s={search_term_string}\"},\"query-input\":{\"@type\":\"PropertyValueSpecification\",\"valueRequired\":true,\"valueName\":\"search_term_string\"}}],\"inLanguage\":\"de\"},{\"@type\":\"Organization\",\"@id\":\"https:\/\/longchangchemical.com\/#organization\",\"name\":\"Longchang Chemical\",\"url\":\"https:\/\/longchangchemical.com\/\",\"logo\":{\"@type\":\"ImageObject\",\"inLanguage\":\"de\",\"@id\":\"https:\/\/longchangchemical.com\/#\/schema\/logo\/image\/\",\"url\":\"https:\/\/longchangchemical.com\/wp-content\/uploads\/2020\/08\/cropped-longchang-logo.png\",\"contentUrl\":\"https:\/\/longchangchemical.com\/wp-content\/uploads\/2020\/08\/cropped-longchang-logo.png\",\"width\":512,\"height\":512,\"caption\":\"Longchang Chemical\"},\"image\":{\"@id\":\"https:\/\/longchangchemical.com\/#\/schema\/logo\/image\/\"}}]}<\/script>\n<!-- \/ Yoast SEO plugin. -->","yoast_head_json":{"title":"Dinatriumhydroxy(sulfonato)acetat Hersteller Cas 29736-24-1 - Longchang Chemical","description":"Sinosurf \u00ae HSA-2NA kann als superabsorbierende Polymer, wie Windeln und andere Produkte verwendet werden..Synonym: Dinatriumhydroxy(sulfonato)acetat;Essigs\u00e4ure, 2-Hydroxy-2-sulfo-, Natriumsalz, das ist das Schl\u00fcsselprodukt von Longchang Chemical. Wir sind der f\u00fchrende Hersteller und Lieferant von Additiven in China mit der besten Qualit\u00e4t und wettbewerbsf\u00e4higen Preisen. BLANCOLEN HP","robots":{"index":"index","follow":"follow","max-snippet":"max-snippet:-1","max-image-preview":"max-image-preview:large","max-video-preview":"max-video-preview:-1"},"canonical":"https:\/\/longchangchemical.com\/de\/product\/sinosurf-hsa-2na-cas-29736-24-1\/","og_locale":"de_DE","og_type":"article","og_title":"Disodium hydroxy(sulfonato)acetate Manufacturer Cas 29736-24-1 - Longchang Chemical","og_description":"Sinosurf \u00ae HSA-2NA can be used as superabsorbent polymer, such as diapers and other products..Synonym: Disodium hydroxy(sulfonato)acetate;Acetic acid, 2-hydroxy-2-sulfo-, sodium salt, Which is the key product of Longchang Chemical. We are the leading addtives manufacturer and supplier in China with the best quanlity and competitive price. BLANCOLEN HP","og_url":"https:\/\/longchangchemical.com\/de\/product\/sinosurf-hsa-2na-cas-29736-24-1\/","og_site_name":"Longchang Chemical","article_modified_time":"2026-05-08T02:59:52+00:00","og_image":[{"width":1000,"height":1000,"url":"https:\/\/longchangchemical.com\/wp-content\/uploads\/2024\/02\/logo-jpeg.jpg","type":"image\/jpeg"}],"twitter_card":"summary_large_image","schema":{"@context":"https:\/\/schema.org","@graph":[{"@type":"WebPage","@id":"https:\/\/longchangchemical.com\/product\/sinosurf-hsa-2na-cas-29736-24-1\/","url":"https:\/\/longchangchemical.com\/product\/sinosurf-hsa-2na-cas-29736-24-1\/","name":"Dinatriumhydroxy(sulfonato)acetat Hersteller Cas 29736-24-1 - Longchang Chemical","isPartOf":{"@id":"https:\/\/longchangchemical.com\/#website"},"datePublished":"2023-04-12T13:30:19+00:00","dateModified":"2026-05-08T02:59:52+00:00","description":"Sinosurf \u00ae HSA-2NA kann als superabsorbierende Polymer, wie Windeln und andere Produkte verwendet werden..Synonym: Dinatriumhydroxy(sulfonato)acetat;Essigs\u00e4ure, 2-Hydroxy-2-sulfo-, Natriumsalz, das ist das Schl\u00fcsselprodukt von Longchang Chemical. Wir sind der f\u00fchrende Hersteller und Lieferant von Additiven in China mit der besten Qualit\u00e4t und wettbewerbsf\u00e4higen Preisen. BLANCOLEN HP","breadcrumb":{"@id":"https:\/\/longchangchemical.com\/product\/sinosurf-hsa-2na-cas-29736-24-1\/#breadcrumb"},"inLanguage":"de","potentialAction":[{"@type":"ReadAction","target":["https:\/\/longchangchemical.com\/product\/sinosurf-hsa-2na-cas-29736-24-1\/"]}]},{"@type":"BreadcrumbList","@id":"https:\/\/longchangchemical.com\/product\/sinosurf-hsa-2na-cas-29736-24-1\/#breadcrumb","itemListElement":[{"@type":"ListItem","position":1,"name":"Home","item":"https:\/\/longchangchemical.com\/"},{"@type":"ListItem","position":2,"name":"Products Longchang","item":"https:\/\/longchangchemical.com\/product\/"},{"@type":"ListItem","position":3,"name":"Sinosurf \u00aeHSA-2NA \/ Disodium hydroxy(sulfonato)acetate CAS 29736-24-1"}]},{"@type":"WebSite","@id":"https:\/\/longchangchemical.com\/#website","url":"https:\/\/longchangchemical.com\/","name":"Longchang Chemical","description":"China Hersteller von Chemikalien \uff06 Lieferant","publisher":{"@id":"https:\/\/longchangchemical.com\/#organization"},"potentialAction":[{"@type":"SearchAction","target":{"@type":"EntryPoint","urlTemplate":"https:\/\/longchangchemical.com\/?s={search_term_string}"},"query-input":{"@type":"PropertyValueSpecification","valueRequired":true,"valueName":"search_term_string"}}],"inLanguage":"de"},{"@type":"Organization","@id":"https:\/\/longchangchemical.com\/#organization","name":"Longchang Chemical","url":"https:\/\/longchangchemical.com\/","logo":{"@type":"ImageObject","inLanguage":"de","@id":"https:\/\/longchangchemical.com\/#\/schema\/logo\/image\/","url":"https:\/\/longchangchemical.com\/wp-content\/uploads\/2020\/08\/cropped-longchang-logo.png","contentUrl":"https:\/\/longchangchemical.com\/wp-content\/uploads\/2020\/08\/cropped-longchang-logo.png","width":512,"height":512,"caption":"Longchang Chemical"},"image":{"@id":"https:\/\/longchangchemical.com\/#\/schema\/logo\/image\/"}}]}},"_links":{"self":[{"href":"https:\/\/longchangchemical.com\/de\/wp-json\/wp\/v2\/product\/6029","targetHints":{"allow":["GET"]}}],"collection":[{"href":"https:\/\/longchangchemical.com\/de\/wp-json\/wp\/v2\/product"}],"about":[{"href":"https:\/\/longchangchemical.com\/de\/wp-json\/wp\/v2\/types\/product"}],"replies":[{"embeddable":true,"href":"https:\/\/longchangchemical.com\/de\/wp-json\/wp\/v2\/comments?post=6029"}],"wp:attachment":[{"href":"https:\/\/longchangchemical.com\/de\/wp-json\/wp\/v2\/media?parent=6029"}],"wp:term":[{"taxonomy":"product_brand","embeddable":true,"href":"https:\/\/longchangchemical.com\/de\/wp-json\/wp\/v2\/product_brand?post=6029"},{"taxonomy":"product_cat","embeddable":true,"href":"https:\/\/longchangchemical.com\/de\/wp-json\/wp\/v2\/product_cat?post=6029"},{"taxonomy":"product_tag","embeddable":true,"href":"https:\/\/longchangchemical.com\/de\/wp-json\/wp\/v2\/product_tag?post=6029"}],"curies":[{"name":"wp","href":"https:\/\/api.w.org\/{rel}","templated":true}]}}