{"id":6015,"date":"2023-04-03T14:16:40","date_gmt":"2023-04-03T14:16:40","guid":{"rendered":"https:\/\/longchangchemical.com\/?post_type=product&#038;p=6015"},"modified":"2025-04-01T07:08:33","modified_gmt":"2025-04-01T07:08:33","slug":"agesin-dp-d200r","status":"publish","type":"product","link":"https:\/\/longchangchemical.com\/de\/product\/agesin-dp-d200r\/","title":{"rendered":"CHLUMICRYL\u00ae DP-D200R \/ Dispergiermittel"},"content":{"rendered":"<h1>DP-D200R \/ Dispergiermittel<\/h1>\n<table width=\"364\">\n<tbody>\n<tr>\n<td width=\"181\">Zusammensetzung<\/td>\n<td width=\"183\">Niedermolekulare unges\u00e4ttigte Fetts\u00e4ure-Polyamid-Polyester-L\u00f6sung<\/td>\n<\/tr>\n<tr>\n<td>Erscheinungsbild<\/td>\n<td>Gelbe bis r\u00f6tlichbraune transparente Fl\u00fcssigkeit<\/td>\n<\/tr>\n<tr>\n<td>L\u00f6sungsmittel<\/td>\n<td>Dipropylenglykolmethyl\u00e4ther<\/td>\n<\/tr>\n<tr>\n<td>Dichte<\/td>\n<td>1,00-1,04 g\/ml (25\u00b11)\u2103<\/td>\n<\/tr>\n<tr>\n<td>Viskosit\u00e4t<\/td>\n<td>10-80 s (Beschichtung-4-Becher-Methode)(25\u00b10,2)\u2103<\/td>\n<\/tr>\n<tr>\n<td>Wirkstoffgehalt<\/td>\n<td>50%<\/td>\n<\/tr>\n<tr>\n<td>Flammpunkt<\/td>\n<td>\u226570\u2103<\/td>\n<\/tr>\n<\/tbody>\n<\/table>\n<h2><strong>Anwendungsbereiche<\/strong><\/h2>\n<p>Systeme auf L\u00f6sungsmittelbasis<\/p>\n<h2><strong>Wichtigste Merkmale<\/strong><\/h2>\n<p>1. hervorragende Dispersionseffizienz und viskosit\u00e4tssenkende Wirkung;<br \/>\n2. hoher Glanz, erh\u00f6hte Farbintensit\u00e4t;<br \/>\n3. mehr Transparenz und Verdeckungsm\u00f6glichkeiten;<br \/>\n4. sehr gut geeignet f\u00fcr die Herstellung von organischen Bentonitschl\u00e4mmen;<br \/>\n5. besonders empfohlen f\u00fcr Bautenanstriche, Industrieanstriche und Korrosionsschutzbeschichtungssysteme.<\/p>\n<h2><strong>Verwendung<\/strong><\/h2>\n<p>Das Dispergiermittel wird dem Mahlgut zugegeben und gut umger\u00fchrt, dann wird das Pigment zum Mahlen und Dispergieren hinzugef\u00fcgt.<\/p>\n<p>&nbsp;<\/p>","protected":false},"excerpt":{"rendered":"<p>DP-D200R \/ Dispergiermittel Zusammensetzung Niedermolekulare unges\u00e4ttigte Fetts\u00e4ure-Polyamid-Polyester-L\u00f6sung Aussehen Gelbe bis rotbraune transparente Fl\u00fcssigkeit L\u00f6sungsmittel Dipropylenglykolmethylether Dichte 1,00-1.04 g\/ml (25\u00b11)\u2103 Viskosit\u00e4t 10-80 s (Coating-4-Cup-Methode)(25\u00b10,2)\u2103 Wirkstoffgehalt 50% Flammpunkt \u226570\u2103 Anwendungsgebiete Systeme auf L\u00f6sungsmittelbasis Hauptmerkmale 1. hervorragende Dispergierwirkung und Viskosit\u00e4tssenkung [...]<\/p>","protected":false},"featured_media":0,"comment_status":"closed","ping_status":"closed","template":"","meta":[],"product_brand":[],"product_cat":[138],"product_tag":[],"class_list":{"0":"post-6015","1":"product","2":"type-product","3":"status-publish","5":"product_cat-coating-and-ink-additives","7":"first","8":"instock","9":"shipping-taxable","10":"product-type-simple"},"yoast_head":"<!-- This site is optimized with the Yoast SEO plugin v25.3.1 - https:\/\/yoast.com\/wordpress\/plugins\/seo\/ -->\n<title>China CHLUMICRYL\u00ae DP-D200R \/ Dispersant Manufacturer - Longchang Chemical<\/title>\n<meta name=\"description\" content=\"CHLUMICRYL\u00ae DP-D200R \/ Dispersant is a key product of Longchang Chemical. We provide the best price. We are the leading manufacturer in China with the best quality and competitive price.\" \/>\n<meta name=\"robots\" content=\"index, follow, max-snippet:-1, max-image-preview:large, max-video-preview:-1\" \/>\n<link rel=\"canonical\" href=\"https:\/\/longchangchemical.com\/de\/product\/agesin-dp-d200r\/\" \/>\n<meta property=\"og:locale\" content=\"de_DE\" \/>\n<meta property=\"og:type\" content=\"article\" \/>\n<meta property=\"og:title\" content=\"China CHLUMICRYL\u00ae DP-D200R \/ Dispersant Manufacturer - Longchang Chemical\" \/>\n<meta property=\"og:description\" content=\"CHLUMICRYL\u00ae DP-D200R \/ Dispersant is a key product of Longchang Chemical. We provide the best price. We are the leading manufacturer in China with the best quality and competitive price.\" \/>\n<meta property=\"og:url\" content=\"https:\/\/longchangchemical.com\/de\/product\/agesin-dp-d200r\/\" \/>\n<meta property=\"og:site_name\" content=\"Longchang Chemical\" \/>\n<meta property=\"article:modified_time\" content=\"2025-04-01T07:08:33+00:00\" \/>\n<meta property=\"og:image\" content=\"https:\/\/longchangchemical.com\/wp-content\/uploads\/2024\/02\/logo-jpeg.jpg\" \/>\n\t<meta property=\"og:image:width\" content=\"1000\" \/>\n\t<meta property=\"og:image:height\" content=\"1000\" \/>\n\t<meta property=\"og:image:type\" content=\"image\/jpeg\" \/>\n<meta name=\"twitter:card\" content=\"summary_large_image\" \/>\n<script type=\"application\/ld+json\" class=\"yoast-schema-graph\">{\"@context\":\"https:\/\/schema.org\",\"@graph\":[{\"@type\":\"WebPage\",\"@id\":\"https:\/\/longchangchemical.com\/product\/agesin-dp-d200r\/\",\"url\":\"https:\/\/longchangchemical.com\/product\/agesin-dp-d200r\/\",\"name\":\"China CHLUMICRYL\u00ae DP-D200R \/ Dispersant Manufacturer - Longchang Chemical\",\"isPartOf\":{\"@id\":\"https:\/\/longchangchemical.com\/#website\"},\"datePublished\":\"2023-04-03T14:16:40+00:00\",\"dateModified\":\"2025-04-01T07:08:33+00:00\",\"description\":\"CHLUMICRYL\u00ae DP-D200R \/ Dispersant is a key product of Longchang Chemical. We provide the best price. We are the leading manufacturer in China with the best quality and competitive price.\",\"breadcrumb\":{\"@id\":\"https:\/\/longchangchemical.com\/product\/agesin-dp-d200r\/#breadcrumb\"},\"inLanguage\":\"de\",\"potentialAction\":[{\"@type\":\"ReadAction\",\"target\":[\"https:\/\/longchangchemical.com\/product\/agesin-dp-d200r\/\"]}]},{\"@type\":\"BreadcrumbList\",\"@id\":\"https:\/\/longchangchemical.com\/product\/agesin-dp-d200r\/#breadcrumb\",\"itemListElement\":[{\"@type\":\"ListItem\",\"position\":1,\"name\":\"Home\",\"item\":\"https:\/\/longchangchemical.com\/\"},{\"@type\":\"ListItem\",\"position\":2,\"name\":\"Products Longchang\",\"item\":\"https:\/\/longchangchemical.com\/product\/\"},{\"@type\":\"ListItem\",\"position\":3,\"name\":\"CHLUMICRYL\u00ae DP-D200R \/ Dispersant\"}]},{\"@type\":\"WebSite\",\"@id\":\"https:\/\/longchangchemical.com\/#website\",\"url\":\"https:\/\/longchangchemical.com\/\",\"name\":\"Longchang Chemical\",\"description\":\"China chemical manufacturer \uff06 supplier\",\"publisher\":{\"@id\":\"https:\/\/longchangchemical.com\/#organization\"},\"potentialAction\":[{\"@type\":\"SearchAction\",\"target\":{\"@type\":\"EntryPoint\",\"urlTemplate\":\"https:\/\/longchangchemical.com\/?s={search_term_string}\"},\"query-input\":{\"@type\":\"PropertyValueSpecification\",\"valueRequired\":true,\"valueName\":\"search_term_string\"}}],\"inLanguage\":\"de\"},{\"@type\":\"Organization\",\"@id\":\"https:\/\/longchangchemical.com\/#organization\",\"name\":\"Longchang Chemical\",\"url\":\"https:\/\/longchangchemical.com\/\",\"logo\":{\"@type\":\"ImageObject\",\"inLanguage\":\"de\",\"@id\":\"https:\/\/longchangchemical.com\/#\/schema\/logo\/image\/\",\"url\":\"https:\/\/longchangchemical.com\/wp-content\/uploads\/2020\/08\/cropped-longchang-logo.png\",\"contentUrl\":\"https:\/\/longchangchemical.com\/wp-content\/uploads\/2020\/08\/cropped-longchang-logo.png\",\"width\":512,\"height\":512,\"caption\":\"Longchang Chemical\"},\"image\":{\"@id\":\"https:\/\/longchangchemical.com\/#\/schema\/logo\/image\/\"}}]}<\/script>\n<!-- \/ Yoast SEO plugin. -->","yoast_head_json":{"title":"China CHLUMICRYL\u00ae DP-D200R \/ Dispergiermittel Hersteller - Longchang Chemical","description":"CHLUMICRYL\u00ae DP-D200R \/ Dispergiermittel ist ein Schl\u00fcsselprodukt von Longchang Chemical. Wir bieten den besten Preis. Wir sind der f\u00fchrende Hersteller in China mit der besten Qualit\u00e4t und konkurrenzf\u00e4higem Preis.","robots":{"index":"index","follow":"follow","max-snippet":"max-snippet:-1","max-image-preview":"max-image-preview:large","max-video-preview":"max-video-preview:-1"},"canonical":"https:\/\/longchangchemical.com\/de\/product\/agesin-dp-d200r\/","og_locale":"de_DE","og_type":"article","og_title":"China CHLUMICRYL\u00ae DP-D200R \/ Dispersant Manufacturer - Longchang Chemical","og_description":"CHLUMICRYL\u00ae DP-D200R \/ Dispersant is a key product of Longchang Chemical. We provide the best price. We are the leading manufacturer in China with the best quality and competitive price.","og_url":"https:\/\/longchangchemical.com\/de\/product\/agesin-dp-d200r\/","og_site_name":"Longchang Chemical","article_modified_time":"2025-04-01T07:08:33+00:00","og_image":[{"width":1000,"height":1000,"url":"https:\/\/longchangchemical.com\/wp-content\/uploads\/2024\/02\/logo-jpeg.jpg","type":"image\/jpeg"}],"twitter_card":"summary_large_image","schema":{"@context":"https:\/\/schema.org","@graph":[{"@type":"WebPage","@id":"https:\/\/longchangchemical.com\/product\/agesin-dp-d200r\/","url":"https:\/\/longchangchemical.com\/product\/agesin-dp-d200r\/","name":"China CHLUMICRYL\u00ae DP-D200R \/ Dispergiermittel Hersteller - Longchang Chemical","isPartOf":{"@id":"https:\/\/longchangchemical.com\/#website"},"datePublished":"2023-04-03T14:16:40+00:00","dateModified":"2025-04-01T07:08:33+00:00","description":"CHLUMICRYL\u00ae DP-D200R \/ Dispergiermittel ist ein Schl\u00fcsselprodukt von Longchang Chemical. Wir bieten den besten Preis. Wir sind der f\u00fchrende Hersteller in China mit der besten Qualit\u00e4t und konkurrenzf\u00e4higem Preis.","breadcrumb":{"@id":"https:\/\/longchangchemical.com\/product\/agesin-dp-d200r\/#breadcrumb"},"inLanguage":"de","potentialAction":[{"@type":"ReadAction","target":["https:\/\/longchangchemical.com\/product\/agesin-dp-d200r\/"]}]},{"@type":"BreadcrumbList","@id":"https:\/\/longchangchemical.com\/product\/agesin-dp-d200r\/#breadcrumb","itemListElement":[{"@type":"ListItem","position":1,"name":"Home","item":"https:\/\/longchangchemical.com\/"},{"@type":"ListItem","position":2,"name":"Products Longchang","item":"https:\/\/longchangchemical.com\/product\/"},{"@type":"ListItem","position":3,"name":"CHLUMICRYL\u00ae DP-D200R \/ Dispersant"}]},{"@type":"WebSite","@id":"https:\/\/longchangchemical.com\/#website","url":"https:\/\/longchangchemical.com\/","name":"Longchang Chemical","description":"China Hersteller von Chemikalien \uff06 Lieferant","publisher":{"@id":"https:\/\/longchangchemical.com\/#organization"},"potentialAction":[{"@type":"SearchAction","target":{"@type":"EntryPoint","urlTemplate":"https:\/\/longchangchemical.com\/?s={search_term_string}"},"query-input":{"@type":"PropertyValueSpecification","valueRequired":true,"valueName":"search_term_string"}}],"inLanguage":"de"},{"@type":"Organization","@id":"https:\/\/longchangchemical.com\/#organization","name":"Longchang Chemical","url":"https:\/\/longchangchemical.com\/","logo":{"@type":"ImageObject","inLanguage":"de","@id":"https:\/\/longchangchemical.com\/#\/schema\/logo\/image\/","url":"https:\/\/longchangchemical.com\/wp-content\/uploads\/2020\/08\/cropped-longchang-logo.png","contentUrl":"https:\/\/longchangchemical.com\/wp-content\/uploads\/2020\/08\/cropped-longchang-logo.png","width":512,"height":512,"caption":"Longchang Chemical"},"image":{"@id":"https:\/\/longchangchemical.com\/#\/schema\/logo\/image\/"}}]}},"_links":{"self":[{"href":"https:\/\/longchangchemical.com\/de\/wp-json\/wp\/v2\/product\/6015","targetHints":{"allow":["GET"]}}],"collection":[{"href":"https:\/\/longchangchemical.com\/de\/wp-json\/wp\/v2\/product"}],"about":[{"href":"https:\/\/longchangchemical.com\/de\/wp-json\/wp\/v2\/types\/product"}],"replies":[{"embeddable":true,"href":"https:\/\/longchangchemical.com\/de\/wp-json\/wp\/v2\/comments?post=6015"}],"wp:attachment":[{"href":"https:\/\/longchangchemical.com\/de\/wp-json\/wp\/v2\/media?parent=6015"}],"wp:term":[{"taxonomy":"product_brand","embeddable":true,"href":"https:\/\/longchangchemical.com\/de\/wp-json\/wp\/v2\/product_brand?post=6015"},{"taxonomy":"product_cat","embeddable":true,"href":"https:\/\/longchangchemical.com\/de\/wp-json\/wp\/v2\/product_cat?post=6015"},{"taxonomy":"product_tag","embeddable":true,"href":"https:\/\/longchangchemical.com\/de\/wp-json\/wp\/v2\/product_tag?post=6015"}],"curies":[{"name":"wp","href":"https:\/\/api.w.org\/{rel}","templated":true}]}}