{"id":6011,"date":"2023-03-29T14:48:58","date_gmt":"2023-03-29T14:48:58","guid":{"rendered":"https:\/\/longchangchemical.com\/?post_type=product&#038;p=6011"},"modified":"2026-05-08T08:26:18","modified_gmt":"2026-05-08T08:26:18","slug":"agesin-la-d266r","status":"publish","type":"product","link":"https:\/\/longchangchemical.com\/de\/product\/agesin-la-d266r\/","title":{"rendered":"LA-D266R \/ Nivellierungsmittel"},"content":{"rendered":"<h2><strong> LA-D266R \/ Nivellierungsmittel<\/strong><\/h2>\n<table style=\"border-collapse: collapse; width: 233.28pt;\" border=\"0\" width=\"311\" cellspacing=\"0\" cellpadding=\"0\">\n<tbody>\n<tr style=\"height: 24.75pt;\">\n<td class=\"et2\" style=\"height: 24.75pt; width: 54.00pt;\" width=\"72\" height=\"33\">Zusammensetzung<\/td>\n<td class=\"et2\" style=\"width: 179.25pt;\" width=\"239\">Polymere Blockcopolymerl\u00f6sung mit pigmentaffinen Gruppen<\/td>\n<\/tr>\n<tr style=\"height: 14.25pt;\">\n<td class=\"et2\" style=\"height: 14.25pt; width: 54.00pt;\" width=\"72\" height=\"19\">Erscheinungsbild<\/td>\n<td class=\"et2\" style=\"width: 179.25pt;\" width=\"239\">Gelbe transparente Fl\u00fcssigkeit<\/td>\n<\/tr>\n<tr style=\"height: 14.25pt;\">\n<td class=\"et2\" style=\"height: 14.25pt; width: 54.00pt;\" width=\"72\" height=\"19\">L\u00f6sungsmittel<\/td>\n<td class=\"et2\" style=\"width: 179.25pt;\" width=\"239\">L\u00f6sungsmittel \u00d6l<\/td>\n<\/tr>\n<tr style=\"height: 14.25pt;\">\n<td class=\"et2\" style=\"height: 14.25pt; width: 54.00pt;\" width=\"72\" height=\"19\">Dichte<\/td>\n<td class=\"et2\" style=\"width: 179.25pt;\" width=\"239\">0,92-0,96 g\/ml (25\u00b11)\u2103<\/td>\n<\/tr>\n<tr style=\"height: 14.25pt;\">\n<td class=\"et2\" style=\"height: 14.25pt; width: 54.00pt;\" width=\"72\" height=\"19\">Viskosit\u00e4t<\/td>\n<td class=\"et2\" style=\"width: 179.25pt;\" width=\"239\">20-60 s (Beschichtung-4-Becher-Methode) (25\u00b10,2)\u2103<\/td>\n<\/tr>\n<tr style=\"height: 24.75pt;\">\n<td class=\"et2\" style=\"height: 24.75pt; width: 54.00pt;\" width=\"72\" height=\"33\">Fester Inhalt<\/td>\n<td class=\"et2\" style=\"width: 179.25pt;\" width=\"239\">45\u00b13% (140\u2103 2h)<\/td>\n<\/tr>\n<tr style=\"height: 14.25pt;\">\n<td class=\"et2\" style=\"height: 14.25pt; width: 54.00pt;\" width=\"72\" height=\"19\">Flammpunkt<\/td>\n<td class=\"et2\" style=\"width: 179.25pt;\" width=\"239\">&gt;62\u00b0C<\/td>\n<\/tr>\n<\/tbody>\n<\/table>\n<h2><strong>Anwendungsbereiche<\/strong><\/h2>\n<p>L\u00f6sungsmittelhaltige Beschichtungen<\/p>\n<h2><strong>Wichtigste Merkmale<\/strong><\/h2>\n<p>1\u3001Disperses organisches Pigment und Ru\u00df haben eine gute Farbausbreitung und Lagerstabilit\u00e4t.<br \/>\n2\u3001Empfohlen f\u00fcr die Autoreparaturlackierung, Dispersion von hohem Pigment Ru\u00df (wie FW200) kann ein gutes Gleichgewicht von Schw\u00e4rze und blaue Phase, und hat auch eine gute blaue Phase von Aluminiumpulver Auswaschen Farbe mischen. Die empfohlene Zugabemenge betr\u00e4gt 150% an Ru\u00df.<\/p>\n<h2><strong>Methode verwenden<\/strong><\/h2>\n<p>Das Dispergiermittel wird dem Mahlgut zugegeben und gut umger\u00fchrt, dann wird das Pigment zum Mahlen und Dispergieren hinzugef\u00fcgt.<\/p>\n<h2><strong>Stabilit\u00e4t bei der Lagerung<\/strong><\/h2>\n<p>In der unge\u00f6ffneten Originalverpackung 24 Monate lang aufbewahren. Bei einer Temperatur unter 5\u00b0C kann es zu einer Stratifizierung und Tr\u00fcbung kommen. Ein Erhitzen und gr\u00fcndliches Mischen vor der Verwendung beeintr\u00e4chtigt die Produktqualit\u00e4t nicht. Produkte, die die Lagerzeit \u00fcberschritten haben, k\u00f6nnen nach erfolgter Kontrolle weiter verwendet werden. Bevor der Beh\u00e4lter vollst\u00e4ndig entleert ist, muss er unmittelbar nach der Verwendung fest verschlossen werden.<\/p>\n<h2><strong>Paket<\/strong><\/h2>\n<p>25KG \/ 180KG<\/p>","protected":false},"excerpt":{"rendered":"<p>LA-D266R Levelling agent is a food additive for storage stability. Key properties include 1\u3001Dispersed organic pigment and carbon black have good color spreading and.<\/p>","protected":false},"featured_media":0,"comment_status":"open","ping_status":"closed","template":"","meta":[],"product_brand":[],"product_cat":[15],"product_tag":[],"class_list":{"0":"post-6011","1":"product","2":"type-product","3":"status-publish","5":"product_cat-food-additives","7":"first","8":"instock","9":"shipping-taxable","10":"product-type-simple"},"yoast_head":"<!-- This site is optimized with the Yoast SEO plugin v25.3.1 - https:\/\/yoast.com\/wordpress\/plugins\/seo\/ -->\n<title>China LA-D266R \/ Levelling agent Manufacturer - Longchang Chemical<\/title>\n<meta name=\"description\" content=\"LA-D266R Levelling agent is a food additive for storage stability. Key properties include 1\u3001Dispersed organic pigment and carbon black have good color\" \/>\n<meta name=\"robots\" content=\"index, follow, max-snippet:-1, max-image-preview:large, max-video-preview:-1\" \/>\n<link rel=\"canonical\" href=\"https:\/\/longchangchemical.com\/de\/product\/agesin-la-d266r\/\" \/>\n<meta property=\"og:locale\" content=\"de_DE\" \/>\n<meta property=\"og:type\" content=\"article\" \/>\n<meta property=\"og:title\" content=\"China LA-D266R \/ Levelling agent Manufacturer - Longchang Chemical\" \/>\n<meta property=\"og:description\" content=\"LA-D266R Levelling agent is a food additive for storage stability. Key properties include 1\u3001Dispersed organic pigment and carbon black have good color\" \/>\n<meta property=\"og:url\" content=\"https:\/\/longchangchemical.com\/de\/product\/agesin-la-d266r\/\" \/>\n<meta property=\"og:site_name\" content=\"Longchang Chemical\" \/>\n<meta property=\"article:modified_time\" content=\"2026-05-08T08:26:18+00:00\" \/>\n<meta property=\"og:image\" content=\"https:\/\/longchangchemical.com\/wp-content\/uploads\/2024\/02\/logo-jpeg.jpg\" \/>\n\t<meta property=\"og:image:width\" content=\"1000\" \/>\n\t<meta property=\"og:image:height\" content=\"1000\" \/>\n\t<meta property=\"og:image:type\" content=\"image\/jpeg\" \/>\n<meta name=\"twitter:card\" content=\"summary_large_image\" \/>\n<script type=\"application\/ld+json\" class=\"yoast-schema-graph\">{\"@context\":\"https:\/\/schema.org\",\"@graph\":[{\"@type\":\"WebPage\",\"@id\":\"https:\/\/longchangchemical.com\/product\/agesin-la-d266r\/\",\"url\":\"https:\/\/longchangchemical.com\/product\/agesin-la-d266r\/\",\"name\":\"China LA-D266R \/ Levelling agent Manufacturer - Longchang Chemical\",\"isPartOf\":{\"@id\":\"https:\/\/longchangchemical.com\/#website\"},\"datePublished\":\"2023-03-29T14:48:58+00:00\",\"dateModified\":\"2026-05-08T08:26:18+00:00\",\"description\":\"LA-D266R Levelling agent is a food additive for storage stability. Key properties include 1\u3001Dispersed organic pigment and carbon black have good color\",\"breadcrumb\":{\"@id\":\"https:\/\/longchangchemical.com\/product\/agesin-la-d266r\/#breadcrumb\"},\"inLanguage\":\"de\",\"potentialAction\":[{\"@type\":\"ReadAction\",\"target\":[\"https:\/\/longchangchemical.com\/product\/agesin-la-d266r\/\"]}]},{\"@type\":\"BreadcrumbList\",\"@id\":\"https:\/\/longchangchemical.com\/product\/agesin-la-d266r\/#breadcrumb\",\"itemListElement\":[{\"@type\":\"ListItem\",\"position\":1,\"name\":\"Home\",\"item\":\"https:\/\/longchangchemical.com\/\"},{\"@type\":\"ListItem\",\"position\":2,\"name\":\"Products Longchang\",\"item\":\"https:\/\/longchangchemical.com\/product\/\"},{\"@type\":\"ListItem\",\"position\":3,\"name\":\"LA-D266R \/ Levelling agent\"}]},{\"@type\":\"WebSite\",\"@id\":\"https:\/\/longchangchemical.com\/#website\",\"url\":\"https:\/\/longchangchemical.com\/\",\"name\":\"Longchang Chemical\",\"description\":\"China chemical manufacturer \uff06 supplier\",\"publisher\":{\"@id\":\"https:\/\/longchangchemical.com\/#organization\"},\"potentialAction\":[{\"@type\":\"SearchAction\",\"target\":{\"@type\":\"EntryPoint\",\"urlTemplate\":\"https:\/\/longchangchemical.com\/?s={search_term_string}\"},\"query-input\":{\"@type\":\"PropertyValueSpecification\",\"valueRequired\":true,\"valueName\":\"search_term_string\"}}],\"inLanguage\":\"de\"},{\"@type\":\"Organization\",\"@id\":\"https:\/\/longchangchemical.com\/#organization\",\"name\":\"Longchang Chemical\",\"url\":\"https:\/\/longchangchemical.com\/\",\"logo\":{\"@type\":\"ImageObject\",\"inLanguage\":\"de\",\"@id\":\"https:\/\/longchangchemical.com\/#\/schema\/logo\/image\/\",\"url\":\"https:\/\/longchangchemical.com\/wp-content\/uploads\/2020\/08\/cropped-longchang-logo.png\",\"contentUrl\":\"https:\/\/longchangchemical.com\/wp-content\/uploads\/2020\/08\/cropped-longchang-logo.png\",\"width\":512,\"height\":512,\"caption\":\"Longchang Chemical\"},\"image\":{\"@id\":\"https:\/\/longchangchemical.com\/#\/schema\/logo\/image\/\"}}]}<\/script>\n<!-- \/ Yoast SEO plugin. -->","yoast_head_json":{"title":"China LA-D266R \/ Nivellierungsmittel Hersteller - Longchang Chemical","description":"LA-D266R Levelling agent is a food additive for storage stability. Key properties include 1\u3001Dispersed organic pigment and carbon black have good color","robots":{"index":"index","follow":"follow","max-snippet":"max-snippet:-1","max-image-preview":"max-image-preview:large","max-video-preview":"max-video-preview:-1"},"canonical":"https:\/\/longchangchemical.com\/de\/product\/agesin-la-d266r\/","og_locale":"de_DE","og_type":"article","og_title":"China LA-D266R \/ Levelling agent Manufacturer - Longchang Chemical","og_description":"LA-D266R Levelling agent is a food additive for storage stability. Key properties include 1\u3001Dispersed organic pigment and carbon black have good color","og_url":"https:\/\/longchangchemical.com\/de\/product\/agesin-la-d266r\/","og_site_name":"Longchang Chemical","article_modified_time":"2026-05-08T08:26:18+00:00","og_image":[{"width":1000,"height":1000,"url":"https:\/\/longchangchemical.com\/wp-content\/uploads\/2024\/02\/logo-jpeg.jpg","type":"image\/jpeg"}],"twitter_card":"summary_large_image","schema":{"@context":"https:\/\/schema.org","@graph":[{"@type":"WebPage","@id":"https:\/\/longchangchemical.com\/product\/agesin-la-d266r\/","url":"https:\/\/longchangchemical.com\/product\/agesin-la-d266r\/","name":"China LA-D266R \/ Nivellierungsmittel Hersteller - Longchang Chemical","isPartOf":{"@id":"https:\/\/longchangchemical.com\/#website"},"datePublished":"2023-03-29T14:48:58+00:00","dateModified":"2026-05-08T08:26:18+00:00","description":"LA-D266R Levelling agent is a food additive for storage stability. Key properties include 1\u3001Dispersed organic pigment and carbon black have good color","breadcrumb":{"@id":"https:\/\/longchangchemical.com\/product\/agesin-la-d266r\/#breadcrumb"},"inLanguage":"de","potentialAction":[{"@type":"ReadAction","target":["https:\/\/longchangchemical.com\/product\/agesin-la-d266r\/"]}]},{"@type":"BreadcrumbList","@id":"https:\/\/longchangchemical.com\/product\/agesin-la-d266r\/#breadcrumb","itemListElement":[{"@type":"ListItem","position":1,"name":"Home","item":"https:\/\/longchangchemical.com\/"},{"@type":"ListItem","position":2,"name":"Products Longchang","item":"https:\/\/longchangchemical.com\/product\/"},{"@type":"ListItem","position":3,"name":"LA-D266R \/ Levelling agent"}]},{"@type":"WebSite","@id":"https:\/\/longchangchemical.com\/#website","url":"https:\/\/longchangchemical.com\/","name":"Longchang Chemical","description":"China Hersteller von Chemikalien \uff06 Lieferant","publisher":{"@id":"https:\/\/longchangchemical.com\/#organization"},"potentialAction":[{"@type":"SearchAction","target":{"@type":"EntryPoint","urlTemplate":"https:\/\/longchangchemical.com\/?s={search_term_string}"},"query-input":{"@type":"PropertyValueSpecification","valueRequired":true,"valueName":"search_term_string"}}],"inLanguage":"de"},{"@type":"Organization","@id":"https:\/\/longchangchemical.com\/#organization","name":"Longchang Chemical","url":"https:\/\/longchangchemical.com\/","logo":{"@type":"ImageObject","inLanguage":"de","@id":"https:\/\/longchangchemical.com\/#\/schema\/logo\/image\/","url":"https:\/\/longchangchemical.com\/wp-content\/uploads\/2020\/08\/cropped-longchang-logo.png","contentUrl":"https:\/\/longchangchemical.com\/wp-content\/uploads\/2020\/08\/cropped-longchang-logo.png","width":512,"height":512,"caption":"Longchang Chemical"},"image":{"@id":"https:\/\/longchangchemical.com\/#\/schema\/logo\/image\/"}}]}},"_links":{"self":[{"href":"https:\/\/longchangchemical.com\/de\/wp-json\/wp\/v2\/product\/6011","targetHints":{"allow":["GET"]}}],"collection":[{"href":"https:\/\/longchangchemical.com\/de\/wp-json\/wp\/v2\/product"}],"about":[{"href":"https:\/\/longchangchemical.com\/de\/wp-json\/wp\/v2\/types\/product"}],"replies":[{"embeddable":true,"href":"https:\/\/longchangchemical.com\/de\/wp-json\/wp\/v2\/comments?post=6011"}],"wp:attachment":[{"href":"https:\/\/longchangchemical.com\/de\/wp-json\/wp\/v2\/media?parent=6011"}],"wp:term":[{"taxonomy":"product_brand","embeddable":true,"href":"https:\/\/longchangchemical.com\/de\/wp-json\/wp\/v2\/product_brand?post=6011"},{"taxonomy":"product_cat","embeddable":true,"href":"https:\/\/longchangchemical.com\/de\/wp-json\/wp\/v2\/product_cat?post=6011"},{"taxonomy":"product_tag","embeddable":true,"href":"https:\/\/longchangchemical.com\/de\/wp-json\/wp\/v2\/product_tag?post=6011"}],"curies":[{"name":"wp","href":"https:\/\/api.w.org\/{rel}","templated":true}]}}