{"id":5999,"date":"2023-03-22T12:31:11","date_gmt":"2023-03-22T12:31:11","guid":{"rendered":"https:\/\/longchangchemical.com\/?post_type=product&#038;p=5999"},"modified":"2025-04-01T07:08:42","modified_gmt":"2025-04-01T07:08:42","slug":"agesin-dp-d264r","status":"publish","type":"product","link":"https:\/\/longchangchemical.com\/de\/product\/agesin-dp-d264r\/","title":{"rendered":"CHLUMICRYL\u00ae DP-D264R \/ Dispergiermittel"},"content":{"rendered":"<h1><strong> DP-D264R \/ Dispergiermittel<\/strong><\/h1>\n<table style=\"border-collapse: collapse; width: 215.28pt;\" border=\"0\" width=\"287\" cellspacing=\"0\" cellpadding=\"0\">\n<tbody>\n<tr style=\"height: 36.75pt;\">\n<td class=\"et2\" style=\"height: 36.75pt; width: 74.25pt;\" width=\"99\" height=\"49\">Zusammensetzung<\/td>\n<td class=\"et3\" style=\"width: 141.00pt;\" width=\"188\">Polymere Blockcopolymerl\u00f6sung mit pigmentaffinen Gruppen<\/td>\n<\/tr>\n<tr style=\"height: 24.75pt;\">\n<td class=\"et2\" style=\"height: 24.75pt; width: 74.25pt;\" width=\"99\" height=\"33\">Erscheinungsbild<\/td>\n<td class=\"et3\" style=\"width: 141.00pt;\" width=\"188\">Farblose bis leicht gelbe transparente Fl\u00fcssigkeit<\/td>\n<\/tr>\n<tr style=\"height: 14.25pt;\">\n<td class=\"et2\" style=\"height: 14.25pt; width: 74.25pt;\" width=\"99\" height=\"19\">L\u00f6sungsmittel<\/td>\n<td class=\"et3\" style=\"width: 141.00pt;\" width=\"188\">Dibasischer Ester<\/td>\n<\/tr>\n<tr style=\"height: 14.25pt;\">\n<td class=\"et2\" style=\"height: 14.25pt; width: 74.25pt;\" width=\"99\" height=\"19\">Dichte<\/td>\n<td class=\"et3\" style=\"width: 141.00pt;\" width=\"188\">1,10-1,14 g\/ml (25\u00b11)\u2103<\/td>\n<\/tr>\n<tr style=\"height: 24.75pt;\">\n<td class=\"et2\" style=\"height: 24.75pt; width: 74.25pt;\" width=\"99\" height=\"33\">Viskosit\u00e4t<\/td>\n<td class=\"et3\" style=\"width: 141.00pt;\" width=\"188\">\u2265Q (Blasenviskosimeter-Methode)(25\u00b10,2)\u2103<\/td>\n<\/tr>\n<tr style=\"height: 36.75pt;\">\n<td class=\"et2\" style=\"height: 36.75pt; width: 74.25pt;\" width=\"99\" height=\"49\">Wirkstoffgehalt<\/td>\n<td class=\"et4\" style=\"width: 141.00pt;\" width=\"188\">63%<\/td>\n<\/tr>\n<tr style=\"height: 14.25pt;\">\n<td class=\"et2\" style=\"height: 14.25pt; width: 74.25pt;\" width=\"99\" height=\"19\">Flammpunkt<\/td>\n<td class=\"et3\" style=\"width: 141.00pt;\" width=\"188\">&gt;100\u2103<\/td>\n<\/tr>\n<\/tbody>\n<\/table>\n<h2><strong> DP-D264R Anwendungsbereiche<\/strong><\/h2>\n<p>Systeme auf L\u00f6sungsmittelbasis<\/p>\n<h2><strong> DP-D264R Hauptmerkmale<\/strong><\/h2>\n<p>1\u3001Das Blockpolymer-Dispergiermittel besteht aus einer Pro-Pigmentgruppe und einer Pigmentoberfl\u00e4chenadsorption im Dispergiermittel und einem Copolymer mit niedrigem Molekulargewicht als Pro-Medium-Segment.<br \/>\n2\u3001Das Copolymer mit niedrigem Molekulargewicht bildet eine gewisse Dicke der Sperrschicht, die die Anziehungskraft zwischen den Pigmentteilchen verringert und eine gute Dispersionsstabilit\u00e4t gew\u00e4hrleistet.<br \/>\n3\u3001Disperser Ru\u00df hat eine sehr gute Farbverteilung und Glanz.<br \/>\n4\u3001Es kann in Zweikomponenten- und duroplastischen Systemen verwendet werden, nicht in thermoplastischen Acrylsystemen.<\/p>\n<h2><strong> DP-D264R Verwendungsmethode<\/strong><\/h2>\n<p>Das Dispergiermittel wird dem Mahlgut zugegeben und gut umger\u00fchrt, dann wird das Pigment zum Mahlen und Dispergieren hinzugef\u00fcgt.<\/p>\n<h2><strong> DP-D264R Empfohlene Dosierung<\/strong><\/h2>\n<table style=\"border-collapse: collapse; width: 108.03pt;\" border=\"0\" width=\"144\" cellspacing=\"0\" cellpadding=\"0\">\n<tbody>\n<tr style=\"height: 24.75pt;\">\n<td class=\"et2\" style=\"height: 24.75pt; width: 54.00pt;\" width=\"72\" height=\"33\">Anorganische Pigmente<\/td>\n<td class=\"et2\" style=\"width: 54.00pt;\" width=\"72\">1-10%<\/td>\n<\/tr>\n<tr style=\"height: 24.75pt;\">\n<td class=\"et2\" style=\"height: 24.75pt; width: 54.00pt;\" width=\"72\" height=\"33\">Organische Pigmente<\/td>\n<td class=\"et2\" style=\"width: 54.00pt;\" width=\"72\">15-35%<\/td>\n<\/tr>\n<tr style=\"height: 24.75pt;\">\n<td class=\"et2\" style=\"height: 24.75pt; width: 54.00pt;\" width=\"72\" height=\"33\">Schwarzer Kohlenstoff<\/td>\n<td class=\"et2\" style=\"width: 54.00pt;\" width=\"72\">25-100%<\/td>\n<\/tr>\n<\/tbody>\n<\/table>\n<h2><strong> DP-D264R Stabilit\u00e4t der Lagerung<\/strong><\/h2>\n<p>In der unge\u00f6ffneten Originalverpackung 24 Monate lang aufbewahren. Bei einer Temperatur unter 5\u00b0C kann es zu einer Stratifizierung und Tr\u00fcbung kommen. Ein Erhitzen und gr\u00fcndliches Mischen vor der Verwendung beeintr\u00e4chtigt die Produktqualit\u00e4t nicht. Nach Ablauf der Lagerzeit kann das Produkt nach erfolgter Kontrolle weiter verwendet werden. Bevor der Beh\u00e4lter vollst\u00e4ndig entleert ist, muss er unmittelbar nach der Verwendung wieder fest verschlossen werden.<\/p>\n<h2><strong> DP-D264R Verpackung<\/strong><\/h2>\n<p>25KG \/ 180KG.<\/p>\n<h2><strong>Kontaktieren Sie uns jetzt!<\/strong><\/h2>\n<h4><strong><b>Wenn Sie COA, MSDS oder TDS ben\u00f6tigen, geben Sie bitte Ihre Kontaktinformationen in das untenstehende Formular ein. Wir werden uns in der Regel innerhalb von 24 Stunden mit Ihnen in Verbindung setzen. Sie k\u00f6nnen mir auch eine E-Mail schicken <span style=\"color: #0000ff;\"><a style=\"color: #0000ff;\" href=\"mailto:info@longchangchemical.com\">info@longchangchemical.com<\/a><\/span> w\u00e4hrend der Gesch\u00e4ftszeiten ( 8:30 bis 18:00 Uhr UTC+8 Mo.~Sa. ) oder nutzen Sie den Live-Chat auf der Website, um eine schnelle Antwort zu erhalten.<\/b><\/strong><\/h4>\n<p>&nbsp;<\/p>","protected":false},"excerpt":{"rendered":"<p>DP-D264R \/ Dispergiermittel Zusammensetzung Polymere Blockcopolymerl\u00f6sung mit pigmentaffinen Gruppen Aussehen Farblose bis leicht gelbe transparente Fl\u00fcssigkeit L\u00f6sungsmittel Zweibasischer Ester Dichte 1,10-1,14 g\/ml (25\u00b11)\u2103 Viskosit\u00e4t \u2265Q (Blasenviskosimeter-Methode)(25\u00b10.2)\u2103 Wirkstoffgehalt 63% Flammpunkt &gt;100\u2103 DP-D264R Anwendungsbereiche Systeme auf L\u00f6sungsmittelbasis DP-D264R Hauptmerkmale 1\u3001Blocktyp-Polymer-Dispergiermittel besteht aus Pro-Pigmentgruppe [...]<\/p>","protected":false},"featured_media":0,"comment_status":"closed","ping_status":"closed","template":"","meta":[],"product_brand":[],"product_cat":[138],"product_tag":[],"class_list":{"0":"post-5999","1":"product","2":"type-product","3":"status-publish","5":"product_cat-coating-and-ink-additives","7":"first","8":"instock","9":"shipping-taxable","10":"product-type-simple"},"yoast_head":"<!-- This site is optimized with the Yoast SEO plugin v25.3.1 - https:\/\/yoast.com\/wordpress\/plugins\/seo\/ -->\n<title>China CHLUMICRYL\u00ae DP-D264R \/ Dispersant Manufacturer - Longchang Chemical<\/title>\n<meta name=\"description\" content=\"CHLUMICRYL\u00ae DP-D264R \/ Dispersant is a key product of Longchang Chemical. We provide the best price. We are the leading manufacturer in China with the best quality and competitive price.\" \/>\n<meta name=\"robots\" content=\"index, follow, max-snippet:-1, max-image-preview:large, max-video-preview:-1\" \/>\n<link rel=\"canonical\" href=\"https:\/\/longchangchemical.com\/de\/product\/agesin-dp-d264r\/\" \/>\n<meta property=\"og:locale\" content=\"de_DE\" \/>\n<meta property=\"og:type\" content=\"article\" \/>\n<meta property=\"og:title\" content=\"China CHLUMICRYL\u00ae DP-D264R \/ Dispersant Manufacturer - Longchang Chemical\" \/>\n<meta property=\"og:description\" content=\"CHLUMICRYL\u00ae DP-D264R \/ Dispersant is a key product of Longchang Chemical. We provide the best price. We are the leading manufacturer in China with the best quality and competitive price.\" \/>\n<meta property=\"og:url\" content=\"https:\/\/longchangchemical.com\/de\/product\/agesin-dp-d264r\/\" \/>\n<meta property=\"og:site_name\" content=\"Longchang Chemical\" \/>\n<meta property=\"article:modified_time\" content=\"2025-04-01T07:08:42+00:00\" \/>\n<meta property=\"og:image\" content=\"https:\/\/longchangchemical.com\/wp-content\/uploads\/2024\/02\/logo-jpeg.jpg\" \/>\n\t<meta property=\"og:image:width\" content=\"1000\" \/>\n\t<meta property=\"og:image:height\" content=\"1000\" \/>\n\t<meta property=\"og:image:type\" content=\"image\/jpeg\" \/>\n<meta name=\"twitter:card\" content=\"summary_large_image\" \/>\n<script type=\"application\/ld+json\" class=\"yoast-schema-graph\">{\"@context\":\"https:\/\/schema.org\",\"@graph\":[{\"@type\":\"WebPage\",\"@id\":\"https:\/\/longchangchemical.com\/product\/agesin-dp-d264r\/\",\"url\":\"https:\/\/longchangchemical.com\/product\/agesin-dp-d264r\/\",\"name\":\"China CHLUMICRYL\u00ae DP-D264R \/ Dispersant Manufacturer - Longchang Chemical\",\"isPartOf\":{\"@id\":\"https:\/\/longchangchemical.com\/#website\"},\"datePublished\":\"2023-03-22T12:31:11+00:00\",\"dateModified\":\"2025-04-01T07:08:42+00:00\",\"description\":\"CHLUMICRYL\u00ae DP-D264R \/ Dispersant is a key product of Longchang Chemical. We provide the best price. We are the leading manufacturer in China with the best quality and competitive price.\",\"breadcrumb\":{\"@id\":\"https:\/\/longchangchemical.com\/product\/agesin-dp-d264r\/#breadcrumb\"},\"inLanguage\":\"de\",\"potentialAction\":[{\"@type\":\"ReadAction\",\"target\":[\"https:\/\/longchangchemical.com\/product\/agesin-dp-d264r\/\"]}]},{\"@type\":\"BreadcrumbList\",\"@id\":\"https:\/\/longchangchemical.com\/product\/agesin-dp-d264r\/#breadcrumb\",\"itemListElement\":[{\"@type\":\"ListItem\",\"position\":1,\"name\":\"Home\",\"item\":\"https:\/\/longchangchemical.com\/\"},{\"@type\":\"ListItem\",\"position\":2,\"name\":\"Products Longchang\",\"item\":\"https:\/\/longchangchemical.com\/product\/\"},{\"@type\":\"ListItem\",\"position\":3,\"name\":\"CHLUMICRYL\u00ae DP-D264R \/ Dispersant\"}]},{\"@type\":\"WebSite\",\"@id\":\"https:\/\/longchangchemical.com\/#website\",\"url\":\"https:\/\/longchangchemical.com\/\",\"name\":\"Longchang Chemical\",\"description\":\"China chemical manufacturer \uff06 supplier\",\"publisher\":{\"@id\":\"https:\/\/longchangchemical.com\/#organization\"},\"potentialAction\":[{\"@type\":\"SearchAction\",\"target\":{\"@type\":\"EntryPoint\",\"urlTemplate\":\"https:\/\/longchangchemical.com\/?s={search_term_string}\"},\"query-input\":{\"@type\":\"PropertyValueSpecification\",\"valueRequired\":true,\"valueName\":\"search_term_string\"}}],\"inLanguage\":\"de\"},{\"@type\":\"Organization\",\"@id\":\"https:\/\/longchangchemical.com\/#organization\",\"name\":\"Longchang Chemical\",\"url\":\"https:\/\/longchangchemical.com\/\",\"logo\":{\"@type\":\"ImageObject\",\"inLanguage\":\"de\",\"@id\":\"https:\/\/longchangchemical.com\/#\/schema\/logo\/image\/\",\"url\":\"https:\/\/longchangchemical.com\/wp-content\/uploads\/2020\/08\/cropped-longchang-logo.png\",\"contentUrl\":\"https:\/\/longchangchemical.com\/wp-content\/uploads\/2020\/08\/cropped-longchang-logo.png\",\"width\":512,\"height\":512,\"caption\":\"Longchang Chemical\"},\"image\":{\"@id\":\"https:\/\/longchangchemical.com\/#\/schema\/logo\/image\/\"}}]}<\/script>\n<!-- \/ Yoast SEO plugin. -->","yoast_head_json":{"title":"China CHLUMICRYL\u00ae DP-D264R \/ Dispergiermittel Hersteller - Longchang Chemical","description":"CHLUMICRYL\u00ae DP-D264R \/ Dispergiermittel ist ein Schl\u00fcsselprodukt von Longchang Chemical. Wir bieten den besten Preis. Wir sind der f\u00fchrende Hersteller in China mit der besten Qualit\u00e4t und konkurrenzf\u00e4higem Preis.","robots":{"index":"index","follow":"follow","max-snippet":"max-snippet:-1","max-image-preview":"max-image-preview:large","max-video-preview":"max-video-preview:-1"},"canonical":"https:\/\/longchangchemical.com\/de\/product\/agesin-dp-d264r\/","og_locale":"de_DE","og_type":"article","og_title":"China CHLUMICRYL\u00ae DP-D264R \/ Dispersant Manufacturer - Longchang Chemical","og_description":"CHLUMICRYL\u00ae DP-D264R \/ Dispersant is a key product of Longchang Chemical. We provide the best price. We are the leading manufacturer in China with the best quality and competitive price.","og_url":"https:\/\/longchangchemical.com\/de\/product\/agesin-dp-d264r\/","og_site_name":"Longchang Chemical","article_modified_time":"2025-04-01T07:08:42+00:00","og_image":[{"width":1000,"height":1000,"url":"https:\/\/longchangchemical.com\/wp-content\/uploads\/2024\/02\/logo-jpeg.jpg","type":"image\/jpeg"}],"twitter_card":"summary_large_image","schema":{"@context":"https:\/\/schema.org","@graph":[{"@type":"WebPage","@id":"https:\/\/longchangchemical.com\/product\/agesin-dp-d264r\/","url":"https:\/\/longchangchemical.com\/product\/agesin-dp-d264r\/","name":"China CHLUMICRYL\u00ae DP-D264R \/ Dispergiermittel Hersteller - Longchang Chemical","isPartOf":{"@id":"https:\/\/longchangchemical.com\/#website"},"datePublished":"2023-03-22T12:31:11+00:00","dateModified":"2025-04-01T07:08:42+00:00","description":"CHLUMICRYL\u00ae DP-D264R \/ Dispergiermittel ist ein Schl\u00fcsselprodukt von Longchang Chemical. Wir bieten den besten Preis. Wir sind der f\u00fchrende Hersteller in China mit der besten Qualit\u00e4t und konkurrenzf\u00e4higem Preis.","breadcrumb":{"@id":"https:\/\/longchangchemical.com\/product\/agesin-dp-d264r\/#breadcrumb"},"inLanguage":"de","potentialAction":[{"@type":"ReadAction","target":["https:\/\/longchangchemical.com\/product\/agesin-dp-d264r\/"]}]},{"@type":"BreadcrumbList","@id":"https:\/\/longchangchemical.com\/product\/agesin-dp-d264r\/#breadcrumb","itemListElement":[{"@type":"ListItem","position":1,"name":"Home","item":"https:\/\/longchangchemical.com\/"},{"@type":"ListItem","position":2,"name":"Products Longchang","item":"https:\/\/longchangchemical.com\/product\/"},{"@type":"ListItem","position":3,"name":"CHLUMICRYL\u00ae DP-D264R \/ Dispersant"}]},{"@type":"WebSite","@id":"https:\/\/longchangchemical.com\/#website","url":"https:\/\/longchangchemical.com\/","name":"Longchang Chemical","description":"China Hersteller von Chemikalien \uff06 Lieferant","publisher":{"@id":"https:\/\/longchangchemical.com\/#organization"},"potentialAction":[{"@type":"SearchAction","target":{"@type":"EntryPoint","urlTemplate":"https:\/\/longchangchemical.com\/?s={search_term_string}"},"query-input":{"@type":"PropertyValueSpecification","valueRequired":true,"valueName":"search_term_string"}}],"inLanguage":"de"},{"@type":"Organization","@id":"https:\/\/longchangchemical.com\/#organization","name":"Longchang Chemical","url":"https:\/\/longchangchemical.com\/","logo":{"@type":"ImageObject","inLanguage":"de","@id":"https:\/\/longchangchemical.com\/#\/schema\/logo\/image\/","url":"https:\/\/longchangchemical.com\/wp-content\/uploads\/2020\/08\/cropped-longchang-logo.png","contentUrl":"https:\/\/longchangchemical.com\/wp-content\/uploads\/2020\/08\/cropped-longchang-logo.png","width":512,"height":512,"caption":"Longchang Chemical"},"image":{"@id":"https:\/\/longchangchemical.com\/#\/schema\/logo\/image\/"}}]}},"_links":{"self":[{"href":"https:\/\/longchangchemical.com\/de\/wp-json\/wp\/v2\/product\/5999","targetHints":{"allow":["GET"]}}],"collection":[{"href":"https:\/\/longchangchemical.com\/de\/wp-json\/wp\/v2\/product"}],"about":[{"href":"https:\/\/longchangchemical.com\/de\/wp-json\/wp\/v2\/types\/product"}],"replies":[{"embeddable":true,"href":"https:\/\/longchangchemical.com\/de\/wp-json\/wp\/v2\/comments?post=5999"}],"wp:attachment":[{"href":"https:\/\/longchangchemical.com\/de\/wp-json\/wp\/v2\/media?parent=5999"}],"wp:term":[{"taxonomy":"product_brand","embeddable":true,"href":"https:\/\/longchangchemical.com\/de\/wp-json\/wp\/v2\/product_brand?post=5999"},{"taxonomy":"product_cat","embeddable":true,"href":"https:\/\/longchangchemical.com\/de\/wp-json\/wp\/v2\/product_cat?post=5999"},{"taxonomy":"product_tag","embeddable":true,"href":"https:\/\/longchangchemical.com\/de\/wp-json\/wp\/v2\/product_tag?post=5999"}],"curies":[{"name":"wp","href":"https:\/\/api.w.org\/{rel}","templated":true}]}}