{"id":5993,"date":"2023-03-16T14:53:29","date_gmt":"2023-03-16T14:53:29","guid":{"rendered":"https:\/\/longchangchemical.com\/?post_type=product&#038;p=5993"},"modified":"2026-05-08T02:59:51","modified_gmt":"2026-05-08T02:59:51","slug":"agesin-dp-d242","status":"publish","type":"product","link":"https:\/\/longchangchemical.com\/de\/product\/agesin-dp-d242\/","title":{"rendered":"CHLUMICRYL\u00ae DP-D242 \/ Dispergiermittel"},"content":{"rendered":"<h2><strong> DP-D242 \/ Dispergiermittel<\/strong><\/h2>\n<table style=\"border-collapse: collapse; width: 293.27pt;\" border=\"0\" width=\"391\" cellspacing=\"0\" cellpadding=\"0\">\n<tbody>\n<tr style=\"height: 14.25pt;\">\n<td class=\"et2\" style=\"height: 14.25pt; width: 63.00pt;\" width=\"84\" height=\"19\">Zusammensetzung<\/td>\n<td class=\"et2\" style=\"width: 230.25pt;\" width=\"307\">Polymeres Blockcopolymer mit pigmentaffinen Gruppen<\/td>\n<\/tr>\n<tr style=\"height: 13.50pt;\">\n<td class=\"et2\" style=\"height: 13.50pt; width: 63.00pt;\" width=\"84\" height=\"18\">Erscheinungsbild<\/td>\n<td class=\"et2\" style=\"width: 230.25pt;\" width=\"307\">Leicht gelbe transparente Fl\u00fcssigkeit<\/td>\n<\/tr>\n<tr style=\"height: 14.25pt;\">\n<td class=\"et2\" style=\"height: 14.25pt; width: 63.00pt;\" width=\"84\" height=\"19\">L\u00f6sungsmittel<\/td>\n<td class=\"et2\" style=\"width: 230.25pt;\" width=\"307\">&#8212;<\/td>\n<\/tr>\n<tr style=\"height: 14.25pt;\">\n<td class=\"et2\" style=\"height: 14.25pt; width: 63.00pt;\" width=\"84\" height=\"19\">Dichte<\/td>\n<td class=\"et2\" style=\"width: 230.25pt;\" width=\"307\">1,01-1,05 g\/ml (25\u00b11)\u2103<\/td>\n<\/tr>\n<tr style=\"height: 14.25pt;\">\n<td class=\"et2\" style=\"height: 14.25pt; width: 63.00pt;\" width=\"84\" height=\"19\">Viskosit\u00e4t<\/td>\n<td class=\"et2\" style=\"width: 230.25pt;\" width=\"307\">R-X (Blasenviskosimeter-Methode)(25\u00b10,2)\u2103<\/td>\n<\/tr>\n<tr style=\"height: 14.25pt;\">\n<td class=\"et2\" style=\"height: 14.25pt; width: 63.00pt;\" width=\"84\" height=\"19\">Fester Inhalt<\/td>\n<td class=\"et2\" style=\"width: 230.25pt;\" width=\"307\">92\u00b13% (140\u2103 2h)<\/td>\n<\/tr>\n<tr style=\"height: 14.25pt;\">\n<td class=\"et2\" style=\"height: 14.25pt; width: 63.00pt;\" width=\"84\" height=\"19\">Flammpunkt<\/td>\n<td class=\"et2\" style=\"width: 230.25pt;\" width=\"307\">&gt;100\u2103<\/td>\n<\/tr>\n<\/tbody>\n<\/table>\n<h2><strong>Anwendungsbereiche<\/strong><\/h2>\n<p>L\u00f6semittelbasierte, UV-h\u00e4rtende Systeme<\/p>\n<h2><strong>Wichtigste Merkmale<\/strong><\/h2>\n<p>1\u3001Gute Benetzung und Dispersion von Pigmenten, Dispersion von organischen Pigmenten kann deren F\u00e4rbekraft verbessern, Dispersion von organischem Bentonit und Mattierungspulver hat eine gute Viskosit\u00e4tssenkungsf\u00e4higkeit, besonders geeignet f\u00fcr harzfreie Mattierungspaste.<br \/>\n2\u3001Es kann die schwimmende Farbe und Bl\u00fcte Ph\u00e4nomen der Multi-Pigment-System zu reduzieren.<\/p>\n<p>Methode verwenden<\/p>\n<p>Das Dispergiermittel wird dem Mahlgut zugegeben und gut umger\u00fchrt, dann wird das Pigment zum Mahlen und Dispergieren hinzugef\u00fcgt.<\/p>\n<h2><strong>Empfohlene Dosierung<\/strong><\/h2>\n<p>&nbsp;<\/p>\n<h2><strong>Stabilit\u00e4t bei der Lagerung<\/strong><\/h2>\n<p>In der unge\u00f6ffneten Originalverpackung 24 Monate lang aufbewahren. Bei einer Temperatur unter 5\u00b0C kann es zu einer Stratifizierung und Tr\u00fcbung kommen. Ein Erhitzen und gr\u00fcndliches Mischen vor der Verwendung beeintr\u00e4chtigt die Produktqualit\u00e4t nicht. Nach Ablauf der Lagerzeit kann das Produkt nach erfolgter Kontrolle weiter verwendet werden. Bevor der Beh\u00e4lter vollst\u00e4ndig entleert ist, muss er unmittelbar nach der Verwendung wieder fest verschlossen werden.<\/p>\n<h2><strong>Verpacken<\/strong><\/h2>\n<p>25KG \/ 180KG<\/p>\n<p>&nbsp;<\/p>","protected":false},"excerpt":{"rendered":"<p>DP-D242 \/ Dispergiermittel Zusammensetzung Polymeres Blockcopolymer mit pigmentaffinen Gruppen Aussehen Leicht gelbe transparente Fl\u00fcssigkeit L\u00f6sungsmittel - Dichte 1,01-1,05 g\/ml (25\u00b11)\u2103 Viskosit\u00e4t R-X (Blasenviskosimeter-Methode)(25\u00b10.2)\u2103 Feststoffgehalt 92\u00b13% (140\u2103 2h) Flammpunkt &gt;100\u2103 Anwendungsgebiete L\u00f6semittelbasierte, UV-h\u00e4rtbare Systeme Haupteigenschaften 1\u3001Gute Benetzung und Dispersion von Pigmenten, Dispersion von organischen Pigmenten kann ihre [...]<\/p>","protected":false},"featured_media":0,"comment_status":"closed","ping_status":"closed","template":"","meta":[],"product_brand":[],"product_cat":[138],"product_tag":[],"class_list":{"0":"post-5993","1":"product","2":"type-product","3":"status-publish","5":"product_cat-coating-and-ink-additives","7":"first","8":"instock","9":"shipping-taxable","10":"product-type-simple"},"yoast_head":"<!-- This site is optimized with the Yoast SEO plugin v25.3.1 - https:\/\/yoast.com\/wordpress\/plugins\/seo\/ -->\n<title>China CHLUMICRYL\u00ae DP-D242 \/ Dispersant Manufacturer - Longchang Chemical<\/title>\n<meta name=\"description\" content=\"CHLUMICRYL\u00ae DP-D242 \/ Dispersant is a key product of Longchang Chemical. We provide the best price. We are the leading manufacturer in China with the best quality and competitive price.\" \/>\n<meta name=\"robots\" content=\"index, follow, max-snippet:-1, max-image-preview:large, max-video-preview:-1\" \/>\n<link rel=\"canonical\" href=\"https:\/\/longchangchemical.com\/de\/product\/agesin-dp-d242\/\" \/>\n<meta property=\"og:locale\" content=\"de_DE\" \/>\n<meta property=\"og:type\" content=\"article\" \/>\n<meta property=\"og:title\" content=\"China CHLUMICRYL\u00ae DP-D242 \/ Dispersant Manufacturer - Longchang Chemical\" \/>\n<meta property=\"og:description\" content=\"CHLUMICRYL\u00ae DP-D242 \/ Dispersant is a key product of Longchang Chemical. We provide the best price. We are the leading manufacturer in China with the best quality and competitive price.\" \/>\n<meta property=\"og:url\" content=\"https:\/\/longchangchemical.com\/de\/product\/agesin-dp-d242\/\" \/>\n<meta property=\"og:site_name\" content=\"Longchang Chemical\" \/>\n<meta property=\"article:modified_time\" content=\"2026-05-08T02:59:51+00:00\" \/>\n<meta property=\"og:image\" content=\"https:\/\/longchangchemical.com\/wp-content\/uploads\/2024\/02\/logo-jpeg.jpg\" \/>\n\t<meta property=\"og:image:width\" content=\"1000\" \/>\n\t<meta property=\"og:image:height\" content=\"1000\" \/>\n\t<meta property=\"og:image:type\" content=\"image\/jpeg\" \/>\n<meta name=\"twitter:card\" content=\"summary_large_image\" \/>\n<script type=\"application\/ld+json\" class=\"yoast-schema-graph\">{\"@context\":\"https:\/\/schema.org\",\"@graph\":[{\"@type\":\"WebPage\",\"@id\":\"https:\/\/longchangchemical.com\/product\/agesin-dp-d242\/\",\"url\":\"https:\/\/longchangchemical.com\/product\/agesin-dp-d242\/\",\"name\":\"China CHLUMICRYL\u00ae DP-D242 \/ Dispersant Manufacturer - Longchang Chemical\",\"isPartOf\":{\"@id\":\"https:\/\/longchangchemical.com\/#website\"},\"datePublished\":\"2023-03-16T14:53:29+00:00\",\"dateModified\":\"2026-05-08T02:59:51+00:00\",\"description\":\"CHLUMICRYL\u00ae DP-D242 \/ Dispersant is a key product of Longchang Chemical. We provide the best price. We are the leading manufacturer in China with the best quality and competitive price.\",\"breadcrumb\":{\"@id\":\"https:\/\/longchangchemical.com\/product\/agesin-dp-d242\/#breadcrumb\"},\"inLanguage\":\"de\",\"potentialAction\":[{\"@type\":\"ReadAction\",\"target\":[\"https:\/\/longchangchemical.com\/product\/agesin-dp-d242\/\"]}]},{\"@type\":\"BreadcrumbList\",\"@id\":\"https:\/\/longchangchemical.com\/product\/agesin-dp-d242\/#breadcrumb\",\"itemListElement\":[{\"@type\":\"ListItem\",\"position\":1,\"name\":\"Home\",\"item\":\"https:\/\/longchangchemical.com\/\"},{\"@type\":\"ListItem\",\"position\":2,\"name\":\"Products Longchang\",\"item\":\"https:\/\/longchangchemical.com\/product\/\"},{\"@type\":\"ListItem\",\"position\":3,\"name\":\"CHLUMICRYL\u00ae DP-D242 \/ Dispersant\"}]},{\"@type\":\"WebSite\",\"@id\":\"https:\/\/longchangchemical.com\/#website\",\"url\":\"https:\/\/longchangchemical.com\/\",\"name\":\"Longchang Chemical\",\"description\":\"China chemical manufacturer \uff06 supplier\",\"publisher\":{\"@id\":\"https:\/\/longchangchemical.com\/#organization\"},\"potentialAction\":[{\"@type\":\"SearchAction\",\"target\":{\"@type\":\"EntryPoint\",\"urlTemplate\":\"https:\/\/longchangchemical.com\/?s={search_term_string}\"},\"query-input\":{\"@type\":\"PropertyValueSpecification\",\"valueRequired\":true,\"valueName\":\"search_term_string\"}}],\"inLanguage\":\"de\"},{\"@type\":\"Organization\",\"@id\":\"https:\/\/longchangchemical.com\/#organization\",\"name\":\"Longchang Chemical\",\"url\":\"https:\/\/longchangchemical.com\/\",\"logo\":{\"@type\":\"ImageObject\",\"inLanguage\":\"de\",\"@id\":\"https:\/\/longchangchemical.com\/#\/schema\/logo\/image\/\",\"url\":\"https:\/\/longchangchemical.com\/wp-content\/uploads\/2020\/08\/cropped-longchang-logo.png\",\"contentUrl\":\"https:\/\/longchangchemical.com\/wp-content\/uploads\/2020\/08\/cropped-longchang-logo.png\",\"width\":512,\"height\":512,\"caption\":\"Longchang Chemical\"},\"image\":{\"@id\":\"https:\/\/longchangchemical.com\/#\/schema\/logo\/image\/\"}}]}<\/script>\n<!-- \/ Yoast SEO plugin. -->","yoast_head_json":{"title":"China CHLUMICRYL\u00ae DP-D242 \/ Dispergiermittel Hersteller - Longchang Chemical","description":"CHLUMICRYL\u00ae DP-D242 \/ Dispergiermittel ist ein Schl\u00fcsselprodukt von Longchang Chemical. Wir bieten den besten Preis. Wir sind der f\u00fchrende Hersteller in China mit der besten Qualit\u00e4t und konkurrenzf\u00e4higem Preis.","robots":{"index":"index","follow":"follow","max-snippet":"max-snippet:-1","max-image-preview":"max-image-preview:large","max-video-preview":"max-video-preview:-1"},"canonical":"https:\/\/longchangchemical.com\/de\/product\/agesin-dp-d242\/","og_locale":"de_DE","og_type":"article","og_title":"China CHLUMICRYL\u00ae DP-D242 \/ Dispersant Manufacturer - Longchang Chemical","og_description":"CHLUMICRYL\u00ae DP-D242 \/ Dispersant is a key product of Longchang Chemical. We provide the best price. We are the leading manufacturer in China with the best quality and competitive price.","og_url":"https:\/\/longchangchemical.com\/de\/product\/agesin-dp-d242\/","og_site_name":"Longchang Chemical","article_modified_time":"2026-05-08T02:59:51+00:00","og_image":[{"width":1000,"height":1000,"url":"https:\/\/longchangchemical.com\/wp-content\/uploads\/2024\/02\/logo-jpeg.jpg","type":"image\/jpeg"}],"twitter_card":"summary_large_image","schema":{"@context":"https:\/\/schema.org","@graph":[{"@type":"WebPage","@id":"https:\/\/longchangchemical.com\/product\/agesin-dp-d242\/","url":"https:\/\/longchangchemical.com\/product\/agesin-dp-d242\/","name":"China CHLUMICRYL\u00ae DP-D242 \/ Dispergiermittel Hersteller - Longchang Chemical","isPartOf":{"@id":"https:\/\/longchangchemical.com\/#website"},"datePublished":"2023-03-16T14:53:29+00:00","dateModified":"2026-05-08T02:59:51+00:00","description":"CHLUMICRYL\u00ae DP-D242 \/ Dispergiermittel ist ein Schl\u00fcsselprodukt von Longchang Chemical. Wir bieten den besten Preis. Wir sind der f\u00fchrende Hersteller in China mit der besten Qualit\u00e4t und konkurrenzf\u00e4higem Preis.","breadcrumb":{"@id":"https:\/\/longchangchemical.com\/product\/agesin-dp-d242\/#breadcrumb"},"inLanguage":"de","potentialAction":[{"@type":"ReadAction","target":["https:\/\/longchangchemical.com\/product\/agesin-dp-d242\/"]}]},{"@type":"BreadcrumbList","@id":"https:\/\/longchangchemical.com\/product\/agesin-dp-d242\/#breadcrumb","itemListElement":[{"@type":"ListItem","position":1,"name":"Home","item":"https:\/\/longchangchemical.com\/"},{"@type":"ListItem","position":2,"name":"Products Longchang","item":"https:\/\/longchangchemical.com\/product\/"},{"@type":"ListItem","position":3,"name":"CHLUMICRYL\u00ae DP-D242 \/ Dispersant"}]},{"@type":"WebSite","@id":"https:\/\/longchangchemical.com\/#website","url":"https:\/\/longchangchemical.com\/","name":"Longchang Chemical","description":"China Hersteller von Chemikalien \uff06 Lieferant","publisher":{"@id":"https:\/\/longchangchemical.com\/#organization"},"potentialAction":[{"@type":"SearchAction","target":{"@type":"EntryPoint","urlTemplate":"https:\/\/longchangchemical.com\/?s={search_term_string}"},"query-input":{"@type":"PropertyValueSpecification","valueRequired":true,"valueName":"search_term_string"}}],"inLanguage":"de"},{"@type":"Organization","@id":"https:\/\/longchangchemical.com\/#organization","name":"Longchang Chemical","url":"https:\/\/longchangchemical.com\/","logo":{"@type":"ImageObject","inLanguage":"de","@id":"https:\/\/longchangchemical.com\/#\/schema\/logo\/image\/","url":"https:\/\/longchangchemical.com\/wp-content\/uploads\/2020\/08\/cropped-longchang-logo.png","contentUrl":"https:\/\/longchangchemical.com\/wp-content\/uploads\/2020\/08\/cropped-longchang-logo.png","width":512,"height":512,"caption":"Longchang Chemical"},"image":{"@id":"https:\/\/longchangchemical.com\/#\/schema\/logo\/image\/"}}]}},"_links":{"self":[{"href":"https:\/\/longchangchemical.com\/de\/wp-json\/wp\/v2\/product\/5993","targetHints":{"allow":["GET"]}}],"collection":[{"href":"https:\/\/longchangchemical.com\/de\/wp-json\/wp\/v2\/product"}],"about":[{"href":"https:\/\/longchangchemical.com\/de\/wp-json\/wp\/v2\/types\/product"}],"replies":[{"embeddable":true,"href":"https:\/\/longchangchemical.com\/de\/wp-json\/wp\/v2\/comments?post=5993"}],"wp:attachment":[{"href":"https:\/\/longchangchemical.com\/de\/wp-json\/wp\/v2\/media?parent=5993"}],"wp:term":[{"taxonomy":"product_brand","embeddable":true,"href":"https:\/\/longchangchemical.com\/de\/wp-json\/wp\/v2\/product_brand?post=5993"},{"taxonomy":"product_cat","embeddable":true,"href":"https:\/\/longchangchemical.com\/de\/wp-json\/wp\/v2\/product_cat?post=5993"},{"taxonomy":"product_tag","embeddable":true,"href":"https:\/\/longchangchemical.com\/de\/wp-json\/wp\/v2\/product_tag?post=5993"}],"curies":[{"name":"wp","href":"https:\/\/api.w.org\/{rel}","templated":true}]}}