{"id":5981,"date":"2023-03-10T14:17:10","date_gmt":"2023-03-10T14:17:10","guid":{"rendered":"https:\/\/longchangchemical.com\/?post_type=product&#038;p=5981"},"modified":"2026-05-08T02:59:51","modified_gmt":"2026-05-08T02:59:51","slug":"agesin-dp-d241r","status":"publish","type":"product","link":"https:\/\/longchangchemical.com\/de\/product\/agesin-dp-d241r\/","title":{"rendered":"CHLUMICRYL\u00ae DP-D241R \/ Dispergiermittel"},"content":{"rendered":"<h2>DP-D241R \/ Dispergiermittel<\/h2>\n<table style=\"border-collapse: collapse; width: 225.03pt;\" border=\"0\" width=\"300\" cellspacing=\"0\" cellpadding=\"0\">\n<tbody>\n<tr style=\"height: 24.00pt;\">\n<td class=\"et2\" style=\"height: 24.00pt; width: 72.00pt;\" width=\"96\" height=\"32\">Zusammensetzung<\/td>\n<td class=\"et2\" style=\"width: 153.00pt;\" width=\"204\">L\u00f6sung eines Polymerblockcopolymers mit pigmentaffinen Gruppen<\/td>\n<\/tr>\n<tr style=\"height: 13.50pt;\">\n<td class=\"et2\" style=\"height: 13.50pt; width: 72.00pt;\" width=\"96\" height=\"18\">Erscheinungsbild<\/td>\n<td class=\"et2\" style=\"width: 153.00pt;\" width=\"204\">Leicht gelbe transparente Fl\u00fcssigkeit<\/td>\n<\/tr>\n<tr style=\"height: 13.50pt;\">\n<td class=\"et2\" style=\"height: 13.50pt; width: 72.00pt;\" width=\"96\" height=\"18\">L\u00f6sungsmittel<\/td>\n<td class=\"et2\" style=\"width: 153.00pt;\" width=\"204\">Dibasischer Ester\/L\u00f6sungsmittel\u00f6l<\/td>\n<\/tr>\n<tr style=\"height: 13.50pt;\">\n<td class=\"et2\" style=\"height: 13.50pt; width: 72.00pt;\" width=\"96\" height=\"18\">Dichte<\/td>\n<td class=\"et2\" style=\"width: 153.00pt;\" width=\"204\">0,99-1,03 g\/ml (25\u00b11)\u2103<\/td>\n<\/tr>\n<tr style=\"height: 24.00pt;\">\n<td class=\"et2\" style=\"height: 24.00pt; width: 72.00pt;\" width=\"96\" height=\"32\">Viskosit\u00e4t<\/td>\n<td class=\"et2\" style=\"width: 153.00pt;\" width=\"204\">6-40 s (Beschichtung-4-Becher-Methode) (25\u00b10,2)\u2103<\/td>\n<\/tr>\n<tr style=\"height: 36.00pt;\">\n<td class=\"et2\" style=\"height: 36.00pt; width: 72.00pt;\" width=\"96\" height=\"48\">Wirkstoffgehalt<\/td>\n<td class=\"et3\" style=\"width: 153.00pt;\" width=\"204\">48%<\/td>\n<\/tr>\n<tr style=\"height: 13.50pt;\">\n<td class=\"et2\" style=\"height: 13.50pt; width: 72.00pt;\" width=\"96\" height=\"18\">Flammpunkt<\/td>\n<td class=\"et2\" style=\"width: 153.00pt;\" width=\"204\">&gt;62\u2103<\/td>\n<\/tr>\n<\/tbody>\n<\/table>\n<h2><strong>Anwendungsbereiche<\/strong><\/h2>\n<p>Systeme auf L\u00f6sungsmittelbasis<\/p>\n<h2><strong>Wichtigste Merkmale<\/strong><\/h2>\n<p>1\u3001Es hat eine ausgezeichnete F\u00e4higkeit zur Viskosit\u00e4tsreduzierung f\u00fcr Grundierungssysteme, die Ru\u00df, Bentonit, Mattierungspulver, leichtes Kalziumkarbonat, superfeines Zinkphosphat, Bariumsulfat, Glimmerpulver, Titandioxid und Talkphenol enthalten, was die Verwendung von Verd\u00fcnner reduzieren und die Anforderung der VOC-Emission erf\u00fcllen kann.<br \/>\n2\u3001Gute Benetzung und Dispersion von Pigmenten, Dispersion von organischen Pigmenten kann deren F\u00e4rbekraft verbessern, Dispersion von organischem Bentonit und Mattierungspulver hat eine gute Viskosit\u00e4tssenkungsf\u00e4higkeit.<br \/>\n3\u3001Es kann die schwimmende Farbe und Bl\u00fcte Ph\u00e4nomen der Multi-Pigment-System zu reduzieren.<\/p>\n<h2><strong>Methode verwenden<\/strong><\/h2>\n<p>Das Dispergiermittel wird dem Mahlgut zugegeben und gut umger\u00fchrt, dann wird das Pigment gemahlen und dispergiert.<\/p>\n<p>&nbsp;<\/p>\n<table style=\"border-collapse: collapse; width: 108.03pt;\" border=\"0\" width=\"144\" cellspacing=\"0\" cellpadding=\"0\">\n<tbody>\n<tr style=\"height: 24.75pt;\">\n<td class=\"et2\" style=\"height: 24.75pt; width: 54.00pt;\" width=\"72\" height=\"33\">Anorganische Pigmente<\/td>\n<td class=\"et2\" style=\"width: 54.00pt;\" width=\"72\">1-10%<\/td>\n<\/tr>\n<tr style=\"height: 24.75pt;\">\n<td class=\"et2\" style=\"height: 24.75pt; width: 54.00pt;\" width=\"72\" height=\"33\">Organische Pigmente<\/td>\n<td class=\"et2\" style=\"width: 54.00pt;\" width=\"72\">20-40%<\/td>\n<\/tr>\n<tr style=\"height: 24.75pt;\">\n<td class=\"et2\" style=\"height: 24.75pt; width: 54.00pt;\" width=\"72\" height=\"33\">Schwarzer Kohlenstoff<\/td>\n<td class=\"et2\" style=\"width: 54.00pt;\" width=\"72\">30-100%<\/td>\n<\/tr>\n<\/tbody>\n<\/table>\n<p>&nbsp;<\/p>\n<h2><strong>Stabilit\u00e4t bei der Lagerung<\/strong><\/h2>\n<p>In der unge\u00f6ffneten Originalverpackung 24 Monate lang aufbewahren. Bei einer Temperatur unter 5\u00b0C kann es zu einer Stratifizierung und Tr\u00fcbung kommen. Ein Erhitzen und gr\u00fcndliches Mischen vor der Verwendung beeintr\u00e4chtigt die Produktqualit\u00e4t nicht. Produkte, die die Lagerzeit \u00fcberschritten haben, k\u00f6nnen nach erfolgter Kontrolle weiter verwendet werden. Bevor der Beh\u00e4lter vollst\u00e4ndig entleert ist, muss er unmittelbar nach der Verwendung fest verschlossen werden.<\/p>\n<h2><strong>Verpacken<\/strong><\/h2>\n<p>25KG \/ 180KG<\/p>","protected":false},"excerpt":{"rendered":"<p>DP-D241R \/ Dispergiermittel Zusammensetzung L\u00f6sung eines Polymerblockcopolymers mit pigmentaffinen Gruppen Aussehen Leicht gelbliche, transparente Fl\u00fcssigkeit L\u00f6sungsmittel Zweibasischer Ester\/L\u00f6sungsmittel\u00f6l Dichte 0,99-1.03 g\/ml (25\u00b11)\u2103 Viskosit\u00e4t 6-40 s (Coating-4-Cup-Methode) (25\u00b10,2)\u2103 Wirkstoffgehalt 48% Flammpunkt &gt;62\u2103 Anwendungsbereiche Systeme auf L\u00f6sungsmittelbasis Haupteigenschaften 1\u3001Es hat eine ausgezeichnete F\u00e4higkeit zur Viskosit\u00e4tssenkung f\u00fcr Grundierungssysteme [...]<\/p>","protected":false},"featured_media":0,"comment_status":"closed","ping_status":"closed","template":"","meta":[],"product_brand":[],"product_cat":[138],"product_tag":[],"class_list":{"0":"post-5981","1":"product","2":"type-product","3":"status-publish","5":"product_cat-coating-and-ink-additives","7":"first","8":"instock","9":"shipping-taxable","10":"product-type-simple"},"yoast_head":"<!-- This site is optimized with the Yoast SEO plugin v25.3.1 - https:\/\/yoast.com\/wordpress\/plugins\/seo\/ -->\n<title>China CHLUMICRYL\u00ae DP-D241R \/ Dispersant Manufacturer - Longchang Chemical<\/title>\n<meta name=\"description\" content=\"CHLUMICRYL\u00ae DP-D241R \/ Dispersant is a key product of Longchang Chemical. We provide the best price. We are the leading manufacturer in China with the best quality and competitive price.\" \/>\n<meta name=\"robots\" content=\"index, follow, max-snippet:-1, max-image-preview:large, max-video-preview:-1\" \/>\n<link rel=\"canonical\" href=\"https:\/\/longchangchemical.com\/de\/product\/agesin-dp-d241r\/\" \/>\n<meta property=\"og:locale\" content=\"de_DE\" \/>\n<meta property=\"og:type\" content=\"article\" \/>\n<meta property=\"og:title\" content=\"China CHLUMICRYL\u00ae DP-D241R \/ Dispersant Manufacturer - Longchang Chemical\" \/>\n<meta property=\"og:description\" content=\"CHLUMICRYL\u00ae DP-D241R \/ Dispersant is a key product of Longchang Chemical. We provide the best price. We are the leading manufacturer in China with the best quality and competitive price.\" \/>\n<meta property=\"og:url\" content=\"https:\/\/longchangchemical.com\/de\/product\/agesin-dp-d241r\/\" \/>\n<meta property=\"og:site_name\" content=\"Longchang Chemical\" \/>\n<meta property=\"article:modified_time\" content=\"2026-05-08T02:59:51+00:00\" \/>\n<meta property=\"og:image\" content=\"https:\/\/longchangchemical.com\/wp-content\/uploads\/2024\/02\/logo-jpeg.jpg\" \/>\n\t<meta property=\"og:image:width\" content=\"1000\" \/>\n\t<meta property=\"og:image:height\" content=\"1000\" \/>\n\t<meta property=\"og:image:type\" content=\"image\/jpeg\" \/>\n<meta name=\"twitter:card\" content=\"summary_large_image\" \/>\n<script type=\"application\/ld+json\" class=\"yoast-schema-graph\">{\"@context\":\"https:\/\/schema.org\",\"@graph\":[{\"@type\":\"WebPage\",\"@id\":\"https:\/\/longchangchemical.com\/product\/agesin-dp-d241r\/\",\"url\":\"https:\/\/longchangchemical.com\/product\/agesin-dp-d241r\/\",\"name\":\"China CHLUMICRYL\u00ae DP-D241R \/ Dispersant Manufacturer - Longchang Chemical\",\"isPartOf\":{\"@id\":\"https:\/\/longchangchemical.com\/#website\"},\"datePublished\":\"2023-03-10T14:17:10+00:00\",\"dateModified\":\"2026-05-08T02:59:51+00:00\",\"description\":\"CHLUMICRYL\u00ae DP-D241R \/ Dispersant is a key product of Longchang Chemical. We provide the best price. We are the leading manufacturer in China with the best quality and competitive price.\",\"breadcrumb\":{\"@id\":\"https:\/\/longchangchemical.com\/product\/agesin-dp-d241r\/#breadcrumb\"},\"inLanguage\":\"de\",\"potentialAction\":[{\"@type\":\"ReadAction\",\"target\":[\"https:\/\/longchangchemical.com\/product\/agesin-dp-d241r\/\"]}]},{\"@type\":\"BreadcrumbList\",\"@id\":\"https:\/\/longchangchemical.com\/product\/agesin-dp-d241r\/#breadcrumb\",\"itemListElement\":[{\"@type\":\"ListItem\",\"position\":1,\"name\":\"Home\",\"item\":\"https:\/\/longchangchemical.com\/\"},{\"@type\":\"ListItem\",\"position\":2,\"name\":\"Products Longchang\",\"item\":\"https:\/\/longchangchemical.com\/product\/\"},{\"@type\":\"ListItem\",\"position\":3,\"name\":\"CHLUMICRYL\u00ae DP-D241R \/ Dispersant\"}]},{\"@type\":\"WebSite\",\"@id\":\"https:\/\/longchangchemical.com\/#website\",\"url\":\"https:\/\/longchangchemical.com\/\",\"name\":\"Longchang Chemical\",\"description\":\"China chemical manufacturer \uff06 supplier\",\"publisher\":{\"@id\":\"https:\/\/longchangchemical.com\/#organization\"},\"potentialAction\":[{\"@type\":\"SearchAction\",\"target\":{\"@type\":\"EntryPoint\",\"urlTemplate\":\"https:\/\/longchangchemical.com\/?s={search_term_string}\"},\"query-input\":{\"@type\":\"PropertyValueSpecification\",\"valueRequired\":true,\"valueName\":\"search_term_string\"}}],\"inLanguage\":\"de\"},{\"@type\":\"Organization\",\"@id\":\"https:\/\/longchangchemical.com\/#organization\",\"name\":\"Longchang Chemical\",\"url\":\"https:\/\/longchangchemical.com\/\",\"logo\":{\"@type\":\"ImageObject\",\"inLanguage\":\"de\",\"@id\":\"https:\/\/longchangchemical.com\/#\/schema\/logo\/image\/\",\"url\":\"https:\/\/longchangchemical.com\/wp-content\/uploads\/2020\/08\/cropped-longchang-logo.png\",\"contentUrl\":\"https:\/\/longchangchemical.com\/wp-content\/uploads\/2020\/08\/cropped-longchang-logo.png\",\"width\":512,\"height\":512,\"caption\":\"Longchang Chemical\"},\"image\":{\"@id\":\"https:\/\/longchangchemical.com\/#\/schema\/logo\/image\/\"}}]}<\/script>\n<!-- \/ Yoast SEO plugin. -->","yoast_head_json":{"title":"China CHLUMICRYL\u00ae DP-D241R \/ Dispergiermittel Hersteller - Longchang Chemical","description":"CHLUMICRYL\u00ae DP-D241R \/ Dispergiermittel ist ein Schl\u00fcsselprodukt von Longchang Chemical. Wir bieten den besten Preis. Wir sind der f\u00fchrende Hersteller in China mit der besten Qualit\u00e4t und konkurrenzf\u00e4higem Preis.","robots":{"index":"index","follow":"follow","max-snippet":"max-snippet:-1","max-image-preview":"max-image-preview:large","max-video-preview":"max-video-preview:-1"},"canonical":"https:\/\/longchangchemical.com\/de\/product\/agesin-dp-d241r\/","og_locale":"de_DE","og_type":"article","og_title":"China CHLUMICRYL\u00ae DP-D241R \/ Dispersant Manufacturer - Longchang Chemical","og_description":"CHLUMICRYL\u00ae DP-D241R \/ Dispersant is a key product of Longchang Chemical. We provide the best price. We are the leading manufacturer in China with the best quality and competitive price.","og_url":"https:\/\/longchangchemical.com\/de\/product\/agesin-dp-d241r\/","og_site_name":"Longchang Chemical","article_modified_time":"2026-05-08T02:59:51+00:00","og_image":[{"width":1000,"height":1000,"url":"https:\/\/longchangchemical.com\/wp-content\/uploads\/2024\/02\/logo-jpeg.jpg","type":"image\/jpeg"}],"twitter_card":"summary_large_image","schema":{"@context":"https:\/\/schema.org","@graph":[{"@type":"WebPage","@id":"https:\/\/longchangchemical.com\/product\/agesin-dp-d241r\/","url":"https:\/\/longchangchemical.com\/product\/agesin-dp-d241r\/","name":"China CHLUMICRYL\u00ae DP-D241R \/ Dispergiermittel Hersteller - Longchang Chemical","isPartOf":{"@id":"https:\/\/longchangchemical.com\/#website"},"datePublished":"2023-03-10T14:17:10+00:00","dateModified":"2026-05-08T02:59:51+00:00","description":"CHLUMICRYL\u00ae DP-D241R \/ Dispergiermittel ist ein Schl\u00fcsselprodukt von Longchang Chemical. Wir bieten den besten Preis. Wir sind der f\u00fchrende Hersteller in China mit der besten Qualit\u00e4t und konkurrenzf\u00e4higem Preis.","breadcrumb":{"@id":"https:\/\/longchangchemical.com\/product\/agesin-dp-d241r\/#breadcrumb"},"inLanguage":"de","potentialAction":[{"@type":"ReadAction","target":["https:\/\/longchangchemical.com\/product\/agesin-dp-d241r\/"]}]},{"@type":"BreadcrumbList","@id":"https:\/\/longchangchemical.com\/product\/agesin-dp-d241r\/#breadcrumb","itemListElement":[{"@type":"ListItem","position":1,"name":"Home","item":"https:\/\/longchangchemical.com\/"},{"@type":"ListItem","position":2,"name":"Products Longchang","item":"https:\/\/longchangchemical.com\/product\/"},{"@type":"ListItem","position":3,"name":"CHLUMICRYL\u00ae DP-D241R \/ Dispersant"}]},{"@type":"WebSite","@id":"https:\/\/longchangchemical.com\/#website","url":"https:\/\/longchangchemical.com\/","name":"Longchang Chemical","description":"China Hersteller von Chemikalien \uff06 Lieferant","publisher":{"@id":"https:\/\/longchangchemical.com\/#organization"},"potentialAction":[{"@type":"SearchAction","target":{"@type":"EntryPoint","urlTemplate":"https:\/\/longchangchemical.com\/?s={search_term_string}"},"query-input":{"@type":"PropertyValueSpecification","valueRequired":true,"valueName":"search_term_string"}}],"inLanguage":"de"},{"@type":"Organization","@id":"https:\/\/longchangchemical.com\/#organization","name":"Longchang Chemical","url":"https:\/\/longchangchemical.com\/","logo":{"@type":"ImageObject","inLanguage":"de","@id":"https:\/\/longchangchemical.com\/#\/schema\/logo\/image\/","url":"https:\/\/longchangchemical.com\/wp-content\/uploads\/2020\/08\/cropped-longchang-logo.png","contentUrl":"https:\/\/longchangchemical.com\/wp-content\/uploads\/2020\/08\/cropped-longchang-logo.png","width":512,"height":512,"caption":"Longchang Chemical"},"image":{"@id":"https:\/\/longchangchemical.com\/#\/schema\/logo\/image\/"}}]}},"_links":{"self":[{"href":"https:\/\/longchangchemical.com\/de\/wp-json\/wp\/v2\/product\/5981","targetHints":{"allow":["GET"]}}],"collection":[{"href":"https:\/\/longchangchemical.com\/de\/wp-json\/wp\/v2\/product"}],"about":[{"href":"https:\/\/longchangchemical.com\/de\/wp-json\/wp\/v2\/types\/product"}],"replies":[{"embeddable":true,"href":"https:\/\/longchangchemical.com\/de\/wp-json\/wp\/v2\/comments?post=5981"}],"wp:attachment":[{"href":"https:\/\/longchangchemical.com\/de\/wp-json\/wp\/v2\/media?parent=5981"}],"wp:term":[{"taxonomy":"product_brand","embeddable":true,"href":"https:\/\/longchangchemical.com\/de\/wp-json\/wp\/v2\/product_brand?post=5981"},{"taxonomy":"product_cat","embeddable":true,"href":"https:\/\/longchangchemical.com\/de\/wp-json\/wp\/v2\/product_cat?post=5981"},{"taxonomy":"product_tag","embeddable":true,"href":"https:\/\/longchangchemical.com\/de\/wp-json\/wp\/v2\/product_tag?post=5981"}],"curies":[{"name":"wp","href":"https:\/\/api.w.org\/{rel}","templated":true}]}}