{"id":5974,"date":"2023-03-07T08:04:35","date_gmt":"2023-03-07T08:04:35","guid":{"rendered":"https:\/\/longchangchemical.com\/?post_type=product&#038;p=5974"},"modified":"2026-05-08T02:59:51","modified_gmt":"2026-05-08T02:59:51","slug":"agesindp-d2608r","status":"publish","type":"product","link":"https:\/\/longchangchemical.com\/de\/product\/agesindp-d2608r\/","title":{"rendered":"CHLUMICRYL\u00ae DP-D2608R \/ Dispergiermittel"},"content":{"rendered":"<h2>DP-D2608R \/ Dispergiermittel<\/h2>\n<table style=\"border-collapse: collapse; width: 261.77pt;\" border=\"0\" width=\"349\" cellspacing=\"0\" cellpadding=\"0\">\n<tbody>\n<tr style=\"height: 13.50pt;\">\n<td class=\"et2\" style=\"height: 13.50pt; width: 92.25pt;\" width=\"123\" height=\"18\">Zusammensetzung<\/td>\n<td class=\"et2\" style=\"width: 169.50pt;\" width=\"226\">Acrylat-Copolymer-L\u00f6sung<\/td>\n<\/tr>\n<tr style=\"height: 24.00pt;\">\n<td class=\"et2\" style=\"height: 24.00pt; width: 92.25pt;\" width=\"123\" height=\"32\">Erscheinungsbild<\/td>\n<td class=\"et2\" style=\"width: 169.50pt;\" width=\"226\">Schwach gelbe bis gelbe transparente Fl\u00fcssigkeit<\/td>\n<\/tr>\n<tr style=\"height: 13.50pt;\">\n<td class=\"et2\" style=\"height: 13.50pt; width: 92.25pt;\" width=\"123\" height=\"18\">L\u00f6sungsmittel<\/td>\n<td class=\"et2\" style=\"width: 169.50pt;\" width=\"226\">Dipropylenglykol-Methylether-Acetat<\/td>\n<\/tr>\n<tr style=\"height: 13.50pt;\">\n<td class=\"et2\" style=\"height: 13.50pt; width: 92.25pt;\" width=\"123\" height=\"18\">Dichte<\/td>\n<td class=\"et2\" style=\"width: 169.50pt;\" width=\"226\">0,97-1,01 g\/ml (25\u00b11)\u2103<\/td>\n<\/tr>\n<tr style=\"height: 23.25pt;\">\n<td class=\"et2\" style=\"height: 23.25pt; width: 92.25pt;\" width=\"123\" height=\"31\">Viskosit\u00e4t<\/td>\n<td class=\"et2\" style=\"width: 169.50pt;\" width=\"226\">10-40 s (Beschichtung-4-Becher-Methode) (25\u00b10,2)\u2103<\/td>\n<\/tr>\n<tr style=\"height: 24.00pt;\">\n<td class=\"et2\" style=\"height: 24.00pt; width: 92.25pt;\" width=\"123\" height=\"32\">Wirkstoffgehalt<\/td>\n<td class=\"et3\" style=\"width: 169.50pt;\" width=\"226\">60%<\/td>\n<\/tr>\n<tr style=\"height: 13.50pt;\">\n<td class=\"et2\" style=\"height: 13.50pt; width: 92.25pt;\" width=\"123\" height=\"18\">Aminwert<\/td>\n<td class=\"et2\" style=\"width: 169.50pt;\" width=\"226\">55-65 mgKOH\/g<\/td>\n<\/tr>\n<tr style=\"height: 13.50pt;\">\n<td class=\"et2\" style=\"height: 13.50pt; width: 92.25pt;\" width=\"123\" height=\"18\">Flammpunkt<\/td>\n<td class=\"et2\" style=\"width: 169.50pt;\" width=\"226\">&gt;70\u00b0C<\/td>\n<\/tr>\n<\/tbody>\n<\/table>\n<p>&nbsp;<\/p>\n<h2><strong>LA-D2608R Anwendungsbereiche<\/strong><\/h2>\n<p>L\u00f6semittelbasierte, UV-h\u00e4rtende Systeme<\/p>\n<h2><strong>LA-D2608R Hauptmerkmale<\/strong><\/h2>\n<p>1\u3001Disperses, mattes Pulver und anorganischer F\u00fcllstoff mit hervorragender viskosit\u00e4tsreduzierender Wirkung.<br \/>\n2\u3001Verbessern Sie die Dispersion und Stabilit\u00e4t von mattem Pulver und F\u00fcllstoff.<br \/>\n3\u3001Es hat eine gute Richtwirkung auf mattes Pulver und reduziert effektiv den Glanz.<br \/>\n4\u3001 Aufgrund seiner alkalischen Pigmentaffinit\u00e4tsgruppe ist es mit den meisten matten Pulvern und anderen anorganischen F\u00fcllstoffen kompatibel.<\/p>\n<h2><strong>LA-D2608R Verwendungsmethode<\/strong><\/h2>\n<p>Mischen Sie Harz, L\u00f6sungsmittel und Dispergiermittel gut, f\u00fcgen Sie dann Farbf\u00fcller oder mattes Pulver hinzu, r\u00fchren Sie gut um und dispergieren Sie mit hoher Geschwindigkeit.<\/p>\n<h2><strong>LA-D2608R Empfohlene Dosierung<\/strong><\/h2>\n<p>3-15% f\u00fcr mattes Pulver in Form von Zusatzstoffen liefern<\/p>\n<h2><strong>LA-D2608R Stabilit\u00e4t der Lagerung<\/strong><\/h2>\n<p>24 Monate in unge\u00f6ffneter Originalverpackung. Nach \u00dcberschreiten der Lagerzeit kann das Produkt nach bestandener Pr\u00fcfung weiter verwendet werden. Bevor der Beh\u00e4lter vollst\u00e4ndig entleert ist, muss er sofort nach Gebrauch wieder fest verschlossen werden.<\/p>\n<h2><strong>LA-D2608R Paket<\/strong><\/h2>\n<p>25KG \/ 180KG.<\/p>\n<h2><strong><b>Kontaktieren Sie uns jetzt!<\/b><\/strong><\/h2>\n<h4><strong><b>Wenn Sie COA, MSDS oder TDS von Nivellierungsmittel ben\u00f6tigen, geben Sie bitte Ihre Kontaktinformationen in das untenstehende Formular ein. Wir werden uns in der Regel innerhalb von 24 Stunden mit Ihnen in Verbindung setzen. Sie k\u00f6nnen mir auch eine E-Mail schicken <span style=\"color: #00ccff;\"><a style=\"color: #00ccff;\" href=\"mailto:info@longchangchemical.com\">info@longchangchemical.com<\/a><\/span> w\u00e4hrend der Gesch\u00e4ftszeiten ( 8:30 bis 18:00 Uhr UTC+8 Mo.~Sa. ) oder nutzen Sie den Live-Chat auf der Website, um eine schnelle Antwort zu erhalten.<\/b><\/strong><\/h4>","protected":false},"excerpt":{"rendered":"<p>DP-D2608R \/ Dispergiermittel Zusammensetzung Acrylat-Copolymerl\u00f6sung Aussehen Schwach gelbe bis gelbe transparente Fl\u00fcssigkeit L\u00f6sungsmittel Dipropylenglykolmethyletheracetat Dichte 0,97-1,01 g\/ml (25\u00b11)\u2103 Viskosit\u00e4t 10-40 s (coating-4 cup method) (25\u00b10.2)\u2103 Wirkstoffgehalt 60% Aminzahl 55-65 mgKOH\/g Flammpunkt &gt;70\u00b0C LA-D2608R Anwendungsgebiete L\u00f6semittelbasierte, UV-h\u00e4rtende Systeme LA-D2608R Haupteigenschaften 1\u3001Disperses mattes Pulver [...]<\/p>","protected":false},"featured_media":0,"comment_status":"closed","ping_status":"closed","template":"","meta":[],"product_brand":[],"product_cat":[138],"product_tag":[],"class_list":{"0":"post-5974","1":"product","2":"type-product","3":"status-publish","5":"product_cat-coating-and-ink-additives","7":"first","8":"instock","9":"shipping-taxable","10":"product-type-simple"},"yoast_head":"<!-- This site is optimized with the Yoast SEO plugin v25.3.1 - https:\/\/yoast.com\/wordpress\/plugins\/seo\/ -->\n<title>China CHLUMICRYL\u00ae DP-D2608R \/ Dispersant Manufacturer - Longchang Chemical<\/title>\n<meta name=\"description\" content=\"CHLUMICRYL\u00ae DP-D2608R \/ Dispersant is a key product of Longchang Chemical. We provide the best price. We are the leading manufacturer in China with the best quality and competitive price.\" \/>\n<meta name=\"robots\" content=\"index, follow, max-snippet:-1, max-image-preview:large, max-video-preview:-1\" \/>\n<link rel=\"canonical\" href=\"https:\/\/longchangchemical.com\/de\/product\/agesindp-d2608r\/\" \/>\n<meta property=\"og:locale\" content=\"de_DE\" \/>\n<meta property=\"og:type\" content=\"article\" \/>\n<meta property=\"og:title\" content=\"China CHLUMICRYL\u00ae DP-D2608R \/ Dispersant Manufacturer - Longchang Chemical\" \/>\n<meta property=\"og:description\" content=\"CHLUMICRYL\u00ae DP-D2608R \/ Dispersant is a key product of Longchang Chemical. We provide the best price. We are the leading manufacturer in China with the best quality and competitive price.\" \/>\n<meta property=\"og:url\" content=\"https:\/\/longchangchemical.com\/de\/product\/agesindp-d2608r\/\" \/>\n<meta property=\"og:site_name\" content=\"Longchang Chemical\" \/>\n<meta property=\"article:modified_time\" content=\"2026-05-08T02:59:51+00:00\" \/>\n<meta property=\"og:image\" content=\"https:\/\/longchangchemical.com\/wp-content\/uploads\/2024\/02\/logo-jpeg.jpg\" \/>\n\t<meta property=\"og:image:width\" content=\"1000\" \/>\n\t<meta property=\"og:image:height\" content=\"1000\" \/>\n\t<meta property=\"og:image:type\" content=\"image\/jpeg\" \/>\n<meta name=\"twitter:card\" content=\"summary_large_image\" \/>\n<script type=\"application\/ld+json\" class=\"yoast-schema-graph\">{\"@context\":\"https:\/\/schema.org\",\"@graph\":[{\"@type\":\"WebPage\",\"@id\":\"https:\/\/longchangchemical.com\/product\/agesindp-d2608r\/\",\"url\":\"https:\/\/longchangchemical.com\/product\/agesindp-d2608r\/\",\"name\":\"China CHLUMICRYL\u00ae DP-D2608R \/ Dispersant Manufacturer - Longchang Chemical\",\"isPartOf\":{\"@id\":\"https:\/\/longchangchemical.com\/#website\"},\"datePublished\":\"2023-03-07T08:04:35+00:00\",\"dateModified\":\"2026-05-08T02:59:51+00:00\",\"description\":\"CHLUMICRYL\u00ae DP-D2608R \/ Dispersant is a key product of Longchang Chemical. We provide the best price. We are the leading manufacturer in China with the best quality and competitive price.\",\"breadcrumb\":{\"@id\":\"https:\/\/longchangchemical.com\/product\/agesindp-d2608r\/#breadcrumb\"},\"inLanguage\":\"de\",\"potentialAction\":[{\"@type\":\"ReadAction\",\"target\":[\"https:\/\/longchangchemical.com\/product\/agesindp-d2608r\/\"]}]},{\"@type\":\"BreadcrumbList\",\"@id\":\"https:\/\/longchangchemical.com\/product\/agesindp-d2608r\/#breadcrumb\",\"itemListElement\":[{\"@type\":\"ListItem\",\"position\":1,\"name\":\"Home\",\"item\":\"https:\/\/longchangchemical.com\/\"},{\"@type\":\"ListItem\",\"position\":2,\"name\":\"Products Longchang\",\"item\":\"https:\/\/longchangchemical.com\/product\/\"},{\"@type\":\"ListItem\",\"position\":3,\"name\":\"CHLUMICRYL\u00ae DP-D2608R \/ Dispersant\"}]},{\"@type\":\"WebSite\",\"@id\":\"https:\/\/longchangchemical.com\/#website\",\"url\":\"https:\/\/longchangchemical.com\/\",\"name\":\"Longchang Chemical\",\"description\":\"China chemical manufacturer \uff06 supplier\",\"publisher\":{\"@id\":\"https:\/\/longchangchemical.com\/#organization\"},\"potentialAction\":[{\"@type\":\"SearchAction\",\"target\":{\"@type\":\"EntryPoint\",\"urlTemplate\":\"https:\/\/longchangchemical.com\/?s={search_term_string}\"},\"query-input\":{\"@type\":\"PropertyValueSpecification\",\"valueRequired\":true,\"valueName\":\"search_term_string\"}}],\"inLanguage\":\"de\"},{\"@type\":\"Organization\",\"@id\":\"https:\/\/longchangchemical.com\/#organization\",\"name\":\"Longchang Chemical\",\"url\":\"https:\/\/longchangchemical.com\/\",\"logo\":{\"@type\":\"ImageObject\",\"inLanguage\":\"de\",\"@id\":\"https:\/\/longchangchemical.com\/#\/schema\/logo\/image\/\",\"url\":\"https:\/\/longchangchemical.com\/wp-content\/uploads\/2020\/08\/cropped-longchang-logo.png\",\"contentUrl\":\"https:\/\/longchangchemical.com\/wp-content\/uploads\/2020\/08\/cropped-longchang-logo.png\",\"width\":512,\"height\":512,\"caption\":\"Longchang Chemical\"},\"image\":{\"@id\":\"https:\/\/longchangchemical.com\/#\/schema\/logo\/image\/\"}}]}<\/script>\n<!-- \/ Yoast SEO plugin. -->","yoast_head_json":{"title":"China CHLUMICRYL\u00ae DP-D2608R \/ Dispergiermittel Hersteller - Longchang Chemical","description":"CHLUMICRYL\u00ae DP-D2608R \/ Dispergiermittel ist ein Schl\u00fcsselprodukt von Longchang Chemical. Wir bieten den besten Preis. Wir sind der f\u00fchrende Hersteller in China mit der besten Qualit\u00e4t und konkurrenzf\u00e4higem Preis.","robots":{"index":"index","follow":"follow","max-snippet":"max-snippet:-1","max-image-preview":"max-image-preview:large","max-video-preview":"max-video-preview:-1"},"canonical":"https:\/\/longchangchemical.com\/de\/product\/agesindp-d2608r\/","og_locale":"de_DE","og_type":"article","og_title":"China CHLUMICRYL\u00ae DP-D2608R \/ Dispersant Manufacturer - Longchang Chemical","og_description":"CHLUMICRYL\u00ae DP-D2608R \/ Dispersant is a key product of Longchang Chemical. We provide the best price. We are the leading manufacturer in China with the best quality and competitive price.","og_url":"https:\/\/longchangchemical.com\/de\/product\/agesindp-d2608r\/","og_site_name":"Longchang Chemical","article_modified_time":"2026-05-08T02:59:51+00:00","og_image":[{"width":1000,"height":1000,"url":"https:\/\/longchangchemical.com\/wp-content\/uploads\/2024\/02\/logo-jpeg.jpg","type":"image\/jpeg"}],"twitter_card":"summary_large_image","schema":{"@context":"https:\/\/schema.org","@graph":[{"@type":"WebPage","@id":"https:\/\/longchangchemical.com\/product\/agesindp-d2608r\/","url":"https:\/\/longchangchemical.com\/product\/agesindp-d2608r\/","name":"China CHLUMICRYL\u00ae DP-D2608R \/ Dispergiermittel Hersteller - Longchang Chemical","isPartOf":{"@id":"https:\/\/longchangchemical.com\/#website"},"datePublished":"2023-03-07T08:04:35+00:00","dateModified":"2026-05-08T02:59:51+00:00","description":"CHLUMICRYL\u00ae DP-D2608R \/ Dispergiermittel ist ein Schl\u00fcsselprodukt von Longchang Chemical. Wir bieten den besten Preis. Wir sind der f\u00fchrende Hersteller in China mit der besten Qualit\u00e4t und konkurrenzf\u00e4higem Preis.","breadcrumb":{"@id":"https:\/\/longchangchemical.com\/product\/agesindp-d2608r\/#breadcrumb"},"inLanguage":"de","potentialAction":[{"@type":"ReadAction","target":["https:\/\/longchangchemical.com\/product\/agesindp-d2608r\/"]}]},{"@type":"BreadcrumbList","@id":"https:\/\/longchangchemical.com\/product\/agesindp-d2608r\/#breadcrumb","itemListElement":[{"@type":"ListItem","position":1,"name":"Home","item":"https:\/\/longchangchemical.com\/"},{"@type":"ListItem","position":2,"name":"Products Longchang","item":"https:\/\/longchangchemical.com\/product\/"},{"@type":"ListItem","position":3,"name":"CHLUMICRYL\u00ae DP-D2608R \/ Dispersant"}]},{"@type":"WebSite","@id":"https:\/\/longchangchemical.com\/#website","url":"https:\/\/longchangchemical.com\/","name":"Longchang Chemical","description":"China Hersteller von Chemikalien \uff06 Lieferant","publisher":{"@id":"https:\/\/longchangchemical.com\/#organization"},"potentialAction":[{"@type":"SearchAction","target":{"@type":"EntryPoint","urlTemplate":"https:\/\/longchangchemical.com\/?s={search_term_string}"},"query-input":{"@type":"PropertyValueSpecification","valueRequired":true,"valueName":"search_term_string"}}],"inLanguage":"de"},{"@type":"Organization","@id":"https:\/\/longchangchemical.com\/#organization","name":"Longchang Chemical","url":"https:\/\/longchangchemical.com\/","logo":{"@type":"ImageObject","inLanguage":"de","@id":"https:\/\/longchangchemical.com\/#\/schema\/logo\/image\/","url":"https:\/\/longchangchemical.com\/wp-content\/uploads\/2020\/08\/cropped-longchang-logo.png","contentUrl":"https:\/\/longchangchemical.com\/wp-content\/uploads\/2020\/08\/cropped-longchang-logo.png","width":512,"height":512,"caption":"Longchang Chemical"},"image":{"@id":"https:\/\/longchangchemical.com\/#\/schema\/logo\/image\/"}}]}},"_links":{"self":[{"href":"https:\/\/longchangchemical.com\/de\/wp-json\/wp\/v2\/product\/5974","targetHints":{"allow":["GET"]}}],"collection":[{"href":"https:\/\/longchangchemical.com\/de\/wp-json\/wp\/v2\/product"}],"about":[{"href":"https:\/\/longchangchemical.com\/de\/wp-json\/wp\/v2\/types\/product"}],"replies":[{"embeddable":true,"href":"https:\/\/longchangchemical.com\/de\/wp-json\/wp\/v2\/comments?post=5974"}],"wp:attachment":[{"href":"https:\/\/longchangchemical.com\/de\/wp-json\/wp\/v2\/media?parent=5974"}],"wp:term":[{"taxonomy":"product_brand","embeddable":true,"href":"https:\/\/longchangchemical.com\/de\/wp-json\/wp\/v2\/product_brand?post=5974"},{"taxonomy":"product_cat","embeddable":true,"href":"https:\/\/longchangchemical.com\/de\/wp-json\/wp\/v2\/product_cat?post=5974"},{"taxonomy":"product_tag","embeddable":true,"href":"https:\/\/longchangchemical.com\/de\/wp-json\/wp\/v2\/product_tag?post=5974"}],"curies":[{"name":"wp","href":"https:\/\/api.w.org\/{rel}","templated":true}]}}