{"id":5899,"date":"2023-02-12T10:58:21","date_gmt":"2023-02-12T10:58:21","guid":{"rendered":"https:\/\/longchangchemical.com\/?post_type=product&#038;p=5899"},"modified":"2026-05-08T02:59:50","modified_gmt":"2026-05-08T02:59:50","slug":"agesin-we-d980-defoamer","status":"publish","type":"product","link":"https:\/\/longchangchemical.com\/de\/product\/agesin-we-d980-defoamer\/","title":{"rendered":"CHLUMICRYL\u00ae DF-D980 \/ Entsch\u00e4umer"},"content":{"rendered":"<h2><strong> DF-D980 \/ Entsch\u00e4umer<\/strong><\/h2>\n<table style=\"border-collapse: collapse; width: 174.78pt;\" border=\"0\" width=\"233\" cellspacing=\"0\" cellpadding=\"0\">\n<tbody>\n<tr style=\"height: 24.00pt;\">\n<td class=\"et2\" style=\"height: 24.00pt; width: 54.00pt;\" width=\"72\" height=\"32\">Zusammensetzung<\/td>\n<td class=\"et2\" style=\"width: 120.75pt;\" width=\"161\">Polysiloxanverbindungen mit hydrophoben Teilchen<\/td>\n<\/tr>\n<tr style=\"height: 24.00pt;\">\n<td class=\"et2\" style=\"height: 24.00pt; width: 54.00pt;\" width=\"72\" height=\"32\">Erscheinungsbild<\/td>\n<td class=\"et2\" style=\"width: 120.75pt;\" width=\"161\">Transluzente milchig-wei\u00dfe viskose Fl\u00fcssigkeit<\/td>\n<\/tr>\n<tr style=\"height: 13.50pt;\">\n<td class=\"et2\" style=\"height: 13.50pt; width: 54.00pt;\" width=\"72\" height=\"18\">L\u00f6sungsmittel<\/td>\n<td class=\"et2\" style=\"width: 120.75pt;\" width=\"161\">&#8212;<\/td>\n<\/tr>\n<tr style=\"height: 13.50pt;\">\n<td class=\"et2\" style=\"height: 13.50pt; width: 54.00pt;\" width=\"72\" height=\"18\">Dichte<\/td>\n<td class=\"et2\" style=\"width: 120.75pt;\" width=\"161\">0,96-1,00 g\/ml (25\u00b11)\u2103<\/td>\n<\/tr>\n<tr style=\"height: 35.25pt;\">\n<td class=\"et2\" style=\"height: 35.25pt; width: 54.00pt;\" width=\"72\" height=\"47\">Viskosit\u00e4t<\/td>\n<td class=\"et2\" style=\"width: 120.75pt;\" width=\"161\">200-2500mPa-s (Blasenviskosimeter-Methode)(25\u00b10,2)\u2103<\/td>\n<\/tr>\n<tr style=\"height: 24.00pt;\">\n<td class=\"et2\" style=\"height: 24.00pt; width: 54.00pt;\" width=\"72\" height=\"32\">Fester Inhalt<\/td>\n<td class=\"et2\" style=\"width: 120.75pt;\" width=\"161\">\u226595 % (140\u2103 2h)<\/td>\n<\/tr>\n<tr style=\"height: 13.50pt;\">\n<td class=\"et2\" style=\"height: 13.50pt; width: 54.00pt;\" width=\"72\" height=\"18\">Flammpunkt<\/td>\n<td class=\"et2\" style=\"width: 120.75pt;\" width=\"161\">&gt;100\u2103<\/td>\n<\/tr>\n<\/tbody>\n<\/table>\n<p>Hinweis: Diese Leistung stellt nur typische Ergebnisse dar und gilt nicht als Spezifikation, die auf der spezifischen COA basiert.<\/p>\n<p>Anwendungsbereiche<\/p>\n<p>L\u00f6semittelbasierte, UV-h\u00e4rtende Systeme<\/p>\n<p>Wichtigste Merkmale<\/p>\n<p>1\u3001Es hat eine sehr gute F\u00e4higkeit der Schaumverhinderung und Entsch\u00e4umung.<br \/>\n2\u3001Da es hydrophobe Partikel enth\u00e4lt, kann es w\u00e4hrend der Lagerung zu Ausf\u00e4llungen kommen, die jedoch die Produktqualit\u00e4t nicht beeintr\u00e4chtigen, solange es vor der Verwendung gut umger\u00fchrt wird.<br \/>\n3\u3001Bei Verwendung nach Verd\u00fcnnung mit L\u00f6sungsmittel ist zu beachten, dass die Aufbewahrungsdauer der verd\u00fcnnten L\u00f6sung auf 1-2 Tage begrenzt ist.<br \/>\n4\u3001Gilt nicht f\u00fcr Lacke.<\/p>\n<p>Methode verwenden<\/p>\n<p>Um die Schaumhemmung, Entsch\u00e4umung und Entsch\u00e4umungsgeschwindigkeit des Systems zu verbessern, sollte es dem Schleifmittel zugesetzt werden.<\/p>\n<p>Empfohlene Dosierung<\/p>\n<p>Zusatzmenge (Gesamtformel) 0,2-1,0%<\/p>\n<p>Stabilit\u00e4t bei der Lagerung<\/p>\n<p>In der unge\u00f6ffneten Originalverpackung 24 Monate haltbar. Bei Temperaturen unter 5\u00b0C k\u00f6nnen Stratifikation und Tr\u00fcbung auftreten. Erhitzen und gr\u00fcndliches Mischen vor der Verwendung beeintr\u00e4chtigt die Produktqualit\u00e4t nicht. Nach Ablauf der Lagerzeit kann das Produkt nach erfolgter Kontrolle weiter verwendet werden. Bevor der Beh\u00e4lter vollst\u00e4ndig entleert ist, muss er sofort nach Gebrauch wieder fest verschlossen werden.<\/p>\n<p>Verpacken<\/p>\n<p>25KG \/ 180KG.<\/p>\n<h2><strong><b>Kontaktieren Sie uns jetzt!<\/b><\/strong><\/h2>\n<h4><strong><b>Wenn Sie COA, MSDS oder TDS ben\u00f6tigen, geben Sie bitte Ihre Kontaktinformationen in das untenstehende Formular ein. Wir werden uns in der Regel innerhalb von 24 Stunden mit Ihnen in Verbindung setzen. Sie k\u00f6nnen mir auch eine E-Mail schicken<span style=\"color: #00ccff;\"> <a style=\"color: #00ccff;\" href=\"mailto:info@longchangchemical.com\">info@longchangchemical.com<\/a><\/span> w\u00e4hrend der Gesch\u00e4ftszeiten ( 8:30 bis 18:00 Uhr UTC+8 Mo.~Sa. ) oder nutzen Sie den Live-Chat auf der Website, um eine schnelle Antwort zu erhalten.<\/b><\/strong><\/h4>","protected":false},"excerpt":{"rendered":"<p>DF-D980 \/ Entsch\u00e4umer Zusammensetzung Polysiloxanverbindungen mit hydrophoben Partikeln Aussehen Transluzente milchig-wei\u00dfe viskose Fl\u00fcssigkeit L\u00f6sungsmittel - Dichte 0,96-1,00 g\/ml (25\u00b11)\u2103 Viskosit\u00e4t 200-2500mPa-s (Blasenviskosimeter-Methode)(25\u00b10.2)\u2103 Feststoffgehalt \u226595 % (140\u2103 2h) Flammpunkt &gt;100\u2103 Hinweis: Diese Leistung stellt nur typische Ergebnisse dar und gilt nicht als Spezifikation, basierend auf der spezifischen COA. Anwendungsbereiche [...]<\/p>","protected":false},"featured_media":5910,"comment_status":"closed","ping_status":"closed","template":"","meta":[],"product_brand":[],"product_cat":[138],"product_tag":[],"class_list":{"0":"post-5899","1":"product","2":"type-product","3":"status-publish","4":"has-post-thumbnail","6":"product_cat-coating-and-ink-additives","8":"first","9":"instock","10":"shipping-taxable","11":"product-type-simple"},"yoast_head":"<!-- This site is optimized with the Yoast SEO plugin v25.3.1 - https:\/\/yoast.com\/wordpress\/plugins\/seo\/ -->\n<title>China CHLUMICRYL\u00ae DF-D980 \/ Defoamer Manufacturer - Longchang Chemical<\/title>\n<meta name=\"description\" content=\"CHLUMICRYL\u00ae DF-D980 \/ Defoamer is a key product of Longchang Chemical. We provide the best price. We are the leading manufacturer in China with the best quality and competitive price.\" \/>\n<meta name=\"robots\" content=\"index, follow, max-snippet:-1, max-image-preview:large, max-video-preview:-1\" \/>\n<link rel=\"canonical\" href=\"https:\/\/longchangchemical.com\/de\/product\/agesin-we-d980-defoamer\/\" \/>\n<meta property=\"og:locale\" content=\"de_DE\" \/>\n<meta property=\"og:type\" content=\"article\" \/>\n<meta property=\"og:title\" content=\"China CHLUMICRYL\u00ae DF-D980 \/ Defoamer Manufacturer - Longchang Chemical\" \/>\n<meta property=\"og:description\" content=\"CHLUMICRYL\u00ae DF-D980 \/ Defoamer is a key product of Longchang Chemical. We provide the best price. We are the leading manufacturer in China with the best quality and competitive price.\" \/>\n<meta property=\"og:url\" content=\"https:\/\/longchangchemical.com\/de\/product\/agesin-we-d980-defoamer\/\" \/>\n<meta property=\"og:site_name\" content=\"Longchang Chemical\" \/>\n<meta property=\"article:modified_time\" content=\"2026-05-08T02:59:50+00:00\" \/>\n<meta property=\"og:image\" content=\"https:\/\/longchangchemical.com\/wp-content\/uploads\/2023\/02\/-WE-D980.jpg\" \/>\n\t<meta property=\"og:image:width\" content=\"800\" \/>\n\t<meta property=\"og:image:height\" content=\"800\" \/>\n\t<meta property=\"og:image:type\" content=\"image\/jpeg\" \/>\n<meta name=\"twitter:card\" content=\"summary_large_image\" \/>\n<script type=\"application\/ld+json\" class=\"yoast-schema-graph\">{\"@context\":\"https:\/\/schema.org\",\"@graph\":[{\"@type\":\"WebPage\",\"@id\":\"https:\/\/longchangchemical.com\/product\/agesin-we-d980-defoamer\/\",\"url\":\"https:\/\/longchangchemical.com\/product\/agesin-we-d980-defoamer\/\",\"name\":\"China CHLUMICRYL\u00ae DF-D980 \/ Defoamer Manufacturer - Longchang Chemical\",\"isPartOf\":{\"@id\":\"https:\/\/longchangchemical.com\/#website\"},\"primaryImageOfPage\":{\"@id\":\"https:\/\/longchangchemical.com\/product\/agesin-we-d980-defoamer\/#primaryimage\"},\"image\":{\"@id\":\"https:\/\/longchangchemical.com\/product\/agesin-we-d980-defoamer\/#primaryimage\"},\"thumbnailUrl\":\"https:\/\/longchangchemical.com\/wp-content\/uploads\/2023\/02\/-WE-D980.jpg\",\"datePublished\":\"2023-02-12T10:58:21+00:00\",\"dateModified\":\"2026-05-08T02:59:50+00:00\",\"description\":\"CHLUMICRYL\u00ae DF-D980 \/ Defoamer is a key product of Longchang Chemical. We provide the best price. We are the leading manufacturer in China with the best quality and competitive price.\",\"breadcrumb\":{\"@id\":\"https:\/\/longchangchemical.com\/product\/agesin-we-d980-defoamer\/#breadcrumb\"},\"inLanguage\":\"de\",\"potentialAction\":[{\"@type\":\"ReadAction\",\"target\":[\"https:\/\/longchangchemical.com\/product\/agesin-we-d980-defoamer\/\"]}]},{\"@type\":\"ImageObject\",\"inLanguage\":\"de\",\"@id\":\"https:\/\/longchangchemical.com\/product\/agesin-we-d980-defoamer\/#primaryimage\",\"url\":\"https:\/\/longchangchemical.com\/wp-content\/uploads\/2023\/02\/-WE-D980.jpg\",\"contentUrl\":\"https:\/\/longchangchemical.com\/wp-content\/uploads\/2023\/02\/-WE-D980.jpg\",\"width\":800,\"height\":800},{\"@type\":\"BreadcrumbList\",\"@id\":\"https:\/\/longchangchemical.com\/product\/agesin-we-d980-defoamer\/#breadcrumb\",\"itemListElement\":[{\"@type\":\"ListItem\",\"position\":1,\"name\":\"Home\",\"item\":\"https:\/\/longchangchemical.com\/\"},{\"@type\":\"ListItem\",\"position\":2,\"name\":\"Products Longchang\",\"item\":\"https:\/\/longchangchemical.com\/product\/\"},{\"@type\":\"ListItem\",\"position\":3,\"name\":\"CHLUMICRYL\u00ae DF-D980 \/ Defoamer\"}]},{\"@type\":\"WebSite\",\"@id\":\"https:\/\/longchangchemical.com\/#website\",\"url\":\"https:\/\/longchangchemical.com\/\",\"name\":\"Longchang Chemical\",\"description\":\"China chemical manufacturer \uff06 supplier\",\"publisher\":{\"@id\":\"https:\/\/longchangchemical.com\/#organization\"},\"potentialAction\":[{\"@type\":\"SearchAction\",\"target\":{\"@type\":\"EntryPoint\",\"urlTemplate\":\"https:\/\/longchangchemical.com\/?s={search_term_string}\"},\"query-input\":{\"@type\":\"PropertyValueSpecification\",\"valueRequired\":true,\"valueName\":\"search_term_string\"}}],\"inLanguage\":\"de\"},{\"@type\":\"Organization\",\"@id\":\"https:\/\/longchangchemical.com\/#organization\",\"name\":\"Longchang Chemical\",\"url\":\"https:\/\/longchangchemical.com\/\",\"logo\":{\"@type\":\"ImageObject\",\"inLanguage\":\"de\",\"@id\":\"https:\/\/longchangchemical.com\/#\/schema\/logo\/image\/\",\"url\":\"https:\/\/longchangchemical.com\/wp-content\/uploads\/2020\/08\/cropped-longchang-logo.png\",\"contentUrl\":\"https:\/\/longchangchemical.com\/wp-content\/uploads\/2020\/08\/cropped-longchang-logo.png\",\"width\":512,\"height\":512,\"caption\":\"Longchang Chemical\"},\"image\":{\"@id\":\"https:\/\/longchangchemical.com\/#\/schema\/logo\/image\/\"}}]}<\/script>\n<!-- \/ Yoast SEO plugin. -->","yoast_head_json":{"title":"China CHLUMICRYL\u00ae DF-D980 \/ Entsch\u00e4umer Hersteller - Longchang Chemical","description":"CHLUMICRYL\u00ae DF-D980 \/ Entsch\u00e4umer ist ein Schl\u00fcsselprodukt von Longchang Chemical. Wir bieten den besten Preis. Wir sind der f\u00fchrende Hersteller in China mit der besten Qualit\u00e4t und konkurrenzf\u00e4higem Preis.","robots":{"index":"index","follow":"follow","max-snippet":"max-snippet:-1","max-image-preview":"max-image-preview:large","max-video-preview":"max-video-preview:-1"},"canonical":"https:\/\/longchangchemical.com\/de\/product\/agesin-we-d980-defoamer\/","og_locale":"de_DE","og_type":"article","og_title":"China CHLUMICRYL\u00ae DF-D980 \/ Defoamer Manufacturer - Longchang Chemical","og_description":"CHLUMICRYL\u00ae DF-D980 \/ Defoamer is a key product of Longchang Chemical. We provide the best price. We are the leading manufacturer in China with the best quality and competitive price.","og_url":"https:\/\/longchangchemical.com\/de\/product\/agesin-we-d980-defoamer\/","og_site_name":"Longchang Chemical","article_modified_time":"2026-05-08T02:59:50+00:00","og_image":[{"width":800,"height":800,"url":"https:\/\/longchangchemical.com\/wp-content\/uploads\/2023\/02\/-WE-D980.jpg","type":"image\/jpeg"}],"twitter_card":"summary_large_image","schema":{"@context":"https:\/\/schema.org","@graph":[{"@type":"WebPage","@id":"https:\/\/longchangchemical.com\/product\/agesin-we-d980-defoamer\/","url":"https:\/\/longchangchemical.com\/product\/agesin-we-d980-defoamer\/","name":"China CHLUMICRYL\u00ae DF-D980 \/ Entsch\u00e4umer Hersteller - Longchang Chemical","isPartOf":{"@id":"https:\/\/longchangchemical.com\/#website"},"primaryImageOfPage":{"@id":"https:\/\/longchangchemical.com\/product\/agesin-we-d980-defoamer\/#primaryimage"},"image":{"@id":"https:\/\/longchangchemical.com\/product\/agesin-we-d980-defoamer\/#primaryimage"},"thumbnailUrl":"https:\/\/longchangchemical.com\/wp-content\/uploads\/2023\/02\/-WE-D980.jpg","datePublished":"2023-02-12T10:58:21+00:00","dateModified":"2026-05-08T02:59:50+00:00","description":"CHLUMICRYL\u00ae DF-D980 \/ Entsch\u00e4umer ist ein Schl\u00fcsselprodukt von Longchang Chemical. Wir bieten den besten Preis. Wir sind der f\u00fchrende Hersteller in China mit der besten Qualit\u00e4t und konkurrenzf\u00e4higem Preis.","breadcrumb":{"@id":"https:\/\/longchangchemical.com\/product\/agesin-we-d980-defoamer\/#breadcrumb"},"inLanguage":"de","potentialAction":[{"@type":"ReadAction","target":["https:\/\/longchangchemical.com\/product\/agesin-we-d980-defoamer\/"]}]},{"@type":"ImageObject","inLanguage":"de","@id":"https:\/\/longchangchemical.com\/product\/agesin-we-d980-defoamer\/#primaryimage","url":"https:\/\/longchangchemical.com\/wp-content\/uploads\/2023\/02\/-WE-D980.jpg","contentUrl":"https:\/\/longchangchemical.com\/wp-content\/uploads\/2023\/02\/-WE-D980.jpg","width":800,"height":800},{"@type":"BreadcrumbList","@id":"https:\/\/longchangchemical.com\/product\/agesin-we-d980-defoamer\/#breadcrumb","itemListElement":[{"@type":"ListItem","position":1,"name":"Home","item":"https:\/\/longchangchemical.com\/"},{"@type":"ListItem","position":2,"name":"Products Longchang","item":"https:\/\/longchangchemical.com\/product\/"},{"@type":"ListItem","position":3,"name":"CHLUMICRYL\u00ae DF-D980 \/ Defoamer"}]},{"@type":"WebSite","@id":"https:\/\/longchangchemical.com\/#website","url":"https:\/\/longchangchemical.com\/","name":"Longchang Chemical","description":"China Hersteller von Chemikalien \uff06 Lieferant","publisher":{"@id":"https:\/\/longchangchemical.com\/#organization"},"potentialAction":[{"@type":"SearchAction","target":{"@type":"EntryPoint","urlTemplate":"https:\/\/longchangchemical.com\/?s={search_term_string}"},"query-input":{"@type":"PropertyValueSpecification","valueRequired":true,"valueName":"search_term_string"}}],"inLanguage":"de"},{"@type":"Organization","@id":"https:\/\/longchangchemical.com\/#organization","name":"Longchang Chemical","url":"https:\/\/longchangchemical.com\/","logo":{"@type":"ImageObject","inLanguage":"de","@id":"https:\/\/longchangchemical.com\/#\/schema\/logo\/image\/","url":"https:\/\/longchangchemical.com\/wp-content\/uploads\/2020\/08\/cropped-longchang-logo.png","contentUrl":"https:\/\/longchangchemical.com\/wp-content\/uploads\/2020\/08\/cropped-longchang-logo.png","width":512,"height":512,"caption":"Longchang Chemical"},"image":{"@id":"https:\/\/longchangchemical.com\/#\/schema\/logo\/image\/"}}]}},"_links":{"self":[{"href":"https:\/\/longchangchemical.com\/de\/wp-json\/wp\/v2\/product\/5899","targetHints":{"allow":["GET"]}}],"collection":[{"href":"https:\/\/longchangchemical.com\/de\/wp-json\/wp\/v2\/product"}],"about":[{"href":"https:\/\/longchangchemical.com\/de\/wp-json\/wp\/v2\/types\/product"}],"replies":[{"embeddable":true,"href":"https:\/\/longchangchemical.com\/de\/wp-json\/wp\/v2\/comments?post=5899"}],"wp:featuredmedia":[{"embeddable":true,"href":"https:\/\/longchangchemical.com\/de\/wp-json\/wp\/v2\/media\/5910"}],"wp:attachment":[{"href":"https:\/\/longchangchemical.com\/de\/wp-json\/wp\/v2\/media?parent=5899"}],"wp:term":[{"taxonomy":"product_brand","embeddable":true,"href":"https:\/\/longchangchemical.com\/de\/wp-json\/wp\/v2\/product_brand?post=5899"},{"taxonomy":"product_cat","embeddable":true,"href":"https:\/\/longchangchemical.com\/de\/wp-json\/wp\/v2\/product_cat?post=5899"},{"taxonomy":"product_tag","embeddable":true,"href":"https:\/\/longchangchemical.com\/de\/wp-json\/wp\/v2\/product_tag?post=5899"}],"curies":[{"name":"wp","href":"https:\/\/api.w.org\/{rel}","templated":true}]}}