{"id":5897,"date":"2023-02-11T14:10:16","date_gmt":"2023-02-11T14:10:16","guid":{"rendered":"https:\/\/longchangchemical.com\/?post_type=product&#038;p=5897"},"modified":"2025-04-01T07:10:47","modified_gmt":"2025-04-01T07:10:47","slug":"agesin-we-d9904b-defoamer","status":"publish","type":"product","link":"https:\/\/longchangchemical.com\/de\/product\/agesin-we-d9904b-defoamer\/","title":{"rendered":"CHLUMICRYL\u00ae DF-D9904B \/ Entsch\u00e4umer"},"content":{"rendered":"<h1><strong> DF-D9904B \/ Entsch\u00e4umer<\/strong><\/h1>\n<table style=\"border-collapse: collapse; width: 190.53pt;\" border=\"0\" width=\"254\" cellspacing=\"0\" cellpadding=\"0\">\n<tbody>\n<tr style=\"height: 36.00pt;\">\n<td class=\"et2\" style=\"height: 36.00pt; width: 68.25pt;\" width=\"91\" height=\"48\">Zusammensetzung<\/td>\n<td class=\"et2\" style=\"width: 122.25pt;\" width=\"163\">Polyether-modifizierte Polysiloxanverbindung, frei von Kiesels\u00e4ure<\/td>\n<\/tr>\n<tr style=\"height: 13.50pt;\">\n<td class=\"et2\" style=\"height: 13.50pt; width: 68.25pt;\" width=\"91\" height=\"18\">Erscheinungsbild<\/td>\n<td class=\"et2\" style=\"width: 122.25pt;\" width=\"163\">Klare Fl\u00fcssigkeit<\/td>\n<\/tr>\n<tr style=\"height: 13.50pt;\">\n<td class=\"et2\" style=\"height: 13.50pt; width: 68.25pt;\" width=\"91\" height=\"18\">L\u00f6sungsmittel<\/td>\n<td class=\"et2\" style=\"width: 122.25pt;\" width=\"163\">&#8212;<\/td>\n<\/tr>\n<tr style=\"height: 13.50pt;\">\n<td class=\"et2\" style=\"height: 13.50pt; width: 68.25pt;\" width=\"91\" height=\"18\">Dichte<\/td>\n<td class=\"et2\" style=\"width: 122.25pt;\" width=\"163\">0,99-1,03 g\/ml (25\u00b11)\u00b0C<\/td>\n<\/tr>\n<tr style=\"height: 24.00pt;\">\n<td class=\"et2\" style=\"height: 24.00pt; width: 68.25pt;\" width=\"91\" height=\"32\">Viskosit\u00e4t<\/td>\n<td class=\"et2\" style=\"width: 122.25pt;\" width=\"163\">10-50 s (beschichtete-4-Becher-Methode) (25\u00b10,2)\u00b0C<\/td>\n<\/tr>\n<tr style=\"height: 36.00pt;\">\n<td class=\"et2\" style=\"height: 36.00pt; width: 68.25pt;\" width=\"91\" height=\"48\">Wirkstoffgehalt<\/td>\n<td class=\"et3\" style=\"width: 122.25pt;\" width=\"163\">100%<\/td>\n<\/tr>\n<tr style=\"height: 13.50pt;\">\n<td class=\"et2\" style=\"height: 13.50pt; width: 68.25pt;\" width=\"91\" height=\"18\">Flammpunkt<\/td>\n<td class=\"et2\" style=\"width: 122.25pt;\" width=\"163\">\u2265100\u2103<\/td>\n<\/tr>\n<\/tbody>\n<\/table>\n<p>&nbsp;<\/p>\n<p>Hinweis: Diese Leistung stellt nur typische Ergebnisse dar und gilt nicht als Spezifikation, die auf der spezifischen COA basiert.<\/p>\n<h2><strong> WE-D9904B Anwendungsbereiche<\/strong><\/h2>\n<p>Systeme auf Wasserbasis<\/p>\n<h2><strong> WE-D9904B Hauptmerkmale<\/strong><\/h2>\n<p>1\u3001 Es enth\u00e4lt keine Kiesels\u00e4ure und hat eine gute Entsch\u00e4umungseigenschaft, um Mikroblasen und Nadelstiche im Beschichtungsfilm von Lacken und Druckfarben auf Wasserbasis zu verhindern.<br \/>\n2\u3001Es muss unter hoher Scherung zugegeben werden, eine nachtr\u00e4gliche Zugabe wird nicht empfohlen.<\/p>\n<h2><strong> WE-D9904B Verwendungsmethode<\/strong><\/h2>\n<p>Um die Kompatibilit\u00e4t von Entsch\u00e4umer und Harzsystem zu verbessern, wird empfohlen, den Entsch\u00e4umer zun\u00e4chst dem Co-L\u00f6sungsmittel zuzusetzen und ihn dann unter schnellem R\u00fchren zum Schleifmittel zu geben, um es gleichm\u00e4\u00dfig zu verteilen.<\/p>\n<h2><strong> WE-D9904B Empfohlene Dosierung<\/strong><\/h2>\n<p>Zusatzmenge (Gesamtformel) 0,05-0,5%<\/p>\n<h2><strong> WE-D9904B Stabilit\u00e4t der Lagerung<\/strong><\/h2>\n<p>In der unge\u00f6ffneten Originalverpackung 24 Monate lang aufbewahren. Bei einer Temperatur unter 5\u00b0C kann es zu einer Stratifizierung und Tr\u00fcbung kommen. Ein Erhitzen und gr\u00fcndliches Mischen vor der Verwendung beeintr\u00e4chtigt die Produktqualit\u00e4t nicht. Nach Ablauf der Lagerzeit kann das Produkt nach erfolgter Kontrolle weiter verwendet werden. Bevor der Beh\u00e4lter vollst\u00e4ndig entleert ist, muss er unmittelbar nach der Verwendung wieder fest verschlossen werden.<\/p>\n<h2><strong> WE-D9904B Verpackung<\/strong><\/h2>\n<p>25KG \/ 180KG.<\/p>\n<h2><strong><b>Kontaktieren Sie uns jetzt!<\/b><\/strong><\/h2>\n<h4><strong><b>Wenn Sie COA, MSDS oder TDS ben\u00f6tigen, geben Sie bitte Ihre Kontaktinformationen in das untenstehende Formular ein. Wir werden uns in der Regel innerhalb von 24 Stunden mit Ihnen in Verbindung setzen. Sie k\u00f6nnen mir auch eine E-Mail schicken<span style=\"color: #00ccff;\"> <a style=\"color: #00ccff;\" href=\"mailto:info@longchangchemical.com\">info@longchangchemical.com<\/a><\/span> w\u00e4hrend der Gesch\u00e4ftszeiten ( 8:30 bis 18:00 Uhr UTC+8 Mo.~Sa. ) oder nutzen Sie den Live-Chat auf der Website, um eine schnelle Antwort zu erhalten.<\/b><\/strong><\/h4>","protected":false},"excerpt":{"rendered":"<p>DF-D9904B \/ Entsch\u00e4umer Zusammensetzung Polyethermodifizierte Polysiloxanverbindung, kiesels\u00e4urefrei Aussehen Klare Fl\u00fcssigkeit L\u00f6sungsmittel - Dichte 0,99-1,03 g\/ml (25\u00b11)\u00b0C Viskosit\u00e4t 10-50 s (coated-4 cup method) (25\u00b10,2)\u00b0C Wirkstoffgehalt 100% Flammpunkt \u2265100\u2103 Hinweis: Diese Leistung stellt nur typische Ergebnisse dar und gilt nicht als Spezifikation, basierend auf der spezifischen COA. WE-D9904B Anwendungsbereiche [...]<\/p>","protected":false},"featured_media":5911,"comment_status":"closed","ping_status":"closed","template":"","meta":[],"product_brand":[],"product_cat":[138],"product_tag":[],"class_list":{"0":"post-5897","1":"product","2":"type-product","3":"status-publish","4":"has-post-thumbnail","6":"product_cat-coating-and-ink-additives","8":"first","9":"instock","10":"shipping-taxable","11":"product-type-simple"},"yoast_head":"<!-- This site is optimized with the Yoast SEO plugin v25.3.1 - https:\/\/yoast.com\/wordpress\/plugins\/seo\/ -->\n<title>China CHLUMICRYL\u00ae DF-D9904B \/ Defoamer Manufacturer - Longchang Chemical<\/title>\n<meta name=\"description\" content=\"CHLUMICRYL\u00ae DF-D9904B \/ Defoamer is a key product of Longchang Chemical. We provide the best price. We are the leading manufacturer in China with the best quality and competitive price.\" \/>\n<meta name=\"robots\" content=\"index, follow, max-snippet:-1, max-image-preview:large, max-video-preview:-1\" \/>\n<link rel=\"canonical\" href=\"https:\/\/longchangchemical.com\/de\/product\/agesin-we-d9904b-defoamer\/\" \/>\n<meta property=\"og:locale\" content=\"de_DE\" \/>\n<meta property=\"og:type\" content=\"article\" \/>\n<meta property=\"og:title\" content=\"China CHLUMICRYL\u00ae DF-D9904B \/ Defoamer Manufacturer - Longchang Chemical\" \/>\n<meta property=\"og:description\" content=\"CHLUMICRYL\u00ae DF-D9904B \/ Defoamer is a key product of Longchang Chemical. We provide the best price. We are the leading manufacturer in China with the best quality and competitive price.\" \/>\n<meta property=\"og:url\" content=\"https:\/\/longchangchemical.com\/de\/product\/agesin-we-d9904b-defoamer\/\" \/>\n<meta property=\"og:site_name\" content=\"Longchang Chemical\" \/>\n<meta property=\"article:modified_time\" content=\"2025-04-01T07:10:47+00:00\" \/>\n<meta property=\"og:image\" content=\"https:\/\/longchangchemical.com\/wp-content\/uploads\/2023\/02\/-WE-D9904B-Defoamer.jpg\" \/>\n\t<meta property=\"og:image:width\" content=\"800\" \/>\n\t<meta property=\"og:image:height\" content=\"800\" \/>\n\t<meta property=\"og:image:type\" content=\"image\/jpeg\" \/>\n<meta name=\"twitter:card\" content=\"summary_large_image\" \/>\n<script type=\"application\/ld+json\" class=\"yoast-schema-graph\">{\"@context\":\"https:\/\/schema.org\",\"@graph\":[{\"@type\":\"WebPage\",\"@id\":\"https:\/\/longchangchemical.com\/product\/agesin-we-d9904b-defoamer\/\",\"url\":\"https:\/\/longchangchemical.com\/product\/agesin-we-d9904b-defoamer\/\",\"name\":\"China CHLUMICRYL\u00ae DF-D9904B \/ Defoamer Manufacturer - Longchang Chemical\",\"isPartOf\":{\"@id\":\"https:\/\/longchangchemical.com\/#website\"},\"primaryImageOfPage\":{\"@id\":\"https:\/\/longchangchemical.com\/product\/agesin-we-d9904b-defoamer\/#primaryimage\"},\"image\":{\"@id\":\"https:\/\/longchangchemical.com\/product\/agesin-we-d9904b-defoamer\/#primaryimage\"},\"thumbnailUrl\":\"https:\/\/longchangchemical.com\/wp-content\/uploads\/2023\/02\/-WE-D9904B-Defoamer.jpg\",\"datePublished\":\"2023-02-11T14:10:16+00:00\",\"dateModified\":\"2025-04-01T07:10:47+00:00\",\"description\":\"CHLUMICRYL\u00ae DF-D9904B \/ Defoamer is a key product of Longchang Chemical. We provide the best price. We are the leading manufacturer in China with the best quality and competitive price.\",\"breadcrumb\":{\"@id\":\"https:\/\/longchangchemical.com\/product\/agesin-we-d9904b-defoamer\/#breadcrumb\"},\"inLanguage\":\"de\",\"potentialAction\":[{\"@type\":\"ReadAction\",\"target\":[\"https:\/\/longchangchemical.com\/product\/agesin-we-d9904b-defoamer\/\"]}]},{\"@type\":\"ImageObject\",\"inLanguage\":\"de\",\"@id\":\"https:\/\/longchangchemical.com\/product\/agesin-we-d9904b-defoamer\/#primaryimage\",\"url\":\"https:\/\/longchangchemical.com\/wp-content\/uploads\/2023\/02\/-WE-D9904B-Defoamer.jpg\",\"contentUrl\":\"https:\/\/longchangchemical.com\/wp-content\/uploads\/2023\/02\/-WE-D9904B-Defoamer.jpg\",\"width\":800,\"height\":800,\"caption\":\"WE-D9904B \/ Defoamer\"},{\"@type\":\"BreadcrumbList\",\"@id\":\"https:\/\/longchangchemical.com\/product\/agesin-we-d9904b-defoamer\/#breadcrumb\",\"itemListElement\":[{\"@type\":\"ListItem\",\"position\":1,\"name\":\"Home\",\"item\":\"https:\/\/longchangchemical.com\/\"},{\"@type\":\"ListItem\",\"position\":2,\"name\":\"Products Longchang\",\"item\":\"https:\/\/longchangchemical.com\/product\/\"},{\"@type\":\"ListItem\",\"position\":3,\"name\":\"CHLUMICRYL\u00ae DF-D9904B \/ Defoamer\"}]},{\"@type\":\"WebSite\",\"@id\":\"https:\/\/longchangchemical.com\/#website\",\"url\":\"https:\/\/longchangchemical.com\/\",\"name\":\"Longchang Chemical\",\"description\":\"China chemical manufacturer \uff06 supplier\",\"publisher\":{\"@id\":\"https:\/\/longchangchemical.com\/#organization\"},\"potentialAction\":[{\"@type\":\"SearchAction\",\"target\":{\"@type\":\"EntryPoint\",\"urlTemplate\":\"https:\/\/longchangchemical.com\/?s={search_term_string}\"},\"query-input\":{\"@type\":\"PropertyValueSpecification\",\"valueRequired\":true,\"valueName\":\"search_term_string\"}}],\"inLanguage\":\"de\"},{\"@type\":\"Organization\",\"@id\":\"https:\/\/longchangchemical.com\/#organization\",\"name\":\"Longchang Chemical\",\"url\":\"https:\/\/longchangchemical.com\/\",\"logo\":{\"@type\":\"ImageObject\",\"inLanguage\":\"de\",\"@id\":\"https:\/\/longchangchemical.com\/#\/schema\/logo\/image\/\",\"url\":\"https:\/\/longchangchemical.com\/wp-content\/uploads\/2020\/08\/cropped-longchang-logo.png\",\"contentUrl\":\"https:\/\/longchangchemical.com\/wp-content\/uploads\/2020\/08\/cropped-longchang-logo.png\",\"width\":512,\"height\":512,\"caption\":\"Longchang Chemical\"},\"image\":{\"@id\":\"https:\/\/longchangchemical.com\/#\/schema\/logo\/image\/\"}}]}<\/script>\n<!-- \/ Yoast SEO plugin. -->","yoast_head_json":{"title":"China CHLUMICRYL\u00ae DF-D9904B \/ Entsch\u00e4umer Hersteller - Longchang Chemical","description":"CHLUMICRYL\u00ae DF-D9904B \/ Entsch\u00e4umer ist ein Schl\u00fcsselprodukt von Longchang Chemical. Wir bieten den besten Preis. Wir sind der f\u00fchrende Hersteller in China mit der besten Qualit\u00e4t und konkurrenzf\u00e4higem Preis.","robots":{"index":"index","follow":"follow","max-snippet":"max-snippet:-1","max-image-preview":"max-image-preview:large","max-video-preview":"max-video-preview:-1"},"canonical":"https:\/\/longchangchemical.com\/de\/product\/agesin-we-d9904b-defoamer\/","og_locale":"de_DE","og_type":"article","og_title":"China CHLUMICRYL\u00ae DF-D9904B \/ Defoamer Manufacturer - Longchang Chemical","og_description":"CHLUMICRYL\u00ae DF-D9904B \/ Defoamer is a key product of Longchang Chemical. We provide the best price. We are the leading manufacturer in China with the best quality and competitive price.","og_url":"https:\/\/longchangchemical.com\/de\/product\/agesin-we-d9904b-defoamer\/","og_site_name":"Longchang Chemical","article_modified_time":"2025-04-01T07:10:47+00:00","og_image":[{"width":800,"height":800,"url":"https:\/\/longchangchemical.com\/wp-content\/uploads\/2023\/02\/-WE-D9904B-Defoamer.jpg","type":"image\/jpeg"}],"twitter_card":"summary_large_image","schema":{"@context":"https:\/\/schema.org","@graph":[{"@type":"WebPage","@id":"https:\/\/longchangchemical.com\/product\/agesin-we-d9904b-defoamer\/","url":"https:\/\/longchangchemical.com\/product\/agesin-we-d9904b-defoamer\/","name":"China CHLUMICRYL\u00ae DF-D9904B \/ Entsch\u00e4umer Hersteller - Longchang Chemical","isPartOf":{"@id":"https:\/\/longchangchemical.com\/#website"},"primaryImageOfPage":{"@id":"https:\/\/longchangchemical.com\/product\/agesin-we-d9904b-defoamer\/#primaryimage"},"image":{"@id":"https:\/\/longchangchemical.com\/product\/agesin-we-d9904b-defoamer\/#primaryimage"},"thumbnailUrl":"https:\/\/longchangchemical.com\/wp-content\/uploads\/2023\/02\/-WE-D9904B-Defoamer.jpg","datePublished":"2023-02-11T14:10:16+00:00","dateModified":"2025-04-01T07:10:47+00:00","description":"CHLUMICRYL\u00ae DF-D9904B \/ Entsch\u00e4umer ist ein Schl\u00fcsselprodukt von Longchang Chemical. Wir bieten den besten Preis. Wir sind der f\u00fchrende Hersteller in China mit der besten Qualit\u00e4t und konkurrenzf\u00e4higem Preis.","breadcrumb":{"@id":"https:\/\/longchangchemical.com\/product\/agesin-we-d9904b-defoamer\/#breadcrumb"},"inLanguage":"de","potentialAction":[{"@type":"ReadAction","target":["https:\/\/longchangchemical.com\/product\/agesin-we-d9904b-defoamer\/"]}]},{"@type":"ImageObject","inLanguage":"de","@id":"https:\/\/longchangchemical.com\/product\/agesin-we-d9904b-defoamer\/#primaryimage","url":"https:\/\/longchangchemical.com\/wp-content\/uploads\/2023\/02\/-WE-D9904B-Defoamer.jpg","contentUrl":"https:\/\/longchangchemical.com\/wp-content\/uploads\/2023\/02\/-WE-D9904B-Defoamer.jpg","width":800,"height":800,"caption":"WE-D9904B \/ Defoamer"},{"@type":"BreadcrumbList","@id":"https:\/\/longchangchemical.com\/product\/agesin-we-d9904b-defoamer\/#breadcrumb","itemListElement":[{"@type":"ListItem","position":1,"name":"Home","item":"https:\/\/longchangchemical.com\/"},{"@type":"ListItem","position":2,"name":"Products Longchang","item":"https:\/\/longchangchemical.com\/product\/"},{"@type":"ListItem","position":3,"name":"CHLUMICRYL\u00ae DF-D9904B \/ Defoamer"}]},{"@type":"WebSite","@id":"https:\/\/longchangchemical.com\/#website","url":"https:\/\/longchangchemical.com\/","name":"Longchang Chemical","description":"China Hersteller von Chemikalien \uff06 Lieferant","publisher":{"@id":"https:\/\/longchangchemical.com\/#organization"},"potentialAction":[{"@type":"SearchAction","target":{"@type":"EntryPoint","urlTemplate":"https:\/\/longchangchemical.com\/?s={search_term_string}"},"query-input":{"@type":"PropertyValueSpecification","valueRequired":true,"valueName":"search_term_string"}}],"inLanguage":"de"},{"@type":"Organization","@id":"https:\/\/longchangchemical.com\/#organization","name":"Longchang Chemical","url":"https:\/\/longchangchemical.com\/","logo":{"@type":"ImageObject","inLanguage":"de","@id":"https:\/\/longchangchemical.com\/#\/schema\/logo\/image\/","url":"https:\/\/longchangchemical.com\/wp-content\/uploads\/2020\/08\/cropped-longchang-logo.png","contentUrl":"https:\/\/longchangchemical.com\/wp-content\/uploads\/2020\/08\/cropped-longchang-logo.png","width":512,"height":512,"caption":"Longchang Chemical"},"image":{"@id":"https:\/\/longchangchemical.com\/#\/schema\/logo\/image\/"}}]}},"_links":{"self":[{"href":"https:\/\/longchangchemical.com\/de\/wp-json\/wp\/v2\/product\/5897","targetHints":{"allow":["GET"]}}],"collection":[{"href":"https:\/\/longchangchemical.com\/de\/wp-json\/wp\/v2\/product"}],"about":[{"href":"https:\/\/longchangchemical.com\/de\/wp-json\/wp\/v2\/types\/product"}],"replies":[{"embeddable":true,"href":"https:\/\/longchangchemical.com\/de\/wp-json\/wp\/v2\/comments?post=5897"}],"wp:featuredmedia":[{"embeddable":true,"href":"https:\/\/longchangchemical.com\/de\/wp-json\/wp\/v2\/media\/5911"}],"wp:attachment":[{"href":"https:\/\/longchangchemical.com\/de\/wp-json\/wp\/v2\/media?parent=5897"}],"wp:term":[{"taxonomy":"product_brand","embeddable":true,"href":"https:\/\/longchangchemical.com\/de\/wp-json\/wp\/v2\/product_brand?post=5897"},{"taxonomy":"product_cat","embeddable":true,"href":"https:\/\/longchangchemical.com\/de\/wp-json\/wp\/v2\/product_cat?post=5897"},{"taxonomy":"product_tag","embeddable":true,"href":"https:\/\/longchangchemical.com\/de\/wp-json\/wp\/v2\/product_tag?post=5897"}],"curies":[{"name":"wp","href":"https:\/\/api.w.org\/{rel}","templated":true}]}}