{"id":5896,"date":"2023-02-06T14:19:42","date_gmt":"2023-02-06T14:19:42","guid":{"rendered":"https:\/\/longchangchemical.com\/?post_type=product&#038;p=5896"},"modified":"2026-05-08T08:26:16","modified_gmt":"2026-05-08T08:26:16","slug":"agesin-we-d9904br-defoamer","status":"publish","type":"product","link":"https:\/\/longchangchemical.com\/de\/product\/agesin-we-d9904br-defoamer\/","title":{"rendered":"CHLUMICRYL\u00ae DF-D9904BR \/ Entsch\u00e4umer"},"content":{"rendered":"<h2><strong> DF-D9904BR \/ Entsch\u00e4umer<\/strong><\/h2>\n<table style=\"border-collapse: collapse; width: 243.78pt;\" border=\"0\" width=\"325\" cellspacing=\"0\" cellpadding=\"0\">\n<tbody>\n<tr style=\"height: 36.00pt;\">\n<td class=\"et2\" style=\"height: 36.00pt; width: 113.25pt;\" width=\"151\" height=\"48\">Zusammensetzung<\/td>\n<td class=\"et2\" style=\"width: 130.50pt;\" width=\"174\">Polyether-modifizierte Polysiloxanverbindung, frei von Kiesels\u00e4ure<\/td>\n<\/tr>\n<tr style=\"height: 13.50pt;\">\n<td class=\"et2\" style=\"height: 13.50pt; width: 113.25pt;\" width=\"151\" height=\"18\">Erscheinungsbild<\/td>\n<td class=\"et2\" style=\"width: 130.50pt;\" width=\"174\">Klare Fl\u00fcssigkeit<\/td>\n<\/tr>\n<tr style=\"height: 24.00pt;\">\n<td class=\"et2\" style=\"height: 24.00pt; width: 113.25pt;\" width=\"151\" height=\"32\">L\u00f6sungsmittel<\/td>\n<td class=\"et2\" style=\"width: 130.50pt;\" width=\"174\">Dipropylenglykolmethyl\u00e4ther<\/td>\n<\/tr>\n<tr style=\"height: 13.50pt;\">\n<td class=\"et2\" style=\"height: 13.50pt; width: 113.25pt;\" width=\"151\" height=\"18\">Dichte<\/td>\n<td class=\"et2\" style=\"width: 130.50pt;\" width=\"174\">0,95-0,99 g\/ml (25\u00b11)\u2103<\/td>\n<\/tr>\n<tr style=\"height: 24.00pt;\">\n<td class=\"et2\" style=\"height: 24.00pt; width: 113.25pt;\" width=\"151\" height=\"32\">Viskosit\u00e4t<\/td>\n<td class=\"et2\" style=\"width: 130.50pt;\" width=\"174\">6-30 s (Beschichtung-4-Becher-Methode)(25\u00b10,2)\u2103<\/td>\n<\/tr>\n<tr style=\"height: 13.50pt;\">\n<td class=\"et2\" style=\"height: 13.50pt; width: 113.25pt;\" width=\"151\" height=\"18\">Wirkstoffgehalt<\/td>\n<td class=\"et3\" style=\"width: 130.50pt;\" width=\"174\">30%<\/td>\n<\/tr>\n<tr style=\"height: 13.50pt;\">\n<td class=\"et2\" style=\"height: 13.50pt; width: 113.25pt;\" width=\"151\" height=\"18\">Flammpunkt<\/td>\n<td class=\"et2\" style=\"width: 130.50pt;\" width=\"174\">\u226570\u2103<\/td>\n<\/tr>\n<\/tbody>\n<\/table>\n<p>&nbsp;<\/p>\n<p>Hinweis: Diese Leistung stellt nur typische Ergebnisse dar und gilt nicht als Spezifikation, die auf der spezifischen COA basiert.<\/p>\n<h2><strong> WE-D9904BR Anwendungsbereiche<\/strong><\/h2>\n<p>Systeme auf Wasserbasis<\/p>\n<h2><strong> WE-D9904BR Hauptmerkmale<\/strong><\/h2>\n<p>1\u3001 Es enth\u00e4lt keine Kiesels\u00e4ure und hat eine gute Entsch\u00e4umungseigenschaft, um Mikroblasen und Nadelstiche im Beschichtungsfilm von Lacken und Druckfarben auf Wasserbasis zu verhindern.<br \/>\n2\u3001Es muss unter hoher Scherung zugegeben werden, eine nachtr\u00e4gliche Zugabe wird nicht empfohlen.<\/p>\n<h2><strong> WE-D9904BR Verwendungsmethode<\/strong><\/h2>\n<p>Um die Kompatibilit\u00e4t von Entsch\u00e4umer und Harzsystem zu verbessern, wird empfohlen, den Entsch\u00e4umer zun\u00e4chst dem Co-L\u00f6sungsmittel zuzusetzen und ihn dann unter schnellem R\u00fchren zum Schleifmittel zu geben, um es gleichm\u00e4\u00dfig zu verteilen.<\/p>\n<p>Empfohlene Dosierung<\/p>\n<p>Zusatzmenge (Gesamtformel) 0,1-1,0%<\/p>\n<h2><strong>Stabilit\u00e4t bei der Lagerung<\/strong><\/h2>\n<p>In der unge\u00f6ffneten Originalverpackung 24 Monate lang aufbewahren. Bei einer Temperatur unter 5\u00b0C kann es zu einer Stratifizierung und Tr\u00fcbung kommen. Ein Erhitzen und gr\u00fcndliches Mischen vor der Verwendung beeintr\u00e4chtigt die Produktqualit\u00e4t nicht. Nach Ablauf der Lagerzeit kann das Produkt nach erfolgter Kontrolle weiter verwendet werden. Bevor der Beh\u00e4lter vollst\u00e4ndig entleert ist, muss er unmittelbar nach der Verwendung wieder fest verschlossen werden.<\/p>\n<h2><strong> WE-D9904BR Verpackung<\/strong><\/h2>\n<p>25KG \/ 180KG.<\/p>\n<h2><strong><b>Kontaktieren Sie uns jetzt!<\/b><\/strong><\/h2>\n<h4><strong><b>Wenn Sie COA, MSDS oder TDS ben\u00f6tigen, geben Sie bitte Ihre Kontaktinformationen in das untenstehende Formular ein. Wir werden uns in der Regel innerhalb von 24 Stunden mit Ihnen in Verbindung setzen. Sie k\u00f6nnen mir auch eine E-Mail schicken<span style=\"color: #00ccff;\"> <a style=\"color: #00ccff;\" href=\"mailto:info@longchangchemical.com\">info@longchangchemical.com<\/a><\/span> w\u00e4hrend der Gesch\u00e4ftszeiten ( 8:30 bis 18:00 Uhr UTC+8 Mo.~Sa. ) oder nutzen Sie den Live-Chat auf der Website, um eine schnelle Antwort zu erhalten.<\/b><\/strong><\/h4>\n<p>&nbsp;<\/p>","protected":false},"excerpt":{"rendered":"<p>DF-D9904BR Defoamer is a defoamer for foam control in coatings, inks and process systems. Key properties include not recommended to be added afterwards. WE-D9904BR Use method In order to improve the compatibility of defoamer and resin system, it is recommended to add defoamer to the co-solvent first, and then add it to the abrasive under high speed stirring<\/p>","protected":false},"featured_media":5912,"comment_status":"closed","ping_status":"closed","template":"","meta":[],"product_brand":[],"product_cat":[138],"product_tag":[],"class_list":{"0":"post-5896","1":"product","2":"type-product","3":"status-publish","4":"has-post-thumbnail","6":"product_cat-coating-and-ink-additives","8":"first","9":"instock","10":"shipping-taxable","11":"product-type-simple"},"yoast_head":"<!-- This site is optimized with the Yoast SEO plugin v25.3.1 - https:\/\/yoast.com\/wordpress\/plugins\/seo\/ -->\n<title>DF-D9904BR Defoamer | Longchang Chemical<\/title>\n<meta name=\"description\" content=\"DF-D9904BR Defoamer is a defoamer for foam control in coatings, inks and process systems. Key properties include not recommended to be added afterwards\" \/>\n<meta name=\"robots\" content=\"index, follow, max-snippet:-1, max-image-preview:large, max-video-preview:-1\" \/>\n<link rel=\"canonical\" href=\"https:\/\/longchangchemical.com\/de\/product\/agesin-we-d9904br-defoamer\/\" \/>\n<meta property=\"og:locale\" content=\"de_DE\" \/>\n<meta property=\"og:type\" content=\"article\" \/>\n<meta property=\"og:title\" content=\"DF-D9904BR Defoamer | Longchang Chemical\" \/>\n<meta property=\"og:description\" content=\"DF-D9904BR Defoamer is a defoamer for foam control in coatings, inks and process systems. Key properties include not recommended to be added afterwards\" \/>\n<meta property=\"og:url\" content=\"https:\/\/longchangchemical.com\/de\/product\/agesin-we-d9904br-defoamer\/\" \/>\n<meta property=\"og:site_name\" content=\"Longchang Chemical\" \/>\n<meta property=\"article:modified_time\" content=\"2026-05-08T08:26:16+00:00\" \/>\n<meta property=\"og:image\" content=\"https:\/\/longchangchemical.com\/wp-content\/uploads\/2023\/02\/-WE-D9904BR-Defoamer.jpg\" \/>\n\t<meta property=\"og:image:width\" content=\"800\" \/>\n\t<meta property=\"og:image:height\" content=\"800\" \/>\n\t<meta property=\"og:image:type\" content=\"image\/jpeg\" \/>\n<meta name=\"twitter:card\" content=\"summary_large_image\" \/>\n<script type=\"application\/ld+json\" class=\"yoast-schema-graph\">{\"@context\":\"https:\/\/schema.org\",\"@graph\":[{\"@type\":\"WebPage\",\"@id\":\"https:\/\/longchangchemical.com\/product\/agesin-we-d9904br-defoamer\/\",\"url\":\"https:\/\/longchangchemical.com\/product\/agesin-we-d9904br-defoamer\/\",\"name\":\"DF-D9904BR Defoamer | Longchang Chemical\",\"isPartOf\":{\"@id\":\"https:\/\/longchangchemical.com\/#website\"},\"primaryImageOfPage\":{\"@id\":\"https:\/\/longchangchemical.com\/product\/agesin-we-d9904br-defoamer\/#primaryimage\"},\"image\":{\"@id\":\"https:\/\/longchangchemical.com\/product\/agesin-we-d9904br-defoamer\/#primaryimage\"},\"thumbnailUrl\":\"https:\/\/longchangchemical.com\/wp-content\/uploads\/2023\/02\/-WE-D9904BR-Defoamer.jpg\",\"datePublished\":\"2023-02-06T14:19:42+00:00\",\"dateModified\":\"2026-05-08T08:26:16+00:00\",\"description\":\"DF-D9904BR Defoamer is a defoamer for foam control in coatings, inks and process systems. Key properties include not recommended to be added afterwards\",\"breadcrumb\":{\"@id\":\"https:\/\/longchangchemical.com\/product\/agesin-we-d9904br-defoamer\/#breadcrumb\"},\"inLanguage\":\"de\",\"potentialAction\":[{\"@type\":\"ReadAction\",\"target\":[\"https:\/\/longchangchemical.com\/product\/agesin-we-d9904br-defoamer\/\"]}]},{\"@type\":\"ImageObject\",\"inLanguage\":\"de\",\"@id\":\"https:\/\/longchangchemical.com\/product\/agesin-we-d9904br-defoamer\/#primaryimage\",\"url\":\"https:\/\/longchangchemical.com\/wp-content\/uploads\/2023\/02\/-WE-D9904BR-Defoamer.jpg\",\"contentUrl\":\"https:\/\/longchangchemical.com\/wp-content\/uploads\/2023\/02\/-WE-D9904BR-Defoamer.jpg\",\"width\":800,\"height\":800,\"caption\":\"WE-D9904BR \/ Defoamer\"},{\"@type\":\"BreadcrumbList\",\"@id\":\"https:\/\/longchangchemical.com\/product\/agesin-we-d9904br-defoamer\/#breadcrumb\",\"itemListElement\":[{\"@type\":\"ListItem\",\"position\":1,\"name\":\"Home\",\"item\":\"https:\/\/longchangchemical.com\/\"},{\"@type\":\"ListItem\",\"position\":2,\"name\":\"Products Longchang\",\"item\":\"https:\/\/longchangchemical.com\/product\/\"},{\"@type\":\"ListItem\",\"position\":3,\"name\":\"CHLUMICRYL\u00ae DF-D9904BR \/ Defoamer\"}]},{\"@type\":\"WebSite\",\"@id\":\"https:\/\/longchangchemical.com\/#website\",\"url\":\"https:\/\/longchangchemical.com\/\",\"name\":\"Longchang Chemical\",\"description\":\"China chemical manufacturer \uff06 supplier\",\"publisher\":{\"@id\":\"https:\/\/longchangchemical.com\/#organization\"},\"potentialAction\":[{\"@type\":\"SearchAction\",\"target\":{\"@type\":\"EntryPoint\",\"urlTemplate\":\"https:\/\/longchangchemical.com\/?s={search_term_string}\"},\"query-input\":{\"@type\":\"PropertyValueSpecification\",\"valueRequired\":true,\"valueName\":\"search_term_string\"}}],\"inLanguage\":\"de\"},{\"@type\":\"Organization\",\"@id\":\"https:\/\/longchangchemical.com\/#organization\",\"name\":\"Longchang Chemical\",\"url\":\"https:\/\/longchangchemical.com\/\",\"logo\":{\"@type\":\"ImageObject\",\"inLanguage\":\"de\",\"@id\":\"https:\/\/longchangchemical.com\/#\/schema\/logo\/image\/\",\"url\":\"https:\/\/longchangchemical.com\/wp-content\/uploads\/2020\/08\/cropped-longchang-logo.png\",\"contentUrl\":\"https:\/\/longchangchemical.com\/wp-content\/uploads\/2020\/08\/cropped-longchang-logo.png\",\"width\":512,\"height\":512,\"caption\":\"Longchang Chemical\"},\"image\":{\"@id\":\"https:\/\/longchangchemical.com\/#\/schema\/logo\/image\/\"}}]}<\/script>\n<!-- \/ Yoast SEO plugin. -->","yoast_head_json":{"title":"DF-D9904BR Defoamer | Longchang Chemical","description":"DF-D9904BR Defoamer is a defoamer for foam control in coatings, inks and process systems. Key properties include not recommended to be added afterwards","robots":{"index":"index","follow":"follow","max-snippet":"max-snippet:-1","max-image-preview":"max-image-preview:large","max-video-preview":"max-video-preview:-1"},"canonical":"https:\/\/longchangchemical.com\/de\/product\/agesin-we-d9904br-defoamer\/","og_locale":"de_DE","og_type":"article","og_title":"DF-D9904BR Defoamer | Longchang Chemical","og_description":"DF-D9904BR Defoamer is a defoamer for foam control in coatings, inks and process systems. Key properties include not recommended to be added afterwards","og_url":"https:\/\/longchangchemical.com\/de\/product\/agesin-we-d9904br-defoamer\/","og_site_name":"Longchang Chemical","article_modified_time":"2026-05-08T08:26:16+00:00","og_image":[{"width":800,"height":800,"url":"https:\/\/longchangchemical.com\/wp-content\/uploads\/2023\/02\/-WE-D9904BR-Defoamer.jpg","type":"image\/jpeg"}],"twitter_card":"summary_large_image","schema":{"@context":"https:\/\/schema.org","@graph":[{"@type":"WebPage","@id":"https:\/\/longchangchemical.com\/product\/agesin-we-d9904br-defoamer\/","url":"https:\/\/longchangchemical.com\/product\/agesin-we-d9904br-defoamer\/","name":"DF-D9904BR Defoamer | Longchang Chemical","isPartOf":{"@id":"https:\/\/longchangchemical.com\/#website"},"primaryImageOfPage":{"@id":"https:\/\/longchangchemical.com\/product\/agesin-we-d9904br-defoamer\/#primaryimage"},"image":{"@id":"https:\/\/longchangchemical.com\/product\/agesin-we-d9904br-defoamer\/#primaryimage"},"thumbnailUrl":"https:\/\/longchangchemical.com\/wp-content\/uploads\/2023\/02\/-WE-D9904BR-Defoamer.jpg","datePublished":"2023-02-06T14:19:42+00:00","dateModified":"2026-05-08T08:26:16+00:00","description":"DF-D9904BR Defoamer is a defoamer for foam control in coatings, inks and process systems. Key properties include not recommended to be added afterwards","breadcrumb":{"@id":"https:\/\/longchangchemical.com\/product\/agesin-we-d9904br-defoamer\/#breadcrumb"},"inLanguage":"de","potentialAction":[{"@type":"ReadAction","target":["https:\/\/longchangchemical.com\/product\/agesin-we-d9904br-defoamer\/"]}]},{"@type":"ImageObject","inLanguage":"de","@id":"https:\/\/longchangchemical.com\/product\/agesin-we-d9904br-defoamer\/#primaryimage","url":"https:\/\/longchangchemical.com\/wp-content\/uploads\/2023\/02\/-WE-D9904BR-Defoamer.jpg","contentUrl":"https:\/\/longchangchemical.com\/wp-content\/uploads\/2023\/02\/-WE-D9904BR-Defoamer.jpg","width":800,"height":800,"caption":"WE-D9904BR \/ Defoamer"},{"@type":"BreadcrumbList","@id":"https:\/\/longchangchemical.com\/product\/agesin-we-d9904br-defoamer\/#breadcrumb","itemListElement":[{"@type":"ListItem","position":1,"name":"Home","item":"https:\/\/longchangchemical.com\/"},{"@type":"ListItem","position":2,"name":"Products Longchang","item":"https:\/\/longchangchemical.com\/product\/"},{"@type":"ListItem","position":3,"name":"CHLUMICRYL\u00ae DF-D9904BR \/ Defoamer"}]},{"@type":"WebSite","@id":"https:\/\/longchangchemical.com\/#website","url":"https:\/\/longchangchemical.com\/","name":"Longchang Chemical","description":"China Hersteller von Chemikalien \uff06 Lieferant","publisher":{"@id":"https:\/\/longchangchemical.com\/#organization"},"potentialAction":[{"@type":"SearchAction","target":{"@type":"EntryPoint","urlTemplate":"https:\/\/longchangchemical.com\/?s={search_term_string}"},"query-input":{"@type":"PropertyValueSpecification","valueRequired":true,"valueName":"search_term_string"}}],"inLanguage":"de"},{"@type":"Organization","@id":"https:\/\/longchangchemical.com\/#organization","name":"Longchang Chemical","url":"https:\/\/longchangchemical.com\/","logo":{"@type":"ImageObject","inLanguage":"de","@id":"https:\/\/longchangchemical.com\/#\/schema\/logo\/image\/","url":"https:\/\/longchangchemical.com\/wp-content\/uploads\/2020\/08\/cropped-longchang-logo.png","contentUrl":"https:\/\/longchangchemical.com\/wp-content\/uploads\/2020\/08\/cropped-longchang-logo.png","width":512,"height":512,"caption":"Longchang Chemical"},"image":{"@id":"https:\/\/longchangchemical.com\/#\/schema\/logo\/image\/"}}]}},"_links":{"self":[{"href":"https:\/\/longchangchemical.com\/de\/wp-json\/wp\/v2\/product\/5896","targetHints":{"allow":["GET"]}}],"collection":[{"href":"https:\/\/longchangchemical.com\/de\/wp-json\/wp\/v2\/product"}],"about":[{"href":"https:\/\/longchangchemical.com\/de\/wp-json\/wp\/v2\/types\/product"}],"replies":[{"embeddable":true,"href":"https:\/\/longchangchemical.com\/de\/wp-json\/wp\/v2\/comments?post=5896"}],"wp:featuredmedia":[{"embeddable":true,"href":"https:\/\/longchangchemical.com\/de\/wp-json\/wp\/v2\/media\/5912"}],"wp:attachment":[{"href":"https:\/\/longchangchemical.com\/de\/wp-json\/wp\/v2\/media?parent=5896"}],"wp:term":[{"taxonomy":"product_brand","embeddable":true,"href":"https:\/\/longchangchemical.com\/de\/wp-json\/wp\/v2\/product_brand?post=5896"},{"taxonomy":"product_cat","embeddable":true,"href":"https:\/\/longchangchemical.com\/de\/wp-json\/wp\/v2\/product_cat?post=5896"},{"taxonomy":"product_tag","embeddable":true,"href":"https:\/\/longchangchemical.com\/de\/wp-json\/wp\/v2\/product_tag?post=5896"}],"curies":[{"name":"wp","href":"https:\/\/api.w.org\/{rel}","templated":true}]}}