{"id":5866,"date":"2023-01-23T08:44:03","date_gmt":"2023-01-23T08:44:03","guid":{"rendered":"https:\/\/longchangchemical.com\/?post_type=product&#038;p=5866"},"modified":"2026-05-08T08:26:15","modified_gmt":"2026-05-08T08:26:15","slug":"agesin-dispersants","status":"publish","type":"product","link":"https:\/\/longchangchemical.com\/de\/product\/agesin-dispersants\/","title":{"rendered":"CHLUMICRYL\u00ae Dispergiermittel"},"content":{"rendered":"<p>Farbe wird auf die Oberfl\u00e4che des zu sch\u00fctzenden oder zu dekorierenden Objekts aufgetragen und kann einen durchgehenden Film bilden, der fest mit dem zu beschichtenden Objekt verbunden ist. Ihre Rolle besteht haupts\u00e4chlich aus vier Punkten: Schutz, Dekoration, Maskierung von Produktm\u00e4ngeln und andere spezielle Funktionen, um den Wert des Produkts zu erh\u00f6hen. Der Grund, warum es eine so wichtige Rolle, die untrennbar mit den Zusatzstoffen in der Beschichtung ist, heute werden wir \u00fcber die Benetzung und Dispergiermittel in der Beschichtung zu lernen.<\/p>\n<p>&nbsp;<\/p>\n<p>I. Grundsatz des Handelns.<\/p>\n<p>1. Mechanisch gesehen besteht der Hauptzweck des Dispergierens von Pigmenten in einem Medium darin, die oleophilen, koh\u00e4siven Teilchen zu dispergieren, die beim Trocknen im Pigmentherstellungsprozess entstehen. Wenn die Teilchenfeinheit kleiner wird, vergr\u00f6\u00dfert sich die exponierte Oberfl\u00e4che und verbessert die optischen Eigenschaften des Pigments, wie z. B. F\u00e4rbeleistung, Glanz, Helligkeit, Deckkraft oder Transparenz.<\/p>\n<p>&nbsp;<\/p>\n<p>2. In allgemeinen Dispergiermittel-Schleifsystemen, wie z. B. Tinten und Beschichtungen, ist das Harz eine der Komponenten in der Formulierung, jedoch konkurrieren Harz und Dispergiermittel in Pigmenten miteinander. Die Adsorptionsf\u00e4higkeit des Dispergiermittels an der Pigmentoberfl\u00e4che wird auch durch das Harz beeinflusst, und das Harz und das Dispergiermittel konkurrieren miteinander um die M\u00f6glichkeit, an der Pigmentoberfl\u00e4che zu adsorbieren. Der Unterschied zwischen Dispergiermittel und Harz ist die Adsorptionsf\u00e4higkeit des Dispergiermittels auf der Pigmentoberfl\u00e4che. Das Dispergiermittel hat nicht nur eine extrem starke Adsorptionskraft auf dem Pigment, sondern auch eine gute Affinit\u00e4t zum L\u00f6sungsmittel. Das Harz auf der Pigmentoberfl\u00e4che spielt in Wirklichkeit nur eine benetzende Rolle, es taucht nicht f\u00fcr lange Zeit in die Pigmentoberfl\u00e4che ein, nach einiger Zeit verl\u00e4sst das Harz langsam die Pigmentoberfl\u00e4che und f\u00fchrt zur Ausflockung, obwohl das Vorhandensein von Harz immer noch die Verankerung des Dispergiermittels auf der Pigmentoberfl\u00e4che behindert. Daher sollte bei der Auswahl des Harzes die filmbildende Funktion des Harzes untersucht werden, und es ist nicht notwendig, ein anderes gutes Benetzungs- oder Schleifharz zu w\u00e4hlen. Dar\u00fcber hinaus sollte der Harzgehalt im Mahlgrundstoff als ausreichend angesehen werden, um die Stabilit\u00e4t der Rezeptur zu erhalten.<\/p>\n<p>&nbsp;<\/p>\n<p>&nbsp;<\/p>\n<p>3. Die Verwendung von Dispergiermittel in der Schleifbasis, im Vergleich zu den traditionellen Schleifbasis, die kritische Anpassung der Formulierung ist die Konzentration der Harzl\u00f6sung. Die Harzkonzentration in herk\u00f6mmlichen Mahlmitteln ist hoch, und die Menge an Pigment, die eingef\u00fcllt werden kann, ist gering. Obwohl durch eine Verringerung der Harzkonzentration die Viskosit\u00e4t des Dispersionsmediums selbst verringert und die Pigmentf\u00fcllmenge erh\u00f6ht werden kann, ist ein solches Dispersionssystem nicht stabil und kann in der tats\u00e4chlichen Produktion nicht verwendet werden. Wenn ein gutes Dispergiermittel verwendet wird, kann das Dispersionssystem bei einer niedrigeren Harzkonzentration stabilisiert werden, so dass die Pigmentf\u00fcllung im Mahlgrundmaterial erheblich verbessert werden kann. Die Raumbarriere, die durch die gel\u00f6ste Kette des Dispergiermittels im Medium entsteht, verringert den Sog zwischen den Teilchen und reduziert die Mahlviskosit\u00e4t erheblich, was einer der Gr\u00fcnde ist, warum die Pigmentf\u00fcllung verbessert werden kann. Unter der Wirkung des Dispergiermittels variiert die Erh\u00f6hung der Pigmentf\u00fcllmenge mit verschiedenen Dispergiersystemen, aber im Anpassungsprozess sollte das Mahlgrundmaterial mit moderater Viskosit\u00e4t gehalten werden.<\/p>\n<p>&nbsp;<\/p>\n<p>Zweitens, die Verwendungsmethode und die Dosierung.<\/p>\n<p>Die Dosierung des Netz- und Dispergiermittels sollte entsprechend dem dispergierten Pigment bestimmt werden, und die beste Dosierung basiert auf der Bildung einer dichten Einzelmolek\u00fcl-Adsorptionsschicht auf der Oberfl\u00e4che des Pigments. Ist die Dosierung zu gering, kann das Dispergiermittel seine Vorteile nicht entfalten, und eine zu hohe Dosierung beeintr\u00e4chtigt die Stabilit\u00e4t der Vermahlung. Dies liegt vor allem daran, dass das \u00fcberf\u00fcllte Benetzungsdispergiermittel auf der Pigmentoberfl\u00e4che die gel\u00f6sten Ketten des Dispergiermittels nicht vollst\u00e4ndig ausdehnen kann, und au\u00dferdem wirkt sich eine gro\u00dfe Menge an freiem Dispergiermittel negativ auf den Beschichtungsfilm aus.<\/p>\n<p>&nbsp;<\/p>\n<p>In der Praxis k\u00f6nnen wir die ungef\u00e4hre Menge an Dispergiermittel nach den theoretischen Regeln berechnen und dann als Mittelwert verwenden, um auf und ab zu schwimmen und die Ver\u00e4nderung der Leistungsindizes wie Viskosit\u00e4t, Filmglanz und F\u00e4rbekraft des dispergierten Systems mit der Menge an Dispergiermittel zu beobachten, wenn die Menge an Dispergiermittel moderat ist, hat die Viskosit\u00e4t des dispergierten Systems offensichtlich einen minimalen Wert, w\u00e4hrend der Glanz und die F\u00e4rbekraft des Films einen gro\u00dfen Wert hat.<\/p>","protected":false},"excerpt":{"rendered":"<p>Dispersants Coating Additive is a coating additive for coatings, inks and specialty surface modification. Key benefits include Paint is coated on the surface of the object to be protected or decorated, and can form a continuous film firmly attached to the object to be coated, and its role is mainly four points: protection.<\/p>","protected":false},"featured_media":0,"comment_status":"closed","ping_status":"closed","template":"","meta":[],"product_brand":[],"product_cat":[138],"product_tag":[],"class_list":{"0":"post-5866","1":"product","2":"type-product","3":"status-publish","5":"product_cat-coating-and-ink-additives","7":"first","8":"instock","9":"shipping-taxable","10":"product-type-simple"},"yoast_head":"<!-- This site is optimized with the Yoast SEO plugin v25.3.1 - https:\/\/yoast.com\/wordpress\/plugins\/seo\/ -->\n<title>China Dispersants Manufacturer - Longchang Chemical<\/title>\n<meta name=\"description\" content=\"Dispersants Coating Additive is a coating additive for coatings, inks and specialty surface modification. Key benefits include Paint is coated on the\" \/>\n<meta name=\"robots\" content=\"index, follow, max-snippet:-1, max-image-preview:large, max-video-preview:-1\" \/>\n<link rel=\"canonical\" href=\"https:\/\/longchangchemical.com\/de\/product\/agesin-dispersants\/\" \/>\n<meta property=\"og:locale\" content=\"de_DE\" \/>\n<meta property=\"og:type\" content=\"article\" \/>\n<meta property=\"og:title\" content=\"China Dispersants Manufacturer - Longchang Chemical\" \/>\n<meta property=\"og:description\" content=\"Dispersants Coating Additive is a coating additive for coatings, inks and specialty surface modification. Key benefits include Paint is coated on the\" \/>\n<meta property=\"og:url\" content=\"https:\/\/longchangchemical.com\/de\/product\/agesin-dispersants\/\" \/>\n<meta property=\"og:site_name\" content=\"Longchang Chemical\" \/>\n<meta property=\"article:modified_time\" content=\"2026-05-08T08:26:15+00:00\" \/>\n<meta property=\"og:image\" content=\"https:\/\/longchangchemical.com\/wp-content\/uploads\/2024\/02\/logo-jpeg.jpg\" \/>\n\t<meta property=\"og:image:width\" content=\"1000\" \/>\n\t<meta property=\"og:image:height\" content=\"1000\" \/>\n\t<meta property=\"og:image:type\" content=\"image\/jpeg\" \/>\n<meta name=\"twitter:card\" content=\"summary_large_image\" \/>\n<script type=\"application\/ld+json\" class=\"yoast-schema-graph\">{\"@context\":\"https:\/\/schema.org\",\"@graph\":[{\"@type\":\"WebPage\",\"@id\":\"https:\/\/longchangchemical.com\/product\/agesin-dispersants\/\",\"url\":\"https:\/\/longchangchemical.com\/product\/agesin-dispersants\/\",\"name\":\"China Dispersants Manufacturer - Longchang Chemical\",\"isPartOf\":{\"@id\":\"https:\/\/longchangchemical.com\/#website\"},\"datePublished\":\"2023-01-23T08:44:03+00:00\",\"dateModified\":\"2026-05-08T08:26:15+00:00\",\"description\":\"Dispersants Coating Additive is a coating additive for coatings, inks and specialty surface modification. Key benefits include Paint is coated on the\",\"breadcrumb\":{\"@id\":\"https:\/\/longchangchemical.com\/product\/agesin-dispersants\/#breadcrumb\"},\"inLanguage\":\"de\",\"potentialAction\":[{\"@type\":\"ReadAction\",\"target\":[\"https:\/\/longchangchemical.com\/product\/agesin-dispersants\/\"]}]},{\"@type\":\"BreadcrumbList\",\"@id\":\"https:\/\/longchangchemical.com\/product\/agesin-dispersants\/#breadcrumb\",\"itemListElement\":[{\"@type\":\"ListItem\",\"position\":1,\"name\":\"Home\",\"item\":\"https:\/\/longchangchemical.com\/\"},{\"@type\":\"ListItem\",\"position\":2,\"name\":\"Products Longchang\",\"item\":\"https:\/\/longchangchemical.com\/product\/\"},{\"@type\":\"ListItem\",\"position\":3,\"name\":\"CHLUMICRYL\u00ae Dispersants\"}]},{\"@type\":\"WebSite\",\"@id\":\"https:\/\/longchangchemical.com\/#website\",\"url\":\"https:\/\/longchangchemical.com\/\",\"name\":\"Longchang Chemical\",\"description\":\"China chemical manufacturer \uff06 supplier\",\"publisher\":{\"@id\":\"https:\/\/longchangchemical.com\/#organization\"},\"potentialAction\":[{\"@type\":\"SearchAction\",\"target\":{\"@type\":\"EntryPoint\",\"urlTemplate\":\"https:\/\/longchangchemical.com\/?s={search_term_string}\"},\"query-input\":{\"@type\":\"PropertyValueSpecification\",\"valueRequired\":true,\"valueName\":\"search_term_string\"}}],\"inLanguage\":\"de\"},{\"@type\":\"Organization\",\"@id\":\"https:\/\/longchangchemical.com\/#organization\",\"name\":\"Longchang Chemical\",\"url\":\"https:\/\/longchangchemical.com\/\",\"logo\":{\"@type\":\"ImageObject\",\"inLanguage\":\"de\",\"@id\":\"https:\/\/longchangchemical.com\/#\/schema\/logo\/image\/\",\"url\":\"https:\/\/longchangchemical.com\/wp-content\/uploads\/2020\/08\/cropped-longchang-logo.png\",\"contentUrl\":\"https:\/\/longchangchemical.com\/wp-content\/uploads\/2020\/08\/cropped-longchang-logo.png\",\"width\":512,\"height\":512,\"caption\":\"Longchang Chemical\"},\"image\":{\"@id\":\"https:\/\/longchangchemical.com\/#\/schema\/logo\/image\/\"}}]}<\/script>\n<!-- \/ Yoast SEO plugin. -->","yoast_head_json":{"title":"China Dispergiermittel Hersteller - Longchang Chemical","description":"Dispersants Coating Additive is a coating additive for coatings, inks and specialty surface modification. Key benefits include Paint is coated on the","robots":{"index":"index","follow":"follow","max-snippet":"max-snippet:-1","max-image-preview":"max-image-preview:large","max-video-preview":"max-video-preview:-1"},"canonical":"https:\/\/longchangchemical.com\/de\/product\/agesin-dispersants\/","og_locale":"de_DE","og_type":"article","og_title":"China Dispersants Manufacturer - Longchang Chemical","og_description":"Dispersants Coating Additive is a coating additive for coatings, inks and specialty surface modification. Key benefits include Paint is coated on the","og_url":"https:\/\/longchangchemical.com\/de\/product\/agesin-dispersants\/","og_site_name":"Longchang Chemical","article_modified_time":"2026-05-08T08:26:15+00:00","og_image":[{"width":1000,"height":1000,"url":"https:\/\/longchangchemical.com\/wp-content\/uploads\/2024\/02\/logo-jpeg.jpg","type":"image\/jpeg"}],"twitter_card":"summary_large_image","schema":{"@context":"https:\/\/schema.org","@graph":[{"@type":"WebPage","@id":"https:\/\/longchangchemical.com\/product\/agesin-dispersants\/","url":"https:\/\/longchangchemical.com\/product\/agesin-dispersants\/","name":"China Dispergiermittel Hersteller - Longchang Chemical","isPartOf":{"@id":"https:\/\/longchangchemical.com\/#website"},"datePublished":"2023-01-23T08:44:03+00:00","dateModified":"2026-05-08T08:26:15+00:00","description":"Dispersants Coating Additive is a coating additive for coatings, inks and specialty surface modification. Key benefits include Paint is coated on the","breadcrumb":{"@id":"https:\/\/longchangchemical.com\/product\/agesin-dispersants\/#breadcrumb"},"inLanguage":"de","potentialAction":[{"@type":"ReadAction","target":["https:\/\/longchangchemical.com\/product\/agesin-dispersants\/"]}]},{"@type":"BreadcrumbList","@id":"https:\/\/longchangchemical.com\/product\/agesin-dispersants\/#breadcrumb","itemListElement":[{"@type":"ListItem","position":1,"name":"Home","item":"https:\/\/longchangchemical.com\/"},{"@type":"ListItem","position":2,"name":"Products Longchang","item":"https:\/\/longchangchemical.com\/product\/"},{"@type":"ListItem","position":3,"name":"CHLUMICRYL\u00ae Dispersants"}]},{"@type":"WebSite","@id":"https:\/\/longchangchemical.com\/#website","url":"https:\/\/longchangchemical.com\/","name":"Longchang Chemical","description":"China Hersteller von Chemikalien \uff06 Lieferant","publisher":{"@id":"https:\/\/longchangchemical.com\/#organization"},"potentialAction":[{"@type":"SearchAction","target":{"@type":"EntryPoint","urlTemplate":"https:\/\/longchangchemical.com\/?s={search_term_string}"},"query-input":{"@type":"PropertyValueSpecification","valueRequired":true,"valueName":"search_term_string"}}],"inLanguage":"de"},{"@type":"Organization","@id":"https:\/\/longchangchemical.com\/#organization","name":"Longchang Chemical","url":"https:\/\/longchangchemical.com\/","logo":{"@type":"ImageObject","inLanguage":"de","@id":"https:\/\/longchangchemical.com\/#\/schema\/logo\/image\/","url":"https:\/\/longchangchemical.com\/wp-content\/uploads\/2020\/08\/cropped-longchang-logo.png","contentUrl":"https:\/\/longchangchemical.com\/wp-content\/uploads\/2020\/08\/cropped-longchang-logo.png","width":512,"height":512,"caption":"Longchang Chemical"},"image":{"@id":"https:\/\/longchangchemical.com\/#\/schema\/logo\/image\/"}}]}},"_links":{"self":[{"href":"https:\/\/longchangchemical.com\/de\/wp-json\/wp\/v2\/product\/5866","targetHints":{"allow":["GET"]}}],"collection":[{"href":"https:\/\/longchangchemical.com\/de\/wp-json\/wp\/v2\/product"}],"about":[{"href":"https:\/\/longchangchemical.com\/de\/wp-json\/wp\/v2\/types\/product"}],"replies":[{"embeddable":true,"href":"https:\/\/longchangchemical.com\/de\/wp-json\/wp\/v2\/comments?post=5866"}],"wp:attachment":[{"href":"https:\/\/longchangchemical.com\/de\/wp-json\/wp\/v2\/media?parent=5866"}],"wp:term":[{"taxonomy":"product_brand","embeddable":true,"href":"https:\/\/longchangchemical.com\/de\/wp-json\/wp\/v2\/product_brand?post=5866"},{"taxonomy":"product_cat","embeddable":true,"href":"https:\/\/longchangchemical.com\/de\/wp-json\/wp\/v2\/product_cat?post=5866"},{"taxonomy":"product_tag","embeddable":true,"href":"https:\/\/longchangchemical.com\/de\/wp-json\/wp\/v2\/product_tag?post=5866"}],"curies":[{"name":"wp","href":"https:\/\/api.w.org\/{rel}","templated":true}]}}