{"id":5811,"date":"2022-12-20T11:48:37","date_gmt":"2022-12-20T11:48:37","guid":{"rendered":"https:\/\/longchangchemical.com\/?post_type=product&#038;p=5811"},"modified":"2025-12-16T08:59:07","modified_gmt":"2025-12-16T08:59:07","slug":"siperox-bipb","status":"publish","type":"product","link":"https:\/\/longchangchemical.com\/de\/product\/siperox-bipb\/","title":{"rendered":"BIPB 96 \/ Bis(t-butylperoxy isopropy)benzol CAS 25155-25-3"},"content":{"rendered":"<h1>BIPB 96 CAS 25155-25-3<\/h1>\n<p>&nbsp;<\/p>\n<table>\n<tbody>\n<tr>\n<td width=\"232\">Artikel<\/td>\n<td width=\"238\">Standard<\/td>\n<td width=\"239\">Ergebnis<\/td>\n<\/tr>\n<tr>\n<td width=\"232\">Erscheinungsbild<\/td>\n<td width=\"238\">Wei\u00dfes Pulver<\/td>\n<td width=\"239\">Wei\u00dfes Pulver<\/td>\n<\/tr>\n<tr>\n<td width=\"232\">Reinheit,%<\/td>\n<td width=\"238\">\u226596.0<\/td>\n<td width=\"239\">97.3<\/td>\n<\/tr>\n<tr>\n<td width=\"232\">Schmelzbereich(\u2103)<\/td>\n<td width=\"238\">40-55<\/td>\n<td width=\"239\">40-42<\/td>\n<\/tr>\n<\/tbody>\n<\/table>\n<h2><\/h2>\n<h2><strong>Was ist BIPB\uff1f?<\/strong><\/h2>\n<p>BIPB behauptet, keinen Geruch von DCP haben, zus\u00e4tzlich zu den strukturellen \u00c4hnlichkeit, gibt es einen wichtigen Grund, das hei\u00dft, fast wo man DCP verwenden k\u00f6nnen durch BIPB ersetzt werden, BIPB anstelle von DCP Klebeleistung, einschlie\u00dflich H\u00e4rte, Bruchfestigkeit, Dehnung, Rei\u00dffestigkeit, sowie \u00d6lbest\u00e4ndigkeit, Alterungskoeffizient, etc. im Grunde das gleiche, w\u00e4hrend die Druckverformung bei hohen Temperaturen, BIPB ist besser als DCP.<\/p>\n<p>&nbsp;<\/p>\n<h2><strong>BIPB Anwendung:<\/strong><\/h2>\n<p><strong>1. BIPB <\/strong>kann als Vernetzungsmittel f\u00fcr Gummi und Kunststoffe wie Silikonkautschuk, Ethylen-Vinylacetat-Copolymer (z. B. EVA-Schaum), chloriertes Polyethylen (CPE), Ethylen-Propylen-Dien-Kautschuk (EPDM), chlorsulfoniertes Polyethylen, Tetrapropylen-Fluor-Kautschuk (TP-2), ges\u00e4ttigtes hydriertes Nitril (HNBR) verwendet werden. Bei gleicher Vernetzungswirkung betr\u00e4gt die Zugabemenge etwa 2\/3 anderer organischer Vernetzungsmittel. Es gibt keinen st\u00f6renden Geruch w\u00e4hrend des Betriebs und in den fertigen Produkten. Es eignet sich besonders f\u00fcr die Vernetzung von flexiblen Kabelisolierungen und EVA-Schaumprodukten in Silikonkautschuk-Vulkanisationskammern, wie z.B. gummiummantelte Kabel f\u00fcr Klimaanlagen, EVA-Schaumspielzeug, etc.<\/p>\n<p>2. Es kann durch Zugabe von Gummimaterial w\u00e4hrend des Mischens verwendet werden. Wenn die Vernetzungswirkung erforderlich ist, kann die Zugabemenge von 3 Teilen das hochmolekulare Polymer vollst\u00e4ndig vernetzen.<\/p>\n<p>3. Kann als Vernetzungsmittel f\u00fcr Kunststoffe und Gummi wie chloriertes Polyethylen, EPDM-Kautschuk, Ethylen-Vinylacetat-Copolymer, Silikonkautschuk, Nitrilkautschuk und Fluorkautschuk verwendet werden. Bei gleichem Vernetzungseffekt betr\u00e4gt die zugesetzte Menge etwa 2\/3 des DCP, und die Geruchsbel\u00e4stigung w\u00e4hrend des Arbeitsvorgangs und beim Endprodukt ist gering.<\/p>\n<h2><strong>BIPB Verpackung und Versand:<\/strong><\/h2>\n<p>20kgs\/Karton<\/p>\n<p>&nbsp;<\/p>\n<h2><strong>BIPB Lagerung:<\/strong><\/h2>\n<p>An einem k\u00fchlen, trockenen Ort (2-8\u00b0 C) ohne direkte Sonneneinstrahlung aufbewahren.<\/p>\n<p>&nbsp;<\/p>\n<h2><strong><b>Wo kann man BIPB kaufen? Kontaktieren Sie uns jetzt!<\/b><\/strong><\/h2>\n<h4><strong><b>Wenn Sie COA, MSDS oder TDS ben\u00f6tigen, geben Sie bitte Ihre Kontaktinformationen in das untenstehende Formular ein. Wir werden uns in der Regel innerhalb von 24 Stunden mit Ihnen in Verbindung setzen. Sie k\u00f6nnen mir auch eine E-Mail schicken<span style=\"color: #00ccff;\"> <a style=\"color: #00ccff;\" href=\"mailto:info@longchangchemical.com\">info@longchangchemical.com<\/a><\/span> w\u00e4hrend der Gesch\u00e4ftszeiten ( 8:30 bis 18:00 Uhr UTC+8 Mo.~Sa. ) oder nutzen Sie den Live-Chat auf der Website, um eine schnelle Antwort zu erhalten.<\/b><\/strong><\/h4>\n<p><!--more--><\/p>\n<h2><strong>Was sind die Gr\u00fcnde daf\u00fcr, dass BIPB und DCP geruchlos und geschmackvoll sind?<\/strong><\/h2>\n<p>Thermischer Zersetzungsprozess von DCP:<\/p>\n<p>Im Strukturdiagramm von DCP ist zu sehen, dass das Isopropylbenzol-Sauerstoffradikal, das durch den Bruch der Peroxidbindung w\u00e4hrend der thermischen Zersetzung von DCP entsteht, auch Methylradikale und Acetophenon bilden kann, eine Substanz mit unangenehmem Geruch, die f\u00fcr den menschlichen K\u00f6rper sch\u00e4dlich ist, weshalb DCP, wenn es als Vernetzungsmittel f\u00fcr Polymere verwendet wird, w\u00e4hrend des Vernetzungsprozesses sowie die aus DCP hergestellten Endprodukte eine Art unangenehmen Geruch aufweisen. Der Grund f\u00fcr den Geruch von DCP liegt nicht in DCP-R\u00fcckst\u00e4nden oder Verunreinigungen, so dass es nicht hei\u00dft, je h\u00f6her die Reinheit von DCP, desto geringer der Geruch.<\/p>\n<p>Thermischer Zersetzungsprozess des BIPB:<br \/>\nGenerate Alkylradikale, Alkylradikale und freie Polymer-Matrix-Reaktion, k\u00f6nnen wir sehen, dass die vernetzte kleine Molek\u00fcl-Produkte von BIPB haben:<\/p>\n<p>Methan (CH4) ...... gas<\/p>\n<p>Aceton ...... fl\u00fcchtig<\/p>\n<p>Tert-Butanol ...... fl\u00fcchtig<\/p>\n<p>Es gibt noch einige andere feste Verbindungen, die keinen Geruch haben, so dass BIPB im Vernetzungsprozess und in den Endprodukten fast keinen oder nur einen sehr geringen Geruch hat.<\/p>\n<p>Vorteile, Nachteile und L\u00f6sungen der BIPB<\/p>\n<p>Der Grund, warum BIPB ist geruchlos DCP zus\u00e4tzlich zu strukturellen \u00c4hnlichkeit genannt, gibt es einen weiteren wichtigen Grund, das hei\u00dft, fast kann anstelle von DCP kann durch BIPB ersetzt werden, BIPB anstelle von DCP Gummi-Eigenschaften, einschlie\u00dflich H\u00e4rte, Bruchfestigkeit, Dehnung, Rei\u00dffestigkeit und \u00d6lbest\u00e4ndigkeit, Alterung Koeffizient, usw., im Grunde die gleichen, und Druckverformung bei hohen Temperaturen, BIPB ist besser als DCP.<\/p>\n<p>Aber BIPB hat einen erheblichen Nachteil, n\u00e4mlich den Preis, der viel h\u00f6her ist als der von DCP, was der gr\u00f6\u00dfte Faktor ist, der die breite Verwendung von BIPB einschr\u00e4nkt. In Europa ist die Verwendung von BIPB viel h\u00f6her als DCP, mit den inl\u00e4ndischen Herstellern und Verbrauchern das Bewusstsein f\u00fcr den Umweltschutz zu st\u00e4rken, jetzt die inl\u00e4ndische Nachfrage nach BIPB ist auch mehr und mehr.<\/p>\n<p>Ein weiterer gro\u00dfer Nachteil von BIPB ist, dass bei der Verwendung von BIPB als Vernetzungsmittel f\u00fcr EPDM leicht das Ph\u00e4nomen von Spr\u00fchkristallen auftritt (beachten Sie, dass es sich um Spr\u00fchkristalle und nicht um Spr\u00fchfrost handelt), und das Licht bis zu den hellen Kristallen aufsteigt, w\u00e4hrend DCP dies nicht tut. Dies ist auf die Zersetzungsprodukte von BIPB und EPDM-Kautschuk zur\u00fcckzuf\u00fchren, die miteinander kompatibel sind und herausspritzen. Wenn Ihre Produkte ins Ausland, insbesondere nach Europa, exportiert werden, k\u00f6nnen Sie sicher sein, dass die Kunden wissen, dass Sie ein gutes Vulkanisierungsmittel verwenden, und es gerne annehmen. Wenn Sie dieses Ph\u00e4nomen des Kristallspritzens l\u00f6sen wollen, gibt es zwei Hauptmethoden:<\/p>\n<p>3.1. PEG4000 in die Formel geben;<\/p>\n<p>3.2. Verringerung der BIPB-Menge bei gleichzeitiger Zugabe eines Teils von Bis-2-5, was einer Verringerung der Zersetzungsprodukte von BIPB ohne Beeintr\u00e4chtigung der Vernetzungseffizienz entspricht.<\/p>\n<p>Diese beiden Programme haben erfolgreiche Beispiele, nat\u00fcrlich gibt es Hersteller von EPDM mit BIPB als Vernetzungsmittel scheint nicht zu spr\u00fchen Kristall-Ph\u00e4nomen, vielleicht, weil einer von ein paar Zusatzstoffe zur Begrenzung der Spray von Kristallen, die spezifische, warum ist nicht bekannt.<\/p>\n<p>Thermoplastische Kautschuk TPV verwenden auch BIPB als Vernetzungsmittel, aber mit der Automobilindustrie auf den Geruch Anforderungen werden immer h\u00f6her und h\u00f6her, das hei\u00dft, nach der Verwendung von BIPB, der Geruch nicht unbedingt den Anforderungen entsprechen, sondern m\u00fcssen auch weiter verarbeitet werden, wie die Verwendung von chemischen \/ physikalischen Adsorption, De-Volatilisation, Trocknung und andere Prozesse zur Verringerung der Geruch.<\/p>","protected":false},"excerpt":{"rendered":"<p>Chemische Bezeichnung: Bis(tert-butyldioxyisopropyl)benzol<br \/>\nDi(tert-butylperoxyisopropyl)benzol<\/p>\n<p>CAS-Nr.: 25155-25-3 oder 2212-81-9<\/p>\n<p><strong>Synonym<\/strong>:Perkadox 14S;Perkadox 14;FARIDA BIPB;Luperox F40;Luperox F90P<\/p>\n<p>Molekulare Formel: C20H34O4<\/p>\n<p>Strukturiert:<\/p>\n<p><img decoding=\"async\" class=\"alignnone size-full wp-image-5813\" src=\"https:\/\/longchangchemical.com\/wp-content\/uploads\/2022\/12\/Structured.jpg\" alt=\"\" width=\"520\" height=\"104\" \/><\/p>\n<p>Molekulargewicht: 338,48<\/p>","protected":false},"featured_media":6267,"comment_status":"closed","ping_status":"closed","template":"","meta":[],"product_brand":[],"product_cat":[142],"product_tag":[],"class_list":{"0":"post-5811","1":"product","2":"type-product","3":"status-publish","4":"has-post-thumbnail","6":"product_cat-siperox-organic-peroxide","8":"first","9":"instock","10":"shipping-taxable","11":"product-type-simple"},"yoast_head":"<!-- This site is optimized with the Yoast SEO plugin v25.3.1 - https:\/\/yoast.com\/wordpress\/plugins\/seo\/ -->\n<title>Odorless crosslinking agent BIPB 96 manufacturer Cas 25155-25-3 \/ 2212-81-9 - Longchang Chemical<\/title>\n<meta name=\"description\" content=\"BIPB 96,also known as Bis(tert-butyldioxyisopropyl)benzene;Di(tert-butylperoxyisopropyl)benzene;Perkadox 14S;Perkadox 14;Luperox F40;Luperox F90P;FARIDA BIPB and is the key product of Longchang Chemical. We are the leading Organic peroxide manufacturer and supplier in China with the best quanlity and competitive price.\" \/>\n<meta name=\"robots\" content=\"index, follow, max-snippet:-1, max-image-preview:large, max-video-preview:-1\" \/>\n<link rel=\"canonical\" href=\"https:\/\/longchangchemical.com\/de\/product\/siperox-bipb\/\" \/>\n<meta property=\"og:locale\" content=\"de_DE\" \/>\n<meta property=\"og:type\" content=\"article\" \/>\n<meta property=\"og:title\" content=\"Odorless crosslinking agent BIPB 96 manufacturer Cas 25155-25-3 \/ 2212-81-9 - Longchang Chemical\" \/>\n<meta property=\"og:description\" content=\"BIPB 96,also known as Bis(tert-butyldioxyisopropyl)benzene;Di(tert-butylperoxyisopropyl)benzene;Perkadox 14S;Perkadox 14;Luperox F40;Luperox F90P;FARIDA BIPB and is the key product of Longchang Chemical. We are the leading Organic peroxide manufacturer and supplier in China with the best quanlity and competitive price.\" \/>\n<meta property=\"og:url\" content=\"https:\/\/longchangchemical.com\/de\/product\/siperox-bipb\/\" \/>\n<meta property=\"og:site_name\" content=\"Longchang Chemical\" \/>\n<meta property=\"article:modified_time\" content=\"2025-12-16T08:59:07+00:00\" \/>\n<meta property=\"og:image\" content=\"https:\/\/longchangchemical.com\/wp-content\/uploads\/2022\/12\/Siperox\u00ae-BIPB-1.jpg\" \/>\n\t<meta property=\"og:image:width\" content=\"800\" \/>\n\t<meta property=\"og:image:height\" content=\"800\" \/>\n\t<meta property=\"og:image:type\" content=\"image\/jpeg\" \/>\n<meta name=\"twitter:card\" content=\"summary_large_image\" \/>\n<script type=\"application\/ld+json\" class=\"yoast-schema-graph\">{\"@context\":\"https:\/\/schema.org\",\"@graph\":[{\"@type\":\"WebPage\",\"@id\":\"https:\/\/longchangchemical.com\/product\/siperox-bipb\/\",\"url\":\"https:\/\/longchangchemical.com\/product\/siperox-bipb\/\",\"name\":\"Odorless crosslinking agent BIPB 96 manufacturer Cas 25155-25-3 \/ 2212-81-9 - Longchang Chemical\",\"isPartOf\":{\"@id\":\"https:\/\/longchangchemical.com\/#website\"},\"primaryImageOfPage\":{\"@id\":\"https:\/\/longchangchemical.com\/product\/siperox-bipb\/#primaryimage\"},\"image\":{\"@id\":\"https:\/\/longchangchemical.com\/product\/siperox-bipb\/#primaryimage\"},\"thumbnailUrl\":\"https:\/\/longchangchemical.com\/wp-content\/uploads\/2022\/12\/Siperox\u00ae-BIPB-1.jpg\",\"datePublished\":\"2022-12-20T11:48:37+00:00\",\"dateModified\":\"2025-12-16T08:59:07+00:00\",\"description\":\"BIPB 96,also known as Bis(tert-butyldioxyisopropyl)benzene;Di(tert-butylperoxyisopropyl)benzene;Perkadox 14S;Perkadox 14;Luperox F40;Luperox F90P;FARIDA BIPB and is the key product of Longchang Chemical. We are the leading Organic peroxide manufacturer and supplier in China with the best quanlity and competitive price.\",\"breadcrumb\":{\"@id\":\"https:\/\/longchangchemical.com\/product\/siperox-bipb\/#breadcrumb\"},\"inLanguage\":\"de\",\"potentialAction\":[{\"@type\":\"ReadAction\",\"target\":[\"https:\/\/longchangchemical.com\/product\/siperox-bipb\/\"]}]},{\"@type\":\"ImageObject\",\"inLanguage\":\"de\",\"@id\":\"https:\/\/longchangchemical.com\/product\/siperox-bipb\/#primaryimage\",\"url\":\"https:\/\/longchangchemical.com\/wp-content\/uploads\/2022\/12\/Siperox\u00ae-BIPB-1.jpg\",\"contentUrl\":\"https:\/\/longchangchemical.com\/wp-content\/uploads\/2022\/12\/Siperox\u00ae-BIPB-1.jpg\",\"width\":800,\"height\":800,\"caption\":\"BIPB 96 \/ Bis(t-butylperoxy isopropy)benzene CAS 25155-25-3\"},{\"@type\":\"BreadcrumbList\",\"@id\":\"https:\/\/longchangchemical.com\/product\/siperox-bipb\/#breadcrumb\",\"itemListElement\":[{\"@type\":\"ListItem\",\"position\":1,\"name\":\"Home\",\"item\":\"https:\/\/longchangchemical.com\/\"},{\"@type\":\"ListItem\",\"position\":2,\"name\":\"Products Longchang\",\"item\":\"https:\/\/longchangchemical.com\/product\/\"},{\"@type\":\"ListItem\",\"position\":3,\"name\":\"BIPB 96 \/ Bis(t-butylperoxy isopropy)benzene CAS 25155-25-3\"}]},{\"@type\":\"WebSite\",\"@id\":\"https:\/\/longchangchemical.com\/#website\",\"url\":\"https:\/\/longchangchemical.com\/\",\"name\":\"Longchang Chemical\",\"description\":\"China chemical manufacturer \uff06 supplier\",\"publisher\":{\"@id\":\"https:\/\/longchangchemical.com\/#organization\"},\"potentialAction\":[{\"@type\":\"SearchAction\",\"target\":{\"@type\":\"EntryPoint\",\"urlTemplate\":\"https:\/\/longchangchemical.com\/?s={search_term_string}\"},\"query-input\":{\"@type\":\"PropertyValueSpecification\",\"valueRequired\":true,\"valueName\":\"search_term_string\"}}],\"inLanguage\":\"de\"},{\"@type\":\"Organization\",\"@id\":\"https:\/\/longchangchemical.com\/#organization\",\"name\":\"Longchang Chemical\",\"url\":\"https:\/\/longchangchemical.com\/\",\"logo\":{\"@type\":\"ImageObject\",\"inLanguage\":\"de\",\"@id\":\"https:\/\/longchangchemical.com\/#\/schema\/logo\/image\/\",\"url\":\"https:\/\/longchangchemical.com\/wp-content\/uploads\/2020\/08\/cropped-longchang-logo.png\",\"contentUrl\":\"https:\/\/longchangchemical.com\/wp-content\/uploads\/2020\/08\/cropped-longchang-logo.png\",\"width\":512,\"height\":512,\"caption\":\"Longchang Chemical\"},\"image\":{\"@id\":\"https:\/\/longchangchemical.com\/#\/schema\/logo\/image\/\"}}]}<\/script>\n<!-- \/ Yoast SEO plugin. -->","yoast_head_json":{"title":"Geruchloses Vernetzungsmittel BIPB 96 Hersteller Cas 25155-25-3 \/ 2212-81-9 - Longchang Chemical","description":"BIPB 96, auch bekannt als Bis(tert-butyldioxyisopropyl)benzol;Di(tert-butylperoxyisopropyl)benzol;Perkadox 14S;Perkadox 14;Luperox F40;Luperox F90P;FARIDA BIPB und ist das Schl\u00fcsselprodukt von Longchang Chemical. Wir sind der f\u00fchrende Hersteller und Lieferant von organischem Peroxid in China mit der besten Qualit\u00e4t und konkurrenzf\u00e4higem Preis.","robots":{"index":"index","follow":"follow","max-snippet":"max-snippet:-1","max-image-preview":"max-image-preview:large","max-video-preview":"max-video-preview:-1"},"canonical":"https:\/\/longchangchemical.com\/de\/product\/siperox-bipb\/","og_locale":"de_DE","og_type":"article","og_title":"Odorless crosslinking agent BIPB 96 manufacturer Cas 25155-25-3 \/ 2212-81-9 - Longchang Chemical","og_description":"BIPB 96,also known as Bis(tert-butyldioxyisopropyl)benzene;Di(tert-butylperoxyisopropyl)benzene;Perkadox 14S;Perkadox 14;Luperox F40;Luperox F90P;FARIDA BIPB and is the key product of Longchang Chemical. We are the leading Organic peroxide manufacturer and supplier in China with the best quanlity and competitive price.","og_url":"https:\/\/longchangchemical.com\/de\/product\/siperox-bipb\/","og_site_name":"Longchang Chemical","article_modified_time":"2025-12-16T08:59:07+00:00","og_image":[{"width":800,"height":800,"url":"https:\/\/longchangchemical.com\/wp-content\/uploads\/2022\/12\/Siperox\u00ae-BIPB-1.jpg","type":"image\/jpeg"}],"twitter_card":"summary_large_image","schema":{"@context":"https:\/\/schema.org","@graph":[{"@type":"WebPage","@id":"https:\/\/longchangchemical.com\/product\/siperox-bipb\/","url":"https:\/\/longchangchemical.com\/product\/siperox-bipb\/","name":"Geruchloses Vernetzungsmittel BIPB 96 Hersteller Cas 25155-25-3 \/ 2212-81-9 - Longchang Chemical","isPartOf":{"@id":"https:\/\/longchangchemical.com\/#website"},"primaryImageOfPage":{"@id":"https:\/\/longchangchemical.com\/product\/siperox-bipb\/#primaryimage"},"image":{"@id":"https:\/\/longchangchemical.com\/product\/siperox-bipb\/#primaryimage"},"thumbnailUrl":"https:\/\/longchangchemical.com\/wp-content\/uploads\/2022\/12\/Siperox\u00ae-BIPB-1.jpg","datePublished":"2022-12-20T11:48:37+00:00","dateModified":"2025-12-16T08:59:07+00:00","description":"BIPB 96, auch bekannt als Bis(tert-butyldioxyisopropyl)benzol;Di(tert-butylperoxyisopropyl)benzol;Perkadox 14S;Perkadox 14;Luperox F40;Luperox F90P;FARIDA BIPB und ist das Schl\u00fcsselprodukt von Longchang Chemical. Wir sind der f\u00fchrende Hersteller und Lieferant von organischem Peroxid in China mit der besten Qualit\u00e4t und konkurrenzf\u00e4higem Preis.","breadcrumb":{"@id":"https:\/\/longchangchemical.com\/product\/siperox-bipb\/#breadcrumb"},"inLanguage":"de","potentialAction":[{"@type":"ReadAction","target":["https:\/\/longchangchemical.com\/product\/siperox-bipb\/"]}]},{"@type":"ImageObject","inLanguage":"de","@id":"https:\/\/longchangchemical.com\/product\/siperox-bipb\/#primaryimage","url":"https:\/\/longchangchemical.com\/wp-content\/uploads\/2022\/12\/Siperox\u00ae-BIPB-1.jpg","contentUrl":"https:\/\/longchangchemical.com\/wp-content\/uploads\/2022\/12\/Siperox\u00ae-BIPB-1.jpg","width":800,"height":800,"caption":"BIPB 96 \/ Bis(t-butylperoxy isopropy)benzene CAS 25155-25-3"},{"@type":"BreadcrumbList","@id":"https:\/\/longchangchemical.com\/product\/siperox-bipb\/#breadcrumb","itemListElement":[{"@type":"ListItem","position":1,"name":"Home","item":"https:\/\/longchangchemical.com\/"},{"@type":"ListItem","position":2,"name":"Products Longchang","item":"https:\/\/longchangchemical.com\/product\/"},{"@type":"ListItem","position":3,"name":"BIPB 96 \/ Bis(t-butylperoxy isopropy)benzene CAS 25155-25-3"}]},{"@type":"WebSite","@id":"https:\/\/longchangchemical.com\/#website","url":"https:\/\/longchangchemical.com\/","name":"Longchang Chemical","description":"China Hersteller von Chemikalien \uff06 Lieferant","publisher":{"@id":"https:\/\/longchangchemical.com\/#organization"},"potentialAction":[{"@type":"SearchAction","target":{"@type":"EntryPoint","urlTemplate":"https:\/\/longchangchemical.com\/?s={search_term_string}"},"query-input":{"@type":"PropertyValueSpecification","valueRequired":true,"valueName":"search_term_string"}}],"inLanguage":"de"},{"@type":"Organization","@id":"https:\/\/longchangchemical.com\/#organization","name":"Longchang Chemical","url":"https:\/\/longchangchemical.com\/","logo":{"@type":"ImageObject","inLanguage":"de","@id":"https:\/\/longchangchemical.com\/#\/schema\/logo\/image\/","url":"https:\/\/longchangchemical.com\/wp-content\/uploads\/2020\/08\/cropped-longchang-logo.png","contentUrl":"https:\/\/longchangchemical.com\/wp-content\/uploads\/2020\/08\/cropped-longchang-logo.png","width":512,"height":512,"caption":"Longchang Chemical"},"image":{"@id":"https:\/\/longchangchemical.com\/#\/schema\/logo\/image\/"}}]}},"_links":{"self":[{"href":"https:\/\/longchangchemical.com\/de\/wp-json\/wp\/v2\/product\/5811","targetHints":{"allow":["GET"]}}],"collection":[{"href":"https:\/\/longchangchemical.com\/de\/wp-json\/wp\/v2\/product"}],"about":[{"href":"https:\/\/longchangchemical.com\/de\/wp-json\/wp\/v2\/types\/product"}],"replies":[{"embeddable":true,"href":"https:\/\/longchangchemical.com\/de\/wp-json\/wp\/v2\/comments?post=5811"}],"wp:featuredmedia":[{"embeddable":true,"href":"https:\/\/longchangchemical.com\/de\/wp-json\/wp\/v2\/media\/6267"}],"wp:attachment":[{"href":"https:\/\/longchangchemical.com\/de\/wp-json\/wp\/v2\/media?parent=5811"}],"wp:term":[{"taxonomy":"product_brand","embeddable":true,"href":"https:\/\/longchangchemical.com\/de\/wp-json\/wp\/v2\/product_brand?post=5811"},{"taxonomy":"product_cat","embeddable":true,"href":"https:\/\/longchangchemical.com\/de\/wp-json\/wp\/v2\/product_cat?post=5811"},{"taxonomy":"product_tag","embeddable":true,"href":"https:\/\/longchangchemical.com\/de\/wp-json\/wp\/v2\/product_tag?post=5811"}],"curies":[{"name":"wp","href":"https:\/\/api.w.org\/{rel}","templated":true}]}}