{"id":5808,"date":"2022-12-19T13:02:35","date_gmt":"2022-12-19T13:02:35","guid":{"rendered":"https:\/\/longchangchemical.com\/?post_type=product&#038;p=5808"},"modified":"2025-12-22T06:53:27","modified_gmt":"2025-12-22T06:53:27","slug":"sinofdas-udad-ursodeoxycholic-acid-cas-128-13-2","status":"publish","type":"product","link":"https:\/\/longchangchemical.com\/de\/product\/sinofdas-udad-ursodeoxycholic-acid-cas-128-13-2\/","title":{"rendered":"UDAD CAS 128-13-2"},"content":{"rendered":"<h1><strong>Ursodeoxychols\u00e4ure CAS 128-13-2<\/strong><\/h1>\n<table class=\"table-1\">\n<tbody>\n<tr>\n<td width=\"281\">Artikel<\/td>\n<td width=\"369\">Spezifikationen<\/td>\n<\/tr>\n<tr>\n<td width=\"281\">Erscheinungsbild<\/td>\n<td width=\"369\">Wei\u00dfes oder fast wei\u00dfes Pulver<\/td>\n<\/tr>\n<tr>\n<td width=\"281\">L\u00f6slichkeit<\/td>\n<td width=\"369\">Praktisch unl\u00f6slich in Wasser; gut l\u00f6slich in Ethanol (96 %); schwach l\u00f6slich in Aceton; praktisch unl\u00f6slich in Methylenchlorid.<\/td>\n<\/tr>\n<tr>\n<td width=\"281\">IR-Identifizierung<\/td>\n<td width=\"369\">Das IR-Absorptionsspektrum sollte mit dem des Referenzstandards \u00fcbereinstimmen.<\/td>\n<\/tr>\n<tr>\n<td width=\"281\">TLC-Identifizierung<\/td>\n<td width=\"369\">Der Hauptfleck im mit der Restl\u00f6sung(b) erhaltenen Chromatogramm ist in Position, Farbe und Gr\u00f6\u00dfe dem Hauptfleck im mit der Referenzl\u00f6sung(a) erhaltenen Chromatogramm \u00e4hnlich.<\/td>\n<\/tr>\n<tr>\n<td width=\"281\">Chemische Identifizierung<\/td>\n<td width=\"369\">Die erhaltene Suspension ist gr\u00fcnlich-blau.<\/td>\n<\/tr>\n<tr>\n<td width=\"281\">Spezifische optische<\/td>\n<td width=\"369\">+58,0\u00ba~+62,0\u00ba<\/td>\n<\/tr>\n<tr>\n<td width=\"281\">Schmelzpunkt<\/td>\n<td width=\"369\">\u00dcber 202\u2103<\/td>\n<\/tr>\n<tr>\n<td width=\"281\">Verunreinigung C<\/td>\n<td width=\"369\">\u22640.1%<\/td>\n<\/tr>\n<tr>\n<td width=\"281\">Verunreinigung A<\/td>\n<td width=\"369\">\u22641,0%<\/td>\n<\/tr>\n<tr>\n<td width=\"281\">Nicht spezifizierte Verunreinigungen<\/td>\n<td width=\"369\">\u22640.1%<\/td>\n<\/tr>\n<tr>\n<td width=\"281\">Verunreinigungen insgesamt<\/td>\n<td width=\"369\">\u00a0\u22641,5%<\/td>\n<\/tr>\n<tr>\n<td width=\"281\">Methanol<\/td>\n<td width=\"369\">\u22643000ppm<\/td>\n<\/tr>\n<tr>\n<td width=\"281\">Isopropanol<\/td>\n<td width=\"369\">\u22645000ppm<\/td>\n<\/tr>\n<tr>\n<td width=\"281\">Ethylacetat<\/td>\n<td width=\"369\">\u22645000ppm<\/td>\n<\/tr>\n<tr>\n<td width=\"281\">Verlust beim Trocknen<\/td>\n<td width=\"369\">\u22641,0%<\/td>\n<\/tr>\n<tr>\n<td width=\"281\">Sulfatierte Asche<\/td>\n<td width=\"369\">\u22640.1%<\/td>\n<\/tr>\n<tr>\n<td width=\"281\">Schwermetalle<\/td>\n<td width=\"369\">\u226420ppm<\/td>\n<\/tr>\n<tr>\n<td width=\"281\">Aerobe Gesamtkeimzahl<\/td>\n<td width=\"369\">\u226410\u00b3cfu\/g<\/td>\n<\/tr>\n<tr>\n<td width=\"281\">Gesamtzahl der Hefen und Schimmelpilze<\/td>\n<td width=\"369\">\u226410\u00b2cfu\/g<\/td>\n<\/tr>\n<tr>\n<td width=\"281\">Escherichia coli<\/td>\n<td width=\"369\">Nicht entdeckt<\/td>\n<\/tr>\n<tr>\n<td width=\"281\">Analyse (auf Trockensubstanz)<\/td>\n<td width=\"369\">\u00a099.0%~101.0%<\/td>\n<\/tr>\n<tr>\n<td width=\"281\">Partikelgr\u00f6\u00dfe<\/td>\n<td width=\"369\">Zum Vergleich<\/td>\n<\/tr>\n<\/tbody>\n<\/table>\n<h2><\/h2>\n<h2><strong>Ursodeoxychols\u00e4ure Verwendung<\/strong><\/h2>\n<p>1. Studie zeigt, dass Ursodeoxychols\u00e4ure zur Vorbeugung von Infektionen mit Neokoronaviren eingesetzt werden kann. Sie reduziert die Anzahl der ACE-Rezeptoren auf den Zellen und erschwert so den Viren das Eindringen in menschliche Zellen.<\/p>\n<p>2. Ursodeoxychols\u00e4ure hat eine g\u00fcnstige cholestatische Wirkung, da sie die Sekretion von Gallens\u00e4uren erh\u00f6ht, wenn sie in den K\u00f6rper des Patienten gelangt.<\/p>\n<p>3. Sie hemmt auch die Cholesterinsynthese in der Leber und reduziert so das in der Galle enthaltene Cholesterin und die Cholesterinester. Dar\u00fcber hinaus haben Studien gezeigt, dass Ursodeoxychols\u00e4ure bei chronischen Lebererkrankungen eine immunmodulatorische Wirkung haben kann.<\/p>\n<p>4. Ursodeoxychols\u00e4ure ist n\u00fctzlich f\u00fcr die Senkung des Cholesterinspiegels und die Aufl\u00f6sung von Steinen und kann f\u00fcr die Behandlung von kleinen Steinen in der Gallenblase ohne Operation verwendet werden.<\/p>\n<p>&nbsp;<\/p>\n<h2><strong>Ursodeoxychols\u00e4ure Verpackung und Versand<\/strong><\/h2>\n<p>Verpackung:25KG\/Fass<br \/>\nLieferung:St\u00fcckgut<\/p>\n<h2><strong>Ursodeoxychols\u00e4ure Lagerung<\/strong><\/h2>\n<p>Lagerbedingungen: K\u00fchl, trocken und gut bel\u00fcftet lagern.<\/p>\n<p>&nbsp;<\/p>\n<h2><strong><b>Kontaktieren Sie uns jetzt!<\/b><\/strong><\/h2>\n<h4><strong><b>Wenn Sie COA, MSDS oder TDS ben\u00f6tigen, geben Sie bitte Ihre Kontaktinformationen in das untenstehende Formular ein. Wir werden uns in der Regel innerhalb von 24 Stunden mit Ihnen in Verbindung setzen.<\/b><\/strong> Sie k\u00f6nnen mir auch eine E-Mail schicken <a href=\"mailto:info@longchangchemical.com\"><span style=\"color: #0000ff;\">info@longchangchemical.com<\/span><\/a> w\u00e4hrend der Gesch\u00e4ftszeiten ( 8:30 bis 18:00 Uhr UTC+8 Mo.~Sa. ) oder nutzen Sie den Live-Chat auf der Website, um eine schnelle Antwort zu erhalten.<\/h4>","protected":false},"excerpt":{"rendered":"<p>Chemische Bezeichnung:Ursodeoxychols\u00e4ure<br \/>\nCAS-Nr.:128-13-2<br \/>\nSummenformel:C24H40O4<\/p>\n<p>Molekulargewicht:392.57<br \/>\nAussehen:wei\u00dfes Pulver<\/p>\n<p>Assay:99%<br \/>\nAussehen:wei\u00dfes Pulver<br \/>\nKapazit\u00e4t:300MT\/Monat<br \/>\nVerpackung:25KG\/Fass<br \/>\nMuster:verf\u00fcgbar<\/p>","protected":false},"featured_media":5809,"comment_status":"open","ping_status":"closed","template":"","meta":[],"product_brand":[],"product_cat":[73],"product_tag":[],"class_list":{"0":"post-5808","1":"product","2":"type-product","3":"status-publish","4":"has-post-thumbnail","6":"product_cat-other-additives","8":"first","9":"instock","10":"shipping-taxable","11":"product-type-simple"},"yoast_head":"<!-- This site is optimized with the Yoast SEO plugin v25.3.1 - https:\/\/yoast.com\/wordpress\/plugins\/seo\/ -->\n<title>China Ursodeoxycholic acid Manufacturer CAS 128-13-2 supplier - Longchang Chemical<\/title>\n<meta name=\"description\" content=\"UDAD CAS 128-13-2 is a key product of Longchang Chemical. We provide the best price. We are the leading manufacturer in China with the best quality and competitive price.\" \/>\n<meta name=\"robots\" content=\"index, follow, max-snippet:-1, max-image-preview:large, max-video-preview:-1\" \/>\n<link rel=\"canonical\" href=\"https:\/\/longchangchemical.com\/de\/product\/sinofdas-udad-ursodeoxycholic-acid-cas-128-13-2\/\" \/>\n<meta property=\"og:locale\" content=\"de_DE\" \/>\n<meta property=\"og:type\" content=\"article\" \/>\n<meta property=\"og:title\" content=\"China Ursodeoxycholic acid Manufacturer CAS 128-13-2 supplier - Longchang Chemical\" \/>\n<meta property=\"og:description\" content=\"UDAD CAS 128-13-2 is a key product of Longchang Chemical. We provide the best price. We are the leading manufacturer in China with the best quality and competitive price.\" \/>\n<meta property=\"og:url\" content=\"https:\/\/longchangchemical.com\/de\/product\/sinofdas-udad-ursodeoxycholic-acid-cas-128-13-2\/\" \/>\n<meta property=\"og:site_name\" content=\"Longchang Chemical\" \/>\n<meta property=\"article:modified_time\" content=\"2025-12-22T06:53:27+00:00\" \/>\n<meta property=\"og:image\" content=\"https:\/\/longchangchemical.com\/wp-content\/uploads\/2022\/12\/-UDAD-Ursodeoxycholic-acid-CAS-128-13-2.jpg\" \/>\n\t<meta property=\"og:image:width\" content=\"800\" \/>\n\t<meta property=\"og:image:height\" content=\"800\" \/>\n\t<meta property=\"og:image:type\" content=\"image\/jpeg\" \/>\n<meta name=\"twitter:card\" content=\"summary_large_image\" \/>\n<script type=\"application\/ld+json\" class=\"yoast-schema-graph\">{\"@context\":\"https:\/\/schema.org\",\"@graph\":[{\"@type\":\"WebPage\",\"@id\":\"https:\/\/longchangchemical.com\/product\/sinofdas-udad-ursodeoxycholic-acid-cas-128-13-2\/\",\"url\":\"https:\/\/longchangchemical.com\/product\/sinofdas-udad-ursodeoxycholic-acid-cas-128-13-2\/\",\"name\":\"China Ursodeoxycholic acid Manufacturer CAS 128-13-2 supplier - Longchang Chemical\",\"isPartOf\":{\"@id\":\"https:\/\/longchangchemical.com\/#website\"},\"primaryImageOfPage\":{\"@id\":\"https:\/\/longchangchemical.com\/product\/sinofdas-udad-ursodeoxycholic-acid-cas-128-13-2\/#primaryimage\"},\"image\":{\"@id\":\"https:\/\/longchangchemical.com\/product\/sinofdas-udad-ursodeoxycholic-acid-cas-128-13-2\/#primaryimage\"},\"thumbnailUrl\":\"https:\/\/longchangchemical.com\/wp-content\/uploads\/2022\/12\/-UDAD-Ursodeoxycholic-acid-CAS-128-13-2.jpg\",\"datePublished\":\"2022-12-19T13:02:35+00:00\",\"dateModified\":\"2025-12-22T06:53:27+00:00\",\"description\":\"UDAD CAS 128-13-2 is a key product of Longchang Chemical. We provide the best price. We are the leading manufacturer in China with the best quality and competitive price.\",\"breadcrumb\":{\"@id\":\"https:\/\/longchangchemical.com\/product\/sinofdas-udad-ursodeoxycholic-acid-cas-128-13-2\/#breadcrumb\"},\"inLanguage\":\"de\",\"potentialAction\":[{\"@type\":\"ReadAction\",\"target\":[\"https:\/\/longchangchemical.com\/product\/sinofdas-udad-ursodeoxycholic-acid-cas-128-13-2\/\"]}]},{\"@type\":\"ImageObject\",\"inLanguage\":\"de\",\"@id\":\"https:\/\/longchangchemical.com\/product\/sinofdas-udad-ursodeoxycholic-acid-cas-128-13-2\/#primaryimage\",\"url\":\"https:\/\/longchangchemical.com\/wp-content\/uploads\/2022\/12\/-UDAD-Ursodeoxycholic-acid-CAS-128-13-2.jpg\",\"contentUrl\":\"https:\/\/longchangchemical.com\/wp-content\/uploads\/2022\/12\/-UDAD-Ursodeoxycholic-acid-CAS-128-13-2.jpg\",\"width\":800,\"height\":800,\"caption\":\"UDAD \/ Ursodeoxycholic acid CAS 128-13-2\"},{\"@type\":\"BreadcrumbList\",\"@id\":\"https:\/\/longchangchemical.com\/product\/sinofdas-udad-ursodeoxycholic-acid-cas-128-13-2\/#breadcrumb\",\"itemListElement\":[{\"@type\":\"ListItem\",\"position\":1,\"name\":\"Home\",\"item\":\"https:\/\/longchangchemical.com\/\"},{\"@type\":\"ListItem\",\"position\":2,\"name\":\"Products Longchang\",\"item\":\"https:\/\/longchangchemical.com\/product\/\"},{\"@type\":\"ListItem\",\"position\":3,\"name\":\"UDAD CAS 128-13-2\"}]},{\"@type\":\"WebSite\",\"@id\":\"https:\/\/longchangchemical.com\/#website\",\"url\":\"https:\/\/longchangchemical.com\/\",\"name\":\"Longchang Chemical\",\"description\":\"China chemical manufacturer \uff06 supplier\",\"publisher\":{\"@id\":\"https:\/\/longchangchemical.com\/#organization\"},\"potentialAction\":[{\"@type\":\"SearchAction\",\"target\":{\"@type\":\"EntryPoint\",\"urlTemplate\":\"https:\/\/longchangchemical.com\/?s={search_term_string}\"},\"query-input\":{\"@type\":\"PropertyValueSpecification\",\"valueRequired\":true,\"valueName\":\"search_term_string\"}}],\"inLanguage\":\"de\"},{\"@type\":\"Organization\",\"@id\":\"https:\/\/longchangchemical.com\/#organization\",\"name\":\"Longchang Chemical\",\"url\":\"https:\/\/longchangchemical.com\/\",\"logo\":{\"@type\":\"ImageObject\",\"inLanguage\":\"de\",\"@id\":\"https:\/\/longchangchemical.com\/#\/schema\/logo\/image\/\",\"url\":\"https:\/\/longchangchemical.com\/wp-content\/uploads\/2020\/08\/cropped-longchang-logo.png\",\"contentUrl\":\"https:\/\/longchangchemical.com\/wp-content\/uploads\/2020\/08\/cropped-longchang-logo.png\",\"width\":512,\"height\":512,\"caption\":\"Longchang Chemical\"},\"image\":{\"@id\":\"https:\/\/longchangchemical.com\/#\/schema\/logo\/image\/\"}}]}<\/script>\n<!-- \/ Yoast SEO plugin. -->","yoast_head_json":{"title":"China Ursodeoxychols\u00e4ure Hersteller CAS 128-13-2 Lieferant - Longchang Chemical","description":"UDAD CAS 128-13-2 ist ein Schl\u00fcsselprodukt von Longchang Chemical. Wir bieten den besten Preis. Wir sind der f\u00fchrende Hersteller in China mit der besten Qualit\u00e4t und konkurrenzf\u00e4higem Preis.","robots":{"index":"index","follow":"follow","max-snippet":"max-snippet:-1","max-image-preview":"max-image-preview:large","max-video-preview":"max-video-preview:-1"},"canonical":"https:\/\/longchangchemical.com\/de\/product\/sinofdas-udad-ursodeoxycholic-acid-cas-128-13-2\/","og_locale":"de_DE","og_type":"article","og_title":"China Ursodeoxycholic acid Manufacturer CAS 128-13-2 supplier - Longchang Chemical","og_description":"UDAD CAS 128-13-2 is a key product of Longchang Chemical. We provide the best price. We are the leading manufacturer in China with the best quality and competitive price.","og_url":"https:\/\/longchangchemical.com\/de\/product\/sinofdas-udad-ursodeoxycholic-acid-cas-128-13-2\/","og_site_name":"Longchang Chemical","article_modified_time":"2025-12-22T06:53:27+00:00","og_image":[{"width":800,"height":800,"url":"https:\/\/longchangchemical.com\/wp-content\/uploads\/2022\/12\/-UDAD-Ursodeoxycholic-acid-CAS-128-13-2.jpg","type":"image\/jpeg"}],"twitter_card":"summary_large_image","schema":{"@context":"https:\/\/schema.org","@graph":[{"@type":"WebPage","@id":"https:\/\/longchangchemical.com\/product\/sinofdas-udad-ursodeoxycholic-acid-cas-128-13-2\/","url":"https:\/\/longchangchemical.com\/product\/sinofdas-udad-ursodeoxycholic-acid-cas-128-13-2\/","name":"China Ursodeoxychols\u00e4ure Hersteller CAS 128-13-2 Lieferant - Longchang Chemical","isPartOf":{"@id":"https:\/\/longchangchemical.com\/#website"},"primaryImageOfPage":{"@id":"https:\/\/longchangchemical.com\/product\/sinofdas-udad-ursodeoxycholic-acid-cas-128-13-2\/#primaryimage"},"image":{"@id":"https:\/\/longchangchemical.com\/product\/sinofdas-udad-ursodeoxycholic-acid-cas-128-13-2\/#primaryimage"},"thumbnailUrl":"https:\/\/longchangchemical.com\/wp-content\/uploads\/2022\/12\/-UDAD-Ursodeoxycholic-acid-CAS-128-13-2.jpg","datePublished":"2022-12-19T13:02:35+00:00","dateModified":"2025-12-22T06:53:27+00:00","description":"UDAD CAS 128-13-2 ist ein Schl\u00fcsselprodukt von Longchang Chemical. Wir bieten den besten Preis. Wir sind der f\u00fchrende Hersteller in China mit der besten Qualit\u00e4t und konkurrenzf\u00e4higem Preis.","breadcrumb":{"@id":"https:\/\/longchangchemical.com\/product\/sinofdas-udad-ursodeoxycholic-acid-cas-128-13-2\/#breadcrumb"},"inLanguage":"de","potentialAction":[{"@type":"ReadAction","target":["https:\/\/longchangchemical.com\/product\/sinofdas-udad-ursodeoxycholic-acid-cas-128-13-2\/"]}]},{"@type":"ImageObject","inLanguage":"de","@id":"https:\/\/longchangchemical.com\/product\/sinofdas-udad-ursodeoxycholic-acid-cas-128-13-2\/#primaryimage","url":"https:\/\/longchangchemical.com\/wp-content\/uploads\/2022\/12\/-UDAD-Ursodeoxycholic-acid-CAS-128-13-2.jpg","contentUrl":"https:\/\/longchangchemical.com\/wp-content\/uploads\/2022\/12\/-UDAD-Ursodeoxycholic-acid-CAS-128-13-2.jpg","width":800,"height":800,"caption":"UDAD \/ Ursodeoxycholic acid CAS 128-13-2"},{"@type":"BreadcrumbList","@id":"https:\/\/longchangchemical.com\/product\/sinofdas-udad-ursodeoxycholic-acid-cas-128-13-2\/#breadcrumb","itemListElement":[{"@type":"ListItem","position":1,"name":"Home","item":"https:\/\/longchangchemical.com\/"},{"@type":"ListItem","position":2,"name":"Products Longchang","item":"https:\/\/longchangchemical.com\/product\/"},{"@type":"ListItem","position":3,"name":"UDAD CAS 128-13-2"}]},{"@type":"WebSite","@id":"https:\/\/longchangchemical.com\/#website","url":"https:\/\/longchangchemical.com\/","name":"Longchang Chemical","description":"China Hersteller von Chemikalien \uff06 Lieferant","publisher":{"@id":"https:\/\/longchangchemical.com\/#organization"},"potentialAction":[{"@type":"SearchAction","target":{"@type":"EntryPoint","urlTemplate":"https:\/\/longchangchemical.com\/?s={search_term_string}"},"query-input":{"@type":"PropertyValueSpecification","valueRequired":true,"valueName":"search_term_string"}}],"inLanguage":"de"},{"@type":"Organization","@id":"https:\/\/longchangchemical.com\/#organization","name":"Longchang Chemical","url":"https:\/\/longchangchemical.com\/","logo":{"@type":"ImageObject","inLanguage":"de","@id":"https:\/\/longchangchemical.com\/#\/schema\/logo\/image\/","url":"https:\/\/longchangchemical.com\/wp-content\/uploads\/2020\/08\/cropped-longchang-logo.png","contentUrl":"https:\/\/longchangchemical.com\/wp-content\/uploads\/2020\/08\/cropped-longchang-logo.png","width":512,"height":512,"caption":"Longchang Chemical"},"image":{"@id":"https:\/\/longchangchemical.com\/#\/schema\/logo\/image\/"}}]}},"_links":{"self":[{"href":"https:\/\/longchangchemical.com\/de\/wp-json\/wp\/v2\/product\/5808","targetHints":{"allow":["GET"]}}],"collection":[{"href":"https:\/\/longchangchemical.com\/de\/wp-json\/wp\/v2\/product"}],"about":[{"href":"https:\/\/longchangchemical.com\/de\/wp-json\/wp\/v2\/types\/product"}],"replies":[{"embeddable":true,"href":"https:\/\/longchangchemical.com\/de\/wp-json\/wp\/v2\/comments?post=5808"}],"wp:featuredmedia":[{"embeddable":true,"href":"https:\/\/longchangchemical.com\/de\/wp-json\/wp\/v2\/media\/5809"}],"wp:attachment":[{"href":"https:\/\/longchangchemical.com\/de\/wp-json\/wp\/v2\/media?parent=5808"}],"wp:term":[{"taxonomy":"product_brand","embeddable":true,"href":"https:\/\/longchangchemical.com\/de\/wp-json\/wp\/v2\/product_brand?post=5808"},{"taxonomy":"product_cat","embeddable":true,"href":"https:\/\/longchangchemical.com\/de\/wp-json\/wp\/v2\/product_cat?post=5808"},{"taxonomy":"product_tag","embeddable":true,"href":"https:\/\/longchangchemical.com\/de\/wp-json\/wp\/v2\/product_tag?post=5808"}],"curies":[{"name":"wp","href":"https:\/\/api.w.org\/{rel}","templated":true}]}}