{"id":5782,"date":"2022-12-10T13:41:24","date_gmt":"2022-12-10T13:41:24","guid":{"rendered":"https:\/\/longchangchemical.com\/?post_type=product&#038;p=5782"},"modified":"2025-04-01T07:11:34","modified_gmt":"2025-04-01T07:11:34","slug":"agesin-la-d5433","status":"publish","type":"product","link":"https:\/\/longchangchemical.com\/de\/product\/agesin-la-d5433\/","title":{"rendered":"CHLUMICRYL\u00ae LA-D5433 \/ Polyether-modifiziertes Polydimethylsiloxan"},"content":{"rendered":"<h1><strong> LA-D5433 \/ Polyether-modifiziertes Polydimethylsiloxan<\/strong><\/h1>\n<table width=\"100%\" cellspacing=\"0\" cellpadding=\"0\">\n<tbody>\n<tr>\n<td>Zusammensetzung<\/td>\n<td>Mit Polyether modifiziertes Polydimethylsiloxan<\/td>\n<\/tr>\n<tr>\n<td>Erscheinungsbild<\/td>\n<td>leicht gelbliche klare Fl\u00fcssigkeit (Paste bei niedriger Temperatur)<\/td>\n<\/tr>\n<tr>\n<td>L\u00f6sungsmittel<\/td>\n<td>--<\/td>\n<\/tr>\n<tr>\n<td>Dichte<\/td>\n<td>1,01-1,05g\/ml(25\u00b11)\u2103<\/td>\n<\/tr>\n<tr>\n<td>Viskosit\u00e4t<\/td>\n<td>25-60s(Tu-4 viscometer)(25\u00b10.2)\u2103<\/td>\n<\/tr>\n<tr>\n<td>Wirkstoff<\/td>\n<td>100%<\/td>\n<\/tr>\n<tr>\n<td>Flammpunkt<\/td>\n<td>\uff1e100\u2103<\/td>\n<\/tr>\n<\/tbody>\n<\/table>\n<p>Hinweis: Dieses Datenblatt enth\u00e4lt typische Ergebnisse, keine Standardwerte, vorbehaltlich COA.<\/p>\n<p><strong>Anwendungssystem<\/strong><\/p>\n<p>Wasserbasiert, l\u00f6sungsmittelbasiert, UV-h\u00e4rtend<\/p>\n<p><strong>Eigenschaften<\/strong><\/p>\n<p>\u25cf Hervorragende Vertr\u00e4glichkeit mit Lacken.<br \/>\n\u25cf Sorgen f\u00fcr eine st\u00e4rkere Reduzierung der Oberfl\u00e4chenspannung.<br \/>\n\u25cf Reduzieren Sie den Reibungskoeffizienten. Erh\u00f6ht die Gleitf\u00e4higkeit und verbessert die Kratzfestigkeit.<br \/>\n\u25cf Gute \u00dcberlackierbarkeit und minimale Beeinflussung der Haftung von Lackschichten bei geeigneter Zugabe und Einbrenntemperatur.<br \/>\n\u25cf Hervorragende Eigenschaft von Anti-Krater.<br \/>\n\u25cf Gute Wasserl\u00f6slichkeit.<br \/>\n\u25cf Bei niedrigen Temperaturen kann es tr\u00fcb und z\u00e4hfl\u00fcssig sein. Nach dem Erhitzen wird es klar und flie\u00dft. Dies hat keinen Einfluss auf die Qualit\u00e4t<\/p>\n<p><strong>Eingliederung<\/strong><\/p>\n<p>Einfache Zugabe mit vorverd\u00fcnntem L\u00f6sungsmittel, das dem des Beschichtungssystems entspricht. Kann auch nachtr\u00e4glich zugegeben werden.<\/p>\n<p><strong>Zusatz vorschlagen<\/strong><\/p>\n<p>Zusatz zur Gesamtformulierung 0,05-0,5%<\/p>\n<p><strong>Stabilit\u00e4t bei der Lagerung<\/strong><\/p>\n<p>Unversehrt 24 Monate in der Originalverpackung aufbewahren; Produkte, die \u00fcber die Lagerzeit hinausgehen, k\u00f6nnen nach Pr\u00fcfung weiter verwendet werden. Der Beh\u00e4lter muss unmittelbar nach der Verwendung geschlossen werden.<\/p>\n<p><strong>Empfehlung beantragen<\/strong><\/p>\n<table width=\"100%\" cellspacing=\"0\" cellpadding=\"0\">\n<tbody>\n<tr>\n<td>Transparenz in Lacken<\/td>\n<td>5<\/td>\n<\/tr>\n<tr>\n<td>Entsch\u00e4umend<\/td>\n<td>0<\/td>\n<\/tr>\n<tr>\n<td>Dynamische Oberfl\u00e4chenspannung<\/td>\n<td>5<\/td>\n<\/tr>\n<tr>\n<td>Statische Oberfl\u00e4chenspannung<\/td>\n<td>5<\/td>\n<\/tr>\n<tr>\n<td>Slip<\/td>\n<td>4<\/td>\n<\/tr>\n<tr>\n<td>Orangenschalen verhindern<\/td>\n<td>1<\/td>\n<\/tr>\n<\/tbody>\n<\/table>\n<p>0=nicht verf\u00fcgbar 5=sehr effektiv<\/p>\n<p><strong>Paket<\/strong><\/p>\n<p>25KG \/ 180KG<\/p>\n<div>\n<p><strong><b>Lagerung:<\/b><\/strong><\/p>\n<p>Sie werden in einem trockenen, sauberen Lager mit guter Bel\u00fcftung aufbewahrt.<\/p>\n<p>Vermeiden Sie Licht- und Hitzeeinwirkung.<\/p>\n<p>Schutz des Produkts vor Auslaufen, Regen und Sonneneinstrahlung w\u00e4hrend des Transports.<\/p>\n<\/div>","protected":false},"excerpt":{"rendered":"<p>Beschreibung des Produkts: Polyether-modifiziertes Polydimethylsiloxan<\/p>\n<p><strong>Vollst\u00e4ndig ersetzt<\/strong>- BYK-333, ELEMENTIS Levaslip 879, DOW CORNING 8526<\/p>\n<p>\u00c4u\u00dferes Erscheinungsbild: Schwach gelbliche, klare Fl\u00fcssigkeit<\/p>\n<p>Viskosit\u00e4t: 25-60s(Tu-4 Viskosimeter)(25\u00b10,2)\u2103<\/p>","protected":false},"featured_media":5916,"comment_status":"closed","ping_status":"closed","template":"","meta":[],"product_brand":[],"product_cat":[138],"product_tag":[],"class_list":{"0":"post-5782","1":"product","2":"type-product","3":"status-publish","4":"has-post-thumbnail","6":"product_cat-coating-and-ink-additives","8":"first","9":"instock","10":"shipping-taxable","11":"product-type-simple"},"yoast_head":"<!-- This site is optimized with the Yoast SEO plugin v25.3.1 - https:\/\/yoast.com\/wordpress\/plugins\/seo\/ -->\n<title>China CHLUMICRYL\u00ae LA-D5433 \/ Polyether modified polydimethyl siloxane Manufacturer - Longchang Chemical<\/title>\n<meta name=\"description\" content=\"CHLUMICRYL\u00ae LA-D5433 \/ Polyether modified polydimethyl siloxane is a key product of Longchang Chemical. We provide the best price. We are the leading manufacturer in China with the best quality and competitive price.\" \/>\n<meta name=\"robots\" content=\"index, follow, max-snippet:-1, max-image-preview:large, max-video-preview:-1\" \/>\n<link rel=\"canonical\" href=\"https:\/\/longchangchemical.com\/de\/product\/agesin-la-d5433\/\" \/>\n<meta property=\"og:locale\" content=\"de_DE\" \/>\n<meta property=\"og:type\" content=\"article\" \/>\n<meta property=\"og:title\" content=\"China CHLUMICRYL\u00ae LA-D5433 \/ Polyether modified polydimethyl siloxane Manufacturer - Longchang Chemical\" \/>\n<meta property=\"og:description\" content=\"CHLUMICRYL\u00ae LA-D5433 \/ Polyether modified polydimethyl siloxane is a key product of Longchang Chemical. We provide the best price. We are the leading manufacturer in China with the best quality and competitive price.\" \/>\n<meta property=\"og:url\" content=\"https:\/\/longchangchemical.com\/de\/product\/agesin-la-d5433\/\" \/>\n<meta property=\"og:site_name\" content=\"Longchang Chemical\" \/>\n<meta property=\"article:modified_time\" content=\"2025-04-01T07:11:34+00:00\" \/>\n<meta property=\"og:image\" content=\"https:\/\/longchangchemical.com\/wp-content\/uploads\/2022\/12\/-LA-D5433.jpg\" \/>\n\t<meta property=\"og:image:width\" content=\"800\" \/>\n\t<meta property=\"og:image:height\" content=\"800\" \/>\n\t<meta property=\"og:image:type\" content=\"image\/jpeg\" \/>\n<meta name=\"twitter:card\" content=\"summary_large_image\" \/>\n<script type=\"application\/ld+json\" class=\"yoast-schema-graph\">{\"@context\":\"https:\/\/schema.org\",\"@graph\":[{\"@type\":\"WebPage\",\"@id\":\"https:\/\/longchangchemical.com\/product\/agesin-la-d5433\/\",\"url\":\"https:\/\/longchangchemical.com\/product\/agesin-la-d5433\/\",\"name\":\"China CHLUMICRYL\u00ae LA-D5433 \/ Polyether modified polydimethyl siloxane Manufacturer - Longchang Chemical\",\"isPartOf\":{\"@id\":\"https:\/\/longchangchemical.com\/#website\"},\"primaryImageOfPage\":{\"@id\":\"https:\/\/longchangchemical.com\/product\/agesin-la-d5433\/#primaryimage\"},\"image\":{\"@id\":\"https:\/\/longchangchemical.com\/product\/agesin-la-d5433\/#primaryimage\"},\"thumbnailUrl\":\"https:\/\/longchangchemical.com\/wp-content\/uploads\/2022\/12\/-LA-D5433.jpg\",\"datePublished\":\"2022-12-10T13:41:24+00:00\",\"dateModified\":\"2025-04-01T07:11:34+00:00\",\"description\":\"CHLUMICRYL\u00ae LA-D5433 \/ Polyether modified polydimethyl siloxane is a key product of Longchang Chemical. We provide the best price. We are the leading manufacturer in China with the best quality and competitive price.\",\"breadcrumb\":{\"@id\":\"https:\/\/longchangchemical.com\/product\/agesin-la-d5433\/#breadcrumb\"},\"inLanguage\":\"de\",\"potentialAction\":[{\"@type\":\"ReadAction\",\"target\":[\"https:\/\/longchangchemical.com\/product\/agesin-la-d5433\/\"]}]},{\"@type\":\"ImageObject\",\"inLanguage\":\"de\",\"@id\":\"https:\/\/longchangchemical.com\/product\/agesin-la-d5433\/#primaryimage\",\"url\":\"https:\/\/longchangchemical.com\/wp-content\/uploads\/2022\/12\/-LA-D5433.jpg\",\"contentUrl\":\"https:\/\/longchangchemical.com\/wp-content\/uploads\/2022\/12\/-LA-D5433.jpg\",\"width\":800,\"height\":800,\"caption\":\"LA-D5433 \/ Polyether modified polydimethyl siloxane\"},{\"@type\":\"BreadcrumbList\",\"@id\":\"https:\/\/longchangchemical.com\/product\/agesin-la-d5433\/#breadcrumb\",\"itemListElement\":[{\"@type\":\"ListItem\",\"position\":1,\"name\":\"Home\",\"item\":\"https:\/\/longchangchemical.com\/\"},{\"@type\":\"ListItem\",\"position\":2,\"name\":\"Products Longchang\",\"item\":\"https:\/\/longchangchemical.com\/product\/\"},{\"@type\":\"ListItem\",\"position\":3,\"name\":\"CHLUMICRYL\u00ae LA-D5433 \/ Polyether modified polydimethyl siloxane\"}]},{\"@type\":\"WebSite\",\"@id\":\"https:\/\/longchangchemical.com\/#website\",\"url\":\"https:\/\/longchangchemical.com\/\",\"name\":\"Longchang Chemical\",\"description\":\"China chemical manufacturer \uff06 supplier\",\"publisher\":{\"@id\":\"https:\/\/longchangchemical.com\/#organization\"},\"potentialAction\":[{\"@type\":\"SearchAction\",\"target\":{\"@type\":\"EntryPoint\",\"urlTemplate\":\"https:\/\/longchangchemical.com\/?s={search_term_string}\"},\"query-input\":{\"@type\":\"PropertyValueSpecification\",\"valueRequired\":true,\"valueName\":\"search_term_string\"}}],\"inLanguage\":\"de\"},{\"@type\":\"Organization\",\"@id\":\"https:\/\/longchangchemical.com\/#organization\",\"name\":\"Longchang Chemical\",\"url\":\"https:\/\/longchangchemical.com\/\",\"logo\":{\"@type\":\"ImageObject\",\"inLanguage\":\"de\",\"@id\":\"https:\/\/longchangchemical.com\/#\/schema\/logo\/image\/\",\"url\":\"https:\/\/longchangchemical.com\/wp-content\/uploads\/2020\/08\/cropped-longchang-logo.png\",\"contentUrl\":\"https:\/\/longchangchemical.com\/wp-content\/uploads\/2020\/08\/cropped-longchang-logo.png\",\"width\":512,\"height\":512,\"caption\":\"Longchang Chemical\"},\"image\":{\"@id\":\"https:\/\/longchangchemical.com\/#\/schema\/logo\/image\/\"}}]}<\/script>\n<!-- \/ Yoast SEO plugin. -->","yoast_head_json":{"title":"China CHLUMICRYL\u00ae LA-D5433 \/ Polyether modifiziertes Polydimethylsiloxan Hersteller - Longchang Chemical","description":"CHLUMICRYL\u00ae LA-D5433 \/ Polyether modifiziertes Polydimethylsiloxan ist ein Schl\u00fcsselprodukt von Longchang Chemical. Wir bieten den besten Preis. Wir sind der f\u00fchrende Hersteller in China mit der besten Qualit\u00e4t und konkurrenzf\u00e4higem Preis.","robots":{"index":"index","follow":"follow","max-snippet":"max-snippet:-1","max-image-preview":"max-image-preview:large","max-video-preview":"max-video-preview:-1"},"canonical":"https:\/\/longchangchemical.com\/de\/product\/agesin-la-d5433\/","og_locale":"de_DE","og_type":"article","og_title":"China CHLUMICRYL\u00ae LA-D5433 \/ Polyether modified polydimethyl siloxane Manufacturer - Longchang Chemical","og_description":"CHLUMICRYL\u00ae LA-D5433 \/ Polyether modified polydimethyl siloxane is a key product of Longchang Chemical. We provide the best price. We are the leading manufacturer in China with the best quality and competitive price.","og_url":"https:\/\/longchangchemical.com\/de\/product\/agesin-la-d5433\/","og_site_name":"Longchang Chemical","article_modified_time":"2025-04-01T07:11:34+00:00","og_image":[{"width":800,"height":800,"url":"https:\/\/longchangchemical.com\/wp-content\/uploads\/2022\/12\/-LA-D5433.jpg","type":"image\/jpeg"}],"twitter_card":"summary_large_image","schema":{"@context":"https:\/\/schema.org","@graph":[{"@type":"WebPage","@id":"https:\/\/longchangchemical.com\/product\/agesin-la-d5433\/","url":"https:\/\/longchangchemical.com\/product\/agesin-la-d5433\/","name":"China CHLUMICRYL\u00ae LA-D5433 \/ Polyether modifiziertes Polydimethylsiloxan Hersteller - Longchang Chemical","isPartOf":{"@id":"https:\/\/longchangchemical.com\/#website"},"primaryImageOfPage":{"@id":"https:\/\/longchangchemical.com\/product\/agesin-la-d5433\/#primaryimage"},"image":{"@id":"https:\/\/longchangchemical.com\/product\/agesin-la-d5433\/#primaryimage"},"thumbnailUrl":"https:\/\/longchangchemical.com\/wp-content\/uploads\/2022\/12\/-LA-D5433.jpg","datePublished":"2022-12-10T13:41:24+00:00","dateModified":"2025-04-01T07:11:34+00:00","description":"CHLUMICRYL\u00ae LA-D5433 \/ Polyether modifiziertes Polydimethylsiloxan ist ein Schl\u00fcsselprodukt von Longchang Chemical. Wir bieten den besten Preis. Wir sind der f\u00fchrende Hersteller in China mit der besten Qualit\u00e4t und konkurrenzf\u00e4higem Preis.","breadcrumb":{"@id":"https:\/\/longchangchemical.com\/product\/agesin-la-d5433\/#breadcrumb"},"inLanguage":"de","potentialAction":[{"@type":"ReadAction","target":["https:\/\/longchangchemical.com\/product\/agesin-la-d5433\/"]}]},{"@type":"ImageObject","inLanguage":"de","@id":"https:\/\/longchangchemical.com\/product\/agesin-la-d5433\/#primaryimage","url":"https:\/\/longchangchemical.com\/wp-content\/uploads\/2022\/12\/-LA-D5433.jpg","contentUrl":"https:\/\/longchangchemical.com\/wp-content\/uploads\/2022\/12\/-LA-D5433.jpg","width":800,"height":800,"caption":"LA-D5433 \/ Polyether modified polydimethyl siloxane"},{"@type":"BreadcrumbList","@id":"https:\/\/longchangchemical.com\/product\/agesin-la-d5433\/#breadcrumb","itemListElement":[{"@type":"ListItem","position":1,"name":"Home","item":"https:\/\/longchangchemical.com\/"},{"@type":"ListItem","position":2,"name":"Products Longchang","item":"https:\/\/longchangchemical.com\/product\/"},{"@type":"ListItem","position":3,"name":"CHLUMICRYL\u00ae LA-D5433 \/ Polyether modified polydimethyl siloxane"}]},{"@type":"WebSite","@id":"https:\/\/longchangchemical.com\/#website","url":"https:\/\/longchangchemical.com\/","name":"Longchang Chemical","description":"China Hersteller von Chemikalien \uff06 Lieferant","publisher":{"@id":"https:\/\/longchangchemical.com\/#organization"},"potentialAction":[{"@type":"SearchAction","target":{"@type":"EntryPoint","urlTemplate":"https:\/\/longchangchemical.com\/?s={search_term_string}"},"query-input":{"@type":"PropertyValueSpecification","valueRequired":true,"valueName":"search_term_string"}}],"inLanguage":"de"},{"@type":"Organization","@id":"https:\/\/longchangchemical.com\/#organization","name":"Longchang Chemical","url":"https:\/\/longchangchemical.com\/","logo":{"@type":"ImageObject","inLanguage":"de","@id":"https:\/\/longchangchemical.com\/#\/schema\/logo\/image\/","url":"https:\/\/longchangchemical.com\/wp-content\/uploads\/2020\/08\/cropped-longchang-logo.png","contentUrl":"https:\/\/longchangchemical.com\/wp-content\/uploads\/2020\/08\/cropped-longchang-logo.png","width":512,"height":512,"caption":"Longchang Chemical"},"image":{"@id":"https:\/\/longchangchemical.com\/#\/schema\/logo\/image\/"}}]}},"_links":{"self":[{"href":"https:\/\/longchangchemical.com\/de\/wp-json\/wp\/v2\/product\/5782","targetHints":{"allow":["GET"]}}],"collection":[{"href":"https:\/\/longchangchemical.com\/de\/wp-json\/wp\/v2\/product"}],"about":[{"href":"https:\/\/longchangchemical.com\/de\/wp-json\/wp\/v2\/types\/product"}],"replies":[{"embeddable":true,"href":"https:\/\/longchangchemical.com\/de\/wp-json\/wp\/v2\/comments?post=5782"}],"wp:featuredmedia":[{"embeddable":true,"href":"https:\/\/longchangchemical.com\/de\/wp-json\/wp\/v2\/media\/5916"}],"wp:attachment":[{"href":"https:\/\/longchangchemical.com\/de\/wp-json\/wp\/v2\/media?parent=5782"}],"wp:term":[{"taxonomy":"product_brand","embeddable":true,"href":"https:\/\/longchangchemical.com\/de\/wp-json\/wp\/v2\/product_brand?post=5782"},{"taxonomy":"product_cat","embeddable":true,"href":"https:\/\/longchangchemical.com\/de\/wp-json\/wp\/v2\/product_cat?post=5782"},{"taxonomy":"product_tag","embeddable":true,"href":"https:\/\/longchangchemical.com\/de\/wp-json\/wp\/v2\/product_tag?post=5782"}],"curies":[{"name":"wp","href":"https:\/\/api.w.org\/{rel}","templated":true}]}}