{"id":5779,"date":"2022-12-08T12:12:59","date_gmt":"2022-12-08T12:12:59","guid":{"rendered":"https:\/\/longchangchemical.com\/?post_type=product&#038;p=5779"},"modified":"2026-01-12T04:12:36","modified_gmt":"2026-01-12T04:12:36","slug":"synocat-teda-a33-280-57-9","status":"publish","type":"product","link":"https:\/\/longchangchemical.com\/de\/product\/synocat-teda-a33-280-57-9\/","title":{"rendered":"TEDA(A33) CAS 280-57-9"},"content":{"rendered":"<h1><strong>TEDA(A33) CAS 280-57-9<\/strong><\/h1>\n<p>&nbsp;<\/p>\n<table style=\"border-collapse: collapse; width: 278.27pt;\" border=\"0\" width=\"371\" cellspacing=\"0\" cellpadding=\"0\">\n<tbody>\n<tr style=\"height: 34.50pt;\">\n<td class=\"et2\" style=\"height: 34.50pt; width: 147.75pt;\" width=\"197\" height=\"46\">Erscheinungsbild<\/td>\n<td style=\"width: 130.50pt;\" width=\"174\">Transparente Fl\u00fcssigkeit<\/td>\n<\/tr>\n<tr style=\"height: 17.25pt;\">\n<td class=\"et2\" style=\"height: 17.25pt; width: 147.75pt;\" width=\"197\" height=\"23\">TEDA-Inhalt<\/td>\n<td>33~34%<\/td>\n<\/tr>\n<tr style=\"height: 17.25pt;\">\n<td class=\"et2\" style=\"height: 17.25pt; width: 147.75pt;\" width=\"197\" height=\"23\">DPG-Inhalt<\/td>\n<td>66~67%<\/td>\n<\/tr>\n<tr style=\"height: 17.25pt;\">\n<td class=\"et2\" style=\"height: 17.25pt; width: 147.75pt;\" width=\"197\" height=\"23\">Wassergehalt<\/td>\n<td>\u22640,3%<\/td>\n<\/tr>\n<\/tbody>\n<\/table>\n<p><strong>Verpacken<\/strong>:200kg\/Eisentrommel oder 25kg\/Trommel<\/p>\n<p><strong>Anwendung:<\/strong><\/p>\n<p>1. Dieses Produkt ist ein organisches Synthese-Zwischenprodukt, ein synthetisches, lichtstabiles Material, das in Polyurethanschaum, Elastomer- und Kunststoffprodukten und Formgebungsverfahren weit verbreitet ist. Es ist auch ein Polymerinitiator und kann als Katalysator f\u00fcr Ethylenpolymerisation und Ethylenoxidpolymerisation verwendet werden, und seine Derivate k\u00f6nnen als Korrosionsinhibitoren, Emulgatoren usw. verwendet werden.<\/p>\n<p>2. TEDA, Triethylendiamin wird in Pulver mit einem Gehalt von 99% und Fl\u00fcssigkeit mit einem Gehalt von 33% unterteilt. Es riecht nach Ammoniak. Dieses Produkt ist ein organisches Synthese-Zwischenprodukt und ein synthetisches lichtstabiles Material. Es findet breite Anwendung in Polyurethanschaum, Elastomeren, Kunststoffprodukten und Formgebungsverfahren. Es ist auch ein Polymerinitiator und kann als Katalysator f\u00fcr die Ethylenpolymerisation und Ethylenoxidpolymerisation verwendet werden, und seine Derivate k\u00f6nnen als Korrosionsinhibitoren, Emulgatoren usw. verwendet werden.<\/p>\n<p><strong><b>Lagerung:<\/b><\/strong><\/p>\n<p>Sie werden in einem trockenen, sauberen Lager mit guter Bel\u00fcftung aufbewahrt.<\/p>\n<p>Vermeiden Sie Licht- und W\u00e4rmeeinwirkung, um eine Oxidation zu verhindern.<\/p>\n<p>Schutz des Produkts vor Auslaufen, Regen und Sonneneinstrahlung w\u00e4hrend des Transports.<\/p>\n<h2><strong><b>Kontaktieren Sie uns jetzt!<\/b><\/strong><\/h2>\n<h4><strong><b>Wenn Sie COA, MSDS oder TDS ben\u00f6tigen, geben Sie bitte Ihre Kontaktinformationen in das untenstehende Formular ein. Wir werden uns in der Regel innerhalb von 24 Stunden mit Ihnen in Verbindung setzen.<\/b><\/strong> Sie k\u00f6nnen mir auch eine E-Mail schicken <a href=\"mailto:info@longchangchemical.com\"><span style=\"color: #0000ff;\">info@longchangchemical.com<\/span><\/a> w\u00e4hrend der Gesch\u00e4ftszeiten ( 8:30 bis 18:00 Uhr UTC+8 Mo.~Sa. ) oder nutzen Sie den Live-Chat auf der Website, um eine schnelle Antwort zu erhalten.<\/h4>","protected":false},"excerpt":{"rendered":"<p>Chemische Bezeichnung: Triethylendiamin<\/p>\n<p>CAS-NR.: 280-57-9<\/p>\n<p>Formel: C6H12N2<\/p>\n<p>Inhalt: 33% fl\u00fcssig<\/p>","protected":false},"featured_media":5917,"comment_status":"closed","ping_status":"closed","template":"","meta":[],"product_brand":[],"product_cat":[119],"product_tag":[],"class_list":{"0":"post-5779","1":"product","2":"type-product","3":"status-publish","4":"has-post-thumbnail","6":"product_cat-synocat-polyurethane-catalyst","8":"first","9":"instock","10":"shipping-taxable","11":"product-type-simple"},"yoast_head":"<!-- This site is optimized with the Yoast SEO plugin v25.3.1 - https:\/\/yoast.com\/wordpress\/plugins\/seo\/ -->\n<title>China TEDA(A33) CAS 280-57-9 Manufacturer - Longchang Chemical<\/title>\n<meta name=\"description\" content=\"TEDA(A33) CAS 280-57-9 is a key product of Longchang Chemical. We provide the best price. We are the leading manufacturer in China with the best quality and competitive price.\" \/>\n<meta name=\"robots\" content=\"index, follow, max-snippet:-1, max-image-preview:large, max-video-preview:-1\" \/>\n<link rel=\"canonical\" href=\"https:\/\/longchangchemical.com\/de\/product\/synocat-teda-a33-280-57-9\/\" \/>\n<meta property=\"og:locale\" content=\"de_DE\" \/>\n<meta property=\"og:type\" content=\"article\" \/>\n<meta property=\"og:title\" content=\"China TEDA(A33) CAS 280-57-9 Manufacturer - Longchang Chemical\" \/>\n<meta property=\"og:description\" content=\"TEDA(A33) CAS 280-57-9 is a key product of Longchang Chemical. We provide the best price. We are the leading manufacturer in China with the best quality and competitive price.\" \/>\n<meta property=\"og:url\" content=\"https:\/\/longchangchemical.com\/de\/product\/synocat-teda-a33-280-57-9\/\" \/>\n<meta property=\"og:site_name\" content=\"Longchang Chemical\" \/>\n<meta property=\"article:modified_time\" content=\"2026-01-12T04:12:36+00:00\" \/>\n<meta property=\"og:image\" content=\"https:\/\/longchangchemical.com\/wp-content\/uploads\/2022\/12\/Synocat\u00ae-TEDAA33.jpg\" \/>\n\t<meta property=\"og:image:width\" content=\"800\" \/>\n\t<meta property=\"og:image:height\" content=\"800\" \/>\n\t<meta property=\"og:image:type\" content=\"image\/jpeg\" \/>\n<meta name=\"twitter:card\" content=\"summary_large_image\" \/>\n<script type=\"application\/ld+json\" class=\"yoast-schema-graph\">{\"@context\":\"https:\/\/schema.org\",\"@graph\":[{\"@type\":\"WebPage\",\"@id\":\"https:\/\/longchangchemical.com\/product\/synocat-teda-a33-280-57-9\/\",\"url\":\"https:\/\/longchangchemical.com\/product\/synocat-teda-a33-280-57-9\/\",\"name\":\"China TEDA(A33) CAS 280-57-9 Manufacturer - Longchang Chemical\",\"isPartOf\":{\"@id\":\"https:\/\/longchangchemical.com\/#website\"},\"primaryImageOfPage\":{\"@id\":\"https:\/\/longchangchemical.com\/product\/synocat-teda-a33-280-57-9\/#primaryimage\"},\"image\":{\"@id\":\"https:\/\/longchangchemical.com\/product\/synocat-teda-a33-280-57-9\/#primaryimage\"},\"thumbnailUrl\":\"https:\/\/longchangchemical.com\/wp-content\/uploads\/2022\/12\/Synocat\u00ae-TEDAA33.jpg\",\"datePublished\":\"2022-12-08T12:12:59+00:00\",\"dateModified\":\"2026-01-12T04:12:36+00:00\",\"description\":\"TEDA(A33) CAS 280-57-9 is a key product of Longchang Chemical. We provide the best price. We are the leading manufacturer in China with the best quality and competitive price.\",\"breadcrumb\":{\"@id\":\"https:\/\/longchangchemical.com\/product\/synocat-teda-a33-280-57-9\/#breadcrumb\"},\"inLanguage\":\"de\",\"potentialAction\":[{\"@type\":\"ReadAction\",\"target\":[\"https:\/\/longchangchemical.com\/product\/synocat-teda-a33-280-57-9\/\"]}]},{\"@type\":\"ImageObject\",\"inLanguage\":\"de\",\"@id\":\"https:\/\/longchangchemical.com\/product\/synocat-teda-a33-280-57-9\/#primaryimage\",\"url\":\"https:\/\/longchangchemical.com\/wp-content\/uploads\/2022\/12\/Synocat\u00ae-TEDAA33.jpg\",\"contentUrl\":\"https:\/\/longchangchemical.com\/wp-content\/uploads\/2022\/12\/Synocat\u00ae-TEDAA33.jpg\",\"width\":800,\"height\":800,\"caption\":\"TEDA(A33) CAS 280-57-9\"},{\"@type\":\"BreadcrumbList\",\"@id\":\"https:\/\/longchangchemical.com\/product\/synocat-teda-a33-280-57-9\/#breadcrumb\",\"itemListElement\":[{\"@type\":\"ListItem\",\"position\":1,\"name\":\"Home\",\"item\":\"https:\/\/longchangchemical.com\/\"},{\"@type\":\"ListItem\",\"position\":2,\"name\":\"Products Longchang\",\"item\":\"https:\/\/longchangchemical.com\/product\/\"},{\"@type\":\"ListItem\",\"position\":3,\"name\":\"TEDA(A33) CAS 280-57-9\"}]},{\"@type\":\"WebSite\",\"@id\":\"https:\/\/longchangchemical.com\/#website\",\"url\":\"https:\/\/longchangchemical.com\/\",\"name\":\"Longchang Chemical\",\"description\":\"China chemical manufacturer \uff06 supplier\",\"publisher\":{\"@id\":\"https:\/\/longchangchemical.com\/#organization\"},\"potentialAction\":[{\"@type\":\"SearchAction\",\"target\":{\"@type\":\"EntryPoint\",\"urlTemplate\":\"https:\/\/longchangchemical.com\/?s={search_term_string}\"},\"query-input\":{\"@type\":\"PropertyValueSpecification\",\"valueRequired\":true,\"valueName\":\"search_term_string\"}}],\"inLanguage\":\"de\"},{\"@type\":\"Organization\",\"@id\":\"https:\/\/longchangchemical.com\/#organization\",\"name\":\"Longchang Chemical\",\"url\":\"https:\/\/longchangchemical.com\/\",\"logo\":{\"@type\":\"ImageObject\",\"inLanguage\":\"de\",\"@id\":\"https:\/\/longchangchemical.com\/#\/schema\/logo\/image\/\",\"url\":\"https:\/\/longchangchemical.com\/wp-content\/uploads\/2020\/08\/cropped-longchang-logo.png\",\"contentUrl\":\"https:\/\/longchangchemical.com\/wp-content\/uploads\/2020\/08\/cropped-longchang-logo.png\",\"width\":512,\"height\":512,\"caption\":\"Longchang Chemical\"},\"image\":{\"@id\":\"https:\/\/longchangchemical.com\/#\/schema\/logo\/image\/\"}}]}<\/script>\n<!-- \/ Yoast SEO plugin. -->","yoast_head_json":{"title":"China TEDA(A33) CAS 280-57-9 Hersteller - Longchang Chemical","description":"TEDA(A33) CAS 280-57-9 ist ein Schl\u00fcsselprodukt von Longchang Chemical. Wir bieten den besten Preis. Wir sind der f\u00fchrende Hersteller in China mit der besten Qualit\u00e4t und konkurrenzf\u00e4higem Preis.","robots":{"index":"index","follow":"follow","max-snippet":"max-snippet:-1","max-image-preview":"max-image-preview:large","max-video-preview":"max-video-preview:-1"},"canonical":"https:\/\/longchangchemical.com\/de\/product\/synocat-teda-a33-280-57-9\/","og_locale":"de_DE","og_type":"article","og_title":"China TEDA(A33) CAS 280-57-9 Manufacturer - Longchang Chemical","og_description":"TEDA(A33) CAS 280-57-9 is a key product of Longchang Chemical. We provide the best price. We are the leading manufacturer in China with the best quality and competitive price.","og_url":"https:\/\/longchangchemical.com\/de\/product\/synocat-teda-a33-280-57-9\/","og_site_name":"Longchang Chemical","article_modified_time":"2026-01-12T04:12:36+00:00","og_image":[{"width":800,"height":800,"url":"https:\/\/longchangchemical.com\/wp-content\/uploads\/2022\/12\/Synocat\u00ae-TEDAA33.jpg","type":"image\/jpeg"}],"twitter_card":"summary_large_image","schema":{"@context":"https:\/\/schema.org","@graph":[{"@type":"WebPage","@id":"https:\/\/longchangchemical.com\/product\/synocat-teda-a33-280-57-9\/","url":"https:\/\/longchangchemical.com\/product\/synocat-teda-a33-280-57-9\/","name":"China TEDA(A33) CAS 280-57-9 Hersteller - Longchang Chemical","isPartOf":{"@id":"https:\/\/longchangchemical.com\/#website"},"primaryImageOfPage":{"@id":"https:\/\/longchangchemical.com\/product\/synocat-teda-a33-280-57-9\/#primaryimage"},"image":{"@id":"https:\/\/longchangchemical.com\/product\/synocat-teda-a33-280-57-9\/#primaryimage"},"thumbnailUrl":"https:\/\/longchangchemical.com\/wp-content\/uploads\/2022\/12\/Synocat\u00ae-TEDAA33.jpg","datePublished":"2022-12-08T12:12:59+00:00","dateModified":"2026-01-12T04:12:36+00:00","description":"TEDA(A33) CAS 280-57-9 ist ein Schl\u00fcsselprodukt von Longchang Chemical. Wir bieten den besten Preis. Wir sind der f\u00fchrende Hersteller in China mit der besten Qualit\u00e4t und konkurrenzf\u00e4higem Preis.","breadcrumb":{"@id":"https:\/\/longchangchemical.com\/product\/synocat-teda-a33-280-57-9\/#breadcrumb"},"inLanguage":"de","potentialAction":[{"@type":"ReadAction","target":["https:\/\/longchangchemical.com\/product\/synocat-teda-a33-280-57-9\/"]}]},{"@type":"ImageObject","inLanguage":"de","@id":"https:\/\/longchangchemical.com\/product\/synocat-teda-a33-280-57-9\/#primaryimage","url":"https:\/\/longchangchemical.com\/wp-content\/uploads\/2022\/12\/Synocat\u00ae-TEDAA33.jpg","contentUrl":"https:\/\/longchangchemical.com\/wp-content\/uploads\/2022\/12\/Synocat\u00ae-TEDAA33.jpg","width":800,"height":800,"caption":"TEDA(A33) CAS 280-57-9"},{"@type":"BreadcrumbList","@id":"https:\/\/longchangchemical.com\/product\/synocat-teda-a33-280-57-9\/#breadcrumb","itemListElement":[{"@type":"ListItem","position":1,"name":"Home","item":"https:\/\/longchangchemical.com\/"},{"@type":"ListItem","position":2,"name":"Products Longchang","item":"https:\/\/longchangchemical.com\/product\/"},{"@type":"ListItem","position":3,"name":"TEDA(A33) CAS 280-57-9"}]},{"@type":"WebSite","@id":"https:\/\/longchangchemical.com\/#website","url":"https:\/\/longchangchemical.com\/","name":"Longchang Chemical","description":"China Hersteller von Chemikalien \uff06 Lieferant","publisher":{"@id":"https:\/\/longchangchemical.com\/#organization"},"potentialAction":[{"@type":"SearchAction","target":{"@type":"EntryPoint","urlTemplate":"https:\/\/longchangchemical.com\/?s={search_term_string}"},"query-input":{"@type":"PropertyValueSpecification","valueRequired":true,"valueName":"search_term_string"}}],"inLanguage":"de"},{"@type":"Organization","@id":"https:\/\/longchangchemical.com\/#organization","name":"Longchang Chemical","url":"https:\/\/longchangchemical.com\/","logo":{"@type":"ImageObject","inLanguage":"de","@id":"https:\/\/longchangchemical.com\/#\/schema\/logo\/image\/","url":"https:\/\/longchangchemical.com\/wp-content\/uploads\/2020\/08\/cropped-longchang-logo.png","contentUrl":"https:\/\/longchangchemical.com\/wp-content\/uploads\/2020\/08\/cropped-longchang-logo.png","width":512,"height":512,"caption":"Longchang Chemical"},"image":{"@id":"https:\/\/longchangchemical.com\/#\/schema\/logo\/image\/"}}]}},"_links":{"self":[{"href":"https:\/\/longchangchemical.com\/de\/wp-json\/wp\/v2\/product\/5779","targetHints":{"allow":["GET"]}}],"collection":[{"href":"https:\/\/longchangchemical.com\/de\/wp-json\/wp\/v2\/product"}],"about":[{"href":"https:\/\/longchangchemical.com\/de\/wp-json\/wp\/v2\/types\/product"}],"replies":[{"embeddable":true,"href":"https:\/\/longchangchemical.com\/de\/wp-json\/wp\/v2\/comments?post=5779"}],"wp:featuredmedia":[{"embeddable":true,"href":"https:\/\/longchangchemical.com\/de\/wp-json\/wp\/v2\/media\/5917"}],"wp:attachment":[{"href":"https:\/\/longchangchemical.com\/de\/wp-json\/wp\/v2\/media?parent=5779"}],"wp:term":[{"taxonomy":"product_brand","embeddable":true,"href":"https:\/\/longchangchemical.com\/de\/wp-json\/wp\/v2\/product_brand?post=5779"},{"taxonomy":"product_cat","embeddable":true,"href":"https:\/\/longchangchemical.com\/de\/wp-json\/wp\/v2\/product_cat?post=5779"},{"taxonomy":"product_tag","embeddable":true,"href":"https:\/\/longchangchemical.com\/de\/wp-json\/wp\/v2\/product_tag?post=5779"}],"curies":[{"name":"wp","href":"https:\/\/api.w.org\/{rel}","templated":true}]}}