{"id":5773,"date":"2022-12-05T13:21:28","date_gmt":"2022-12-05T13:21:28","guid":{"rendered":"https:\/\/longchangchemical.com\/?post_type=product&#038;p=5773"},"modified":"2025-12-15T07:21:54","modified_gmt":"2025-12-15T07:21:54","slug":"chlumiflex-pg-cas-57-55-6","status":"publish","type":"product","link":"https:\/\/longchangchemical.com\/de\/product\/chlumiflex-pg-cas-57-55-6\/","title":{"rendered":"CHLUMIFLEX\u00ae PG \/ 1,2-Propandiol \/ Propylenglykol CAS 57-55-6"},"content":{"rendered":"<h2><strong>Propylenglykol in Lebensmittelqualit\u00e4t<\/strong><\/h2>\n<h3><strong>Lebensmittelqualit\u00e4t Anwendungsbereich<\/strong><\/h3>\n<p>1. kann als L\u00f6sungsmittel f\u00fcr Aromen und Duftstoffe, Gew\u00fcrze und Lebensmittelfarben, Weichmacher f\u00fcr Lebensmittelverpackungen, Anti-Haftmittel f\u00fcr Lebensmittel, Feuchthaltemittel f\u00fcr Tabak, Konservierungsmittel f\u00fcr reifende Fr\u00fcchte, Frostschutzmittel und W\u00e4rme\u00fcbertragungsmedium, Emulgator usw. verwendet werden.<\/p>\n<p>2. auch als L\u00f6sungsmittel f\u00fcr Lebensmittelmarkierungstinte f\u00fcr Schmier\u00f6l von Lebensmittelverarbeitungsanlagen verwendet.<\/p>\n<p>3. es kann als Feuchthaltemittel in der t\u00e4glichen chemischen Industrie im Allgemeinen verwendet werden, usw.<\/p>\n<p>&nbsp;<\/p>\n<h3><strong>Lebensmittelgerechte Produkteigenschaften<\/strong><\/h3>\n<p>1. Der Gehalt an Propylenglykol erreicht mehr als 99,5%, mit weniger Verunreinigungsspitzen, kann der Gebrauchsprozess andere Nebenreaktionen ausschlie\u00dfen und bietet somit eine h\u00f6here Stabilit\u00e4t, genug, um die verschiedenen Bed\u00fcrfnisse der Kunden zu erf\u00fcllen, und wurde weithin von Kunden gelobt.<\/p>\n<p>2. Verwendung eines Gaschromatographen f\u00fcr die Probenpr\u00fcfung, um die Genauigkeit der Produktqualit\u00e4t zu gew\u00e4hrleisten.<\/p>\n<p>3. Der Lebensmittelzusatzstoff Propylenglykol hat eine bessere Hygroskopizit\u00e4t und Frostschutzwirkung.<\/p>\n<p>&nbsp;<\/p>\n<p>&nbsp;<\/p>\n<h2><strong>Propylenglykol als pharmazeutischer Hilfsstoff<\/strong><\/h2>\n<h3><strong>Pharmazeutische Qualit\u00e4t Anwendungsbereich<\/strong><\/h3>\n<p>1. Dieses Produkt kann als Tr\u00e4ger f\u00fcr die Humanmedizin Droge, Granulat Droge Verwendung Agent, Feuchtigkeitscreme, Weichmacher, L\u00f6sungsmittel verwendet werden.<\/p>\n<p>2. Es kann auch als L\u00f6sungsmittel im Bereich der Veterin\u00e4rmedizin und der Pestizide verwendet werden.<\/p>\n<p>3. es kann in der Tabakindustrie als Tabakaroma, Tabakfeuchthaltemittel und Konservierungsmittel eingesetzt werden.<\/p>\n<p>4. kann als Feuchthaltemittel in der t\u00e4glichen chemischen Industrie verwendet werden, usw.<\/p>\n<p>&nbsp;<\/p>\n<h3><strong>Pharmazeutische Qualit\u00e4t Produktmerkmale<\/strong><\/h3>\n<p>1. Unser Unternehmen hat wichtige technische Verbesserungen vorgenommen, der Inhalt von Propylenglykol ist mehr als 99,8%, mit weniger Verunreinigungen, so dass andere Nebenreaktionen im Prozess der Verwendung ausgeschlossen werden k\u00f6nnen, um eine h\u00f6here Stabilit\u00e4t zu bieten.<\/p>\n<p>2. High-End-importierte Gaschromatograph wird f\u00fcr die Probe Pr\u00fcfung verwendet, um die Genauigkeit der Produkt-Index zu gew\u00e4hrleisten.<\/p>\n<p>3. Es hat eine bessere Feuchtigkeitsaufnahme und Anti-Frost-Eigenschaft.<\/p>\n<p>&nbsp;<\/p>\n<h2><strong>Propylenglykol in Industriequalit\u00e4t<\/strong><\/h2>\n<h3><strong>Industrial Grade Anwendungsbereich<\/strong><\/h3>\n<p>1. f\u00fcr die Herstellung von unges\u00e4ttigten Harzen, Polyetherpolyolen, Epoxidharzen usw.<\/p>\n<p>2. Verwendung in der organischen Synthese, als L\u00f6sungsmittel, Dehydratisierungsmittel und Gaschromatographie-Fixiermittel, synthetischer Emulgator, Emulsionsbrecher usw.<\/p>\n<p>3. Als chemisches Zwischenprodukt f\u00fcr das Pestizid Fungizid Phenomethoxazol.<\/p>\n<p>4. Verwendung in Zellophan, Weichmachern und der pharmazeutischen Industrie.<\/p>\n<p>5. Die w\u00e4ssrige L\u00f6sung von Propylenglykol ist ein wirksames Frostschutzmittel.<\/p>\n<p>&nbsp;<\/p>\n<h3><strong>Industriequalit\u00e4t Produkteigenschaften<\/strong><\/h3>\n<p>Der Gehalt an Propylenglykol industrieller Qualit\u00e4t erreicht mehr als 99,5%, mit stabiler Produktqualit\u00e4t und hoher Anlaufrate, kann es verschiedene Anforderungen der Kunden erf\u00fcllen und wurde von ihnen weithin gelobt.<\/p>\n<h2><strong>Verpackung und Transport<\/strong><\/h2>\n<p>Verpackt in verzinkten Eisentrommeln oder Kunststofff\u00e4ssern, Spezifikationen k\u00f6nnen 25kg, 200kg, 215kg sein.<\/p>\n<p>Es kann in ISO TANK-Dosen, Fl\u00fcssigkeitsbeuteln oder nach Kundenwunsch verpackt werden.<\/p>\n<p>&nbsp;<\/p>\n<h2><strong>Sichere Lagerung<\/strong><\/h2>\n<p>Lagern Sie in einem k\u00fchlen und bel\u00fcfteten Lager, die Temperatur sollte 37\u2103 nicht \u00fcberschreiten, und die relative Luftfeuchtigkeit sollte unter 60% kontrolliert werden.<\/p>\n<p>Es sollte getrennt von Oxidationsmitteln, Reduktionsmitteln, S\u00e4uren usw. gelagert werden. Niemals vermischt lagern und den Beh\u00e4lter verschlossen halten.<\/p>\n<p>Von Feuer und W\u00e4rmequellen fernhalten. Die Verwendung von funkenanf\u00e4lligen Maschinen und Werkzeugen ist zu verbieten.<\/p>\n<p>Der Lagerbereich sollte mit einer Ausr\u00fcstung zur Notfallbehandlung von Leckagen ausgestattet sein. Die unterste Schicht sollte bei der Lagerung gepolstert sein, und die H\u00f6he der Paletten sollte 2 m nicht \u00fcberschreiten.<\/p>\n<p>&nbsp;<\/p>\n<h2><strong><b>Wo kann man Propylenglykol kaufen? <\/b><\/strong><strong><b>Kontaktieren Sie uns jetzt!<\/b><\/strong><\/h2>\n<h4><strong><b>Wenn Sie COA, MSDS oder TDS ben\u00f6tigen, geben Sie bitte Ihre Kontaktinformationen in das untenstehende Formular ein. Wir werden uns in der Regel innerhalb von 24 Stunden mit Ihnen in Verbindung setzen.<\/b><\/strong> Sie k\u00f6nnen mir auch eine E-Mail schicken <a href=\"mailto:info@longchangchemical.com\"><span style=\"color: #0000ff;\">info@longchangchemical.com<\/span><\/a> w\u00e4hrend der Gesch\u00e4ftszeiten ( 8:30 bis 18:00 Uhr UTC+8 Mo.~Sa. ) oder nutzen Sie den Live-Chat auf der Website, um eine schnelle Antwort zu erhalten.<\/h4>","protected":false},"excerpt":{"rendered":"<p>Propylenglykol Lebensmittelqualit\u00e4t Anwendungsbereich 1. kann als L\u00f6sungsmittel f\u00fcr Geschmack und Duft, Gew\u00fcrze und Lebensmittelfarbe, Lebensmittelverpackung Weichmacher, Lebensmittel Anti-Haftmittel, Tabak Feuchthaltemittel, Anti-Schimmel-Agent, Obst Reifung Konservierungsmittel, Frostschutzmittel und W\u00e4rme\u00fcbertragungsmedium, Emulgator, etc. verwendet werden. 2. auch als L\u00f6sungsmittel f\u00fcr Lebensmittel Kennzeichnung Tinte f\u00fcr Schmier\u00f6l von [...]<\/p>","protected":false},"featured_media":5774,"comment_status":"open","ping_status":"closed","template":"","meta":[],"product_brand":[],"product_cat":[111],"product_tag":[],"class_list":{"0":"post-5773","1":"product","2":"type-product","3":"status-publish","4":"has-post-thumbnail","6":"product_cat-plasticizer","8":"first","9":"instock","10":"shipping-taxable","11":"product-type-simple"},"yoast_head":"<!-- This site is optimized with the Yoast SEO plugin v25.3.1 - https:\/\/yoast.com\/wordpress\/plugins\/seo\/ -->\n<title>China 1,2-Propanediol Manufacturer \/ Propylene glycol Manufacturer | 57-55-6 - Longchang Chemical<\/title>\n<meta name=\"description\" content=\"Lcflex\u00ae PG can be used as 1,2-Propanediol, Propylene glycol, is the key product of Longchang Chemical. We are the leading Propylene glycol manufacturer and supplier in China with the best quanlity and competitive price.\" \/>\n<meta name=\"robots\" content=\"index, follow, max-snippet:-1, max-image-preview:large, max-video-preview:-1\" \/>\n<link rel=\"canonical\" href=\"https:\/\/longchangchemical.com\/de\/product\/chlumiflex-pg-cas-57-55-6\/\" \/>\n<meta property=\"og:locale\" content=\"de_DE\" \/>\n<meta property=\"og:type\" content=\"article\" \/>\n<meta property=\"og:title\" content=\"China 1,2-Propanediol Manufacturer \/ Propylene glycol Manufacturer | 57-55-6 - Longchang Chemical\" \/>\n<meta property=\"og:description\" content=\"Lcflex\u00ae PG can be used as 1,2-Propanediol, Propylene glycol, is the key product of Longchang Chemical. We are the leading Propylene glycol manufacturer and supplier in China with the best quanlity and competitive price.\" \/>\n<meta property=\"og:url\" content=\"https:\/\/longchangchemical.com\/de\/product\/chlumiflex-pg-cas-57-55-6\/\" \/>\n<meta property=\"og:site_name\" content=\"Longchang Chemical\" \/>\n<meta property=\"article:modified_time\" content=\"2025-12-15T07:21:54+00:00\" \/>\n<meta property=\"og:image\" content=\"https:\/\/longchangchemical.com\/wp-content\/uploads\/2022\/12\/Propylene-glycol-manufactured.png\" \/>\n\t<meta property=\"og:image:width\" content=\"504\" \/>\n\t<meta property=\"og:image:height\" content=\"483\" \/>\n\t<meta property=\"og:image:type\" content=\"image\/png\" \/>\n<meta name=\"twitter:card\" content=\"summary_large_image\" \/>\n<script type=\"application\/ld+json\" class=\"yoast-schema-graph\">{\"@context\":\"https:\/\/schema.org\",\"@graph\":[{\"@type\":\"WebPage\",\"@id\":\"https:\/\/longchangchemical.com\/product\/chlumiflex-pg-cas-57-55-6\/\",\"url\":\"https:\/\/longchangchemical.com\/product\/chlumiflex-pg-cas-57-55-6\/\",\"name\":\"China 1,2-Propanediol Manufacturer \/ Propylene glycol Manufacturer | 57-55-6 - Longchang Chemical\",\"isPartOf\":{\"@id\":\"https:\/\/longchangchemical.com\/#website\"},\"primaryImageOfPage\":{\"@id\":\"https:\/\/longchangchemical.com\/product\/chlumiflex-pg-cas-57-55-6\/#primaryimage\"},\"image\":{\"@id\":\"https:\/\/longchangchemical.com\/product\/chlumiflex-pg-cas-57-55-6\/#primaryimage\"},\"thumbnailUrl\":\"https:\/\/longchangchemical.com\/wp-content\/uploads\/2022\/12\/Propylene-glycol-manufactured.png\",\"datePublished\":\"2022-12-05T13:21:28+00:00\",\"dateModified\":\"2025-12-15T07:21:54+00:00\",\"description\":\"Lcflex\u00ae PG can be used as 1,2-Propanediol, Propylene glycol, is the key product of Longchang Chemical. We are the leading Propylene glycol manufacturer and supplier in China with the best quanlity and competitive price.\",\"breadcrumb\":{\"@id\":\"https:\/\/longchangchemical.com\/product\/chlumiflex-pg-cas-57-55-6\/#breadcrumb\"},\"inLanguage\":\"de\",\"potentialAction\":[{\"@type\":\"ReadAction\",\"target\":[\"https:\/\/longchangchemical.com\/product\/chlumiflex-pg-cas-57-55-6\/\"]}]},{\"@type\":\"ImageObject\",\"inLanguage\":\"de\",\"@id\":\"https:\/\/longchangchemical.com\/product\/chlumiflex-pg-cas-57-55-6\/#primaryimage\",\"url\":\"https:\/\/longchangchemical.com\/wp-content\/uploads\/2022\/12\/Propylene-glycol-manufactured.png\",\"contentUrl\":\"https:\/\/longchangchemical.com\/wp-content\/uploads\/2022\/12\/Propylene-glycol-manufactured.png\",\"width\":504,\"height\":483},{\"@type\":\"BreadcrumbList\",\"@id\":\"https:\/\/longchangchemical.com\/product\/chlumiflex-pg-cas-57-55-6\/#breadcrumb\",\"itemListElement\":[{\"@type\":\"ListItem\",\"position\":1,\"name\":\"Home\",\"item\":\"https:\/\/longchangchemical.com\/\"},{\"@type\":\"ListItem\",\"position\":2,\"name\":\"Products Longchang\",\"item\":\"https:\/\/longchangchemical.com\/product\/\"},{\"@type\":\"ListItem\",\"position\":3,\"name\":\"CHLUMIFLEX\u00ae PG \/ 1,2-Propanediol \/ Propylene glycol CAS 57-55-6\"}]},{\"@type\":\"WebSite\",\"@id\":\"https:\/\/longchangchemical.com\/#website\",\"url\":\"https:\/\/longchangchemical.com\/\",\"name\":\"Longchang Chemical\",\"description\":\"China chemical manufacturer \uff06 supplier\",\"publisher\":{\"@id\":\"https:\/\/longchangchemical.com\/#organization\"},\"potentialAction\":[{\"@type\":\"SearchAction\",\"target\":{\"@type\":\"EntryPoint\",\"urlTemplate\":\"https:\/\/longchangchemical.com\/?s={search_term_string}\"},\"query-input\":{\"@type\":\"PropertyValueSpecification\",\"valueRequired\":true,\"valueName\":\"search_term_string\"}}],\"inLanguage\":\"de\"},{\"@type\":\"Organization\",\"@id\":\"https:\/\/longchangchemical.com\/#organization\",\"name\":\"Longchang Chemical\",\"url\":\"https:\/\/longchangchemical.com\/\",\"logo\":{\"@type\":\"ImageObject\",\"inLanguage\":\"de\",\"@id\":\"https:\/\/longchangchemical.com\/#\/schema\/logo\/image\/\",\"url\":\"https:\/\/longchangchemical.com\/wp-content\/uploads\/2020\/08\/cropped-longchang-logo.png\",\"contentUrl\":\"https:\/\/longchangchemical.com\/wp-content\/uploads\/2020\/08\/cropped-longchang-logo.png\",\"width\":512,\"height\":512,\"caption\":\"Longchang Chemical\"},\"image\":{\"@id\":\"https:\/\/longchangchemical.com\/#\/schema\/logo\/image\/\"}}]}<\/script>\n<!-- \/ Yoast SEO plugin. -->","yoast_head_json":{"title":"China 1,2-Propandiol Hersteller \/ Propylenglykol Hersteller | 57-55-6 - Longchang Chemical","description":"Lcflex\u00ae PG kann als 1,2-Propandiol, Propylenglykol verwendet werden und ist das Hauptprodukt von Longchang Chemical. Wir sind der f\u00fchrende Hersteller und Lieferant von Propylenglykol in China mit der besten Qualit\u00e4t und wettbewerbsf\u00e4higen Preisen.","robots":{"index":"index","follow":"follow","max-snippet":"max-snippet:-1","max-image-preview":"max-image-preview:large","max-video-preview":"max-video-preview:-1"},"canonical":"https:\/\/longchangchemical.com\/de\/product\/chlumiflex-pg-cas-57-55-6\/","og_locale":"de_DE","og_type":"article","og_title":"China 1,2-Propanediol Manufacturer \/ Propylene glycol Manufacturer | 57-55-6 - Longchang Chemical","og_description":"Lcflex\u00ae PG can be used as 1,2-Propanediol, Propylene glycol, is the key product of Longchang Chemical. We are the leading Propylene glycol manufacturer and supplier in China with the best quanlity and competitive price.","og_url":"https:\/\/longchangchemical.com\/de\/product\/chlumiflex-pg-cas-57-55-6\/","og_site_name":"Longchang Chemical","article_modified_time":"2025-12-15T07:21:54+00:00","og_image":[{"width":504,"height":483,"url":"https:\/\/longchangchemical.com\/wp-content\/uploads\/2022\/12\/Propylene-glycol-manufactured.png","type":"image\/png"}],"twitter_card":"summary_large_image","schema":{"@context":"https:\/\/schema.org","@graph":[{"@type":"WebPage","@id":"https:\/\/longchangchemical.com\/product\/chlumiflex-pg-cas-57-55-6\/","url":"https:\/\/longchangchemical.com\/product\/chlumiflex-pg-cas-57-55-6\/","name":"China 1,2-Propandiol Hersteller \/ Propylenglykol Hersteller | 57-55-6 - Longchang Chemical","isPartOf":{"@id":"https:\/\/longchangchemical.com\/#website"},"primaryImageOfPage":{"@id":"https:\/\/longchangchemical.com\/product\/chlumiflex-pg-cas-57-55-6\/#primaryimage"},"image":{"@id":"https:\/\/longchangchemical.com\/product\/chlumiflex-pg-cas-57-55-6\/#primaryimage"},"thumbnailUrl":"https:\/\/longchangchemical.com\/wp-content\/uploads\/2022\/12\/Propylene-glycol-manufactured.png","datePublished":"2022-12-05T13:21:28+00:00","dateModified":"2025-12-15T07:21:54+00:00","description":"Lcflex\u00ae PG kann als 1,2-Propandiol, Propylenglykol verwendet werden und ist das Hauptprodukt von Longchang Chemical. Wir sind der f\u00fchrende Hersteller und Lieferant von Propylenglykol in China mit der besten Qualit\u00e4t und wettbewerbsf\u00e4higen Preisen.","breadcrumb":{"@id":"https:\/\/longchangchemical.com\/product\/chlumiflex-pg-cas-57-55-6\/#breadcrumb"},"inLanguage":"de","potentialAction":[{"@type":"ReadAction","target":["https:\/\/longchangchemical.com\/product\/chlumiflex-pg-cas-57-55-6\/"]}]},{"@type":"ImageObject","inLanguage":"de","@id":"https:\/\/longchangchemical.com\/product\/chlumiflex-pg-cas-57-55-6\/#primaryimage","url":"https:\/\/longchangchemical.com\/wp-content\/uploads\/2022\/12\/Propylene-glycol-manufactured.png","contentUrl":"https:\/\/longchangchemical.com\/wp-content\/uploads\/2022\/12\/Propylene-glycol-manufactured.png","width":504,"height":483},{"@type":"BreadcrumbList","@id":"https:\/\/longchangchemical.com\/product\/chlumiflex-pg-cas-57-55-6\/#breadcrumb","itemListElement":[{"@type":"ListItem","position":1,"name":"Home","item":"https:\/\/longchangchemical.com\/"},{"@type":"ListItem","position":2,"name":"Products Longchang","item":"https:\/\/longchangchemical.com\/product\/"},{"@type":"ListItem","position":3,"name":"CHLUMIFLEX\u00ae PG \/ 1,2-Propanediol \/ Propylene glycol CAS 57-55-6"}]},{"@type":"WebSite","@id":"https:\/\/longchangchemical.com\/#website","url":"https:\/\/longchangchemical.com\/","name":"Longchang Chemical","description":"China Hersteller von Chemikalien \uff06 Lieferant","publisher":{"@id":"https:\/\/longchangchemical.com\/#organization"},"potentialAction":[{"@type":"SearchAction","target":{"@type":"EntryPoint","urlTemplate":"https:\/\/longchangchemical.com\/?s={search_term_string}"},"query-input":{"@type":"PropertyValueSpecification","valueRequired":true,"valueName":"search_term_string"}}],"inLanguage":"de"},{"@type":"Organization","@id":"https:\/\/longchangchemical.com\/#organization","name":"Longchang Chemical","url":"https:\/\/longchangchemical.com\/","logo":{"@type":"ImageObject","inLanguage":"de","@id":"https:\/\/longchangchemical.com\/#\/schema\/logo\/image\/","url":"https:\/\/longchangchemical.com\/wp-content\/uploads\/2020\/08\/cropped-longchang-logo.png","contentUrl":"https:\/\/longchangchemical.com\/wp-content\/uploads\/2020\/08\/cropped-longchang-logo.png","width":512,"height":512,"caption":"Longchang Chemical"},"image":{"@id":"https:\/\/longchangchemical.com\/#\/schema\/logo\/image\/"}}]}},"_links":{"self":[{"href":"https:\/\/longchangchemical.com\/de\/wp-json\/wp\/v2\/product\/5773","targetHints":{"allow":["GET"]}}],"collection":[{"href":"https:\/\/longchangchemical.com\/de\/wp-json\/wp\/v2\/product"}],"about":[{"href":"https:\/\/longchangchemical.com\/de\/wp-json\/wp\/v2\/types\/product"}],"replies":[{"embeddable":true,"href":"https:\/\/longchangchemical.com\/de\/wp-json\/wp\/v2\/comments?post=5773"}],"wp:featuredmedia":[{"embeddable":true,"href":"https:\/\/longchangchemical.com\/de\/wp-json\/wp\/v2\/media\/5774"}],"wp:attachment":[{"href":"https:\/\/longchangchemical.com\/de\/wp-json\/wp\/v2\/media?parent=5773"}],"wp:term":[{"taxonomy":"product_brand","embeddable":true,"href":"https:\/\/longchangchemical.com\/de\/wp-json\/wp\/v2\/product_brand?post=5773"},{"taxonomy":"product_cat","embeddable":true,"href":"https:\/\/longchangchemical.com\/de\/wp-json\/wp\/v2\/product_cat?post=5773"},{"taxonomy":"product_tag","embeddable":true,"href":"https:\/\/longchangchemical.com\/de\/wp-json\/wp\/v2\/product_tag?post=5773"}],"curies":[{"name":"wp","href":"https:\/\/api.w.org\/{rel}","templated":true}]}}