{"id":5766,"date":"2022-12-01T13:35:07","date_gmt":"2022-12-01T13:35:07","guid":{"rendered":"https:\/\/longchangchemical.com\/?post_type=product&#038;p=5766"},"modified":"2026-01-09T09:24:35","modified_gmt":"2026-01-09T09:24:35","slug":"lcsorb-uv-329-cas-3147-75-9","status":"publish","type":"product","link":"https:\/\/longchangchemical.com\/de\/product\/lcsorb-uv-329-cas-3147-75-9\/","title":{"rendered":"UV-329 \/ UV-Absorber UV-329 CAS 3147-75-9"},"content":{"rendered":"<h1><strong>UV-329 \/ UV-Absorber UV-329 CAS 3147-75-9<\/strong><\/h1>\n<table border=\"1\" width=\"505\" cellspacing=\"0\">\n<tbody>\n<tr>\n<td valign=\"top\" width=\"104\">Erscheinungsbild<\/td>\n<td valign=\"top\" width=\"386\">Wei\u00dfes kristallines Pulver<\/td>\n<\/tr>\n<tr>\n<td valign=\"top\" width=\"104\">Inhalt<\/td>\n<td valign=\"top\" width=\"386\">\u226599%(HPLC)<\/td>\n<\/tr>\n<tr>\n<td valign=\"top\" width=\"104\">Schmelzpunkt<\/td>\n<td valign=\"top\" width=\"386\">103-105.3\u2103<\/td>\n<\/tr>\n<tr>\n<td valign=\"top\" width=\"104\">Esche<\/td>\n<td valign=\"top\" width=\"386\">\u22640.1%<\/td>\n<\/tr>\n<tr>\n<td valign=\"top\" width=\"104\">Fl\u00fcchtig<\/td>\n<td valign=\"top\" width=\"386\">\u22640,5%<\/td>\n<\/tr>\n<tr>\n<td valign=\"top\" width=\"104\">Durchl\u00e4ssigkeit<\/td>\n<td valign=\"top\" width=\"386\">440nm\u226597%\uff0c500nm\u226598%<\/td>\n<\/tr>\n<\/tbody>\n<\/table>\n<h1><\/h1>\n<h2><strong>UV-329 <\/strong><strong>Anwendung\uff1a<\/strong><\/h2>\n<p>1. Dieses Produkt ist ein ausgezeichnetes Anti-Aging-Mittel f\u00fcr Hochschulen und Universit\u00e4ten, das 270-380nm ultraviolettes Licht effektiv absorbieren kann.<\/p>\n<p>2. Nicht entflammbar, nicht explosiv, nicht giftig, sicher und harmlos zu verwenden.<\/p>\n<p>3. Dieses Produkt absorbiert kaum sichtbares Licht und eignet sich besonders f\u00fcr farblose, transparente und hellfarbige Produkte.<\/p>\n<p>4. Dieses Produkt eignet sich f\u00fcr Polyester, starres Polyvinylchlorid, Polystyrol, Polymethylmethacrylat, Polycarbonat, ABS-Harz, etc. Besonders wirksam bei transparenten Produkten und bei technischen Kunststoffen, die bei hohen Temperaturen verarbeitet werden. Dieses Produkt kann auch f\u00fcr Polyolefine verwendet werden.<\/p>\n<p><strong><em>lcsorb\u00ae.<\/em> UV-329 <\/strong>ist ein hervorragendes Anti-Aging-Mittel f\u00fcr Hochschulen und Universit\u00e4ten, das ultraviolettes Licht von 270-380 nm wirksam absorbieren kann.<\/p>\n<p>1. Nicht entflammbar, nicht explosiv, ungiftig, sicher und harmlos zu verwenden.<\/p>\n<p>2. Dieses Produkt absorbiert kaum sichtbares Licht und eignet sich besonders f\u00fcr farblose, transparente und hellfarbige Produkte.<\/p>\n<p>3. Dieses Produkt eignet sich f\u00fcr Polyester, starres Polyvinylchlorid, Polystyrol, Polymethylmethacrylat, Polycarbonat, ABS-Harz, etc. Besonders wirksam bei transparenten Produkten und bei technischen Kunststoffen, die bei hohen Temperaturen verarbeitet werden. Dieses Produkt kann auch f\u00fcr Polyolefine verwendet werden.<\/p>\n<p><strong>Lagerung:<\/strong><br \/>\nSie werden in einem trockenen, sauberen Lager mit guter Bel\u00fcftung aufbewahrt.<br \/>\nVermeiden Sie Licht- und W\u00e4rmeeinwirkung, um eine Oxidation zu verhindern.<br \/>\nSchutz des Produkts vor Auslaufen, Regen und Sonneneinstrahlung w\u00e4hrend des Transports.<\/p>\n<h2><strong>Kontaktieren Sie uns jetzt!<\/strong><\/h2>\n<p><strong>Wenn Sie COA, MSDS oder TDS von <span style=\"color: #00ccff;\"><a style=\"color: #00ccff;\" href=\"https:\/\/longchangchemical.com\/de\/product-category\/lcsorb-uv-absorber\/\">UV-Absorber<\/a><\/span>Bitte tragen Sie Ihre Kontaktdaten in das untenstehende Formular ein. Wir werden uns in der Regel innerhalb von 24 Stunden mit Ihnen in Verbindung setzen. Sie k\u00f6nnen mir auch eine E-Mail schicken <span style=\"color: #00ccff;\"><a style=\"color: #00ccff;\" href=\"mailto:info@longchangchemical.com\">info@longchangchemical.com<\/a> <\/span>w\u00e4hrend der Gesch\u00e4ftszeiten ( 8:30 bis 18:00 Uhr UTC+8 Mo.~Sa. ) oder nutzen Sie den Live-Chat auf der Website, um eine schnelle Antwort zu erhalten.<\/strong><\/p>","protected":false},"excerpt":{"rendered":"<p>Produktbezeichnung: UV-Absorber UV-329<\/p>\n<p>CAS-Nr.: 3147-75-9<\/p>\n<p><strong>Chemische Bezeichnung<\/strong>2-(2H-Benzotriazol-2-yl)-4-(1,1,3,3-Tetramethylbutyl)phenol<\/p>\n<p><strong>Synonym:<\/strong>Eversorb 72;CHISORB 5411;Milestab 329;THASORB UV-329Uv Absorber UV-329 Cas No 3147-75-9 Hersteller -<\/p>\n<p>MF: C20H25N3O<\/p>\n<p>Reinheit: \u226599%(HPLC)<\/p>","protected":false},"featured_media":7959,"comment_status":"closed","ping_status":"closed","template":"","meta":[],"product_brand":[],"product_cat":[139],"product_tag":[],"class_list":{"0":"post-5766","1":"product","2":"type-product","3":"status-publish","4":"has-post-thumbnail","6":"product_cat-lcsorb-uv-absorber","8":"first","9":"instock","10":"shipping-taxable","11":"product-type-simple"},"yoast_head":"<!-- This site is optimized with the Yoast SEO plugin v25.3.1 - https:\/\/yoast.com\/wordpress\/plugins\/seo\/ -->\n<title>Uv absorber UV-329 Cas No 3147-75-9 manufacturer - Longchang Chemical<\/title>\n<meta name=\"description\" content=\"UV-329 can replace Eversorb 72;CHISORB 5411;Milestab 329;THASORB UV-329,used as ultraviolet absorber and is the key product of Longchang Chemical. We are the leading uv material manufacturer and supplier in China with the best quanlity and competitive price.\" \/>\n<meta name=\"robots\" content=\"index, follow, max-snippet:-1, max-image-preview:large, max-video-preview:-1\" \/>\n<link rel=\"canonical\" href=\"https:\/\/longchangchemical.com\/de\/product\/lcsorb-uv-329-cas-3147-75-9\/\" \/>\n<meta property=\"og:locale\" content=\"de_DE\" \/>\n<meta property=\"og:type\" content=\"article\" \/>\n<meta property=\"og:title\" content=\"Uv absorber UV-329 Cas No 3147-75-9 manufacturer - Longchang Chemical\" \/>\n<meta property=\"og:description\" content=\"UV-329 can replace Eversorb 72;CHISORB 5411;Milestab 329;THASORB UV-329,used as ultraviolet absorber and is the key product of Longchang Chemical. We are the leading uv material manufacturer and supplier in China with the best quanlity and competitive price.\" \/>\n<meta property=\"og:url\" content=\"https:\/\/longchangchemical.com\/de\/product\/lcsorb-uv-329-cas-3147-75-9\/\" \/>\n<meta property=\"og:site_name\" content=\"Longchang Chemical\" \/>\n<meta property=\"article:modified_time\" content=\"2026-01-09T09:24:35+00:00\" \/>\n<meta property=\"og:image\" content=\"https:\/\/longchangchemical.com\/wp-content\/uploads\/2022\/12\/3147-75-9.jpg\" \/>\n\t<meta property=\"og:image:width\" content=\"600\" \/>\n\t<meta property=\"og:image:height\" content=\"600\" \/>\n\t<meta property=\"og:image:type\" content=\"image\/jpeg\" \/>\n<meta name=\"twitter:card\" content=\"summary_large_image\" \/>\n<script type=\"application\/ld+json\" class=\"yoast-schema-graph\">{\"@context\":\"https:\/\/schema.org\",\"@graph\":[{\"@type\":\"WebPage\",\"@id\":\"https:\/\/longchangchemical.com\/product\/lcsorb-uv-329-cas-3147-75-9\/\",\"url\":\"https:\/\/longchangchemical.com\/product\/lcsorb-uv-329-cas-3147-75-9\/\",\"name\":\"Uv absorber UV-329 Cas No 3147-75-9 manufacturer - Longchang Chemical\",\"isPartOf\":{\"@id\":\"https:\/\/longchangchemical.com\/#website\"},\"primaryImageOfPage\":{\"@id\":\"https:\/\/longchangchemical.com\/product\/lcsorb-uv-329-cas-3147-75-9\/#primaryimage\"},\"image\":{\"@id\":\"https:\/\/longchangchemical.com\/product\/lcsorb-uv-329-cas-3147-75-9\/#primaryimage\"},\"thumbnailUrl\":\"https:\/\/longchangchemical.com\/wp-content\/uploads\/2022\/12\/3147-75-9.jpg\",\"datePublished\":\"2022-12-01T13:35:07+00:00\",\"dateModified\":\"2026-01-09T09:24:35+00:00\",\"description\":\"UV-329 can replace Eversorb 72;CHISORB 5411;Milestab 329;THASORB UV-329,used as ultraviolet absorber and is the key product of Longchang Chemical. We are the leading uv material manufacturer and supplier in China with the best quanlity and competitive price.\",\"breadcrumb\":{\"@id\":\"https:\/\/longchangchemical.com\/product\/lcsorb-uv-329-cas-3147-75-9\/#breadcrumb\"},\"inLanguage\":\"de\",\"potentialAction\":[{\"@type\":\"ReadAction\",\"target\":[\"https:\/\/longchangchemical.com\/product\/lcsorb-uv-329-cas-3147-75-9\/\"]}]},{\"@type\":\"ImageObject\",\"inLanguage\":\"de\",\"@id\":\"https:\/\/longchangchemical.com\/product\/lcsorb-uv-329-cas-3147-75-9\/#primaryimage\",\"url\":\"https:\/\/longchangchemical.com\/wp-content\/uploads\/2022\/12\/3147-75-9.jpg\",\"contentUrl\":\"https:\/\/longchangchemical.com\/wp-content\/uploads\/2022\/12\/3147-75-9.jpg\",\"width\":600,\"height\":600},{\"@type\":\"BreadcrumbList\",\"@id\":\"https:\/\/longchangchemical.com\/product\/lcsorb-uv-329-cas-3147-75-9\/#breadcrumb\",\"itemListElement\":[{\"@type\":\"ListItem\",\"position\":1,\"name\":\"Home\",\"item\":\"https:\/\/longchangchemical.com\/\"},{\"@type\":\"ListItem\",\"position\":2,\"name\":\"Products Longchang\",\"item\":\"https:\/\/longchangchemical.com\/product\/\"},{\"@type\":\"ListItem\",\"position\":3,\"name\":\"UV-329 \/ UV Absorber UV-329 CAS 3147-75-9\"}]},{\"@type\":\"WebSite\",\"@id\":\"https:\/\/longchangchemical.com\/#website\",\"url\":\"https:\/\/longchangchemical.com\/\",\"name\":\"Longchang Chemical\",\"description\":\"China chemical manufacturer \uff06 supplier\",\"publisher\":{\"@id\":\"https:\/\/longchangchemical.com\/#organization\"},\"potentialAction\":[{\"@type\":\"SearchAction\",\"target\":{\"@type\":\"EntryPoint\",\"urlTemplate\":\"https:\/\/longchangchemical.com\/?s={search_term_string}\"},\"query-input\":{\"@type\":\"PropertyValueSpecification\",\"valueRequired\":true,\"valueName\":\"search_term_string\"}}],\"inLanguage\":\"de\"},{\"@type\":\"Organization\",\"@id\":\"https:\/\/longchangchemical.com\/#organization\",\"name\":\"Longchang Chemical\",\"url\":\"https:\/\/longchangchemical.com\/\",\"logo\":{\"@type\":\"ImageObject\",\"inLanguage\":\"de\",\"@id\":\"https:\/\/longchangchemical.com\/#\/schema\/logo\/image\/\",\"url\":\"https:\/\/longchangchemical.com\/wp-content\/uploads\/2020\/08\/cropped-longchang-logo.png\",\"contentUrl\":\"https:\/\/longchangchemical.com\/wp-content\/uploads\/2020\/08\/cropped-longchang-logo.png\",\"width\":512,\"height\":512,\"caption\":\"Longchang Chemical\"},\"image\":{\"@id\":\"https:\/\/longchangchemical.com\/#\/schema\/logo\/image\/\"}}]}<\/script>\n<!-- \/ Yoast SEO plugin. -->","yoast_head_json":{"title":"UV-Absorber UV-329 Cas No 3147-75-9 Hersteller - Longchang Chemical","description":"UV-329 kann Eversorb 72;CHISORB 5411;Milestab 329;THASORB UV-329 ersetzen, wird als Ultraviolettabsorber verwendet und ist das Schl\u00fcsselprodukt von Longchang Chemical. Wir sind der f\u00fchrende Hersteller und Lieferant von UV-Materialien in China mit der besten Qualit\u00e4t und dem g\u00fcnstigsten Preis.","robots":{"index":"index","follow":"follow","max-snippet":"max-snippet:-1","max-image-preview":"max-image-preview:large","max-video-preview":"max-video-preview:-1"},"canonical":"https:\/\/longchangchemical.com\/de\/product\/lcsorb-uv-329-cas-3147-75-9\/","og_locale":"de_DE","og_type":"article","og_title":"Uv absorber UV-329 Cas No 3147-75-9 manufacturer - Longchang Chemical","og_description":"UV-329 can replace Eversorb 72;CHISORB 5411;Milestab 329;THASORB UV-329,used as ultraviolet absorber and is the key product of Longchang Chemical. We are the leading uv material manufacturer and supplier in China with the best quanlity and competitive price.","og_url":"https:\/\/longchangchemical.com\/de\/product\/lcsorb-uv-329-cas-3147-75-9\/","og_site_name":"Longchang Chemical","article_modified_time":"2026-01-09T09:24:35+00:00","og_image":[{"width":600,"height":600,"url":"https:\/\/longchangchemical.com\/wp-content\/uploads\/2022\/12\/3147-75-9.jpg","type":"image\/jpeg"}],"twitter_card":"summary_large_image","schema":{"@context":"https:\/\/schema.org","@graph":[{"@type":"WebPage","@id":"https:\/\/longchangchemical.com\/product\/lcsorb-uv-329-cas-3147-75-9\/","url":"https:\/\/longchangchemical.com\/product\/lcsorb-uv-329-cas-3147-75-9\/","name":"UV-Absorber UV-329 Cas No 3147-75-9 Hersteller - Longchang Chemical","isPartOf":{"@id":"https:\/\/longchangchemical.com\/#website"},"primaryImageOfPage":{"@id":"https:\/\/longchangchemical.com\/product\/lcsorb-uv-329-cas-3147-75-9\/#primaryimage"},"image":{"@id":"https:\/\/longchangchemical.com\/product\/lcsorb-uv-329-cas-3147-75-9\/#primaryimage"},"thumbnailUrl":"https:\/\/longchangchemical.com\/wp-content\/uploads\/2022\/12\/3147-75-9.jpg","datePublished":"2022-12-01T13:35:07+00:00","dateModified":"2026-01-09T09:24:35+00:00","description":"UV-329 kann Eversorb 72;CHISORB 5411;Milestab 329;THASORB UV-329 ersetzen, wird als Ultraviolettabsorber verwendet und ist das Schl\u00fcsselprodukt von Longchang Chemical. Wir sind der f\u00fchrende Hersteller und Lieferant von UV-Materialien in China mit der besten Qualit\u00e4t und dem g\u00fcnstigsten Preis.","breadcrumb":{"@id":"https:\/\/longchangchemical.com\/product\/lcsorb-uv-329-cas-3147-75-9\/#breadcrumb"},"inLanguage":"de","potentialAction":[{"@type":"ReadAction","target":["https:\/\/longchangchemical.com\/product\/lcsorb-uv-329-cas-3147-75-9\/"]}]},{"@type":"ImageObject","inLanguage":"de","@id":"https:\/\/longchangchemical.com\/product\/lcsorb-uv-329-cas-3147-75-9\/#primaryimage","url":"https:\/\/longchangchemical.com\/wp-content\/uploads\/2022\/12\/3147-75-9.jpg","contentUrl":"https:\/\/longchangchemical.com\/wp-content\/uploads\/2022\/12\/3147-75-9.jpg","width":600,"height":600},{"@type":"BreadcrumbList","@id":"https:\/\/longchangchemical.com\/product\/lcsorb-uv-329-cas-3147-75-9\/#breadcrumb","itemListElement":[{"@type":"ListItem","position":1,"name":"Home","item":"https:\/\/longchangchemical.com\/"},{"@type":"ListItem","position":2,"name":"Products Longchang","item":"https:\/\/longchangchemical.com\/product\/"},{"@type":"ListItem","position":3,"name":"UV-329 \/ UV Absorber UV-329 CAS 3147-75-9"}]},{"@type":"WebSite","@id":"https:\/\/longchangchemical.com\/#website","url":"https:\/\/longchangchemical.com\/","name":"Longchang Chemical","description":"China Hersteller von Chemikalien \uff06 Lieferant","publisher":{"@id":"https:\/\/longchangchemical.com\/#organization"},"potentialAction":[{"@type":"SearchAction","target":{"@type":"EntryPoint","urlTemplate":"https:\/\/longchangchemical.com\/?s={search_term_string}"},"query-input":{"@type":"PropertyValueSpecification","valueRequired":true,"valueName":"search_term_string"}}],"inLanguage":"de"},{"@type":"Organization","@id":"https:\/\/longchangchemical.com\/#organization","name":"Longchang Chemical","url":"https:\/\/longchangchemical.com\/","logo":{"@type":"ImageObject","inLanguage":"de","@id":"https:\/\/longchangchemical.com\/#\/schema\/logo\/image\/","url":"https:\/\/longchangchemical.com\/wp-content\/uploads\/2020\/08\/cropped-longchang-logo.png","contentUrl":"https:\/\/longchangchemical.com\/wp-content\/uploads\/2020\/08\/cropped-longchang-logo.png","width":512,"height":512,"caption":"Longchang Chemical"},"image":{"@id":"https:\/\/longchangchemical.com\/#\/schema\/logo\/image\/"}}]}},"_links":{"self":[{"href":"https:\/\/longchangchemical.com\/de\/wp-json\/wp\/v2\/product\/5766","targetHints":{"allow":["GET"]}}],"collection":[{"href":"https:\/\/longchangchemical.com\/de\/wp-json\/wp\/v2\/product"}],"about":[{"href":"https:\/\/longchangchemical.com\/de\/wp-json\/wp\/v2\/types\/product"}],"replies":[{"embeddable":true,"href":"https:\/\/longchangchemical.com\/de\/wp-json\/wp\/v2\/comments?post=5766"}],"wp:featuredmedia":[{"embeddable":true,"href":"https:\/\/longchangchemical.com\/de\/wp-json\/wp\/v2\/media\/7959"}],"wp:attachment":[{"href":"https:\/\/longchangchemical.com\/de\/wp-json\/wp\/v2\/media?parent=5766"}],"wp:term":[{"taxonomy":"product_brand","embeddable":true,"href":"https:\/\/longchangchemical.com\/de\/wp-json\/wp\/v2\/product_brand?post=5766"},{"taxonomy":"product_cat","embeddable":true,"href":"https:\/\/longchangchemical.com\/de\/wp-json\/wp\/v2\/product_cat?post=5766"},{"taxonomy":"product_tag","embeddable":true,"href":"https:\/\/longchangchemical.com\/de\/wp-json\/wp\/v2\/product_tag?post=5766"}],"curies":[{"name":"wp","href":"https:\/\/api.w.org\/{rel}","templated":true}]}}