{"id":5524,"date":"2022-09-05T13:18:09","date_gmt":"2022-09-05T13:18:09","guid":{"rendered":"https:\/\/longchangchemical.com\/?post_type=product&#038;p=5524"},"modified":"2026-01-09T09:38:18","modified_gmt":"2026-01-09T09:38:18","slug":"lcsorb-uv-531-cas-1843-05-6","status":"publish","type":"product","link":"https:\/\/longchangchemical.com\/de\/product\/lcsorb-uv-531-cas-1843-05-6\/","title":{"rendered":"UV-531 \/ Benzophenon-12(BP-12) \/ CAS 1843-05-6"},"content":{"rendered":"<h1><strong>UV-531 CAS 1843-05-6<\/strong><\/h1>\n<table border=\"1\" width=\"505\" cellspacing=\"0\">\n<tbody>\n<tr>\n<td valign=\"top\" width=\"104\">Schmelzpunkt<\/td>\n<td valign=\"top\" width=\"386\">47-49\u2103<\/td>\n<\/tr>\n<tr>\n<td valign=\"top\" width=\"104\">Esche<\/td>\n<td valign=\"top\" width=\"386\">\u22640.1%<\/td>\n<\/tr>\n<tr>\n<td valign=\"top\" width=\"104\">Fl\u00fcchtig<\/td>\n<td valign=\"top\" width=\"386\">\u22640,5%<\/td>\n<\/tr>\n<tr>\n<td valign=\"top\" width=\"104\">Durchl\u00e4ssigkeit<\/td>\n<td valign=\"top\" width=\"386\">440nm\u226595%\uff0c500nm\u226597%<\/td>\n<\/tr>\n<\/tbody>\n<\/table>\n<p>&nbsp;<\/p>\n<h2><strong>UV-531 Anwendung<\/strong><\/h2>\n<p>UV-531 ist geeignet f\u00fcr Polyethylen, Polypropylen, Polystyrol, AS-Harz, ABS-Harz, Polycarbonat, Polyvinylchlorid, Polyvinylidenchlorid, Polyester und Polyamid.<\/p>\n<p><strong><em>lcsorb\u00ae.<\/em>UV-531<\/strong>\u00a0ist ein hervorragender Ultraviolettabsorber f\u00fcr Hochschulen und Universit\u00e4ten, der ultraviolettes Licht bei 270-340nm effektiv absorbieren kann. Es hat die Eigenschaften der hellen Farbe, ungiftig, gute Vertr\u00e4glichkeit, geringe Migration und einfache Verarbeitung.<\/p>\n<p><strong><em>lcsorb\u00ae.<\/em>UV-531<\/strong>ist geeignet f\u00fcr Polyethylen, Polypropylen, Polystyrol, AS-Harz, ABS-Harz, Polycarbonat, Polyvinylchlorid, Polyvinylidenchlorid, Polyester und Polyamid.<\/p>\n<p>&nbsp;<\/p>\n<h2><strong>UV-531 Menge hinzuf\u00fcgen<\/strong><\/h2>\n<table border=\"1\" width=\"584\" align=\"LEFT\">\n<tbody>\n<tr>\n<td valign=\"top\" width=\"95\">Styrol<\/td>\n<td valign=\"top\" width=\"95\">Polyethylen<\/td>\n<td valign=\"top\" width=\"95\">Polypropylen<\/td>\n<td valign=\"top\" width=\"95\">ABS-Harz<\/td>\n<td valign=\"top\" width=\"95\">Polyvinylchlorid<\/td>\n<\/tr>\n<tr>\n<td valign=\"top\" width=\"95\">0.2-0.5%<\/td>\n<td valign=\"top\" width=\"95\">0.2-0.4%<\/td>\n<td valign=\"top\" width=\"95\">0.5%<\/td>\n<td valign=\"top\" width=\"95\">0.3-0.5%<\/td>\n<td valign=\"top\" width=\"95\">0.25-0.5%<\/td>\n<\/tr>\n<\/tbody>\n<\/table>\n<p>&nbsp;<\/p>\n<p>&nbsp;<\/p>\n<p>&nbsp;<\/p>\n<h2><strong>UV-531 Lagerung<\/strong><\/h2>\n<p>Sie werden in einem trockenen, sauberen Lager mit guter Bel\u00fcftung aufbewahrt.<br \/>\nVermeiden Sie Licht- und W\u00e4rmeeinwirkung, um eine Oxidation zu verhindern.<br \/>\nSchutz des Produkts vor Auslaufen, Regen und Sonneneinstrahlung w\u00e4hrend des Transports.<\/p>\n<h2><strong>Anderer Name:<\/strong><\/h2>\n<p>Benzophenon 12;<br \/>\nBP-12;<br \/>\nCAS 1843-05-6;<br \/>\nOctabenzon;<br \/>\nUV 531;<br \/>\nChisorb BP-12;<br \/>\nCyasorb UV-531;<br \/>\nFENTASORB 531;<\/p>\n<h2><strong>Kontaktieren Sie uns jetzt!<\/strong><\/h2>\n<p><strong>Wenn Sie COA, MSDS oder TDS von <span style=\"color: #00ccff;\"><a style=\"color: #00ccff;\" href=\"https:\/\/longchangchemical.com\/de\/product-category\/lcsorb-uv-absorber\/\">UV-Absorber<\/a><\/span>Bitte tragen Sie Ihre Kontaktdaten in das untenstehende Formular ein. Wir werden uns in der Regel innerhalb von 24 Stunden mit Ihnen in Verbindung setzen. Sie k\u00f6nnen mir auch eine E-Mail schicken <span style=\"color: #00ccff;\"><a style=\"color: #00ccff;\" href=\"mailto:info@longchangchemical.com\">info@longchangchemical.com<\/a> <\/span>w\u00e4hrend der Gesch\u00e4ftszeiten ( 8:30 bis 18:00 Uhr UTC+8 Mo.~Sa. ) oder nutzen Sie den Live-Chat auf der Website, um eine schnelle Antwort zu erhalten.<\/strong><\/p>","protected":false},"excerpt":{"rendered":"<p><strong>Chemische Bezeichnung<\/strong>:[2-Hydroxy-4-(octyloxy)phenyl]phenylmethanon;2-HYDROXY-4-N-OCTOXYBENZOPHENON<\/p>\n<p><strong>Fall Nr.:<\/strong>1843-05-6<\/p>\n<p><strong>Synonym:<\/strong>Octabenzon;Eversorb 12;Benzophenon-12;BP-12;Chimassorb(R) 81;Chisorb BP-12;Cyasorb UV-531 Lichtstabilisator;FENTASORB 531;K.SORB 81;Uvinul 3008;Tinuvin 531<\/p>\n<p><strong>Struktur:<\/strong><\/p>\n<p><img decoding=\"async\" class=\"alignnone wp-image-4150\" src=\"https:\/\/longchangchemical.com\/wp-content\/uploads\/2021\/09\/1843-05-6.gif\" alt=\"\" width=\"314\" height=\"82\" \/><\/p>\n<p>Erscheinungsbild: Hellgelbes kristallines Pulver oder Flocken<\/p>\n<p>Inhalt: \u226599%(HPLC)<\/p>","protected":false},"featured_media":7966,"comment_status":"closed","ping_status":"closed","template":"","meta":[],"product_brand":[],"product_cat":[139],"product_tag":[],"class_list":{"0":"post-5524","1":"product","2":"type-product","3":"status-publish","4":"has-post-thumbnail","6":"product_cat-lcsorb-uv-absorber","8":"first","9":"instock","10":"shipping-taxable","11":"product-type-simple"},"yoast_head":"<!-- This site is optimized with the Yoast SEO plugin v25.3.1 - https:\/\/yoast.com\/wordpress\/plugins\/seo\/ -->\n<title>China Uv absorber UV-531 \/ Benzophenone-12 manufacturer Cas 1843-05-6 Supplier - Longchang Chemical<\/title>\n<meta name=\"description\" content=\"UV-531 can replace Octabenzone;Eversorb 12;Benzophenone-12;BP-12;Chimassorb(R) 81;Chisorb BP-12;Cyasorb UV-531 Light Stabilizer;FENTASORB 531;K.SORB 81;Uvinul 3008;Tinuvin 531,used as ultraviolet absorber and is the key product of Longchang Chemical. We are the leading uv material manufacturer and supplier in China with the best quanlity and competitive price.\" \/>\n<meta name=\"robots\" content=\"index, follow, max-snippet:-1, max-image-preview:large, max-video-preview:-1\" \/>\n<link rel=\"canonical\" href=\"https:\/\/longchangchemical.com\/de\/product\/lcsorb-uv-531-cas-1843-05-6\/\" \/>\n<meta property=\"og:locale\" content=\"de_DE\" \/>\n<meta property=\"og:type\" content=\"article\" \/>\n<meta property=\"og:title\" content=\"China Uv absorber UV-531 \/ Benzophenone-12 manufacturer Cas 1843-05-6 Supplier - Longchang Chemical\" \/>\n<meta property=\"og:description\" content=\"UV-531 can replace Octabenzone;Eversorb 12;Benzophenone-12;BP-12;Chimassorb(R) 81;Chisorb BP-12;Cyasorb UV-531 Light Stabilizer;FENTASORB 531;K.SORB 81;Uvinul 3008;Tinuvin 531,used as ultraviolet absorber and is the key product of Longchang Chemical. We are the leading uv material manufacturer and supplier in China with the best quanlity and competitive price.\" \/>\n<meta property=\"og:url\" content=\"https:\/\/longchangchemical.com\/de\/product\/lcsorb-uv-531-cas-1843-05-6\/\" \/>\n<meta property=\"og:site_name\" content=\"Longchang Chemical\" \/>\n<meta property=\"article:modified_time\" content=\"2026-01-09T09:38:18+00:00\" \/>\n<meta property=\"og:image\" content=\"https:\/\/longchangchemical.com\/wp-content\/uploads\/2022\/09\/1843-05-6.jpg\" \/>\n\t<meta property=\"og:image:width\" content=\"600\" \/>\n\t<meta property=\"og:image:height\" content=\"600\" \/>\n\t<meta property=\"og:image:type\" content=\"image\/jpeg\" \/>\n<meta name=\"twitter:card\" content=\"summary_large_image\" \/>\n<script type=\"application\/ld+json\" class=\"yoast-schema-graph\">{\"@context\":\"https:\/\/schema.org\",\"@graph\":[{\"@type\":\"WebPage\",\"@id\":\"https:\/\/longchangchemical.com\/product\/lcsorb-uv-531-cas-1843-05-6\/\",\"url\":\"https:\/\/longchangchemical.com\/product\/lcsorb-uv-531-cas-1843-05-6\/\",\"name\":\"China Uv absorber UV-531 \/ Benzophenone-12 manufacturer Cas 1843-05-6 Supplier - Longchang Chemical\",\"isPartOf\":{\"@id\":\"https:\/\/longchangchemical.com\/#website\"},\"primaryImageOfPage\":{\"@id\":\"https:\/\/longchangchemical.com\/product\/lcsorb-uv-531-cas-1843-05-6\/#primaryimage\"},\"image\":{\"@id\":\"https:\/\/longchangchemical.com\/product\/lcsorb-uv-531-cas-1843-05-6\/#primaryimage\"},\"thumbnailUrl\":\"https:\/\/longchangchemical.com\/wp-content\/uploads\/2022\/09\/1843-05-6.jpg\",\"datePublished\":\"2022-09-05T13:18:09+00:00\",\"dateModified\":\"2026-01-09T09:38:18+00:00\",\"description\":\"UV-531 can replace Octabenzone;Eversorb 12;Benzophenone-12;BP-12;Chimassorb(R) 81;Chisorb BP-12;Cyasorb UV-531 Light Stabilizer;FENTASORB 531;K.SORB 81;Uvinul 3008;Tinuvin 531,used as ultraviolet absorber and is the key product of Longchang Chemical. We are the leading uv material manufacturer and supplier in China with the best quanlity and competitive price.\",\"breadcrumb\":{\"@id\":\"https:\/\/longchangchemical.com\/product\/lcsorb-uv-531-cas-1843-05-6\/#breadcrumb\"},\"inLanguage\":\"de\",\"potentialAction\":[{\"@type\":\"ReadAction\",\"target\":[\"https:\/\/longchangchemical.com\/product\/lcsorb-uv-531-cas-1843-05-6\/\"]}]},{\"@type\":\"ImageObject\",\"inLanguage\":\"de\",\"@id\":\"https:\/\/longchangchemical.com\/product\/lcsorb-uv-531-cas-1843-05-6\/#primaryimage\",\"url\":\"https:\/\/longchangchemical.com\/wp-content\/uploads\/2022\/09\/1843-05-6.jpg\",\"contentUrl\":\"https:\/\/longchangchemical.com\/wp-content\/uploads\/2022\/09\/1843-05-6.jpg\",\"width\":600,\"height\":600},{\"@type\":\"BreadcrumbList\",\"@id\":\"https:\/\/longchangchemical.com\/product\/lcsorb-uv-531-cas-1843-05-6\/#breadcrumb\",\"itemListElement\":[{\"@type\":\"ListItem\",\"position\":1,\"name\":\"Home\",\"item\":\"https:\/\/longchangchemical.com\/\"},{\"@type\":\"ListItem\",\"position\":2,\"name\":\"Products Longchang\",\"item\":\"https:\/\/longchangchemical.com\/product\/\"},{\"@type\":\"ListItem\",\"position\":3,\"name\":\"UV-531 \/ Benzophenone-12(BP-12) \/ CAS 1843-05-6\"}]},{\"@type\":\"WebSite\",\"@id\":\"https:\/\/longchangchemical.com\/#website\",\"url\":\"https:\/\/longchangchemical.com\/\",\"name\":\"Longchang Chemical\",\"description\":\"China chemical manufacturer \uff06 supplier\",\"publisher\":{\"@id\":\"https:\/\/longchangchemical.com\/#organization\"},\"potentialAction\":[{\"@type\":\"SearchAction\",\"target\":{\"@type\":\"EntryPoint\",\"urlTemplate\":\"https:\/\/longchangchemical.com\/?s={search_term_string}\"},\"query-input\":{\"@type\":\"PropertyValueSpecification\",\"valueRequired\":true,\"valueName\":\"search_term_string\"}}],\"inLanguage\":\"de\"},{\"@type\":\"Organization\",\"@id\":\"https:\/\/longchangchemical.com\/#organization\",\"name\":\"Longchang Chemical\",\"url\":\"https:\/\/longchangchemical.com\/\",\"logo\":{\"@type\":\"ImageObject\",\"inLanguage\":\"de\",\"@id\":\"https:\/\/longchangchemical.com\/#\/schema\/logo\/image\/\",\"url\":\"https:\/\/longchangchemical.com\/wp-content\/uploads\/2020\/08\/cropped-longchang-logo.png\",\"contentUrl\":\"https:\/\/longchangchemical.com\/wp-content\/uploads\/2020\/08\/cropped-longchang-logo.png\",\"width\":512,\"height\":512,\"caption\":\"Longchang Chemical\"},\"image\":{\"@id\":\"https:\/\/longchangchemical.com\/#\/schema\/logo\/image\/\"}}]}<\/script>\n<!-- \/ Yoast SEO plugin. -->","yoast_head_json":{"title":"China Uv Absorber UV-531 \/ Benzophenon-12 Hersteller Cas 1843-05-6 Lieferant - Longchang Chemical","description":"UV-531 kann Octabenzone; Eversorb 12; Benzophenon-12; BP-12; Chimassorb(R) 81; Chisorb BP-12; Cyasorb UV-531 Lichtstabilisator; FENTASORB 531; K.SORB 81; Uvinul 3008; Tinuvin 531 ersetzen, wird als Ultraviolettabsorber verwendet und ist das Schl\u00fcsselprodukt von Longchang Chemical. Wir sind der f\u00fchrende Hersteller und Lieferant von UV-Materialien in China mit der besten Qualit\u00e4t und dem g\u00fcnstigsten Preis.","robots":{"index":"index","follow":"follow","max-snippet":"max-snippet:-1","max-image-preview":"max-image-preview:large","max-video-preview":"max-video-preview:-1"},"canonical":"https:\/\/longchangchemical.com\/de\/product\/lcsorb-uv-531-cas-1843-05-6\/","og_locale":"de_DE","og_type":"article","og_title":"China Uv absorber UV-531 \/ Benzophenone-12 manufacturer Cas 1843-05-6 Supplier - Longchang Chemical","og_description":"UV-531 can replace Octabenzone;Eversorb 12;Benzophenone-12;BP-12;Chimassorb(R) 81;Chisorb BP-12;Cyasorb UV-531 Light Stabilizer;FENTASORB 531;K.SORB 81;Uvinul 3008;Tinuvin 531,used as ultraviolet absorber and is the key product of Longchang Chemical. We are the leading uv material manufacturer and supplier in China with the best quanlity and competitive price.","og_url":"https:\/\/longchangchemical.com\/de\/product\/lcsorb-uv-531-cas-1843-05-6\/","og_site_name":"Longchang Chemical","article_modified_time":"2026-01-09T09:38:18+00:00","og_image":[{"width":600,"height":600,"url":"https:\/\/longchangchemical.com\/wp-content\/uploads\/2022\/09\/1843-05-6.jpg","type":"image\/jpeg"}],"twitter_card":"summary_large_image","schema":{"@context":"https:\/\/schema.org","@graph":[{"@type":"WebPage","@id":"https:\/\/longchangchemical.com\/product\/lcsorb-uv-531-cas-1843-05-6\/","url":"https:\/\/longchangchemical.com\/product\/lcsorb-uv-531-cas-1843-05-6\/","name":"China Uv Absorber UV-531 \/ Benzophenon-12 Hersteller Cas 1843-05-6 Lieferant - Longchang Chemical","isPartOf":{"@id":"https:\/\/longchangchemical.com\/#website"},"primaryImageOfPage":{"@id":"https:\/\/longchangchemical.com\/product\/lcsorb-uv-531-cas-1843-05-6\/#primaryimage"},"image":{"@id":"https:\/\/longchangchemical.com\/product\/lcsorb-uv-531-cas-1843-05-6\/#primaryimage"},"thumbnailUrl":"https:\/\/longchangchemical.com\/wp-content\/uploads\/2022\/09\/1843-05-6.jpg","datePublished":"2022-09-05T13:18:09+00:00","dateModified":"2026-01-09T09:38:18+00:00","description":"UV-531 kann Octabenzone; Eversorb 12; Benzophenon-12; BP-12; Chimassorb(R) 81; Chisorb BP-12; Cyasorb UV-531 Lichtstabilisator; FENTASORB 531; K.SORB 81; Uvinul 3008; Tinuvin 531 ersetzen, wird als Ultraviolettabsorber verwendet und ist das Schl\u00fcsselprodukt von Longchang Chemical. Wir sind der f\u00fchrende Hersteller und Lieferant von UV-Materialien in China mit der besten Qualit\u00e4t und dem g\u00fcnstigsten Preis.","breadcrumb":{"@id":"https:\/\/longchangchemical.com\/product\/lcsorb-uv-531-cas-1843-05-6\/#breadcrumb"},"inLanguage":"de","potentialAction":[{"@type":"ReadAction","target":["https:\/\/longchangchemical.com\/product\/lcsorb-uv-531-cas-1843-05-6\/"]}]},{"@type":"ImageObject","inLanguage":"de","@id":"https:\/\/longchangchemical.com\/product\/lcsorb-uv-531-cas-1843-05-6\/#primaryimage","url":"https:\/\/longchangchemical.com\/wp-content\/uploads\/2022\/09\/1843-05-6.jpg","contentUrl":"https:\/\/longchangchemical.com\/wp-content\/uploads\/2022\/09\/1843-05-6.jpg","width":600,"height":600},{"@type":"BreadcrumbList","@id":"https:\/\/longchangchemical.com\/product\/lcsorb-uv-531-cas-1843-05-6\/#breadcrumb","itemListElement":[{"@type":"ListItem","position":1,"name":"Home","item":"https:\/\/longchangchemical.com\/"},{"@type":"ListItem","position":2,"name":"Products Longchang","item":"https:\/\/longchangchemical.com\/product\/"},{"@type":"ListItem","position":3,"name":"UV-531 \/ Benzophenone-12(BP-12) \/ CAS 1843-05-6"}]},{"@type":"WebSite","@id":"https:\/\/longchangchemical.com\/#website","url":"https:\/\/longchangchemical.com\/","name":"Longchang Chemical","description":"China Hersteller von Chemikalien \uff06 Lieferant","publisher":{"@id":"https:\/\/longchangchemical.com\/#organization"},"potentialAction":[{"@type":"SearchAction","target":{"@type":"EntryPoint","urlTemplate":"https:\/\/longchangchemical.com\/?s={search_term_string}"},"query-input":{"@type":"PropertyValueSpecification","valueRequired":true,"valueName":"search_term_string"}}],"inLanguage":"de"},{"@type":"Organization","@id":"https:\/\/longchangchemical.com\/#organization","name":"Longchang Chemical","url":"https:\/\/longchangchemical.com\/","logo":{"@type":"ImageObject","inLanguage":"de","@id":"https:\/\/longchangchemical.com\/#\/schema\/logo\/image\/","url":"https:\/\/longchangchemical.com\/wp-content\/uploads\/2020\/08\/cropped-longchang-logo.png","contentUrl":"https:\/\/longchangchemical.com\/wp-content\/uploads\/2020\/08\/cropped-longchang-logo.png","width":512,"height":512,"caption":"Longchang Chemical"},"image":{"@id":"https:\/\/longchangchemical.com\/#\/schema\/logo\/image\/"}}]}},"_links":{"self":[{"href":"https:\/\/longchangchemical.com\/de\/wp-json\/wp\/v2\/product\/5524","targetHints":{"allow":["GET"]}}],"collection":[{"href":"https:\/\/longchangchemical.com\/de\/wp-json\/wp\/v2\/product"}],"about":[{"href":"https:\/\/longchangchemical.com\/de\/wp-json\/wp\/v2\/types\/product"}],"replies":[{"embeddable":true,"href":"https:\/\/longchangchemical.com\/de\/wp-json\/wp\/v2\/comments?post=5524"}],"wp:featuredmedia":[{"embeddable":true,"href":"https:\/\/longchangchemical.com\/de\/wp-json\/wp\/v2\/media\/7966"}],"wp:attachment":[{"href":"https:\/\/longchangchemical.com\/de\/wp-json\/wp\/v2\/media?parent=5524"}],"wp:term":[{"taxonomy":"product_brand","embeddable":true,"href":"https:\/\/longchangchemical.com\/de\/wp-json\/wp\/v2\/product_brand?post=5524"},{"taxonomy":"product_cat","embeddable":true,"href":"https:\/\/longchangchemical.com\/de\/wp-json\/wp\/v2\/product_cat?post=5524"},{"taxonomy":"product_tag","embeddable":true,"href":"https:\/\/longchangchemical.com\/de\/wp-json\/wp\/v2\/product_tag?post=5524"}],"curies":[{"name":"wp","href":"https:\/\/api.w.org\/{rel}","templated":true}]}}