{"id":5467,"date":"2022-08-20T14:09:14","date_gmt":"2022-08-20T14:09:14","guid":{"rendered":"https:\/\/longchangchemical.com\/?post_type=product&#038;p=5467"},"modified":"2025-04-01T07:12:12","modified_gmt":"2025-04-01T07:12:12","slug":"agesin-mtpa-cas-20445-31-2","status":"publish","type":"product","link":"https:\/\/longchangchemical.com\/de\/product\/agesin-mtpa-cas-20445-31-2\/","title":{"rendered":"CHLUMICRYL\u00ae MTPA CAS 20445-31-2"},"content":{"rendered":"<h1><strong>\u03b1-Methoxy-\u03b1-trifluormethylphenylessigs\u00e4ure CAS 20445-31-2<\/strong><\/h1>\n<table style=\"border-collapse: collapse; width: 280.52pt;\" border=\"0\" width=\"374\" cellspacing=\"0\" cellpadding=\"0\">\n<tbody>\n<tr style=\"height: 13.50pt;\">\n<td class=\"et2\" style=\"height: 13.50pt; width: 112.50pt;\" width=\"150\" height=\"18\">Brechungsindex<\/td>\n<td class=\"et3\" style=\"width: 168.00pt;\" width=\"224\">1.473<\/td>\n<\/tr>\n<tr style=\"height: 13.50pt;\">\n<td class=\"et2\" style=\"height: 13.50pt; width: 112.50pt;\" width=\"150\" height=\"18\">Formelmenge<\/td>\n<td class=\"et3\" style=\"width: 168.00pt;\" width=\"224\">234.18<\/td>\n<\/tr>\n<tr style=\"height: 13.50pt;\">\n<td class=\"et2\" style=\"height: 13.50pt; width: 112.50pt;\" width=\"150\" height=\"18\">Flammpunkt<\/td>\n<td class=\"et3\" style=\"width: 168.00pt;\" width=\"224\">&gt;110\u00b0(230\u00b0F)<\/td>\n<\/tr>\n<tr style=\"height: 13.50pt;\">\n<td class=\"et2\" style=\"height: 13.50pt; width: 112.50pt;\" width=\"150\" height=\"18\">Schmelzpunkt<\/td>\n<td class=\"et3\" style=\"width: 168.00pt;\" width=\"224\">43-45\u00b0<\/td>\n<\/tr>\n<tr style=\"height: 13.50pt;\">\n<td class=\"et2\" style=\"height: 13.50pt; width: 112.50pt;\" width=\"150\" height=\"18\">Dichte<\/td>\n<td class=\"et3\" style=\"width: 168.00pt;\" width=\"224\">1.344<\/td>\n<\/tr>\n<tr style=\"height: 13.50pt;\">\n<td class=\"et2\" style=\"height: 13.50pt; width: 112.50pt;\" width=\"150\" height=\"18\">Chemische Formel<\/td>\n<td class=\"et3\" style=\"width: 168.00pt;\" width=\"224\">C<span class=\"font3\">10<\/span><span class=\"font2\">H<\/span><span class=\"font3\">9<\/span><span class=\"font2\">F<\/span><span class=\"font3\">3<\/span><span class=\"font2\">O<\/span><span class=\"font3\">3<\/span><\/td>\n<\/tr>\n<tr style=\"height: 13.50pt;\">\n<td class=\"et2\" style=\"height: 13.50pt; width: 112.50pt;\" width=\"150\" height=\"18\">Siedepunkt<\/td>\n<td class=\"et3\" style=\"width: 168.00pt;\" width=\"224\">105-107\u00b0\/1mm<\/td>\n<\/tr>\n<tr style=\"height: 27.00pt;\">\n<td class=\"et2\" style=\"height: 27.00pt; width: 112.50pt;\" width=\"150\" height=\"36\">Lagerung &amp; Empfindlichkeit<\/td>\n<td class=\"et3\" style=\"width: 168.00pt;\" width=\"224\">Kalt halten. Hygroskopisch.<\/td>\n<\/tr>\n<\/tbody>\n<\/table>\n<h2><\/h2>\n<h2><strong> MTPA-Verwendung<\/strong><\/h2>\n<p>(R)-(+)-\u03b1-Methoxy-\u03b1-trifluormethylphenylessigs\u00e4ure ist ein chirales Aufl\u00f6sungsreagenz zur Auftrennung von racemischen Verbindungen in verschiedene Spiegelisomere und ein wichtiges Hilfsmittel f\u00fcr die Herstellung optisch aktiver Arzneimittel.<\/p>\n<p>(R)-(+)-alpha-Methoxy-alpha-(trifluormethyl)phenylessigs\u00e4ure ist ein weit verbreitetes Reagenz zur Bestimmung der optischen Reinheit von Alkoholen und Aminen mittels 1H- oder 19F-NMR.<\/p>\n<p>&nbsp;<\/p>\n<h2><strong><b>Kontaktieren Sie uns jetzt!<\/b><\/strong><\/h2>\n<h4><strong><b>Wenn Sie COA, MSDS oder TDS ben\u00f6tigen, geben Sie bitte Ihre Kontaktinformationen in das untenstehende Formular ein. Wir werden uns in der Regel innerhalb von 24 Stunden mit Ihnen in Verbindung setzen. Sie k\u00f6nnen mir auch eine E-Mail schicken <span style=\"color: #00ccff;\"><a style=\"color: #00ccff;\" href=\"mailto:info@longchangchemical.com\">info@longchangchemical.com<\/a><\/span> w\u00e4hrend der Gesch\u00e4ftszeiten ( 8:30 bis 18:00 Uhr UTC+8 Mo.~Sa. ) oder nutzen Sie den Live-Chat auf der Website, um eine schnelle Antwort zu erhalten.<\/b><\/strong><\/h4>","protected":false},"excerpt":{"rendered":"<p>CAS-Nummer: 20445-31-2<\/p>\n<p>MF: C10H9F3O3<\/p>\n<p>MW: 234,17<\/p>\n<div class=\"col-md-2\">Aussehen: wei\u00dfer, kristalliner, niedrig schmelzender Feststoff<\/div>\n<div><\/div>\n<div class=\"col-md-2\">Reinheit: 98%<\/div>\n<div><\/div>\n<div class=\"col-md-2\">Anmerkungen: Zur Bestimmung der optischen Reinheit von Alkoholen oder Aminen<\/div>","protected":false},"featured_media":5469,"comment_status":"closed","ping_status":"closed","template":"","meta":[],"product_brand":[],"product_cat":[138],"product_tag":[],"class_list":{"0":"post-5467","1":"product","2":"type-product","3":"status-publish","4":"has-post-thumbnail","6":"product_cat-coating-and-ink-additives","8":"first","9":"instock","10":"shipping-taxable","11":"product-type-simple"},"yoast_head":"<!-- This site is optimized with the Yoast SEO plugin v25.3.1 - https:\/\/yoast.com\/wordpress\/plugins\/seo\/ -->\n<title>China CHLUMICRYL\u00ae MTPA CAS 20445-31-2 Manufacturer - Longchang Chemical<\/title>\n<meta name=\"description\" content=\"CHLUMICRYL\u00ae MTPA CAS 20445-31-2 is a key product of Longchang Chemical. We provide the best price. We are the leading manufacturer in China with the best quality and competitive price.\" \/>\n<meta name=\"robots\" content=\"index, follow, max-snippet:-1, max-image-preview:large, max-video-preview:-1\" \/>\n<link rel=\"canonical\" href=\"https:\/\/longchangchemical.com\/de\/product\/agesin-mtpa-cas-20445-31-2\/\" \/>\n<meta property=\"og:locale\" content=\"de_DE\" \/>\n<meta property=\"og:type\" content=\"article\" \/>\n<meta property=\"og:title\" content=\"China CHLUMICRYL\u00ae MTPA CAS 20445-31-2 Manufacturer - Longchang Chemical\" \/>\n<meta property=\"og:description\" content=\"CHLUMICRYL\u00ae MTPA CAS 20445-31-2 is a key product of Longchang Chemical. We provide the best price. We are the leading manufacturer in China with the best quality and competitive price.\" \/>\n<meta property=\"og:url\" content=\"https:\/\/longchangchemical.com\/de\/product\/agesin-mtpa-cas-20445-31-2\/\" \/>\n<meta property=\"og:site_name\" content=\"Longchang Chemical\" \/>\n<meta property=\"article:modified_time\" content=\"2025-04-01T07:12:12+00:00\" \/>\n<meta property=\"og:image\" content=\"https:\/\/longchangchemical.com\/wp-content\/uploads\/2022\/08\/r-alpha-methoxy-alpha-trifluoromethylphenylacetic-acid-20445-31-2.jpg\" \/>\n\t<meta property=\"og:image:width\" content=\"320\" \/>\n\t<meta property=\"og:image:height\" content=\"275\" \/>\n\t<meta property=\"og:image:type\" content=\"image\/jpeg\" \/>\n<meta name=\"twitter:card\" content=\"summary_large_image\" \/>\n<script type=\"application\/ld+json\" class=\"yoast-schema-graph\">{\"@context\":\"https:\/\/schema.org\",\"@graph\":[{\"@type\":\"WebPage\",\"@id\":\"https:\/\/longchangchemical.com\/product\/agesin-mtpa-cas-20445-31-2\/\",\"url\":\"https:\/\/longchangchemical.com\/product\/agesin-mtpa-cas-20445-31-2\/\",\"name\":\"China CHLUMICRYL\u00ae MTPA CAS 20445-31-2 Manufacturer - Longchang Chemical\",\"isPartOf\":{\"@id\":\"https:\/\/longchangchemical.com\/#website\"},\"primaryImageOfPage\":{\"@id\":\"https:\/\/longchangchemical.com\/product\/agesin-mtpa-cas-20445-31-2\/#primaryimage\"},\"image\":{\"@id\":\"https:\/\/longchangchemical.com\/product\/agesin-mtpa-cas-20445-31-2\/#primaryimage\"},\"thumbnailUrl\":\"https:\/\/longchangchemical.com\/wp-content\/uploads\/2022\/08\/r-alpha-methoxy-alpha-trifluoromethylphenylacetic-acid-20445-31-2.jpg\",\"datePublished\":\"2022-08-20T14:09:14+00:00\",\"dateModified\":\"2025-04-01T07:12:12+00:00\",\"description\":\"CHLUMICRYL\u00ae MTPA CAS 20445-31-2 is a key product of Longchang Chemical. We provide the best price. We are the leading manufacturer in China with the best quality and competitive price.\",\"breadcrumb\":{\"@id\":\"https:\/\/longchangchemical.com\/product\/agesin-mtpa-cas-20445-31-2\/#breadcrumb\"},\"inLanguage\":\"de\",\"potentialAction\":[{\"@type\":\"ReadAction\",\"target\":[\"https:\/\/longchangchemical.com\/product\/agesin-mtpa-cas-20445-31-2\/\"]}]},{\"@type\":\"ImageObject\",\"inLanguage\":\"de\",\"@id\":\"https:\/\/longchangchemical.com\/product\/agesin-mtpa-cas-20445-31-2\/#primaryimage\",\"url\":\"https:\/\/longchangchemical.com\/wp-content\/uploads\/2022\/08\/r-alpha-methoxy-alpha-trifluoromethylphenylacetic-acid-20445-31-2.jpg\",\"contentUrl\":\"https:\/\/longchangchemical.com\/wp-content\/uploads\/2022\/08\/r-alpha-methoxy-alpha-trifluoromethylphenylacetic-acid-20445-31-2.jpg\",\"width\":320,\"height\":275},{\"@type\":\"BreadcrumbList\",\"@id\":\"https:\/\/longchangchemical.com\/product\/agesin-mtpa-cas-20445-31-2\/#breadcrumb\",\"itemListElement\":[{\"@type\":\"ListItem\",\"position\":1,\"name\":\"Home\",\"item\":\"https:\/\/longchangchemical.com\/\"},{\"@type\":\"ListItem\",\"position\":2,\"name\":\"Products Longchang\",\"item\":\"https:\/\/longchangchemical.com\/product\/\"},{\"@type\":\"ListItem\",\"position\":3,\"name\":\"CHLUMICRYL\u00ae MTPA CAS 20445-31-2\"}]},{\"@type\":\"WebSite\",\"@id\":\"https:\/\/longchangchemical.com\/#website\",\"url\":\"https:\/\/longchangchemical.com\/\",\"name\":\"Longchang Chemical\",\"description\":\"China chemical manufacturer \uff06 supplier\",\"publisher\":{\"@id\":\"https:\/\/longchangchemical.com\/#organization\"},\"potentialAction\":[{\"@type\":\"SearchAction\",\"target\":{\"@type\":\"EntryPoint\",\"urlTemplate\":\"https:\/\/longchangchemical.com\/?s={search_term_string}\"},\"query-input\":{\"@type\":\"PropertyValueSpecification\",\"valueRequired\":true,\"valueName\":\"search_term_string\"}}],\"inLanguage\":\"de\"},{\"@type\":\"Organization\",\"@id\":\"https:\/\/longchangchemical.com\/#organization\",\"name\":\"Longchang Chemical\",\"url\":\"https:\/\/longchangchemical.com\/\",\"logo\":{\"@type\":\"ImageObject\",\"inLanguage\":\"de\",\"@id\":\"https:\/\/longchangchemical.com\/#\/schema\/logo\/image\/\",\"url\":\"https:\/\/longchangchemical.com\/wp-content\/uploads\/2020\/08\/cropped-longchang-logo.png\",\"contentUrl\":\"https:\/\/longchangchemical.com\/wp-content\/uploads\/2020\/08\/cropped-longchang-logo.png\",\"width\":512,\"height\":512,\"caption\":\"Longchang Chemical\"},\"image\":{\"@id\":\"https:\/\/longchangchemical.com\/#\/schema\/logo\/image\/\"}}]}<\/script>\n<!-- \/ Yoast SEO plugin. -->","yoast_head_json":{"title":"China CHLUMICRYL\u00ae MTPA CAS 20445-31-2 Hersteller - Longchang Chemical","description":"CHLUMICRYL\u00ae MTPA CAS 20445-31-2 ist ein Schl\u00fcsselprodukt von Longchang Chemical. Wir bieten den besten Preis. Wir sind der f\u00fchrende Hersteller in China mit der besten Qualit\u00e4t und konkurrenzf\u00e4higem Preis.","robots":{"index":"index","follow":"follow","max-snippet":"max-snippet:-1","max-image-preview":"max-image-preview:large","max-video-preview":"max-video-preview:-1"},"canonical":"https:\/\/longchangchemical.com\/de\/product\/agesin-mtpa-cas-20445-31-2\/","og_locale":"de_DE","og_type":"article","og_title":"China CHLUMICRYL\u00ae MTPA CAS 20445-31-2 Manufacturer - Longchang Chemical","og_description":"CHLUMICRYL\u00ae MTPA CAS 20445-31-2 is a key product of Longchang Chemical. We provide the best price. We are the leading manufacturer in China with the best quality and competitive price.","og_url":"https:\/\/longchangchemical.com\/de\/product\/agesin-mtpa-cas-20445-31-2\/","og_site_name":"Longchang Chemical","article_modified_time":"2025-04-01T07:12:12+00:00","og_image":[{"width":320,"height":275,"url":"https:\/\/longchangchemical.com\/wp-content\/uploads\/2022\/08\/r-alpha-methoxy-alpha-trifluoromethylphenylacetic-acid-20445-31-2.jpg","type":"image\/jpeg"}],"twitter_card":"summary_large_image","schema":{"@context":"https:\/\/schema.org","@graph":[{"@type":"WebPage","@id":"https:\/\/longchangchemical.com\/product\/agesin-mtpa-cas-20445-31-2\/","url":"https:\/\/longchangchemical.com\/product\/agesin-mtpa-cas-20445-31-2\/","name":"China CHLUMICRYL\u00ae MTPA CAS 20445-31-2 Hersteller - Longchang Chemical","isPartOf":{"@id":"https:\/\/longchangchemical.com\/#website"},"primaryImageOfPage":{"@id":"https:\/\/longchangchemical.com\/product\/agesin-mtpa-cas-20445-31-2\/#primaryimage"},"image":{"@id":"https:\/\/longchangchemical.com\/product\/agesin-mtpa-cas-20445-31-2\/#primaryimage"},"thumbnailUrl":"https:\/\/longchangchemical.com\/wp-content\/uploads\/2022\/08\/r-alpha-methoxy-alpha-trifluoromethylphenylacetic-acid-20445-31-2.jpg","datePublished":"2022-08-20T14:09:14+00:00","dateModified":"2025-04-01T07:12:12+00:00","description":"CHLUMICRYL\u00ae MTPA CAS 20445-31-2 ist ein Schl\u00fcsselprodukt von Longchang Chemical. Wir bieten den besten Preis. Wir sind der f\u00fchrende Hersteller in China mit der besten Qualit\u00e4t und konkurrenzf\u00e4higem Preis.","breadcrumb":{"@id":"https:\/\/longchangchemical.com\/product\/agesin-mtpa-cas-20445-31-2\/#breadcrumb"},"inLanguage":"de","potentialAction":[{"@type":"ReadAction","target":["https:\/\/longchangchemical.com\/product\/agesin-mtpa-cas-20445-31-2\/"]}]},{"@type":"ImageObject","inLanguage":"de","@id":"https:\/\/longchangchemical.com\/product\/agesin-mtpa-cas-20445-31-2\/#primaryimage","url":"https:\/\/longchangchemical.com\/wp-content\/uploads\/2022\/08\/r-alpha-methoxy-alpha-trifluoromethylphenylacetic-acid-20445-31-2.jpg","contentUrl":"https:\/\/longchangchemical.com\/wp-content\/uploads\/2022\/08\/r-alpha-methoxy-alpha-trifluoromethylphenylacetic-acid-20445-31-2.jpg","width":320,"height":275},{"@type":"BreadcrumbList","@id":"https:\/\/longchangchemical.com\/product\/agesin-mtpa-cas-20445-31-2\/#breadcrumb","itemListElement":[{"@type":"ListItem","position":1,"name":"Home","item":"https:\/\/longchangchemical.com\/"},{"@type":"ListItem","position":2,"name":"Products Longchang","item":"https:\/\/longchangchemical.com\/product\/"},{"@type":"ListItem","position":3,"name":"CHLUMICRYL\u00ae MTPA CAS 20445-31-2"}]},{"@type":"WebSite","@id":"https:\/\/longchangchemical.com\/#website","url":"https:\/\/longchangchemical.com\/","name":"Longchang Chemical","description":"China Hersteller von Chemikalien \uff06 Lieferant","publisher":{"@id":"https:\/\/longchangchemical.com\/#organization"},"potentialAction":[{"@type":"SearchAction","target":{"@type":"EntryPoint","urlTemplate":"https:\/\/longchangchemical.com\/?s={search_term_string}"},"query-input":{"@type":"PropertyValueSpecification","valueRequired":true,"valueName":"search_term_string"}}],"inLanguage":"de"},{"@type":"Organization","@id":"https:\/\/longchangchemical.com\/#organization","name":"Longchang Chemical","url":"https:\/\/longchangchemical.com\/","logo":{"@type":"ImageObject","inLanguage":"de","@id":"https:\/\/longchangchemical.com\/#\/schema\/logo\/image\/","url":"https:\/\/longchangchemical.com\/wp-content\/uploads\/2020\/08\/cropped-longchang-logo.png","contentUrl":"https:\/\/longchangchemical.com\/wp-content\/uploads\/2020\/08\/cropped-longchang-logo.png","width":512,"height":512,"caption":"Longchang Chemical"},"image":{"@id":"https:\/\/longchangchemical.com\/#\/schema\/logo\/image\/"}}]}},"_links":{"self":[{"href":"https:\/\/longchangchemical.com\/de\/wp-json\/wp\/v2\/product\/5467","targetHints":{"allow":["GET"]}}],"collection":[{"href":"https:\/\/longchangchemical.com\/de\/wp-json\/wp\/v2\/product"}],"about":[{"href":"https:\/\/longchangchemical.com\/de\/wp-json\/wp\/v2\/types\/product"}],"replies":[{"embeddable":true,"href":"https:\/\/longchangchemical.com\/de\/wp-json\/wp\/v2\/comments?post=5467"}],"wp:featuredmedia":[{"embeddable":true,"href":"https:\/\/longchangchemical.com\/de\/wp-json\/wp\/v2\/media\/5469"}],"wp:attachment":[{"href":"https:\/\/longchangchemical.com\/de\/wp-json\/wp\/v2\/media?parent=5467"}],"wp:term":[{"taxonomy":"product_brand","embeddable":true,"href":"https:\/\/longchangchemical.com\/de\/wp-json\/wp\/v2\/product_brand?post=5467"},{"taxonomy":"product_cat","embeddable":true,"href":"https:\/\/longchangchemical.com\/de\/wp-json\/wp\/v2\/product_cat?post=5467"},{"taxonomy":"product_tag","embeddable":true,"href":"https:\/\/longchangchemical.com\/de\/wp-json\/wp\/v2\/product_tag?post=5467"}],"curies":[{"name":"wp","href":"https:\/\/api.w.org\/{rel}","templated":true}]}}