{"id":5378,"date":"2022-07-14T13:17:02","date_gmt":"2022-07-14T13:17:02","guid":{"rendered":"https:\/\/longchangchemical.com\/?post_type=product&#038;p=5378"},"modified":"2025-12-22T07:01:37","modified_gmt":"2025-12-22T07:01:37","slug":"lcnacure-pca-zn-cas-15454-75-8","status":"publish","type":"product","link":"https:\/\/longchangchemical.com\/de\/product\/lcnacure-pca-zn-cas-15454-75-8\/","title":{"rendered":"lcnacure\u00ae PCA-ZN CAS 15454-75-8"},"content":{"rendered":"<h1><strong>lcnacure\u00ae PCA-ZN CAS 15454-75-8<\/strong><\/h1>\n<p>&nbsp;<\/p>\n<p>PCA-ZN ist ein neuer Inhaltsstoff in physiotherapeutischer Lotion und Conditioner f\u00fcr fettige Haut auf dem Markt. Es kann Haut und Haar ein weiches und erfrischendes Gef\u00fchl verleihen. Es hat auch Anti-Falten-Funktion, weil es die Produktion von Kollagen-Hydrolase hemmen kann.<\/p>\n<p>PCA-ZN kann die \u00fcbersch\u00fcssige Talgsekretion verbessern, die Talgsekretion regulieren, Porenverstopfung verhindern, das \u00d6l-Wasser-Gleichgewicht aufrechterhalten, reizt die Haut nicht und hat keine Nebenwirkungen.<\/p>\n<p><strong><b>Eigenschaften:<\/b><\/strong><\/p>\n<table>\n<tbody>\n<tr>\n<td width=\"400\">Erscheinungsbild<\/td>\n<td width=\"422\">Wei\u00dfes bis graues kristallines Pulver<\/td>\n<\/tr>\n<tr>\n<td width=\"400\">PH-Wert von 10% w\u00e4ssriger L\u00f6sung<\/td>\n<td width=\"422\">5.0-6.0<\/td>\n<\/tr>\n<tr>\n<td width=\"400\">Zinkgehalt<\/td>\n<td width=\"422\">17.4\ufe6a-19.2\ufe6a<\/td>\n<\/tr>\n<tr>\n<td width=\"400\">Verlust beim Trocknen<\/td>\n<td width=\"422\">&lt;1,0%<\/td>\n<\/tr>\n<tr>\n<td width=\"400\">F\u00fchrender Inhalt<\/td>\n<td width=\"422\">\u226420ppm<\/td>\n<\/tr>\n<tr>\n<td width=\"400\">Arsengehalt<\/td>\n<td width=\"422\">\u22642ppm<\/td>\n<\/tr>\n<tr>\n<td width=\"400\">Flammpunkt<\/td>\n<td width=\"422\">227.8\u00b0C<\/td>\n<\/tr>\n<tr>\n<td width=\"400\">Dichte<\/td>\n<td width=\"422\">1,38 g\/cm3<\/td>\n<\/tr>\n<\/tbody>\n<\/table>\n<p><strong><b>Verwendung<\/b><\/strong><strong><b>:<\/b><\/strong><\/p>\n<p>PCA-ZN kann die \u00fcbersch\u00fcssige Talgsekretion verbessern, die Talgsekretion regulieren, Porenverstopfung verhindern, das \u00d6l-Wasser-Gleichgewicht aufrechterhalten, reizt die Haut nicht und hat keine Nebenwirkungen.<\/p>\n<p>Haupts\u00e4chlich verwendete Kosmetika f\u00fcr fettige und zu Akne neigende Haut, Hautpflegemittel und Mittel gegen Schuppen, Aknecremes, Make-up, Shampoos, K\u00f6rperwaschmittel, Sonnenschutzmittel, Reparaturprodukte usw.<\/p>\n<p><strong><b>Paket<\/b><\/strong><strong><b>:<\/b><\/strong><\/p>\n<p>Tasche\/Trommel<\/p>\n<p><strong><b>Lagerung:<\/b><\/strong><\/p>\n<p>Sie werden in einem trockenen, sauberen Lager mit guter Bel\u00fcftung aufbewahrt.<\/p>\n<p>Vermeiden Sie Licht- und Hitzeeinwirkung.<\/p>\n<p>Schutz des Produkts vor Auslaufen, Regen und Sonneneinstrahlung w\u00e4hrend des Transports.<\/p>\n<p>&nbsp;<\/p>\n<h2><strong><b>Kontaktieren Sie uns jetzt!<\/b><\/strong><\/h2>\n<h4><strong><b>Wenn Sie COA, MSDS oder TDS ben\u00f6tigen, geben Sie bitte Ihre Kontaktinformationen in das untenstehende Formular ein. Wir werden uns in der Regel innerhalb von 24 Stunden mit Ihnen in Verbindung setzen.<\/b><\/strong> Sie k\u00f6nnen mir auch eine E-Mail schicken <a href=\"mailto:info@longchangchemical.com\"><span style=\"color: #0000ff;\">info@longchangchemical.com<\/span><\/a> w\u00e4hrend der Gesch\u00e4ftszeiten ( 8:30 bis 18:00 Uhr UTC+8 Mo.~Sa. ) oder nutzen Sie den Live-Chat auf der Website, um eine schnelle Antwort zu erhalten.<\/h4>","protected":false},"excerpt":{"rendered":"<p><strong><b>Synonym:<\/b><\/strong>Zink PCA;Bis(5-oxo-L-prolinato-N1,O2)Zink;Pyroglutamins\u00e4ure-Zinksalz;Zinkpidolat;Zinkpyroglutamat;5-Oxoprolin;Zink-5-Oxopyrrolidin-2-carboxylat<\/p>\n<p><strong><b>CAS-Nr.<\/b><\/strong>: 15454-75-8<\/p>\n<p><strong><b>Molekulare Formel<\/b><\/strong>: C10H12N2O6Zn<\/p>\n<p><strong><b>Molekulare Struktur:<\/b><\/strong><\/p>\n<p><img decoding=\"async\" class=\"alignnone size-full wp-image-4826\" src=\"https:\/\/longchangchemical.com\/wp-content\/uploads\/2022\/07\/15454-75-8.gif\" alt=\"\" width=\"188\" height=\"93\" \/><\/p>\n<p>&nbsp;<\/p>","protected":false},"featured_media":5379,"comment_status":"open","ping_status":"closed","template":"","meta":[],"product_brand":[],"product_cat":[103],"product_tag":[],"class_list":{"0":"post-5378","1":"product","2":"type-product","3":"status-publish","4":"has-post-thumbnail","6":"product_cat-cosmetic-additives","8":"first","9":"instock","10":"shipping-taxable","11":"product-type-simple"},"yoast_head":"<!-- This site is optimized with the Yoast SEO plugin v25.3.1 - https:\/\/yoast.com\/wordpress\/plugins\/seo\/ -->\n<title>Bis(5-oxo-L-prolinato-N1,O2)zinc ( PCA-ZN \/ Zinc PCA ) manufacturer Cas 15454-75-8 supplier - Longchang Chemical<\/title>\n<meta name=\"description\" content=\"lcnacure PCA-ZN,synonym name :Zinc PCA;bis(5-oxo-L-prolinato-N1,O2)zinc;Pyroglutamic acid zinc salt;Zinc pidolate;Zinc pyroglutamate;5-oxoproline;Zinc 5-oxopyrrolidine-2-carboxylate.Mainly used cosmetics for oily skin and acne-prone skin, skin conditioning and anti-dandruff, acne creams, make-up, shampoos, body washes, sunscreens, repair products, etc.\" \/>\n<meta name=\"robots\" content=\"index, follow, max-snippet:-1, max-image-preview:large, max-video-preview:-1\" \/>\n<link rel=\"canonical\" href=\"https:\/\/longchangchemical.com\/de\/product\/lcnacure-pca-zn-cas-15454-75-8\/\" \/>\n<meta property=\"og:locale\" content=\"de_DE\" \/>\n<meta property=\"og:type\" content=\"article\" \/>\n<meta property=\"og:title\" content=\"Bis(5-oxo-L-prolinato-N1,O2)zinc ( PCA-ZN \/ Zinc PCA ) manufacturer Cas 15454-75-8 supplier - Longchang Chemical\" \/>\n<meta property=\"og:description\" content=\"lcnacure PCA-ZN,synonym name :Zinc PCA;bis(5-oxo-L-prolinato-N1,O2)zinc;Pyroglutamic acid zinc salt;Zinc pidolate;Zinc pyroglutamate;5-oxoproline;Zinc 5-oxopyrrolidine-2-carboxylate.Mainly used cosmetics for oily skin and acne-prone skin, skin conditioning and anti-dandruff, acne creams, make-up, shampoos, body washes, sunscreens, repair products, etc.\" \/>\n<meta property=\"og:url\" content=\"https:\/\/longchangchemical.com\/de\/product\/lcnacure-pca-zn-cas-15454-75-8\/\" \/>\n<meta property=\"og:site_name\" content=\"Longchang Chemical\" \/>\n<meta property=\"article:modified_time\" content=\"2025-12-22T07:01:37+00:00\" \/>\n<meta property=\"og:image\" content=\"https:\/\/longchangchemical.com\/wp-content\/uploads\/2022\/07\/Zinc-PCA.jpg\" \/>\n\t<meta property=\"og:image:width\" content=\"800\" \/>\n\t<meta property=\"og:image:height\" content=\"800\" \/>\n\t<meta property=\"og:image:type\" content=\"image\/jpeg\" \/>\n<meta name=\"twitter:card\" content=\"summary_large_image\" \/>\n<script type=\"application\/ld+json\" class=\"yoast-schema-graph\">{\"@context\":\"https:\/\/schema.org\",\"@graph\":[{\"@type\":\"WebPage\",\"@id\":\"https:\/\/longchangchemical.com\/product\/lcnacure-pca-zn-cas-15454-75-8\/\",\"url\":\"https:\/\/longchangchemical.com\/product\/lcnacure-pca-zn-cas-15454-75-8\/\",\"name\":\"Bis(5-oxo-L-prolinato-N1,O2)zinc ( PCA-ZN \/ Zinc PCA ) manufacturer Cas 15454-75-8 supplier - Longchang Chemical\",\"isPartOf\":{\"@id\":\"https:\/\/longchangchemical.com\/#website\"},\"primaryImageOfPage\":{\"@id\":\"https:\/\/longchangchemical.com\/product\/lcnacure-pca-zn-cas-15454-75-8\/#primaryimage\"},\"image\":{\"@id\":\"https:\/\/longchangchemical.com\/product\/lcnacure-pca-zn-cas-15454-75-8\/#primaryimage\"},\"thumbnailUrl\":\"https:\/\/longchangchemical.com\/wp-content\/uploads\/2022\/07\/Zinc-PCA.jpg\",\"datePublished\":\"2022-07-14T13:17:02+00:00\",\"dateModified\":\"2025-12-22T07:01:37+00:00\",\"description\":\"lcnacure PCA-ZN,synonym name :Zinc PCA;bis(5-oxo-L-prolinato-N1,O2)zinc;Pyroglutamic acid zinc salt;Zinc pidolate;Zinc pyroglutamate;5-oxoproline;Zinc 5-oxopyrrolidine-2-carboxylate.Mainly used cosmetics for oily skin and acne-prone skin, skin conditioning and anti-dandruff, acne creams, make-up, shampoos, body washes, sunscreens, repair products, etc.\",\"breadcrumb\":{\"@id\":\"https:\/\/longchangchemical.com\/product\/lcnacure-pca-zn-cas-15454-75-8\/#breadcrumb\"},\"inLanguage\":\"de\",\"potentialAction\":[{\"@type\":\"ReadAction\",\"target\":[\"https:\/\/longchangchemical.com\/product\/lcnacure-pca-zn-cas-15454-75-8\/\"]}]},{\"@type\":\"ImageObject\",\"inLanguage\":\"de\",\"@id\":\"https:\/\/longchangchemical.com\/product\/lcnacure-pca-zn-cas-15454-75-8\/#primaryimage\",\"url\":\"https:\/\/longchangchemical.com\/wp-content\/uploads\/2022\/07\/Zinc-PCA.jpg\",\"contentUrl\":\"https:\/\/longchangchemical.com\/wp-content\/uploads\/2022\/07\/Zinc-PCA.jpg\",\"width\":800,\"height\":800,\"caption\":\"Zinc-PCA\"},{\"@type\":\"BreadcrumbList\",\"@id\":\"https:\/\/longchangchemical.com\/product\/lcnacure-pca-zn-cas-15454-75-8\/#breadcrumb\",\"itemListElement\":[{\"@type\":\"ListItem\",\"position\":1,\"name\":\"Home\",\"item\":\"https:\/\/longchangchemical.com\/\"},{\"@type\":\"ListItem\",\"position\":2,\"name\":\"Products Longchang\",\"item\":\"https:\/\/longchangchemical.com\/product\/\"},{\"@type\":\"ListItem\",\"position\":3,\"name\":\"lcnacure\u00ae PCA-ZN CAS 15454-75-8\"}]},{\"@type\":\"WebSite\",\"@id\":\"https:\/\/longchangchemical.com\/#website\",\"url\":\"https:\/\/longchangchemical.com\/\",\"name\":\"Longchang Chemical\",\"description\":\"China chemical manufacturer \uff06 supplier\",\"publisher\":{\"@id\":\"https:\/\/longchangchemical.com\/#organization\"},\"potentialAction\":[{\"@type\":\"SearchAction\",\"target\":{\"@type\":\"EntryPoint\",\"urlTemplate\":\"https:\/\/longchangchemical.com\/?s={search_term_string}\"},\"query-input\":{\"@type\":\"PropertyValueSpecification\",\"valueRequired\":true,\"valueName\":\"search_term_string\"}}],\"inLanguage\":\"de\"},{\"@type\":\"Organization\",\"@id\":\"https:\/\/longchangchemical.com\/#organization\",\"name\":\"Longchang Chemical\",\"url\":\"https:\/\/longchangchemical.com\/\",\"logo\":{\"@type\":\"ImageObject\",\"inLanguage\":\"de\",\"@id\":\"https:\/\/longchangchemical.com\/#\/schema\/logo\/image\/\",\"url\":\"https:\/\/longchangchemical.com\/wp-content\/uploads\/2020\/08\/cropped-longchang-logo.png\",\"contentUrl\":\"https:\/\/longchangchemical.com\/wp-content\/uploads\/2020\/08\/cropped-longchang-logo.png\",\"width\":512,\"height\":512,\"caption\":\"Longchang Chemical\"},\"image\":{\"@id\":\"https:\/\/longchangchemical.com\/#\/schema\/logo\/image\/\"}}]}<\/script>\n<!-- \/ Yoast SEO plugin. -->","yoast_head_json":{"title":"Bis(5-oxo-L-prolinato-N1,O2)Zink ( PCA-ZN \/ Zink PCA ) Hersteller Cas 15454-75-8 Lieferant - Longchang Chemical","description":"lcnacure PCA-ZN, Synonymname: Zink PCA; Bis(5-oxo-L-prolinato-N1,O2)Zink; Pyroglutamins\u00e4ure-Zinksalz; Zinkpidolat; Zinkpyroglutamat; 5-Oxoprolin; Zink-5-Oxopyrrolidin-2-carboxylat, haupts\u00e4chlich verwendet in Kosmetika f\u00fcr fettige und zu Akne neigende Haut, zur Hautpflege und gegen Schuppen, in Aknecremes, Make-up, Shampoos, K\u00f6rperwaschmitteln, Sonnenschutzmitteln, Reparaturprodukten usw.","robots":{"index":"index","follow":"follow","max-snippet":"max-snippet:-1","max-image-preview":"max-image-preview:large","max-video-preview":"max-video-preview:-1"},"canonical":"https:\/\/longchangchemical.com\/de\/product\/lcnacure-pca-zn-cas-15454-75-8\/","og_locale":"de_DE","og_type":"article","og_title":"Bis(5-oxo-L-prolinato-N1,O2)zinc ( PCA-ZN \/ Zinc PCA ) manufacturer Cas 15454-75-8 supplier - Longchang Chemical","og_description":"lcnacure PCA-ZN,synonym name :Zinc PCA;bis(5-oxo-L-prolinato-N1,O2)zinc;Pyroglutamic acid zinc salt;Zinc pidolate;Zinc pyroglutamate;5-oxoproline;Zinc 5-oxopyrrolidine-2-carboxylate.Mainly used cosmetics for oily skin and acne-prone skin, skin conditioning and anti-dandruff, acne creams, make-up, shampoos, body washes, sunscreens, repair products, etc.","og_url":"https:\/\/longchangchemical.com\/de\/product\/lcnacure-pca-zn-cas-15454-75-8\/","og_site_name":"Longchang Chemical","article_modified_time":"2025-12-22T07:01:37+00:00","og_image":[{"width":800,"height":800,"url":"https:\/\/longchangchemical.com\/wp-content\/uploads\/2022\/07\/Zinc-PCA.jpg","type":"image\/jpeg"}],"twitter_card":"summary_large_image","schema":{"@context":"https:\/\/schema.org","@graph":[{"@type":"WebPage","@id":"https:\/\/longchangchemical.com\/product\/lcnacure-pca-zn-cas-15454-75-8\/","url":"https:\/\/longchangchemical.com\/product\/lcnacure-pca-zn-cas-15454-75-8\/","name":"Bis(5-oxo-L-prolinato-N1,O2)Zink ( PCA-ZN \/ Zink PCA ) Hersteller Cas 15454-75-8 Lieferant - Longchang Chemical","isPartOf":{"@id":"https:\/\/longchangchemical.com\/#website"},"primaryImageOfPage":{"@id":"https:\/\/longchangchemical.com\/product\/lcnacure-pca-zn-cas-15454-75-8\/#primaryimage"},"image":{"@id":"https:\/\/longchangchemical.com\/product\/lcnacure-pca-zn-cas-15454-75-8\/#primaryimage"},"thumbnailUrl":"https:\/\/longchangchemical.com\/wp-content\/uploads\/2022\/07\/Zinc-PCA.jpg","datePublished":"2022-07-14T13:17:02+00:00","dateModified":"2025-12-22T07:01:37+00:00","description":"lcnacure PCA-ZN, Synonymname: Zink PCA; Bis(5-oxo-L-prolinato-N1,O2)Zink; Pyroglutamins\u00e4ure-Zinksalz; Zinkpidolat; Zinkpyroglutamat; 5-Oxoprolin; Zink-5-Oxopyrrolidin-2-carboxylat, haupts\u00e4chlich verwendet in Kosmetika f\u00fcr fettige und zu Akne neigende Haut, zur Hautpflege und gegen Schuppen, in Aknecremes, Make-up, Shampoos, K\u00f6rperwaschmitteln, Sonnenschutzmitteln, Reparaturprodukten usw.","breadcrumb":{"@id":"https:\/\/longchangchemical.com\/product\/lcnacure-pca-zn-cas-15454-75-8\/#breadcrumb"},"inLanguage":"de","potentialAction":[{"@type":"ReadAction","target":["https:\/\/longchangchemical.com\/product\/lcnacure-pca-zn-cas-15454-75-8\/"]}]},{"@type":"ImageObject","inLanguage":"de","@id":"https:\/\/longchangchemical.com\/product\/lcnacure-pca-zn-cas-15454-75-8\/#primaryimage","url":"https:\/\/longchangchemical.com\/wp-content\/uploads\/2022\/07\/Zinc-PCA.jpg","contentUrl":"https:\/\/longchangchemical.com\/wp-content\/uploads\/2022\/07\/Zinc-PCA.jpg","width":800,"height":800,"caption":"Zinc-PCA"},{"@type":"BreadcrumbList","@id":"https:\/\/longchangchemical.com\/product\/lcnacure-pca-zn-cas-15454-75-8\/#breadcrumb","itemListElement":[{"@type":"ListItem","position":1,"name":"Home","item":"https:\/\/longchangchemical.com\/"},{"@type":"ListItem","position":2,"name":"Products Longchang","item":"https:\/\/longchangchemical.com\/product\/"},{"@type":"ListItem","position":3,"name":"lcnacure\u00ae PCA-ZN CAS 15454-75-8"}]},{"@type":"WebSite","@id":"https:\/\/longchangchemical.com\/#website","url":"https:\/\/longchangchemical.com\/","name":"Longchang Chemical","description":"China Hersteller von Chemikalien \uff06 Lieferant","publisher":{"@id":"https:\/\/longchangchemical.com\/#organization"},"potentialAction":[{"@type":"SearchAction","target":{"@type":"EntryPoint","urlTemplate":"https:\/\/longchangchemical.com\/?s={search_term_string}"},"query-input":{"@type":"PropertyValueSpecification","valueRequired":true,"valueName":"search_term_string"}}],"inLanguage":"de"},{"@type":"Organization","@id":"https:\/\/longchangchemical.com\/#organization","name":"Longchang Chemical","url":"https:\/\/longchangchemical.com\/","logo":{"@type":"ImageObject","inLanguage":"de","@id":"https:\/\/longchangchemical.com\/#\/schema\/logo\/image\/","url":"https:\/\/longchangchemical.com\/wp-content\/uploads\/2020\/08\/cropped-longchang-logo.png","contentUrl":"https:\/\/longchangchemical.com\/wp-content\/uploads\/2020\/08\/cropped-longchang-logo.png","width":512,"height":512,"caption":"Longchang Chemical"},"image":{"@id":"https:\/\/longchangchemical.com\/#\/schema\/logo\/image\/"}}]}},"_links":{"self":[{"href":"https:\/\/longchangchemical.com\/de\/wp-json\/wp\/v2\/product\/5378","targetHints":{"allow":["GET"]}}],"collection":[{"href":"https:\/\/longchangchemical.com\/de\/wp-json\/wp\/v2\/product"}],"about":[{"href":"https:\/\/longchangchemical.com\/de\/wp-json\/wp\/v2\/types\/product"}],"replies":[{"embeddable":true,"href":"https:\/\/longchangchemical.com\/de\/wp-json\/wp\/v2\/comments?post=5378"}],"wp:featuredmedia":[{"embeddable":true,"href":"https:\/\/longchangchemical.com\/de\/wp-json\/wp\/v2\/media\/5379"}],"wp:attachment":[{"href":"https:\/\/longchangchemical.com\/de\/wp-json\/wp\/v2\/media?parent=5378"}],"wp:term":[{"taxonomy":"product_brand","embeddable":true,"href":"https:\/\/longchangchemical.com\/de\/wp-json\/wp\/v2\/product_brand?post=5378"},{"taxonomy":"product_cat","embeddable":true,"href":"https:\/\/longchangchemical.com\/de\/wp-json\/wp\/v2\/product_cat?post=5378"},{"taxonomy":"product_tag","embeddable":true,"href":"https:\/\/longchangchemical.com\/de\/wp-json\/wp\/v2\/product_tag?post=5378"}],"curies":[{"name":"wp","href":"https:\/\/api.w.org\/{rel}","templated":true}]}}