{"id":5319,"date":"2022-06-24T12:49:15","date_gmt":"2022-06-24T12:49:15","guid":{"rendered":"https:\/\/longchangchemical.com\/?post_type=product&#038;p=5319"},"modified":"2025-04-01T07:15:10","modified_gmt":"2025-04-01T07:15:10","slug":"uvu6451","status":"publish","type":"product","link":"https:\/\/longchangchemical.com\/de\/product\/uvu6451\/","title":{"rendered":"CHLUMICRYL\u00ae UVU6451 \/ F\u00fcr moderne UV-Lackfarben f\u00fcr Kunststoffe"},"content":{"rendered":"<h1 class=\"product_title entry-title\"><strong> UVU6451<\/strong><\/h1>\n<p><strong>Zutat<\/strong>:Aliphatisches Polyurethan-Tetraacrylat<\/p>\n<div>\n<p><strong>T<\/strong><strong>Art:<\/strong><strong>\u00a0<\/strong>Harter aliphatischer Amino-Ester<\/p>\n<p><strong>Lieferform:<\/strong><\/p>\n<p>100% Harz<\/p>\n<p><strong>Vorschl\u00e4ge f\u00fcr die Bewerbung<\/strong><strong>\u00a0und Eigentum<\/strong><strong>:<\/strong><\/p>\n<ul>\n<li>Lichth\u00e4rtende Beschichtungen und Druckfarben<\/li>\n<li>Es wird in Beschichtungen verwendet, die schnelle Aush\u00e4rtungseigenschaften sowie ausgezeichnete Verschlei\u00dffestigkeit und H\u00e4rte erfordern. Es hat die Eigenschaften von hart und z\u00e4h<\/li>\n<li>UVU6451 verf\u00fcgt \u00fcber eine ausgezeichnete Haftung auf einer Vielzahl von Substraten, Vergilbungsschutz und ausgezeichnete Witterungsbest\u00e4ndigkeit<\/li>\n<li>Empfohlene Verwendungszwecke sind folgende:<\/li>\n<\/ul>\n<p>Moderne Kunststoffbeschichtungen - die wichtigsten Beschichtungsharze sind PC, ABS, PMMA, PVC<\/p>\n<p>Hochwertiger Holzlack - besonders verschlei\u00dffester Bodenbelag, M\u00f6bellack<\/p>\n<p>Metalliclacke und Offsetdruckfarben<\/p>\n<p><strong>Merkmale:<\/strong><\/p>\n<table style=\"border-collapse: collapse; width: 287.27pt;\" border=\"0\" width=\"383\" cellspacing=\"0\" cellpadding=\"0\">\n<tbody>\n<tr style=\"height: 27.00pt;\">\n<td class=\"et2\" style=\"height: 27.00pt; width: 131.25pt;\" width=\"175\" height=\"36\">Erscheinungsbild farblos<\/td>\n<td class=\"et2\" style=\"width: 156.00pt;\" width=\"208\">transparente viskose Fl\u00fcssigkeit<\/td>\n<\/tr>\n<tr style=\"height: 13.50pt;\">\n<td class=\"et2\" style=\"height: 13.50pt; width: 131.25pt;\" width=\"175\" height=\"18\">Viskosit\u00e4t (60\u00b0)<\/td>\n<td class=\"et2\" style=\"width: 156.00pt;\" width=\"208\">30000~40000cps<\/td>\n<\/tr>\n<tr style=\"height: 13.50pt;\">\n<td class=\"et2\" style=\"height: 13.50pt; width: 131.25pt;\" width=\"175\" height=\"18\">Funktionsweise<\/td>\n<td class=\"et2\" style=\"width: 156.00pt;\" width=\"208\">4<\/td>\n<\/tr>\n<tr style=\"height: 13.50pt;\">\n<td class=\"et2\" style=\"height: 13.50pt; width: 131.25pt;\" width=\"175\" height=\"18\">Farbe (fe\/co)<\/td>\n<td class=\"et2\" style=\"width: 156.00pt;\" width=\"208\">0<\/td>\n<\/tr>\n<tr style=\"height: 13.50pt;\">\n<td class=\"et2\" style=\"height: 13.50pt; width: 131.25pt;\" width=\"175\" height=\"18\">NCO% innerhalb<\/td>\n<td class=\"et2\" style=\"width: 156.00pt;\" width=\"208\">0.1<\/td>\n<\/tr>\n<tr style=\"height: 14.25pt;\">\n<td class=\"et4\" style=\"height: 14.25pt; width: 131.25pt;\" width=\"175\" height=\"19\">Spezifische Schwerkraft<\/td>\n<td class=\"et5\">1.12<\/td>\n<\/tr>\n<tr style=\"height: 28.50pt;\">\n<td class=\"et4\" style=\"height: 28.50pt; width: 131.25pt;\" width=\"175\" height=\"38\">Durchschnittliches Molekulargewicht<\/td>\n<td class=\"et5\">2000<\/td>\n<\/tr>\n<tr style=\"height: 14.25pt;\">\n<td class=\"et4\" style=\"height: 14.25pt; width: 131.25pt;\" width=\"175\" height=\"19\">Funktionelle Gruppe<\/td>\n<td class=\"et5\">4<\/td>\n<\/tr>\n<tr style=\"height: 14.25pt;\">\n<td class=\"et4\" style=\"height: 14.25pt; width: 131.25pt;\" width=\"175\" height=\"19\">Feststoffgehalt des Harzes<\/td>\n<td class=\"et6\">100%<\/td>\n<\/tr>\n<\/tbody>\n<\/table>\n<p><strong>C<\/strong><strong>ompatibilit\u00e4t:<\/strong><\/p>\n<p><strong>\u00a0\u00a0\u00a0\u00a0\u00a0<\/strong>UVU6451 ist mit den meisten Reaktivverd\u00fcnnern, Epoxidacrylaten, Polyesteracrylaten und Urethanacrylaten vollst\u00e4ndig mischbar.<\/p>\n<p><strong>Verpacken<\/strong>: 50kg oder 200kg\/Trommel.<\/p>\n<p><strong><b>Lagerung:<\/b><\/strong><\/p>\n<p>Sie werden in einem trockenen, sauberen Lager mit guter Bel\u00fcftung aufbewahrt.<\/p>\n<p>Vermeiden Sie Licht- und Hitzeeinwirkung.<\/p>\n<p>Schutz des Produkts vor Auslaufen, Regen und Sonneneinstrahlung w\u00e4hrend des Transports.<\/p>\n<h2><strong><b>Kontaktieren Sie uns jetzt!<\/b><\/strong><\/h2>\n<h4><strong><b>Wenn <\/b><\/strong><strong><b>Sie ben\u00f6tigen Preis oder COA, MSDS oder TDS, bitte <\/b><\/strong><strong><b>F\u00fcllen Sie das untenstehende Formular aus und geben Sie an, dass wir Sie in der Regel innerhalb von 24 Stunden kontaktieren werden. Sie k\u00f6nnen mir auch eine E-Mail schicken <span style=\"color: #0000ff;\"><a style=\"color: #0000ff;\" href=\"mailto:info@longchangchemical.com\"><span style=\"color: #00ccff;\">info@longchangchemical.com<\/span><\/a><\/span> w\u00e4hrend der Gesch\u00e4ftszeiten ( 8:30 bis 18:00 Uhr UTC+8 Mo.~Sa. ) oder nutzen Sie den Live-Chat auf der Website, um eine schnelle Antwort zu erhalten.<\/b><\/strong><\/h4>\n<p>&nbsp;<\/p>\n<\/div>","protected":false},"excerpt":{"rendered":"<p>UVU6451 Inhaltsstoff:Aliphatisches Polyurethan-Tetraacrylat Typ: Harter aliphatischer Aminoester Lieferform: 100% Resin Anwendungsvorschl\u00e4ge und Eigenschaften: Lichth\u00e4rtende Beschichtungen und Druckfarben Es wird in Beschichtungen verwendet, die schnelle Aush\u00e4rtungseigenschaften und eine ausgezeichnete Verschlei\u00dffestigkeit und H\u00e4rte erfordern. Es hat die Eigenschaften von hart und z\u00e4h UVU6451 hat ausgezeichnete Haftung auf einer Vielzahl von Substraten, Anti-Vergilbung und ausgezeichnete [...]<\/p>","protected":false},"featured_media":0,"comment_status":"closed","ping_status":"closed","template":"","meta":[],"product_brand":[],"product_cat":[137],"product_tag":[],"class_list":{"0":"post-5319","1":"product","2":"type-product","3":"status-publish","5":"product_cat-uv-oligomer","7":"first","8":"instock","9":"shipping-taxable","10":"product-type-simple"},"yoast_head":"<!-- This site is optimized with the Yoast SEO plugin v25.3.1 - https:\/\/yoast.com\/wordpress\/plugins\/seo\/ -->\n<title>China CHLUMICRYL\u00ae UVU6451 \/ For advanced plastic UV coating inks Manufacturer - Longchang Chemical<\/title>\n<meta name=\"description\" content=\"CHLUMICRYL\u00ae UVU6451 \/ For advanced plastic UV coating inks is a key product of Longchang Chemical. We provide the best price. We are the leading manufacturer in China with the best quality and competitive price.\" \/>\n<meta name=\"robots\" content=\"index, follow, max-snippet:-1, max-image-preview:large, max-video-preview:-1\" \/>\n<link rel=\"canonical\" href=\"https:\/\/longchangchemical.com\/de\/product\/uvu6451\/\" \/>\n<meta property=\"og:locale\" content=\"de_DE\" \/>\n<meta property=\"og:type\" content=\"article\" \/>\n<meta property=\"og:title\" content=\"China CHLUMICRYL\u00ae UVU6451 \/ For advanced plastic UV coating inks Manufacturer - Longchang Chemical\" \/>\n<meta property=\"og:description\" content=\"CHLUMICRYL\u00ae UVU6451 \/ For advanced plastic UV coating inks is a key product of Longchang Chemical. We provide the best price. We are the leading manufacturer in China with the best quality and competitive price.\" \/>\n<meta property=\"og:url\" content=\"https:\/\/longchangchemical.com\/de\/product\/uvu6451\/\" \/>\n<meta property=\"og:site_name\" content=\"Longchang Chemical\" \/>\n<meta property=\"article:modified_time\" content=\"2025-04-01T07:15:10+00:00\" \/>\n<meta property=\"og:image\" content=\"https:\/\/longchangchemical.com\/wp-content\/uploads\/2024\/02\/logo-jpeg.jpg\" \/>\n\t<meta property=\"og:image:width\" content=\"1000\" \/>\n\t<meta property=\"og:image:height\" content=\"1000\" \/>\n\t<meta property=\"og:image:type\" content=\"image\/jpeg\" \/>\n<meta name=\"twitter:card\" content=\"summary_large_image\" \/>\n<script type=\"application\/ld+json\" class=\"yoast-schema-graph\">{\"@context\":\"https:\/\/schema.org\",\"@graph\":[{\"@type\":\"WebPage\",\"@id\":\"https:\/\/longchangchemical.com\/product\/uvu6451\/\",\"url\":\"https:\/\/longchangchemical.com\/product\/uvu6451\/\",\"name\":\"China CHLUMICRYL\u00ae UVU6451 \/ For advanced plastic UV coating inks Manufacturer - Longchang Chemical\",\"isPartOf\":{\"@id\":\"https:\/\/longchangchemical.com\/#website\"},\"datePublished\":\"2022-06-24T12:49:15+00:00\",\"dateModified\":\"2025-04-01T07:15:10+00:00\",\"description\":\"CHLUMICRYL\u00ae UVU6451 \/ For advanced plastic UV coating inks is a key product of Longchang Chemical. We provide the best price. We are the leading manufacturer in China with the best quality and competitive price.\",\"breadcrumb\":{\"@id\":\"https:\/\/longchangchemical.com\/product\/uvu6451\/#breadcrumb\"},\"inLanguage\":\"de\",\"potentialAction\":[{\"@type\":\"ReadAction\",\"target\":[\"https:\/\/longchangchemical.com\/product\/uvu6451\/\"]}]},{\"@type\":\"BreadcrumbList\",\"@id\":\"https:\/\/longchangchemical.com\/product\/uvu6451\/#breadcrumb\",\"itemListElement\":[{\"@type\":\"ListItem\",\"position\":1,\"name\":\"Home\",\"item\":\"https:\/\/longchangchemical.com\/\"},{\"@type\":\"ListItem\",\"position\":2,\"name\":\"Products Longchang\",\"item\":\"https:\/\/longchangchemical.com\/product\/\"},{\"@type\":\"ListItem\",\"position\":3,\"name\":\"CHLUMICRYL\u00ae UVU6451 \/ For advanced plastic UV coating inks\"}]},{\"@type\":\"WebSite\",\"@id\":\"https:\/\/longchangchemical.com\/#website\",\"url\":\"https:\/\/longchangchemical.com\/\",\"name\":\"Longchang Chemical\",\"description\":\"China chemical manufacturer \uff06 supplier\",\"publisher\":{\"@id\":\"https:\/\/longchangchemical.com\/#organization\"},\"potentialAction\":[{\"@type\":\"SearchAction\",\"target\":{\"@type\":\"EntryPoint\",\"urlTemplate\":\"https:\/\/longchangchemical.com\/?s={search_term_string}\"},\"query-input\":{\"@type\":\"PropertyValueSpecification\",\"valueRequired\":true,\"valueName\":\"search_term_string\"}}],\"inLanguage\":\"de\"},{\"@type\":\"Organization\",\"@id\":\"https:\/\/longchangchemical.com\/#organization\",\"name\":\"Longchang Chemical\",\"url\":\"https:\/\/longchangchemical.com\/\",\"logo\":{\"@type\":\"ImageObject\",\"inLanguage\":\"de\",\"@id\":\"https:\/\/longchangchemical.com\/#\/schema\/logo\/image\/\",\"url\":\"https:\/\/longchangchemical.com\/wp-content\/uploads\/2020\/08\/cropped-longchang-logo.png\",\"contentUrl\":\"https:\/\/longchangchemical.com\/wp-content\/uploads\/2020\/08\/cropped-longchang-logo.png\",\"width\":512,\"height\":512,\"caption\":\"Longchang Chemical\"},\"image\":{\"@id\":\"https:\/\/longchangchemical.com\/#\/schema\/logo\/image\/\"}}]}<\/script>\n<!-- \/ Yoast SEO plugin. -->","yoast_head_json":{"title":"China CHLUMICRYL\u00ae UVU6451 \/ F\u00fcr fortschrittliche Kunststoff-UV-Lackfarben Hersteller - Longchang Chemical","description":"CHLUMICRYL\u00ae UVU6451 \/ F\u00fcr fortschrittliche Kunststoff-UV-Lackfarben ist ein Schl\u00fcsselprodukt von Longchang Chemical. Wir bieten den besten Preis. Wir sind der f\u00fchrende Hersteller in China mit der besten Qualit\u00e4t und konkurrenzf\u00e4higem Preis.","robots":{"index":"index","follow":"follow","max-snippet":"max-snippet:-1","max-image-preview":"max-image-preview:large","max-video-preview":"max-video-preview:-1"},"canonical":"https:\/\/longchangchemical.com\/de\/product\/uvu6451\/","og_locale":"de_DE","og_type":"article","og_title":"China CHLUMICRYL\u00ae UVU6451 \/ For advanced plastic UV coating inks Manufacturer - Longchang Chemical","og_description":"CHLUMICRYL\u00ae UVU6451 \/ For advanced plastic UV coating inks is a key product of Longchang Chemical. We provide the best price. We are the leading manufacturer in China with the best quality and competitive price.","og_url":"https:\/\/longchangchemical.com\/de\/product\/uvu6451\/","og_site_name":"Longchang Chemical","article_modified_time":"2025-04-01T07:15:10+00:00","og_image":[{"width":1000,"height":1000,"url":"https:\/\/longchangchemical.com\/wp-content\/uploads\/2024\/02\/logo-jpeg.jpg","type":"image\/jpeg"}],"twitter_card":"summary_large_image","schema":{"@context":"https:\/\/schema.org","@graph":[{"@type":"WebPage","@id":"https:\/\/longchangchemical.com\/product\/uvu6451\/","url":"https:\/\/longchangchemical.com\/product\/uvu6451\/","name":"China CHLUMICRYL\u00ae UVU6451 \/ F\u00fcr fortschrittliche Kunststoff-UV-Lackfarben Hersteller - Longchang Chemical","isPartOf":{"@id":"https:\/\/longchangchemical.com\/#website"},"datePublished":"2022-06-24T12:49:15+00:00","dateModified":"2025-04-01T07:15:10+00:00","description":"CHLUMICRYL\u00ae UVU6451 \/ F\u00fcr fortschrittliche Kunststoff-UV-Lackfarben ist ein Schl\u00fcsselprodukt von Longchang Chemical. Wir bieten den besten Preis. Wir sind der f\u00fchrende Hersteller in China mit der besten Qualit\u00e4t und konkurrenzf\u00e4higem Preis.","breadcrumb":{"@id":"https:\/\/longchangchemical.com\/product\/uvu6451\/#breadcrumb"},"inLanguage":"de","potentialAction":[{"@type":"ReadAction","target":["https:\/\/longchangchemical.com\/product\/uvu6451\/"]}]},{"@type":"BreadcrumbList","@id":"https:\/\/longchangchemical.com\/product\/uvu6451\/#breadcrumb","itemListElement":[{"@type":"ListItem","position":1,"name":"Home","item":"https:\/\/longchangchemical.com\/"},{"@type":"ListItem","position":2,"name":"Products Longchang","item":"https:\/\/longchangchemical.com\/product\/"},{"@type":"ListItem","position":3,"name":"CHLUMICRYL\u00ae UVU6451 \/ For advanced plastic UV coating inks"}]},{"@type":"WebSite","@id":"https:\/\/longchangchemical.com\/#website","url":"https:\/\/longchangchemical.com\/","name":"Longchang Chemical","description":"China Hersteller von Chemikalien \uff06 Lieferant","publisher":{"@id":"https:\/\/longchangchemical.com\/#organization"},"potentialAction":[{"@type":"SearchAction","target":{"@type":"EntryPoint","urlTemplate":"https:\/\/longchangchemical.com\/?s={search_term_string}"},"query-input":{"@type":"PropertyValueSpecification","valueRequired":true,"valueName":"search_term_string"}}],"inLanguage":"de"},{"@type":"Organization","@id":"https:\/\/longchangchemical.com\/#organization","name":"Longchang Chemical","url":"https:\/\/longchangchemical.com\/","logo":{"@type":"ImageObject","inLanguage":"de","@id":"https:\/\/longchangchemical.com\/#\/schema\/logo\/image\/","url":"https:\/\/longchangchemical.com\/wp-content\/uploads\/2020\/08\/cropped-longchang-logo.png","contentUrl":"https:\/\/longchangchemical.com\/wp-content\/uploads\/2020\/08\/cropped-longchang-logo.png","width":512,"height":512,"caption":"Longchang Chemical"},"image":{"@id":"https:\/\/longchangchemical.com\/#\/schema\/logo\/image\/"}}]}},"_links":{"self":[{"href":"https:\/\/longchangchemical.com\/de\/wp-json\/wp\/v2\/product\/5319","targetHints":{"allow":["GET"]}}],"collection":[{"href":"https:\/\/longchangchemical.com\/de\/wp-json\/wp\/v2\/product"}],"about":[{"href":"https:\/\/longchangchemical.com\/de\/wp-json\/wp\/v2\/types\/product"}],"replies":[{"embeddable":true,"href":"https:\/\/longchangchemical.com\/de\/wp-json\/wp\/v2\/comments?post=5319"}],"wp:attachment":[{"href":"https:\/\/longchangchemical.com\/de\/wp-json\/wp\/v2\/media?parent=5319"}],"wp:term":[{"taxonomy":"product_brand","embeddable":true,"href":"https:\/\/longchangchemical.com\/de\/wp-json\/wp\/v2\/product_brand?post=5319"},{"taxonomy":"product_cat","embeddable":true,"href":"https:\/\/longchangchemical.com\/de\/wp-json\/wp\/v2\/product_cat?post=5319"},{"taxonomy":"product_tag","embeddable":true,"href":"https:\/\/longchangchemical.com\/de\/wp-json\/wp\/v2\/product_tag?post=5319"}],"curies":[{"name":"wp","href":"https:\/\/api.w.org\/{rel}","templated":true}]}}