{"id":5316,"date":"2022-06-23T12:56:48","date_gmt":"2022-06-23T12:56:48","guid":{"rendered":"https:\/\/longchangchemical.com\/?post_type=product&#038;p=5316"},"modified":"2025-04-01T07:15:16","modified_gmt":"2025-04-01T07:15:16","slug":"uvu6212","status":"publish","type":"product","link":"https:\/\/longchangchemical.com\/de\/product\/uvu6212\/","title":{"rendered":"CHLUMICRYL\u00ae UVU6212"},"content":{"rendered":"<h1 class=\"product_title entry-title\"><strong> UVU6212<\/strong><\/h1>\n<p><strong>Zutat<\/strong>:Aliphatisches Polyurethan-Diacrylat<\/p>\n<div>\n<p><strong>T<\/strong><strong>Art:<\/strong><strong>\u00a0<\/strong>Flexibler aliphatischer Amino-Ester<\/p>\n<p><strong>Lieferform<\/strong>: 100% Harz<\/p>\n<p><strong>Vorschl\u00e4ge f\u00fcr die Bewerbung<\/strong><strong>\u00a0und Eigentum<\/strong><strong>:<\/strong><\/p>\n<ul>\n<li>Lichth\u00e4rtende Beschichtungen und Druckfarben, Klebstoffe<\/li>\n<li>Wird in Beschichtungen verwendet, die eine gute Flexibilit\u00e4t und einen hervorragenden Griff erfordern.<\/li>\n<li>UVU6212 hat eine ausgezeichnete Haftung auf einer Vielzahl von Substraten, einen Vergilbungsschutz<\/li>\n<li>Empfohlene Verwendungszwecke sind folgende:<\/li>\n<\/ul>\n<p>Moderne Kunststoffbeschichtungen und -tinten - das Hauptharz f\u00fcr Beschichtungen, einschlie\u00dflich PC, ABS, PMMA, PVC, und das entsprechende Bindemittel f\u00fcr Siebdruckfarben.<\/p>\n<p>Hochwertiger Holzlack - besonders verschlei\u00dffester Bodenbelag, M\u00f6bellack<\/p>\n<p>Metall, Glas, Lack und Farbtinte, Klebstoff<\/p>\n<p><strong>Merkmale:<\/strong><\/p>\n<table>\n<tbody>\n<tr>\n<td width=\"245\">Erscheinungsbild farblos<\/td>\n<td width=\"505\">\u00a0Farblose oder hellgelbe transparente viskose Fl\u00fcssigkeit<\/td>\n<\/tr>\n<tr>\n<td width=\"245\">Viskosit\u00e4t (25\u00b0C)<\/td>\n<td width=\"505\">\u00a018000~36000cps<\/td>\n<\/tr>\n<tr>\n<td width=\"245\">Funktionsweise<\/td>\n<td width=\"505\">\u00a0\u00a02<\/td>\n<\/tr>\n<tr>\n<td width=\"245\">Farbe (fe\/co)<\/td>\n<td width=\"505\">\u00a00<\/td>\n<\/tr>\n<tr>\n<td width=\"245\">NCO% innerhalb<\/td>\n<td width=\"505\">\u00a0\u00a00.4<\/td>\n<\/tr>\n<\/tbody>\n<\/table>\n<p><strong>\u00a0<\/strong><strong>C<\/strong><strong>ompatibilit\u00e4t:<\/strong><\/p>\n<p><strong>\u00a0\u00a0\u00a0\u00a0\u00a0<\/strong>UVU6212 ist mit den meisten Reaktivverd\u00fcnnern, Epoxid-, Polyester- und Urethan-Acrylaten vollst\u00e4ndig mischbar<\/p>\n<p><strong>Verpacken<\/strong>: 50kg oder 200kg\/Trommel.<\/p>\n<p><strong><b>Lagerung:<\/b><\/strong><\/p>\n<p>Sie werden in einem trockenen, sauberen Lager mit guter Bel\u00fcftung aufbewahrt.<\/p>\n<p>Vermeiden Sie Licht- und Hitzeeinwirkung.<\/p>\n<p>Schutz des Produkts vor Auslaufen, Regen und Sonneneinstrahlung w\u00e4hrend des Transports.<\/p>\n<h2><strong><b>Kontaktieren Sie uns jetzt!<\/b><\/strong><\/h2>\n<h4><strong><b>Wenn <\/b><\/strong><strong><b>Sie ben\u00f6tigen Preis oder COA, MSDS oder TDS, bitte <\/b><\/strong><strong><b>F\u00fcllen Sie das untenstehende Formular aus und geben Sie an, dass wir Sie in der Regel innerhalb von 24 Stunden kontaktieren werden. Sie k\u00f6nnen mir auch eine E-Mail schicken <span style=\"color: #0000ff;\"><a style=\"color: #0000ff;\" href=\"mailto:info@longchangchemical.com\"><span style=\"color: #00ccff;\">info@longchangchemical.com<\/span><\/a><\/span> w\u00e4hrend der Gesch\u00e4ftszeiten ( 8:30 bis 18:00 Uhr UTC+8 Mo.~Sa. ) oder nutzen Sie den Live-Chat auf der Website, um eine schnelle Antwort zu erhalten.<\/b><\/strong><\/h4>\n<p>&nbsp;<\/p>\n<\/div>","protected":false},"excerpt":{"rendered":"<p>UVU6212 Inhaltsstoff:Aliphatisches Polyurethandiacrylat Art: Flexibler aliphatischer Aminoester Lieferform: 100% Harz Anwendungsvorschl\u00e4ge und Eigenschaften: Lichth\u00e4rtende Beschichtungen und Druckfarben, Klebstoffe Wird in Beschichtungen verwendet, die eine gute Flexibilit\u00e4t und einen hervorragenden Griff erfordern. UVU6212 hat eine ausgezeichnete Haftung auf einer Vielzahl von Substraten, Anti-Vergilbung Empfohlene Anwendungen sind wie folgt: Moderne Kunststoffbeschichtungen und -tinten - das Hauptharz von Beschichtungen einschlie\u00dflich [...]<\/p>","protected":false},"featured_media":0,"comment_status":"closed","ping_status":"closed","template":"","meta":[],"product_brand":[],"product_cat":[137],"product_tag":[],"class_list":{"0":"post-5316","1":"product","2":"type-product","3":"status-publish","5":"product_cat-uv-oligomer","7":"first","8":"instock","9":"shipping-taxable","10":"product-type-simple"},"yoast_head":"<!-- This site is optimized with the Yoast SEO plugin v25.3.1 - https:\/\/yoast.com\/wordpress\/plugins\/seo\/ -->\n<title>China CHLUMICRYL\u00ae UVU6212 Manufacturer - Longchang Chemical<\/title>\n<meta name=\"description\" content=\"CHLUMICRYL\u00ae UVU6212 is a key product of Longchang Chemical. We provide the best price. We are the leading manufacturer in China with the best quality and competitive price.\" \/>\n<meta name=\"robots\" content=\"index, follow, max-snippet:-1, max-image-preview:large, max-video-preview:-1\" \/>\n<link rel=\"canonical\" href=\"https:\/\/longchangchemical.com\/de\/product\/uvu6212\/\" \/>\n<meta property=\"og:locale\" content=\"de_DE\" \/>\n<meta property=\"og:type\" content=\"article\" \/>\n<meta property=\"og:title\" content=\"China CHLUMICRYL\u00ae UVU6212 Manufacturer - Longchang Chemical\" \/>\n<meta property=\"og:description\" content=\"CHLUMICRYL\u00ae UVU6212 is a key product of Longchang Chemical. We provide the best price. We are the leading manufacturer in China with the best quality and competitive price.\" \/>\n<meta property=\"og:url\" content=\"https:\/\/longchangchemical.com\/de\/product\/uvu6212\/\" \/>\n<meta property=\"og:site_name\" content=\"Longchang Chemical\" \/>\n<meta property=\"article:modified_time\" content=\"2025-04-01T07:15:16+00:00\" \/>\n<meta property=\"og:image\" content=\"https:\/\/longchangchemical.com\/wp-content\/uploads\/2024\/02\/logo-jpeg.jpg\" \/>\n\t<meta property=\"og:image:width\" content=\"1000\" \/>\n\t<meta property=\"og:image:height\" content=\"1000\" \/>\n\t<meta property=\"og:image:type\" content=\"image\/jpeg\" \/>\n<meta name=\"twitter:card\" content=\"summary_large_image\" \/>\n<script type=\"application\/ld+json\" class=\"yoast-schema-graph\">{\"@context\":\"https:\/\/schema.org\",\"@graph\":[{\"@type\":\"WebPage\",\"@id\":\"https:\/\/longchangchemical.com\/product\/uvu6212\/\",\"url\":\"https:\/\/longchangchemical.com\/product\/uvu6212\/\",\"name\":\"China CHLUMICRYL\u00ae UVU6212 Manufacturer - Longchang Chemical\",\"isPartOf\":{\"@id\":\"https:\/\/longchangchemical.com\/#website\"},\"datePublished\":\"2022-06-23T12:56:48+00:00\",\"dateModified\":\"2025-04-01T07:15:16+00:00\",\"description\":\"CHLUMICRYL\u00ae UVU6212 is a key product of Longchang Chemical. We provide the best price. We are the leading manufacturer in China with the best quality and competitive price.\",\"breadcrumb\":{\"@id\":\"https:\/\/longchangchemical.com\/product\/uvu6212\/#breadcrumb\"},\"inLanguage\":\"de\",\"potentialAction\":[{\"@type\":\"ReadAction\",\"target\":[\"https:\/\/longchangchemical.com\/product\/uvu6212\/\"]}]},{\"@type\":\"BreadcrumbList\",\"@id\":\"https:\/\/longchangchemical.com\/product\/uvu6212\/#breadcrumb\",\"itemListElement\":[{\"@type\":\"ListItem\",\"position\":1,\"name\":\"Home\",\"item\":\"https:\/\/longchangchemical.com\/\"},{\"@type\":\"ListItem\",\"position\":2,\"name\":\"Products Longchang\",\"item\":\"https:\/\/longchangchemical.com\/product\/\"},{\"@type\":\"ListItem\",\"position\":3,\"name\":\"CHLUMICRYL\u00ae UVU6212\"}]},{\"@type\":\"WebSite\",\"@id\":\"https:\/\/longchangchemical.com\/#website\",\"url\":\"https:\/\/longchangchemical.com\/\",\"name\":\"Longchang Chemical\",\"description\":\"China chemical manufacturer \uff06 supplier\",\"publisher\":{\"@id\":\"https:\/\/longchangchemical.com\/#organization\"},\"potentialAction\":[{\"@type\":\"SearchAction\",\"target\":{\"@type\":\"EntryPoint\",\"urlTemplate\":\"https:\/\/longchangchemical.com\/?s={search_term_string}\"},\"query-input\":{\"@type\":\"PropertyValueSpecification\",\"valueRequired\":true,\"valueName\":\"search_term_string\"}}],\"inLanguage\":\"de\"},{\"@type\":\"Organization\",\"@id\":\"https:\/\/longchangchemical.com\/#organization\",\"name\":\"Longchang Chemical\",\"url\":\"https:\/\/longchangchemical.com\/\",\"logo\":{\"@type\":\"ImageObject\",\"inLanguage\":\"de\",\"@id\":\"https:\/\/longchangchemical.com\/#\/schema\/logo\/image\/\",\"url\":\"https:\/\/longchangchemical.com\/wp-content\/uploads\/2020\/08\/cropped-longchang-logo.png\",\"contentUrl\":\"https:\/\/longchangchemical.com\/wp-content\/uploads\/2020\/08\/cropped-longchang-logo.png\",\"width\":512,\"height\":512,\"caption\":\"Longchang Chemical\"},\"image\":{\"@id\":\"https:\/\/longchangchemical.com\/#\/schema\/logo\/image\/\"}}]}<\/script>\n<!-- \/ Yoast SEO plugin. -->","yoast_head_json":{"title":"China CHLUMICRYL\u00ae UVU6212 Hersteller - Longchang Chemical","description":"CHLUMICRYL\u00ae UVU6212 ist ein Schl\u00fcsselprodukt von Longchang Chemical. Wir bieten den besten Preis. Wir sind der f\u00fchrende Hersteller in China mit der besten Qualit\u00e4t und konkurrenzf\u00e4higem Preis.","robots":{"index":"index","follow":"follow","max-snippet":"max-snippet:-1","max-image-preview":"max-image-preview:large","max-video-preview":"max-video-preview:-1"},"canonical":"https:\/\/longchangchemical.com\/de\/product\/uvu6212\/","og_locale":"de_DE","og_type":"article","og_title":"China CHLUMICRYL\u00ae UVU6212 Manufacturer - Longchang Chemical","og_description":"CHLUMICRYL\u00ae UVU6212 is a key product of Longchang Chemical. We provide the best price. We are the leading manufacturer in China with the best quality and competitive price.","og_url":"https:\/\/longchangchemical.com\/de\/product\/uvu6212\/","og_site_name":"Longchang Chemical","article_modified_time":"2025-04-01T07:15:16+00:00","og_image":[{"width":1000,"height":1000,"url":"https:\/\/longchangchemical.com\/wp-content\/uploads\/2024\/02\/logo-jpeg.jpg","type":"image\/jpeg"}],"twitter_card":"summary_large_image","schema":{"@context":"https:\/\/schema.org","@graph":[{"@type":"WebPage","@id":"https:\/\/longchangchemical.com\/product\/uvu6212\/","url":"https:\/\/longchangchemical.com\/product\/uvu6212\/","name":"China CHLUMICRYL\u00ae UVU6212 Hersteller - Longchang Chemical","isPartOf":{"@id":"https:\/\/longchangchemical.com\/#website"},"datePublished":"2022-06-23T12:56:48+00:00","dateModified":"2025-04-01T07:15:16+00:00","description":"CHLUMICRYL\u00ae UVU6212 ist ein Schl\u00fcsselprodukt von Longchang Chemical. Wir bieten den besten Preis. Wir sind der f\u00fchrende Hersteller in China mit der besten Qualit\u00e4t und konkurrenzf\u00e4higem Preis.","breadcrumb":{"@id":"https:\/\/longchangchemical.com\/product\/uvu6212\/#breadcrumb"},"inLanguage":"de","potentialAction":[{"@type":"ReadAction","target":["https:\/\/longchangchemical.com\/product\/uvu6212\/"]}]},{"@type":"BreadcrumbList","@id":"https:\/\/longchangchemical.com\/product\/uvu6212\/#breadcrumb","itemListElement":[{"@type":"ListItem","position":1,"name":"Home","item":"https:\/\/longchangchemical.com\/"},{"@type":"ListItem","position":2,"name":"Products Longchang","item":"https:\/\/longchangchemical.com\/product\/"},{"@type":"ListItem","position":3,"name":"CHLUMICRYL\u00ae UVU6212"}]},{"@type":"WebSite","@id":"https:\/\/longchangchemical.com\/#website","url":"https:\/\/longchangchemical.com\/","name":"Longchang Chemical","description":"China Hersteller von Chemikalien \uff06 Lieferant","publisher":{"@id":"https:\/\/longchangchemical.com\/#organization"},"potentialAction":[{"@type":"SearchAction","target":{"@type":"EntryPoint","urlTemplate":"https:\/\/longchangchemical.com\/?s={search_term_string}"},"query-input":{"@type":"PropertyValueSpecification","valueRequired":true,"valueName":"search_term_string"}}],"inLanguage":"de"},{"@type":"Organization","@id":"https:\/\/longchangchemical.com\/#organization","name":"Longchang Chemical","url":"https:\/\/longchangchemical.com\/","logo":{"@type":"ImageObject","inLanguage":"de","@id":"https:\/\/longchangchemical.com\/#\/schema\/logo\/image\/","url":"https:\/\/longchangchemical.com\/wp-content\/uploads\/2020\/08\/cropped-longchang-logo.png","contentUrl":"https:\/\/longchangchemical.com\/wp-content\/uploads\/2020\/08\/cropped-longchang-logo.png","width":512,"height":512,"caption":"Longchang Chemical"},"image":{"@id":"https:\/\/longchangchemical.com\/#\/schema\/logo\/image\/"}}]}},"_links":{"self":[{"href":"https:\/\/longchangchemical.com\/de\/wp-json\/wp\/v2\/product\/5316","targetHints":{"allow":["GET"]}}],"collection":[{"href":"https:\/\/longchangchemical.com\/de\/wp-json\/wp\/v2\/product"}],"about":[{"href":"https:\/\/longchangchemical.com\/de\/wp-json\/wp\/v2\/types\/product"}],"replies":[{"embeddable":true,"href":"https:\/\/longchangchemical.com\/de\/wp-json\/wp\/v2\/comments?post=5316"}],"wp:attachment":[{"href":"https:\/\/longchangchemical.com\/de\/wp-json\/wp\/v2\/media?parent=5316"}],"wp:term":[{"taxonomy":"product_brand","embeddable":true,"href":"https:\/\/longchangchemical.com\/de\/wp-json\/wp\/v2\/product_brand?post=5316"},{"taxonomy":"product_cat","embeddable":true,"href":"https:\/\/longchangchemical.com\/de\/wp-json\/wp\/v2\/product_cat?post=5316"},{"taxonomy":"product_tag","embeddable":true,"href":"https:\/\/longchangchemical.com\/de\/wp-json\/wp\/v2\/product_tag?post=5316"}],"curies":[{"name":"wp","href":"https:\/\/api.w.org\/{rel}","templated":true}]}}