{"id":5294,"date":"2022-06-11T13:34:04","date_gmt":"2022-06-11T13:34:04","guid":{"rendered":"https:\/\/longchangchemical.com\/?post_type=product&#038;p=5294"},"modified":"2025-08-22T09:14:44","modified_gmt":"2025-08-22T09:14:44","slug":"uvj7007","status":"publish","type":"product","link":"https:\/\/longchangchemical.com\/de\/product\/uvj7007\/","title":{"rendered":"CHLUMICRYL\u00ae UVJ7007 \/ Phototherapie-Nagellackharz \/ Top Coat Rohmaterial"},"content":{"rendered":"<h1 class=\"product_title entry-title\"><strong> UVJ7007 \/ Decklack Rohstoff<\/strong><\/h1>\n<p><strong> UVJ7007<\/strong>\u00a0ist ein Harz speziell f\u00fcr Phototherapie-Nagellack.<\/p>\n<p><strong>Eigentum<\/strong><strong>:<\/strong><\/p>\n<ul>\n<li>Hoher Glanz und hervorragende Kratzfestigkeit<\/li>\n<li>Witterungsbest\u00e4ndigkeit und Vergilbungsschutz.<\/li>\n<li>Superz\u00e4h und schnell aush\u00e4rtend<\/li>\n<li>Empfohlene Verwendungszwecke sind folgende:<\/li>\n<\/ul>\n<p><em><i>\u00a0Das Hauptharz des lichth\u00e4rtenden Nagellackklebers wird als Versiegelungskleber (No-Clean-Versiegelungskleber, Drei-in-Eins-Kleber) verwendet. Empfohlene Dosierung: 60-80%<\/i><\/em><em><i>.<\/i><\/em><\/p>\n<p><strong>Zutat<\/strong>:Phototherapie Nagellack Harz<\/p>\n<div>\n<p><strong>T<\/strong><strong>Art:<\/strong>\u00a0Polyurethan modifiziertes Acrylat<\/p>\n<p><strong>Vorschl\u00e4ge f\u00fcr die Bewerbung<\/strong><strong>\u00a0und Eigentum<\/strong><strong>:<\/strong><\/p>\n<ul>\n<li>Hoher Glanz und hervorragende Kratzfestigkeit<\/li>\n<li>Witterungsbest\u00e4ndigkeit und Vergilbungsschutz.<\/li>\n<li>Superz\u00e4h und schnell aush\u00e4rtend<\/li>\n<li>Empfohlene Verwendungszwecke sind folgende:<\/li>\n<\/ul>\n<p><em><i>\u00a0Das Hauptharz des lichth\u00e4rtenden Nagellackklebers wird als Versiegelungskleber (No-Clean-Versiegelungskleber, Drei-in-Eins-Kleber) verwendet. Empfohlene Dosierung: 60-80%<\/i><\/em><em><i>.<\/i><\/em><\/p>\n<p><strong>Unsere eigene Marke entwickelte Top Coat: <a href=\"https:\/\/chromeclair.com\/product\/top-coat-hema-free-and-tpo-free-10ml\/\"><span style=\"color: #00ccff;\">CHROM\u00c9CLAIR Decklack<\/span><\/a><\/strong><\/p>\n<p><strong>Merkmale:<\/strong><\/p>\n<table>\n<tbody>\n<tr>\n<td width=\"370\">Erscheinungsbild farblos<\/td>\n<td width=\"293\">Transparente viskose Fl\u00fcssigkeit<\/td>\n<\/tr>\n<tr>\n<td width=\"370\">Viskosit\u00e4t(40\u2103)<\/td>\n<td width=\"293\">60000-120000 mPa*s<\/td>\n<\/tr>\n<tr>\n<td width=\"370\">Farbe (fe\/co)<\/td>\n<td width=\"293\">\u00a00<\/td>\n<\/tr>\n<\/tbody>\n<\/table>\n<p><strong>Verpacken<\/strong>: 50kg oder 200kg\/Trommel.<\/p>\n<p><strong><b>Lagerung:<\/b><\/strong><\/p>\n<p>Sie werden in einem trockenen, sauberen Lager mit guter Bel\u00fcftung aufbewahrt.<\/p>\n<p>Vermeiden Sie Licht- und Hitzeeinwirkung.<\/p>\n<p>Schutz des Produkts vor Auslaufen, Regen und Sonneneinstrahlung w\u00e4hrend des Transports.<\/p>\n<h2><strong><b>Kontaktieren Sie uns jetzt!<\/b><\/strong><\/h2>\n<h4><strong><b>Wenn <\/b><\/strong><strong><b>Sie ben\u00f6tigen Preis oder COA, MSDS oder TDS, bitte <\/b><\/strong><strong><b>F\u00fcllen Sie das untenstehende Formular aus und geben Sie an, dass wir Sie in der Regel innerhalb von 24 Stunden kontaktieren werden. Sie k\u00f6nnen mir auch eine E-Mail schicken <span style=\"color: #0000ff;\"><a style=\"color: #0000ff;\" href=\"mailto:info@longchangchemical.com\">info@longchangchemical.com<\/a><\/span> w\u00e4hrend der Gesch\u00e4ftszeiten ( 8:30 bis 18:00 Uhr UTC+8 Mo.~Sa. ) oder nutzen Sie den Live-Chat auf der Website, um eine schnelle Antwort zu erhalten.<\/b><\/strong><\/h4>\n<\/div>","protected":false},"excerpt":{"rendered":"<p>Beschreibung des Produkts: Phototherapie-Nagellackharz-Polyurethan modifiziertes Acrylat<\/p>\n<p>Viskosit\u00e4t (40\u2103): 60000-120000 mPa*s<\/p>\n<p>Farbe (fe\/co): 0<\/p>\n<p>Verpackung: 20kg oder 200kg\/Fass<\/p>","protected":false},"featured_media":0,"comment_status":"closed","ping_status":"closed","template":"","meta":[],"product_brand":[],"product_cat":[137],"product_tag":[],"class_list":{"0":"post-5294","1":"product","2":"type-product","3":"status-publish","5":"product_cat-uv-oligomer","7":"first","8":"instock","9":"shipping-taxable","10":"product-type-simple"},"yoast_head":"<!-- This site is optimized with the Yoast SEO plugin v25.3.1 - https:\/\/yoast.com\/wordpress\/plugins\/seo\/ -->\n<title>China Phototherapy nail polish resin producer - Polyurethane Modified Acrylate manufacturer - Longchang Chemical<\/title>\n<meta name=\"description\" content=\"UVJ7007 is a resin specially for Phototherapy nail polish,The main resin of light-curing nail polish glue is used for sealing glue (no-clean sealing glue, three-in-one glue), Which is the key product of Longchang Chemical. We are the leading uv oligomer manufacturer and supplier in China with the best quanlity and competitive price.\" \/>\n<meta name=\"robots\" content=\"index, follow, max-snippet:-1, max-image-preview:large, max-video-preview:-1\" \/>\n<link rel=\"canonical\" href=\"https:\/\/longchangchemical.com\/de\/product\/uvj7007\/\" \/>\n<meta property=\"og:locale\" content=\"de_DE\" \/>\n<meta property=\"og:type\" content=\"article\" \/>\n<meta property=\"og:title\" content=\"China Phototherapy nail polish resin producer - Polyurethane Modified Acrylate manufacturer - Longchang Chemical\" \/>\n<meta property=\"og:description\" content=\"UVJ7007 is a resin specially for Phototherapy nail polish,The main resin of light-curing nail polish glue is used for sealing glue (no-clean sealing glue, three-in-one glue), Which is the key product of Longchang Chemical. We are the leading uv oligomer manufacturer and supplier in China with the best quanlity and competitive price.\" \/>\n<meta property=\"og:url\" content=\"https:\/\/longchangchemical.com\/de\/product\/uvj7007\/\" \/>\n<meta property=\"og:site_name\" content=\"Longchang Chemical\" \/>\n<meta property=\"article:modified_time\" content=\"2025-08-22T09:14:44+00:00\" \/>\n<meta property=\"og:image\" content=\"https:\/\/longchangchemical.com\/wp-content\/uploads\/2024\/02\/logo-jpeg.jpg\" \/>\n\t<meta property=\"og:image:width\" content=\"1000\" \/>\n\t<meta property=\"og:image:height\" content=\"1000\" \/>\n\t<meta property=\"og:image:type\" content=\"image\/jpeg\" \/>\n<meta name=\"twitter:card\" content=\"summary_large_image\" \/>\n<script type=\"application\/ld+json\" class=\"yoast-schema-graph\">{\"@context\":\"https:\/\/schema.org\",\"@graph\":[{\"@type\":\"WebPage\",\"@id\":\"https:\/\/longchangchemical.com\/product\/uvj7007\/\",\"url\":\"https:\/\/longchangchemical.com\/product\/uvj7007\/\",\"name\":\"China Phototherapy nail polish resin producer - Polyurethane Modified Acrylate manufacturer - Longchang Chemical\",\"isPartOf\":{\"@id\":\"https:\/\/longchangchemical.com\/#website\"},\"datePublished\":\"2022-06-11T13:34:04+00:00\",\"dateModified\":\"2025-08-22T09:14:44+00:00\",\"description\":\"UVJ7007 is a resin specially for Phototherapy nail polish,The main resin of light-curing nail polish glue is used for sealing glue (no-clean sealing glue, three-in-one glue), Which is the key product of Longchang Chemical. We are the leading uv oligomer manufacturer and supplier in China with the best quanlity and competitive price.\",\"breadcrumb\":{\"@id\":\"https:\/\/longchangchemical.com\/product\/uvj7007\/#breadcrumb\"},\"inLanguage\":\"de\",\"potentialAction\":[{\"@type\":\"ReadAction\",\"target\":[\"https:\/\/longchangchemical.com\/product\/uvj7007\/\"]}]},{\"@type\":\"BreadcrumbList\",\"@id\":\"https:\/\/longchangchemical.com\/product\/uvj7007\/#breadcrumb\",\"itemListElement\":[{\"@type\":\"ListItem\",\"position\":1,\"name\":\"Home\",\"item\":\"https:\/\/longchangchemical.com\/\"},{\"@type\":\"ListItem\",\"position\":2,\"name\":\"Products Longchang\",\"item\":\"https:\/\/longchangchemical.com\/product\/\"},{\"@type\":\"ListItem\",\"position\":3,\"name\":\"CHLUMICRYL\u00ae UVJ7007 \/ Phototherapy nail polish resin \/ Top Coat Raw Material\"}]},{\"@type\":\"WebSite\",\"@id\":\"https:\/\/longchangchemical.com\/#website\",\"url\":\"https:\/\/longchangchemical.com\/\",\"name\":\"Longchang Chemical\",\"description\":\"China chemical manufacturer \uff06 supplier\",\"publisher\":{\"@id\":\"https:\/\/longchangchemical.com\/#organization\"},\"potentialAction\":[{\"@type\":\"SearchAction\",\"target\":{\"@type\":\"EntryPoint\",\"urlTemplate\":\"https:\/\/longchangchemical.com\/?s={search_term_string}\"},\"query-input\":{\"@type\":\"PropertyValueSpecification\",\"valueRequired\":true,\"valueName\":\"search_term_string\"}}],\"inLanguage\":\"de\"},{\"@type\":\"Organization\",\"@id\":\"https:\/\/longchangchemical.com\/#organization\",\"name\":\"Longchang Chemical\",\"url\":\"https:\/\/longchangchemical.com\/\",\"logo\":{\"@type\":\"ImageObject\",\"inLanguage\":\"de\",\"@id\":\"https:\/\/longchangchemical.com\/#\/schema\/logo\/image\/\",\"url\":\"https:\/\/longchangchemical.com\/wp-content\/uploads\/2020\/08\/cropped-longchang-logo.png\",\"contentUrl\":\"https:\/\/longchangchemical.com\/wp-content\/uploads\/2020\/08\/cropped-longchang-logo.png\",\"width\":512,\"height\":512,\"caption\":\"Longchang Chemical\"},\"image\":{\"@id\":\"https:\/\/longchangchemical.com\/#\/schema\/logo\/image\/\"}}]}<\/script>\n<!-- \/ Yoast SEO plugin. -->","yoast_head_json":{"title":"China Phototherapie Nagellack Harz Hersteller - Polyurethan modifiziertes Acrylat Hersteller - Longchang Chemical","description":"UVJ7007 ist ein Harz speziell f\u00fcr die Phototherapie Nagellack, das Hauptharz der lichth\u00e4rtenden Nagellack Kleber ist f\u00fcr die Abdichtung Klebstoff (no-clean Abdichtung Klebstoff, drei-in-One-Klebstoff), die das Schl\u00fcsselprodukt von Longchang Chemical ist verwendet. Wir sind der f\u00fchrende Hersteller und Lieferant von UV-Oligomeren in China mit der besten Qualit\u00e4t und wettbewerbsf\u00e4higen Preisen.","robots":{"index":"index","follow":"follow","max-snippet":"max-snippet:-1","max-image-preview":"max-image-preview:large","max-video-preview":"max-video-preview:-1"},"canonical":"https:\/\/longchangchemical.com\/de\/product\/uvj7007\/","og_locale":"de_DE","og_type":"article","og_title":"China Phototherapy nail polish resin producer - Polyurethane Modified Acrylate manufacturer - Longchang Chemical","og_description":"UVJ7007 is a resin specially for Phototherapy nail polish,The main resin of light-curing nail polish glue is used for sealing glue (no-clean sealing glue, three-in-one glue), Which is the key product of Longchang Chemical. We are the leading uv oligomer manufacturer and supplier in China with the best quanlity and competitive price.","og_url":"https:\/\/longchangchemical.com\/de\/product\/uvj7007\/","og_site_name":"Longchang Chemical","article_modified_time":"2025-08-22T09:14:44+00:00","og_image":[{"width":1000,"height":1000,"url":"https:\/\/longchangchemical.com\/wp-content\/uploads\/2024\/02\/logo-jpeg.jpg","type":"image\/jpeg"}],"twitter_card":"summary_large_image","schema":{"@context":"https:\/\/schema.org","@graph":[{"@type":"WebPage","@id":"https:\/\/longchangchemical.com\/product\/uvj7007\/","url":"https:\/\/longchangchemical.com\/product\/uvj7007\/","name":"China Phototherapie Nagellack Harz Hersteller - Polyurethan modifiziertes Acrylat Hersteller - Longchang Chemical","isPartOf":{"@id":"https:\/\/longchangchemical.com\/#website"},"datePublished":"2022-06-11T13:34:04+00:00","dateModified":"2025-08-22T09:14:44+00:00","description":"UVJ7007 ist ein Harz speziell f\u00fcr die Phototherapie Nagellack, das Hauptharz der lichth\u00e4rtenden Nagellack Kleber ist f\u00fcr die Abdichtung Klebstoff (no-clean Abdichtung Klebstoff, drei-in-One-Klebstoff), die das Schl\u00fcsselprodukt von Longchang Chemical ist verwendet. Wir sind der f\u00fchrende Hersteller und Lieferant von UV-Oligomeren in China mit der besten Qualit\u00e4t und wettbewerbsf\u00e4higen Preisen.","breadcrumb":{"@id":"https:\/\/longchangchemical.com\/product\/uvj7007\/#breadcrumb"},"inLanguage":"de","potentialAction":[{"@type":"ReadAction","target":["https:\/\/longchangchemical.com\/product\/uvj7007\/"]}]},{"@type":"BreadcrumbList","@id":"https:\/\/longchangchemical.com\/product\/uvj7007\/#breadcrumb","itemListElement":[{"@type":"ListItem","position":1,"name":"Home","item":"https:\/\/longchangchemical.com\/"},{"@type":"ListItem","position":2,"name":"Products Longchang","item":"https:\/\/longchangchemical.com\/product\/"},{"@type":"ListItem","position":3,"name":"CHLUMICRYL\u00ae UVJ7007 \/ Phototherapy nail polish resin \/ Top Coat Raw Material"}]},{"@type":"WebSite","@id":"https:\/\/longchangchemical.com\/#website","url":"https:\/\/longchangchemical.com\/","name":"Longchang Chemical","description":"China Hersteller von Chemikalien \uff06 Lieferant","publisher":{"@id":"https:\/\/longchangchemical.com\/#organization"},"potentialAction":[{"@type":"SearchAction","target":{"@type":"EntryPoint","urlTemplate":"https:\/\/longchangchemical.com\/?s={search_term_string}"},"query-input":{"@type":"PropertyValueSpecification","valueRequired":true,"valueName":"search_term_string"}}],"inLanguage":"de"},{"@type":"Organization","@id":"https:\/\/longchangchemical.com\/#organization","name":"Longchang Chemical","url":"https:\/\/longchangchemical.com\/","logo":{"@type":"ImageObject","inLanguage":"de","@id":"https:\/\/longchangchemical.com\/#\/schema\/logo\/image\/","url":"https:\/\/longchangchemical.com\/wp-content\/uploads\/2020\/08\/cropped-longchang-logo.png","contentUrl":"https:\/\/longchangchemical.com\/wp-content\/uploads\/2020\/08\/cropped-longchang-logo.png","width":512,"height":512,"caption":"Longchang Chemical"},"image":{"@id":"https:\/\/longchangchemical.com\/#\/schema\/logo\/image\/"}}]}},"_links":{"self":[{"href":"https:\/\/longchangchemical.com\/de\/wp-json\/wp\/v2\/product\/5294","targetHints":{"allow":["GET"]}}],"collection":[{"href":"https:\/\/longchangchemical.com\/de\/wp-json\/wp\/v2\/product"}],"about":[{"href":"https:\/\/longchangchemical.com\/de\/wp-json\/wp\/v2\/types\/product"}],"replies":[{"embeddable":true,"href":"https:\/\/longchangchemical.com\/de\/wp-json\/wp\/v2\/comments?post=5294"}],"wp:attachment":[{"href":"https:\/\/longchangchemical.com\/de\/wp-json\/wp\/v2\/media?parent=5294"}],"wp:term":[{"taxonomy":"product_brand","embeddable":true,"href":"https:\/\/longchangchemical.com\/de\/wp-json\/wp\/v2\/product_brand?post=5294"},{"taxonomy":"product_cat","embeddable":true,"href":"https:\/\/longchangchemical.com\/de\/wp-json\/wp\/v2\/product_cat?post=5294"},{"taxonomy":"product_tag","embeddable":true,"href":"https:\/\/longchangchemical.com\/de\/wp-json\/wp\/v2\/product_tag?post=5294"}],"curies":[{"name":"wp","href":"https:\/\/api.w.org\/{rel}","templated":true}]}}