{"id":5247,"date":"2022-05-18T02:11:49","date_gmt":"2022-05-18T02:11:49","guid":{"rendered":"https:\/\/longchangchemical.com\/?post_type=product&#038;p=5247"},"modified":"2025-08-22T09:37:10","modified_gmt":"2025-08-22T09:37:10","slug":"uvj7001","status":"publish","type":"product","link":"https:\/\/longchangchemical.com\/de\/product\/uvj7001\/","title":{"rendered":"CHLUMICRYL\u00ae UVJ7001 \/ Phototherapie-Nagellackharz \/ Top Coat Rohmaterial"},"content":{"rendered":"<h1><strong>Phototherapie Nagellack Harz \/ Top Coat Rohstoff<\/strong><\/h1>\n<p><strong>Zutat<\/strong>:Phototherapie Nagellack Harz<\/p>\n<div>\n<p><strong>T<\/strong><strong>Art:<\/strong>\u00a0Aliphatisches Polyurethan modifiziertes Acrylat<\/p>\n<p><strong>Vorschl\u00e4ge f\u00fcr die Bewerbung<\/strong><strong>\u00a0und Eigentum<\/strong><strong>:<\/strong><\/p>\n<ul>\n<li>Schnelle Aush\u00e4rtung, hoher Glanz und Vergilbungsbest\u00e4ndigkeit<\/li>\n<li>Die Beschichtung ist hart und z\u00e4h und weist eine ausgezeichnete Biegefestigkeit auf.<\/li>\n<li>Empfohlene Verwendungszwecke sind folgende:<\/li>\n<\/ul>\n<p><em><i>Das Hauptharz des lichth\u00e4rtenden Nagellackklebers mit hoher H\u00e4rte und hoher Verschlei\u00dffestigkeit ist erforderlich, haupts\u00e4chlich f\u00fcr die Oberfl\u00e4chenschicht verwendet, die empfohlene Zugabemenge: 50-90%.<\/i><\/em><\/p>\n<p><strong>Unsere eigene Marke entwickelte Top Coat: <a href=\"https:\/\/chromeclair.com\/product\/top-coat-hema-free-and-tpo-free-10ml\/\"><span style=\"color: #00ccff;\">CHROM\u00c9CLAIR Decklack<\/span><\/a><\/strong><\/p>\n<h2><strong> UVJ7001 Merkmale:<\/strong><\/h2>\n<table>\n<tbody>\n<tr>\n<td width=\"370\">Erscheinungsbild farblos<\/td>\n<td width=\"293\">\u00a0Transparente viskose Fl\u00fcssigkeit<\/td>\n<\/tr>\n<tr>\n<td width=\"370\">Viskosit\u00e4t(40\u2103)<\/td>\n<td width=\"293\">\u00a030000-60000 mPa*s<\/td>\n<\/tr>\n<tr>\n<td width=\"370\">Farbe (fe\/co)<\/td>\n<td width=\"293\">\u00a00<\/td>\n<\/tr>\n<\/tbody>\n<\/table>\n<p>&nbsp;<\/p>\n<h2><strong> UVJ7001 Verpackung<\/strong><\/h2>\n<p>50kg oder 200kg\/Trommel.<\/p>\n<p>&nbsp;<\/p>\n<h2><strong><b> UVJ7001 Lagerung<\/b><\/strong><\/h2>\n<p>Sie werden in einem trockenen, sauberen Lager mit guter Bel\u00fcftung aufbewahrt.<\/p>\n<p>Vermeiden Sie Licht- und Hitzeeinwirkung.<\/p>\n<p>Schutz des Produkts vor Auslaufen, Regen und Sonneneinstrahlung w\u00e4hrend des Transports.<\/p>\n<\/div>\n<p>&nbsp;<\/p>\n<h2><strong><b>Kontaktieren Sie uns jetzt!<\/b><\/strong><\/h2>\n<h4><strong><b>Wenn <\/b><\/strong><strong><b>Sie ben\u00f6tigen Preis oder COA, MSDS oder TDS, bitte <\/b><\/strong><strong><b>F\u00fcllen Sie das untenstehende Formular aus und geben Sie an, dass wir Sie in der Regel innerhalb von 24 Stunden kontaktieren werden. Sie k\u00f6nnen mir auch eine E-Mail schicken <span style=\"color: #0000ff;\"><a style=\"color: #0000ff;\" href=\"mailto:info@longchangchemical.com\">info@longchangchemical.com<\/a><\/span> w\u00e4hrend der Gesch\u00e4ftszeiten ( 8:30 bis 18:00 Uhr UTC+8 Mo.~Sa. ) oder nutzen Sie den Live-Chat auf der Website, um eine schnelle Antwort zu erhalten.<\/b><\/strong><\/h4>","protected":false},"excerpt":{"rendered":"<p>Beschreibung des Produkts: Phototherapie Nagellack Harz-<br \/>\nAliphatisches Polyurethan modifiziertes Acrylat<\/p>\n<p>Viskosit\u00e4t (40\u2103): 30000-60000 mPa*s<\/p>\n<p>Farbe (fe\/co): 0<\/p>\n<p>Verpackung: 50kg oder 200kg\/Fass<\/p>","protected":false},"featured_media":0,"comment_status":"closed","ping_status":"closed","template":"","meta":[],"product_brand":[],"product_cat":[137],"product_tag":[],"class_list":{"0":"post-5247","1":"product","2":"type-product","3":"status-publish","5":"product_cat-uv-oligomer","7":"first","8":"instock","9":"shipping-taxable","10":"product-type-simple"},"yoast_head":"<!-- This site is optimized with the Yoast SEO plugin v25.3.1 - https:\/\/yoast.com\/wordpress\/plugins\/seo\/ -->\n<title>Phototherapy nail polish resin manufacturer - Aliphatic Polyurethane Modified Acrylate supplier - Longchang Chemical<\/title>\n<meta name=\"description\" content=\"UVJ7001 is a resin specially for Phototherapy nail polish , The main resin of light-curing nail polish glue with high hardness and high wear resistance is required, mainly used for the surface layer, Which is the key product of Longchang Chemical. We are the leading uv oligomer manufacturer and supplier in China with the best quanlity and competitive price.\" \/>\n<meta name=\"robots\" content=\"index, follow, max-snippet:-1, max-image-preview:large, max-video-preview:-1\" \/>\n<link rel=\"canonical\" href=\"https:\/\/longchangchemical.com\/de\/product\/uvj7001\/\" \/>\n<meta property=\"og:locale\" content=\"de_DE\" \/>\n<meta property=\"og:type\" content=\"article\" \/>\n<meta property=\"og:title\" content=\"Phototherapy nail polish resin manufacturer - Aliphatic Polyurethane Modified Acrylate supplier - Longchang Chemical\" \/>\n<meta property=\"og:description\" content=\"UVJ7001 is a resin specially for Phototherapy nail polish , The main resin of light-curing nail polish glue with high hardness and high wear resistance is required, mainly used for the surface layer, Which is the key product of Longchang Chemical. We are the leading uv oligomer manufacturer and supplier in China with the best quanlity and competitive price.\" \/>\n<meta property=\"og:url\" content=\"https:\/\/longchangchemical.com\/de\/product\/uvj7001\/\" \/>\n<meta property=\"og:site_name\" content=\"Longchang Chemical\" \/>\n<meta property=\"article:modified_time\" content=\"2025-08-22T09:37:10+00:00\" \/>\n<meta property=\"og:image\" content=\"https:\/\/longchangchemical.com\/wp-content\/uploads\/2024\/02\/logo-jpeg.jpg\" \/>\n\t<meta property=\"og:image:width\" content=\"1000\" \/>\n\t<meta property=\"og:image:height\" content=\"1000\" \/>\n\t<meta property=\"og:image:type\" content=\"image\/jpeg\" \/>\n<meta name=\"twitter:card\" content=\"summary_large_image\" \/>\n<script type=\"application\/ld+json\" class=\"yoast-schema-graph\">{\"@context\":\"https:\/\/schema.org\",\"@graph\":[{\"@type\":\"WebPage\",\"@id\":\"https:\/\/longchangchemical.com\/product\/uvj7001\/\",\"url\":\"https:\/\/longchangchemical.com\/product\/uvj7001\/\",\"name\":\"Phototherapy nail polish resin manufacturer - Aliphatic Polyurethane Modified Acrylate supplier - Longchang Chemical\",\"isPartOf\":{\"@id\":\"https:\/\/longchangchemical.com\/#website\"},\"datePublished\":\"2022-05-18T02:11:49+00:00\",\"dateModified\":\"2025-08-22T09:37:10+00:00\",\"description\":\"UVJ7001 is a resin specially for Phototherapy nail polish , The main resin of light-curing nail polish glue with high hardness and high wear resistance is required, mainly used for the surface layer, Which is the key product of Longchang Chemical. We are the leading uv oligomer manufacturer and supplier in China with the best quanlity and competitive price.\",\"breadcrumb\":{\"@id\":\"https:\/\/longchangchemical.com\/product\/uvj7001\/#breadcrumb\"},\"inLanguage\":\"de\",\"potentialAction\":[{\"@type\":\"ReadAction\",\"target\":[\"https:\/\/longchangchemical.com\/product\/uvj7001\/\"]}]},{\"@type\":\"BreadcrumbList\",\"@id\":\"https:\/\/longchangchemical.com\/product\/uvj7001\/#breadcrumb\",\"itemListElement\":[{\"@type\":\"ListItem\",\"position\":1,\"name\":\"Home\",\"item\":\"https:\/\/longchangchemical.com\/\"},{\"@type\":\"ListItem\",\"position\":2,\"name\":\"Products Longchang\",\"item\":\"https:\/\/longchangchemical.com\/product\/\"},{\"@type\":\"ListItem\",\"position\":3,\"name\":\"CHLUMICRYL\u00ae UVJ7001 \/ Phototherapy nail polish resin \/ Top Coat Raw Material\"}]},{\"@type\":\"WebSite\",\"@id\":\"https:\/\/longchangchemical.com\/#website\",\"url\":\"https:\/\/longchangchemical.com\/\",\"name\":\"Longchang Chemical\",\"description\":\"China chemical manufacturer \uff06 supplier\",\"publisher\":{\"@id\":\"https:\/\/longchangchemical.com\/#organization\"},\"potentialAction\":[{\"@type\":\"SearchAction\",\"target\":{\"@type\":\"EntryPoint\",\"urlTemplate\":\"https:\/\/longchangchemical.com\/?s={search_term_string}\"},\"query-input\":{\"@type\":\"PropertyValueSpecification\",\"valueRequired\":true,\"valueName\":\"search_term_string\"}}],\"inLanguage\":\"de\"},{\"@type\":\"Organization\",\"@id\":\"https:\/\/longchangchemical.com\/#organization\",\"name\":\"Longchang Chemical\",\"url\":\"https:\/\/longchangchemical.com\/\",\"logo\":{\"@type\":\"ImageObject\",\"inLanguage\":\"de\",\"@id\":\"https:\/\/longchangchemical.com\/#\/schema\/logo\/image\/\",\"url\":\"https:\/\/longchangchemical.com\/wp-content\/uploads\/2020\/08\/cropped-longchang-logo.png\",\"contentUrl\":\"https:\/\/longchangchemical.com\/wp-content\/uploads\/2020\/08\/cropped-longchang-logo.png\",\"width\":512,\"height\":512,\"caption\":\"Longchang Chemical\"},\"image\":{\"@id\":\"https:\/\/longchangchemical.com\/#\/schema\/logo\/image\/\"}}]}<\/script>\n<!-- \/ Yoast SEO plugin. -->","yoast_head_json":{"title":"Phototherapie Nagellack Harz Hersteller - Aliphatisches Polyurethan modifiziertes Acrylat Lieferant - Longchang Chemical","description":"UVJ7001 ist ein Harz speziell f\u00fcr die Phototherapie Nagellack, das wichtigste Harz der lichth\u00e4rtenden Nagellack Kleber mit hoher H\u00e4rte und hohe Verschlei\u00dffestigkeit erforderlich ist, vor allem f\u00fcr die Oberfl\u00e4chenschicht verwendet, die das Schl\u00fcsselprodukt von Longchang Chemical ist. Wir sind der f\u00fchrende Hersteller und Lieferant von UV-Oligomeren in China mit der besten Qualit\u00e4t und wettbewerbsf\u00e4higen Preisen.","robots":{"index":"index","follow":"follow","max-snippet":"max-snippet:-1","max-image-preview":"max-image-preview:large","max-video-preview":"max-video-preview:-1"},"canonical":"https:\/\/longchangchemical.com\/de\/product\/uvj7001\/","og_locale":"de_DE","og_type":"article","og_title":"Phototherapy nail polish resin manufacturer - Aliphatic Polyurethane Modified Acrylate supplier - Longchang Chemical","og_description":"UVJ7001 is a resin specially for Phototherapy nail polish , The main resin of light-curing nail polish glue with high hardness and high wear resistance is required, mainly used for the surface layer, Which is the key product of Longchang Chemical. We are the leading uv oligomer manufacturer and supplier in China with the best quanlity and competitive price.","og_url":"https:\/\/longchangchemical.com\/de\/product\/uvj7001\/","og_site_name":"Longchang Chemical","article_modified_time":"2025-08-22T09:37:10+00:00","og_image":[{"width":1000,"height":1000,"url":"https:\/\/longchangchemical.com\/wp-content\/uploads\/2024\/02\/logo-jpeg.jpg","type":"image\/jpeg"}],"twitter_card":"summary_large_image","schema":{"@context":"https:\/\/schema.org","@graph":[{"@type":"WebPage","@id":"https:\/\/longchangchemical.com\/product\/uvj7001\/","url":"https:\/\/longchangchemical.com\/product\/uvj7001\/","name":"Phototherapie Nagellack Harz Hersteller - Aliphatisches Polyurethan modifiziertes Acrylat Lieferant - Longchang Chemical","isPartOf":{"@id":"https:\/\/longchangchemical.com\/#website"},"datePublished":"2022-05-18T02:11:49+00:00","dateModified":"2025-08-22T09:37:10+00:00","description":"UVJ7001 ist ein Harz speziell f\u00fcr die Phototherapie Nagellack, das wichtigste Harz der lichth\u00e4rtenden Nagellack Kleber mit hoher H\u00e4rte und hohe Verschlei\u00dffestigkeit erforderlich ist, vor allem f\u00fcr die Oberfl\u00e4chenschicht verwendet, die das Schl\u00fcsselprodukt von Longchang Chemical ist. Wir sind der f\u00fchrende Hersteller und Lieferant von UV-Oligomeren in China mit der besten Qualit\u00e4t und wettbewerbsf\u00e4higen Preisen.","breadcrumb":{"@id":"https:\/\/longchangchemical.com\/product\/uvj7001\/#breadcrumb"},"inLanguage":"de","potentialAction":[{"@type":"ReadAction","target":["https:\/\/longchangchemical.com\/product\/uvj7001\/"]}]},{"@type":"BreadcrumbList","@id":"https:\/\/longchangchemical.com\/product\/uvj7001\/#breadcrumb","itemListElement":[{"@type":"ListItem","position":1,"name":"Home","item":"https:\/\/longchangchemical.com\/"},{"@type":"ListItem","position":2,"name":"Products Longchang","item":"https:\/\/longchangchemical.com\/product\/"},{"@type":"ListItem","position":3,"name":"CHLUMICRYL\u00ae UVJ7001 \/ Phototherapy nail polish resin \/ Top Coat Raw Material"}]},{"@type":"WebSite","@id":"https:\/\/longchangchemical.com\/#website","url":"https:\/\/longchangchemical.com\/","name":"Longchang Chemical","description":"China Hersteller von Chemikalien \uff06 Lieferant","publisher":{"@id":"https:\/\/longchangchemical.com\/#organization"},"potentialAction":[{"@type":"SearchAction","target":{"@type":"EntryPoint","urlTemplate":"https:\/\/longchangchemical.com\/?s={search_term_string}"},"query-input":{"@type":"PropertyValueSpecification","valueRequired":true,"valueName":"search_term_string"}}],"inLanguage":"de"},{"@type":"Organization","@id":"https:\/\/longchangchemical.com\/#organization","name":"Longchang Chemical","url":"https:\/\/longchangchemical.com\/","logo":{"@type":"ImageObject","inLanguage":"de","@id":"https:\/\/longchangchemical.com\/#\/schema\/logo\/image\/","url":"https:\/\/longchangchemical.com\/wp-content\/uploads\/2020\/08\/cropped-longchang-logo.png","contentUrl":"https:\/\/longchangchemical.com\/wp-content\/uploads\/2020\/08\/cropped-longchang-logo.png","width":512,"height":512,"caption":"Longchang Chemical"},"image":{"@id":"https:\/\/longchangchemical.com\/#\/schema\/logo\/image\/"}}]}},"_links":{"self":[{"href":"https:\/\/longchangchemical.com\/de\/wp-json\/wp\/v2\/product\/5247","targetHints":{"allow":["GET"]}}],"collection":[{"href":"https:\/\/longchangchemical.com\/de\/wp-json\/wp\/v2\/product"}],"about":[{"href":"https:\/\/longchangchemical.com\/de\/wp-json\/wp\/v2\/types\/product"}],"replies":[{"embeddable":true,"href":"https:\/\/longchangchemical.com\/de\/wp-json\/wp\/v2\/comments?post=5247"}],"wp:attachment":[{"href":"https:\/\/longchangchemical.com\/de\/wp-json\/wp\/v2\/media?parent=5247"}],"wp:term":[{"taxonomy":"product_brand","embeddable":true,"href":"https:\/\/longchangchemical.com\/de\/wp-json\/wp\/v2\/product_brand?post=5247"},{"taxonomy":"product_cat","embeddable":true,"href":"https:\/\/longchangchemical.com\/de\/wp-json\/wp\/v2\/product_cat?post=5247"},{"taxonomy":"product_tag","embeddable":true,"href":"https:\/\/longchangchemical.com\/de\/wp-json\/wp\/v2\/product_tag?post=5247"}],"curies":[{"name":"wp","href":"https:\/\/api.w.org\/{rel}","templated":true}]}}