{"id":5110,"date":"2022-03-08T06:01:53","date_gmt":"2022-03-08T06:01:53","guid":{"rendered":"https:\/\/longchangchemical.com\/?post_type=product&#038;p=5110"},"modified":"2025-12-22T07:09:05","modified_gmt":"2025-12-22T07:09:05","slug":"santicor-tta-s-tolytriazole-sodium-salt-64665-57-2","status":"publish","type":"product","link":"https:\/\/longchangchemical.com\/de\/product\/santicor-tta-s-tolytriazole-sodium-salt-64665-57-2\/","title":{"rendered":"Santicor\u00ae TTA-S | Tolytriazol-Natriumsalz CAS 64665-57-2"},"content":{"rendered":"<h1><strong>Santicor\u00ae TTA-S | Tolytriazol-Natriumsalz CAS 64665-57-2<\/strong><\/h1>\n<p>&nbsp;<\/p>\n<table style=\"border-collapse: collapse; width: 237.78pt;\" border=\"0\" width=\"317\" cellspacing=\"0\" cellpadding=\"0\">\n<tbody>\n<tr style=\"height: 33.00pt;\">\n<td class=\"et2\" style=\"height: 33.00pt; width: 111.00pt;\" width=\"148\" height=\"44\">Projekt<\/td>\n<td class=\"et2\" style=\"width: 126.75pt;\" width=\"169\">Standard<\/td>\n<\/tr>\n<tr style=\"height: 33.00pt;\">\n<td class=\"et2\" style=\"height: 33.00pt; width: 111.00pt;\" width=\"148\" height=\"44\">Erscheinungsbild<\/td>\n<td class=\"et2\" style=\"width: 126.75pt;\" width=\"169\">Gelbe bis rotbraune klare transparente Fl\u00fcssigkeit<\/td>\n<\/tr>\n<tr style=\"height: 33.00pt;\">\n<td class=\"et2\" style=\"height: 33.00pt; width: 111.00pt;\" width=\"148\" height=\"44\">Inhalt%<\/td>\n<td class=\"et2\" style=\"width: 126.75pt;\" width=\"169\">49.5-51.0<\/td>\n<\/tr>\n<tr style=\"height: 33.00pt;\">\n<td class=\"et2\" style=\"height: 33.00pt; width: 111.00pt;\" width=\"148\" height=\"44\">Freie Basis %<\/td>\n<td class=\"et2\" style=\"width: 126.75pt;\" width=\"169\">0,5MAX<\/td>\n<\/tr>\n<tr style=\"height: 33.00pt;\">\n<td class=\"et2\" style=\"height: 33.00pt; width: 111.00pt;\" width=\"148\" height=\"44\">PH-Wert (10% w\u00e4ssrige L\u00f6sung, 20<span class=\"font2\">\u2103<\/span><span class=\"font0\">)<\/span><\/td>\n<td class=\"et2\" style=\"width: 126.75pt;\" width=\"169\">11.5-12.0<\/td>\n<\/tr>\n<tr style=\"height: 33.00pt;\">\n<td class=\"et2\" style=\"height: 33.00pt; width: 111.00pt;\" width=\"148\" height=\"44\">Dichte(20\u00b0C)g\/cm3<\/td>\n<td class=\"et2\" style=\"width: 126.75pt;\" width=\"169\">1.186-1.210<\/td>\n<\/tr>\n<tr style=\"height: 45.00pt;\">\n<td class=\"et2\" style=\"height: 45.00pt; width: 111.00pt;\" width=\"148\" height=\"60\">Alkoholl\u00f6slichkeit<\/td>\n<td class=\"et2\" style=\"width: 126.75pt;\" width=\"169\">Klar und transparent ohne sichtbare mechanische Verunreinigungen<\/td>\n<\/tr>\n<\/tbody>\n<\/table>\n<h2><\/h2>\n<h2><strong>Tolytriazol-Natriumsalz Verwendung<\/strong><\/h2>\n<p>1. Dieses Produkt ist ein Rost- und Korrosionsschutzmittel f\u00fcr Kupfer und Kupferlegierungen. Es kann auch zum Schutz von rostfreiem Stahl, Gusseisen, Kadmium und Nickellegierungen verwendet werden.<\/p>\n<p>2. Dieses Produkt kann auch als Schmier\u00f6lzusatz, Metalldeaktivator, Extremdruckmittel, Bakterien- und Oxidationsinhibitor und als Antioxidationsmittel in Verbrennungsmotoren\u00f6l verwendet werden.<\/p>\n<p>Dieses Produkt kann Benzotriazol, Methyl, Natriumsalz; Natrium-4(oder 5)-methyl-1H-benzo-triazolid; Natrium-4-methyl-1H-benzotriazolid; Natrium-4(oder 5)-methyl-1H-benzotriazolid; Natrium-Tolyltriazol; Natrium-Tolyltriazol ersetzen.<\/p>\n<h2><strong>Tolytriazol-Natriumsalz-Verpackung<\/strong><\/h2>\n<p>25, 230kg Plastikfass oder 1200kg IBC.<\/p>\n<p>&nbsp;<\/p>\n<h2><strong>Produkte der gleichen Serie<\/strong><\/h2>\n<table style=\"border-collapse: collapse; width: 362.27pt;\" border=\"0\" width=\"483\" cellspacing=\"0\" cellpadding=\"0\">\n<tbody>\n<tr style=\"height: 13.50pt;\">\n<td style=\"height: 13.50pt; width: 111.00pt;\" width=\"148\" height=\"18\"><a href=\"https:\/\/longchangchemical.com\/de\/product\/tta-tolytriazole-cas-29385-43-1\/\"><span style=\"color: #00ccff;\">Santicor\u00ae TTA<\/span><\/a><\/td>\n<td style=\"width: 168.75pt;\" width=\"225\"><span style=\"color: #000000;\">Tolyltriazol<\/span><\/td>\n<td style=\"width: 82.50pt;\" width=\"110\"><span style=\"color: #000000;\">29385-43-1<\/span><\/td>\n<\/tr>\n<tr style=\"height: 13.50pt;\">\n<td style=\"height: 13.50pt;\" height=\"18\">Santicor\u00ae TTA-S<\/td>\n<td>Tolytriazol-Natriumsalz<\/td>\n<td>64665-57-2<\/td>\n<\/tr>\n<tr style=\"height: 13.50pt;\">\n<td style=\"height: 13.50pt;\" height=\"18\">Santicor\u00ae TTA-2<\/td>\n<td>5-Methyl-1H-benzotriazol<\/td>\n<td>136-85-6<\/td>\n<\/tr>\n<tr style=\"height: 13.50pt;\">\n<td style=\"height: 13.50pt;\" height=\"18\">Santicor\u00ae BTA<\/td>\n<td>1H-Benzotriazol<\/td>\n<td>95-14-7<\/td>\n<\/tr>\n<tr style=\"height: 13.50pt;\">\n<td style=\"height: 13.50pt;\" height=\"18\">Santicor\u00ae BTA-Na<\/td>\n<td>BENZOTRIAZOL, NATRIUMSALZ<\/td>\n<td>15217-42-2<\/td>\n<\/tr>\n<\/tbody>\n<\/table>\n<p>&nbsp;<\/p>\n<h2><strong><b>Kontaktieren Sie uns jetzt!<\/b><\/strong><\/h2>\n<h4><strong><b>Wenn Sie COA, MSDS oder TDS ben\u00f6tigen, geben Sie bitte Ihre Kontaktinformationen in das untenstehende Formular ein. Wir werden uns in der Regel innerhalb von 24 Stunden mit Ihnen in Verbindung setzen. Sie k\u00f6nnen mir auch eine E-Mail schicken <span style=\"color: #0000ff;\"><a style=\"color: #0000ff;\" href=\"mailto:info@longchangchemical.com\">info@longchangchemical.com<\/a><\/span> w\u00e4hrend der Gesch\u00e4ftszeiten ( 8:30 bis 18:00 Uhr UTC+8 Mo.~Fr. ) oder nutzen Sie den Live-Chat auf der Website, um eine schnelle Antwort zu erhalten.<\/b><\/strong><\/h4>","protected":false},"excerpt":{"rendered":"<p>Produkt: Tolutriazol-Natriumsalz<\/p>\n<p>Andere Namen: Benzotriazol, Methyl, Natriumsalz; Natrium-4(oder 5)-methyl-1H-benzo-triazolid; Natrium-4-methyl-1H-benzotriazolid; Natrium-4(oder 5)-methyl-1H-benzotriazolid; Natrium-Tolyltriazol; Natrium-Tolyltriazol.<\/p>\n<p>CAS: 64665-57-2<\/p>\n<p>Chemische Formel: C7H6N3Na<\/p>\n<p>Molekulargewicht: 155,13<\/p>\n<p>\u00c4u\u00dferes Erscheinungsbild: Gelbe bis r\u00f6tlichbraune, klare, transparente Fl\u00fcssigkeit<\/p>","protected":false},"featured_media":5112,"comment_status":"open","ping_status":"closed","template":"","meta":[],"product_brand":[],"product_cat":[135],"product_tag":[],"class_list":{"0":"post-5110","1":"product","2":"type-product","3":"status-publish","4":"has-post-thumbnail","6":"product_cat-santicor-corrosion-inhibitor","8":"first","9":"instock","10":"shipping-taxable","11":"product-type-simple"},"yoast_head":"<!-- This site is optimized with the Yoast SEO plugin v25.3.1 - https:\/\/yoast.com\/wordpress\/plugins\/seo\/ -->\n<title>China Tolytriazole sodium salt manufacturer \uff06 CAS 64665-57-2 supplier - Longchang Chemical<\/title>\n<meta name=\"description\" content=\"Longchang Chemical is China Tolytriazole sodium salt manufacturer \uff06 CAS 64665-57-2 supplier. This product can replace Benzotriazole, methyl, sodium salt; Natrium-4(oder 5)-methyl-1H-benzo-triazolid; Sodium 4 methyl -1H benzotriazolide; Sodium 4(or 5)-methyl-1H-benzotriazolide; Sodium Tolyltriazole; Sodium Tolytriazole.\" \/>\n<meta name=\"robots\" content=\"index, follow, max-snippet:-1, max-image-preview:large, max-video-preview:-1\" \/>\n<link rel=\"canonical\" href=\"https:\/\/longchangchemical.com\/de\/product\/santicor-tta-s-tolytriazole-sodium-salt-64665-57-2\/\" \/>\n<meta property=\"og:locale\" content=\"de_DE\" \/>\n<meta property=\"og:type\" content=\"article\" \/>\n<meta property=\"og:title\" content=\"China Tolytriazole sodium salt manufacturer \uff06 CAS 64665-57-2 supplier - Longchang Chemical\" \/>\n<meta property=\"og:description\" content=\"Longchang Chemical is China Tolytriazole sodium salt manufacturer \uff06 CAS 64665-57-2 supplier. This product can replace Benzotriazole, methyl, sodium salt; Natrium-4(oder 5)-methyl-1H-benzo-triazolid; Sodium 4 methyl -1H benzotriazolide; Sodium 4(or 5)-methyl-1H-benzotriazolide; Sodium Tolyltriazole; Sodium Tolytriazole.\" \/>\n<meta property=\"og:url\" content=\"https:\/\/longchangchemical.com\/de\/product\/santicor-tta-s-tolytriazole-sodium-salt-64665-57-2\/\" \/>\n<meta property=\"og:site_name\" content=\"Longchang Chemical\" \/>\n<meta property=\"article:modified_time\" content=\"2025-12-22T07:09:05+00:00\" \/>\n<meta property=\"og:image\" content=\"https:\/\/longchangchemical.com\/wp-content\/uploads\/2022\/03\/Santicor\u00ae-TTA-S-Tolytriazole-sodium-salt-CAS-64665-57-2.jpg\" \/>\n\t<meta property=\"og:image:width\" content=\"600\" \/>\n\t<meta property=\"og:image:height\" content=\"800\" \/>\n\t<meta property=\"og:image:type\" content=\"image\/jpeg\" \/>\n<meta name=\"twitter:card\" content=\"summary_large_image\" \/>\n<script type=\"application\/ld+json\" class=\"yoast-schema-graph\">{\"@context\":\"https:\/\/schema.org\",\"@graph\":[{\"@type\":\"WebPage\",\"@id\":\"https:\/\/longchangchemical.com\/product\/santicor-tta-s-tolytriazole-sodium-salt-64665-57-2\/\",\"url\":\"https:\/\/longchangchemical.com\/product\/santicor-tta-s-tolytriazole-sodium-salt-64665-57-2\/\",\"name\":\"China Tolytriazole sodium salt manufacturer \uff06 CAS 64665-57-2 supplier - Longchang Chemical\",\"isPartOf\":{\"@id\":\"https:\/\/longchangchemical.com\/#website\"},\"primaryImageOfPage\":{\"@id\":\"https:\/\/longchangchemical.com\/product\/santicor-tta-s-tolytriazole-sodium-salt-64665-57-2\/#primaryimage\"},\"image\":{\"@id\":\"https:\/\/longchangchemical.com\/product\/santicor-tta-s-tolytriazole-sodium-salt-64665-57-2\/#primaryimage\"},\"thumbnailUrl\":\"https:\/\/longchangchemical.com\/wp-content\/uploads\/2022\/03\/Santicor\u00ae-TTA-S-Tolytriazole-sodium-salt-CAS-64665-57-2.jpg\",\"datePublished\":\"2022-03-08T06:01:53+00:00\",\"dateModified\":\"2025-12-22T07:09:05+00:00\",\"description\":\"Longchang Chemical is China Tolytriazole sodium salt manufacturer \uff06 CAS 64665-57-2 supplier. This product can replace Benzotriazole, methyl, sodium salt; Natrium-4(oder 5)-methyl-1H-benzo-triazolid; Sodium 4 methyl -1H benzotriazolide; Sodium 4(or 5)-methyl-1H-benzotriazolide; Sodium Tolyltriazole; Sodium Tolytriazole.\",\"breadcrumb\":{\"@id\":\"https:\/\/longchangchemical.com\/product\/santicor-tta-s-tolytriazole-sodium-salt-64665-57-2\/#breadcrumb\"},\"inLanguage\":\"de\",\"potentialAction\":[{\"@type\":\"ReadAction\",\"target\":[\"https:\/\/longchangchemical.com\/product\/santicor-tta-s-tolytriazole-sodium-salt-64665-57-2\/\"]}]},{\"@type\":\"ImageObject\",\"inLanguage\":\"de\",\"@id\":\"https:\/\/longchangchemical.com\/product\/santicor-tta-s-tolytriazole-sodium-salt-64665-57-2\/#primaryimage\",\"url\":\"https:\/\/longchangchemical.com\/wp-content\/uploads\/2022\/03\/Santicor\u00ae-TTA-S-Tolytriazole-sodium-salt-CAS-64665-57-2.jpg\",\"contentUrl\":\"https:\/\/longchangchemical.com\/wp-content\/uploads\/2022\/03\/Santicor\u00ae-TTA-S-Tolytriazole-sodium-salt-CAS-64665-57-2.jpg\",\"width\":600,\"height\":800},{\"@type\":\"BreadcrumbList\",\"@id\":\"https:\/\/longchangchemical.com\/product\/santicor-tta-s-tolytriazole-sodium-salt-64665-57-2\/#breadcrumb\",\"itemListElement\":[{\"@type\":\"ListItem\",\"position\":1,\"name\":\"Home\",\"item\":\"https:\/\/longchangchemical.com\/\"},{\"@type\":\"ListItem\",\"position\":2,\"name\":\"Products Longchang\",\"item\":\"https:\/\/longchangchemical.com\/product\/\"},{\"@type\":\"ListItem\",\"position\":3,\"name\":\"Santicor\u00ae TTA-S | Tolytriazole sodium salt CAS 64665-57-2\"}]},{\"@type\":\"WebSite\",\"@id\":\"https:\/\/longchangchemical.com\/#website\",\"url\":\"https:\/\/longchangchemical.com\/\",\"name\":\"Longchang Chemical\",\"description\":\"China chemical manufacturer \uff06 supplier\",\"publisher\":{\"@id\":\"https:\/\/longchangchemical.com\/#organization\"},\"potentialAction\":[{\"@type\":\"SearchAction\",\"target\":{\"@type\":\"EntryPoint\",\"urlTemplate\":\"https:\/\/longchangchemical.com\/?s={search_term_string}\"},\"query-input\":{\"@type\":\"PropertyValueSpecification\",\"valueRequired\":true,\"valueName\":\"search_term_string\"}}],\"inLanguage\":\"de\"},{\"@type\":\"Organization\",\"@id\":\"https:\/\/longchangchemical.com\/#organization\",\"name\":\"Longchang Chemical\",\"url\":\"https:\/\/longchangchemical.com\/\",\"logo\":{\"@type\":\"ImageObject\",\"inLanguage\":\"de\",\"@id\":\"https:\/\/longchangchemical.com\/#\/schema\/logo\/image\/\",\"url\":\"https:\/\/longchangchemical.com\/wp-content\/uploads\/2020\/08\/cropped-longchang-logo.png\",\"contentUrl\":\"https:\/\/longchangchemical.com\/wp-content\/uploads\/2020\/08\/cropped-longchang-logo.png\",\"width\":512,\"height\":512,\"caption\":\"Longchang Chemical\"},\"image\":{\"@id\":\"https:\/\/longchangchemical.com\/#\/schema\/logo\/image\/\"}}]}<\/script>\n<!-- \/ Yoast SEO plugin. -->","yoast_head_json":{"title":"China Tolytriazol-Natriumsalz Hersteller \uff06 CAS 64665-57-2 Lieferant - Longchang Chemical","description":"Longchang Chemical ist China Tolytriazol Natriumsalz Hersteller \uff06 CAS 64665-57-2 Lieferant. Dieses Produkt kann Benzotriazol, Methyl, Natriumsalz; Natrium-4(oder 5)-methyl-1H-benzo-triazolid; Natrium-4-methyl-1H-benzotriazolid; Natrium-4(oder 5)-methyl-1H-benzotriazolid; Natrium-Tolyltriazol; Natrium-Tolytriazol ersetzen.","robots":{"index":"index","follow":"follow","max-snippet":"max-snippet:-1","max-image-preview":"max-image-preview:large","max-video-preview":"max-video-preview:-1"},"canonical":"https:\/\/longchangchemical.com\/de\/product\/santicor-tta-s-tolytriazole-sodium-salt-64665-57-2\/","og_locale":"de_DE","og_type":"article","og_title":"China Tolytriazole sodium salt manufacturer \uff06 CAS 64665-57-2 supplier - Longchang Chemical","og_description":"Longchang Chemical is China Tolytriazole sodium salt manufacturer \uff06 CAS 64665-57-2 supplier. This product can replace Benzotriazole, methyl, sodium salt; Natrium-4(oder 5)-methyl-1H-benzo-triazolid; Sodium 4 methyl -1H benzotriazolide; Sodium 4(or 5)-methyl-1H-benzotriazolide; Sodium Tolyltriazole; Sodium Tolytriazole.","og_url":"https:\/\/longchangchemical.com\/de\/product\/santicor-tta-s-tolytriazole-sodium-salt-64665-57-2\/","og_site_name":"Longchang Chemical","article_modified_time":"2025-12-22T07:09:05+00:00","og_image":[{"width":600,"height":800,"url":"https:\/\/longchangchemical.com\/wp-content\/uploads\/2022\/03\/Santicor\u00ae-TTA-S-Tolytriazole-sodium-salt-CAS-64665-57-2.jpg","type":"image\/jpeg"}],"twitter_card":"summary_large_image","schema":{"@context":"https:\/\/schema.org","@graph":[{"@type":"WebPage","@id":"https:\/\/longchangchemical.com\/product\/santicor-tta-s-tolytriazole-sodium-salt-64665-57-2\/","url":"https:\/\/longchangchemical.com\/product\/santicor-tta-s-tolytriazole-sodium-salt-64665-57-2\/","name":"China Tolytriazol-Natriumsalz Hersteller \uff06 CAS 64665-57-2 Lieferant - Longchang Chemical","isPartOf":{"@id":"https:\/\/longchangchemical.com\/#website"},"primaryImageOfPage":{"@id":"https:\/\/longchangchemical.com\/product\/santicor-tta-s-tolytriazole-sodium-salt-64665-57-2\/#primaryimage"},"image":{"@id":"https:\/\/longchangchemical.com\/product\/santicor-tta-s-tolytriazole-sodium-salt-64665-57-2\/#primaryimage"},"thumbnailUrl":"https:\/\/longchangchemical.com\/wp-content\/uploads\/2022\/03\/Santicor\u00ae-TTA-S-Tolytriazole-sodium-salt-CAS-64665-57-2.jpg","datePublished":"2022-03-08T06:01:53+00:00","dateModified":"2025-12-22T07:09:05+00:00","description":"Longchang Chemical ist China Tolytriazol Natriumsalz Hersteller \uff06 CAS 64665-57-2 Lieferant. Dieses Produkt kann Benzotriazol, Methyl, Natriumsalz; Natrium-4(oder 5)-methyl-1H-benzo-triazolid; Natrium-4-methyl-1H-benzotriazolid; Natrium-4(oder 5)-methyl-1H-benzotriazolid; Natrium-Tolyltriazol; Natrium-Tolytriazol ersetzen.","breadcrumb":{"@id":"https:\/\/longchangchemical.com\/product\/santicor-tta-s-tolytriazole-sodium-salt-64665-57-2\/#breadcrumb"},"inLanguage":"de","potentialAction":[{"@type":"ReadAction","target":["https:\/\/longchangchemical.com\/product\/santicor-tta-s-tolytriazole-sodium-salt-64665-57-2\/"]}]},{"@type":"ImageObject","inLanguage":"de","@id":"https:\/\/longchangchemical.com\/product\/santicor-tta-s-tolytriazole-sodium-salt-64665-57-2\/#primaryimage","url":"https:\/\/longchangchemical.com\/wp-content\/uploads\/2022\/03\/Santicor\u00ae-TTA-S-Tolytriazole-sodium-salt-CAS-64665-57-2.jpg","contentUrl":"https:\/\/longchangchemical.com\/wp-content\/uploads\/2022\/03\/Santicor\u00ae-TTA-S-Tolytriazole-sodium-salt-CAS-64665-57-2.jpg","width":600,"height":800},{"@type":"BreadcrumbList","@id":"https:\/\/longchangchemical.com\/product\/santicor-tta-s-tolytriazole-sodium-salt-64665-57-2\/#breadcrumb","itemListElement":[{"@type":"ListItem","position":1,"name":"Home","item":"https:\/\/longchangchemical.com\/"},{"@type":"ListItem","position":2,"name":"Products Longchang","item":"https:\/\/longchangchemical.com\/product\/"},{"@type":"ListItem","position":3,"name":"Santicor\u00ae TTA-S | Tolytriazole sodium salt CAS 64665-57-2"}]},{"@type":"WebSite","@id":"https:\/\/longchangchemical.com\/#website","url":"https:\/\/longchangchemical.com\/","name":"Longchang Chemical","description":"China Hersteller von Chemikalien \uff06 Lieferant","publisher":{"@id":"https:\/\/longchangchemical.com\/#organization"},"potentialAction":[{"@type":"SearchAction","target":{"@type":"EntryPoint","urlTemplate":"https:\/\/longchangchemical.com\/?s={search_term_string}"},"query-input":{"@type":"PropertyValueSpecification","valueRequired":true,"valueName":"search_term_string"}}],"inLanguage":"de"},{"@type":"Organization","@id":"https:\/\/longchangchemical.com\/#organization","name":"Longchang Chemical","url":"https:\/\/longchangchemical.com\/","logo":{"@type":"ImageObject","inLanguage":"de","@id":"https:\/\/longchangchemical.com\/#\/schema\/logo\/image\/","url":"https:\/\/longchangchemical.com\/wp-content\/uploads\/2020\/08\/cropped-longchang-logo.png","contentUrl":"https:\/\/longchangchemical.com\/wp-content\/uploads\/2020\/08\/cropped-longchang-logo.png","width":512,"height":512,"caption":"Longchang Chemical"},"image":{"@id":"https:\/\/longchangchemical.com\/#\/schema\/logo\/image\/"}}]}},"_links":{"self":[{"href":"https:\/\/longchangchemical.com\/de\/wp-json\/wp\/v2\/product\/5110","targetHints":{"allow":["GET"]}}],"collection":[{"href":"https:\/\/longchangchemical.com\/de\/wp-json\/wp\/v2\/product"}],"about":[{"href":"https:\/\/longchangchemical.com\/de\/wp-json\/wp\/v2\/types\/product"}],"replies":[{"embeddable":true,"href":"https:\/\/longchangchemical.com\/de\/wp-json\/wp\/v2\/comments?post=5110"}],"wp:featuredmedia":[{"embeddable":true,"href":"https:\/\/longchangchemical.com\/de\/wp-json\/wp\/v2\/media\/5112"}],"wp:attachment":[{"href":"https:\/\/longchangchemical.com\/de\/wp-json\/wp\/v2\/media?parent=5110"}],"wp:term":[{"taxonomy":"product_brand","embeddable":true,"href":"https:\/\/longchangchemical.com\/de\/wp-json\/wp\/v2\/product_brand?post=5110"},{"taxonomy":"product_cat","embeddable":true,"href":"https:\/\/longchangchemical.com\/de\/wp-json\/wp\/v2\/product_cat?post=5110"},{"taxonomy":"product_tag","embeddable":true,"href":"https:\/\/longchangchemical.com\/de\/wp-json\/wp\/v2\/product_tag?post=5110"}],"curies":[{"name":"wp","href":"https:\/\/api.w.org\/{rel}","templated":true}]}}