{"id":5105,"date":"2022-03-07T08:36:54","date_gmt":"2022-03-07T08:36:54","guid":{"rendered":"https:\/\/longchangchemical.com\/?post_type=product&#038;p=5105"},"modified":"2025-12-22T07:12:35","modified_gmt":"2025-12-22T07:12:35","slug":"tta-tolytriazole-cas-29385-43-1","status":"publish","type":"product","link":"https:\/\/longchangchemical.com\/de\/product\/tta-tolytriazole-cas-29385-43-1\/","title":{"rendered":"Santicor\u00aeTTA | Tolytriazol CAS 29385-43-1"},"content":{"rendered":"<h1>Santicor\u00aeTTA Tolytriazol CAS 29385-43-1<\/h1>\n<table style=\"border-collapse: collapse; width: 200.28pt;\" border=\"0\" width=\"267\" cellspacing=\"0\" cellpadding=\"0\">\n<tbody>\n<tr style=\"height: 39.00pt;\">\n<td class=\"et2\" style=\"height: 39.00pt; width: 89.25pt;\" width=\"119\" height=\"52\">Projekt<\/td>\n<td class=\"et3\" style=\"width: 111.00pt;\" width=\"148\">Standard<\/td>\n<\/tr>\n<tr style=\"height: 39.00pt;\">\n<td class=\"et2\" style=\"height: 39.00pt;\" height=\"52\">Erscheinungsbild<\/td>\n<td class=\"et3\" style=\"width: 111.00pt;\" width=\"148\">Hellgelbes bis wei\u00dfes Granulat oder Pulver<\/td>\n<\/tr>\n<tr style=\"height: 39.00pt;\">\n<td class=\"et2\" style=\"height: 39.00pt;\" height=\"52\">Reinheit(%)<\/td>\n<td class=\"et3\" style=\"width: 111.00pt;\" width=\"148\">99,5 MIN<\/td>\n<\/tr>\n<tr style=\"height: 39.00pt;\">\n<td class=\"et2\" style=\"height: 39.00pt;\" height=\"52\">Schmelzpunkt (\u00b0C)<\/td>\n<td class=\"et3\" style=\"width: 111.00pt;\" width=\"148\">80-86<\/td>\n<\/tr>\n<tr style=\"height: 39.00pt;\">\n<td class=\"et2\" style=\"height: 39.00pt;\" height=\"52\">Feuchte (%)<\/td>\n<td class=\"et3\" style=\"width: 111.00pt;\" width=\"148\">0,2MAX<\/td>\n<\/tr>\n<tr style=\"height: 39.00pt;\">\n<td class=\"et2\" style=\"height: 39.00pt;\" height=\"52\">Esche (%)<\/td>\n<td class=\"et3\" style=\"width: 111.00pt;\" width=\"148\">0,05MAX<\/td>\n<\/tr>\n<tr style=\"height: 39.00pt;\">\n<td class=\"et2\" style=\"height: 39.00pt;\" height=\"52\">PH<\/td>\n<td class=\"et3\" style=\"width: 111.00pt;\" width=\"148\">5.5-6.5<\/td>\n<\/tr>\n<tr style=\"height: 39.00pt;\">\n<td class=\"et2\" style=\"height: 39.00pt;\" height=\"52\">Alkoholl\u00f6slichkeit<\/td>\n<td class=\"et3\" style=\"width: 111.00pt;\" width=\"148\">Klar und transparent ohne sichtbare mechanische Verunreinigungen<\/td>\n<\/tr>\n<\/tbody>\n<\/table>\n<h2><\/h2>\n<h2><strong>Verwendung von Tolytriazol<\/strong><\/h2>\n<p>1. Dieses Produkt wird haupts\u00e4chlich als Rostschutzmittel und Korrosionsschutzmittel f\u00fcr Metalle (wie Silber, Kupfer, Blei, Nickel, Zink usw.) Korrosionsschutzmittel, Schmiermittelzusatz, Frostschutzmittel f\u00fcr Autos verwendet.<\/p>\n<p>2. Dieses Produkt kann auch als Mittel zur Behandlung von Umlaufwasser in Verbindung mit einer Reihe von Kesselsteininhibitoren, Bakteriziden und Algiziden verwendet werden, insbesondere f\u00fcr geschlossene K\u00fchlwasserumlaufsysteme.<\/p>\n<p>Dieses Produkt kann ersetzt werden durch Methyl-1H-Benzotriazol; 1-Methyl-1H-1,2,3-benzotriazol; 1-Methyl-1H-benzotriazol; 1-Methylbenzotriazol; 4-Methyl-1H-1,2,3-benzotriazol; 4-Methyl-1H-benzotriazol; 4-Methyl-2H-benzotriazol; 5-Methyl-1,2,3-benzotriazol; METHYL-1H-BENZOTYRIAZOL.<\/p>\n<h2><strong>Tolytriazol-Verpackung<\/strong><\/h2>\n<p>25kg Kraftpapiersack oder nach Wunsch des Kunden.<\/p>\n<p>&nbsp;<\/p>\n<h2><strong>Produkte der gleichen Serie<\/strong><\/h2>\n<table style=\"border-collapse: collapse; width: 362.27pt;\" border=\"0\" width=\"483\" cellspacing=\"0\" cellpadding=\"0\">\n<tbody>\n<tr style=\"height: 13.50pt;\">\n<td style=\"height: 13.50pt; width: 111.00pt;\" width=\"148\" height=\"18\">Santicor\u00ae TTA<\/td>\n<td style=\"width: 168.75pt;\" width=\"225\">Tolyltriazol<\/td>\n<td style=\"width: 82.50pt;\" width=\"110\">29385-43-1<\/td>\n<\/tr>\n<tr style=\"height: 13.50pt;\">\n<td style=\"height: 13.50pt;\" height=\"18\"><a href=\"https:\/\/longchangchemical.com\/de\/product\/santicor-tta-s-tolytriazole-sodium-salt-64665-57-2\/\"><span style=\"color: #00ccff;\">Santicor\u00ae TTA-S<\/span><\/a><\/td>\n<td><span style=\"color: #000000;\">Tolytriazol-Natriumsalz<\/span><\/td>\n<td><span style=\"color: #000000;\">64665-57-2<\/span><\/td>\n<\/tr>\n<tr style=\"height: 13.50pt;\">\n<td style=\"height: 13.50pt;\" height=\"18\">Santicor\u00ae TTA-2<\/td>\n<td>5-Methyl-1H-benzotriazol<\/td>\n<td>136-85-6<\/td>\n<\/tr>\n<tr style=\"height: 13.50pt;\">\n<td style=\"height: 13.50pt;\" height=\"18\">Santicor\u00ae BTA<\/td>\n<td>1H-Benzotriazol<\/td>\n<td>95-14-7<\/td>\n<\/tr>\n<tr style=\"height: 13.50pt;\">\n<td style=\"height: 13.50pt;\" height=\"18\">Santicor\u00ae BTA-Na<\/td>\n<td>BENZOTRIAZOL, NATRIUMSALZ<\/td>\n<td>15217-42-2<\/td>\n<\/tr>\n<\/tbody>\n<\/table>\n<p>&nbsp;<\/p>\n<h2><strong><b>Kontaktieren Sie uns jetzt!<\/b><\/strong><\/h2>\n<h4><strong><b>Wenn Sie COA, MSDS oder TDS ben\u00f6tigen, geben Sie bitte Ihre Kontaktinformationen in das untenstehende Formular ein. Wir werden uns in der Regel innerhalb von 24 Stunden mit Ihnen in Verbindung setzen. Sie k\u00f6nnen mir auch eine E-Mail schicken <span style=\"color: #0000ff;\"><a style=\"color: #0000ff;\" href=\"mailto:info@longchangchemical.com\">info@longchangchemical.com<\/a><\/span> w\u00e4hrend der Gesch\u00e4ftszeiten ( 8:30 bis 18:00 Uhr UTC+8 Mo.~Fr. ) oder nutzen Sie den Live-Chat auf der Website, um eine schnelle Antwort zu erhalten.<\/b><\/strong><\/h4>","protected":false},"excerpt":{"rendered":"<p>Produktname: Tolutriazol<\/p>\n<p>Andere Namen: Methyl-1H-Benzotriazol; 1-Methyl-1H-1,2,3-benzotriazol; 1-Methyl-1H-benzotriazol; 1-Methylbenzotriazol; 4-Methyl-1H-1,2,3-benzotriazol; 4-Methyl-1H-benzotriazol; 4-Methyl-2H-benzotriazol; 5-Methyl-1,2,3-benzotriazol; METHYL 1H BENZOTYRIAZOLE.<\/p>\n<p>CAS-Nummer: 29385-43-1<\/p>\n<p>Molekulargewicht: 133,15<\/p>\n<p>Chemische Formel: C7H7N3<\/p>\n<p>\u00c4u\u00dferes Erscheinungsbild: Das Aussehen dieses Produkts ist ein hellgelbes bis wei\u00dfes Granulat oder Pulver, das eine Mischung aus 4-Methylbenzotriazol und 5-Methyl-1H-benzotriazol ist.<\/p>","protected":false},"featured_media":5106,"comment_status":"open","ping_status":"closed","template":"","meta":[],"product_brand":[],"product_cat":[135],"product_tag":[],"class_list":{"0":"post-5105","1":"product","2":"type-product","3":"status-publish","4":"has-post-thumbnail","6":"product_cat-santicor-corrosion-inhibitor","8":"first","9":"instock","10":"shipping-taxable","11":"product-type-simple"},"yoast_head":"<!-- This site is optimized with the Yoast SEO plugin v25.3.1 - https:\/\/yoast.com\/wordpress\/plugins\/seo\/ -->\n<title>China Tolytriazole manufacturer \uff06 29385-43-1 supplier - Longchang Chemical<\/title>\n<meta name=\"description\" content=\"Longchang Chemical is China Tolytriazole manufacturer \uff06 29385-43-1 supplier. Tolutriazole can be replaced Methyl-1H-benzotriazole; 1-methyl-1H-1,2,3-benzotriazole; 1-methyl-1H-benzotriazole; 1-methylbenzotriazole; 4-Methyl-1H-1,2,3-benzotriazol; 4-methyl-1H-benzotriazole; 4-methyl-2H-benzotriazole; 5-Methyl-1,2,3-benzotriazol; METHYL 1H BENZOTYRIAZOLE.\" \/>\n<meta name=\"robots\" content=\"index, follow, max-snippet:-1, max-image-preview:large, max-video-preview:-1\" \/>\n<link rel=\"canonical\" href=\"https:\/\/longchangchemical.com\/de\/product\/tta-tolytriazole-cas-29385-43-1\/\" \/>\n<meta property=\"og:locale\" content=\"de_DE\" \/>\n<meta property=\"og:type\" content=\"article\" \/>\n<meta property=\"og:title\" content=\"China Tolytriazole manufacturer \uff06 29385-43-1 supplier - Longchang Chemical\" \/>\n<meta property=\"og:description\" content=\"Longchang Chemical is China Tolytriazole manufacturer \uff06 29385-43-1 supplier. Tolutriazole can be replaced Methyl-1H-benzotriazole; 1-methyl-1H-1,2,3-benzotriazole; 1-methyl-1H-benzotriazole; 1-methylbenzotriazole; 4-Methyl-1H-1,2,3-benzotriazol; 4-methyl-1H-benzotriazole; 4-methyl-2H-benzotriazole; 5-Methyl-1,2,3-benzotriazol; METHYL 1H BENZOTYRIAZOLE.\" \/>\n<meta property=\"og:url\" content=\"https:\/\/longchangchemical.com\/de\/product\/tta-tolytriazole-cas-29385-43-1\/\" \/>\n<meta property=\"og:site_name\" content=\"Longchang Chemical\" \/>\n<meta property=\"article:modified_time\" content=\"2025-12-22T07:12:35+00:00\" \/>\n<meta property=\"og:image\" content=\"https:\/\/longchangchemical.com\/wp-content\/uploads\/2022\/03\/Santicor\u00aeTTA-Tolytriazole-CAS-29385-43-1.jpg\" \/>\n\t<meta property=\"og:image:width\" content=\"600\" \/>\n\t<meta property=\"og:image:height\" content=\"800\" \/>\n\t<meta property=\"og:image:type\" content=\"image\/jpeg\" \/>\n<meta name=\"twitter:card\" content=\"summary_large_image\" \/>\n<script type=\"application\/ld+json\" class=\"yoast-schema-graph\">{\"@context\":\"https:\/\/schema.org\",\"@graph\":[{\"@type\":\"WebPage\",\"@id\":\"https:\/\/longchangchemical.com\/product\/tta-tolytriazole-cas-29385-43-1\/\",\"url\":\"https:\/\/longchangchemical.com\/product\/tta-tolytriazole-cas-29385-43-1\/\",\"name\":\"China Tolytriazole manufacturer \uff06 29385-43-1 supplier - Longchang Chemical\",\"isPartOf\":{\"@id\":\"https:\/\/longchangchemical.com\/#website\"},\"primaryImageOfPage\":{\"@id\":\"https:\/\/longchangchemical.com\/product\/tta-tolytriazole-cas-29385-43-1\/#primaryimage\"},\"image\":{\"@id\":\"https:\/\/longchangchemical.com\/product\/tta-tolytriazole-cas-29385-43-1\/#primaryimage\"},\"thumbnailUrl\":\"https:\/\/longchangchemical.com\/wp-content\/uploads\/2022\/03\/Santicor\u00aeTTA-Tolytriazole-CAS-29385-43-1.jpg\",\"datePublished\":\"2022-03-07T08:36:54+00:00\",\"dateModified\":\"2025-12-22T07:12:35+00:00\",\"description\":\"Longchang Chemical is China Tolytriazole manufacturer \uff06 29385-43-1 supplier. Tolutriazole can be replaced Methyl-1H-benzotriazole; 1-methyl-1H-1,2,3-benzotriazole; 1-methyl-1H-benzotriazole; 1-methylbenzotriazole; 4-Methyl-1H-1,2,3-benzotriazol; 4-methyl-1H-benzotriazole; 4-methyl-2H-benzotriazole; 5-Methyl-1,2,3-benzotriazol; METHYL 1H BENZOTYRIAZOLE.\",\"breadcrumb\":{\"@id\":\"https:\/\/longchangchemical.com\/product\/tta-tolytriazole-cas-29385-43-1\/#breadcrumb\"},\"inLanguage\":\"de\",\"potentialAction\":[{\"@type\":\"ReadAction\",\"target\":[\"https:\/\/longchangchemical.com\/product\/tta-tolytriazole-cas-29385-43-1\/\"]}]},{\"@type\":\"ImageObject\",\"inLanguage\":\"de\",\"@id\":\"https:\/\/longchangchemical.com\/product\/tta-tolytriazole-cas-29385-43-1\/#primaryimage\",\"url\":\"https:\/\/longchangchemical.com\/wp-content\/uploads\/2022\/03\/Santicor\u00aeTTA-Tolytriazole-CAS-29385-43-1.jpg\",\"contentUrl\":\"https:\/\/longchangchemical.com\/wp-content\/uploads\/2022\/03\/Santicor\u00aeTTA-Tolytriazole-CAS-29385-43-1.jpg\",\"width\":600,\"height\":800},{\"@type\":\"BreadcrumbList\",\"@id\":\"https:\/\/longchangchemical.com\/product\/tta-tolytriazole-cas-29385-43-1\/#breadcrumb\",\"itemListElement\":[{\"@type\":\"ListItem\",\"position\":1,\"name\":\"Home\",\"item\":\"https:\/\/longchangchemical.com\/\"},{\"@type\":\"ListItem\",\"position\":2,\"name\":\"Products Longchang\",\"item\":\"https:\/\/longchangchemical.com\/product\/\"},{\"@type\":\"ListItem\",\"position\":3,\"name\":\"Santicor\u00aeTTA | Tolytriazole CAS 29385-43-1\"}]},{\"@type\":\"WebSite\",\"@id\":\"https:\/\/longchangchemical.com\/#website\",\"url\":\"https:\/\/longchangchemical.com\/\",\"name\":\"Longchang Chemical\",\"description\":\"China chemical manufacturer \uff06 supplier\",\"publisher\":{\"@id\":\"https:\/\/longchangchemical.com\/#organization\"},\"potentialAction\":[{\"@type\":\"SearchAction\",\"target\":{\"@type\":\"EntryPoint\",\"urlTemplate\":\"https:\/\/longchangchemical.com\/?s={search_term_string}\"},\"query-input\":{\"@type\":\"PropertyValueSpecification\",\"valueRequired\":true,\"valueName\":\"search_term_string\"}}],\"inLanguage\":\"de\"},{\"@type\":\"Organization\",\"@id\":\"https:\/\/longchangchemical.com\/#organization\",\"name\":\"Longchang Chemical\",\"url\":\"https:\/\/longchangchemical.com\/\",\"logo\":{\"@type\":\"ImageObject\",\"inLanguage\":\"de\",\"@id\":\"https:\/\/longchangchemical.com\/#\/schema\/logo\/image\/\",\"url\":\"https:\/\/longchangchemical.com\/wp-content\/uploads\/2020\/08\/cropped-longchang-logo.png\",\"contentUrl\":\"https:\/\/longchangchemical.com\/wp-content\/uploads\/2020\/08\/cropped-longchang-logo.png\",\"width\":512,\"height\":512,\"caption\":\"Longchang Chemical\"},\"image\":{\"@id\":\"https:\/\/longchangchemical.com\/#\/schema\/logo\/image\/\"}}]}<\/script>\n<!-- \/ Yoast SEO plugin. -->","yoast_head_json":{"title":"China Tolytriazol Hersteller \uff06 29385-43-1 Lieferant - Longchang Chemical","description":"Longchang Chemical ist China Tolytriazol Hersteller \uff06 29385-43-1 Lieferant. Tolutriazol kann ersetzt werden Methyl-1H-Benzotriazol; 1-Methyl-1H-1,2,3-benzotriazol; 1-Methyl-1H-benzotriazol; 1-Methylbenzotriazol; 4-Methyl-1H-1,2,3-benzotriazol; 4-Methyl-1H-benzotriazol; 4-Methyl-2H-benzotriazol; 5-Methyl-1,2,3-benzotriazol; METHYL-1H-BENZOTYRIAZOL.","robots":{"index":"index","follow":"follow","max-snippet":"max-snippet:-1","max-image-preview":"max-image-preview:large","max-video-preview":"max-video-preview:-1"},"canonical":"https:\/\/longchangchemical.com\/de\/product\/tta-tolytriazole-cas-29385-43-1\/","og_locale":"de_DE","og_type":"article","og_title":"China Tolytriazole manufacturer \uff06 29385-43-1 supplier - Longchang Chemical","og_description":"Longchang Chemical is China Tolytriazole manufacturer \uff06 29385-43-1 supplier. Tolutriazole can be replaced Methyl-1H-benzotriazole; 1-methyl-1H-1,2,3-benzotriazole; 1-methyl-1H-benzotriazole; 1-methylbenzotriazole; 4-Methyl-1H-1,2,3-benzotriazol; 4-methyl-1H-benzotriazole; 4-methyl-2H-benzotriazole; 5-Methyl-1,2,3-benzotriazol; METHYL 1H BENZOTYRIAZOLE.","og_url":"https:\/\/longchangchemical.com\/de\/product\/tta-tolytriazole-cas-29385-43-1\/","og_site_name":"Longchang Chemical","article_modified_time":"2025-12-22T07:12:35+00:00","og_image":[{"width":600,"height":800,"url":"https:\/\/longchangchemical.com\/wp-content\/uploads\/2022\/03\/Santicor\u00aeTTA-Tolytriazole-CAS-29385-43-1.jpg","type":"image\/jpeg"}],"twitter_card":"summary_large_image","schema":{"@context":"https:\/\/schema.org","@graph":[{"@type":"WebPage","@id":"https:\/\/longchangchemical.com\/product\/tta-tolytriazole-cas-29385-43-1\/","url":"https:\/\/longchangchemical.com\/product\/tta-tolytriazole-cas-29385-43-1\/","name":"China Tolytriazol Hersteller \uff06 29385-43-1 Lieferant - Longchang Chemical","isPartOf":{"@id":"https:\/\/longchangchemical.com\/#website"},"primaryImageOfPage":{"@id":"https:\/\/longchangchemical.com\/product\/tta-tolytriazole-cas-29385-43-1\/#primaryimage"},"image":{"@id":"https:\/\/longchangchemical.com\/product\/tta-tolytriazole-cas-29385-43-1\/#primaryimage"},"thumbnailUrl":"https:\/\/longchangchemical.com\/wp-content\/uploads\/2022\/03\/Santicor\u00aeTTA-Tolytriazole-CAS-29385-43-1.jpg","datePublished":"2022-03-07T08:36:54+00:00","dateModified":"2025-12-22T07:12:35+00:00","description":"Longchang Chemical ist China Tolytriazol Hersteller \uff06 29385-43-1 Lieferant. Tolutriazol kann ersetzt werden Methyl-1H-Benzotriazol; 1-Methyl-1H-1,2,3-benzotriazol; 1-Methyl-1H-benzotriazol; 1-Methylbenzotriazol; 4-Methyl-1H-1,2,3-benzotriazol; 4-Methyl-1H-benzotriazol; 4-Methyl-2H-benzotriazol; 5-Methyl-1,2,3-benzotriazol; METHYL-1H-BENZOTYRIAZOL.","breadcrumb":{"@id":"https:\/\/longchangchemical.com\/product\/tta-tolytriazole-cas-29385-43-1\/#breadcrumb"},"inLanguage":"de","potentialAction":[{"@type":"ReadAction","target":["https:\/\/longchangchemical.com\/product\/tta-tolytriazole-cas-29385-43-1\/"]}]},{"@type":"ImageObject","inLanguage":"de","@id":"https:\/\/longchangchemical.com\/product\/tta-tolytriazole-cas-29385-43-1\/#primaryimage","url":"https:\/\/longchangchemical.com\/wp-content\/uploads\/2022\/03\/Santicor\u00aeTTA-Tolytriazole-CAS-29385-43-1.jpg","contentUrl":"https:\/\/longchangchemical.com\/wp-content\/uploads\/2022\/03\/Santicor\u00aeTTA-Tolytriazole-CAS-29385-43-1.jpg","width":600,"height":800},{"@type":"BreadcrumbList","@id":"https:\/\/longchangchemical.com\/product\/tta-tolytriazole-cas-29385-43-1\/#breadcrumb","itemListElement":[{"@type":"ListItem","position":1,"name":"Home","item":"https:\/\/longchangchemical.com\/"},{"@type":"ListItem","position":2,"name":"Products Longchang","item":"https:\/\/longchangchemical.com\/product\/"},{"@type":"ListItem","position":3,"name":"Santicor\u00aeTTA | Tolytriazole CAS 29385-43-1"}]},{"@type":"WebSite","@id":"https:\/\/longchangchemical.com\/#website","url":"https:\/\/longchangchemical.com\/","name":"Longchang Chemical","description":"China Hersteller von Chemikalien \uff06 Lieferant","publisher":{"@id":"https:\/\/longchangchemical.com\/#organization"},"potentialAction":[{"@type":"SearchAction","target":{"@type":"EntryPoint","urlTemplate":"https:\/\/longchangchemical.com\/?s={search_term_string}"},"query-input":{"@type":"PropertyValueSpecification","valueRequired":true,"valueName":"search_term_string"}}],"inLanguage":"de"},{"@type":"Organization","@id":"https:\/\/longchangchemical.com\/#organization","name":"Longchang Chemical","url":"https:\/\/longchangchemical.com\/","logo":{"@type":"ImageObject","inLanguage":"de","@id":"https:\/\/longchangchemical.com\/#\/schema\/logo\/image\/","url":"https:\/\/longchangchemical.com\/wp-content\/uploads\/2020\/08\/cropped-longchang-logo.png","contentUrl":"https:\/\/longchangchemical.com\/wp-content\/uploads\/2020\/08\/cropped-longchang-logo.png","width":512,"height":512,"caption":"Longchang Chemical"},"image":{"@id":"https:\/\/longchangchemical.com\/#\/schema\/logo\/image\/"}}]}},"_links":{"self":[{"href":"https:\/\/longchangchemical.com\/de\/wp-json\/wp\/v2\/product\/5105","targetHints":{"allow":["GET"]}}],"collection":[{"href":"https:\/\/longchangchemical.com\/de\/wp-json\/wp\/v2\/product"}],"about":[{"href":"https:\/\/longchangchemical.com\/de\/wp-json\/wp\/v2\/types\/product"}],"replies":[{"embeddable":true,"href":"https:\/\/longchangchemical.com\/de\/wp-json\/wp\/v2\/comments?post=5105"}],"wp:featuredmedia":[{"embeddable":true,"href":"https:\/\/longchangchemical.com\/de\/wp-json\/wp\/v2\/media\/5106"}],"wp:attachment":[{"href":"https:\/\/longchangchemical.com\/de\/wp-json\/wp\/v2\/media?parent=5105"}],"wp:term":[{"taxonomy":"product_brand","embeddable":true,"href":"https:\/\/longchangchemical.com\/de\/wp-json\/wp\/v2\/product_brand?post=5105"},{"taxonomy":"product_cat","embeddable":true,"href":"https:\/\/longchangchemical.com\/de\/wp-json\/wp\/v2\/product_cat?post=5105"},{"taxonomy":"product_tag","embeddable":true,"href":"https:\/\/longchangchemical.com\/de\/wp-json\/wp\/v2\/product_tag?post=5105"}],"curies":[{"name":"wp","href":"https:\/\/api.w.org\/{rel}","templated":true}]}}