{"id":5085,"date":"2022-02-23T06:51:27","date_gmt":"2022-02-23T06:51:27","guid":{"rendered":"https:\/\/longchangchemical.com\/?post_type=product&#038;p=5085"},"modified":"2024-04-28T03:18:16","modified_gmt":"2024-04-28T03:18:16","slug":"refined-c5-petroleum-resin-for-adhesives","status":"publish","type":"product","link":"https:\/\/longchangchemical.com\/de\/product\/refined-c5-petroleum-resin-for-adhesives\/","title":{"rendered":"Raffiniertes C5-Erd\u00f6lharz f\u00fcr Klebstoffe"},"content":{"rendered":"<h1><strong>Raffiniertes C5-Erd\u00f6lharz f\u00fcr Klebstoffe<\/strong><\/h1>\n<h2><strong>Verwendung<\/strong><\/h2>\n<h4>In der Kleb- und Dichtstoffindustrie haben C5-Erd\u00f6lharze als klebrigmachende Harze eine wichtige Stellung eingenommen. Die am h\u00e4ufigsten verwendeten sind Schmelzklebstoffe und Haftklebstoffe. Die veredelten C5-Erd\u00f6lharze der PRS\u00ae-A-Serie sind Erd\u00f6lharze, die f\u00fcr Schmelzklebstoffe und Haftklebstoffe geeignet sind. Sie weisen eine gute Kompatibilit\u00e4t mit SIS, SBS, SEBS, SEPS und anderen Styrolpolymeren, Naturkautschuk, synthetischem Kautschuk und EVA usw. auf und sind mit nat\u00fcrlichen klebrigmachenden Harzen (Terpenen, Kolophonium und seinen Derivaten) kompatibel. Die Kompatibilit\u00e4t ist ebenfalls gut, und die Eigenschaften des Klebstoffs werden in unterschiedlichem Ma\u00dfe verbessert. In den letzten Jahren wurde C5-Erd\u00f6lharz wegen seiner hohen Sch\u00e4lklebrigkeit, seiner guten schnellen Klebrigkeit, seiner stabilen Haftung, seiner m\u00e4\u00dfigen Schmelzviskosit\u00e4t, seiner guten W\u00e4rmebest\u00e4ndigkeit, seiner guten Kompatibilit\u00e4t mit der Polymermatrix und seines niedrigen Preises weithin verwendet. Es ersetzt allm\u00e4hlich die nat\u00fcrlichen Harzklebrigmacher (Kolophonium und Terpenharze) und nimmt eine herausragende Stellung ein.<\/h4>\n<h2><strong>Eigenschaften von Soresyn\u00ae-A1085, A1090, A1095, A1100, A2085, A2095, A2100, A2110 veredeltes C5-Erd\u00f6lharz in Schmelzklebstoff:<\/strong><\/h2>\n<h4>1. Gute Flie\u00dff\u00e4higkeit, kann die Benetzbarkeit des Hauptmaterials verbessern<br \/>\n2. Gute Viskosit\u00e4t und hervorragende Anfangsviskosit\u00e4t<br \/>\n3. Ausgezeichnete Alterungsbest\u00e4ndigkeit<br \/>\n4. Helle Farbe<br \/>\n5. Transparent, geruchsarm, wenig fl\u00fcchtige Bestandteile<br \/>\n6. In Schmelzklebstoffen kann die Soresyn\u00ae-A-Serie allein als klebrigmachendes Harz verwendet oder mit anderen klebrigmachenden Harzen gemischt werden, um einige Eigenschaften von Schmelzklebstoffen zu verbessern.<br \/>\nEmpfohlener Anwendungsbereich: Schmelzkleber<br \/>\nAndere Anwendungen: Haftschmelzklebstoff, L\u00f6sungsmittel-Haftklebstoff<br \/>\nSoresyn\u00ae-A2020, ein fortschrittliches klebrigmachendes Harz mit niedrigem Erweichungspunkt, kann das \u00c4quivalent von Escorez 2520 von ExxonMobil ersetzen.<\/h4>\n<h2><strong>Verpackung<\/strong><\/h2>\n<h4>F\u00fcr die Produktverpackung sollten Polypropylen-Gewebes\u00e4cke verwendet werden, die mit Polyethylen-Foliens\u00e4cken oder anderen Verpackungsbedingungen ausgekleidet sind. Die Verpackungsmaterialien sollten sicherstellen, dass sie w\u00e4hrend des Transports, des Stapelns und der Lagerung nicht verschmutzt oder ausgelaufen sind, und der Nettoinhalt ist 25KG, 500KG ohne Verschlei\u00df.<\/h4>\n<h2><strong>Transport<\/strong><\/h2>\n<h4>Dieses Produkt ist ungef\u00e4hrlich. Es ist strengstens verboten, w\u00e4hrend des Transports und des Be- und Entladens scharfe Werkzeuge wie z. B. Eisenhaken zu verwenden, und es darf nicht geworfen werden. Das Transportmittel sollte sauber und trocken gehalten werden und \u00fcber einen Schuppen verf\u00fcgen. W\u00e4hrend des Transports darf es nicht mit Sand, Metallbruch, Kohle, Glas usw. vermischt werden, und es darf nicht mit giftigen, \u00e4tzenden oder brennbaren Materialien vermischt werden. Es darf weder der Sonne noch dem Regen ausgesetzt werden. Duschen.<\/h4>\n<h2><strong><b>Kontaktieren Sie uns jetzt!<\/b><\/strong><\/h2>\n<h4><strong><b>Wenn Sie COA oder TDS ben\u00f6tigen, tragen Sie bitte Ihre Kontaktdaten in das unten stehende Formular ein. Wir werden uns in der Regel innerhalb von 24 Stunden mit Ihnen in Verbindung setzen. Sie k\u00f6nnen mir auch eine E-Mail schicken <span style=\"color: #0000ff;\"><a style=\"color: #0000ff;\" href=\"mailto:info@longchangchemical.com\">info@longchangchemical.com<\/a><\/span> w\u00e4hrend der Gesch\u00e4ftszeiten ( 8:30 bis 18:00 Uhr UTC+8 Mo.~Sa. ) oder nutzen Sie den Live-Chat auf der Website, um eine schnelle Antwort zu erhalten.<\/b><\/strong><\/h4>","protected":false},"excerpt":{"rendered":"<h4><strong><b>Wenn Sie COA oder TDS ben\u00f6tigen, tragen Sie bitte Ihre Kontaktdaten in das unten stehende Formular ein. Wir werden uns in der Regel innerhalb von 24 Stunden mit Ihnen in Verbindung setzen. Sie k\u00f6nnen mir auch eine E-Mail schicken <span style=\"color: #0000ff;\"><a style=\"color: #0000ff;\" href=\"mailto:info@longchangchemical.com\">info@longchangchemical.com<\/a><\/span><\/b><\/strong><\/h4>","protected":false},"featured_media":5082,"comment_status":"open","ping_status":"closed","template":"","meta":[],"product_brand":[],"product_cat":[69,116],"product_tag":[],"class_list":{"0":"post-5085","1":"product","2":"type-product","3":"status-publish","4":"has-post-thumbnail","6":"product_cat-catalysts-chemical-auxiliary-agents","7":"product_cat-soresyn-resin","9":"first","10":"instock","11":"shipping-taxable","12":"product-type-simple"},"yoast_head":"<!-- This site is optimized with the Yoast SEO plugin v25.3.1 - https:\/\/yoast.com\/wordpress\/plugins\/seo\/ -->\n<title>China Refined C5 Petroleum Resin supplier for Adhesives - Longchang chemical<\/title>\n<meta name=\"description\" content=\"Refined C5 Petroleum Resin for Adhesives. China refined C5 Petroleum Resin for Adhesives manufacturer \uff06 supplier. Soresyn\u00ae-A2020 low softening point advanced tackifying resin can replace the equivalent of ExxonMobil&#039;s Escorez 2520.\" \/>\n<meta name=\"robots\" content=\"index, follow, max-snippet:-1, max-image-preview:large, max-video-preview:-1\" \/>\n<link rel=\"canonical\" href=\"https:\/\/longchangchemical.com\/de\/product\/refined-c5-petroleum-resin-for-adhesives\/\" \/>\n<meta property=\"og:locale\" content=\"de_DE\" \/>\n<meta property=\"og:type\" content=\"article\" \/>\n<meta property=\"og:title\" content=\"China Refined C5 Petroleum Resin supplier for Adhesives - Longchang chemical\" \/>\n<meta property=\"og:description\" content=\"Refined C5 Petroleum Resin for Adhesives. China refined C5 Petroleum Resin for Adhesives manufacturer \uff06 supplier. Soresyn\u00ae-A2020 low softening point advanced tackifying resin can replace the equivalent of ExxonMobil&#039;s Escorez 2520.\" \/>\n<meta property=\"og:url\" content=\"https:\/\/longchangchemical.com\/de\/product\/refined-c5-petroleum-resin-for-adhesives\/\" \/>\n<meta property=\"og:site_name\" content=\"Longchang Chemical\" \/>\n<meta property=\"article:modified_time\" content=\"2024-04-28T03:18:16+00:00\" \/>\n<meta property=\"og:image\" content=\"https:\/\/longchangchemical.com\/wp-content\/uploads\/2022\/02\/resin.png\" \/>\n\t<meta property=\"og:image:width\" content=\"600\" \/>\n\t<meta property=\"og:image:height\" content=\"600\" \/>\n\t<meta property=\"og:image:type\" content=\"image\/png\" \/>\n<meta name=\"twitter:card\" content=\"summary_large_image\" \/>\n<script type=\"application\/ld+json\" class=\"yoast-schema-graph\">{\"@context\":\"https:\/\/schema.org\",\"@graph\":[{\"@type\":\"WebPage\",\"@id\":\"https:\/\/longchangchemical.com\/product\/refined-c5-petroleum-resin-for-adhesives\/\",\"url\":\"https:\/\/longchangchemical.com\/product\/refined-c5-petroleum-resin-for-adhesives\/\",\"name\":\"China Refined C5 Petroleum Resin supplier for Adhesives - Longchang chemical\",\"isPartOf\":{\"@id\":\"https:\/\/longchangchemical.com\/#website\"},\"primaryImageOfPage\":{\"@id\":\"https:\/\/longchangchemical.com\/product\/refined-c5-petroleum-resin-for-adhesives\/#primaryimage\"},\"image\":{\"@id\":\"https:\/\/longchangchemical.com\/product\/refined-c5-petroleum-resin-for-adhesives\/#primaryimage\"},\"thumbnailUrl\":\"https:\/\/longchangchemical.com\/wp-content\/uploads\/2022\/02\/resin.png\",\"datePublished\":\"2022-02-23T06:51:27+00:00\",\"dateModified\":\"2024-04-28T03:18:16+00:00\",\"description\":\"Refined C5 Petroleum Resin for Adhesives. China refined C5 Petroleum Resin for Adhesives manufacturer \uff06 supplier. Soresyn\u00ae-A2020 low softening point advanced tackifying resin can replace the equivalent of ExxonMobil's Escorez 2520.\",\"breadcrumb\":{\"@id\":\"https:\/\/longchangchemical.com\/product\/refined-c5-petroleum-resin-for-adhesives\/#breadcrumb\"},\"inLanguage\":\"de\",\"potentialAction\":[{\"@type\":\"ReadAction\",\"target\":[\"https:\/\/longchangchemical.com\/product\/refined-c5-petroleum-resin-for-adhesives\/\"]}]},{\"@type\":\"ImageObject\",\"inLanguage\":\"de\",\"@id\":\"https:\/\/longchangchemical.com\/product\/refined-c5-petroleum-resin-for-adhesives\/#primaryimage\",\"url\":\"https:\/\/longchangchemical.com\/wp-content\/uploads\/2022\/02\/resin.png\",\"contentUrl\":\"https:\/\/longchangchemical.com\/wp-content\/uploads\/2022\/02\/resin.png\",\"width\":600,\"height\":600},{\"@type\":\"BreadcrumbList\",\"@id\":\"https:\/\/longchangchemical.com\/product\/refined-c5-petroleum-resin-for-adhesives\/#breadcrumb\",\"itemListElement\":[{\"@type\":\"ListItem\",\"position\":1,\"name\":\"Home\",\"item\":\"https:\/\/longchangchemical.com\/\"},{\"@type\":\"ListItem\",\"position\":2,\"name\":\"Products Longchang\",\"item\":\"https:\/\/longchangchemical.com\/product\/\"},{\"@type\":\"ListItem\",\"position\":3,\"name\":\"Refined C5 Petroleum Resin for Adhesives\"}]},{\"@type\":\"WebSite\",\"@id\":\"https:\/\/longchangchemical.com\/#website\",\"url\":\"https:\/\/longchangchemical.com\/\",\"name\":\"Longchang Chemical\",\"description\":\"China chemical manufacturer \uff06 supplier\",\"publisher\":{\"@id\":\"https:\/\/longchangchemical.com\/#organization\"},\"potentialAction\":[{\"@type\":\"SearchAction\",\"target\":{\"@type\":\"EntryPoint\",\"urlTemplate\":\"https:\/\/longchangchemical.com\/?s={search_term_string}\"},\"query-input\":{\"@type\":\"PropertyValueSpecification\",\"valueRequired\":true,\"valueName\":\"search_term_string\"}}],\"inLanguage\":\"de\"},{\"@type\":\"Organization\",\"@id\":\"https:\/\/longchangchemical.com\/#organization\",\"name\":\"Longchang Chemical\",\"url\":\"https:\/\/longchangchemical.com\/\",\"logo\":{\"@type\":\"ImageObject\",\"inLanguage\":\"de\",\"@id\":\"https:\/\/longchangchemical.com\/#\/schema\/logo\/image\/\",\"url\":\"https:\/\/longchangchemical.com\/wp-content\/uploads\/2020\/08\/cropped-longchang-logo.png\",\"contentUrl\":\"https:\/\/longchangchemical.com\/wp-content\/uploads\/2020\/08\/cropped-longchang-logo.png\",\"width\":512,\"height\":512,\"caption\":\"Longchang Chemical\"},\"image\":{\"@id\":\"https:\/\/longchangchemical.com\/#\/schema\/logo\/image\/\"}}]}<\/script>\n<!-- \/ Yoast SEO plugin. -->","yoast_head_json":{"title":"China Raffiniertes C5-Erd\u00f6lharz Lieferant f\u00fcr Klebstoffe - Longchang chemical","description":"Raffiniertes C5-Petroleumharz f\u00fcr Klebstoffe. China raffiniert C5 Petroleum Harz f\u00fcr Klebstoffe Hersteller \uff06 Lieferant. Soresyn\u00ae-A2020, ein fortschrittliches klebrig machendes Harz mit niedrigem Erweichungspunkt, kann das \u00c4quivalent von Escorez 2520 von ExxonMobil ersetzen.","robots":{"index":"index","follow":"follow","max-snippet":"max-snippet:-1","max-image-preview":"max-image-preview:large","max-video-preview":"max-video-preview:-1"},"canonical":"https:\/\/longchangchemical.com\/de\/product\/refined-c5-petroleum-resin-for-adhesives\/","og_locale":"de_DE","og_type":"article","og_title":"China Refined C5 Petroleum Resin supplier for Adhesives - Longchang chemical","og_description":"Refined C5 Petroleum Resin for Adhesives. China refined C5 Petroleum Resin for Adhesives manufacturer \uff06 supplier. Soresyn\u00ae-A2020 low softening point advanced tackifying resin can replace the equivalent of ExxonMobil's Escorez 2520.","og_url":"https:\/\/longchangchemical.com\/de\/product\/refined-c5-petroleum-resin-for-adhesives\/","og_site_name":"Longchang Chemical","article_modified_time":"2024-04-28T03:18:16+00:00","og_image":[{"width":600,"height":600,"url":"https:\/\/longchangchemical.com\/wp-content\/uploads\/2022\/02\/resin.png","type":"image\/png"}],"twitter_card":"summary_large_image","schema":{"@context":"https:\/\/schema.org","@graph":[{"@type":"WebPage","@id":"https:\/\/longchangchemical.com\/product\/refined-c5-petroleum-resin-for-adhesives\/","url":"https:\/\/longchangchemical.com\/product\/refined-c5-petroleum-resin-for-adhesives\/","name":"China Raffiniertes C5-Erd\u00f6lharz Lieferant f\u00fcr Klebstoffe - Longchang chemical","isPartOf":{"@id":"https:\/\/longchangchemical.com\/#website"},"primaryImageOfPage":{"@id":"https:\/\/longchangchemical.com\/product\/refined-c5-petroleum-resin-for-adhesives\/#primaryimage"},"image":{"@id":"https:\/\/longchangchemical.com\/product\/refined-c5-petroleum-resin-for-adhesives\/#primaryimage"},"thumbnailUrl":"https:\/\/longchangchemical.com\/wp-content\/uploads\/2022\/02\/resin.png","datePublished":"2022-02-23T06:51:27+00:00","dateModified":"2024-04-28T03:18:16+00:00","description":"Raffiniertes C5-Petroleumharz f\u00fcr Klebstoffe. China raffiniert C5 Petroleum Harz f\u00fcr Klebstoffe Hersteller \uff06 Lieferant. Soresyn\u00ae-A2020, ein fortschrittliches klebrig machendes Harz mit niedrigem Erweichungspunkt, kann das \u00c4quivalent von Escorez 2520 von ExxonMobil ersetzen.","breadcrumb":{"@id":"https:\/\/longchangchemical.com\/product\/refined-c5-petroleum-resin-for-adhesives\/#breadcrumb"},"inLanguage":"de","potentialAction":[{"@type":"ReadAction","target":["https:\/\/longchangchemical.com\/product\/refined-c5-petroleum-resin-for-adhesives\/"]}]},{"@type":"ImageObject","inLanguage":"de","@id":"https:\/\/longchangchemical.com\/product\/refined-c5-petroleum-resin-for-adhesives\/#primaryimage","url":"https:\/\/longchangchemical.com\/wp-content\/uploads\/2022\/02\/resin.png","contentUrl":"https:\/\/longchangchemical.com\/wp-content\/uploads\/2022\/02\/resin.png","width":600,"height":600},{"@type":"BreadcrumbList","@id":"https:\/\/longchangchemical.com\/product\/refined-c5-petroleum-resin-for-adhesives\/#breadcrumb","itemListElement":[{"@type":"ListItem","position":1,"name":"Home","item":"https:\/\/longchangchemical.com\/"},{"@type":"ListItem","position":2,"name":"Products Longchang","item":"https:\/\/longchangchemical.com\/product\/"},{"@type":"ListItem","position":3,"name":"Refined C5 Petroleum Resin for Adhesives"}]},{"@type":"WebSite","@id":"https:\/\/longchangchemical.com\/#website","url":"https:\/\/longchangchemical.com\/","name":"Longchang Chemical","description":"China Hersteller von Chemikalien \uff06 Lieferant","publisher":{"@id":"https:\/\/longchangchemical.com\/#organization"},"potentialAction":[{"@type":"SearchAction","target":{"@type":"EntryPoint","urlTemplate":"https:\/\/longchangchemical.com\/?s={search_term_string}"},"query-input":{"@type":"PropertyValueSpecification","valueRequired":true,"valueName":"search_term_string"}}],"inLanguage":"de"},{"@type":"Organization","@id":"https:\/\/longchangchemical.com\/#organization","name":"Longchang Chemical","url":"https:\/\/longchangchemical.com\/","logo":{"@type":"ImageObject","inLanguage":"de","@id":"https:\/\/longchangchemical.com\/#\/schema\/logo\/image\/","url":"https:\/\/longchangchemical.com\/wp-content\/uploads\/2020\/08\/cropped-longchang-logo.png","contentUrl":"https:\/\/longchangchemical.com\/wp-content\/uploads\/2020\/08\/cropped-longchang-logo.png","width":512,"height":512,"caption":"Longchang Chemical"},"image":{"@id":"https:\/\/longchangchemical.com\/#\/schema\/logo\/image\/"}}]}},"_links":{"self":[{"href":"https:\/\/longchangchemical.com\/de\/wp-json\/wp\/v2\/product\/5085","targetHints":{"allow":["GET"]}}],"collection":[{"href":"https:\/\/longchangchemical.com\/de\/wp-json\/wp\/v2\/product"}],"about":[{"href":"https:\/\/longchangchemical.com\/de\/wp-json\/wp\/v2\/types\/product"}],"replies":[{"embeddable":true,"href":"https:\/\/longchangchemical.com\/de\/wp-json\/wp\/v2\/comments?post=5085"}],"wp:featuredmedia":[{"embeddable":true,"href":"https:\/\/longchangchemical.com\/de\/wp-json\/wp\/v2\/media\/5082"}],"wp:attachment":[{"href":"https:\/\/longchangchemical.com\/de\/wp-json\/wp\/v2\/media?parent=5085"}],"wp:term":[{"taxonomy":"product_brand","embeddable":true,"href":"https:\/\/longchangchemical.com\/de\/wp-json\/wp\/v2\/product_brand?post=5085"},{"taxonomy":"product_cat","embeddable":true,"href":"https:\/\/longchangchemical.com\/de\/wp-json\/wp\/v2\/product_cat?post=5085"},{"taxonomy":"product_tag","embeddable":true,"href":"https:\/\/longchangchemical.com\/de\/wp-json\/wp\/v2\/product_tag?post=5085"}],"curies":[{"name":"wp","href":"https:\/\/api.w.org\/{rel}","templated":true}]}}