{"id":5081,"date":"2022-02-23T05:35:54","date_gmt":"2022-02-23T05:35:54","guid":{"rendered":"https:\/\/longchangchemical.com\/?post_type=product&#038;p=5081"},"modified":"2024-04-28T03:18:17","modified_gmt":"2024-04-28T03:18:17","slug":"refined-c5-petroleum-resin-for-tire-rubber-compounding","status":"publish","type":"product","link":"https:\/\/longchangchemical.com\/de\/product\/refined-c5-petroleum-resin-for-tire-rubber-compounding\/","title":{"rendered":"Raffiniertes C5-Erd\u00f6lharz f\u00fcr die Reifengummimischung"},"content":{"rendered":"<h1><strong>Raffiniertes C5-Erd\u00f6lharz f\u00fcr die Reifengummimischung<\/strong><\/h1>\n<h2><strong>Verwendungszwecke von raffiniertem C5-Erd\u00f6lharz<\/strong><\/h2>\n<h4>Soresyn\u00ae-C1085, Soresyn\u00ae-C1100, Soresyn\u00ae-C1101 Raffiniertes C5-Erd\u00f6lharz ist eine Art aliphatisches Erd\u00f6lharz, das in der Reifengummimischung weit verbreitet ist und mit Naturkautschuk (NR), synthetischem Kautschuk, Polyethylen, SIS, SEBS, EVA usw. eine gute Kompatibilit\u00e4t mit nat\u00fcrlichen klebrigmachenden Harzen (wie Terpenen, Kolophonium und seinen Derivaten) aufweist, die ebenfalls gut kompatibel sind. In Gummimischungen kann es als Klebrigmacher, Verst\u00e4rkungsmittel, Weichmacher, F\u00fcllstoff usw. verwendet werden.<\/h4>\n<h2><strong>Eigenschaften von raffiniertem C5-Erd\u00f6lharz f\u00fcr die Gummimischung<\/strong><\/h2>\n<h4>1. Hat eine ausgezeichnete Viskosit\u00e4t<br \/>\n2. In den Prozess der Verarbeitung, kann es erweichen und zu st\u00e4rken, und verbessern die Dehnbarkeit und Peeling Widerstand<br \/>\n3. Erhebliche Erh\u00f6hung der Viskosit\u00e4t, aber keinen Einfluss auf die Aush\u00e4rtungszeit und die physikalischen Eigenschaften nach dem Aush\u00e4rten<br \/>\n4. Vermeiden Sie das Anhaften an Verarbeitungsmaschinen<br \/>\n5. Hilft dem F\u00fcllmaterial, sich gleichm\u00e4\u00dfig zu verteilen<br \/>\n6. M\u00e4\u00dfige Farbschattierungen<\/h4>\n<h4>Empfohlene Anwendungsbereiche: Gummimischung f\u00fcr Reifen<\/h4>\n<h4>Andere Verwendungen:<br \/>\n1. Andere Gummierzeugnisse, wie Sohlen, Abs\u00e4tze, B\u00f6den, G\u00fcrtel, Gummischl\u00e4uche, Schlauchrohre<br \/>\n2. Helles Gummi f\u00fcr den t\u00e4glichen Bedarf<br \/>\n3. Helle Farben k\u00f6nnen f\u00fcr druckempfindliche Klebstoffe verwendet werden<\/h4>\n<h2><strong>Verpackung<\/strong><\/h2>\n<h4>F\u00fcr die Produktverpackung sollten Polypropylen-Gewebes\u00e4cke verwendet werden, die mit Polyethylen-Foliens\u00e4cken oder anderen Verpackungsbedingungen ausgekleidet sind. Die Verpackungsmaterialien sollten sicherstellen, dass sie w\u00e4hrend des Transports, des Stapelns und der Lagerung nicht verschmutzt oder ausgelaufen sind, und der Nettoinhalt ist 25KG, 500KG ohne Verschlei\u00df.<\/h4>\n<h2><strong>Transport<\/strong><\/h2>\n<h4>Dieses Produkt ist ungef\u00e4hrlich. Es ist strengstens verboten, w\u00e4hrend des Transports und des Be- und Entladens scharfe Werkzeuge wie z. B. Eisenhaken zu verwenden, und es darf nicht geworfen werden. Das Transportmittel sollte sauber und trocken gehalten werden und \u00fcber einen Schuppen verf\u00fcgen. W\u00e4hrend des Transports darf es nicht mit Sand, Metallbruch, Kohle, Glas usw. vermischt werden, und es darf nicht mit giftigen, \u00e4tzenden oder brennbaren Materialien vermischt werden. Es darf weder der Sonne noch dem Regen ausgesetzt werden. Duschen.<\/h4>\n<h2><strong><b>Kontaktieren Sie uns jetzt!<\/b><\/strong><\/h2>\n<h4><strong><b>Wenn Sie COA oder TDS ben\u00f6tigen, tragen Sie bitte Ihre Kontaktdaten in das unten stehende Formular ein. Wir werden uns in der Regel innerhalb von 24 Stunden mit Ihnen in Verbindung setzen. Sie k\u00f6nnen mir auch eine E-Mail schicken <span style=\"color: #0000ff;\"><a style=\"color: #0000ff;\" href=\"mailto:info@longchangchemical.com\">info@longchangchemical.com<\/a><\/span> w\u00e4hrend der Gesch\u00e4ftszeiten ( 8:30 bis 18:00 Uhr UTC+8 Mo.~Sa. ) oder nutzen Sie den Live-Chat auf der Website, um eine schnelle Antwort zu erhalten.<\/b><\/strong><\/h4>","protected":false},"excerpt":{"rendered":"<h4><strong><b>Wenn Sie COA oder TDS ben\u00f6tigen, tragen Sie bitte Ihre Kontaktdaten in das unten stehende Formular ein. Wir werden uns in der Regel innerhalb von 24 Stunden mit Ihnen in Verbindung setzen. Sie k\u00f6nnen mir auch eine E-Mail schicken <span style=\"color: #0000ff;\"><a style=\"color: #0000ff;\" href=\"mailto:info@longchangchemical.com\">info@longchangchemical.com<\/a><\/span> w\u00e4hrend der Arbeitszeit ( 8:30 Uhr bis 18:00 Uhr UTC+8 Mo.~Sa. )<\/b><\/strong><\/h4>","protected":false},"featured_media":5082,"comment_status":"open","ping_status":"closed","template":"","meta":[],"product_brand":[],"product_cat":[69,116],"product_tag":[],"class_list":{"0":"post-5081","1":"product","2":"type-product","3":"status-publish","4":"has-post-thumbnail","6":"product_cat-catalysts-chemical-auxiliary-agents","7":"product_cat-soresyn-resin","9":"first","10":"instock","11":"shipping-taxable","12":"product-type-simple"},"yoast_head":"<!-- This site is optimized with the Yoast SEO plugin v25.3.1 - https:\/\/yoast.com\/wordpress\/plugins\/seo\/ -->\n<title>Refined C5 petroleum resin manufacturer for tire rubber compounding - Longchang Chemical<\/title>\n<meta name=\"description\" content=\"Refined C5 petroleum resin for tire rubber compounding. China Refined C5 petroleum resin manufacturer \uff06 supplier.\" \/>\n<meta name=\"robots\" content=\"index, follow, max-snippet:-1, max-image-preview:large, max-video-preview:-1\" \/>\n<link rel=\"canonical\" href=\"https:\/\/longchangchemical.com\/de\/product\/refined-c5-petroleum-resin-for-tire-rubber-compounding\/\" \/>\n<meta property=\"og:locale\" content=\"de_DE\" \/>\n<meta property=\"og:type\" content=\"article\" \/>\n<meta property=\"og:title\" content=\"Refined C5 petroleum resin manufacturer for tire rubber compounding - Longchang Chemical\" \/>\n<meta property=\"og:description\" content=\"Refined C5 petroleum resin for tire rubber compounding. China Refined C5 petroleum resin manufacturer \uff06 supplier.\" \/>\n<meta property=\"og:url\" content=\"https:\/\/longchangchemical.com\/de\/product\/refined-c5-petroleum-resin-for-tire-rubber-compounding\/\" \/>\n<meta property=\"og:site_name\" content=\"Longchang Chemical\" \/>\n<meta property=\"article:modified_time\" content=\"2024-04-28T03:18:17+00:00\" \/>\n<meta property=\"og:image\" content=\"https:\/\/longchangchemical.com\/wp-content\/uploads\/2022\/02\/resin.png\" \/>\n\t<meta property=\"og:image:width\" content=\"600\" \/>\n\t<meta property=\"og:image:height\" content=\"600\" \/>\n\t<meta property=\"og:image:type\" content=\"image\/png\" \/>\n<meta name=\"twitter:card\" content=\"summary_large_image\" \/>\n<script type=\"application\/ld+json\" class=\"yoast-schema-graph\">{\"@context\":\"https:\/\/schema.org\",\"@graph\":[{\"@type\":\"WebPage\",\"@id\":\"https:\/\/longchangchemical.com\/product\/refined-c5-petroleum-resin-for-tire-rubber-compounding\/\",\"url\":\"https:\/\/longchangchemical.com\/product\/refined-c5-petroleum-resin-for-tire-rubber-compounding\/\",\"name\":\"Refined C5 petroleum resin manufacturer for tire rubber compounding - Longchang Chemical\",\"isPartOf\":{\"@id\":\"https:\/\/longchangchemical.com\/#website\"},\"primaryImageOfPage\":{\"@id\":\"https:\/\/longchangchemical.com\/product\/refined-c5-petroleum-resin-for-tire-rubber-compounding\/#primaryimage\"},\"image\":{\"@id\":\"https:\/\/longchangchemical.com\/product\/refined-c5-petroleum-resin-for-tire-rubber-compounding\/#primaryimage\"},\"thumbnailUrl\":\"https:\/\/longchangchemical.com\/wp-content\/uploads\/2022\/02\/resin.png\",\"datePublished\":\"2022-02-23T05:35:54+00:00\",\"dateModified\":\"2024-04-28T03:18:17+00:00\",\"description\":\"Refined C5 petroleum resin for tire rubber compounding. China Refined C5 petroleum resin manufacturer \uff06 supplier.\",\"breadcrumb\":{\"@id\":\"https:\/\/longchangchemical.com\/product\/refined-c5-petroleum-resin-for-tire-rubber-compounding\/#breadcrumb\"},\"inLanguage\":\"de\",\"potentialAction\":[{\"@type\":\"ReadAction\",\"target\":[\"https:\/\/longchangchemical.com\/product\/refined-c5-petroleum-resin-for-tire-rubber-compounding\/\"]}]},{\"@type\":\"ImageObject\",\"inLanguage\":\"de\",\"@id\":\"https:\/\/longchangchemical.com\/product\/refined-c5-petroleum-resin-for-tire-rubber-compounding\/#primaryimage\",\"url\":\"https:\/\/longchangchemical.com\/wp-content\/uploads\/2022\/02\/resin.png\",\"contentUrl\":\"https:\/\/longchangchemical.com\/wp-content\/uploads\/2022\/02\/resin.png\",\"width\":600,\"height\":600},{\"@type\":\"BreadcrumbList\",\"@id\":\"https:\/\/longchangchemical.com\/product\/refined-c5-petroleum-resin-for-tire-rubber-compounding\/#breadcrumb\",\"itemListElement\":[{\"@type\":\"ListItem\",\"position\":1,\"name\":\"Home\",\"item\":\"https:\/\/longchangchemical.com\/\"},{\"@type\":\"ListItem\",\"position\":2,\"name\":\"Products Longchang\",\"item\":\"https:\/\/longchangchemical.com\/product\/\"},{\"@type\":\"ListItem\",\"position\":3,\"name\":\"Refined C5 petroleum resin for tire rubber compounding\"}]},{\"@type\":\"WebSite\",\"@id\":\"https:\/\/longchangchemical.com\/#website\",\"url\":\"https:\/\/longchangchemical.com\/\",\"name\":\"Longchang Chemical\",\"description\":\"China chemical manufacturer \uff06 supplier\",\"publisher\":{\"@id\":\"https:\/\/longchangchemical.com\/#organization\"},\"potentialAction\":[{\"@type\":\"SearchAction\",\"target\":{\"@type\":\"EntryPoint\",\"urlTemplate\":\"https:\/\/longchangchemical.com\/?s={search_term_string}\"},\"query-input\":{\"@type\":\"PropertyValueSpecification\",\"valueRequired\":true,\"valueName\":\"search_term_string\"}}],\"inLanguage\":\"de\"},{\"@type\":\"Organization\",\"@id\":\"https:\/\/longchangchemical.com\/#organization\",\"name\":\"Longchang Chemical\",\"url\":\"https:\/\/longchangchemical.com\/\",\"logo\":{\"@type\":\"ImageObject\",\"inLanguage\":\"de\",\"@id\":\"https:\/\/longchangchemical.com\/#\/schema\/logo\/image\/\",\"url\":\"https:\/\/longchangchemical.com\/wp-content\/uploads\/2020\/08\/cropped-longchang-logo.png\",\"contentUrl\":\"https:\/\/longchangchemical.com\/wp-content\/uploads\/2020\/08\/cropped-longchang-logo.png\",\"width\":512,\"height\":512,\"caption\":\"Longchang Chemical\"},\"image\":{\"@id\":\"https:\/\/longchangchemical.com\/#\/schema\/logo\/image\/\"}}]}<\/script>\n<!-- \/ Yoast SEO plugin. -->","yoast_head_json":{"title":"Raffiniertes C5-Erd\u00f6lharz f\u00fcr die Herstellung von Gummimischungen f\u00fcr Reifen - Longchang Chemical","description":"Raffiniertes C5-Erd\u00f6lharz f\u00fcr die Gummimischung von Reifen. China Raffiniertes C5-Erd\u00f6lharz Hersteller \uff06 Lieferant.","robots":{"index":"index","follow":"follow","max-snippet":"max-snippet:-1","max-image-preview":"max-image-preview:large","max-video-preview":"max-video-preview:-1"},"canonical":"https:\/\/longchangchemical.com\/de\/product\/refined-c5-petroleum-resin-for-tire-rubber-compounding\/","og_locale":"de_DE","og_type":"article","og_title":"Refined C5 petroleum resin manufacturer for tire rubber compounding - Longchang Chemical","og_description":"Refined C5 petroleum resin for tire rubber compounding. China Refined C5 petroleum resin manufacturer \uff06 supplier.","og_url":"https:\/\/longchangchemical.com\/de\/product\/refined-c5-petroleum-resin-for-tire-rubber-compounding\/","og_site_name":"Longchang Chemical","article_modified_time":"2024-04-28T03:18:17+00:00","og_image":[{"width":600,"height":600,"url":"https:\/\/longchangchemical.com\/wp-content\/uploads\/2022\/02\/resin.png","type":"image\/png"}],"twitter_card":"summary_large_image","schema":{"@context":"https:\/\/schema.org","@graph":[{"@type":"WebPage","@id":"https:\/\/longchangchemical.com\/product\/refined-c5-petroleum-resin-for-tire-rubber-compounding\/","url":"https:\/\/longchangchemical.com\/product\/refined-c5-petroleum-resin-for-tire-rubber-compounding\/","name":"Raffiniertes C5-Erd\u00f6lharz f\u00fcr die Herstellung von Gummimischungen f\u00fcr Reifen - Longchang Chemical","isPartOf":{"@id":"https:\/\/longchangchemical.com\/#website"},"primaryImageOfPage":{"@id":"https:\/\/longchangchemical.com\/product\/refined-c5-petroleum-resin-for-tire-rubber-compounding\/#primaryimage"},"image":{"@id":"https:\/\/longchangchemical.com\/product\/refined-c5-petroleum-resin-for-tire-rubber-compounding\/#primaryimage"},"thumbnailUrl":"https:\/\/longchangchemical.com\/wp-content\/uploads\/2022\/02\/resin.png","datePublished":"2022-02-23T05:35:54+00:00","dateModified":"2024-04-28T03:18:17+00:00","description":"Raffiniertes C5-Erd\u00f6lharz f\u00fcr die Gummimischung von Reifen. China Raffiniertes C5-Erd\u00f6lharz Hersteller \uff06 Lieferant.","breadcrumb":{"@id":"https:\/\/longchangchemical.com\/product\/refined-c5-petroleum-resin-for-tire-rubber-compounding\/#breadcrumb"},"inLanguage":"de","potentialAction":[{"@type":"ReadAction","target":["https:\/\/longchangchemical.com\/product\/refined-c5-petroleum-resin-for-tire-rubber-compounding\/"]}]},{"@type":"ImageObject","inLanguage":"de","@id":"https:\/\/longchangchemical.com\/product\/refined-c5-petroleum-resin-for-tire-rubber-compounding\/#primaryimage","url":"https:\/\/longchangchemical.com\/wp-content\/uploads\/2022\/02\/resin.png","contentUrl":"https:\/\/longchangchemical.com\/wp-content\/uploads\/2022\/02\/resin.png","width":600,"height":600},{"@type":"BreadcrumbList","@id":"https:\/\/longchangchemical.com\/product\/refined-c5-petroleum-resin-for-tire-rubber-compounding\/#breadcrumb","itemListElement":[{"@type":"ListItem","position":1,"name":"Home","item":"https:\/\/longchangchemical.com\/"},{"@type":"ListItem","position":2,"name":"Products Longchang","item":"https:\/\/longchangchemical.com\/product\/"},{"@type":"ListItem","position":3,"name":"Refined C5 petroleum resin for tire rubber compounding"}]},{"@type":"WebSite","@id":"https:\/\/longchangchemical.com\/#website","url":"https:\/\/longchangchemical.com\/","name":"Longchang Chemical","description":"China Hersteller von Chemikalien \uff06 Lieferant","publisher":{"@id":"https:\/\/longchangchemical.com\/#organization"},"potentialAction":[{"@type":"SearchAction","target":{"@type":"EntryPoint","urlTemplate":"https:\/\/longchangchemical.com\/?s={search_term_string}"},"query-input":{"@type":"PropertyValueSpecification","valueRequired":true,"valueName":"search_term_string"}}],"inLanguage":"de"},{"@type":"Organization","@id":"https:\/\/longchangchemical.com\/#organization","name":"Longchang Chemical","url":"https:\/\/longchangchemical.com\/","logo":{"@type":"ImageObject","inLanguage":"de","@id":"https:\/\/longchangchemical.com\/#\/schema\/logo\/image\/","url":"https:\/\/longchangchemical.com\/wp-content\/uploads\/2020\/08\/cropped-longchang-logo.png","contentUrl":"https:\/\/longchangchemical.com\/wp-content\/uploads\/2020\/08\/cropped-longchang-logo.png","width":512,"height":512,"caption":"Longchang Chemical"},"image":{"@id":"https:\/\/longchangchemical.com\/#\/schema\/logo\/image\/"}}]}},"_links":{"self":[{"href":"https:\/\/longchangchemical.com\/de\/wp-json\/wp\/v2\/product\/5081","targetHints":{"allow":["GET"]}}],"collection":[{"href":"https:\/\/longchangchemical.com\/de\/wp-json\/wp\/v2\/product"}],"about":[{"href":"https:\/\/longchangchemical.com\/de\/wp-json\/wp\/v2\/types\/product"}],"replies":[{"embeddable":true,"href":"https:\/\/longchangchemical.com\/de\/wp-json\/wp\/v2\/comments?post=5081"}],"wp:featuredmedia":[{"embeddable":true,"href":"https:\/\/longchangchemical.com\/de\/wp-json\/wp\/v2\/media\/5082"}],"wp:attachment":[{"href":"https:\/\/longchangchemical.com\/de\/wp-json\/wp\/v2\/media?parent=5081"}],"wp:term":[{"taxonomy":"product_brand","embeddable":true,"href":"https:\/\/longchangchemical.com\/de\/wp-json\/wp\/v2\/product_brand?post=5081"},{"taxonomy":"product_cat","embeddable":true,"href":"https:\/\/longchangchemical.com\/de\/wp-json\/wp\/v2\/product_cat?post=5081"},{"taxonomy":"product_tag","embeddable":true,"href":"https:\/\/longchangchemical.com\/de\/wp-json\/wp\/v2\/product_tag?post=5081"}],"curies":[{"name":"wp","href":"https:\/\/api.w.org\/{rel}","templated":true}]}}