{"id":5069,"date":"2022-02-17T03:19:13","date_gmt":"2022-02-17T03:19:13","guid":{"rendered":"https:\/\/longchangchemical.com\/?post_type=product&#038;p=5069"},"modified":"2026-01-13T08:01:36","modified_gmt":"2026-01-13T08:01:36","slug":"benzalkonium-chloride-cas-63449-41-2","status":"publish","type":"product","link":"https:\/\/longchangchemical.com\/de\/product\/benzalkonium-chloride-cas-63449-41-2\/","title":{"rendered":"Benzalkoniumchlorid CAS 63449-41-2"},"content":{"rendered":"<h1><strong>Benzalkoniumchlorid CAS 63449-41-2<\/strong><\/h1>\n<table width=\"477\">\n<tbody>\n<tr>\n<td width=\"223\">Produktname<\/td>\n<td width=\"254\">Benzalkoniumlorid\/BKC\/BKC80%\/BKC80<\/td>\n<\/tr>\n<tr>\n<td width=\"223\">Physische Form<\/td>\n<td width=\"254\">Farblos bis blassgelb Transparente Fl\u00fcssigkeit<\/td>\n<\/tr>\n<tr>\n<td width=\"223\">CAS-Nr.<\/td>\n<td width=\"254\">63449-41-2<\/td>\n<\/tr>\n<tr>\n<td width=\"223\">Aktiver Inhalt<\/td>\n<td width=\"254\">50%; 80%(\u00b11%)<\/td>\n<\/tr>\n<tr>\n<td width=\"223\">pH(10%Aq.Soln.)<\/td>\n<td width=\"254\">6-8<\/td>\n<\/tr>\n<tr>\n<td width=\"223\">Spezifisches Gewicht@25\u00b0C(\u00b12)<\/td>\n<td width=\"254\">0.90-0.95<\/td>\n<\/tr>\n<tr>\n<td width=\"223\">Freies Aminhydrochlorid<\/td>\n<td width=\"254\">NMT3.0%; NMT6.0%;<\/td>\n<\/tr>\n<tr>\n<td width=\"223\">L\u00f6slichkeit<\/td>\n<td width=\"254\">Leicht l\u00f6slich in Wasser und Alkohol<\/td>\n<\/tr>\n<tr>\n<td width=\"223\">Alkalinit\u00e4t\/Azidit\u00e4t<\/td>\n<td width=\"254\">NMT 0,1 ml<\/td>\n<\/tr>\n<\/tbody>\n<\/table>\n<p><strong>Benzalkoniumchlorid Verwendung<\/strong><\/p>\n<p>1. Benzalkoniumchlorid ist ein kationisches Tensid, ein nicht-oxidierendes Bakterizid, mit breitem Spektrum, hocheffiziente Sterilisation und Algizid F\u00e4higkeit, w\u00e4hrend mit einem gewissen Grad der \u00d6l-Entfernung, Desodorierung F\u00e4higkeit und Korrosionsschutz, mit breitem Spektrum, hocheffiziente Sterilisation und Algizid F\u00e4higkeit, Sulfat-reduzierende Bakterien zu t\u00f6ten haben besondere Auswirkungen.<\/p>\n<p>2. Benzalkoniumchlorid ist weniger giftig, keine kumulative Toxizit\u00e4t, und leicht l\u00f6slich in Wasser, im Gegensatz zu Chlor Behandlung von Wasser enth\u00e4lt Restchlor, was sekund\u00e4re Verschmutzung, und ist nicht durch Wasserh\u00e4rte betroffen, so ist es weit verbreitet in der Erd\u00f6l-, Chemie-, Strom-, Textil-und anderen Industrien in der zirkulierenden K\u00fchlwassersystem verwendet werden, um das Wachstum von zirkulierenden K\u00fchlwassersystem Bakterien und Algen zu kontrollieren, zu t\u00f6ten Sulfat reduzierende Bakterien haben besondere Auswirkungen, und hat eine starke Schleim Stripping-Effekt.<\/p>\n<p>3. und hat eine gute Schlamm-Stripping-Effekt und eine bestimmte Dispersion, Penetration, kann wirksam die Vermehrung von Bakterien und Algen im Wasser und Schlamm Wachstum, Eindringen und Entfernen von Schlamm und Strippen von Algen befestigt, und hat die F\u00e4higkeit, \u00d6l zu entfernen, sondern auch die Reinigung \u00d6l-Effekt.<\/p>\n<p>4. Benzalkoniumchlorid kann als Fungizid und Antischimmelmittel, Weichmacher, Antistatikum, Emulgator, Konditionierungsmittel in der Textildruck- und F\u00e4rbeindustrie sowie als antiseptisches und bakterizides Mittel f\u00fcr Feuchtt\u00fccher verwendet werden.<\/p>\n<p><strong>Benzalkoniumchlorid-Paket<\/strong><\/p>\n<p>200 Kilogramm<\/p>\n<h2><strong><b>Kontaktieren Sie uns jetzt!<\/b><\/strong><\/h2>\n<h4><strong><b>Wenn Sie ein COA ben\u00f6tigen, k\u00f6nnen Sie mir eine E-Mail schicken. <a href=\"mailto:info@longchangchemical.com\"><span style=\"color: #00ccff;\">info@longchangchemical.com<\/span><\/a> w\u00e4hrend der Gesch\u00e4ftszeiten ( 8:30 bis 18:00 Uhr UTC+8 Mo.~Sa. ) oder nutzen Sie den Live-Chat auf der Website, um eine schnelle Antwort zu erhalten.<\/b><\/strong><\/h4>","protected":false},"excerpt":{"rendered":"<p>Produktbezeichnung: Benzalkoniumchlorid<\/p>\n<p>CAS-NR.: 63449-41-2<\/p>\n<p>Molekulare Formel: C21H38NCl<\/p>\n<p>Molekulargewicht: 340,0<\/p>\n<p>Chemische Struktur:<img decoding=\"async\" title=\"Benzalkoniumchlorid Struktur\" src=\"https:\/\/www.longchangchemical.com\/wp-content\/uploads\/product-details\/20200616340656.png\" alt=\"Benzalkoniumchlorid Struktur\" width=\"209\" height=\"69\" border=\"0\" vspace=\"0\" \/><\/p>\n<p>\u00c4u\u00dferes Erscheinungsbild: Farblose bis blassgelbe Fl\u00fcssigkeit.<\/p>\n<p>Reinheit: 50%; 80%<\/p>","protected":false},"featured_media":4553,"comment_status":"closed","ping_status":"closed","template":"","meta":[],"product_brand":[],"product_cat":[109],"product_tag":[],"class_list":{"0":"post-5069","1":"product","2":"type-product","3":"status-publish","4":"has-post-thumbnail","6":"product_cat-water-treatment","8":"first","9":"instock","10":"shipping-taxable","11":"product-type-simple"},"yoast_head":"<!-- This site is optimized with the Yoast SEO plugin v25.3.1 - https:\/\/yoast.com\/wordpress\/plugins\/seo\/ -->\n<title>China Benzalkonium chloride manufacturer \uff06 CAS 63449-41-2 supplier - Longchang Chemical<\/title>\n<meta name=\"description\" content=\"China Benzalkonium chloride manufacturer \uff06 CAS 63449-41-2 supplier - Longchang Chemical\" \/>\n<meta name=\"robots\" content=\"index, follow, max-snippet:-1, max-image-preview:large, max-video-preview:-1\" \/>\n<link rel=\"canonical\" href=\"https:\/\/longchangchemical.com\/de\/product\/benzalkonium-chloride-cas-63449-41-2\/\" \/>\n<meta property=\"og:locale\" content=\"de_DE\" \/>\n<meta property=\"og:type\" content=\"article\" \/>\n<meta property=\"og:title\" content=\"China Benzalkonium chloride manufacturer \uff06 CAS 63449-41-2 supplier - Longchang Chemical\" \/>\n<meta property=\"og:description\" content=\"China Benzalkonium chloride manufacturer \uff06 CAS 63449-41-2 supplier - Longchang Chemical\" \/>\n<meta property=\"og:url\" content=\"https:\/\/longchangchemical.com\/de\/product\/benzalkonium-chloride-cas-63449-41-2\/\" \/>\n<meta property=\"og:site_name\" content=\"Longchang Chemical\" \/>\n<meta property=\"article:modified_time\" content=\"2026-01-13T08:01:36+00:00\" \/>\n<meta property=\"og:image\" content=\"https:\/\/longchangchemical.com\/wp-content\/uploads\/2021\/01\/Appearance-20.jpg\" \/>\n\t<meta property=\"og:image:width\" content=\"600\" \/>\n\t<meta property=\"og:image:height\" content=\"800\" \/>\n\t<meta property=\"og:image:type\" content=\"image\/jpeg\" \/>\n<meta name=\"twitter:card\" content=\"summary_large_image\" \/>\n<script type=\"application\/ld+json\" class=\"yoast-schema-graph\">{\"@context\":\"https:\/\/schema.org\",\"@graph\":[{\"@type\":\"WebPage\",\"@id\":\"https:\/\/longchangchemical.com\/product\/benzalkonium-chloride-cas-63449-41-2\/\",\"url\":\"https:\/\/longchangchemical.com\/product\/benzalkonium-chloride-cas-63449-41-2\/\",\"name\":\"China Benzalkonium chloride manufacturer \uff06 CAS 63449-41-2 supplier - Longchang Chemical\",\"isPartOf\":{\"@id\":\"https:\/\/longchangchemical.com\/#website\"},\"primaryImageOfPage\":{\"@id\":\"https:\/\/longchangchemical.com\/product\/benzalkonium-chloride-cas-63449-41-2\/#primaryimage\"},\"image\":{\"@id\":\"https:\/\/longchangchemical.com\/product\/benzalkonium-chloride-cas-63449-41-2\/#primaryimage\"},\"thumbnailUrl\":\"https:\/\/longchangchemical.com\/wp-content\/uploads\/2021\/01\/Appearance-20.jpg\",\"datePublished\":\"2022-02-17T03:19:13+00:00\",\"dateModified\":\"2026-01-13T08:01:36+00:00\",\"description\":\"China Benzalkonium chloride manufacturer \uff06 CAS 63449-41-2 supplier - Longchang Chemical\",\"breadcrumb\":{\"@id\":\"https:\/\/longchangchemical.com\/product\/benzalkonium-chloride-cas-63449-41-2\/#breadcrumb\"},\"inLanguage\":\"de\",\"potentialAction\":[{\"@type\":\"ReadAction\",\"target\":[\"https:\/\/longchangchemical.com\/product\/benzalkonium-chloride-cas-63449-41-2\/\"]}]},{\"@type\":\"ImageObject\",\"inLanguage\":\"de\",\"@id\":\"https:\/\/longchangchemical.com\/product\/benzalkonium-chloride-cas-63449-41-2\/#primaryimage\",\"url\":\"https:\/\/longchangchemical.com\/wp-content\/uploads\/2021\/01\/Appearance-20.jpg\",\"contentUrl\":\"https:\/\/longchangchemical.com\/wp-content\/uploads\/2021\/01\/Appearance-20.jpg\",\"width\":600,\"height\":800},{\"@type\":\"BreadcrumbList\",\"@id\":\"https:\/\/longchangchemical.com\/product\/benzalkonium-chloride-cas-63449-41-2\/#breadcrumb\",\"itemListElement\":[{\"@type\":\"ListItem\",\"position\":1,\"name\":\"Home\",\"item\":\"https:\/\/longchangchemical.com\/\"},{\"@type\":\"ListItem\",\"position\":2,\"name\":\"Products Longchang\",\"item\":\"https:\/\/longchangchemical.com\/product\/\"},{\"@type\":\"ListItem\",\"position\":3,\"name\":\"Benzalkonium chloride CAS 63449-41-2\"}]},{\"@type\":\"WebSite\",\"@id\":\"https:\/\/longchangchemical.com\/#website\",\"url\":\"https:\/\/longchangchemical.com\/\",\"name\":\"Longchang Chemical\",\"description\":\"China chemical manufacturer \uff06 supplier\",\"publisher\":{\"@id\":\"https:\/\/longchangchemical.com\/#organization\"},\"potentialAction\":[{\"@type\":\"SearchAction\",\"target\":{\"@type\":\"EntryPoint\",\"urlTemplate\":\"https:\/\/longchangchemical.com\/?s={search_term_string}\"},\"query-input\":{\"@type\":\"PropertyValueSpecification\",\"valueRequired\":true,\"valueName\":\"search_term_string\"}}],\"inLanguage\":\"de\"},{\"@type\":\"Organization\",\"@id\":\"https:\/\/longchangchemical.com\/#organization\",\"name\":\"Longchang Chemical\",\"url\":\"https:\/\/longchangchemical.com\/\",\"logo\":{\"@type\":\"ImageObject\",\"inLanguage\":\"de\",\"@id\":\"https:\/\/longchangchemical.com\/#\/schema\/logo\/image\/\",\"url\":\"https:\/\/longchangchemical.com\/wp-content\/uploads\/2020\/08\/cropped-longchang-logo.png\",\"contentUrl\":\"https:\/\/longchangchemical.com\/wp-content\/uploads\/2020\/08\/cropped-longchang-logo.png\",\"width\":512,\"height\":512,\"caption\":\"Longchang Chemical\"},\"image\":{\"@id\":\"https:\/\/longchangchemical.com\/#\/schema\/logo\/image\/\"}}]}<\/script>\n<!-- \/ Yoast SEO plugin. -->","yoast_head_json":{"title":"China Benzalkoniumchlorid Hersteller \uff06 CAS 63449-41-2 Lieferant - Longchang Chemical","description":"China Benzalkoniumchlorid Hersteller \uff06 CAS 63449-41-2 Lieferant - Longchang Chemical","robots":{"index":"index","follow":"follow","max-snippet":"max-snippet:-1","max-image-preview":"max-image-preview:large","max-video-preview":"max-video-preview:-1"},"canonical":"https:\/\/longchangchemical.com\/de\/product\/benzalkonium-chloride-cas-63449-41-2\/","og_locale":"de_DE","og_type":"article","og_title":"China Benzalkonium chloride manufacturer \uff06 CAS 63449-41-2 supplier - Longchang Chemical","og_description":"China Benzalkonium chloride manufacturer \uff06 CAS 63449-41-2 supplier - Longchang Chemical","og_url":"https:\/\/longchangchemical.com\/de\/product\/benzalkonium-chloride-cas-63449-41-2\/","og_site_name":"Longchang Chemical","article_modified_time":"2026-01-13T08:01:36+00:00","og_image":[{"width":600,"height":800,"url":"https:\/\/longchangchemical.com\/wp-content\/uploads\/2021\/01\/Appearance-20.jpg","type":"image\/jpeg"}],"twitter_card":"summary_large_image","schema":{"@context":"https:\/\/schema.org","@graph":[{"@type":"WebPage","@id":"https:\/\/longchangchemical.com\/product\/benzalkonium-chloride-cas-63449-41-2\/","url":"https:\/\/longchangchemical.com\/product\/benzalkonium-chloride-cas-63449-41-2\/","name":"China Benzalkoniumchlorid Hersteller \uff06 CAS 63449-41-2 Lieferant - Longchang Chemical","isPartOf":{"@id":"https:\/\/longchangchemical.com\/#website"},"primaryImageOfPage":{"@id":"https:\/\/longchangchemical.com\/product\/benzalkonium-chloride-cas-63449-41-2\/#primaryimage"},"image":{"@id":"https:\/\/longchangchemical.com\/product\/benzalkonium-chloride-cas-63449-41-2\/#primaryimage"},"thumbnailUrl":"https:\/\/longchangchemical.com\/wp-content\/uploads\/2021\/01\/Appearance-20.jpg","datePublished":"2022-02-17T03:19:13+00:00","dateModified":"2026-01-13T08:01:36+00:00","description":"China Benzalkoniumchlorid Hersteller \uff06 CAS 63449-41-2 Lieferant - Longchang Chemical","breadcrumb":{"@id":"https:\/\/longchangchemical.com\/product\/benzalkonium-chloride-cas-63449-41-2\/#breadcrumb"},"inLanguage":"de","potentialAction":[{"@type":"ReadAction","target":["https:\/\/longchangchemical.com\/product\/benzalkonium-chloride-cas-63449-41-2\/"]}]},{"@type":"ImageObject","inLanguage":"de","@id":"https:\/\/longchangchemical.com\/product\/benzalkonium-chloride-cas-63449-41-2\/#primaryimage","url":"https:\/\/longchangchemical.com\/wp-content\/uploads\/2021\/01\/Appearance-20.jpg","contentUrl":"https:\/\/longchangchemical.com\/wp-content\/uploads\/2021\/01\/Appearance-20.jpg","width":600,"height":800},{"@type":"BreadcrumbList","@id":"https:\/\/longchangchemical.com\/product\/benzalkonium-chloride-cas-63449-41-2\/#breadcrumb","itemListElement":[{"@type":"ListItem","position":1,"name":"Home","item":"https:\/\/longchangchemical.com\/"},{"@type":"ListItem","position":2,"name":"Products Longchang","item":"https:\/\/longchangchemical.com\/product\/"},{"@type":"ListItem","position":3,"name":"Benzalkonium chloride CAS 63449-41-2"}]},{"@type":"WebSite","@id":"https:\/\/longchangchemical.com\/#website","url":"https:\/\/longchangchemical.com\/","name":"Longchang Chemical","description":"China Hersteller von Chemikalien \uff06 Lieferant","publisher":{"@id":"https:\/\/longchangchemical.com\/#organization"},"potentialAction":[{"@type":"SearchAction","target":{"@type":"EntryPoint","urlTemplate":"https:\/\/longchangchemical.com\/?s={search_term_string}"},"query-input":{"@type":"PropertyValueSpecification","valueRequired":true,"valueName":"search_term_string"}}],"inLanguage":"de"},{"@type":"Organization","@id":"https:\/\/longchangchemical.com\/#organization","name":"Longchang Chemical","url":"https:\/\/longchangchemical.com\/","logo":{"@type":"ImageObject","inLanguage":"de","@id":"https:\/\/longchangchemical.com\/#\/schema\/logo\/image\/","url":"https:\/\/longchangchemical.com\/wp-content\/uploads\/2020\/08\/cropped-longchang-logo.png","contentUrl":"https:\/\/longchangchemical.com\/wp-content\/uploads\/2020\/08\/cropped-longchang-logo.png","width":512,"height":512,"caption":"Longchang Chemical"},"image":{"@id":"https:\/\/longchangchemical.com\/#\/schema\/logo\/image\/"}}]}},"_links":{"self":[{"href":"https:\/\/longchangchemical.com\/de\/wp-json\/wp\/v2\/product\/5069","targetHints":{"allow":["GET"]}}],"collection":[{"href":"https:\/\/longchangchemical.com\/de\/wp-json\/wp\/v2\/product"}],"about":[{"href":"https:\/\/longchangchemical.com\/de\/wp-json\/wp\/v2\/types\/product"}],"replies":[{"embeddable":true,"href":"https:\/\/longchangchemical.com\/de\/wp-json\/wp\/v2\/comments?post=5069"}],"wp:featuredmedia":[{"embeddable":true,"href":"https:\/\/longchangchemical.com\/de\/wp-json\/wp\/v2\/media\/4553"}],"wp:attachment":[{"href":"https:\/\/longchangchemical.com\/de\/wp-json\/wp\/v2\/media?parent=5069"}],"wp:term":[{"taxonomy":"product_brand","embeddable":true,"href":"https:\/\/longchangchemical.com\/de\/wp-json\/wp\/v2\/product_brand?post=5069"},{"taxonomy":"product_cat","embeddable":true,"href":"https:\/\/longchangchemical.com\/de\/wp-json\/wp\/v2\/product_cat?post=5069"},{"taxonomy":"product_tag","embeddable":true,"href":"https:\/\/longchangchemical.com\/de\/wp-json\/wp\/v2\/product_tag?post=5069"}],"curies":[{"name":"wp","href":"https:\/\/api.w.org\/{rel}","templated":true}]}}