{"id":4848,"date":"2021-11-23T15:05:50","date_gmt":"2021-11-23T15:05:50","guid":{"rendered":"https:\/\/longchangchemical.com\/?post_type=product&#038;p=4848"},"modified":"2022-04-07T04:43:09","modified_gmt":"2022-04-07T04:43:09","slug":"soresyn5100","status":"publish","type":"product","link":"https:\/\/longchangchemical.com\/de\/product\/soresyn5100\/","title":{"rendered":"Soresyn\u00ae5100"},"content":{"rendered":"<h1>Was ist Soresyn\u00ae5100?<\/h1>\n<h4>Soresyn\u00ae5100 ist ein hydriertes DCPD-Harz, das Dicyclopentadien als Rohstoff verwendet. Das fertige Produkt ist ein wasserwei\u00dfer Feststoff, geruchlos, mit ausgezeichneter thermischer Stabilit\u00e4t, starker Wasserfestigkeit und UV-Best\u00e4ndigkeit, und EVA, SIS, SBS, SEBS, APP, APAO sind gut vertr\u00e4glich. Es kann in Schmelzklebstoffen, Haftklebstoffen, Klebeb\u00e4ndern, Etiketten, sanit\u00e4ren Materialien, Gummimischungen und anderen Bereichen eingesetzt werden.<\/h4>\n<h2><strong>Soresyn\u00ae5100 Verpackung<\/strong><\/h2>\n<h4>F\u00fcr die Produktverpackung sollten Polypropylen-Gewebes\u00e4cke verwendet werden, die mit Polyethylen-Foliens\u00e4cken oder anderen Verpackungsbedingungen ausgekleidet sind. Die Verpackungsmaterialien sollten sicherstellen, dass sie w\u00e4hrend des Transports, des Stapelns und der Lagerung nicht verschmutzt oder ausgelaufen sind, und der Nettoinhalt ist 25KG, 500KG ohne Verschlei\u00df.<\/h4>\n<h2><strong>Soresyn\u00ae5100 Transport<\/strong><\/h2>\n<h4>Dieses Produkt ist ungef\u00e4hrlich. Es ist strengstens verboten, w\u00e4hrend des Transports und des Be- und Entladens scharfe Werkzeuge wie z. B. Eisenhaken zu verwenden, und es darf nicht geworfen werden. Das Transportmittel sollte sauber und trocken gehalten werden und \u00fcber einen Schuppen verf\u00fcgen. W\u00e4hrend des Transports darf es nicht mit Sand, Metallbruch, Kohle, Glas usw. vermischt werden, und es darf nicht mit giftigen, \u00e4tzenden oder brennbaren Materialien vermischt werden. Es darf weder der Sonne noch dem Regen ausgesetzt werden. Duschen.<\/h4>\n<p>&nbsp;<\/p>\n<h2><strong><b>Kontaktieren Sie uns jetzt!<\/b><\/strong><\/h2>\n<h4><strong><b>Wenn Sie COA oder TDS ben\u00f6tigen, tragen Sie bitte Ihre Kontaktdaten in das unten stehende Formular ein. Wir werden uns in der Regel innerhalb von 24 Stunden mit Ihnen in Verbindung setzen. Sie k\u00f6nnen mir auch eine E-Mail schicken <span style=\"color: #0000ff;\"><a style=\"color: #0000ff;\" href=\"mailto:info@longchangchemical.com\">info@longchangchemical.com<\/a><\/span> w\u00e4hrend der Gesch\u00e4ftszeiten ( 8:30 bis 18:00 Uhr UTC+8 Mo.~Sa. ) oder nutzen Sie den Live-Chat auf der Website, um eine schnelle Antwort zu erhalten.<\/b><\/strong><\/h4>","protected":false},"excerpt":{"rendered":"<p>Was ist Soresyn\u00ae5100? Soresyn\u00ae5100 ist ein hydriertes DCPD-Harz, das Dicyclopentadien als Rohstoff verwendet. Das fertige Produkt ist ein wasserwei\u00dfer Feststoff, geruchlos, mit ausgezeichneter thermischer Stabilit\u00e4t, starker Wasserfestigkeit und UV-Best\u00e4ndigkeit, und EVA, SIS, SBS, SEBS, APP, APAO sind gut vertr\u00e4glich. Es findet breite Anwendung in Schmelzklebstoffen, Haftklebstoffen, Klebeb\u00e4ndern, Etiketten, sanit\u00e4ren Materialien, [...]<\/p>","protected":false},"featured_media":4849,"comment_status":"open","ping_status":"closed","template":"","meta":[],"product_brand":[],"product_cat":[69,116],"product_tag":[],"class_list":{"0":"post-4848","1":"product","2":"type-product","3":"status-publish","4":"has-post-thumbnail","6":"product_cat-catalysts-chemical-auxiliary-agents","7":"product_cat-soresyn-resin","9":"first","10":"instock","11":"shipping-taxable","12":"product-type-simple"},"yoast_head":"<!-- This site is optimized with the Yoast SEO plugin v25.3.1 - https:\/\/yoast.com\/wordpress\/plugins\/seo\/ -->\n<title>China Soresyn\u00ae5100 C5 Hydrogenated DCPD resin Manufacturer - Longchang Chemical<\/title>\n<meta name=\"description\" content=\"Longchang Chemical is a China Soresyn\u00ae5100 C5 Hydrogenated DCPD resin Manufacturer and supplier. We can provide best Hydrogenated DCPD resin price. It can be widely used in hot-melt adhesives, pressure-sensitive adhesives, tapes, labels, sanitary materials, rubber mixing and other fields.\" \/>\n<meta name=\"robots\" content=\"index, follow, max-snippet:-1, max-image-preview:large, max-video-preview:-1\" \/>\n<link rel=\"canonical\" href=\"https:\/\/longchangchemical.com\/de\/product\/soresyn5100\/\" \/>\n<meta property=\"og:locale\" content=\"de_DE\" \/>\n<meta property=\"og:type\" content=\"article\" \/>\n<meta property=\"og:title\" content=\"China Soresyn\u00ae5100 C5 Hydrogenated DCPD resin Manufacturer - Longchang Chemical\" \/>\n<meta property=\"og:description\" content=\"Longchang Chemical is a China Soresyn\u00ae5100 C5 Hydrogenated DCPD resin Manufacturer and supplier. We can provide best Hydrogenated DCPD resin price. It can be widely used in hot-melt adhesives, pressure-sensitive adhesives, tapes, labels, sanitary materials, rubber mixing and other fields.\" \/>\n<meta property=\"og:url\" content=\"https:\/\/longchangchemical.com\/de\/product\/soresyn5100\/\" \/>\n<meta property=\"og:site_name\" content=\"Longchang Chemical\" \/>\n<meta property=\"article:modified_time\" content=\"2022-04-07T04:43:09+00:00\" \/>\n<meta property=\"og:image\" content=\"https:\/\/longchangchemical.com\/wp-content\/uploads\/2021\/11\/5100-Appearance.jpg\" \/>\n\t<meta property=\"og:image:width\" content=\"600\" \/>\n\t<meta property=\"og:image:height\" content=\"800\" \/>\n\t<meta property=\"og:image:type\" content=\"image\/jpeg\" \/>\n<meta name=\"twitter:card\" content=\"summary_large_image\" \/>\n<script type=\"application\/ld+json\" class=\"yoast-schema-graph\">{\"@context\":\"https:\/\/schema.org\",\"@graph\":[{\"@type\":\"WebPage\",\"@id\":\"https:\/\/longchangchemical.com\/product\/soresyn5100\/\",\"url\":\"https:\/\/longchangchemical.com\/product\/soresyn5100\/\",\"name\":\"China Soresyn\u00ae5100 C5 Hydrogenated DCPD resin Manufacturer - Longchang Chemical\",\"isPartOf\":{\"@id\":\"https:\/\/longchangchemical.com\/#website\"},\"primaryImageOfPage\":{\"@id\":\"https:\/\/longchangchemical.com\/product\/soresyn5100\/#primaryimage\"},\"image\":{\"@id\":\"https:\/\/longchangchemical.com\/product\/soresyn5100\/#primaryimage\"},\"thumbnailUrl\":\"https:\/\/longchangchemical.com\/wp-content\/uploads\/2021\/11\/5100-Appearance.jpg\",\"datePublished\":\"2021-11-23T15:05:50+00:00\",\"dateModified\":\"2022-04-07T04:43:09+00:00\",\"description\":\"Longchang Chemical is a China Soresyn\u00ae5100 C5 Hydrogenated DCPD resin Manufacturer and supplier. We can provide best Hydrogenated DCPD resin price. It can be widely used in hot-melt adhesives, pressure-sensitive adhesives, tapes, labels, sanitary materials, rubber mixing and other fields.\",\"breadcrumb\":{\"@id\":\"https:\/\/longchangchemical.com\/product\/soresyn5100\/#breadcrumb\"},\"inLanguage\":\"de\",\"potentialAction\":[{\"@type\":\"ReadAction\",\"target\":[\"https:\/\/longchangchemical.com\/product\/soresyn5100\/\"]}]},{\"@type\":\"ImageObject\",\"inLanguage\":\"de\",\"@id\":\"https:\/\/longchangchemical.com\/product\/soresyn5100\/#primaryimage\",\"url\":\"https:\/\/longchangchemical.com\/wp-content\/uploads\/2021\/11\/5100-Appearance.jpg\",\"contentUrl\":\"https:\/\/longchangchemical.com\/wp-content\/uploads\/2021\/11\/5100-Appearance.jpg\",\"width\":600,\"height\":800,\"caption\":\"A1085-Appearance\"},{\"@type\":\"BreadcrumbList\",\"@id\":\"https:\/\/longchangchemical.com\/product\/soresyn5100\/#breadcrumb\",\"itemListElement\":[{\"@type\":\"ListItem\",\"position\":1,\"name\":\"Home\",\"item\":\"https:\/\/longchangchemical.com\/\"},{\"@type\":\"ListItem\",\"position\":2,\"name\":\"Products Longchang\",\"item\":\"https:\/\/longchangchemical.com\/product\/\"},{\"@type\":\"ListItem\",\"position\":3,\"name\":\"Soresyn\u00ae5100\"}]},{\"@type\":\"WebSite\",\"@id\":\"https:\/\/longchangchemical.com\/#website\",\"url\":\"https:\/\/longchangchemical.com\/\",\"name\":\"Longchang Chemical\",\"description\":\"China chemical manufacturer \uff06 supplier\",\"publisher\":{\"@id\":\"https:\/\/longchangchemical.com\/#organization\"},\"potentialAction\":[{\"@type\":\"SearchAction\",\"target\":{\"@type\":\"EntryPoint\",\"urlTemplate\":\"https:\/\/longchangchemical.com\/?s={search_term_string}\"},\"query-input\":{\"@type\":\"PropertyValueSpecification\",\"valueRequired\":true,\"valueName\":\"search_term_string\"}}],\"inLanguage\":\"de\"},{\"@type\":\"Organization\",\"@id\":\"https:\/\/longchangchemical.com\/#organization\",\"name\":\"Longchang Chemical\",\"url\":\"https:\/\/longchangchemical.com\/\",\"logo\":{\"@type\":\"ImageObject\",\"inLanguage\":\"de\",\"@id\":\"https:\/\/longchangchemical.com\/#\/schema\/logo\/image\/\",\"url\":\"https:\/\/longchangchemical.com\/wp-content\/uploads\/2020\/08\/cropped-longchang-logo.png\",\"contentUrl\":\"https:\/\/longchangchemical.com\/wp-content\/uploads\/2020\/08\/cropped-longchang-logo.png\",\"width\":512,\"height\":512,\"caption\":\"Longchang Chemical\"},\"image\":{\"@id\":\"https:\/\/longchangchemical.com\/#\/schema\/logo\/image\/\"}}]}<\/script>\n<!-- \/ Yoast SEO plugin. -->","yoast_head_json":{"title":"China Soresyn\u00ae5100 C5 Hydriertes DCPD-Harz Hersteller - Longchang Chemical","description":"Longchang Chemical ist ein China Soresyn\u00ae5100 C5 hydriertes DCPD-Harz Hersteller und Lieferant. Wir k\u00f6nnen beste hydrierte DCPD-Harz Preis bieten. Es kann weithin in Schmelzklebstoffen, druckempfindlichen Klebstoffen, B\u00e4ndern, Etiketten, Sanit\u00e4rmaterialien, Gummimischungen und anderen Bereichen verwendet werden.","robots":{"index":"index","follow":"follow","max-snippet":"max-snippet:-1","max-image-preview":"max-image-preview:large","max-video-preview":"max-video-preview:-1"},"canonical":"https:\/\/longchangchemical.com\/de\/product\/soresyn5100\/","og_locale":"de_DE","og_type":"article","og_title":"China Soresyn\u00ae5100 C5 Hydrogenated DCPD resin Manufacturer - Longchang Chemical","og_description":"Longchang Chemical is a China Soresyn\u00ae5100 C5 Hydrogenated DCPD resin Manufacturer and supplier. We can provide best Hydrogenated DCPD resin price. It can be widely used in hot-melt adhesives, pressure-sensitive adhesives, tapes, labels, sanitary materials, rubber mixing and other fields.","og_url":"https:\/\/longchangchemical.com\/de\/product\/soresyn5100\/","og_site_name":"Longchang Chemical","article_modified_time":"2022-04-07T04:43:09+00:00","og_image":[{"width":600,"height":800,"url":"https:\/\/longchangchemical.com\/wp-content\/uploads\/2021\/11\/5100-Appearance.jpg","type":"image\/jpeg"}],"twitter_card":"summary_large_image","schema":{"@context":"https:\/\/schema.org","@graph":[{"@type":"WebPage","@id":"https:\/\/longchangchemical.com\/product\/soresyn5100\/","url":"https:\/\/longchangchemical.com\/product\/soresyn5100\/","name":"China Soresyn\u00ae5100 C5 Hydriertes DCPD-Harz Hersteller - Longchang Chemical","isPartOf":{"@id":"https:\/\/longchangchemical.com\/#website"},"primaryImageOfPage":{"@id":"https:\/\/longchangchemical.com\/product\/soresyn5100\/#primaryimage"},"image":{"@id":"https:\/\/longchangchemical.com\/product\/soresyn5100\/#primaryimage"},"thumbnailUrl":"https:\/\/longchangchemical.com\/wp-content\/uploads\/2021\/11\/5100-Appearance.jpg","datePublished":"2021-11-23T15:05:50+00:00","dateModified":"2022-04-07T04:43:09+00:00","description":"Longchang Chemical ist ein China Soresyn\u00ae5100 C5 hydriertes DCPD-Harz Hersteller und Lieferant. Wir k\u00f6nnen beste hydrierte DCPD-Harz Preis bieten. Es kann weithin in Schmelzklebstoffen, druckempfindlichen Klebstoffen, B\u00e4ndern, Etiketten, Sanit\u00e4rmaterialien, Gummimischungen und anderen Bereichen verwendet werden.","breadcrumb":{"@id":"https:\/\/longchangchemical.com\/product\/soresyn5100\/#breadcrumb"},"inLanguage":"de","potentialAction":[{"@type":"ReadAction","target":["https:\/\/longchangchemical.com\/product\/soresyn5100\/"]}]},{"@type":"ImageObject","inLanguage":"de","@id":"https:\/\/longchangchemical.com\/product\/soresyn5100\/#primaryimage","url":"https:\/\/longchangchemical.com\/wp-content\/uploads\/2021\/11\/5100-Appearance.jpg","contentUrl":"https:\/\/longchangchemical.com\/wp-content\/uploads\/2021\/11\/5100-Appearance.jpg","width":600,"height":800,"caption":"A1085-Appearance"},{"@type":"BreadcrumbList","@id":"https:\/\/longchangchemical.com\/product\/soresyn5100\/#breadcrumb","itemListElement":[{"@type":"ListItem","position":1,"name":"Home","item":"https:\/\/longchangchemical.com\/"},{"@type":"ListItem","position":2,"name":"Products Longchang","item":"https:\/\/longchangchemical.com\/product\/"},{"@type":"ListItem","position":3,"name":"Soresyn\u00ae5100"}]},{"@type":"WebSite","@id":"https:\/\/longchangchemical.com\/#website","url":"https:\/\/longchangchemical.com\/","name":"Longchang Chemical","description":"China Hersteller von Chemikalien \uff06 Lieferant","publisher":{"@id":"https:\/\/longchangchemical.com\/#organization"},"potentialAction":[{"@type":"SearchAction","target":{"@type":"EntryPoint","urlTemplate":"https:\/\/longchangchemical.com\/?s={search_term_string}"},"query-input":{"@type":"PropertyValueSpecification","valueRequired":true,"valueName":"search_term_string"}}],"inLanguage":"de"},{"@type":"Organization","@id":"https:\/\/longchangchemical.com\/#organization","name":"Longchang Chemical","url":"https:\/\/longchangchemical.com\/","logo":{"@type":"ImageObject","inLanguage":"de","@id":"https:\/\/longchangchemical.com\/#\/schema\/logo\/image\/","url":"https:\/\/longchangchemical.com\/wp-content\/uploads\/2020\/08\/cropped-longchang-logo.png","contentUrl":"https:\/\/longchangchemical.com\/wp-content\/uploads\/2020\/08\/cropped-longchang-logo.png","width":512,"height":512,"caption":"Longchang Chemical"},"image":{"@id":"https:\/\/longchangchemical.com\/#\/schema\/logo\/image\/"}}]}},"_links":{"self":[{"href":"https:\/\/longchangchemical.com\/de\/wp-json\/wp\/v2\/product\/4848","targetHints":{"allow":["GET"]}}],"collection":[{"href":"https:\/\/longchangchemical.com\/de\/wp-json\/wp\/v2\/product"}],"about":[{"href":"https:\/\/longchangchemical.com\/de\/wp-json\/wp\/v2\/types\/product"}],"replies":[{"embeddable":true,"href":"https:\/\/longchangchemical.com\/de\/wp-json\/wp\/v2\/comments?post=4848"}],"wp:featuredmedia":[{"embeddable":true,"href":"https:\/\/longchangchemical.com\/de\/wp-json\/wp\/v2\/media\/4849"}],"wp:attachment":[{"href":"https:\/\/longchangchemical.com\/de\/wp-json\/wp\/v2\/media?parent=4848"}],"wp:term":[{"taxonomy":"product_brand","embeddable":true,"href":"https:\/\/longchangchemical.com\/de\/wp-json\/wp\/v2\/product_brand?post=4848"},{"taxonomy":"product_cat","embeddable":true,"href":"https:\/\/longchangchemical.com\/de\/wp-json\/wp\/v2\/product_cat?post=4848"},{"taxonomy":"product_tag","embeddable":true,"href":"https:\/\/longchangchemical.com\/de\/wp-json\/wp\/v2\/product_tag?post=4848"}],"curies":[{"name":"wp","href":"https:\/\/api.w.org\/{rel}","templated":true}]}}