{"id":4794,"date":"2021-10-08T14:19:29","date_gmt":"2021-10-08T14:19:29","guid":{"rendered":"https:\/\/longchangchemical.com\/?post_type=product&#038;p=4794"},"modified":"2025-12-15T08:45:05","modified_gmt":"2025-12-15T08:45:05","slug":"dotp-cas-6422-86-2","status":"publish","type":"product","link":"https:\/\/longchangchemical.com\/de\/product\/dotp-cas-6422-86-2\/","title":{"rendered":"CHLUMIFLEX\u00ae DOTP \/ Dioctylterephthalat CAS 6422-86-2"},"content":{"rendered":"<h1><strong>Dioctylterephthalat DOTP CAS 6422-86-2<\/strong><\/h1>\n<table class=\"table-1\">\n<tbody>\n<tr>\n<td width=\"316\"><strong><b>Test<\/b><\/strong><strong><b>\u00a0Artikel<\/b><\/strong><\/td>\n<td width=\"210\"><strong><b>Spezifikation<\/b><\/strong><\/td>\n<\/tr>\n<tr>\n<td width=\"316\">Erscheinungsbild<\/td>\n<td width=\"210\">Farblose transparente Fl\u00fcssigkeit<\/td>\n<\/tr>\n<tr>\n<td width=\"316\">Farbe\uff08APHA\uff09<\/td>\n<td width=\"210\">\u226420<\/td>\n<\/tr>\n<tr>\n<td width=\"316\">S\u00e4ure(mgKOH\/g)<\/td>\n<td width=\"210\">0.02<\/td>\n<\/tr>\n<tr>\n<td width=\"316\">Dichte\uff0820\u2103\uff09\uff0cg\/cm3<\/td>\n<td width=\"210\">0.981-0.985<\/td>\n<\/tr>\n<tr>\n<td width=\"316\">Flammpunkt\uff08\u2103\uff09<\/td>\n<td width=\"210\">210<\/td>\n<\/tr>\n<tr>\n<td width=\"316\">Inhalt\uff08%\uff09<\/td>\n<td width=\"210\">99.5<\/td>\n<\/tr>\n<tr>\n<td width=\"316\">Wasser\uff08%\uff09<\/td>\n<td width=\"210\">0.03<\/td>\n<\/tr>\n<tr>\n<td width=\"316\">Durchgangswiderstand *10<sup>10<\/sup>\u03a9.m\u2265<\/td>\n<td width=\"210\">2<\/td>\n<\/tr>\n<\/tbody>\n<\/table>\n<p>&nbsp;<\/p>\n<h2><strong>Dioctylterephthalat Verwendung<\/strong><\/h2>\n<p>1. Dioctylterephthalat (DOTP) ist ein ausgezeichneter Hauptweichmacher f\u00fcr Polyvinylchlorid (PVC)-Kunststoffe.<\/p>\n<p>2. Verglichen mit dem derzeit h\u00e4ufig verwendeten Diisooctylphthalat (DOP) hat es die Vorteile der Hitzebest\u00e4ndigkeit, K\u00e4ltebest\u00e4ndigkeit, schwer zu verfl\u00fcchtigen, Best\u00e4ndigkeit gegen Extraktion, Flexibilit\u00e4t und elektrische Isolierung Leistung, etc. und zeigt eine hervorragende Leistung in Produkten Langlebigkeit, Seifenwasserbest\u00e4ndigkeit und Flexibilit\u00e4t bei niedrigen Temperaturen.<\/p>\n<p>3. Aufgrund seiner geringen Fl\u00fcchtigkeit kann die Verwendung von DOTP vollst\u00e4ndig die Temperaturbest\u00e4ndigkeit Anforderungen von Dr\u00e4hten und Kabeln zu erf\u00fcllen, und kann weit in 70 \u2103 resistent Kabel Materialien und andere verschiedene PVC-Weichprodukte verwendet werden.<\/p>\n<p>4. Neben einer Vielzahl von Weichmachern, die in Kabelmaterialien und PVC verwendet werden, kann DOTP auch bei der Herstellung von Kunstlederfolien eingesetzt werden. Dar\u00fcber hinaus hat DOTP eine ausgezeichnete Kompatibilit\u00e4t und kann auch als Weichmacher f\u00fcr Acrylnitril-Derivate, Polyvinylbutyral, Nitrilkautschuk, Nitrocellulose usw. sowie als Weichmacher f\u00fcr synthetischen Kautschuk, Farbadditive, Schmiermittel f\u00fcr Pr\u00e4zisionsinstrumente, Schmierstoffadditive und auch als Weichmacher f\u00fcr Papier verwendet werden.<\/p>\n<p>Dieses Produkt kann 1,4-Benzenedicarbons\u00e4ure, 1,4-Bis(2-ethylhexyl)ester; ADK Cizer D 810; Bis(2-ethylhexyl)terephthalat; DEHTP; Di-(2-ethylhexyl)terephthalat; Eastman 168; Eastman TM 168; Kodaflex DOTP; Palatinol DOTP; Weichmacher 168; Terephthals\u00e4ure, Bis(2-ethylhexyl)ester ersetzen.<\/p>\n<h2><strong>Dioctylterephthalat Verpackung und Versand<\/strong><\/h2>\n<p>Verpackung: 200kg\/Fass, 16tons\/20'Container mit Paletten<\/p>\n<p>&nbsp;<\/p>\n<h2><strong>Dioctylterephthalat Lagerung<\/strong><\/h2>\n<p>Dunkel und trocken bei Zimmertemperatur lagern.<\/p>\n<p>&nbsp;<\/p>\n<h2><strong>Flammhemmende Weichmacher der gleichen Serie<\/strong><\/h2>\n<table style=\"border-collapse: collapse; width: 374.27pt;\" border=\"0\" width=\"499\" cellspacing=\"0\" cellpadding=\"0\">\n<tbody>\n<tr style=\"height: 21.00pt;\">\n<td class=\"et2\" style=\"height: 21.00pt; width: 96.00pt;\" width=\"128\" height=\"28\"><a title=\"https:\/\/longchangchemical.com\/product\/cas-91082-17-6\/\" href=\"https:\/\/longchangchemical.com\/de\/product\/cas-91082-17-6\/\"><span style=\"color: #00ccff;\">Lcflex\u00ae T-50<\/span><\/a><\/td>\n<td class=\"et3\" style=\"width: 159.75pt;\" width=\"213\">T-50; ASE<\/td>\n<td class=\"et3\" style=\"width: 118.50pt;\" width=\"158\">CAS 91082-17-6<\/td>\n<\/tr>\n<tr style=\"height: 21.00pt;\">\n<td class=\"et2\" style=\"height: 21.00pt; width: 96.00pt;\" width=\"128\" height=\"28\"><a title=\"https:\/\/longchangchemical.com\/product\/acetyl-tributyl-citrate-cas-77-90-7\/\" href=\"https:\/\/longchangchemical.com\/de\/product\/acetyl-tributyl-citrate-cas-77-90-7\/\"><span style=\"color: #00ccff;\">Lcflex\u00ae ATBC<\/span><\/a><\/td>\n<td class=\"et3\" style=\"width: 159.75pt;\" width=\"213\">Acetyltributylzitrat<\/td>\n<td class=\"et3\" style=\"width: 118.50pt;\" width=\"158\">CAS-NR. 77-90-7<\/td>\n<\/tr>\n<tr style=\"height: 21.00pt;\">\n<td class=\"et2\" style=\"height: 21.00pt; width: 96.00pt;\" width=\"128\" height=\"28\"><a title=\"https:\/\/longchangchemical.com\/product\/tributyl-citrate-tbc-cas-77-94-1\/\" href=\"https:\/\/longchangchemical.com\/de\/product\/tributyl-citrate-tbc-cas-77-94-1\/\"><span style=\"color: #00ccff;\">Lcflex\u00ae TBC<\/span><\/a><\/td>\n<td class=\"et3\" style=\"width: 159.75pt;\" width=\"213\">Tributylcitrat<\/td>\n<td class=\"et3\" style=\"width: 118.50pt;\" width=\"158\">CAS-NR. 77-94-1<\/td>\n<\/tr>\n<tr style=\"height: 21.00pt;\">\n<td class=\"et2\" style=\"height: 21.00pt; width: 96.00pt;\" width=\"128\" height=\"28\"><span style=\"color: #00ccff;\"><a style=\"color: #00ccff;\" title=\"https:\/\/longchangchemical.com\/product\/tcpp-cas-13674-84-5\/\" href=\"https:\/\/longchangchemical.com\/de\/product\/tcpp-cas-13674-84-5\/\">Lcflex\u00ae TCPP<\/a><\/span><\/td>\n<td class=\"et3\" style=\"width: 159.75pt;\" width=\"213\">TCPP flammhemmend<\/td>\n<td class=\"et3\" style=\"width: 118.50pt;\" width=\"158\">CAS 13674-84-5<\/td>\n<\/tr>\n<tr style=\"height: 21.00pt;\">\n<td class=\"et2\" style=\"height: 21.00pt; width: 96.00pt;\" width=\"128\" height=\"28\"><a title=\"https:\/\/longchangchemical.com\/product\/dotp-cas-6422-86-2\/\" href=\"https:\/\/longchangchemical.com\/de\/product\/dotp-cas-6422-86-2\/\"><span style=\"color: #00ccff;\">Lcflex\u00ae DOTP<\/span><\/a><\/td>\n<td class=\"et3\" style=\"width: 159.75pt;\" width=\"213\">Dioctylterephthalat<\/td>\n<td class=\"et3\" style=\"width: 118.50pt;\" width=\"158\">CAS 6422-86-2<\/td>\n<\/tr>\n<tr style=\"height: 21.00pt;\">\n<td class=\"et2\" style=\"height: 21.00pt; width: 96.00pt;\" width=\"128\" height=\"28\"><span style=\"color: #00ccff;\"><a style=\"color: #00ccff;\" title=\"https:\/\/longchangchemical.com\/product\/diethyl-phthalate-dep-cas-84-66-2\/\" href=\"https:\/\/longchangchemical.com\/de\/product\/diethyl-phthalate-dep-cas-84-66-2\/\">Lcflex\u00ae DEP<\/a><\/span><\/td>\n<td class=\"et3\" style=\"width: 159.75pt;\" width=\"213\">Diethylphthalat<\/td>\n<td class=\"et3\" style=\"width: 118.50pt;\" width=\"158\">CAS 84-66-2<\/td>\n<\/tr>\n<tr style=\"height: 21.00pt;\">\n<td class=\"et2\" style=\"height: 21.00pt; width: 96.00pt;\" width=\"128\" height=\"28\"><span style=\"color: #00ccff;\"><a style=\"color: #00ccff;\" title=\"https:\/\/longchangchemical.com\/product\/triethyl-citrate-cas-77-93-0\/\" href=\"https:\/\/longchangchemical.com\/de\/product\/triethyl-citrate-cas-77-93-0\/\">Lcflex\u00ae TEC<\/a><\/span><\/td>\n<td class=\"et3\" style=\"width: 159.75pt;\" width=\"213\">Triethylcitrat<\/td>\n<td class=\"et3\" style=\"width: 118.50pt;\" width=\"158\">CAS-NR. 77-93-0<\/td>\n<\/tr>\n<tr style=\"height: 21.00pt;\">\n<td class=\"et2\" style=\"height: 21.00pt; width: 96.00pt;\" width=\"128\" height=\"28\"><span style=\"color: #00ccff;\"><a style=\"color: #00ccff;\" title=\"https:\/\/longchangchemical.com\/product\/Lcflare-doa-cas-123-79-5\/\" href=\"https:\/\/longchangchemical.com\/de\/product\/Lcflare-doa-cas-123-79-5\/\">Lcflex\u00ae DOA<\/a><\/span><\/td>\n<td class=\"et3\" style=\"width: 159.75pt;\" width=\"213\">Dioctyladipat<\/td>\n<td class=\"et3\" style=\"width: 118.50pt;\" width=\"158\">CAS 123-79-5<\/td>\n<\/tr>\n<tr style=\"height: 30.00pt;\">\n<td class=\"et2\" style=\"height: 30.00pt; width: 96.00pt;\" width=\"128\" height=\"40\"><span style=\"color: #00ccff;\"><a style=\"color: #00ccff;\" title=\"https:\/\/longchangchemical.com\/product\/Lcflare-dos-cas-2432-87-3\/\" href=\"https:\/\/longchangchemical.com\/de\/product\/Lcflare-dos-cas-2432-87-3\/\">Lcflex\u00ae DOS<\/a><\/span><\/td>\n<td class=\"et3\" style=\"width: 159.75pt;\" width=\"213\">SEBACINS\u00c4URE-DI-N-OCTYL-ESTER<\/td>\n<td class=\"et3\" style=\"width: 118.50pt;\" width=\"158\">CAS 2432-87-3<\/td>\n<\/tr>\n<tr style=\"height: 27.00pt;\">\n<td class=\"et2\" style=\"height: 27.00pt; width: 96.00pt;\" width=\"128\" height=\"36\"><a title=\"https:\/\/longchangchemical.com\/product\/cas-28553-12-0-685-15-48-0\/\" href=\"https:\/\/longchangchemical.com\/de\/product\/cas-28553-12-0-685-15-48-0\/\"><span style=\"color: #00ccff;\">Lcflex\u00ae DINP<\/span><\/a><\/td>\n<td class=\"et3\" style=\"width: 159.75pt;\" width=\"213\">Diisononylphthalat<\/td>\n<td class=\"et3\" style=\"width: 118.50pt;\" width=\"158\">CAS 28553-12-0\/685 15-48-0<\/td>\n<\/tr>\n<tr style=\"height: 21.00pt;\">\n<td class=\"et2\" style=\"height: 21.00pt; width: 96.00pt;\" width=\"128\" height=\"28\"><span style=\"color: #00ccff;\"><a style=\"color: #00ccff;\" title=\"https:\/\/longchangchemical.com\/product\/tmp-cas-77-99-6\/\" href=\"https:\/\/longchangchemical.com\/de\/product\/tmp-cas-77-99-6\/\">Lcflex\u00ae TMP<\/a><\/span><\/td>\n<td class=\"et3\" style=\"width: 159.75pt;\" width=\"213\">Trimethylolpropan<\/td>\n<td class=\"et3\" style=\"width: 118.50pt;\" width=\"158\">CAS-NR. 77-99-6<\/td>\n<\/tr>\n<tr style=\"height: 13.50pt;\">\n<td class=\"et2\" style=\"height: 13.50pt; width: 96.00pt;\" width=\"128\" height=\"18\"><span style=\"color: #00ccff;\"><a style=\"color: #00ccff;\" title=\"https:\/\/longchangchemical.com\/product\/triethyl-phosphate-tep-cas-78-40-0\/\" href=\"https:\/\/longchangchemical.com\/de\/product\/triethyl-phosphate-tep-cas-78-40-0\/\">Lcflex\u00ae TEP<\/a><\/span><\/td>\n<td class=\"et3\" style=\"width: 159.75pt;\" width=\"213\">Triethylphosphat<\/td>\n<td class=\"et3\" style=\"width: 118.50pt;\" width=\"158\">CAS-NR. 78-40-0<\/td>\n<\/tr>\n<tr style=\"height: 13.50pt;\">\n<td class=\"et4\" style=\"height: 13.50pt; width: 96.00pt;\" width=\"128\" height=\"18\"><a href=\"https:\/\/longchangchemical.com\/de\/product\/Lcflex-totm-cas-3319-31-1\/\"><span style=\"color: #00ccff;\">Lcflex\u00ae TOTM<\/span><\/a><\/td>\n<td class=\"et3\" style=\"width: 159.75pt;\" width=\"213\">Trioctyltrimellitat<\/td>\n<td class=\"et3\" style=\"width: 118.50pt;\" width=\"158\">CAS 3319-31-1<\/td>\n<\/tr>\n<tr style=\"height: 40.50pt;\">\n<td class=\"et4\" style=\"height: 40.50pt; width: 96.00pt;\" width=\"128\" height=\"54\"><a href=\"https:\/\/longchangchemical.com\/de\/product\/Lcflex-bbp\/\"><span style=\"color: #00ccff;\">Lcflex\u00ae BBP<\/span><\/a><\/td>\n<td class=\"et3\" style=\"width: 159.75pt;\" width=\"213\">Biobasierte Weichmacher, Hocheffizienter Weichmacher<\/td>\n<td class=\"et3\" style=\"width: 118.50pt;\" width=\"158\"><\/td>\n<\/tr>\n<tr style=\"height: 13.50pt;\">\n<td class=\"et4\" style=\"height: 13.50pt; width: 96.00pt;\" width=\"128\" height=\"18\"><a href=\"https:\/\/longchangchemical.com\/de\/product\/tmp-cas-77-99-6\/\"><span style=\"color: #00ccff;\">Lcflex\u00ae TMP<\/span><\/a><\/td>\n<td class=\"et3\" style=\"width: 159.75pt;\" width=\"213\">Trimethylol-Propan<\/td>\n<td class=\"et3\" style=\"width: 118.50pt;\" width=\"158\">CAS-NR. 77-99-6<\/td>\n<\/tr>\n<tr style=\"height: 30.00pt;\">\n<td class=\"et2\" style=\"height: 30.00pt; width: 96.00pt;\" width=\"128\" height=\"40\"><a title=\"https:\/\/longchangchemical.com\/product\/sinopszr-tcep-cas-115-96-8\/\" href=\"https:\/\/longchangchemical.com\/de\/product\/sinopszr-tcep-cas-115-96-8\/\"><span style=\"color: #00ccff;\">Lcflare\u00ae TCEP<\/span><\/a><\/td>\n<td class=\"et3\" style=\"width: 159.75pt;\" width=\"213\">Tris(2-Chlorethyl)phosphat<\/td>\n<td class=\"et3\" style=\"width: 118.50pt;\" width=\"158\">CAS-NR. 115-96-8<\/td>\n<\/tr>\n<tr style=\"height: 30.00pt;\">\n<td class=\"et2\" style=\"height: 30.00pt; width: 96.00pt;\" width=\"128\" height=\"40\"><span style=\"color: #00ccff;\"><a style=\"color: #00ccff;\" title=\"https:\/\/longchangchemical.com\/product\/Lcflare-bdp\/\" href=\"https:\/\/longchangchemical.com\/de\/product\/Lcflare-bdp\/\">Lcflare\u00ae BDP<\/a><\/span><\/td>\n<td class=\"et3\" style=\"width: 159.75pt;\" width=\"213\">Bisphenol-A-bis-(Diphenylphosphat)<\/td>\n<td class=\"et3\" style=\"width: 118.50pt;\" width=\"158\">CAS 5945-33-5<\/td>\n<\/tr>\n<tr style=\"height: 13.50pt;\">\n<td class=\"et2\" style=\"height: 13.50pt; width: 96.00pt;\" width=\"128\" height=\"18\"><span style=\"color: #00ccff;\"><a style=\"color: #00ccff;\" title=\"https:\/\/longchangchemical.com\/product\/Lcflare-tpp-cas-115-86-6\/\" href=\"https:\/\/longchangchemical.com\/de\/product\/Lcflare-tpp-cas-115-86-6\/\">Lcflare\u00ae TPP<\/a><\/span><\/td>\n<td class=\"et3\" style=\"width: 159.75pt;\" width=\"213\">Triphenylphosphat<\/td>\n<td class=\"et3\" style=\"width: 118.50pt;\" width=\"158\">CAS-NR. 115-86-6<\/td>\n<\/tr>\n<\/tbody>\n<\/table>\n<h2><\/h2>\n<h2><strong>Kontaktieren Sie uns jetzt!<\/strong><\/h2>\n<h4><strong><b>Wenn Sie COA, MSDS oder TDS ben\u00f6tigen, geben Sie bitte Ihre Kontaktinformationen in das untenstehende Formular ein. Wir werden uns in der Regel innerhalb von 24 Stunden mit Ihnen in Verbindung setzen. Sie k\u00f6nnen mir auch eine E-Mail schicken <span style=\"color: #0000ff;\"><a style=\"color: #0000ff;\" href=\"mailto:info@longchangchemical.com\">info@longchangchemical.com<\/a><\/span> w\u00e4hrend der Gesch\u00e4ftszeiten ( 8:30 bis 18:00 Uhr UTC+8 Mo.~Sa. ) oder nutzen Sie den Live-Chat auf der Website, um eine schnelle Antwort zu erhalten.<\/b><\/strong><\/h4>","protected":false},"excerpt":{"rendered":"<h4>Chemische Bezeichnung: Lcflex\u00ae DOTP<\/h4>\n<h4>Andere Bezeichnung: Dioctylterephthalat; 1,4-Benzoldicarbons\u00e4ure, 1,4-Bis(2-ethylhexyl)ester; ADK Cizer D 810; Bis(2-ethylhexyl)terephthalat; DEHTP; Di-(2-ethylhexyl)terephthalat; Eastman 168; Eastman TM 168; Kodaflex DOTP; Palatinol DOTP; Weichmacher 168; Terephthals\u00e4ure, Bis(2-ethylhexyl)ester.<\/h4>\n<h4>CAS-Nr.: 6422-86-2<\/h4>\n<h4>Summenformel: C24H38O4<\/h4>\n<h4>Chemische Struktur:<img decoding=\"async\" title=\"CAS 6422-86-2 Struktur\" src=\"https:\/\/www.longchangchemical.com\/wp-content\/uploads\/product-details\/20200612220282.png\" alt=\"CAS 6422-86-2 Struktur\" width=\"149\" height=\"158\" border=\"0\" vspace=\"0\" \/><\/h4>\n<h4>Molekulargewicht:390.56<\/h4>\n<h4>Aussehen:Farblose, transparente Fl\u00fcssigkeit<\/h4>\n<h4>Pr\u00fcfung: \u226599%<\/h4>","protected":false},"featured_media":0,"comment_status":"open","ping_status":"closed","template":"","meta":[],"product_brand":[],"product_cat":[111],"product_tag":[],"class_list":{"0":"post-4794","1":"product","2":"type-product","3":"status-publish","5":"product_cat-plasticizer","7":"first","8":"instock","9":"shipping-taxable","10":"product-type-simple"},"yoast_head":"<!-- This site is optimized with the Yoast SEO plugin v25.3.1 - https:\/\/yoast.com\/wordpress\/plugins\/seo\/ -->\n<title>China Dioctyl terephthalate DOTP manufacturer - Longchang chemical<\/title>\n<meta name=\"description\" content=\"China Dioctyl terephthalate DOTP CAS 6422-86-2 manufacturer. This product can replace Bis(2-ethylhexyl) terephthalate, DOTP, Eastman 168, Eastman TM 168, Kodaflex DOTP, NEO-T, Palatinol DOTP, Plasticizer 168, Terephthalic acid, bis(2-ethylhexyl) ester, terephthalic acid, bis(2-ethylhexyl)ester, DEHTP, Dioctyl terephthalate, ADK Cizer D 810.\" \/>\n<meta name=\"robots\" content=\"index, follow, max-snippet:-1, max-image-preview:large, max-video-preview:-1\" \/>\n<link rel=\"canonical\" href=\"https:\/\/longchangchemical.com\/de\/product\/dotp-cas-6422-86-2\/\" \/>\n<meta property=\"og:locale\" content=\"de_DE\" \/>\n<meta property=\"og:type\" content=\"article\" \/>\n<meta property=\"og:title\" content=\"China Dioctyl terephthalate DOTP manufacturer - Longchang chemical\" \/>\n<meta property=\"og:description\" content=\"China Dioctyl terephthalate DOTP CAS 6422-86-2 manufacturer. This product can replace Bis(2-ethylhexyl) terephthalate, DOTP, Eastman 168, Eastman TM 168, Kodaflex DOTP, NEO-T, Palatinol DOTP, Plasticizer 168, Terephthalic acid, bis(2-ethylhexyl) ester, terephthalic acid, bis(2-ethylhexyl)ester, DEHTP, Dioctyl terephthalate, ADK Cizer D 810.\" \/>\n<meta property=\"og:url\" content=\"https:\/\/longchangchemical.com\/de\/product\/dotp-cas-6422-86-2\/\" \/>\n<meta property=\"og:site_name\" content=\"Longchang Chemical\" \/>\n<meta property=\"article:modified_time\" content=\"2025-12-15T08:45:05+00:00\" \/>\n<meta property=\"og:image\" content=\"https:\/\/longchangchemical.com\/wp-content\/uploads\/2024\/02\/logo-jpeg.jpg\" \/>\n\t<meta property=\"og:image:width\" content=\"1000\" \/>\n\t<meta property=\"og:image:height\" content=\"1000\" \/>\n\t<meta property=\"og:image:type\" content=\"image\/jpeg\" \/>\n<meta name=\"twitter:card\" content=\"summary_large_image\" \/>\n<script type=\"application\/ld+json\" class=\"yoast-schema-graph\">{\"@context\":\"https:\/\/schema.org\",\"@graph\":[{\"@type\":\"WebPage\",\"@id\":\"https:\/\/longchangchemical.com\/product\/dotp-cas-6422-86-2\/\",\"url\":\"https:\/\/longchangchemical.com\/product\/dotp-cas-6422-86-2\/\",\"name\":\"China Dioctyl terephthalate DOTP manufacturer - Longchang chemical\",\"isPartOf\":{\"@id\":\"https:\/\/longchangchemical.com\/#website\"},\"datePublished\":\"2021-10-08T14:19:29+00:00\",\"dateModified\":\"2025-12-15T08:45:05+00:00\",\"description\":\"China Dioctyl terephthalate DOTP CAS 6422-86-2 manufacturer. This product can replace Bis(2-ethylhexyl) terephthalate, DOTP, Eastman 168, Eastman TM 168, Kodaflex DOTP, NEO-T, Palatinol DOTP, Plasticizer 168, Terephthalic acid, bis(2-ethylhexyl) ester, terephthalic acid, bis(2-ethylhexyl)ester, DEHTP, Dioctyl terephthalate, ADK Cizer D 810.\",\"breadcrumb\":{\"@id\":\"https:\/\/longchangchemical.com\/product\/dotp-cas-6422-86-2\/#breadcrumb\"},\"inLanguage\":\"de\",\"potentialAction\":[{\"@type\":\"ReadAction\",\"target\":[\"https:\/\/longchangchemical.com\/product\/dotp-cas-6422-86-2\/\"]}]},{\"@type\":\"BreadcrumbList\",\"@id\":\"https:\/\/longchangchemical.com\/product\/dotp-cas-6422-86-2\/#breadcrumb\",\"itemListElement\":[{\"@type\":\"ListItem\",\"position\":1,\"name\":\"Home\",\"item\":\"https:\/\/longchangchemical.com\/\"},{\"@type\":\"ListItem\",\"position\":2,\"name\":\"Products Longchang\",\"item\":\"https:\/\/longchangchemical.com\/product\/\"},{\"@type\":\"ListItem\",\"position\":3,\"name\":\"CHLUMIFLEX\u00ae DOTP \/ Dioctyl terephthalate CAS 6422-86-2\"}]},{\"@type\":\"WebSite\",\"@id\":\"https:\/\/longchangchemical.com\/#website\",\"url\":\"https:\/\/longchangchemical.com\/\",\"name\":\"Longchang Chemical\",\"description\":\"China chemical manufacturer \uff06 supplier\",\"publisher\":{\"@id\":\"https:\/\/longchangchemical.com\/#organization\"},\"potentialAction\":[{\"@type\":\"SearchAction\",\"target\":{\"@type\":\"EntryPoint\",\"urlTemplate\":\"https:\/\/longchangchemical.com\/?s={search_term_string}\"},\"query-input\":{\"@type\":\"PropertyValueSpecification\",\"valueRequired\":true,\"valueName\":\"search_term_string\"}}],\"inLanguage\":\"de\"},{\"@type\":\"Organization\",\"@id\":\"https:\/\/longchangchemical.com\/#organization\",\"name\":\"Longchang Chemical\",\"url\":\"https:\/\/longchangchemical.com\/\",\"logo\":{\"@type\":\"ImageObject\",\"inLanguage\":\"de\",\"@id\":\"https:\/\/longchangchemical.com\/#\/schema\/logo\/image\/\",\"url\":\"https:\/\/longchangchemical.com\/wp-content\/uploads\/2020\/08\/cropped-longchang-logo.png\",\"contentUrl\":\"https:\/\/longchangchemical.com\/wp-content\/uploads\/2020\/08\/cropped-longchang-logo.png\",\"width\":512,\"height\":512,\"caption\":\"Longchang Chemical\"},\"image\":{\"@id\":\"https:\/\/longchangchemical.com\/#\/schema\/logo\/image\/\"}}]}<\/script>\n<!-- \/ Yoast SEO plugin. -->","yoast_head_json":{"title":"China Dioctylterephthalat DOTP Hersteller - Longchang chemical","description":"China Dioctylterephthalat DOTP CAS 6422-86-2 Hersteller. Dieses Produkt kann Bis(2-ethylhexyl)terephthalat, DOTP, Eastman 168, Eastman TM 168, Kodaflex DOTP, NEO-T, Palatinol DOTP, Weichmacher 168, Terephthals\u00e4ure, Bis(2-ethylhexyl)ester, Terephthals\u00e4ure, Bis(2-ethylhexyl)ester, DEHTP, Dioctylterephthalat, ADK Cizer D 810 ersetzen.","robots":{"index":"index","follow":"follow","max-snippet":"max-snippet:-1","max-image-preview":"max-image-preview:large","max-video-preview":"max-video-preview:-1"},"canonical":"https:\/\/longchangchemical.com\/de\/product\/dotp-cas-6422-86-2\/","og_locale":"de_DE","og_type":"article","og_title":"China Dioctyl terephthalate DOTP manufacturer - Longchang chemical","og_description":"China Dioctyl terephthalate DOTP CAS 6422-86-2 manufacturer. This product can replace Bis(2-ethylhexyl) terephthalate, DOTP, Eastman 168, Eastman TM 168, Kodaflex DOTP, NEO-T, Palatinol DOTP, Plasticizer 168, Terephthalic acid, bis(2-ethylhexyl) ester, terephthalic acid, bis(2-ethylhexyl)ester, DEHTP, Dioctyl terephthalate, ADK Cizer D 810.","og_url":"https:\/\/longchangchemical.com\/de\/product\/dotp-cas-6422-86-2\/","og_site_name":"Longchang Chemical","article_modified_time":"2025-12-15T08:45:05+00:00","og_image":[{"width":1000,"height":1000,"url":"https:\/\/longchangchemical.com\/wp-content\/uploads\/2024\/02\/logo-jpeg.jpg","type":"image\/jpeg"}],"twitter_card":"summary_large_image","schema":{"@context":"https:\/\/schema.org","@graph":[{"@type":"WebPage","@id":"https:\/\/longchangchemical.com\/product\/dotp-cas-6422-86-2\/","url":"https:\/\/longchangchemical.com\/product\/dotp-cas-6422-86-2\/","name":"China Dioctylterephthalat DOTP Hersteller - Longchang chemical","isPartOf":{"@id":"https:\/\/longchangchemical.com\/#website"},"datePublished":"2021-10-08T14:19:29+00:00","dateModified":"2025-12-15T08:45:05+00:00","description":"China Dioctylterephthalat DOTP CAS 6422-86-2 Hersteller. Dieses Produkt kann Bis(2-ethylhexyl)terephthalat, DOTP, Eastman 168, Eastman TM 168, Kodaflex DOTP, NEO-T, Palatinol DOTP, Weichmacher 168, Terephthals\u00e4ure, Bis(2-ethylhexyl)ester, Terephthals\u00e4ure, Bis(2-ethylhexyl)ester, DEHTP, Dioctylterephthalat, ADK Cizer D 810 ersetzen.","breadcrumb":{"@id":"https:\/\/longchangchemical.com\/product\/dotp-cas-6422-86-2\/#breadcrumb"},"inLanguage":"de","potentialAction":[{"@type":"ReadAction","target":["https:\/\/longchangchemical.com\/product\/dotp-cas-6422-86-2\/"]}]},{"@type":"BreadcrumbList","@id":"https:\/\/longchangchemical.com\/product\/dotp-cas-6422-86-2\/#breadcrumb","itemListElement":[{"@type":"ListItem","position":1,"name":"Home","item":"https:\/\/longchangchemical.com\/"},{"@type":"ListItem","position":2,"name":"Products Longchang","item":"https:\/\/longchangchemical.com\/product\/"},{"@type":"ListItem","position":3,"name":"CHLUMIFLEX\u00ae DOTP \/ Dioctyl terephthalate CAS 6422-86-2"}]},{"@type":"WebSite","@id":"https:\/\/longchangchemical.com\/#website","url":"https:\/\/longchangchemical.com\/","name":"Longchang Chemical","description":"China Hersteller von Chemikalien \uff06 Lieferant","publisher":{"@id":"https:\/\/longchangchemical.com\/#organization"},"potentialAction":[{"@type":"SearchAction","target":{"@type":"EntryPoint","urlTemplate":"https:\/\/longchangchemical.com\/?s={search_term_string}"},"query-input":{"@type":"PropertyValueSpecification","valueRequired":true,"valueName":"search_term_string"}}],"inLanguage":"de"},{"@type":"Organization","@id":"https:\/\/longchangchemical.com\/#organization","name":"Longchang Chemical","url":"https:\/\/longchangchemical.com\/","logo":{"@type":"ImageObject","inLanguage":"de","@id":"https:\/\/longchangchemical.com\/#\/schema\/logo\/image\/","url":"https:\/\/longchangchemical.com\/wp-content\/uploads\/2020\/08\/cropped-longchang-logo.png","contentUrl":"https:\/\/longchangchemical.com\/wp-content\/uploads\/2020\/08\/cropped-longchang-logo.png","width":512,"height":512,"caption":"Longchang Chemical"},"image":{"@id":"https:\/\/longchangchemical.com\/#\/schema\/logo\/image\/"}}]}},"_links":{"self":[{"href":"https:\/\/longchangchemical.com\/de\/wp-json\/wp\/v2\/product\/4794","targetHints":{"allow":["GET"]}}],"collection":[{"href":"https:\/\/longchangchemical.com\/de\/wp-json\/wp\/v2\/product"}],"about":[{"href":"https:\/\/longchangchemical.com\/de\/wp-json\/wp\/v2\/types\/product"}],"replies":[{"embeddable":true,"href":"https:\/\/longchangchemical.com\/de\/wp-json\/wp\/v2\/comments?post=4794"}],"wp:attachment":[{"href":"https:\/\/longchangchemical.com\/de\/wp-json\/wp\/v2\/media?parent=4794"}],"wp:term":[{"taxonomy":"product_brand","embeddable":true,"href":"https:\/\/longchangchemical.com\/de\/wp-json\/wp\/v2\/product_brand?post=4794"},{"taxonomy":"product_cat","embeddable":true,"href":"https:\/\/longchangchemical.com\/de\/wp-json\/wp\/v2\/product_cat?post=4794"},{"taxonomy":"product_tag","embeddable":true,"href":"https:\/\/longchangchemical.com\/de\/wp-json\/wp\/v2\/product_tag?post=4794"}],"curies":[{"name":"wp","href":"https:\/\/api.w.org\/{rel}","templated":true}]}}