{"id":4790,"date":"2021-10-07T08:03:42","date_gmt":"2021-10-07T08:03:42","guid":{"rendered":"https:\/\/longchangchemical.com\/?post_type=product&#038;p=4790"},"modified":"2025-12-22T07:20:23","modified_gmt":"2025-12-22T07:20:23","slug":"liquid-sodium-silicate-cas-1344-09-8","status":"publish","type":"product","link":"https:\/\/longchangchemical.com\/de\/product\/liquid-sodium-silicate-cas-1344-09-8\/","title":{"rendered":"Fl\u00fcssiges Natriumsilikat CAS 1344-09-8"},"content":{"rendered":"<h1><strong>Fl\u00fcssiges Natriumsilikat CAS 1344-09-8<\/strong><\/h1>\n<p><strong>Regul\u00e4re Modelle auf Lager: 40BE, 42BE, 50BE.<\/strong><\/p>\n<p><strong>Molarit\u00e4t: 3,1-3,4; 3,1-3,35; 2,1-2,5<\/strong><\/p>\n<p><strong>Unterschiedliche Spezifikationen, unterschiedliche Preise, wenn Sie die Spezifikationen nicht verstehen, k\u00f6nnen Sie uns den Zweck mitteilen, wir werden das richtige Produkt f\u00fcr Sie empfehlen.<\/strong><\/p>\n<p>&nbsp;<\/p>\n<table width=\"288\">\n<tbody>\n<tr>\n<td width=\"191\">Artikel<\/td>\n<td width=\"97\">Indikatoren<\/td>\n<\/tr>\n<tr>\n<td>Temperatur (20\u2103-g\/ml)<\/td>\n<td>1.368-1.394<\/td>\n<\/tr>\n<tr>\n<td>Gehalt an Natriumoxid (Na2O)%\u2265<\/td>\n<td>8.2<\/td>\n<\/tr>\n<tr>\n<td>Siliziumdioxid (SiO2)-Gehalt%\u2265<\/td>\n<td>26<\/td>\n<\/tr>\n<tr>\n<td>Modul M<\/td>\n<td>3.10-3.40<\/td>\n<\/tr>\n<\/tbody>\n<\/table>\n<p>&nbsp;<\/p>\n<h2><strong>Natriumsilikat Namenserkl\u00e4rung<\/strong><\/h2>\n<p>Molekulare Formel: Na2O-mSiO2 m steht f\u00fcr den Modul<br \/>\nVerh\u00e4ltnis (Na2O: SiO2)<br \/>\nVerh\u00e4ltnis (Na2O: SiO2)--Das Verh\u00e4ltnis von Quarzsand und Alkali, d.h. das molare Verh\u00e4ltnis von SiO2 und Na2O, bestimmt den Modul M von Natriumsilikat, und der Modul zeigt die Zusammensetzung des Natriumsilikats<br \/>\nMittlere Na2O% - bezieht sich auf den durchschnittlichen Gehalt an Na2O<br \/>\nMittleres SiO2 %-- bezieht sich auf den Durchschnittswert des SiO2-Gehalts<br \/>\nGesamtl\u00f6slichkeit (Silikat %):-die L\u00f6slichkeit von Natriumsilikat<br \/>\nIn Wasser unl\u00f6sliche Stoffe %: Gehalt an unl\u00f6slichen Stoffen<\/p>\n<p>&nbsp;<\/p>\n<h2>Wie wird Natriumsilikat verwendet?<\/h2>\n<p>1. 40BE-50BE Natriumsilikat ist in der mechanischen Industrie f\u00fcr Guss, Schleifscheiben Herstellung und Metall Korrosionsschutzmittel weit verbreitet.<br \/>\n2. Natriumsilikat wird in der Bauindustrie zur Herstellung von schnelltrocknendem Zement, s\u00e4urebest\u00e4ndigem Zement und wasserfestem \u00d6l, Bodenaush\u00e4rtungsmittel, feuerfesten Materialien usw. verwendet.<br \/>\n3. Natriumsilikat wird in der Landwirtschaft zur Herstellung von Kieseld\u00fcnger verwendet.<br \/>\n4. Als Klebstoff wird 42BE-Natriumsilikat au\u00dferdem h\u00e4ufig als hochviskoser Klebstoff f\u00fcr Pappkartons (Wellpapier) und Papierh\u00fclsen verwendet.<\/p>\n<p>&nbsp;<\/p>\n<p>1. in der Erd\u00f6lindustrie zur Herstellung von Siliciumdioxid-Tonerde-Katalysatoren f\u00fcr die Erd\u00f6lkatalyse und das Cracken verwendet.<\/p>\n<p>2. In der chemischen Industrie wird es zur Herstellung von Kiesels\u00e4ure, Zeolith-Molekularsieben, gef\u00e4llter Kiesels\u00e4ure und verschiedenen Silikattypen verwendet und ist der Grundstoff f\u00fcr Silizide.<\/p>\n<p>3. In der chemischen Leichtindustrie ist es ein unverzichtbarer F\u00fcllstoff in Waschmitteln und Seifen, und Natriumsilikat selbst ist ein wirksames Waschmittel, ein Enth\u00e4rtungsmittel und ein Abflussreiniger f\u00fcr Leitungswasser, das von der \u00d6ffentlichkeit genutzt wird.<\/p>\n<p>4. in der Textilindustrie als F\u00e4rbehilfsmittel, Bleichmittel und Schlichte verwendet.<\/p>\n<p>5. In der Maschinenindustrie wird es h\u00e4ufig beim Gie\u00dfen, Pr\u00e4zisionsgie\u00dfen, bei der Herstellung von Schleifscheiben und als Metallschutzmittel verwendet.<\/p>\n<p>6. in der Bauindustrie zur Herstellung von schnelltrocknendem Zement, s\u00e4urebest\u00e4ndigem Zement, wasserfestem \u00d6l, Bodenh\u00e4rtungsmittel, feuerfestem Material, Wellpappe usw.<\/p>\n<p>7. im Bergbau, bei der Mineralienverarbeitung, zum Abdichten und Verstopfen.<\/p>\n<p>8. in der Landwirtschaft zur Herstellung von Kieseld\u00fcnger.<\/p>\n<p>9. Holz hat feuerfeste Eigenschaften, wenn es in Natriumsilikat getaucht wird.<\/p>\n<p>10. Eier k\u00f6nnen nach dem Eintauchen in Natriumsilikat lange Zeit gelagert werden, ohne zu verderben; Natriumsilikat mit hohem Modul ist das Bindemittel f\u00fcr Pappe und Karton.<\/p>\n<p>&nbsp;<\/p>\n<h2><strong>Natriumsilikat Paket<\/strong><\/h2>\n<p>200kg\/Fass oder 1000kg\/Fass.<\/p>\n<p>Wir verf\u00fcgen \u00fcber eine Flotte von Transportfahrzeugen und k\u00f6nnen innerhalb der Provinz an Ihre Haust\u00fcr liefern.<\/p>\n<p>&nbsp;<\/p>\n<h2><strong><b>Kontaktieren Sie uns jetzt!<\/b><\/strong><\/h2>\n<h4><strong><b>Wenn Sie COA, MSDS oder TDS ben\u00f6tigen, geben Sie bitte Ihre Kontaktinformationen in das untenstehende Formular ein. Wir werden uns in der Regel innerhalb von 24 Stunden mit Ihnen in Verbindung setzen. Sie k\u00f6nnen mir auch eine E-Mail schicken <span style=\"color: #0000ff;\"><a style=\"color: #0000ff;\" href=\"mailto:info@longchangchemical.com\">info@longchangchemical.com<\/a><\/span> w\u00e4hrend der Gesch\u00e4ftszeiten ( 8:30 bis 18:00 Uhr UTC+8 Mo.~Sa. ) oder nutzen Sie den Live-Chat auf der Website, um eine schnelle Antwort zu erhalten.<\/b><\/strong><\/h4>","protected":false},"excerpt":{"rendered":"<p><strong>Produktname: Natriumsilikat<\/strong><\/p>\n<p><strong>CAS-Nr.: 1344-09-8<\/strong><\/p>\n<p><strong>Andere Namen: Fl\u00fcssiges Natriumsilikat; Wasserglas Natriumsilikat; Natriumsilikat Wasserglas; Natriumsilikat fl\u00fcssig; Natriumsilikat Fl\u00fcssigglas<\/strong><\/p>\n<p><strong>Molekulare Formel: Na2O3Si<\/strong><\/p>\n<p><strong>Molekulargewicht: 122,06<\/strong><\/p>\n<p><strong>\u00c4u\u00dferes Erscheinungsbild: Farblose bis hellgelbe und cyanfarbene klebrige Fl\u00fcssigkeit<\/strong><\/p>\n<p><strong>Verpackung: 200 kg\/Fass; 1 Tonne\/Fass<\/strong><\/p>\n<p><strong>Monatliche Produktion: 15.000 Tonnen<\/strong><\/p>\n<p>&nbsp;<\/p>","protected":false},"featured_media":4792,"comment_status":"open","ping_status":"closed","template":"","meta":[],"product_brand":[],"product_cat":[103],"product_tag":[],"class_list":{"0":"post-4790","1":"product","2":"type-product","3":"status-publish","4":"has-post-thumbnail","6":"product_cat-cosmetic-additives","8":"first","9":"instock","10":"shipping-taxable","11":"product-type-simple"},"yoast_head":"<!-- This site is optimized with the Yoast SEO plugin v25.3.1 - https:\/\/yoast.com\/wordpress\/plugins\/seo\/ -->\n<title>China Liquid Sodium silicate manufacturer \uff06 CAS 1344-09-8 supplier - Longchang Chemical Co., Ltd.<\/title>\n<meta name=\"description\" content=\"China Liquid Sodium silicate CAS 1344-09-8 manufacturer and supplier. This product can replace Silicic acid, sodium salt, Sodium hydroxy(oxo)silanolate, sodium hydroxysilanoylolate, Sodium metasilicate, SODIUM SILICATE SOLUTION. Liquid Sodium silicate; water glass sodium silicate; sodium silicate water glass; Sodium silicate Liquid; Sodium silicate Liquid glass.\" \/>\n<meta name=\"robots\" content=\"index, follow, max-snippet:-1, max-image-preview:large, max-video-preview:-1\" \/>\n<link rel=\"canonical\" href=\"https:\/\/longchangchemical.com\/de\/product\/liquid-sodium-silicate-cas-1344-09-8\/\" \/>\n<meta property=\"og:locale\" content=\"de_DE\" \/>\n<meta property=\"og:type\" content=\"article\" \/>\n<meta property=\"og:title\" content=\"China Liquid Sodium silicate manufacturer \uff06 CAS 1344-09-8 supplier - Longchang Chemical Co., Ltd.\" \/>\n<meta property=\"og:description\" content=\"China Liquid Sodium silicate CAS 1344-09-8 manufacturer and supplier. This product can replace Silicic acid, sodium salt, Sodium hydroxy(oxo)silanolate, sodium hydroxysilanoylolate, Sodium metasilicate, SODIUM SILICATE SOLUTION. Liquid Sodium silicate; water glass sodium silicate; sodium silicate water glass; Sodium silicate Liquid; Sodium silicate Liquid glass.\" \/>\n<meta property=\"og:url\" content=\"https:\/\/longchangchemical.com\/de\/product\/liquid-sodium-silicate-cas-1344-09-8\/\" \/>\n<meta property=\"og:site_name\" content=\"Longchang Chemical\" \/>\n<meta property=\"article:modified_time\" content=\"2025-12-22T07:20:23+00:00\" \/>\n<meta property=\"og:image\" content=\"https:\/\/longchangchemical.com\/wp-content\/uploads\/2021\/10\/Appearance.jpg\" \/>\n\t<meta property=\"og:image:width\" content=\"800\" \/>\n\t<meta property=\"og:image:height\" content=\"800\" \/>\n\t<meta property=\"og:image:type\" content=\"image\/jpeg\" \/>\n<meta name=\"twitter:card\" content=\"summary_large_image\" \/>\n<script type=\"application\/ld+json\" class=\"yoast-schema-graph\">{\"@context\":\"https:\/\/schema.org\",\"@graph\":[{\"@type\":\"WebPage\",\"@id\":\"https:\/\/longchangchemical.com\/product\/liquid-sodium-silicate-cas-1344-09-8\/\",\"url\":\"https:\/\/longchangchemical.com\/product\/liquid-sodium-silicate-cas-1344-09-8\/\",\"name\":\"China Liquid Sodium silicate manufacturer \uff06 CAS 1344-09-8 supplier - Longchang Chemical Co., Ltd.\",\"isPartOf\":{\"@id\":\"https:\/\/longchangchemical.com\/#website\"},\"primaryImageOfPage\":{\"@id\":\"https:\/\/longchangchemical.com\/product\/liquid-sodium-silicate-cas-1344-09-8\/#primaryimage\"},\"image\":{\"@id\":\"https:\/\/longchangchemical.com\/product\/liquid-sodium-silicate-cas-1344-09-8\/#primaryimage\"},\"thumbnailUrl\":\"https:\/\/longchangchemical.com\/wp-content\/uploads\/2021\/10\/Appearance.jpg\",\"datePublished\":\"2021-10-07T08:03:42+00:00\",\"dateModified\":\"2025-12-22T07:20:23+00:00\",\"description\":\"China Liquid Sodium silicate CAS 1344-09-8 manufacturer and supplier. This product can replace Silicic acid, sodium salt, Sodium hydroxy(oxo)silanolate, sodium hydroxysilanoylolate, Sodium metasilicate, SODIUM SILICATE SOLUTION. Liquid Sodium silicate; water glass sodium silicate; sodium silicate water glass; Sodium silicate Liquid; Sodium silicate Liquid glass.\",\"breadcrumb\":{\"@id\":\"https:\/\/longchangchemical.com\/product\/liquid-sodium-silicate-cas-1344-09-8\/#breadcrumb\"},\"inLanguage\":\"de\",\"potentialAction\":[{\"@type\":\"ReadAction\",\"target\":[\"https:\/\/longchangchemical.com\/product\/liquid-sodium-silicate-cas-1344-09-8\/\"]}]},{\"@type\":\"ImageObject\",\"inLanguage\":\"de\",\"@id\":\"https:\/\/longchangchemical.com\/product\/liquid-sodium-silicate-cas-1344-09-8\/#primaryimage\",\"url\":\"https:\/\/longchangchemical.com\/wp-content\/uploads\/2021\/10\/Appearance.jpg\",\"contentUrl\":\"https:\/\/longchangchemical.com\/wp-content\/uploads\/2021\/10\/Appearance.jpg\",\"width\":800,\"height\":800},{\"@type\":\"BreadcrumbList\",\"@id\":\"https:\/\/longchangchemical.com\/product\/liquid-sodium-silicate-cas-1344-09-8\/#breadcrumb\",\"itemListElement\":[{\"@type\":\"ListItem\",\"position\":1,\"name\":\"Home\",\"item\":\"https:\/\/longchangchemical.com\/\"},{\"@type\":\"ListItem\",\"position\":2,\"name\":\"Products Longchang\",\"item\":\"https:\/\/longchangchemical.com\/product\/\"},{\"@type\":\"ListItem\",\"position\":3,\"name\":\"Liquid Sodium silicate CAS 1344-09-8\"}]},{\"@type\":\"WebSite\",\"@id\":\"https:\/\/longchangchemical.com\/#website\",\"url\":\"https:\/\/longchangchemical.com\/\",\"name\":\"Longchang Chemical\",\"description\":\"China chemical manufacturer \uff06 supplier\",\"publisher\":{\"@id\":\"https:\/\/longchangchemical.com\/#organization\"},\"potentialAction\":[{\"@type\":\"SearchAction\",\"target\":{\"@type\":\"EntryPoint\",\"urlTemplate\":\"https:\/\/longchangchemical.com\/?s={search_term_string}\"},\"query-input\":{\"@type\":\"PropertyValueSpecification\",\"valueRequired\":true,\"valueName\":\"search_term_string\"}}],\"inLanguage\":\"de\"},{\"@type\":\"Organization\",\"@id\":\"https:\/\/longchangchemical.com\/#organization\",\"name\":\"Longchang Chemical\",\"url\":\"https:\/\/longchangchemical.com\/\",\"logo\":{\"@type\":\"ImageObject\",\"inLanguage\":\"de\",\"@id\":\"https:\/\/longchangchemical.com\/#\/schema\/logo\/image\/\",\"url\":\"https:\/\/longchangchemical.com\/wp-content\/uploads\/2020\/08\/cropped-longchang-logo.png\",\"contentUrl\":\"https:\/\/longchangchemical.com\/wp-content\/uploads\/2020\/08\/cropped-longchang-logo.png\",\"width\":512,\"height\":512,\"caption\":\"Longchang Chemical\"},\"image\":{\"@id\":\"https:\/\/longchangchemical.com\/#\/schema\/logo\/image\/\"}}]}<\/script>\n<!-- \/ Yoast SEO plugin. -->","yoast_head_json":{"title":"China Fl\u00fcssiges Natriumsilikat Hersteller \uff06 CAS 1344-09-8 Lieferant - Longchang Chemical Co, Ltd.","description":"China Fl\u00fcssiges Natriumsilikat CAS 1344-09-8 Hersteller und Lieferant. Dieses Produkt kann Kiesels\u00e4ure, Natriumsalz, Natriumhydroxy(oxo)silanolat, Natriumhydroxysilanoylolat, Natriummetasilikat, Natriumsilikatl\u00f6sung ersetzen. Fl\u00fcssiges Natriumsilikat; Wasserglas Natriumsilikat; Natriumsilikat Wasserglas; Natriumsilikat fl\u00fcssig; Natriumsilikat Fl\u00fcssigglas.","robots":{"index":"index","follow":"follow","max-snippet":"max-snippet:-1","max-image-preview":"max-image-preview:large","max-video-preview":"max-video-preview:-1"},"canonical":"https:\/\/longchangchemical.com\/de\/product\/liquid-sodium-silicate-cas-1344-09-8\/","og_locale":"de_DE","og_type":"article","og_title":"China Liquid Sodium silicate manufacturer \uff06 CAS 1344-09-8 supplier - Longchang Chemical Co., Ltd.","og_description":"China Liquid Sodium silicate CAS 1344-09-8 manufacturer and supplier. This product can replace Silicic acid, sodium salt, Sodium hydroxy(oxo)silanolate, sodium hydroxysilanoylolate, Sodium metasilicate, SODIUM SILICATE SOLUTION. Liquid Sodium silicate; water glass sodium silicate; sodium silicate water glass; Sodium silicate Liquid; Sodium silicate Liquid glass.","og_url":"https:\/\/longchangchemical.com\/de\/product\/liquid-sodium-silicate-cas-1344-09-8\/","og_site_name":"Longchang Chemical","article_modified_time":"2025-12-22T07:20:23+00:00","og_image":[{"width":800,"height":800,"url":"https:\/\/longchangchemical.com\/wp-content\/uploads\/2021\/10\/Appearance.jpg","type":"image\/jpeg"}],"twitter_card":"summary_large_image","schema":{"@context":"https:\/\/schema.org","@graph":[{"@type":"WebPage","@id":"https:\/\/longchangchemical.com\/product\/liquid-sodium-silicate-cas-1344-09-8\/","url":"https:\/\/longchangchemical.com\/product\/liquid-sodium-silicate-cas-1344-09-8\/","name":"China Fl\u00fcssiges Natriumsilikat Hersteller \uff06 CAS 1344-09-8 Lieferant - Longchang Chemical Co, Ltd.","isPartOf":{"@id":"https:\/\/longchangchemical.com\/#website"},"primaryImageOfPage":{"@id":"https:\/\/longchangchemical.com\/product\/liquid-sodium-silicate-cas-1344-09-8\/#primaryimage"},"image":{"@id":"https:\/\/longchangchemical.com\/product\/liquid-sodium-silicate-cas-1344-09-8\/#primaryimage"},"thumbnailUrl":"https:\/\/longchangchemical.com\/wp-content\/uploads\/2021\/10\/Appearance.jpg","datePublished":"2021-10-07T08:03:42+00:00","dateModified":"2025-12-22T07:20:23+00:00","description":"China Fl\u00fcssiges Natriumsilikat CAS 1344-09-8 Hersteller und Lieferant. Dieses Produkt kann Kiesels\u00e4ure, Natriumsalz, Natriumhydroxy(oxo)silanolat, Natriumhydroxysilanoylolat, Natriummetasilikat, Natriumsilikatl\u00f6sung ersetzen. Fl\u00fcssiges Natriumsilikat; Wasserglas Natriumsilikat; Natriumsilikat Wasserglas; Natriumsilikat fl\u00fcssig; Natriumsilikat Fl\u00fcssigglas.","breadcrumb":{"@id":"https:\/\/longchangchemical.com\/product\/liquid-sodium-silicate-cas-1344-09-8\/#breadcrumb"},"inLanguage":"de","potentialAction":[{"@type":"ReadAction","target":["https:\/\/longchangchemical.com\/product\/liquid-sodium-silicate-cas-1344-09-8\/"]}]},{"@type":"ImageObject","inLanguage":"de","@id":"https:\/\/longchangchemical.com\/product\/liquid-sodium-silicate-cas-1344-09-8\/#primaryimage","url":"https:\/\/longchangchemical.com\/wp-content\/uploads\/2021\/10\/Appearance.jpg","contentUrl":"https:\/\/longchangchemical.com\/wp-content\/uploads\/2021\/10\/Appearance.jpg","width":800,"height":800},{"@type":"BreadcrumbList","@id":"https:\/\/longchangchemical.com\/product\/liquid-sodium-silicate-cas-1344-09-8\/#breadcrumb","itemListElement":[{"@type":"ListItem","position":1,"name":"Home","item":"https:\/\/longchangchemical.com\/"},{"@type":"ListItem","position":2,"name":"Products Longchang","item":"https:\/\/longchangchemical.com\/product\/"},{"@type":"ListItem","position":3,"name":"Liquid Sodium silicate CAS 1344-09-8"}]},{"@type":"WebSite","@id":"https:\/\/longchangchemical.com\/#website","url":"https:\/\/longchangchemical.com\/","name":"Longchang Chemical","description":"China Hersteller von Chemikalien \uff06 Lieferant","publisher":{"@id":"https:\/\/longchangchemical.com\/#organization"},"potentialAction":[{"@type":"SearchAction","target":{"@type":"EntryPoint","urlTemplate":"https:\/\/longchangchemical.com\/?s={search_term_string}"},"query-input":{"@type":"PropertyValueSpecification","valueRequired":true,"valueName":"search_term_string"}}],"inLanguage":"de"},{"@type":"Organization","@id":"https:\/\/longchangchemical.com\/#organization","name":"Longchang Chemical","url":"https:\/\/longchangchemical.com\/","logo":{"@type":"ImageObject","inLanguage":"de","@id":"https:\/\/longchangchemical.com\/#\/schema\/logo\/image\/","url":"https:\/\/longchangchemical.com\/wp-content\/uploads\/2020\/08\/cropped-longchang-logo.png","contentUrl":"https:\/\/longchangchemical.com\/wp-content\/uploads\/2020\/08\/cropped-longchang-logo.png","width":512,"height":512,"caption":"Longchang Chemical"},"image":{"@id":"https:\/\/longchangchemical.com\/#\/schema\/logo\/image\/"}}]}},"_links":{"self":[{"href":"https:\/\/longchangchemical.com\/de\/wp-json\/wp\/v2\/product\/4790","targetHints":{"allow":["GET"]}}],"collection":[{"href":"https:\/\/longchangchemical.com\/de\/wp-json\/wp\/v2\/product"}],"about":[{"href":"https:\/\/longchangchemical.com\/de\/wp-json\/wp\/v2\/types\/product"}],"replies":[{"embeddable":true,"href":"https:\/\/longchangchemical.com\/de\/wp-json\/wp\/v2\/comments?post=4790"}],"wp:featuredmedia":[{"embeddable":true,"href":"https:\/\/longchangchemical.com\/de\/wp-json\/wp\/v2\/media\/4792"}],"wp:attachment":[{"href":"https:\/\/longchangchemical.com\/de\/wp-json\/wp\/v2\/media?parent=4790"}],"wp:term":[{"taxonomy":"product_brand","embeddable":true,"href":"https:\/\/longchangchemical.com\/de\/wp-json\/wp\/v2\/product_brand?post=4790"},{"taxonomy":"product_cat","embeddable":true,"href":"https:\/\/longchangchemical.com\/de\/wp-json\/wp\/v2\/product_cat?post=4790"},{"taxonomy":"product_tag","embeddable":true,"href":"https:\/\/longchangchemical.com\/de\/wp-json\/wp\/v2\/product_tag?post=4790"}],"curies":[{"name":"wp","href":"https:\/\/api.w.org\/{rel}","templated":true}]}}