{"id":4599,"date":"2021-05-08T06:05:10","date_gmt":"2021-05-08T06:05:10","guid":{"rendered":"https:\/\/longchangchemical.com\/?post_type=product&#038;p=4599"},"modified":"2025-12-22T08:39:48","modified_gmt":"2025-12-22T08:39:48","slug":"dimethyl-sulfoxide-cas-67-68-5","status":"publish","type":"product","link":"https:\/\/longchangchemical.com\/de\/product\/dimethyl-sulfoxide-cas-67-68-5\/","title":{"rendered":"Dimethylsulfoxid CAS 67-68-5"},"content":{"rendered":"<h1><strong>Dimethylsulfoxid CAS 67-68-5<\/strong><\/h1>\n<table class=\"table-1\">\n<tbody>\n<tr>\n<td width=\"191\">\n<h4><strong><b>Artikel<\/b><\/strong><\/h4>\n<\/td>\n<td width=\"254\">\n<h4><strong><b>Spezifikationen<\/b><\/strong><\/h4>\n<\/td>\n<\/tr>\n<tr>\n<td width=\"191\">\n<h4>Erscheinungsbild<\/h4>\n<\/td>\n<td width=\"254\">\n<h4>Farblose Fl\u00fcssigkeit<\/h4>\n<\/td>\n<\/tr>\n<tr>\n<td width=\"191\">\n<h4>Gehalt (DMSO)<\/h4>\n<\/td>\n<td width=\"254\">\n<h4>\u226599.90%<\/h4>\n<\/td>\n<\/tr>\n<tr>\n<td width=\"191\">\n<h4>Kristallspitze<\/h4>\n<\/td>\n<td width=\"254\">\n<h4>\u226518.10\u2103<\/h4>\n<\/td>\n<\/tr>\n<tr>\n<td width=\"191\">\n<h4>S\u00e4urewert (mgKOH\/G)<\/h4>\n<\/td>\n<td width=\"254\">\n<h4>\u22640.03<\/h4>\n<\/td>\n<\/tr>\n<tr>\n<td width=\"191\">\n<h4>Durchl\u00e4ssigkeit(400nm)<\/h4>\n<\/td>\n<td width=\"254\">\n<h4>\u226596.0%<\/h4>\n<\/td>\n<\/tr>\n<tr>\n<td width=\"191\">\n<h4>Brechungsindex(20\u2103)<\/h4>\n<\/td>\n<td width=\"254\">\n<h4>1.4775-1.4790<\/h4>\n<\/td>\n<\/tr>\n<tr>\n<td width=\"191\">\n<h4>Wassergehalt<\/h4>\n<\/td>\n<td width=\"254\">\n<h4>\u22640,10%<\/h4>\n<\/td>\n<\/tr>\n<\/tbody>\n<\/table>\n<h2><\/h2>\n<h2><strong>Dimethylsulfoxid Verwendung<\/strong><\/h2>\n<h4>1. Dimethylsulfoxid wird in gro\u00dfem Umfang als L\u00f6sungs- und Reaktionsmittel verwendet, insbesondere als Verarbeitungsl\u00f6sungsmittel und Spinnl\u00f6sungsmittel bei der Polymerisation von Acrylnitril, als Polyurethan-Synthese- und Spinnl\u00f6sungsmittel, als Polyamid-, Polyimid- und Polysulfonharz-Synthetikl\u00f6sungsmittel sowie als aromatische Kohlenwasserstoffe, Butadien-Extraktionsl\u00f6sungsmittel und synthetische Chlorfluoranilin-L\u00f6sungsmittel.<\/h4>\n<h4>2. In der pharmazeutischen Industrie wird Dimethylsulfoxid auch direkt als Rohstoff und Tr\u00e4ger f\u00fcr einige Arzneimittel verwendet. Dimethylsulfoxid selbst hat entz\u00fcndungshemmende, schmerzstillende, harntreibende, sedierende und andere Wirkungen. Es ist auch als \"Allheilmittel\" bekannt und wird Arzneimitteln h\u00e4ufig als aktiver Bestandteil von Analgetika zugesetzt. Es hat die besondere Eigenschaft, leicht in die Haut einzudringen, wodurch der Anwender einen Geschmack \u00e4hnlich dem von Austern versp\u00fcrt.<\/h4>\n<h4>3. Dimethylsulfoxid wird von den meisten Chemie- und Pharmaunternehmen als Extraktionsmittel verwendet. Aufgrund des hohen Siedepunkts von DMSO ist die Betriebstemperatur jedoch zu hoch, was zur Verkokung des Materials f\u00fchrt, was die R\u00fcckgewinnung von Dimethylsulfoxid und die Reinigung der Anlagen beeintr\u00e4chtigt. Auch der Energieverbrauch wird dadurch erh\u00f6ht. Daher ist die R\u00fcckgewinnung von Dimethylsulfoxid zu einem Engpass f\u00fcr seine weitere Verwendung als Extraktionsmittel geworden.<\/h4>\n<h3><strong>4. Dieses Produkt kann zur Herstellung des Impfstoffs COVID-19 verwendet werden.<\/strong><\/h3>\n<p>&nbsp;<\/p>\n<h2><strong>Dimethylsulfoxid Verpackung und Versand<\/strong><\/h2>\n<h4>225kg\/Fass oder als kundenspezifisches Paket.<\/h4>\n<p>&nbsp;<\/p>\n<h2><strong>Dimethylsulfoxid Lagerung<\/strong><\/h2>\n<h4>An einem k\u00fchlen, trockenen, gut bel\u00fcfteten Ort lagern, entfernt von unvertr\u00e4glichen Substanzen.<\/h4>\n<h4>Dieses Produkt wird nach der Herstellung versiegelt und gelagert und hat die Wirkung, Wasserdampf zu absorbieren.<\/h4>\n<p>&nbsp;<\/p>\n<h2><strong><b>Kontaktieren Sie uns jetzt!<\/b><\/strong><\/h2>\n<h4><strong><b>Wenn Sie COA, MSDS oder TDS ben\u00f6tigen, geben Sie bitte Ihre Kontaktinformationen in das untenstehende Formular ein. Wir werden uns in der Regel innerhalb von 24 Stunden mit Ihnen in Verbindung setzen. Sie k\u00f6nnen mir auch eine E-Mail schicken <span style=\"color: #0000ff;\"><a style=\"color: #0000ff;\" href=\"mailto:info@longchangchemical.com\">info@longchangchemical.com<\/a><\/span> w\u00e4hrend der Gesch\u00e4ftszeiten ( 8:30 bis 18:00 Uhr UTC+8 Mo.~Sa. ) oder nutzen Sie den Live-Chat auf der Website, um eine schnelle Antwort zu erhalten.<\/b><\/strong><\/h4>\n<p>&nbsp;<\/p>\n<h2>Dieses Produkt k\u00f6nnen Sie auch auf Amazon kaufen<\/h2>\n<p><iframe style=\"width: 120px; height: 240px;\" src=\"\/\/ws-na.amazon-adsystem.com\/widgets\/q?ServiceVersion=20070822&amp;OneJS=1&amp;Operation=GetAdHtml&amp;MarketPlace=US&amp;source=ac&amp;ref=qf_sp_asin_til&amp;ad_type=product_link&amp;tracking_id=longchangchem-20&amp;marketplace=amazon&amp;region=US&amp;placement=B00ZNV5N8U&amp;asins=B00ZNV5N8U&amp;linkId=c59e87d268d292cde89ada64864d0da7&amp;show_border=true&amp;link_opens_in_new_window=true&amp;price_color=333333&amp;title_color=0066c0&amp;bg_color=ffffff\" frameborder=\"0\" marginwidth=\"0\" marginheight=\"0\" scrolling=\"no\"><br \/>\n<\/iframe><\/p>","protected":false},"excerpt":{"rendered":"<p>Pr\u00fcfung: \u226599.90%<\/p>\n<p>\u00c4u\u00dferes Erscheinungsbild: Farblose Fl\u00fcssigkeit<\/p>\n<p>Kapazit\u00e4t: 3000MT\/Jahr<\/p>\n<p>Muster: verf\u00fcgbar<\/p>","protected":false},"featured_media":4600,"comment_status":"open","ping_status":"closed","template":"","meta":[],"product_brand":[],"product_cat":[69],"product_tag":[],"class_list":{"0":"post-4599","1":"product","2":"type-product","3":"status-publish","4":"has-post-thumbnail","6":"product_cat-catalysts-chemical-auxiliary-agents","8":"first","9":"instock","10":"shipping-taxable","11":"product-type-simple"},"yoast_head":"<!-- This site is optimized with the Yoast SEO plugin v25.3.1 - https:\/\/yoast.com\/wordpress\/plugins\/seo\/ -->\n<title>China Dimethyl sulfoxide Manufacturer \uff06 DMSO Supplier - Longchang chemical Co., Ltd.<\/title>\n<meta name=\"description\" content=\"Longchang Chemical is a leading manufacturer and supplier of Dimethyl sulfoxide in China. Buy Dimethyl sulfoxide \/ DMSO in china. We can provide the best Dimethyl sulfoxide \/ DMSO price.\" \/>\n<meta name=\"robots\" content=\"index, follow, max-snippet:-1, max-image-preview:large, max-video-preview:-1\" \/>\n<link rel=\"canonical\" href=\"https:\/\/longchangchemical.com\/de\/product\/dimethyl-sulfoxide-cas-67-68-5\/\" \/>\n<meta property=\"og:locale\" content=\"de_DE\" \/>\n<meta property=\"og:type\" content=\"article\" \/>\n<meta property=\"og:title\" content=\"China Dimethyl sulfoxide Manufacturer \uff06 DMSO Supplier - Longchang chemical Co., Ltd.\" \/>\n<meta property=\"og:description\" content=\"Longchang Chemical is a leading manufacturer and supplier of Dimethyl sulfoxide in China. Buy Dimethyl sulfoxide \/ DMSO in china. We can provide the best Dimethyl sulfoxide \/ DMSO price.\" \/>\n<meta property=\"og:url\" content=\"https:\/\/longchangchemical.com\/de\/product\/dimethyl-sulfoxide-cas-67-68-5\/\" \/>\n<meta property=\"og:site_name\" content=\"Longchang Chemical\" \/>\n<meta property=\"article:modified_time\" content=\"2025-12-22T08:39:48+00:00\" \/>\n<meta property=\"og:image\" content=\"https:\/\/longchangchemical.com\/wp-content\/uploads\/2021\/05\/Dimethyl-Sulfoxide-Appearance.jpg\" \/>\n\t<meta property=\"og:image:width\" content=\"600\" \/>\n\t<meta property=\"og:image:height\" content=\"800\" \/>\n\t<meta property=\"og:image:type\" content=\"image\/jpeg\" \/>\n<meta name=\"twitter:card\" content=\"summary_large_image\" \/>\n<script type=\"application\/ld+json\" class=\"yoast-schema-graph\">{\"@context\":\"https:\/\/schema.org\",\"@graph\":[{\"@type\":\"WebPage\",\"@id\":\"https:\/\/longchangchemical.com\/product\/dimethyl-sulfoxide-cas-67-68-5\/\",\"url\":\"https:\/\/longchangchemical.com\/product\/dimethyl-sulfoxide-cas-67-68-5\/\",\"name\":\"China Dimethyl sulfoxide Manufacturer \uff06 DMSO Supplier - Longchang chemical Co., Ltd.\",\"isPartOf\":{\"@id\":\"https:\/\/longchangchemical.com\/#website\"},\"primaryImageOfPage\":{\"@id\":\"https:\/\/longchangchemical.com\/product\/dimethyl-sulfoxide-cas-67-68-5\/#primaryimage\"},\"image\":{\"@id\":\"https:\/\/longchangchemical.com\/product\/dimethyl-sulfoxide-cas-67-68-5\/#primaryimage\"},\"thumbnailUrl\":\"https:\/\/longchangchemical.com\/wp-content\/uploads\/2021\/05\/Dimethyl-Sulfoxide-Appearance.jpg\",\"datePublished\":\"2021-05-08T06:05:10+00:00\",\"dateModified\":\"2025-12-22T08:39:48+00:00\",\"description\":\"Longchang Chemical is a leading manufacturer and supplier of Dimethyl sulfoxide in China. Buy Dimethyl sulfoxide \/ DMSO in china. We can provide the best Dimethyl sulfoxide \/ DMSO price.\",\"breadcrumb\":{\"@id\":\"https:\/\/longchangchemical.com\/product\/dimethyl-sulfoxide-cas-67-68-5\/#breadcrumb\"},\"inLanguage\":\"de\",\"potentialAction\":[{\"@type\":\"ReadAction\",\"target\":[\"https:\/\/longchangchemical.com\/product\/dimethyl-sulfoxide-cas-67-68-5\/\"]}]},{\"@type\":\"ImageObject\",\"inLanguage\":\"de\",\"@id\":\"https:\/\/longchangchemical.com\/product\/dimethyl-sulfoxide-cas-67-68-5\/#primaryimage\",\"url\":\"https:\/\/longchangchemical.com\/wp-content\/uploads\/2021\/05\/Dimethyl-Sulfoxide-Appearance.jpg\",\"contentUrl\":\"https:\/\/longchangchemical.com\/wp-content\/uploads\/2021\/05\/Dimethyl-Sulfoxide-Appearance.jpg\",\"width\":600,\"height\":800,\"caption\":\"Appearance\"},{\"@type\":\"BreadcrumbList\",\"@id\":\"https:\/\/longchangchemical.com\/product\/dimethyl-sulfoxide-cas-67-68-5\/#breadcrumb\",\"itemListElement\":[{\"@type\":\"ListItem\",\"position\":1,\"name\":\"Home\",\"item\":\"https:\/\/longchangchemical.com\/\"},{\"@type\":\"ListItem\",\"position\":2,\"name\":\"Products Longchang\",\"item\":\"https:\/\/longchangchemical.com\/product\/\"},{\"@type\":\"ListItem\",\"position\":3,\"name\":\"Dimethyl Sulfoxide CAS 67-68-5\"}]},{\"@type\":\"WebSite\",\"@id\":\"https:\/\/longchangchemical.com\/#website\",\"url\":\"https:\/\/longchangchemical.com\/\",\"name\":\"Longchang Chemical\",\"description\":\"China chemical manufacturer \uff06 supplier\",\"publisher\":{\"@id\":\"https:\/\/longchangchemical.com\/#organization\"},\"potentialAction\":[{\"@type\":\"SearchAction\",\"target\":{\"@type\":\"EntryPoint\",\"urlTemplate\":\"https:\/\/longchangchemical.com\/?s={search_term_string}\"},\"query-input\":{\"@type\":\"PropertyValueSpecification\",\"valueRequired\":true,\"valueName\":\"search_term_string\"}}],\"inLanguage\":\"de\"},{\"@type\":\"Organization\",\"@id\":\"https:\/\/longchangchemical.com\/#organization\",\"name\":\"Longchang Chemical\",\"url\":\"https:\/\/longchangchemical.com\/\",\"logo\":{\"@type\":\"ImageObject\",\"inLanguage\":\"de\",\"@id\":\"https:\/\/longchangchemical.com\/#\/schema\/logo\/image\/\",\"url\":\"https:\/\/longchangchemical.com\/wp-content\/uploads\/2020\/08\/cropped-longchang-logo.png\",\"contentUrl\":\"https:\/\/longchangchemical.com\/wp-content\/uploads\/2020\/08\/cropped-longchang-logo.png\",\"width\":512,\"height\":512,\"caption\":\"Longchang Chemical\"},\"image\":{\"@id\":\"https:\/\/longchangchemical.com\/#\/schema\/logo\/image\/\"}}]}<\/script>\n<!-- \/ Yoast SEO plugin. -->","yoast_head_json":{"title":"China Dimethylsulfoxid Hersteller \uff06 DMSO Lieferant - Longchang chemical Co., Ltd.","description":"Longchang Chemical ist ein f\u00fchrender Hersteller und Lieferant von Dimethylsulfoxid in China. Kaufen Sie Dimethylsulfoxid \/ DMSO in China. Wir k\u00f6nnen die besten Dimethylsulfoxid \/ DMSO Preis bieten.","robots":{"index":"index","follow":"follow","max-snippet":"max-snippet:-1","max-image-preview":"max-image-preview:large","max-video-preview":"max-video-preview:-1"},"canonical":"https:\/\/longchangchemical.com\/de\/product\/dimethyl-sulfoxide-cas-67-68-5\/","og_locale":"de_DE","og_type":"article","og_title":"China Dimethyl sulfoxide Manufacturer \uff06 DMSO Supplier - Longchang chemical Co., Ltd.","og_description":"Longchang Chemical is a leading manufacturer and supplier of Dimethyl sulfoxide in China. Buy Dimethyl sulfoxide \/ DMSO in china. We can provide the best Dimethyl sulfoxide \/ DMSO price.","og_url":"https:\/\/longchangchemical.com\/de\/product\/dimethyl-sulfoxide-cas-67-68-5\/","og_site_name":"Longchang Chemical","article_modified_time":"2025-12-22T08:39:48+00:00","og_image":[{"width":600,"height":800,"url":"https:\/\/longchangchemical.com\/wp-content\/uploads\/2021\/05\/Dimethyl-Sulfoxide-Appearance.jpg","type":"image\/jpeg"}],"twitter_card":"summary_large_image","schema":{"@context":"https:\/\/schema.org","@graph":[{"@type":"WebPage","@id":"https:\/\/longchangchemical.com\/product\/dimethyl-sulfoxide-cas-67-68-5\/","url":"https:\/\/longchangchemical.com\/product\/dimethyl-sulfoxide-cas-67-68-5\/","name":"China Dimethylsulfoxid Hersteller \uff06 DMSO Lieferant - Longchang chemical Co., Ltd.","isPartOf":{"@id":"https:\/\/longchangchemical.com\/#website"},"primaryImageOfPage":{"@id":"https:\/\/longchangchemical.com\/product\/dimethyl-sulfoxide-cas-67-68-5\/#primaryimage"},"image":{"@id":"https:\/\/longchangchemical.com\/product\/dimethyl-sulfoxide-cas-67-68-5\/#primaryimage"},"thumbnailUrl":"https:\/\/longchangchemical.com\/wp-content\/uploads\/2021\/05\/Dimethyl-Sulfoxide-Appearance.jpg","datePublished":"2021-05-08T06:05:10+00:00","dateModified":"2025-12-22T08:39:48+00:00","description":"Longchang Chemical ist ein f\u00fchrender Hersteller und Lieferant von Dimethylsulfoxid in China. Kaufen Sie Dimethylsulfoxid \/ DMSO in China. Wir k\u00f6nnen die besten Dimethylsulfoxid \/ DMSO Preis bieten.","breadcrumb":{"@id":"https:\/\/longchangchemical.com\/product\/dimethyl-sulfoxide-cas-67-68-5\/#breadcrumb"},"inLanguage":"de","potentialAction":[{"@type":"ReadAction","target":["https:\/\/longchangchemical.com\/product\/dimethyl-sulfoxide-cas-67-68-5\/"]}]},{"@type":"ImageObject","inLanguage":"de","@id":"https:\/\/longchangchemical.com\/product\/dimethyl-sulfoxide-cas-67-68-5\/#primaryimage","url":"https:\/\/longchangchemical.com\/wp-content\/uploads\/2021\/05\/Dimethyl-Sulfoxide-Appearance.jpg","contentUrl":"https:\/\/longchangchemical.com\/wp-content\/uploads\/2021\/05\/Dimethyl-Sulfoxide-Appearance.jpg","width":600,"height":800,"caption":"Appearance"},{"@type":"BreadcrumbList","@id":"https:\/\/longchangchemical.com\/product\/dimethyl-sulfoxide-cas-67-68-5\/#breadcrumb","itemListElement":[{"@type":"ListItem","position":1,"name":"Home","item":"https:\/\/longchangchemical.com\/"},{"@type":"ListItem","position":2,"name":"Products Longchang","item":"https:\/\/longchangchemical.com\/product\/"},{"@type":"ListItem","position":3,"name":"Dimethyl Sulfoxide CAS 67-68-5"}]},{"@type":"WebSite","@id":"https:\/\/longchangchemical.com\/#website","url":"https:\/\/longchangchemical.com\/","name":"Longchang Chemical","description":"China Hersteller von Chemikalien \uff06 Lieferant","publisher":{"@id":"https:\/\/longchangchemical.com\/#organization"},"potentialAction":[{"@type":"SearchAction","target":{"@type":"EntryPoint","urlTemplate":"https:\/\/longchangchemical.com\/?s={search_term_string}"},"query-input":{"@type":"PropertyValueSpecification","valueRequired":true,"valueName":"search_term_string"}}],"inLanguage":"de"},{"@type":"Organization","@id":"https:\/\/longchangchemical.com\/#organization","name":"Longchang Chemical","url":"https:\/\/longchangchemical.com\/","logo":{"@type":"ImageObject","inLanguage":"de","@id":"https:\/\/longchangchemical.com\/#\/schema\/logo\/image\/","url":"https:\/\/longchangchemical.com\/wp-content\/uploads\/2020\/08\/cropped-longchang-logo.png","contentUrl":"https:\/\/longchangchemical.com\/wp-content\/uploads\/2020\/08\/cropped-longchang-logo.png","width":512,"height":512,"caption":"Longchang Chemical"},"image":{"@id":"https:\/\/longchangchemical.com\/#\/schema\/logo\/image\/"}}]}},"_links":{"self":[{"href":"https:\/\/longchangchemical.com\/de\/wp-json\/wp\/v2\/product\/4599","targetHints":{"allow":["GET"]}}],"collection":[{"href":"https:\/\/longchangchemical.com\/de\/wp-json\/wp\/v2\/product"}],"about":[{"href":"https:\/\/longchangchemical.com\/de\/wp-json\/wp\/v2\/types\/product"}],"replies":[{"embeddable":true,"href":"https:\/\/longchangchemical.com\/de\/wp-json\/wp\/v2\/comments?post=4599"}],"wp:featuredmedia":[{"embeddable":true,"href":"https:\/\/longchangchemical.com\/de\/wp-json\/wp\/v2\/media\/4600"}],"wp:attachment":[{"href":"https:\/\/longchangchemical.com\/de\/wp-json\/wp\/v2\/media?parent=4599"}],"wp:term":[{"taxonomy":"product_brand","embeddable":true,"href":"https:\/\/longchangchemical.com\/de\/wp-json\/wp\/v2\/product_brand?post=4599"},{"taxonomy":"product_cat","embeddable":true,"href":"https:\/\/longchangchemical.com\/de\/wp-json\/wp\/v2\/product_cat?post=4599"},{"taxonomy":"product_tag","embeddable":true,"href":"https:\/\/longchangchemical.com\/de\/wp-json\/wp\/v2\/product_tag?post=4599"}],"curies":[{"name":"wp","href":"https:\/\/api.w.org\/{rel}","templated":true}]}}