{"id":4376,"date":"2021-02-09T14:11:51","date_gmt":"2021-02-09T14:11:51","guid":{"rendered":"https:\/\/longchangchemical.com\/?post_type=product&#038;p=4376"},"modified":"2022-02-17T02:51:52","modified_gmt":"2022-02-17T02:51:52","slug":"calcium-citrate-cas-813-94-5","status":"publish","type":"product","link":"https:\/\/longchangchemical.com\/de\/product\/calcium-citrate-cas-813-94-5\/","title":{"rendered":"Calciumcitrat CAS 813-94-5"},"content":{"rendered":"<h1><strong>Calciumcitrat CAS 813-94-5<\/strong><\/h1>\n<table>\n<tbody>\n<tr>\n<td width=\"284\">\n<h4>Artikel<\/h4>\n<\/td>\n<td width=\"284\">\n<h4>Standard<\/h4>\n<\/td>\n<\/tr>\n<tr>\n<td width=\"284\">\n<h4>Erscheinungsbild<\/h4>\n<\/td>\n<td width=\"284\">\n<h4>Wei\u00dfes Puder<\/h4>\n<\/td>\n<\/tr>\n<tr>\n<td width=\"284\">\n<h4>Gehalt Ca3(C6H5O7)2<\/h4>\n<\/td>\n<td width=\"284\">\n<h4>97.5-100.5%<\/h4>\n<\/td>\n<\/tr>\n<tr>\n<td width=\"284\">\n<h4>Verlust beim Trocknen<\/h4>\n<\/td>\n<td width=\"284\">\n<h4>10.0-13.3%<\/h4>\n<\/td>\n<\/tr>\n<tr>\n<td width=\"284\">\n<h4>Arsen<\/h4>\n<\/td>\n<td width=\"284\">\n<h4>\u22640,0003%<\/h4>\n<\/td>\n<\/tr>\n<tr>\n<td width=\"284\">\n<h4>Blei<\/h4>\n<\/td>\n<td width=\"284\">\n<h4>\u226410ppm<\/h4>\n<\/td>\n<\/tr>\n<tr>\n<td width=\"284\">\n<h4>S\u00e4ureunl\u00f6sliche Stoffe<\/h4>\n<\/td>\n<td width=\"284\">\n<h4>\u22640.20%<\/h4>\n<\/td>\n<\/tr>\n<tr>\n<td width=\"284\">\n<h4>Schwermetalle<\/h4>\n<\/td>\n<td width=\"284\">\n<h4>\u22640,002%<\/h4>\n<\/td>\n<\/tr>\n<tr>\n<td width=\"284\">\n<h4>Grenzwert f\u00fcr Fluorid<\/h4>\n<\/td>\n<td width=\"284\">\n<h4>\u22640,003%<\/h4>\n<\/td>\n<\/tr>\n<tr>\n<td width=\"284\">\n<h4>TPC<\/h4>\n<\/td>\n<td width=\"284\">\n<h4>\u22641000Cfu\/g<\/h4>\n<\/td>\n<\/tr>\n<tr>\n<td width=\"284\">\n<h4>Hefe &amp; Schimmel<\/h4>\n<\/td>\n<td width=\"284\">\n<h4>\u2264100Cfu\/g<\/h4>\n<\/td>\n<\/tr>\n<tr>\n<td width=\"284\">\n<h4>Salmonellen<\/h4>\n<\/td>\n<td width=\"284\">\n<h4>Negativ<\/h4>\n<\/td>\n<\/tr>\n<tr>\n<td width=\"284\">\n<h4>E.-Spule<\/h4>\n<\/td>\n<td width=\"284\">\n<h4>Negativ<\/h4>\n<\/td>\n<\/tr>\n<tr>\n<td width=\"284\">\n<h4>Staphylokokkus Aureus<\/h4>\n<\/td>\n<td width=\"284\">\n<h4>Negativ<\/h4>\n<\/td>\n<\/tr>\n<\/tbody>\n<\/table>\n<p><strong><b>\u00a0<\/b><\/strong><\/p>\n<h2><strong><b>Kalziumzitrat<\/b><\/strong><strong><b>\u00a0<\/b><\/strong><strong><b>Verwendung<\/b><\/strong><\/h2>\n<h4>1. Als Kalziumanreicherungsmittel in Lebensmitteln hat Kalziumcitrat eine bessere Absorptionswirkung als anorganisches Kalzium. In meinem Land darf es f\u00fcr Getreide und Getreideerzeugnisse verwendet werden, und die Verwendungsmenge betr\u00e4gt 8-16 g\/kg in Milchgetr\u00e4nken und Trinkfl\u00fcssigkeiten bei 1,8-3,6 g\/kg.<\/h4>\n<h4>2. Calciumcitrat kann als Chelatbildner, Puffer, Gewebekoagulans, Calciumanreicherungsmittel, Emulgatorsalz usw. verwendet werden.<\/h4>\n<h4>3. Calciumcitrat ist ein aus Zitronens\u00e4ure gewonnenes Calciumsalz. Es wird als Nahrungserg\u00e4nzungsmittel zur Vorbeugung und Behandlung von Kalziummangel verwendet. Es kann die Gesundheit von Z\u00e4hnen und Knochen f\u00f6rdern und bei der Gewichtsabnahme helfen.<\/h4>\n<p>&nbsp;<\/p>\n<h2><b><\/b><strong><b>Kalziumzitrat <\/b><\/strong><strong><b>Verpackung und Versand<\/b><\/strong><b><\/b><\/h2>\n<h4>Verpackung: 25kg\/Fass<\/h4>\n<p>&nbsp;<\/p>\n<h2><strong><b>Kalziumzitrat <\/b><\/strong><strong><b>Lagerung<\/b><\/strong><\/h2>\n<h4>Es sollte k\u00fchl und trocken gelagert werden.<\/h4>\n<p>&nbsp;<\/p>\n<h2><strong>Produkte der gleichen Serie<\/strong><\/h2>\n<table style=\"border-collapse: collapse; width: 312.02pt;\" border=\"0\" width=\"416\" cellspacing=\"0\" cellpadding=\"0\">\n<tbody>\n<tr style=\"height: 54.00pt;\">\n<td class=\"et4\" style=\"height: 54.00pt; width: 201.75pt;\" width=\"269\" height=\"72\">\n<h4><a href=\"https:\/\/longchangchemical.com\/de\/product\/bismuth-citrate-cas-813-93-4\/\"><span style=\"color: #0000ff;\"><strong>Bismutcitrat<\/strong><\/span><\/a><\/h4>\n<\/td>\n<td class=\"et4\" style=\"width: 110.25pt;\" width=\"147\">\n<h4><a href=\"https:\/\/longchangchemical.com\/de\/product\/bismuth-citrate-cas-813-93-4\/\"><span style=\"color: #0000ff;\"><strong>813-93-4<\/strong><\/span><\/a><\/h4>\n<\/td>\n<\/tr>\n<tr style=\"height: 54.00pt;\">\n<td class=\"et5\" style=\"height: 54.00pt; width: 201.75pt;\" width=\"269\" height=\"72\">\n<h4><a href=\"https:\/\/longchangchemical.com\/de\/product\/boron-citrate-5\/\"><span style=\"color: #0000ff;\"><strong>Bor-Zitrat<\/strong><\/span><\/a><\/h4>\n<\/td>\n<td class=\"et6\" style=\"width: 110.25pt;\" width=\"147\"><\/td>\n<\/tr>\n<tr style=\"height: 40.50pt;\">\n<td class=\"et7\" style=\"height: 40.50pt; width: 201.75pt;\" width=\"269\" height=\"54\">\n<h4><a href=\"https:\/\/longchangchemical.com\/de\/product\/ferric-citrate-cas-3522-50-7\/\"><span style=\"color: #0000ff;\"><strong>Eisen(III)-citrat<\/strong><\/span><\/a><\/h4>\n<\/td>\n<td class=\"et7\" style=\"width: 110.25pt;\" width=\"147\">\n<h4><a href=\"https:\/\/longchangchemical.com\/de\/product\/ferric-citrate-cas-3522-50-7\/\"><span style=\"color: #0000ff;\"><strong>3522-50-7<\/strong><\/span><\/a><\/h4>\n<\/td>\n<\/tr>\n<tr style=\"height: 40.50pt;\">\n<td class=\"et7\" style=\"height: 40.50pt; width: 201.75pt;\" width=\"269\" height=\"54\">\n<h4><strong>Kalziumzitrat<\/strong><\/h4>\n<\/td>\n<td class=\"et7\" style=\"width: 110.25pt;\" width=\"147\">\n<h4><strong>813-94-5<\/strong><\/h4>\n<\/td>\n<\/tr>\n<tr style=\"height: 40.50pt;\">\n<td class=\"et7\" style=\"height: 40.50pt; width: 201.75pt;\" width=\"269\" height=\"54\">\n<h4><a href=\"https:\/\/longchangchemical.com\/de\/product\/trimagnesium-dicitrate-cas-3344-18-1\/\"><span style=\"color: #0000ff;\"><strong>Trimagnesiumdicitrat<\/strong><\/span><\/a><\/h4>\n<\/td>\n<td class=\"et7\" style=\"width: 110.25pt;\" width=\"147\">\n<h4><a href=\"https:\/\/longchangchemical.com\/de\/product\/trimagnesium-dicitrate-cas-3344-18-1\/\"><span style=\"color: #0000ff;\"><strong>3344-18-1<\/strong><\/span><\/a><\/h4>\n<\/td>\n<\/tr>\n<tr style=\"height: 40.50pt;\">\n<td class=\"et7\" style=\"height: 40.50pt; width: 201.75pt;\" width=\"269\" height=\"54\">\n<h4><a href=\"https:\/\/longchangchemical.com\/de\/product\/zinc-citrate-tribasic-dihydrate-cas-5990-32-9\/\"><span style=\"color: #0000ff;\">Zinkcitrat dreibasisches Dihydrat<\/span><\/a><\/h4>\n<\/td>\n<td class=\"et7\" style=\"width: 110.25pt;\" width=\"147\">\n<h4><a href=\"https:\/\/longchangchemical.com\/de\/product\/zinc-citrate-tribasic-dihydrate-cas-5990-32-9\/\"><span style=\"color: #0000ff;\">5990-32-9<\/span><\/a><\/h4>\n<\/td>\n<\/tr>\n<tr style=\"height: 40.50pt;\">\n<td class=\"et7\" style=\"height: 40.50pt; width: 201.75pt;\" width=\"269\" height=\"54\">\n<h4><a href=\"https:\/\/longchangchemical.com\/de\/product\/manganese-citrate-cas-10024-66-5\/\"><span style=\"color: #0000ff;\"><strong>Mangan-Zitrat<\/strong><\/span><\/a><\/h4>\n<\/td>\n<td class=\"et7\" style=\"width: 110.25pt;\" width=\"147\">\n<h4><a href=\"https:\/\/longchangchemical.com\/de\/product\/manganese-citrate-cas-10024-66-5\/\"><span style=\"color: #0000ff;\"><strong>10024-66-5<\/strong><\/span><\/a><\/h4>\n<\/td>\n<\/tr>\n<tr style=\"height: 40.50pt;\">\n<td class=\"et7\" style=\"height: 40.50pt; width: 201.75pt;\" width=\"269\" height=\"54\">\n<h4><a href=\"https:\/\/longchangchemical.com\/de\/product\/trimethyl-citrate-cas-1587-20-8\/\"><span style=\"color: #0000ff;\"><strong>Trimethylcitrat<\/strong><\/span><\/a><\/h4>\n<\/td>\n<td class=\"et7\" style=\"width: 110.25pt;\" width=\"147\">\n<h4><a href=\"https:\/\/longchangchemical.com\/de\/product\/trimethyl-citrate-cas-1587-20-8\/\"><span style=\"color: #0000ff;\"><strong>1587-20-8<\/strong><\/span><\/a><\/h4>\n<\/td>\n<\/tr>\n<tr style=\"height: 40.50pt;\">\n<td class=\"et7\" style=\"height: 40.50pt; width: 201.75pt;\" width=\"269\" height=\"54\">\n<h4><a href=\"https:\/\/longchangchemical.com\/de\/product\/triethyl-citrate-cas-77-93-0\/\"><span style=\"color: #0000ff;\"><strong>Triethylzitrat<\/strong><\/span><\/a><\/h4>\n<\/td>\n<td class=\"et7\" style=\"width: 110.25pt;\" width=\"147\">\n<h4><a href=\"https:\/\/longchangchemical.com\/de\/product\/triethyl-citrate-cas-77-93-0\/\"><span style=\"color: #0000ff;\"><strong>77-93-0<\/strong><\/span><\/a><\/h4>\n<\/td>\n<\/tr>\n<\/tbody>\n<\/table>\n<p>&nbsp;<\/p>\n<h2><\/h2>\n<h2><strong><b>Kontaktieren Sie uns jetzt!<\/b><\/strong><\/h2>\n<h4><strong><b>Wir bieten ma\u00dfgeschneiderte Dienstleistungen an und werden Sie in der Regel innerhalb von 24 Stunden kontaktieren. Sie k\u00f6nnen auch eine E-Mail an info@longchangchemical.com w\u00e4hrend der Arbeitszeiten (8:30 bis 18:00 Uhr UTC+8 Mo.~Sa.) senden oder den Live-Chat der Website nutzen, um eine schnelle Antwort zu erhalten.<\/b><\/strong><\/h4>","protected":false},"excerpt":{"rendered":"<p>Chemische Bezeichnung: Calciumcitrat<\/p>\n<p>CAS-Nr.: 5785-44-4<\/p>\n<p>Summenformel: C12H18Ca3O18<\/p>\n<p>Molekulargewicht: 570,49<\/p>\n<p>\u00c4u\u00dferes Erscheinungsbild: Wei\u00dfes Pulver<\/p>\n<p>Pr\u00fcfung: 97,5-100,5%<\/p>","protected":false},"featured_media":4377,"comment_status":"open","ping_status":"closed","template":"","meta":[],"product_brand":[],"product_cat":[113],"product_tag":[],"class_list":{"0":"post-4376","1":"product","2":"type-product","3":"status-publish","4":"has-post-thumbnail","6":"product_cat-organic-intermediate","8":"first","9":"instock","10":"shipping-taxable","11":"product-type-simple"},"yoast_head":"<!-- This site is optimized with the Yoast SEO plugin v25.3.1 - https:\/\/yoast.com\/wordpress\/plugins\/seo\/ -->\n<title>China Calcium citrate Manufacturer \uff06 813-94-5 Supplier - Longchang chemical Co., Ltd.<\/title>\n<meta name=\"description\" content=\"Longchang Chemical is a leading manufacturer and supplier of Calcium citrate in China. Buy Calcium citrate in china. We can provide the best Calcium citrate price.\" \/>\n<meta name=\"robots\" content=\"index, follow, max-snippet:-1, max-image-preview:large, max-video-preview:-1\" \/>\n<link rel=\"canonical\" href=\"https:\/\/longchangchemical.com\/de\/product\/calcium-citrate-cas-813-94-5\/\" \/>\n<meta property=\"og:locale\" content=\"de_DE\" \/>\n<meta property=\"og:type\" content=\"article\" \/>\n<meta property=\"og:title\" content=\"China Calcium citrate Manufacturer \uff06 813-94-5 Supplier - Longchang chemical Co., Ltd.\" \/>\n<meta property=\"og:description\" content=\"Longchang Chemical is a leading manufacturer and supplier of Calcium citrate in China. Buy Calcium citrate in china. We can provide the best Calcium citrate price.\" \/>\n<meta property=\"og:url\" content=\"https:\/\/longchangchemical.com\/de\/product\/calcium-citrate-cas-813-94-5\/\" \/>\n<meta property=\"og:site_name\" content=\"Longchang Chemical\" \/>\n<meta property=\"article:modified_time\" content=\"2022-02-17T02:51:52+00:00\" \/>\n<meta property=\"og:image\" content=\"https:\/\/longchangchemical.com\/wp-content\/uploads\/2021\/02\/Calcium-citrate-Appearance.jpg\" \/>\n\t<meta property=\"og:image:width\" content=\"600\" \/>\n\t<meta property=\"og:image:height\" content=\"800\" \/>\n\t<meta property=\"og:image:type\" content=\"image\/jpeg\" \/>\n<meta name=\"twitter:card\" content=\"summary_large_image\" \/>\n<script type=\"application\/ld+json\" class=\"yoast-schema-graph\">{\"@context\":\"https:\/\/schema.org\",\"@graph\":[{\"@type\":\"WebPage\",\"@id\":\"https:\/\/longchangchemical.com\/product\/calcium-citrate-cas-813-94-5\/\",\"url\":\"https:\/\/longchangchemical.com\/product\/calcium-citrate-cas-813-94-5\/\",\"name\":\"China Calcium citrate Manufacturer \uff06 813-94-5 Supplier - Longchang chemical Co., Ltd.\",\"isPartOf\":{\"@id\":\"https:\/\/longchangchemical.com\/#website\"},\"primaryImageOfPage\":{\"@id\":\"https:\/\/longchangchemical.com\/product\/calcium-citrate-cas-813-94-5\/#primaryimage\"},\"image\":{\"@id\":\"https:\/\/longchangchemical.com\/product\/calcium-citrate-cas-813-94-5\/#primaryimage\"},\"thumbnailUrl\":\"https:\/\/longchangchemical.com\/wp-content\/uploads\/2021\/02\/Calcium-citrate-Appearance.jpg\",\"datePublished\":\"2021-02-09T14:11:51+00:00\",\"dateModified\":\"2022-02-17T02:51:52+00:00\",\"description\":\"Longchang Chemical is a leading manufacturer and supplier of Calcium citrate in China. Buy Calcium citrate in china. We can provide the best Calcium citrate price.\",\"breadcrumb\":{\"@id\":\"https:\/\/longchangchemical.com\/product\/calcium-citrate-cas-813-94-5\/#breadcrumb\"},\"inLanguage\":\"de\",\"potentialAction\":[{\"@type\":\"ReadAction\",\"target\":[\"https:\/\/longchangchemical.com\/product\/calcium-citrate-cas-813-94-5\/\"]}]},{\"@type\":\"ImageObject\",\"inLanguage\":\"de\",\"@id\":\"https:\/\/longchangchemical.com\/product\/calcium-citrate-cas-813-94-5\/#primaryimage\",\"url\":\"https:\/\/longchangchemical.com\/wp-content\/uploads\/2021\/02\/Calcium-citrate-Appearance.jpg\",\"contentUrl\":\"https:\/\/longchangchemical.com\/wp-content\/uploads\/2021\/02\/Calcium-citrate-Appearance.jpg\",\"width\":600,\"height\":800,\"caption\":\"Calcium citrate Appearance\"},{\"@type\":\"BreadcrumbList\",\"@id\":\"https:\/\/longchangchemical.com\/product\/calcium-citrate-cas-813-94-5\/#breadcrumb\",\"itemListElement\":[{\"@type\":\"ListItem\",\"position\":1,\"name\":\"Home\",\"item\":\"https:\/\/longchangchemical.com\/\"},{\"@type\":\"ListItem\",\"position\":2,\"name\":\"Products Longchang\",\"item\":\"https:\/\/longchangchemical.com\/product\/\"},{\"@type\":\"ListItem\",\"position\":3,\"name\":\"Calcium citrate CAS 813-94-5\"}]},{\"@type\":\"WebSite\",\"@id\":\"https:\/\/longchangchemical.com\/#website\",\"url\":\"https:\/\/longchangchemical.com\/\",\"name\":\"Longchang Chemical\",\"description\":\"China chemical manufacturer \uff06 supplier\",\"publisher\":{\"@id\":\"https:\/\/longchangchemical.com\/#organization\"},\"potentialAction\":[{\"@type\":\"SearchAction\",\"target\":{\"@type\":\"EntryPoint\",\"urlTemplate\":\"https:\/\/longchangchemical.com\/?s={search_term_string}\"},\"query-input\":{\"@type\":\"PropertyValueSpecification\",\"valueRequired\":true,\"valueName\":\"search_term_string\"}}],\"inLanguage\":\"de\"},{\"@type\":\"Organization\",\"@id\":\"https:\/\/longchangchemical.com\/#organization\",\"name\":\"Longchang Chemical\",\"url\":\"https:\/\/longchangchemical.com\/\",\"logo\":{\"@type\":\"ImageObject\",\"inLanguage\":\"de\",\"@id\":\"https:\/\/longchangchemical.com\/#\/schema\/logo\/image\/\",\"url\":\"https:\/\/longchangchemical.com\/wp-content\/uploads\/2020\/08\/cropped-longchang-logo.png\",\"contentUrl\":\"https:\/\/longchangchemical.com\/wp-content\/uploads\/2020\/08\/cropped-longchang-logo.png\",\"width\":512,\"height\":512,\"caption\":\"Longchang Chemical\"},\"image\":{\"@id\":\"https:\/\/longchangchemical.com\/#\/schema\/logo\/image\/\"}}]}<\/script>\n<!-- \/ Yoast SEO plugin. -->","yoast_head_json":{"title":"China Calciumcitrat Hersteller \uff06 813-94-5 Lieferant - Longchang chemical Co., Ltd.","description":"Longchang Chemical ist ein f\u00fchrender Hersteller und Lieferant von Calciumcitrat in China. Kaufen Sie Calciumcitrat in China. Wir k\u00f6nnen die besten Calciumcitrat Preis bieten.","robots":{"index":"index","follow":"follow","max-snippet":"max-snippet:-1","max-image-preview":"max-image-preview:large","max-video-preview":"max-video-preview:-1"},"canonical":"https:\/\/longchangchemical.com\/de\/product\/calcium-citrate-cas-813-94-5\/","og_locale":"de_DE","og_type":"article","og_title":"China Calcium citrate Manufacturer \uff06 813-94-5 Supplier - Longchang chemical Co., Ltd.","og_description":"Longchang Chemical is a leading manufacturer and supplier of Calcium citrate in China. Buy Calcium citrate in china. We can provide the best Calcium citrate price.","og_url":"https:\/\/longchangchemical.com\/de\/product\/calcium-citrate-cas-813-94-5\/","og_site_name":"Longchang Chemical","article_modified_time":"2022-02-17T02:51:52+00:00","og_image":[{"width":600,"height":800,"url":"https:\/\/longchangchemical.com\/wp-content\/uploads\/2021\/02\/Calcium-citrate-Appearance.jpg","type":"image\/jpeg"}],"twitter_card":"summary_large_image","schema":{"@context":"https:\/\/schema.org","@graph":[{"@type":"WebPage","@id":"https:\/\/longchangchemical.com\/product\/calcium-citrate-cas-813-94-5\/","url":"https:\/\/longchangchemical.com\/product\/calcium-citrate-cas-813-94-5\/","name":"China Calciumcitrat Hersteller \uff06 813-94-5 Lieferant - Longchang chemical Co., Ltd.","isPartOf":{"@id":"https:\/\/longchangchemical.com\/#website"},"primaryImageOfPage":{"@id":"https:\/\/longchangchemical.com\/product\/calcium-citrate-cas-813-94-5\/#primaryimage"},"image":{"@id":"https:\/\/longchangchemical.com\/product\/calcium-citrate-cas-813-94-5\/#primaryimage"},"thumbnailUrl":"https:\/\/longchangchemical.com\/wp-content\/uploads\/2021\/02\/Calcium-citrate-Appearance.jpg","datePublished":"2021-02-09T14:11:51+00:00","dateModified":"2022-02-17T02:51:52+00:00","description":"Longchang Chemical ist ein f\u00fchrender Hersteller und Lieferant von Calciumcitrat in China. Kaufen Sie Calciumcitrat in China. Wir k\u00f6nnen die besten Calciumcitrat Preis bieten.","breadcrumb":{"@id":"https:\/\/longchangchemical.com\/product\/calcium-citrate-cas-813-94-5\/#breadcrumb"},"inLanguage":"de","potentialAction":[{"@type":"ReadAction","target":["https:\/\/longchangchemical.com\/product\/calcium-citrate-cas-813-94-5\/"]}]},{"@type":"ImageObject","inLanguage":"de","@id":"https:\/\/longchangchemical.com\/product\/calcium-citrate-cas-813-94-5\/#primaryimage","url":"https:\/\/longchangchemical.com\/wp-content\/uploads\/2021\/02\/Calcium-citrate-Appearance.jpg","contentUrl":"https:\/\/longchangchemical.com\/wp-content\/uploads\/2021\/02\/Calcium-citrate-Appearance.jpg","width":600,"height":800,"caption":"Calcium citrate Appearance"},{"@type":"BreadcrumbList","@id":"https:\/\/longchangchemical.com\/product\/calcium-citrate-cas-813-94-5\/#breadcrumb","itemListElement":[{"@type":"ListItem","position":1,"name":"Home","item":"https:\/\/longchangchemical.com\/"},{"@type":"ListItem","position":2,"name":"Products Longchang","item":"https:\/\/longchangchemical.com\/product\/"},{"@type":"ListItem","position":3,"name":"Calcium citrate CAS 813-94-5"}]},{"@type":"WebSite","@id":"https:\/\/longchangchemical.com\/#website","url":"https:\/\/longchangchemical.com\/","name":"Longchang Chemical","description":"China Hersteller von Chemikalien \uff06 Lieferant","publisher":{"@id":"https:\/\/longchangchemical.com\/#organization"},"potentialAction":[{"@type":"SearchAction","target":{"@type":"EntryPoint","urlTemplate":"https:\/\/longchangchemical.com\/?s={search_term_string}"},"query-input":{"@type":"PropertyValueSpecification","valueRequired":true,"valueName":"search_term_string"}}],"inLanguage":"de"},{"@type":"Organization","@id":"https:\/\/longchangchemical.com\/#organization","name":"Longchang Chemical","url":"https:\/\/longchangchemical.com\/","logo":{"@type":"ImageObject","inLanguage":"de","@id":"https:\/\/longchangchemical.com\/#\/schema\/logo\/image\/","url":"https:\/\/longchangchemical.com\/wp-content\/uploads\/2020\/08\/cropped-longchang-logo.png","contentUrl":"https:\/\/longchangchemical.com\/wp-content\/uploads\/2020\/08\/cropped-longchang-logo.png","width":512,"height":512,"caption":"Longchang Chemical"},"image":{"@id":"https:\/\/longchangchemical.com\/#\/schema\/logo\/image\/"}}]}},"_links":{"self":[{"href":"https:\/\/longchangchemical.com\/de\/wp-json\/wp\/v2\/product\/4376","targetHints":{"allow":["GET"]}}],"collection":[{"href":"https:\/\/longchangchemical.com\/de\/wp-json\/wp\/v2\/product"}],"about":[{"href":"https:\/\/longchangchemical.com\/de\/wp-json\/wp\/v2\/types\/product"}],"replies":[{"embeddable":true,"href":"https:\/\/longchangchemical.com\/de\/wp-json\/wp\/v2\/comments?post=4376"}],"wp:featuredmedia":[{"embeddable":true,"href":"https:\/\/longchangchemical.com\/de\/wp-json\/wp\/v2\/media\/4377"}],"wp:attachment":[{"href":"https:\/\/longchangchemical.com\/de\/wp-json\/wp\/v2\/media?parent=4376"}],"wp:term":[{"taxonomy":"product_brand","embeddable":true,"href":"https:\/\/longchangchemical.com\/de\/wp-json\/wp\/v2\/product_brand?post=4376"},{"taxonomy":"product_cat","embeddable":true,"href":"https:\/\/longchangchemical.com\/de\/wp-json\/wp\/v2\/product_cat?post=4376"},{"taxonomy":"product_tag","embeddable":true,"href":"https:\/\/longchangchemical.com\/de\/wp-json\/wp\/v2\/product_tag?post=4376"}],"curies":[{"name":"wp","href":"https:\/\/api.w.org\/{rel}","templated":true}]}}